{"id":5544,"date":"2025-08-15T11:21:25","date_gmt":"2025-08-15T03:21:25","guid":{"rendered":"https:\/\/meskernel.net\/?post_type=product&#038;p=5544"},"modified":"2025-10-14T10:51:35","modified_gmt":"2025-10-14T02:51:35","slug":"micro-laser-distance-sensor","status":"publish","type":"product","link":"https:\/\/meskernel.net\/es\/product\/micro-laser-distance-sensor\/","title":{"rendered":"Sensor de distancia microl\u00e1ser LDL-T M\u00f3dulo 80m Alcance Medici\u00f3n precisa de distancias"},"content":{"rendered":"<h2 data-start=\"386\" data-end=\"460\"><strong data-start=\"389\" data-end=\"458\">Micro Laser Distance Sensor LDL-T Module \u2013 Compact Power, Industrial Precision<\/strong><\/h2>\n<p data-start=\"462\" data-end=\"878\">Unlock next-level distance measurement with the LDL-T, a cutting-edge high-precision laser distance sensor module from Chengdu Meskernel Integrated Technology Co., Ltd. Designed for integration into size- and weight-sensitive systems, this micro laser distance sensor module delivers exceptional accuracy, fast response, and industrial-grade reliability \u2014 all in a package weighing just 2 grams.<\/p>\n<p><img data-dominant-color=\"d2cac9\" data-has-transparency=\"false\" style=\"--dominant-color: #d2cac9;\" fetchpriority=\"high\" decoding=\"async\" class=\"aligncenter wp-image-5545 size-full not-transparent\" src=\"https:\/\/meskernel.net\/wp-content\/uploads\/2025\/08\/Micro-Laser-Distance-Sensor-LDL-T-Module-2.webp\" alt=\"Sensor de distancia microl\u00e1ser LDL-T M\u00f3dulo -2\" width=\"490\" height=\"492\" srcset=\"https:\/\/meskernel.net\/wp-content\/uploads\/2025\/08\/Micro-Laser-Distance-Sensor-LDL-T-Module-2.webp 490w, https:\/\/meskernel.net\/wp-content\/uploads\/2025\/08\/Micro-Laser-Distance-Sensor-LDL-T-Module-2-300x300.webp 300w, https:\/\/meskernel.net\/wp-content\/uploads\/2025\/08\/Micro-Laser-Distance-Sensor-LDL-T-Module-2-150x150.webp 150w, https:\/\/meskernel.net\/wp-content\/uploads\/2025\/08\/Micro-Laser-Distance-Sensor-LDL-T-Module-2-12x12.webp 12w, https:\/\/meskernel.net\/wp-content\/uploads\/2025\/08\/Micro-Laser-Distance-Sensor-LDL-T-Module-2-400x402.webp 400w, https:\/\/meskernel.net\/wp-content\/uploads\/2025\/08\/Micro-Laser-Distance-Sensor-LDL-T-Module-2-100x100.webp 100w\" sizes=\"(max-width: 490px) 100vw, 490px\" \/><\/p>\n<h3 data-start=\"885\" data-end=\"916\"><strong data-start=\"889\" data-end=\"914\">Why Choose the Micro Laser Distance Sensor LDL-T?<\/strong><\/h3>\n<p><img data-dominant-color=\"e7e6e5\" data-has-transparency=\"false\" style=\"--dominant-color: #e7e6e5;\" decoding=\"async\" class=\"aligncenter wp-image-5548 size-full not-transparent\" src=\"https:\/\/meskernel.net\/wp-content\/uploads\/2025\/08\/micro-laser-distance-sensors.webp\" alt=\"micro laser distance sensors\" width=\"495\" height=\"460\" srcset=\"https:\/\/meskernel.net\/wp-content\/uploads\/2025\/08\/micro-laser-distance-sensors.webp 495w, https:\/\/meskernel.net\/wp-content\/uploads\/2025\/08\/micro-laser-distance-sensors-300x279.webp 300w, https:\/\/meskernel.net\/wp-content\/uploads\/2025\/08\/micro-laser-distance-sensors-13x12.webp 13w, https:\/\/meskernel.net\/wp-content\/uploads\/2025\/08\/micro-laser-distance-sensors-400x372.webp 400w\" sizes=\"(max-width: 495px) 100vw, 495px\" \/><\/p>\n<h4 data-start=\"918\" data-end=\"960\"><strong data-start=\"923\" data-end=\"958\">1. Ultracompacto y ligero como una pluma<\/strong><\/h4>\n<p data-start=\"961\" data-end=\"1115\">At 27.87 \u00d7 16.57 \u00d7 7.01 mm and only 2 g, the micro laser distance sensor LDL-T fits effortlessly into UAVs, AGVs, handheld instruments, and other space-constrained devices.<\/p>\n<h4 data-start=\"1117\" data-end=\"1156\"><strong data-start=\"1122\" data-end=\"1154\">2. Alta precisi\u00f3n, largo alcance<\/strong><\/h4>\n<ul data-start=\"1157\" data-end=\"1335\">\n<li data-start=\"1157\" data-end=\"1193\">\n<p data-start=\"1159\" data-end=\"1193\">Rango de medici\u00f3n<strong data-start=\"1159\" data-end=\"1181\">:<\/strong> 0.03-80 m<\/p>\n<\/li>\n<li data-start=\"1194\" data-end=\"1270\">\n<p data-start=\"1196\" data-end=\"1270\">Precisi\u00f3n<strong data-start=\"1196\" data-end=\"1210\">:<\/strong> \u00b11 mm incluso en condiciones de baja reflectividad o luz brillante<\/p>\n<\/li>\n<li data-start=\"1271\" data-end=\"1335\">\n<p data-start=\"1273\" data-end=\"1335\">Lecturas fiables para tareas de corto y largo alcance.<\/p>\n<\/li>\n<\/ul>\n<h4 data-start=\"1337\" data-end=\"1377\"><strong data-start=\"1342\" data-end=\"1375\">3. Medici\u00f3n ultrarr\u00e1pida<\/strong><\/h4>\n<ul data-start=\"1378\" data-end=\"1511\">\n<li data-start=\"1378\" data-end=\"1436\">\n<p data-start=\"1380\" data-end=\"1436\">Frecuencia<strong data-start=\"1380\" data-end=\"1394\">:<\/strong> Hasta 30 Hz para aplicaciones en tiempo real.<\/p>\n<\/li>\n<li data-start=\"1437\" data-end=\"1511\">\n<p data-start=\"1439\" data-end=\"1511\">Perfecto para objetivos m\u00f3viles, l\u00edneas de automatizaci\u00f3n y navegaci\u00f3n rob\u00f3tica.<\/p>\n<\/li>\n<\/ul>\n<h4 data-start=\"1513\" data-end=\"1550\"><strong data-start=\"1518\" data-end=\"1548\">4. Dise\u00f1o energ\u00e9ticamente eficiente<\/strong><\/h4>\n<ul data-start=\"1551\" data-end=\"1682\">\n<li data-start=\"1551\" data-end=\"1614\">\n<p data-start=\"1553\" data-end=\"1614\">Bajo consumo de corriente, ideal para sistemas alimentados por bater\u00eda.<\/p>\n<\/li>\n<li data-start=\"1615\" data-end=\"1682\">\n<p data-start=\"1617\" data-end=\"1682\">Compatible con entradas de alimentaci\u00f3n de pilas secas y de litio.<\/p>\n<\/li>\n<\/ul>\n<h4 data-start=\"1684\" data-end=\"1719\"><strong data-start=\"1689\" data-end=\"1717\">5. Conectividad flexible<\/strong><\/h4>\n<ul data-start=\"1720\" data-end=\"1850\">\n<li data-start=\"1720\" data-end=\"1776\">\n<p data-start=\"1722\" data-end=\"1776\">M\u00faltiples opciones de interfaz: USART, RS232, RS485.<\/p>\n<\/li>\n<li data-start=\"1777\" data-end=\"1850\">\n<p data-start=\"1779\" data-end=\"1850\">Velocidades de transmisi\u00f3n ajustables para una integraci\u00f3n perfecta con los sistemas existentes.<\/p>\n<\/li>\n<\/ul>\n<h4 data-start=\"1852\" data-end=\"1892\"><strong data-start=\"1857\" data-end=\"1890\">6. Seguridad y conformidad probadas<\/strong><\/h4>\n<ul data-start=\"1893\" data-end=\"2030\">\n<li data-start=\"1893\" data-end=\"1964\">\n<p data-start=\"1895\" data-end=\"1964\">L\u00e1ser rojo visible de clase II, seguro para uso industrial y comercial.<\/p>\n<\/li>\n<li data-start=\"1965\" data-end=\"2030\">\n<p data-start=\"1967\" data-end=\"2030\">Certificado CE \/ FCC \/ RoHS \/ FDA para el cumplimiento en todo el mundo.<\/p>\n<\/li>\n<\/ul>\n<h4 data-start=\"2032\" data-end=\"2077\"><strong data-start=\"2037\" data-end=\"2075\">7. Adaptaci\u00f3n a sus necesidades<\/strong><\/h4>\n<p data-start=\"2078\" data-end=\"2223\">\u00bfNecesita ajustes espec\u00edficos de alcance, precisi\u00f3n o comunicaci\u00f3n? Meskernel ofrece una personalizaci\u00f3n completa para adaptarse a los requisitos exactos de su aplicaci\u00f3n.<\/p>\n<hr data-start=\"2225\" data-end=\"2228\" \/>\n<h3 data-start=\"2230\" data-end=\"2260\"><strong data-start=\"2234\" data-end=\"2258\">Aplicaciones t\u00edpicas<\/strong><\/h3>\n<ul data-start=\"2261\" data-end=\"2647\">\n<li data-start=\"2261\" data-end=\"2340\">\n<p data-start=\"2263\" data-end=\"2340\"><strong data-start=\"2263\" data-end=\"2288\">Automatizaci\u00f3n industrial<\/strong> - Posicionamiento, detecci\u00f3n de objetos, control de m\u00e1quinas.<\/p>\n<\/li>\n<li data-start=\"2341\" data-end=\"2416\">\n<p data-start=\"2343\" data-end=\"2416\"><strong data-start=\"2343\" data-end=\"2364\">Drones y rob\u00f3tica<\/strong> - Evitaci\u00f3n de obst\u00e1culos, control de altura, navegaci\u00f3n.<\/p>\n<\/li>\n<li data-start=\"2417\" data-end=\"2480\">\n<p data-start=\"2419\" data-end=\"2480\"><strong data-start=\"2419\" data-end=\"2442\">Topograf\u00eda y cartograf\u00eda<\/strong> - Mediciones de campo de alta precisi\u00f3n.<\/p>\n<\/li>\n<li data-start=\"2481\" data-end=\"2565\">\n<p data-start=\"2483\" data-end=\"2565\"><strong data-start=\"2483\" data-end=\"2502\">Log\u00edstica inteligente<\/strong> - Control autom\u00e1tico de distancias para cintas transportadoras y almacenamiento.<\/p>\n<\/li>\n<li data-start=\"2566\" data-end=\"2647\">\n<p data-start=\"2568\" data-end=\"2647\"><strong data-start=\"2568\" data-end=\"2588\">Dispositivos port\u00e1tiles<\/strong> - Integraci\u00f3n en herramientas de medici\u00f3n port\u00e1tiles o wearables.<\/p>\n<\/li>\n<\/ul>\n<p><img data-dominant-color=\"818380\" data-has-transparency=\"false\" style=\"--dominant-color: #818380;\" decoding=\"async\" class=\"aligncenter wp-image-4836 size-full not-transparent\" src=\"https:\/\/meskernel.net\/wp-content\/uploads\/2025\/07\/application.webp\" alt=\"aplicaci\u00f3n\" width=\"720\" height=\"720\" srcset=\"https:\/\/meskernel.net\/wp-content\/uploads\/2025\/07\/application.webp 720w, https:\/\/meskernel.net\/wp-content\/uploads\/2025\/07\/application-300x300.webp 300w, https:\/\/meskernel.net\/wp-content\/uploads\/2025\/07\/application-150x150.webp 150w, https:\/\/meskernel.net\/wp-content\/uploads\/2025\/07\/application-400x400.webp 400w, https:\/\/meskernel.net\/wp-content\/uploads\/2025\/07\/application-100x100.webp 100w\" sizes=\"(max-width: 720px) 100vw, 720px\" \/><\/p>\n<hr data-start=\"2649\" data-end=\"2652\" \/>\n<h3 data-start=\"2654\" data-end=\"2684\"><strong data-start=\"2658\" data-end=\"2682\">Aspectos t\u00e9cnicos destacados<\/strong><\/h3>\n<div class=\"_tableContainer_1rjym_1\">\n<div class=\"_tableWrapper_1rjym_13 group flex w-fit flex-col-reverse\" tabindex=\"-1\">\n<table class=\"w-fit min-w-(--thread-content-width)\" data-start=\"2685\" data-end=\"3074\">\n<thead data-start=\"2685\" data-end=\"2722\">\n<tr data-start=\"2685\" data-end=\"2722\">\n<th data-start=\"2685\" data-end=\"2705\" data-col-size=\"sm\">Caracter\u00edstica<\/th>\n<th data-start=\"2705\" data-end=\"2722\" data-col-size=\"sm\">Especificaci\u00f3n<\/th>\n<\/tr>\n<\/thead>\n<tbody data-start=\"2760\" data-end=\"3074\">\n<tr data-start=\"2760\" data-end=\"2793\">\n<td data-start=\"2760\" data-end=\"2780\" data-col-size=\"sm\">Gama<\/td>\n<td data-col-size=\"sm\" data-start=\"2780\" data-end=\"2793\">0.03-80 m<\/td>\n<\/tr>\n<tr data-start=\"2794\" data-end=\"2823\">\n<td data-start=\"2794\" data-end=\"2814\" data-col-size=\"sm\">Precisi\u00f3n<\/td>\n<td data-col-size=\"sm\" data-start=\"2814\" data-end=\"2823\">\u00b11 mm<\/td>\n<\/tr>\n<tr data-start=\"2824\" data-end=\"2859\">\n<td data-start=\"2824\" data-end=\"2844\" data-col-size=\"sm\">Frecuencia<\/td>\n<td data-col-size=\"sm\" data-start=\"2844\" data-end=\"2859\">Hasta 30 Hz<\/td>\n<\/tr>\n<tr data-start=\"2860\" data-end=\"2908\">\n<td data-start=\"2860\" data-end=\"2880\" data-col-size=\"sm\">Tipo l\u00e1ser<\/td>\n<td data-col-size=\"sm\" data-start=\"2880\" data-end=\"2908\">610-690 nm (rojo visible)<\/td>\n<\/tr>\n<tr data-start=\"2909\" data-end=\"2956\">\n<td data-start=\"2909\" data-end=\"2929\" data-col-size=\"sm\">Dimensiones<\/td>\n<td data-col-size=\"sm\" data-start=\"2929\" data-end=\"2956\">27,87 \u00d7 16,57 \u00d7 7,01 mm<\/td>\n<\/tr>\n<tr data-start=\"2957\" data-end=\"2984\">\n<td data-start=\"2957\" data-end=\"2977\" data-col-size=\"sm\">Peso<\/td>\n<td data-col-size=\"sm\" data-start=\"2977\" data-end=\"2984\">2 g<\/td>\n<\/tr>\n<tr data-start=\"2985\" data-end=\"3028\">\n<td data-start=\"2985\" data-end=\"3005\" data-col-size=\"sm\">Interfaces<\/td>\n<td data-col-size=\"sm\" data-start=\"3005\" data-end=\"3028\">USART, RS232, RS485<\/td>\n<\/tr>\n<tr data-start=\"3029\" data-end=\"3074\">\n<td data-start=\"3029\" data-end=\"3049\" data-col-size=\"sm\">Certificaciones<\/td>\n<td data-col-size=\"sm\" data-start=\"3049\" data-end=\"3074\">CE \/ FCC \/ RoHS \/ FDA<\/td>\n<\/tr>\n<\/tbody>\n<\/table>\n<\/div>\n<\/div>\n<hr data-start=\"3076\" data-end=\"3079\" \/>\n<p data-start=\"3081\" data-end=\"3399\">\ud83d\ude80 The micro laser distance sensor LDL-T is the perfect choice for engineers, OEMs, and innovators looking to combine miniature size with maximum measurement performance. Whether you\u2019re building industrial equipment, robotics, or smart devices, this laser distance module delivers speed, precision, and durability you can trust.<\/p>\n<p data-start=\"3401\" data-end=\"3555\">\ud83d\udce9 <a href=\"https:\/\/meskernel.net\/es\/pongase-en-contacto-con\/\"><strong data-start=\"3404\" data-end=\"3445\">Pregunte ahora por precios y opciones OEM<\/strong><\/a><\/p>","protected":false},"excerpt":{"rendered":"<p>The micro laser distance sensor LDL-T is a miniature, high-precision 1mm laser distance sensor with a range of up to 80 meters. Ultra-compact 2g laser distance module with \u00b11mm accuracy, 0.03\u201380m range, 30Hz speed, low power, and industrial-grade reliability.<\/p>","protected":false},"featured_media":6091,"template":"","meta":{"site-sidebar-layout":"default","site-content-layout":"","ast-site-content-layout":"default","site-content-style":"default","site-sidebar-style":"default","ast-global-header-display":"","ast-banner-title-visibility":"","ast-main-header-display":"","ast-hfb-above-header-display":"","ast-hfb-below-header-display":"","ast-hfb-mobile-header-display":"","site-post-title":"","ast-breadcrumbs-content":"","ast-featured-img":"","footer-sml-layout":"","ast-disable-related-posts":"","theme-transparent-header-meta":"default","adv-header-id-meta":"","stick-header-meta":"","header-above-stick-meta":"","header-main-stick-meta":"","header-below-stick-meta":"","astra-migrate-meta-layouts":"set","ast-page-background-enabled":"default","ast-page-background-meta":{"desktop":{"background-color":"var(--ast-global-color-4)","background-image":"","background-repeat":"repeat","background-position":"center center","background-size":"auto","background-attachment":"scroll","background-type":"","background-media":"","overlay-type":"","overlay-color":"","overlay-opacity":"","overlay-gradient":""},"tablet":{"background-color":"","background-image":"","background-repeat":"repeat","background-position":"center center","background-size":"auto","background-attachment":"scroll","background-type":"","background-media":"","overlay-type":"","overlay-color":"","overlay-opacity":"","overlay-gradient":""},"mobile":{"background-color":"","background-image":"","background-repeat":"repeat","background-position":"center center","background-size":"auto","background-attachment":"scroll","background-type":"","background-media":"","overlay-type":"","overlay-color":"","overlay-opacity":"","overlay-gradient":""}},"ast-content-background-meta":{"desktop":{"background-color":"var(--ast-global-color-5)","background-image":"","background-repeat":"repeat","background-position":"center center","background-size":"auto","background-attachment":"scroll","background-type":"","background-media":"","overlay-type":"","overlay-color":"","overlay-opacity":"","overlay-gradient":""},"tablet":{"background-color":"var(--ast-global-color-5)","background-image":"","background-repeat":"repeat","background-position":"center center","background-size":"auto","background-attachment":"scroll","background-type":"","background-media":"","overlay-type":"","overlay-color":"","overlay-opacity":"","overlay-gradient":""},"mobile":{"background-color":"var(--ast-global-color-5)","background-image":"","background-repeat":"repeat","background-position":"center center","background-size":"auto","background-attachment":"scroll","background-type":"","background-media":"","overlay-type":"","overlay-color":"","overlay-opacity":"","overlay-gradient":""}}},"product_brand":[],"product_cat":[51],"product_tag":[56],"class_list":{"0":"post-5544","1":"product","2":"type-product","3":"status-publish","4":"has-post-thumbnail","6":"product_cat-laser-distance-sensor","7":"product_tag-hot","8":"desktop-align-center","9":"tablet-align-left","10":"mobile-align-left","12":"first","13":"instock","14":"shipping-taxable","15":"product-type-simple"},"_links":{"self":[{"href":"https:\/\/meskernel.net\/es\/wp-json\/wp\/v2\/product\/5544","targetHints":{"allow":["GET"]}}],"collection":[{"href":"https:\/\/meskernel.net\/es\/wp-json\/wp\/v2\/product"}],"about":[{"href":"https:\/\/meskernel.net\/es\/wp-json\/wp\/v2\/types\/product"}],"version-history":[{"count":0,"href":"https:\/\/meskernel.net\/es\/wp-json\/wp\/v2\/product\/5544\/revisions"}],"wp:featuredmedia":[{"embeddable":true,"href":"https:\/\/meskernel.net\/es\/wp-json\/wp\/v2\/media\/6091"}],"wp:attachment":[{"href":"https:\/\/meskernel.net\/es\/wp-json\/wp\/v2\/media?parent=5544"}],"wp:term":[{"taxonomy":"product_brand","embeddable":true,"href":"https:\/\/meskernel.net\/es\/wp-json\/wp\/v2\/product_brand?post=5544"},{"taxonomy":"product_cat","embeddable":true,"href":"https:\/\/meskernel.net\/es\/wp-json\/wp\/v2\/product_cat?post=5544"},{"taxonomy":"product_tag","embeddable":true,"href":"https:\/\/meskernel.net\/es\/wp-json\/wp\/v2\/product_tag?post=5544"}],"curies":[{"name":"wp","href":"https:\/\/api.w.org\/{rel}","templated":true}]}}