{"id":5854,"date":"2025-09-03T17:44:47","date_gmt":"2025-09-03T09:44:47","guid":{"rendered":"https:\/\/meskernel.net\/?post_type=product&#038;p=5854"},"modified":"2026-01-29T10:08:33","modified_gmt":"2026-01-29T02:08:33","slug":"medicion-de-la-distancia-en-tiempo-real","status":"publish","type":"product","link":"https:\/\/meskernel.net\/es\/product\/real-time-distance-measurement\/","title":{"rendered":"LDJU Sensor de Medici\u00f3n de Distancia en Tiempo Real para UAV 3000Hz Sin Espera"},"content":{"rendered":"<p class=\"\" data-start=\"86\" data-end=\"363\">Nuestro sensor de medici\u00f3n de distancia en tiempo real LDJU de frecuencia ultraalta proporciona mediciones en tiempo real con una precisi\u00f3n milim\u00e9trica en un rango de 0,2 m a 25 m.<\/p>\n<h3 class=\"\" data-start=\"365\" data-end=\"388\"><strong data-start=\"369\" data-end=\"386\">Caracter\u00edsticas principales:<\/strong><\/h3>\n<p class=\"\" data-start=\"389\" data-end=\"1038\">\u2705 <strong data-start=\"391\" data-end=\"421\">Medici\u00f3n de alta frecuencia<\/strong> - Admite un rango ultrarr\u00e1pido de 100 Hz a 3000 Hz, lo que garantiza una salida de datos r\u00e1pida y estable.<br data-start=\"516\" data-end=\"519\" \/>\u2705 <strong data-start=\"521\" data-end=\"551\" data-is-only-node=\"\">Precisi\u00f3n milim\u00e9trica<\/strong> - Proporciona lecturas de distancia muy precisas para la automatizaci\u00f3n industrial y la ingenier\u00eda de precisi\u00f3n.<br data-start=\"649\" data-end=\"652\" \/>\u2705 <strong data-start=\"654\" data-end=\"688\">Carcasa de aleaci\u00f3n de aluminio duradera<\/strong> - La carcasa met\u00e1lica proporciona mayor durabilidad, estabilidad y resistencia a los impactos externos.<br data-start=\"787\" data-end=\"790\" \/>\u2705 <strong data-start=\"792\" data-end=\"819\">A prueba de salpicaduras y polvo<\/strong> - Dise\u00f1ado para entornos dif\u00edciles, ofrece una s\u00f3lida protecci\u00f3n contra el polvo y el agua.<br data-start=\"911\" data-end=\"914\" \/>\u2705 <strong data-start=\"916\" data-end=\"953\">M\u00faltiples interfaces de comunicaci\u00f3n<\/strong> - Admite interfaces USART, RS485 y RS232 para una integraci\u00f3n perfecta en el sistema.<\/p>\n<p class=\"\" data-start=\"1040\" data-end=\"1244\">Ideal para aplicaciones de automatizaci\u00f3n industrial, rob\u00f3tica, log\u00edstica y posicionamiento, este sensor de medici\u00f3n de distancia en tiempo real ofrece una velocidad, precisi\u00f3n y fiabilidad inigualables en la medici\u00f3n de distancias.<\/p>\n<h3>Comparaci\u00f3n de productos<\/h3>\n<p><img data-dominant-color=\"e0e0df\" data-has-transparency=\"false\" style=\"--dominant-color: #e0e0df;\" fetchpriority=\"high\" decoding=\"async\" class=\"alignleft wp-image-5856 size-full not-transparent\" src=\"https:\/\/meskernel.net\/wp-content\/uploads\/2025\/09\/Real-Time-Ranging-Sensor.webp\" alt=\"Sensor de alcance en tiempo real\" width=\"1112\" height=\"339\" srcset=\"https:\/\/meskernel.net\/wp-content\/uploads\/2025\/09\/Real-Time-Ranging-Sensor.webp 1112w, https:\/\/meskernel.net\/wp-content\/uploads\/2025\/09\/Real-Time-Ranging-Sensor-300x91.webp 300w, https:\/\/meskernel.net\/wp-content\/uploads\/2025\/09\/Real-Time-Ranging-Sensor-1024x312.webp 1024w, https:\/\/meskernel.net\/wp-content\/uploads\/2025\/09\/Real-Time-Ranging-Sensor-768x234.webp 768w, https:\/\/meskernel.net\/wp-content\/uploads\/2025\/09\/Real-Time-Ranging-Sensor-18x5.webp 18w, https:\/\/meskernel.net\/wp-content\/uploads\/2025\/09\/Real-Time-Ranging-Sensor-400x122.webp 400w\" sizes=\"(max-width: 1112px) 100vw, 1112px\" \/><\/p>\n<h3 class=\"\" data-start=\"1046\" data-end=\"1070\"><strong data-start=\"1050\" data-end=\"1068\">\u00bfPor qu\u00e9 elegirnos?<\/strong><\/h3>\n<p class=\"\" data-start=\"1071\" data-end=\"1716\">Como profesional <a href=\"https:\/\/www.globalsources.com\/chengdu-meskernel\/showroom_6002100157315.htm\" target=\"_blank\" rel=\"noopener\">fabricante de sensores l\u00e1ser de distancia<\/a>, Ofrecemos servicios de personalizaci\u00f3n OEM y ODM para satisfacer los requisitos espec\u00edficos de su aplicaci\u00f3n. A diferencia de las soluciones est\u00e1ndar, ofrecemos:<br data-start=\"1261\" data-end=\"1264\" \/>\u2714 <strong data-start=\"1266\" data-end=\"1293\">Par\u00e1metros personalizables<\/strong> - Ajuste la frecuencia, la velocidad en baudios, el rango de medici\u00f3n y otros par\u00e1metros para adaptarlos a las necesidades de su proyecto.<br data-start=\"1387\" data-end=\"1390\" \/>\u2714 <strong data-start=\"1392\" data-end=\"1428\">Protocolos de comunicaci\u00f3n flexibles<\/strong> - Adapte el sensor para que se integre perfectamente en su sistema actual.<br data-start=\"1499\" data-end=\"1502\" \/>\u2714 <strong data-start=\"1504\" data-end=\"1530\">Precios directos de f\u00e1brica<\/strong> - Disfruta <strong data-start=\"1539\" data-end=\"1557\">rentable<\/strong> sin intermediarios.<br data-start=\"1594\" data-end=\"1597\" \/>\u2714 <strong data-start=\"1599\" data-end=\"1633\">Asistencia t\u00e9cnica profesional<\/strong> - Nuestro experimentado equipo de I+D garantiza un rendimiento \u00f3ptimo y una r\u00e1pida resoluci\u00f3n de problemas.<\/p>\n<p class=\"\" data-start=\"1718\" data-end=\"1961\">Con m\u00e1s de 20 a\u00f1os de experiencia en tecnolog\u00eda de medici\u00f3n l\u00e1ser, ofrecemos soluciones personalizables de alta calidad que mejoran la eficacia y la precisi\u00f3n en aplicaciones industriales. P\u00f3ngase en contacto con nosotros hoy mismo para hablar de sus requisitos espec\u00edficos.<a href=\"https:\/\/meskernel.net\/es\/descargar\/\"><strong>Descargue el manual de nuestros productos<\/strong><\/a><\/p>\n<h3 data-start=\"177\" data-end=\"228\"><img data-dominant-color=\"6e7975\" data-has-transparency=\"false\" style=\"--dominant-color: #6e7975;\" decoding=\"async\" class=\"aligncenter wp-image-5603 size-full not-transparent\" src=\"https:\/\/meskernel.net\/wp-content\/uploads\/2025\/08\/Meskernel-Laser-Distance-Sensor.webp\" alt=\"Sensor l\u00e1ser de distancia Meskernel\" width=\"750\" height=\"669\" srcset=\"https:\/\/meskernel.net\/wp-content\/uploads\/2025\/08\/Meskernel-Laser-Distance-Sensor.webp 750w, https:\/\/meskernel.net\/wp-content\/uploads\/2025\/08\/Meskernel-Laser-Distance-Sensor-300x268.webp 300w, https:\/\/meskernel.net\/wp-content\/uploads\/2025\/08\/Meskernel-Laser-Distance-Sensor-13x12.webp 13w, https:\/\/meskernel.net\/wp-content\/uploads\/2025\/08\/Meskernel-Laser-Distance-Sensor-400x357.webp 400w\" sizes=\"(max-width: 750px) 100vw, 750px\" \/><\/h3>\n<p><a class=\"wps-ellipsis-parent wps-internal-link\" href=\"https:\/\/meskernel.net\/es\/sensores-laser-monopunto-de-distancia\/\" aria-label=\"C\u00f3mo elegir los mejores sensores l\u00e1ser de distancia de un punto para la carga \u00fatil de su UAV (\/es\/sensores-l\u00e1ser-de-distancia-de-un-punto\/)\"><span class=\"wps-ellipsis-text\">C\u00f3mo elegir los mejores sensores l\u00e1ser monopunto de distancia para la carga \u00fatil de su UAV\u00a0<\/span><\/a><\/p>\n<h3 data-start=\"177\" data-end=\"228\">PREGUNTAS FRECUENTES<\/h3>\n<h5 data-start=\"230\" data-end=\"290\">1. \u00bfQu\u00e9 es un sensor de medici\u00f3n de distancia en tiempo real?<\/h5>\n<p class=\"\" data-start=\"291\" data-end=\"606\">Un sensor de medici\u00f3n de distancia en tiempo real mide la distancia calculando el tiempo que tarda un rayo l\u00e1ser en desplazarse hasta un objetivo y regresar. Este m\u00e9todo proporciona mediciones de distancia r\u00e1pidas, precisas y fiables, por lo que resulta ideal para aplicaciones de automatizaci\u00f3n industrial, rob\u00f3tica y supervisi\u00f3n de precisi\u00f3n.<\/p>\n<hr class=\"\" data-start=\"608\" data-end=\"611\" \/>\n<h5 data-start=\"613\" data-end=\"702\">2. \u00bfCu\u00e1l es el rango de medici\u00f3n de su sensor de medici\u00f3n de distancia en tiempo real?<\/h5>\n<p class=\"\" data-start=\"703\" data-end=\"864\">Nuestro sensor admite un rango de medici\u00f3n de 0,2 metros a 25 metros, lo que garantiza un rendimiento preciso para aplicaciones industriales de corto y medio alcance.<\/p>\n<hr class=\"\" data-start=\"866\" data-end=\"869\" \/>\n<h5 data-start=\"871\" data-end=\"925\">3. \u00bfCu\u00e1l es la precisi\u00f3n del sensor de medici\u00f3n de distancia en tiempo real?<\/h5>\n<p class=\"\" data-start=\"926\" data-end=\"1106\">Este sensor ofrece una precisi\u00f3n milim\u00e9trica, lo que lo hace muy adecuado para entornos que exigen precisi\u00f3n, como la fabricaci\u00f3n, los sistemas de inspecci\u00f3n y el control automatizado.<\/p>\n<hr class=\"\" data-start=\"1746\" data-end=\"1749\" \/>\n<h5 data-start=\"1751\" data-end=\"1802\">4. \u00bfQu\u00e9 interfaces de comunicaci\u00f3n son compatibles?<\/h5>\n<p class=\"\" data-start=\"1803\" data-end=\"2013\">Nuestro sensor l\u00e1ser de distancia por tiempo de vuelo de 1000 Hz admite interfaces USART, RS485 y RS232, lo que permite una integraci\u00f3n f\u00e1cil y flexible en sistemas de control industrial, PLC y plataformas IoT existentes.<\/p>\n<hr class=\"\" data-start=\"2015\" data-end=\"2018\" \/>\n<h5 data-start=\"2020\" data-end=\"2096\">5. \u00bfSe pueden personalizar la frecuencia, la velocidad de transmisi\u00f3n y el alcance del sensor l\u00e1ser?<\/h5>\n<p class=\"\" data-start=\"2097\" data-end=\"2293\">S\u00ed. Como fabricante, ofrecemos soluciones personalizables, que incluyen frecuencia de muestreo, velocidad en baudios y rango de medici\u00f3n ajustables para adaptarse perfectamente a las necesidades espec\u00edficas de su proyecto.<\/p>\n<p class=\"\" data-start=\"3185\" data-end=\"3227\">","protected":false},"excerpt":{"rendered":"<p>Este m\u00f3dulo de sensor de medici\u00f3n de distancia en tiempo real con un rendimiento estable, ampliamente utilizado en la conducci\u00f3n aut\u00f3noma de radar de evitaci\u00f3n de obst\u00e1culos, la log\u00edstica inteligente de protecci\u00f3n del transporte, la marina aeroespacial, la automatizaci\u00f3n industrial y otras \u00e1reas.<\/p>","protected":false},"featured_media":5855,"template":"","meta":{"site-sidebar-layout":"default","site-content-layout":"","ast-site-content-layout":"default","site-content-style":"default","site-sidebar-style":"default","ast-global-header-display":"","ast-banner-title-visibility":"","ast-main-header-display":"","ast-hfb-above-header-display":"","ast-hfb-below-header-display":"","ast-hfb-mobile-header-display":"","site-post-title":"","ast-breadcrumbs-content":"","ast-featured-img":"","footer-sml-layout":"","ast-disable-related-posts":"","theme-transparent-header-meta":"default","adv-header-id-meta":"","stick-header-meta":"","header-above-stick-meta":"","header-main-stick-meta":"","header-below-stick-meta":"","astra-migrate-meta-layouts":"set","ast-page-background-enabled":"default","ast-page-background-meta":{"desktop":{"background-color":"var(--ast-global-color-4)","background-image":"","background-repeat":"repeat","background-position":"center center","background-size":"auto","background-attachment":"scroll","background-type":"","background-media":"","overlay-type":"","overlay-color":"","overlay-opacity":"","overlay-gradient":""},"tablet":{"background-color":"","background-image":"","background-repeat":"repeat","background-position":"center center","background-size":"auto","background-attachment":"scroll","background-type":"","background-media":"","overlay-type":"","overlay-color":"","overlay-opacity":"","overlay-gradient":""},"mobile":{"background-color":"","background-image":"","background-repeat":"repeat","background-position":"center center","background-size":"auto","background-attachment":"scroll","background-type":"","background-media":"","overlay-type":"","overlay-color":"","overlay-opacity":"","overlay-gradient":""}},"ast-content-background-meta":{"desktop":{"background-color":"var(--ast-global-color-5)","background-image":"","background-repeat":"repeat","background-position":"center center","background-size":"auto","background-attachment":"scroll","background-type":"","background-media":"","overlay-type":"","overlay-color":"","overlay-opacity":"","overlay-gradient":""},"tablet":{"background-color":"var(--ast-global-color-5)","background-image":"","background-repeat":"repeat","background-position":"center center","background-size":"auto","background-attachment":"scroll","background-type":"","background-media":"","overlay-type":"","overlay-color":"","overlay-opacity":"","overlay-gradient":""},"mobile":{"background-color":"var(--ast-global-color-5)","background-image":"","background-repeat":"repeat","background-position":"center center","background-size":"auto","background-attachment":"scroll","background-type":"","background-media":"","overlay-type":"","overlay-color":"","overlay-opacity":"","overlay-gradient":""}}},"product_brand":[],"product_cat":[32,52],"product_tag":[],"class_list":{"0":"post-5854","1":"product","2":"type-product","3":"status-publish","4":"has-post-thumbnail","6":"product_cat-high-frequency-ranging-sensor-module","7":"product_cat-phase-distance-sensor","8":"desktop-align-center","9":"tablet-align-left","10":"mobile-align-left","12":"first","13":"instock","14":"shipping-taxable","15":"product-type-simple"},"_links":{"self":[{"href":"https:\/\/meskernel.net\/es\/wp-json\/wp\/v2\/product\/5854","targetHints":{"allow":["GET"]}}],"collection":[{"href":"https:\/\/meskernel.net\/es\/wp-json\/wp\/v2\/product"}],"about":[{"href":"https:\/\/meskernel.net\/es\/wp-json\/wp\/v2\/types\/product"}],"version-history":[{"count":0,"href":"https:\/\/meskernel.net\/es\/wp-json\/wp\/v2\/product\/5854\/revisions"}],"wp:featuredmedia":[{"embeddable":true,"href":"https:\/\/meskernel.net\/es\/wp-json\/wp\/v2\/media\/5855"}],"wp:attachment":[{"href":"https:\/\/meskernel.net\/es\/wp-json\/wp\/v2\/media?parent=5854"}],"wp:term":[{"taxonomy":"product_brand","embeddable":true,"href":"https:\/\/meskernel.net\/es\/wp-json\/wp\/v2\/product_brand?post=5854"},{"taxonomy":"product_cat","embeddable":true,"href":"https:\/\/meskernel.net\/es\/wp-json\/wp\/v2\/product_cat?post=5854"},{"taxonomy":"product_tag","embeddable":true,"href":"https:\/\/meskernel.net\/es\/wp-json\/wp\/v2\/product_tag?post=5854"}],"curies":[{"name":"wp","href":"https:\/\/api.w.org\/{rel}","templated":true}]}}