{"id":6255,"date":"2025-11-17T11:31:04","date_gmt":"2025-11-17T03:31:04","guid":{"rendered":"https:\/\/meskernel.net\/?post_type=product&#038;p=6255"},"modified":"2025-11-17T11:31:05","modified_gmt":"2025-11-17T03:31:05","slug":"silicon-avalanche-photodiode","status":"publish","type":"product","link":"https:\/\/meskernel.net\/es\/product\/silicon-avalanche-photodiode\/","title":{"rendered":"Fotodiodo de avalancha de silicio (APD) - Detectores de alta sensibilidad para aplicaciones LIDAR y de telemetr\u00eda"},"content":{"rendered":"<p data-start=\"445\" data-end=\"848\">Our Silicon Avalanche Photodiode (APDs) are high-performance photodetectors designed for precision optical measurement, long-range detection, and laser-based sensing systems. Featuring high sensitivity, low noise, and fast response speed, these APDs are optimized for applications such as distance measurement, LIDAR, industrial laser detection, and optical instrumentation.<\/p>\n<p data-start=\"850\" data-end=\"1057\">Available in \u03c61.8 mm and \u03c63 mm active area versions, and supporting both 905 nm and 1064 nm wavelengths, they provide excellent detection efficiency across the 400\u20131100 nm spectral range.<\/p>\n<p data-start=\"850\" data-end=\"1057\"><img data-dominant-color=\"efeff0\" data-has-transparency=\"false\" style=\"--dominant-color: #efeff0;\" fetchpriority=\"high\" decoding=\"async\" class=\"alignleft wp-image-6258 size-full not-transparent\" src=\"https:\/\/meskernel.net\/wp-content\/uploads\/2025\/11\/LIDAR-photodiode.webp\" alt=\"LIDAR photodiode\" width=\"1000\" height=\"656\" srcset=\"https:\/\/meskernel.net\/wp-content\/uploads\/2025\/11\/LIDAR-photodiode.webp 1000w, https:\/\/meskernel.net\/wp-content\/uploads\/2025\/11\/LIDAR-photodiode-300x197.webp 300w, https:\/\/meskernel.net\/wp-content\/uploads\/2025\/11\/LIDAR-photodiode-768x504.webp 768w, https:\/\/meskernel.net\/wp-content\/uploads\/2025\/11\/LIDAR-photodiode-18x12.webp 18w, https:\/\/meskernel.net\/wp-content\/uploads\/2025\/11\/LIDAR-photodiode-400x262.webp 400w\" sizes=\"(max-width: 1000px) 100vw, 1000px\" \/><\/p>\n<h1 data-start=\"1064\" data-end=\"1082\"><strong data-start=\"1066\" data-end=\"1082\">Caracter\u00edsticas principales<\/strong><\/h1>\n<ul data-start=\"1083\" data-end=\"1687\">\n<li data-start=\"1083\" data-end=\"1217\">\n<p data-start=\"1085\" data-end=\"1217\"><strong data-start=\"1085\" data-end=\"1117\">High Sensitivity &amp; Low Noise<\/strong><br data-start=\"1117\" data-end=\"1120\" \/>Ensures accurate detection of weak optical signals in long-distance and low-light environments.<\/p>\n<\/li>\n<li data-start=\"1219\" data-end=\"1330\">\n<p data-start=\"1221\" data-end=\"1330\"><strong data-start=\"1221\" data-end=\"1243\">Tiempo de respuesta r\u00e1pido<\/strong><br data-start=\"1243\" data-end=\"1246\" \/>Suitable for high-frequency ranging systems, TOF measurement, and pulse detection.<\/p>\n<\/li>\n<li data-start=\"1332\" data-end=\"1450\">\n<p data-start=\"1334\" data-end=\"1450\"><strong data-start=\"1334\" data-end=\"1361\">High Gain &amp; Reliability<\/strong><br data-start=\"1361\" data-end=\"1364\" \/>Stable multiplication factor with consistent performance across temperature changes.<\/p>\n<\/li>\n<li data-start=\"1452\" data-end=\"1563\">\n<p data-start=\"1454\" data-end=\"1563\"><strong data-start=\"1454\" data-end=\"1480\">Wide Spectral Response<\/strong><br data-start=\"1480\" data-end=\"1483\" \/>400\u20131100 nm response range with peak sensitivity at 905 nm or 1064 nm.<\/p>\n<\/li>\n<li data-start=\"1565\" data-end=\"1687\">\n<p data-start=\"1567\" data-end=\"1687\"><strong data-start=\"1567\" data-end=\"1598\">Robust TO-5 Metal Packaging<\/strong><br data-start=\"1598\" data-end=\"1601\" \/>With glass window for durability and long-term stability in industrial environments.<\/p>\n<\/li>\n<\/ul>\n<hr data-start=\"1689\" data-end=\"1692\" \/>\n<h1 data-start=\"1694\" data-end=\"1720\"><strong data-start=\"1696\" data-end=\"1720\">Aplicaciones t\u00edpicas<\/strong><\/h1>\n<ul data-start=\"1721\" data-end=\"2023\">\n<li data-start=\"1721\" data-end=\"1769\">\n<p data-start=\"1723\" data-end=\"1769\"><strong data-start=\"1723\" data-end=\"1767\">Laser distance measurement &amp; TOF sensing<\/strong><\/p>\n<\/li>\n<li data-start=\"1770\" data-end=\"1823\">\n<p data-start=\"1772\" data-end=\"1823\"><strong data-start=\"1772\" data-end=\"1821\">LIDAR systems (robotics, UAV, AGV, surveying)<\/strong><\/p>\n<\/li>\n<li data-start=\"1824\" data-end=\"1869\">\n<p data-start=\"1826\" data-end=\"1869\"><strong data-start=\"1826\" data-end=\"1867\">Industrial automation laser detectors<\/strong><\/p>\n<\/li>\n<li data-start=\"1870\" data-end=\"1917\">\n<p data-start=\"1872\" data-end=\"1917\"><strong data-start=\"1872\" data-end=\"1915\">Optical communication &amp; pulse detection<\/strong><\/p>\n<\/li>\n<li data-start=\"1918\" data-end=\"1959\">\n<p data-start=\"1920\" data-end=\"1959\"><strong data-start=\"1920\" data-end=\"1957\">Non-contact measurement equipment<\/strong><\/p>\n<\/li>\n<li data-start=\"1960\" data-end=\"2023\">\n<p data-start=\"1962\" data-end=\"2023\"><strong data-start=\"1962\" data-end=\"2023\">Scientific instruments &amp; photoelectric conversion systems<\/strong><\/p>\n<\/li>\n<\/ul>\n<hr data-start=\"2025\" data-end=\"2028\" \/>\n<h1 data-start=\"2030\" data-end=\"2050\"><strong data-start=\"2032\" data-end=\"2050\">Product Lineup<\/strong><\/h1>\n<h2 data-start=\"2051\" data-end=\"2107\"><strong data-start=\"2054\" data-end=\"2107\">1. APD \u03c61.8 \u2013 905 nm Silicon Avalanche Photodiode<\/strong><\/h2>\n<ul data-start=\"2108\" data-end=\"2336\">\n<li data-start=\"2108\" data-end=\"2133\">\n<p data-start=\"2110\" data-end=\"2133\">Active area: <strong data-start=\"2123\" data-end=\"2133\">1.8 mm<\/strong><\/p>\n<\/li>\n<li data-start=\"2134\" data-end=\"2179\">\n<p data-start=\"2136\" data-end=\"2179\">Responsivity: <strong data-start=\"2150\" data-end=\"2179\">50\u201355 A\/W @ 905 nm, M=100<\/strong><\/p>\n<\/li>\n<li data-start=\"2180\" data-end=\"2201\">\n<p data-start=\"2182\" data-end=\"2201\">Rise time: <strong data-start=\"2193\" data-end=\"2201\">3 ns<\/strong><\/p>\n<\/li>\n<li data-start=\"2202\" data-end=\"2228\">\n<p data-start=\"2204\" data-end=\"2228\">Dark current: <strong data-start=\"2218\" data-end=\"2228\">3\u20138 nA<\/strong><\/p>\n<\/li>\n<li data-start=\"2229\" data-end=\"2261\">\n<p data-start=\"2231\" data-end=\"2261\">Terminal capacitance: <strong data-start=\"2253\" data-end=\"2261\">8 pF<\/strong><\/p>\n<\/li>\n<li data-start=\"2262\" data-end=\"2296\">\n<p data-start=\"2264\" data-end=\"2296\">Breakdown voltage: <strong data-start=\"2283\" data-end=\"2296\">120\u2013300 V<\/strong><\/p>\n<\/li>\n<li data-start=\"2297\" data-end=\"2336\">\n<p data-start=\"2299\" data-end=\"2336\">Temperature coefficient: <strong data-start=\"2324\" data-end=\"2336\">1.3 V\/\u00b0C<\/strong><\/p>\n<\/li>\n<\/ul>\n<hr data-start=\"2338\" data-end=\"2341\" \/>\n<h2 data-start=\"2343\" data-end=\"2397\"><strong data-start=\"2346\" data-end=\"2397\">2. APD \u03c63 \u2013 905 nm Silicon Avalanche Photodiode<\/strong><\/h2>\n<ul data-start=\"2398\" data-end=\"2623\">\n<li data-start=\"2398\" data-end=\"2423\">\n<p data-start=\"2400\" data-end=\"2423\">Active area: <strong data-start=\"2413\" data-end=\"2423\">3.0 mm<\/strong><\/p>\n<\/li>\n<li data-start=\"2424\" data-end=\"2462\">\n<p data-start=\"2426\" data-end=\"2462\">Responsivity: <strong data-start=\"2440\" data-end=\"2462\">50\u201355 A\/W @ 905 nm<\/strong><\/p>\n<\/li>\n<li data-start=\"2463\" data-end=\"2485\">\n<p data-start=\"2465\" data-end=\"2485\">Rise time: <strong data-start=\"2476\" data-end=\"2485\">10 ns<\/strong><\/p>\n<\/li>\n<li data-start=\"2486\" data-end=\"2514\">\n<p data-start=\"2488\" data-end=\"2514\">Dark current: <strong data-start=\"2502\" data-end=\"2514\">15\u201350 nA<\/strong><\/p>\n<\/li>\n<li data-start=\"2515\" data-end=\"2548\">\n<p data-start=\"2517\" data-end=\"2548\">Terminal capacitance: <strong data-start=\"2539\" data-end=\"2548\">20 pF<\/strong><\/p>\n<\/li>\n<li data-start=\"2549\" data-end=\"2583\">\n<p data-start=\"2551\" data-end=\"2583\">Breakdown voltage: <strong data-start=\"2570\" data-end=\"2583\">120\u2013300 V<\/strong><\/p>\n<\/li>\n<li data-start=\"2584\" data-end=\"2623\">\n<p data-start=\"2586\" data-end=\"2623\">Temperature coefficient: <strong data-start=\"2611\" data-end=\"2623\">1.3 V\/\u00b0C<\/strong><\/p>\n<\/li>\n<\/ul>\n<hr data-start=\"2625\" data-end=\"2628\" \/>\n<h2 data-start=\"2630\" data-end=\"2687\"><strong data-start=\"2633\" data-end=\"2687\">3. APD \u03c61.8 \u2013 1064 nm Silicon Avalanche Photodiode<\/strong><\/h2>\n<p><img data-dominant-color=\"f3f4f5\" data-has-transparency=\"false\" style=\"--dominant-color: #f3f4f5;\" decoding=\"async\" class=\"wp-image-6262 size-full aligncenter not-transparent\" src=\"https:\/\/meskernel.net\/wp-content\/uploads\/2025\/11\/silicon-avalanche-photodiode-APD-1064nm.webp\" alt=\"\" width=\"1000\" height=\"771\" srcset=\"https:\/\/meskernel.net\/wp-content\/uploads\/2025\/11\/silicon-avalanche-photodiode-APD-1064nm.webp 1000w, https:\/\/meskernel.net\/wp-content\/uploads\/2025\/11\/silicon-avalanche-photodiode-APD-1064nm-300x231.webp 300w, https:\/\/meskernel.net\/wp-content\/uploads\/2025\/11\/silicon-avalanche-photodiode-APD-1064nm-768x592.webp 768w, https:\/\/meskernel.net\/wp-content\/uploads\/2025\/11\/silicon-avalanche-photodiode-APD-1064nm-16x12.webp 16w, https:\/\/meskernel.net\/wp-content\/uploads\/2025\/11\/silicon-avalanche-photodiode-APD-1064nm-400x308.webp 400w\" sizes=\"(max-width: 1000px) 100vw, 1000px\" \/><\/p>\n<ul data-start=\"2688\" data-end=\"2910\">\n<li data-start=\"2688\" data-end=\"2713\">\n<p data-start=\"2690\" data-end=\"2713\">Active area: <strong data-start=\"2703\" data-end=\"2713\">1.8 mm<\/strong><\/p>\n<\/li>\n<li data-start=\"2714\" data-end=\"2750\">\n<p data-start=\"2716\" data-end=\"2750\">Responsivity: <strong data-start=\"2730\" data-end=\"2750\">28 A\/W @ 1064 nm<\/strong><\/p>\n<\/li>\n<li data-start=\"2751\" data-end=\"2773\">\n<p data-start=\"2753\" data-end=\"2773\">Rise time: <strong data-start=\"2764\" data-end=\"2773\">15 ns<\/strong><\/p>\n<\/li>\n<li data-start=\"2774\" data-end=\"2802\">\n<p data-start=\"2776\" data-end=\"2802\">Dark current: <strong data-start=\"2790\" data-end=\"2802\">20\u201350 nA<\/strong><\/p>\n<\/li>\n<li data-start=\"2803\" data-end=\"2835\">\n<p data-start=\"2805\" data-end=\"2835\">Terminal capacitance: <strong data-start=\"2827\" data-end=\"2835\">5 pF<\/strong><\/p>\n<\/li>\n<li data-start=\"2836\" data-end=\"2870\">\n<p data-start=\"2838\" data-end=\"2870\">Breakdown voltage: <strong data-start=\"2857\" data-end=\"2870\">360\u2013480 V<\/strong><\/p>\n<\/li>\n<li data-start=\"2871\" data-end=\"2910\">\n<p data-start=\"2873\" data-end=\"2910\">Temperature coefficient: <strong data-start=\"2898\" data-end=\"2910\">2.6 V\/\u00b0C<\/strong><\/p>\n<\/li>\n<\/ul>\n<hr data-start=\"2912\" data-end=\"2915\" \/>\n<h2 data-start=\"2917\" data-end=\"2972\"><strong data-start=\"2920\" data-end=\"2972\">4. APD \u03c63 \u2013 1064 nm Silicon Avalanche Photodiode<\/strong><\/h2>\n<ul data-start=\"2973\" data-end=\"3195\">\n<li data-start=\"2973\" data-end=\"2998\">\n<p data-start=\"2975\" data-end=\"2998\">Active area: <strong data-start=\"2988\" data-end=\"2998\">3.0 mm<\/strong><\/p>\n<\/li>\n<li data-start=\"2999\" data-end=\"3035\">\n<p data-start=\"3001\" data-end=\"3035\">Responsivity: <strong data-start=\"3015\" data-end=\"3035\">36 A\/W @ 1064 nm<\/strong><\/p>\n<\/li>\n<li data-start=\"3036\" data-end=\"3058\">\n<p data-start=\"3038\" data-end=\"3058\">Rise time: <strong data-start=\"3049\" data-end=\"3058\">20 ns<\/strong><\/p>\n<\/li>\n<li data-start=\"3059\" data-end=\"3087\">\n<p data-start=\"3061\" data-end=\"3087\">Dark current: <strong data-start=\"3075\" data-end=\"3087\">40\u201380 nA<\/strong><\/p>\n<\/li>\n<li data-start=\"3088\" data-end=\"3120\">\n<p data-start=\"3090\" data-end=\"3120\">Terminal capacitance: <strong data-start=\"3112\" data-end=\"3120\">7 pF<\/strong><\/p>\n<\/li>\n<li data-start=\"3121\" data-end=\"3155\">\n<p data-start=\"3123\" data-end=\"3155\">Breakdown voltage: <strong data-start=\"3142\" data-end=\"3155\">360\u2013480 V<\/strong><\/p>\n<\/li>\n<li data-start=\"3156\" data-end=\"3195\">\n<p data-start=\"3158\" data-end=\"3195\">Temperature coefficient: <strong data-start=\"3183\" data-end=\"3195\">3.3 V\/\u00b0C<\/strong><\/p>\n<\/li>\n<\/ul>\n<hr data-start=\"3197\" data-end=\"3200\" \/>\n<h1 data-start=\"3202\" data-end=\"3240\"><strong data-start=\"3204\" data-end=\"3240\">Recommended Operating Conditions<\/strong><\/h1>\n<ul data-start=\"3241\" data-end=\"3312\">\n<li data-start=\"3241\" data-end=\"3267\">\n<p data-start=\"3243\" data-end=\"3267\">Reverse bias operation<\/p>\n<\/li>\n<li data-start=\"3268\" data-end=\"3312\">\n<p data-start=\"3270\" data-end=\"3312\">Recommended working voltage: <strong data-start=\"3299\" data-end=\"3312\">90% \u00d7 VBR<\/strong><\/p>\n<\/li>\n<\/ul>\n<hr data-start=\"3314\" data-end=\"3317\" \/>\n<h1 data-start=\"3319\" data-end=\"3349\"><strong data-start=\"3321\" data-end=\"3349\">Absolute Maximum Ratings<\/strong><\/h1>\n<ul data-start=\"3350\" data-end=\"3568\">\n<li data-start=\"3350\" data-end=\"3395\">\n<p data-start=\"3352\" data-end=\"3395\">Operating temperature: <strong data-start=\"3375\" data-end=\"3393\">\u201345\u00b0C to +85\u00b0C<\/strong><\/p>\n<\/li>\n<li data-start=\"3396\" data-end=\"3440\">\n<p data-start=\"3398\" data-end=\"3440\">Storage temperature: <strong data-start=\"3419\" data-end=\"3438\">\u201355\u00b0C to +100\u00b0C<\/strong><\/p>\n<\/li>\n<li data-start=\"3441\" data-end=\"3492\">\n<p data-start=\"3443\" data-end=\"3492\">Maximum soldering temperature: <strong data-start=\"3474\" data-end=\"3490\">260\u00b0C (10 s)<\/strong><\/p>\n<\/li>\n<li data-start=\"3493\" data-end=\"3535\">\n<p data-start=\"3495\" data-end=\"3535\">Maximum reverse voltage: <strong data-start=\"3520\" data-end=\"3533\">95% \u00d7 VBR<\/strong><\/p>\n<\/li>\n<li data-start=\"3536\" data-end=\"3568\">\n<p data-start=\"3538\" data-end=\"3568\">Max forward current: <strong data-start=\"3559\" data-end=\"3568\">10 mA<\/strong><\/p>\n<\/li>\n<\/ul>\n<hr data-start=\"3570\" data-end=\"3573\" \/>\n<h1 data-start=\"3575\" data-end=\"3601\"><strong data-start=\"3577\" data-end=\"3601\">Mechanical Structure<\/strong><\/h1>\n<p><img data-dominant-color=\"f2f4f5\" data-has-transparency=\"false\" style=\"--dominant-color: #f2f4f5;\" decoding=\"async\" class=\"wp-image-6257 size-full aligncenter not-transparent\" src=\"https:\/\/meskernel.net\/wp-content\/uploads\/2025\/11\/silicon-avalanche-photodiode-APD-905nm.webp\" alt=\"silicon avalanche photodiode APD 905nm\" width=\"1000\" height=\"419\" srcset=\"https:\/\/meskernel.net\/wp-content\/uploads\/2025\/11\/silicon-avalanche-photodiode-APD-905nm.webp 1000w, https:\/\/meskernel.net\/wp-content\/uploads\/2025\/11\/silicon-avalanche-photodiode-APD-905nm-300x126.webp 300w, https:\/\/meskernel.net\/wp-content\/uploads\/2025\/11\/silicon-avalanche-photodiode-APD-905nm-768x322.webp 768w, https:\/\/meskernel.net\/wp-content\/uploads\/2025\/11\/silicon-avalanche-photodiode-APD-905nm-18x8.webp 18w, https:\/\/meskernel.net\/wp-content\/uploads\/2025\/11\/silicon-avalanche-photodiode-APD-905nm-400x168.webp 400w\" sizes=\"(max-width: 1000px) 100vw, 1000px\" \/><\/p>\n<ul data-start=\"3602\" data-end=\"3749\">\n<li data-start=\"3602\" data-end=\"3635\">\n<p data-start=\"3604\" data-end=\"3635\">Package: <strong data-start=\"3613\" data-end=\"3635\">TO-5 metal housing<\/strong><\/p>\n<\/li>\n<li data-start=\"3636\" data-end=\"3670\">\n<p data-start=\"3638\" data-end=\"3670\">Window: <strong data-start=\"3646\" data-end=\"3670\">Glass optical window<\/strong><\/p>\n<\/li>\n<li data-start=\"3671\" data-end=\"3749\">\n<p data-start=\"3673\" data-end=\"3749\">Pin assignment:<br data-start=\"3688\" data-end=\"3691\" \/><strong data-start=\"3693\" data-end=\"3710\">Pin 1 = Anode<\/strong>, <strong data-start=\"3712\" data-end=\"3731\">Pin 2 = Cathode<\/strong>, <strong data-start=\"3733\" data-end=\"3749\">Pin 3 = Case<\/strong><\/p>\n<\/li>\n<\/ul>\n<hr data-start=\"3751\" data-end=\"3754\" \/>\n<h1 data-start=\"3756\" data-end=\"3785\"><strong data-start=\"3758\" data-end=\"3785\">Handling &amp; Safety Notes<\/strong><\/h1>\n<ul data-start=\"3786\" data-end=\"4056\">\n<li data-start=\"3786\" data-end=\"3897\">\n<p data-start=\"3788\" data-end=\"3897\">The APD must operate under correct reverse bias polarity. Reversed polarity may cause permanent damage.<\/p>\n<\/li>\n<li data-start=\"3898\" data-end=\"3989\">\n<p data-start=\"3900\" data-end=\"3989\">Proper ESD protection is required during installation, transportation, and storage.<\/p>\n<\/li>\n<li data-start=\"3990\" data-end=\"4056\">\n<p data-start=\"3992\" data-end=\"4056\">Ensure clean and stable power supply for optimal gain stability.<\/p>\n<\/li>\n<\/ul>\n<hr data-start=\"4058\" data-end=\"4061\" \/>\n<h1 data-start=\"4063\" data-end=\"4097\"><strong data-start=\"4065\" data-end=\"4097\">Why Choose Our Silicon APDs?<\/strong><\/h1>\n<ul data-start=\"4098\" data-end=\"4377\">\n<li data-start=\"4098\" data-end=\"4156\">\n<p data-start=\"4100\" data-end=\"4156\">Optimized for laser distance sensing and LIDAR<\/p>\n<\/li>\n<li data-start=\"4157\" data-end=\"4211\">\n<p data-start=\"4159\" data-end=\"4211\">Consistent performance across extreme temperatures<\/p>\n<\/li>\n<li data-start=\"4212\" data-end=\"4248\">\n<p data-start=\"4214\" data-end=\"4248\">Excellent cost-performance ratio<\/p>\n<\/li>\n<li data-start=\"4249\" data-end=\"4311\">\n<p data-start=\"4251\" data-end=\"4311\">Industrial-grade packaging suitable for harsh environments<\/p>\n<\/li>\n<li data-start=\"4312\" data-end=\"4377\">\n<p data-start=\"4314\" data-end=\"4377\">Compatible with most laser wavelength systems (905 nm, 1064 nm)<\/p>\n<\/li>\n<\/ul>","protected":false},"excerpt":{"rendered":"<p>Fotodiodo de avalancha (APD) de silicio de alto rendimiento para LIDAR, medici\u00f3n l\u00e1ser de distancias y detecci\u00f3n \u00f3ptica. Respuesta r\u00e1pida, bajo ruido y optimizado para aplicaciones de 905 nm y 1064 nm.<\/p>","protected":false},"featured_media":6259,"template":"","meta":{"site-sidebar-layout":"default","site-content-layout":"","ast-site-content-layout":"default","site-content-style":"default","site-sidebar-style":"default","ast-global-header-display":"","ast-banner-title-visibility":"","ast-main-header-display":"","ast-hfb-above-header-display":"","ast-hfb-below-header-display":"","ast-hfb-mobile-header-display":"","site-post-title":"","ast-breadcrumbs-content":"","ast-featured-img":"","footer-sml-layout":"","ast-disable-related-posts":"","theme-transparent-header-meta":"default","adv-header-id-meta":"","stick-header-meta":"","header-above-stick-meta":"","header-main-stick-meta":"","header-below-stick-meta":"","astra-migrate-meta-layouts":"set","ast-page-background-enabled":"default","ast-page-background-meta":{"desktop":{"background-color":"var(--ast-global-color-4)","background-image":"","background-repeat":"repeat","background-position":"center center","background-size":"auto","background-attachment":"scroll","background-type":"","background-media":"","overlay-type":"","overlay-color":"","overlay-opacity":"","overlay-gradient":""},"tablet":{"background-color":"","background-image":"","background-repeat":"repeat","background-position":"center center","background-size":"auto","background-attachment":"scroll","background-type":"","background-media":"","overlay-type":"","overlay-color":"","overlay-opacity":"","overlay-gradient":""},"mobile":{"background-color":"","background-image":"","background-repeat":"repeat","background-position":"center center","background-size":"auto","background-attachment":"scroll","background-type":"","background-media":"","overlay-type":"","overlay-color":"","overlay-opacity":"","overlay-gradient":""}},"ast-content-background-meta":{"desktop":{"background-color":"var(--ast-global-color-5)","background-image":"","background-repeat":"repeat","background-position":"center center","background-size":"auto","background-attachment":"scroll","background-type":"","background-media":"","overlay-type":"","overlay-color":"","overlay-opacity":"","overlay-gradient":""},"tablet":{"background-color":"var(--ast-global-color-5)","background-image":"","background-repeat":"repeat","background-position":"center center","background-size":"auto","background-attachment":"scroll","background-type":"","background-media":"","overlay-type":"","overlay-color":"","overlay-opacity":"","overlay-gradient":""},"mobile":{"background-color":"var(--ast-global-color-5)","background-image":"","background-repeat":"repeat","background-position":"center center","background-size":"auto","background-attachment":"scroll","background-type":"","background-media":"","overlay-type":"","overlay-color":"","overlay-opacity":"","overlay-gradient":""}}},"product_brand":[],"product_cat":[62],"product_tag":[],"class_list":{"0":"post-6255","1":"product","2":"type-product","3":"status-publish","4":"has-post-thumbnail","6":"product_cat-detectors-components","7":"desktop-align-center","8":"tablet-align-left","9":"mobile-align-left","11":"first","12":"instock","13":"shipping-taxable","14":"product-type-simple"},"_links":{"self":[{"href":"https:\/\/meskernel.net\/es\/wp-json\/wp\/v2\/product\/6255","targetHints":{"allow":["GET"]}}],"collection":[{"href":"https:\/\/meskernel.net\/es\/wp-json\/wp\/v2\/product"}],"about":[{"href":"https:\/\/meskernel.net\/es\/wp-json\/wp\/v2\/types\/product"}],"version-history":[{"count":0,"href":"https:\/\/meskernel.net\/es\/wp-json\/wp\/v2\/product\/6255\/revisions"}],"wp:featuredmedia":[{"embeddable":true,"href":"https:\/\/meskernel.net\/es\/wp-json\/wp\/v2\/media\/6259"}],"wp:attachment":[{"href":"https:\/\/meskernel.net\/es\/wp-json\/wp\/v2\/media?parent=6255"}],"wp:term":[{"taxonomy":"product_brand","embeddable":true,"href":"https:\/\/meskernel.net\/es\/wp-json\/wp\/v2\/product_brand?post=6255"},{"taxonomy":"product_cat","embeddable":true,"href":"https:\/\/meskernel.net\/es\/wp-json\/wp\/v2\/product_cat?post=6255"},{"taxonomy":"product_tag","embeddable":true,"href":"https:\/\/meskernel.net\/es\/wp-json\/wp\/v2\/product_tag?post=6255"}],"curies":[{"name":"wp","href":"https:\/\/api.w.org\/{rel}","templated":true}]}}