{"id":6996,"date":"2026-02-06T15:48:18","date_gmt":"2026-02-06T07:48:18","guid":{"rendered":"https:\/\/meskernel.net\/?post_type=product&#038;p=6996"},"modified":"2026-02-06T15:57:31","modified_gmt":"2026-02-06T07:57:31","slug":"sensor-laser-de-distancia-de-alta-velocidad","status":"publish","type":"product","link":"https:\/\/meskernel.net\/es\/product\/high-speed-laser-distance-sensor\/","title":{"rendered":"LDJU Sensor l\u00e1ser de distancia de alta velocidad (hasta 10 kHz)"},"content":{"rendered":"<h3 data-start=\"350\" data-end=\"427\">Medici\u00f3n de distancias con precisi\u00f3n milim\u00e9trica para sistemas industriales en tiempo real<\/h3>\n<p data-start=\"429\" data-end=\"769\">El sensor l\u00e1ser de distancia de alta velocidad LDJU est\u00e1 dise\u00f1ado para aplicaciones que requieren una respuesta ultrarr\u00e1pida, una salida continua estable y una precisi\u00f3n milim\u00e9trica.<br data-start=\"598\" data-end=\"601\" \/>Con una frecuencia de medici\u00f3n m\u00e1xima de 10.000 mediciones por segundo, LDJU es ideal para la automatizaci\u00f3n industrial, el control de movimiento y los sistemas de retroalimentaci\u00f3n en tiempo real.<\/p>\n<p data-start=\"429\" data-end=\"769\"><img data-dominant-color=\"b8bcc9\" data-has-transparency=\"true\" style=\"--dominant-color: #b8bcc9;\" fetchpriority=\"high\" decoding=\"async\" class=\"alignleft wp-image-7001 has-transparency\" src=\"https:\/\/meskernel.net\/wp-content\/uploads\/2026\/02\/LDJU-Laser-Distance-Sensor-300x244.webp\" alt=\"Sensor l\u00e1ser de distancia LDJU\" width=\"400\" height=\"326\" srcset=\"https:\/\/meskernel.net\/wp-content\/uploads\/2026\/02\/LDJU-Laser-Distance-Sensor-300x244.webp 300w, https:\/\/meskernel.net\/wp-content\/uploads\/2026\/02\/LDJU-Laser-Distance-Sensor-768x626.webp 768w, https:\/\/meskernel.net\/wp-content\/uploads\/2026\/02\/LDJU-Laser-Distance-Sensor-15x12.webp 15w, https:\/\/meskernel.net\/wp-content\/uploads\/2026\/02\/LDJU-Laser-Distance-Sensor-400x326.webp 400w, https:\/\/meskernel.net\/wp-content\/uploads\/2026\/02\/LDJU-Laser-Distance-Sensor.webp 945w\" sizes=\"(max-width: 400px) 100vw, 400px\" \/><\/p>\n<p data-start=\"771\" data-end=\"789\"><strong data-start=\"771\" data-end=\"789\">Aspectos m\u00e1s destacados<\/strong><\/p>\n<ul data-start=\"790\" data-end=\"1038\">\n<li data-start=\"790\" data-end=\"841\">\n<p data-start=\"792\" data-end=\"841\">Frecuencia de medici\u00f3n continua de hasta 10 kHz<\/p>\n<\/li>\n<li data-start=\"842\" data-end=\"878\">\n<p data-start=\"844\" data-end=\"878\"><strong data-start=\"844\" data-end=\"869\">\u00b1<\/strong>(3 mm + D \u00d7 1\/10000) precisi\u00f3n<\/p>\n<\/li>\n<li data-start=\"879\" data-end=\"900\">\n<p data-start=\"881\" data-end=\"900\">Resoluci\u00f3n de 1 mm<\/p>\n<\/li>\n<li data-start=\"901\" data-end=\"943\">\n<p data-start=\"903\" data-end=\"943\">Tecnolog\u00eda de medici\u00f3n por diferencia de fase iToF<\/p>\n<\/li>\n<li data-start=\"944\" data-end=\"979\">\n<p data-start=\"946\" data-end=\"979\">Compatible con TTL \/ USB \/ RS232 \/ RS485<\/p>\n<\/li>\n<li data-start=\"980\" data-end=\"1038\">\n<p data-start=\"982\" data-end=\"1038\">Preparado para OEM con protocolo ASCII y compatibilidad con actualizaciones de firmware<\/p>\n<\/li>\n<\/ul>\n<hr data-start=\"1040\" data-end=\"1043\" \/>\n<h2 data-start=\"1045\" data-end=\"1094\"><strong data-start=\"1048\" data-end=\"1094\">\u00bfQu\u00e9 es el sensor l\u00e1ser de distancia LDJU?<\/strong><\/h2>\n<p data-start=\"1096\" data-end=\"1403\">El LDJU es un sensor l\u00e1ser de distancia de alta velocidad, compacto e industrial, basado en la tecnolog\u00eda de medici\u00f3n indirecta por diferencia de fase en tiempo de vuelo (iToF).<br data-start=\"1257\" data-end=\"1260\" \/>Mide continuamente la distancia entre el sensor y un objetivo analizando el desfase entre las se\u00f1ales l\u00e1ser emitidas y reflejadas.<\/p>\n<p data-start=\"1405\" data-end=\"1606\">En comparaci\u00f3n con los sensores de distancia convencionales, el LDJU se centra en la salida de alta frecuencia combinada con una precisi\u00f3n estable, lo que lo hace adecuado para sistemas din\u00e1micos en los que la informaci\u00f3n sobre la distancia en tiempo real es fundamental.<\/p>\n<p data-start=\"1405\" data-end=\"1606\"><a href=\"https:\/\/www.youtube.com\/@Meskernelnet\/videos\" target=\"_blank\" rel=\"noopener\">Vea una prueba de rendimiento real del sensor l\u00e1ser de distancia de alta velocidad LDJU<\/a>, incluyendo la salida continua de 10 kHz y la estabilidad de la se\u00f1al.<\/p>\n<hr data-start=\"1608\" data-end=\"1611\" \/>\n<h2 data-start=\"1613\" data-end=\"1639\"><strong data-start=\"1616\" data-end=\"1639\">\u00bfPor qu\u00e9 elegir LDJU?<\/strong><\/h2>\n<p>&nbsp;<\/p>\n<h3 data-start=\"1641\" data-end=\"1677\"><strong data-start=\"1645\" data-end=\"1677\">1.Velocidad de medici\u00f3n ultraalta<\/strong><\/h3>\n<p data-start=\"1678\" data-end=\"1798\">LDJU admite frecuencias de medici\u00f3n continuas de hasta 10 kHz, lo que permite una respuesta r\u00e1pida en sistemas de control de alta velocidad.<\/p>\n<h3 data-start=\"1800\" data-end=\"1834\"><strong data-start=\"1804\" data-end=\"1834\">2.Precisi\u00f3n milim\u00e9trica estable<\/strong><\/h3>\n<p data-start=\"1835\" data-end=\"1979\">Con una resoluci\u00f3n de 1 mm y un tiempo de medici\u00f3n adaptable, la LDJU mantiene una salida estable incluso cuando cambia la reflectividad del objetivo o la intensidad de la se\u00f1al.<\/p>\n<h3 data-start=\"1981\" data-end=\"2015\"><strong data-start=\"1985\" data-end=\"2015\">3.L\u00f3gica de medici\u00f3n adaptativa<\/strong><\/h3>\n<p data-start=\"2016\" data-end=\"2067\">El sensor ajusta autom\u00e1ticamente la velocidad de medici\u00f3n:<\/p>\n<ul data-start=\"2068\" data-end=\"2162\">\n<li data-start=\"2068\" data-end=\"2106\">\n<p data-start=\"2070\" data-end=\"2106\">Se\u00f1al fuerte \u2192 medici\u00f3n m\u00e1s r\u00e1pida<\/p>\n<\/li>\n<li data-start=\"2107\" data-end=\"2162\">\n<p data-start=\"2109\" data-end=\"2162\">Se\u00f1al d\u00e9bil \u2192 sincronizaci\u00f3n optimizada para preservar la precisi\u00f3n.<\/p>\n<\/li>\n<\/ul>\n<p data-start=\"2164\" data-end=\"2224\">Esto garantiza resultados fiables sin saltos bruscos de distancia.<\/p>\n<h3 data-start=\"2226\" data-end=\"2259\"><strong data-start=\"2230\" data-end=\"2259\">Industria y OEM<\/strong><\/h3>\n<p data-start=\"2260\" data-end=\"2486\">LDJU admite comunicaci\u00f3n TTL por defecto y puede integrarse con sistemas USB, RS232 o RS485 mediante m\u00f3dulos de conversi\u00f3n externos.<br data-start=\"2391\" data-end=\"2394\" \/>El protocolo de comandos basado en ASCII con MODBUS CRC16 facilita la integraci\u00f3n del sistema.<\/p>\n<p><img decoding=\"async\" class=\"wp-image-2995 size-full aligncenter\" src=\"https:\/\/meskernel.net\/wp-content\/uploads\/2024\/11\/why-us-distance-sensor.jpg\" alt=\"por qu\u00e9 utilizar el sensor de distancia\" width=\"1069\" height=\"228\" srcset=\"https:\/\/meskernel.net\/wp-content\/uploads\/2024\/11\/why-us-distance-sensor.jpg 1069w, https:\/\/meskernel.net\/wp-content\/uploads\/2024\/11\/why-us-distance-sensor-300x64.jpg 300w, https:\/\/meskernel.net\/wp-content\/uploads\/2024\/11\/why-us-distance-sensor-1024x218.jpg 1024w, https:\/\/meskernel.net\/wp-content\/uploads\/2024\/11\/why-us-distance-sensor-768x164.jpg 768w, https:\/\/meskernel.net\/wp-content\/uploads\/2024\/11\/why-us-distance-sensor-400x85.jpg 400w\" sizes=\"(max-width: 1069px) 100vw, 1069px\" \/><\/p>\n<hr data-start=\"2488\" data-end=\"2491\" \/>\n<h2 data-start=\"2493\" data-end=\"2549\"><strong data-start=\"2496\" data-end=\"2549\">Tecnolog\u00eda de medici\u00f3n - Diferencia de fase iToF<\/strong><\/h2>\n<p data-start=\"2551\" data-end=\"2722\">La LDJU adopta la v\u00eda indirecta <a href=\"https:\/\/meskernel.net\/es\/time-of-flight-distance-sensor\/\">Tecnolog\u00eda de tiempo de vuelo (iToF)<\/a>, que calcula la distancia midiendo la diferencia de fase entre una se\u00f1al l\u00e1ser modulada y su reflexi\u00f3n.<\/p>\n<p data-start=\"2724\" data-end=\"2752\">Ventajas de iToF en LDJU<\/p>\n<ul data-start=\"2753\" data-end=\"2907\">\n<li data-start=\"2753\" data-end=\"2779\">\n<p data-start=\"2755\" data-end=\"2779\">Alta resoluci\u00f3n a distancia<\/p>\n<\/li>\n<li data-start=\"2780\" data-end=\"2807\">\n<p data-start=\"2782\" data-end=\"2807\">Menor complejidad temporal<\/p>\n<\/li>\n<li data-start=\"2808\" data-end=\"2844\">\n<p data-start=\"2810\" data-end=\"2844\">Gran resistencia a la luz ambiente<\/p>\n<\/li>\n<li data-start=\"2845\" data-end=\"2907\">\n<p data-start=\"2847\" data-end=\"2907\">Optimizado para mediciones de corto a medio alcance y alta velocidad<\/p>\n<\/li>\n<\/ul>\n<hr data-start=\"2909\" data-end=\"2912\" \/>\n<h2 data-start=\"2914\" data-end=\"2944\"><\/h2>\n<h2 data-start=\"2914\" data-end=\"2944\"><strong data-start=\"2917\" data-end=\"2944\">Aplicaciones t\u00edpicas<\/strong><\/h2>\n<ul data-start=\"2946\" data-end=\"3131\">\n<li data-start=\"2946\" data-end=\"2990\">\n<p data-start=\"2948\" data-end=\"2990\">Automatizaci\u00f3n industrial y control de movimiento<\/p>\n<\/li>\n<li data-start=\"2991\" data-end=\"3023\">\n<p data-start=\"2993\" data-end=\"3023\">Rob\u00f3tica y posicionamiento de AGV<\/p>\n<\/li>\n<li data-start=\"3024\" data-end=\"3056\">\n<p data-start=\"3026\" data-end=\"3056\">Sistemas de transporte y clasificaci\u00f3n<\/p>\n<\/li>\n<li data-start=\"3057\" data-end=\"3094\">\n<p data-start=\"3059\" data-end=\"3094\">Control del desplazamiento en tiempo real<\/p>\n<\/li>\n<li data-start=\"3095\" data-end=\"3131\">\n<p data-start=\"3097\" data-end=\"3131\">Sistemas de medici\u00f3n integrados OEM<\/p>\n<\/li>\n<\/ul>\n<hr data-start=\"3133\" data-end=\"3136\" \/>\n<h2 data-start=\"3138\" data-end=\"3172\"><img data-dominant-color=\"e3e4e2\" data-has-transparency=\"false\" style=\"--dominant-color: #e3e4e2;\" decoding=\"async\" class=\"wp-image-7000 size-full aligncenter not-transparent\" src=\"https:\/\/meskernel.net\/wp-content\/uploads\/2026\/02\/LDJU-laser-distance-sensor-integration.webp\" alt=\"Integraci\u00f3n del sensor l\u00e1ser de distancia LDJU\" width=\"984\" height=\"233\" srcset=\"https:\/\/meskernel.net\/wp-content\/uploads\/2026\/02\/LDJU-laser-distance-sensor-integration.webp 984w, https:\/\/meskernel.net\/wp-content\/uploads\/2026\/02\/LDJU-laser-distance-sensor-integration-300x71.webp 300w, https:\/\/meskernel.net\/wp-content\/uploads\/2026\/02\/LDJU-laser-distance-sensor-integration-768x182.webp 768w, https:\/\/meskernel.net\/wp-content\/uploads\/2026\/02\/LDJU-laser-distance-sensor-integration-18x4.webp 18w, https:\/\/meskernel.net\/wp-content\/uploads\/2026\/02\/LDJU-laser-distance-sensor-integration-400x95.webp 400w\" sizes=\"(max-width: 984px) 100vw, 984px\" \/><\/h2>\n<h2 data-start=\"3138\" data-end=\"3172\"><\/h2>\n<h2 data-start=\"3138\" data-end=\"3172\"><strong data-start=\"3141\" data-end=\"3172\">Integraci\u00f3n y pr\u00f3ximos pasos<\/strong><\/h2>\n<p data-start=\"3174\" data-end=\"3330\">LDJU est\u00e1 dise\u00f1ado para su integraci\u00f3n directa en plataformas industriales y embebidas, y admite salida continua, diagn\u00f3stico del sistema y actualizaciones de firmware.<\/p>","protected":false},"excerpt":{"rendered":"<p>Sensor l\u00e1ser de distancia de alta velocidad con frecuencia de 10 kHz, precisi\u00f3n milim\u00e9trica y medici\u00f3n adaptativa. Dise\u00f1ado para automatizaci\u00f3n industrial, rob\u00f3tica e integraci\u00f3n OEM.<\/p>","protected":false},"featured_media":6999,"template":"","meta":{"site-sidebar-layout":"default","site-content-layout":"","ast-site-content-layout":"default","site-content-style":"default","site-sidebar-style":"default","ast-global-header-display":"","ast-banner-title-visibility":"","ast-main-header-display":"","ast-hfb-above-header-display":"","ast-hfb-below-header-display":"","ast-hfb-mobile-header-display":"","site-post-title":"","ast-breadcrumbs-content":"","ast-featured-img":"","footer-sml-layout":"","ast-disable-related-posts":"","theme-transparent-header-meta":"default","adv-header-id-meta":"","stick-header-meta":"","header-above-stick-meta":"","header-main-stick-meta":"","header-below-stick-meta":"","astra-migrate-meta-layouts":"set","ast-page-background-enabled":"default","ast-page-background-meta":{"desktop":{"background-color":"var(--ast-global-color-4)","background-image":"","background-repeat":"repeat","background-position":"center center","background-size":"auto","background-attachment":"scroll","background-type":"","background-media":"","overlay-type":"","overlay-color":"","overlay-opacity":"","overlay-gradient":""},"tablet":{"background-color":"","background-image":"","background-repeat":"repeat","background-position":"center center","background-size":"auto","background-attachment":"scroll","background-type":"","background-media":"","overlay-type":"","overlay-color":"","overlay-opacity":"","overlay-gradient":""},"mobile":{"background-color":"","background-image":"","background-repeat":"repeat","background-position":"center center","background-size":"auto","background-attachment":"scroll","background-type":"","background-media":"","overlay-type":"","overlay-color":"","overlay-opacity":"","overlay-gradient":""}},"ast-content-background-meta":{"desktop":{"background-color":"var(--ast-global-color-5)","background-image":"","background-repeat":"repeat","background-position":"center center","background-size":"auto","background-attachment":"scroll","background-type":"","background-media":"","overlay-type":"","overlay-color":"","overlay-opacity":"","overlay-gradient":""},"tablet":{"background-color":"var(--ast-global-color-5)","background-image":"","background-repeat":"repeat","background-position":"center center","background-size":"auto","background-attachment":"scroll","background-type":"","background-media":"","overlay-type":"","overlay-color":"","overlay-opacity":"","overlay-gradient":""},"mobile":{"background-color":"var(--ast-global-color-5)","background-image":"","background-repeat":"repeat","background-position":"center center","background-size":"auto","background-attachment":"scroll","background-type":"","background-media":"","overlay-type":"","overlay-color":"","overlay-opacity":"","overlay-gradient":""}}},"product_brand":[],"product_cat":[32,52],"product_tag":[],"class_list":{"0":"post-6996","1":"product","2":"type-product","3":"status-publish","4":"has-post-thumbnail","6":"product_cat-high-frequency-ranging-sensor-module","7":"product_cat-phase-distance-sensor","8":"desktop-align-center","9":"tablet-align-left","10":"mobile-align-left","12":"first","13":"instock","14":"shipping-taxable","15":"product-type-simple"},"_links":{"self":[{"href":"https:\/\/meskernel.net\/es\/wp-json\/wp\/v2\/product\/6996","targetHints":{"allow":["GET"]}}],"collection":[{"href":"https:\/\/meskernel.net\/es\/wp-json\/wp\/v2\/product"}],"about":[{"href":"https:\/\/meskernel.net\/es\/wp-json\/wp\/v2\/types\/product"}],"version-history":[{"count":0,"href":"https:\/\/meskernel.net\/es\/wp-json\/wp\/v2\/product\/6996\/revisions"}],"wp:featuredmedia":[{"embeddable":true,"href":"https:\/\/meskernel.net\/es\/wp-json\/wp\/v2\/media\/6999"}],"wp:attachment":[{"href":"https:\/\/meskernel.net\/es\/wp-json\/wp\/v2\/media?parent=6996"}],"wp:term":[{"taxonomy":"product_brand","embeddable":true,"href":"https:\/\/meskernel.net\/es\/wp-json\/wp\/v2\/product_brand?post=6996"},{"taxonomy":"product_cat","embeddable":true,"href":"https:\/\/meskernel.net\/es\/wp-json\/wp\/v2\/product_cat?post=6996"},{"taxonomy":"product_tag","embeddable":true,"href":"https:\/\/meskernel.net\/es\/wp-json\/wp\/v2\/product_tag?post=6996"}],"curies":[{"name":"wp","href":"https:\/\/api.w.org\/{rel}","templated":true}]}}