{"id":113,"date":"2024-10-10T10:54:25","date_gmt":"2024-10-10T02:54:25","guid":{"rendered":"http:\/\/170.106.98.143\/?post_type=product&#038;p=113"},"modified":"2025-07-03T14:02:48","modified_gmt":"2025-07-03T06:02:48","slug":"capteur-laser-arduino","status":"publish","type":"product","link":"https:\/\/meskernel.net\/fr\/product\/arduino-laser-sensor\/","title":{"rendered":"Arduino Laser Sensor 20Hz High Frequency Measurement"},"content":{"rendered":"<dl id=\"attachment_2320\">\n<dd>\n<h3>Capteur laser Arduino 20Hz pour mouvement distance ou Diy<\/h3>\n<\/dd>\n<dd><\/dd>\n<dd>Le capteur laser Arduino, un module de mesure de distance par laser d'une pr\u00e9cision de 1 mm, est un dispositif utilis\u00e9 pour mesurer la distance entre des cibles et transmettre des donn\u00e9es. Il utilise la technologie du laser visible pour \u00e9mettre des faisceaux laser et recevoir des signaux laser r\u00e9fl\u00e9chis afin de mesurer la distance entre les objets et le capteur. Le capteur de distance laser prend en charge des interfaces de communication telles que USB, TTL, RS232, RS485 et Bluetooth, ce qui permet la transmission de donn\u00e9es et la communication avec d'autres appareils.<\/dd>\n<dd>1. le module Meskernel r\u00e9pond rapidement avec une grande pr\u00e9cision et une longue port\u00e9e de mesure<\/dd>\n<dd>2. Nous sommes pr\u00e9sents sur cette ligne laser depuis plus de 20 ans et sommes le principal fournisseur de modules de t\u00e9l\u00e9m\u00e8tres\/capteurs laser en Chine.<\/dd>\n<dd>3. 30m, 40m, 60m, 80m, 100m, 120m, 150m, chaque distance peut \u00eatre multifonctionnelle.<\/dd>\n<dd>4. La tension peut \u00eatre modifi\u00e9e par le convertisseur de puissance LDO.<\/dd>\n<dd>5. Temp\u00e9rature de fonctionnement -10 \u2103~50 \u2103 personnalisable<\/dd>\n<dd>6. Les donn\u00e9es analogiques peuvent \u00eatre personnalis\u00e9es.<\/dd>\n<\/dl>\n<figure id=\"attachment_2958\" aria-describedby=\"caption-attachment-2958\" style=\"width: 1080px\" class=\"wp-caption aligncenter\"><img fetchpriority=\"high\" decoding=\"async\" class=\"wp-image-2958 size-full\" title=\"Capteur laser Arduino\" src=\"https:\/\/meskernel.net\/wp-content\/uploads\/2024\/11\/laser-distance-senso.jpg\" alt=\"capteur de distance laser\" width=\"1080\" height=\"300\" srcset=\"https:\/\/meskernel.net\/wp-content\/uploads\/2024\/11\/laser-distance-senso.jpg 1080w, https:\/\/meskernel.net\/wp-content\/uploads\/2024\/11\/laser-distance-senso-300x83.jpg 300w, https:\/\/meskernel.net\/wp-content\/uploads\/2024\/11\/laser-distance-senso-1024x284.jpg 1024w, https:\/\/meskernel.net\/wp-content\/uploads\/2024\/11\/laser-distance-senso-768x213.jpg 768w, https:\/\/meskernel.net\/wp-content\/uploads\/2024\/11\/laser-distance-senso-400x111.jpg 400w\" sizes=\"(max-width: 1080px) 100vw, 1080px\" \/><figcaption id=\"caption-attachment-2958\" class=\"wp-caption-text\">capteur de distance laser<\/figcaption><\/figure>\n<h3>Capteur laser Arduino Caract\u00e9ristiques principales :<\/h3>\n<ul>\n<li><strong>Options de grande distance<\/strong><br \/>\nLarge gamme de distances s\u00e9lectionnables, ce qui permet de l'utiliser pour diverses applications.<\/li>\n<li><strong>Vitesse de r\u00e9ponse rapide<\/strong><br \/>\nCapacit\u00e9s d'acquisition rapide des donn\u00e9es, permettant d'effectuer des mesures de distance en quelques millisecondes.<\/li>\n<li><strong>Interfaces de communication multiples<\/strong><br \/>\nLa prise en charge de diverses interfaces et protocoles de communication, notamment RS232, RS485, Bluetooth, Modbus et UART, facilite l'int\u00e9gration avec les syst\u00e8mes de contr\u00f4le ou de donn\u00e9es existants.<\/li>\n<li><strong>Haute pr\u00e9cision de mesure<\/strong><br \/>\nAvec une pr\u00e9cision de l'ordre du millim\u00e8tre, ce capteur r\u00e9pond aux exigences de haute pr\u00e9cision d'applications telles que la g\u00e9od\u00e9sie et l'ing\u00e9nierie de la construction.<\/li>\n<li><strong>Des performances stables<\/strong><br \/>\nLe capteur maintient une plage \u00e9troite de fluctuations de donn\u00e9es et pr\u00e9sente une faible erreur de r\u00e9p\u00e9tabilit\u00e9.<\/li>\n<li><strong>Mesure sans contact<\/strong><br \/>\nLe capteur est capable d'effectuer des mesures sans contact et convient \u00e0 la d\u00e9tection d'objets en mouvement, d'objets \u00e0 haute ou basse temp\u00e9rature, de liquides et d'objets de forme irr\u00e9guli\u00e8re.<\/li>\n<\/ul>\n<p>L'utilisation d'un capteur laser avec un Arduino peut \u00eatre un excellent moyen de d\u00e9tecter des distances, de mesurer une position ou de d\u00e9tecter des objets. G\u00e9n\u00e9ralement, les capteurs laser utilis\u00e9s avec Arduino peuvent \u00eatre des t\u00e9l\u00e9m\u00e8tres laser (pour mesurer la distance) ou des d\u00e9tecteurs laser (pour d\u00e9tecter la pr\u00e9sence d'un point laser). Ci-dessous, je vous guiderai \u00e0 travers la configuration g\u00e9n\u00e9rale des capteurs laser, en me concentrant plus particuli\u00e8rement sur la fa\u00e7on d'interfacer un capteur de distance laser avec un Arduino, car c'est l'un des cas d'utilisation les plus courants.<\/p>\n<h3>Comment utiliser le capteur laser Arduino ?<\/h3>\n<p><strong>1. <\/strong>Capteur de distance \u00e0 laser (par exemple, Lidar, capteur laser LDJ)<\/p>\n<p>Le capteur LDJ Laser Sensor Time-of-Flight (ToF) est un capteur laser tr\u00e8s r\u00e9pandu pour la mesure des distances. Il s'agit d'un capteur compact et peu co\u00fbteux qui utilise la lumi\u00e8re laser pour mesurer la distance d'un objet.<\/p>\n<p>Composants n\u00e9cessaires :<\/p>\n<ul>\n<li>Carte Arduino (par exemple, Uno, Mega, Nano)<\/li>\n<li>LDJ Module de capteur laser<\/li>\n<li>Fils de connexion<\/li>\n<li>Planche \u00e0 pain (facultatif)<\/li>\n<\/ul>\n<p>C\u00e2blage du capteur laser LDJ :<\/p>\n<p>Le capteur laser LDJ communique avec l'Arduino en utilisant le protocole I2C, ce qui signifie que vous devrez connecter le capteur aux broches SCL et SDA de votre Arduino.<\/p>\n<p>Pour un Arduino Uno :<\/p>\n<ul>\n<li><strong>GND<\/strong> (capteur) \u00e0 <strong>GND<\/strong> (Arduino)<\/li>\n<li><strong>VCC<\/strong> (capteur) \u00e0 <strong>5V<\/strong> (Arduino)<\/li>\n<li><strong>SDA<\/strong> (capteur) \u00e0 <strong>A4<\/strong> (Arduino Uno)<\/li>\n<li><strong>SCL<\/strong> (capteur) \u00e0 <strong>A5<\/strong> (Arduino Uno)<\/li>\n<\/ul>\n<p>Si vous utilisez un autre mod\u00e8le d'Arduino, v\u00e9rifiez les broches I2C (SCL\/SDA) de cette carte.<\/p>\n<h3 class=\"text-title\"><span class=\"magic-22\" data-spm-anchor-id=\"a2700.details.0.i63.18bf346eInG0ZW\">Plate-forme logicielle de test pour capteur laser Arduino<\/span><\/h3>\n<div class=\"text-content\">Nous disposons de nos propres outils de test de logiciels, qui sont transmis \u00e0 l'ordinateur par la mesure de la distance.<\/div>\n<div>\n<figure id=\"attachment_2967\" aria-describedby=\"caption-attachment-2967\" style=\"width: 1024px\" class=\"wp-caption aligncenter\"><img decoding=\"async\" class=\"wp-image-2967 size-large\" src=\"https:\/\/meskernel.net\/wp-content\/uploads\/2024\/10\/Arduino-Laser-Sensor-1024x520.jpg\" alt=\"Capteur laser Arduino\" width=\"1024\" height=\"520\" srcset=\"https:\/\/meskernel.net\/wp-content\/uploads\/2024\/10\/Arduino-Laser-Sensor-1024x520.jpg 1024w, https:\/\/meskernel.net\/wp-content\/uploads\/2024\/10\/Arduino-Laser-Sensor-300x152.jpg 300w, https:\/\/meskernel.net\/wp-content\/uploads\/2024\/10\/Arduino-Laser-Sensor-768x390.jpg 768w, https:\/\/meskernel.net\/wp-content\/uploads\/2024\/10\/Arduino-Laser-Sensor-1536x779.jpg 1536w, https:\/\/meskernel.net\/wp-content\/uploads\/2024\/10\/Arduino-Laser-Sensor-400x203.jpg 400w, https:\/\/meskernel.net\/wp-content\/uploads\/2024\/10\/Arduino-Laser-Sensor.jpg 1906w\" sizes=\"(max-width: 1024px) 100vw, 1024px\" \/><figcaption id=\"caption-attachment-2967\" class=\"wp-caption-text\">Capteur laser Arduino<\/figcaption><\/figure>\n<\/div>\n<div><\/div>\n<h3>Pourquoi nous choisir ?<\/h3>\n<p>En tant que fabricant OEM de confiance, nous sommes sp\u00e9cialis\u00e9s dans la fourniture de capteurs laser industriels de haute qualit\u00e9 avec des solutions personnalis\u00e9es pour r\u00e9pondre \u00e0 vos exigences sp\u00e9cifiques. Nos options de personnalisation vous permettent d'adapter les configurations de capteurs \u00e0 vos besoins op\u00e9rationnels, tandis que nos prix OEM garantissent des solutions \u00e0 des co\u00fbts comp\u00e9titifs pour les grandes et les petites entreprises. Notre \u00e9quipe d'experts travaillera en \u00e9troite collaboration avec vous, de la consultation \u00e0 la post-installation, afin de s'assurer que votre syst\u00e8me de capteurs laser industriels est optimis\u00e9 pour vos besoins uniques.<\/p>","protected":false},"excerpt":{"rendered":"<p>D\u00e9couvrez le capteur laser Arduino, une solution de mesure sans contact de haute pr\u00e9cision pour les applications industrielles. Avec des temps de r\u00e9ponse rapides, une pr\u00e9cision de l'ordre du millim\u00e8tre et une int\u00e9gration facile, ce capteur est parfait pour la robotique, l'automatisation, le contr\u00f4le qualit\u00e9 et la manutention. Optimisez vos op\u00e9rations gr\u00e2ce \u00e0 des donn\u00e9es fiables en temps r\u00e9el et des options personnalisables.<\/p>","protected":false},"featured_media":2201,"template":"","meta":{"site-sidebar-layout":"default","site-content-layout":"","ast-site-content-layout":"default","site-content-style":"default","site-sidebar-style":"default","ast-global-header-display":"","ast-banner-title-visibility":"","ast-main-header-display":"","ast-hfb-above-header-display":"","ast-hfb-below-header-display":"","ast-hfb-mobile-header-display":"","site-post-title":"","ast-breadcrumbs-content":"","ast-featured-img":"","footer-sml-layout":"","ast-disable-related-posts":"","theme-transparent-header-meta":"default","adv-header-id-meta":"","stick-header-meta":"","header-above-stick-meta":"","header-main-stick-meta":"","header-below-stick-meta":"","astra-migrate-meta-layouts":"set","ast-page-background-enabled":"default","ast-page-background-meta":{"desktop":{"background-color":"var(--ast-global-color-4)","background-image":"","background-repeat":"repeat","background-position":"center center","background-size":"auto","background-attachment":"scroll","background-type":"","background-media":"","overlay-type":"","overlay-color":"","overlay-opacity":"","overlay-gradient":""},"tablet":{"background-color":"","background-image":"","background-repeat":"repeat","background-position":"center center","background-size":"auto","background-attachment":"scroll","background-type":"","background-media":"","overlay-type":"","overlay-color":"","overlay-opacity":"","overlay-gradient":""},"mobile":{"background-color":"","background-image":"","background-repeat":"repeat","background-position":"center center","background-size":"auto","background-attachment":"scroll","background-type":"","background-media":"","overlay-type":"","overlay-color":"","overlay-opacity":"","overlay-gradient":""}},"ast-content-background-meta":{"desktop":{"background-color":"var(--ast-global-color-5)","background-image":"","background-repeat":"repeat","background-position":"center center","background-size":"auto","background-attachment":"scroll","background-type":"","background-media":"","overlay-type":"","overlay-color":"","overlay-opacity":"","overlay-gradient":""},"tablet":{"background-color":"var(--ast-global-color-5)","background-image":"","background-repeat":"repeat","background-position":"center center","background-size":"auto","background-attachment":"scroll","background-type":"","background-media":"","overlay-type":"","overlay-color":"","overlay-opacity":"","overlay-gradient":""},"mobile":{"background-color":"var(--ast-global-color-5)","background-image":"","background-repeat":"repeat","background-position":"center center","background-size":"auto","background-attachment":"scroll","background-type":"","background-media":"","overlay-type":"","overlay-color":"","overlay-opacity":"","overlay-gradient":""}}},"product_brand":[60],"product_cat":[52],"product_tag":[],"class_list":{"0":"post-113","1":"product","2":"type-product","3":"status-publish","4":"has-post-thumbnail","6":"product_brand-meskernel","7":"product_cat-phase-distance-sensor","8":"desktop-align-center","9":"tablet-align-left","10":"mobile-align-left","12":"first","13":"instock","14":"shipping-taxable","15":"product-type-simple"},"_links":{"self":[{"href":"https:\/\/meskernel.net\/fr\/wp-json\/wp\/v2\/product\/113","targetHints":{"allow":["GET"]}}],"collection":[{"href":"https:\/\/meskernel.net\/fr\/wp-json\/wp\/v2\/product"}],"about":[{"href":"https:\/\/meskernel.net\/fr\/wp-json\/wp\/v2\/types\/product"}],"version-history":[{"count":0,"href":"https:\/\/meskernel.net\/fr\/wp-json\/wp\/v2\/product\/113\/revisions"}],"wp:featuredmedia":[{"embeddable":true,"href":"https:\/\/meskernel.net\/fr\/wp-json\/wp\/v2\/media\/2201"}],"wp:attachment":[{"href":"https:\/\/meskernel.net\/fr\/wp-json\/wp\/v2\/media?parent=113"}],"wp:term":[{"taxonomy":"product_brand","embeddable":true,"href":"https:\/\/meskernel.net\/fr\/wp-json\/wp\/v2\/product_brand?post=113"},{"taxonomy":"product_cat","embeddable":true,"href":"https:\/\/meskernel.net\/fr\/wp-json\/wp\/v2\/product_cat?post=113"},{"taxonomy":"product_tag","embeddable":true,"href":"https:\/\/meskernel.net\/fr\/wp-json\/wp\/v2\/product_tag?post=113"}],"curies":[{"name":"wp","href":"https:\/\/api.w.org\/{rel}","templated":true}]}}