{"id":117,"date":"2024-10-10T10:58:06","date_gmt":"2024-10-10T02:58:06","guid":{"rendered":"http:\/\/170.106.98.143\/?post_type=product&#038;p=117"},"modified":"2025-07-03T14:01:23","modified_gmt":"2025-07-03T06:01:23","slug":"capteur-laser-pour-telescope","status":"publish","type":"product","link":"https:\/\/meskernel.net\/fr\/product\/telescope-laser-sensor\/","title":{"rendered":"T\u00e9lescope \u00e0 longue port\u00e9e 3000m Capteur laser sans danger pour les yeux"},"content":{"rendered":"<p>Le capteur laser t\u00e9lescopique est un type de module de t\u00e9l\u00e9m\u00e8tre de golf ext\u00e9rieur qui se caract\u00e9rise par une grande pr\u00e9cision, une mesure rapide, une application multifonctionnelle, une grande fiabilit\u00e9 et une int\u00e9gration facile. Le module utilise la technologie du laser puls\u00e9 pour mesurer avec pr\u00e9cision la distance entre l'objet cible et le t\u00e9l\u00e9m\u00e8tre.<\/p>\n<p>Le capteur laser Telescope associe une technologie laser avanc\u00e9e \u00e0 des fonctions conviviales, offrant des mesures de distance pr\u00e9cises et fiables sur des distances impressionnantes allant jusqu'\u00e0 3 000 m\u00e8tres. Con\u00e7u pour la pr\u00e9cision, ce module est id\u00e9al pour les applications d'arpentage, de mesures en ext\u00e9rieur, de construction et de surveillance \u00e0 distance. Il garantit des r\u00e9sultats clairs en temps r\u00e9el, m\u00eame dans des environnements difficiles.<\/p>\n<figure id=\"attachment_2997\" aria-describedby=\"caption-attachment-2997\" style=\"width: 1000px\" class=\"wp-caption aligncenter\"><img fetchpriority=\"high\" decoding=\"async\" class=\"wp-image-2997 size-full\" title=\"T\u00e9lescope Capteur laser PTFG\" src=\"https:\/\/meskernel.net\/wp-content\/uploads\/2024\/10\/Telescope-Laser-sensor-PTFG.jpg\" alt=\"T\u00e9lescope Capteur laser PTFG\" width=\"1000\" height=\"500\" srcset=\"https:\/\/meskernel.net\/wp-content\/uploads\/2024\/10\/Telescope-Laser-sensor-PTFG.jpg 1000w, https:\/\/meskernel.net\/wp-content\/uploads\/2024\/10\/Telescope-Laser-sensor-PTFG-300x150.jpg 300w, https:\/\/meskernel.net\/wp-content\/uploads\/2024\/10\/Telescope-Laser-sensor-PTFG-768x384.jpg 768w, https:\/\/meskernel.net\/wp-content\/uploads\/2024\/10\/Telescope-Laser-sensor-PTFG-400x200.jpg 400w\" sizes=\"(max-width: 1000px) 100vw, 1000px\" \/><figcaption id=\"caption-attachment-2997\" class=\"wp-caption-text\">T\u00e9lescope Capteur laser PTFG<\/figcaption><\/figure>\n<h3>Caract\u00e9ristiques principales pour une meilleure performance<\/h3>\n<ul>\n<li><strong>Eyesafe Laser pour la protection de l'utilisateur :<\/strong><br \/>\nLe module utilise un laser \u00e0 lumi\u00e8re invisible de 905 nm, qui est \u00e0 la fois sans danger pour les yeux et r\u00e9sistant aux interf\u00e9rences de la lumi\u00e8re du soleil. Cette caract\u00e9ristique en fait une solution parfaite pour les mesures ext\u00e9rieures \u00e0 longue distance, garantissant que les utilisateurs peuvent utiliser l'appareil en toute s\u00e9curit\u00e9 sans compromettre la pr\u00e9cision.<\/li>\n<li><strong>\u00c9cran d'affichage LCD \u00e0 haute transmittance :<\/strong><br \/>\n\u00c9quip\u00e9 d'un \u00e9cran LCD \u00e0 haute transmission, le module de distance t\u00e9lescopique permet aux utilisateurs de visualiser instantan\u00e9ment les r\u00e9sultats des mesures. Cela permet de prendre des d\u00e9cisions et de proc\u00e9der \u00e0 des ajustements rapides sur place, de rationaliser les flux de travail et d'am\u00e9liorer l'efficacit\u00e9 du travail sur le terrain et des applications de surveillance en temps r\u00e9el.<\/li>\n<li><strong>T\u00e9lescope monoculaire 6x pour une vision claire :<\/strong><br \/>\nLe t\u00e9lescope monoculaire 6x int\u00e9gr\u00e9 offre un champ de vision clair et lumineux, essentiel pour rep\u00e9rer avec pr\u00e9cision les cibles \u00e9loign\u00e9es. Son rev\u00eatement multicouche am\u00e9liore la transmission de la lumi\u00e8re, r\u00e9duit les reflets et augmente le contraste, ce qui permet d'obtenir une image plus nette. Ce rev\u00eatement prot\u00e8ge \u00e9galement l'objectif des rayures, des taches et de la poussi\u00e8re, garantissant une longue dur\u00e9e de vie et des performances fiables dans diverses conditions environnementales.<\/li>\n<\/ul>\n<h3>Interface de communication<\/h3>\n<p>Le capteur laser de mesure de distance est compatible avec les interfaces de communication USB, TTL, RS232, RS485, Bluetooth et autres. Il est compatible avec arduino, raspberry pi et d'autres dispositifs externes.<\/p>\n<figure id=\"attachment_2987\" aria-describedby=\"caption-attachment-2987\" style=\"width: 750px\" class=\"wp-caption aligncenter\"><img decoding=\"async\" class=\"wp-image-2987 size-full\" title=\"T\u00e9lescope Capteur laser\" src=\"https:\/\/meskernel.net\/wp-content\/uploads\/2024\/11\/Laser-Distance-Module-2000m.jpg\" alt=\"T\u00e9lescope Capteur laser\" width=\"750\" height=\"266\" srcset=\"https:\/\/meskernel.net\/wp-content\/uploads\/2024\/11\/Laser-Distance-Module-2000m.jpg 750w, https:\/\/meskernel.net\/wp-content\/uploads\/2024\/11\/Laser-Distance-Module-2000m-300x106.jpg 300w, https:\/\/meskernel.net\/wp-content\/uploads\/2024\/11\/Laser-Distance-Module-2000m-400x142.jpg 400w\" sizes=\"(max-width: 750px) 100vw, 750px\" \/><figcaption id=\"caption-attachment-2987\" class=\"wp-caption-text\">T\u00e9lescope Capteur laser<\/figcaption><\/figure>\n<h3><\/h3>\n<h3>Int\u00e9gration polyvalente pour diverses applications<\/h3>\n<p>Gr\u00e2ce \u00e0 sa conception compacte et \u00e0 ses caract\u00e9ristiques robustes, le capteur Telescope Laser s'int\u00e8gre facilement dans une grande vari\u00e9t\u00e9 de syst\u00e8mes. Que ce soit pour <a href=\"https:\/\/meskernel.net\/fr\/application\/construction\/\">construction<\/a> Ce module garantit une collecte de donn\u00e9es coh\u00e9rente et de haute pr\u00e9cision dans un large \u00e9ventail de cas d'utilisation, qu'il s'agisse de mesures sur site, d'arpentage ou de t\u00e9l\u00e9d\u00e9tection. Il est utilis\u00e9 pour mesurer les distances, la hauteur des b\u00e2timents, la taille des \u00e9quipements industriels et des grandes structures. Il peut \u00eatre utilis\u00e9 pour le golf, l'alpinisme, la randonn\u00e9e et la chasse. La capacit\u00e9 du module \u00e0 afficher instantan\u00e9ment les donn\u00e9es sur son \u00e9cran LCD am\u00e9liore encore l'exp\u00e9rience de l'utilisateur en lui fournissant un retour d'information imm\u00e9diat pendant le fonctionnement.<\/p>\n<figure id=\"attachment_2998\" aria-describedby=\"caption-attachment-2998\" style=\"width: 1052px\" class=\"wp-caption aligncenter\"><img decoding=\"async\" class=\"wp-image-2998 size-full\" title=\"T\u00e9lescope Capteur laser PTFG\" src=\"https:\/\/meskernel.net\/wp-content\/uploads\/2024\/10\/Telescope-Laser-sensor-PTFG-1.jpg\" alt=\"T\u00e9lescope Capteur laser PTFG\" width=\"1052\" height=\"235\" srcset=\"https:\/\/meskernel.net\/wp-content\/uploads\/2024\/10\/Telescope-Laser-sensor-PTFG-1.jpg 1052w, https:\/\/meskernel.net\/wp-content\/uploads\/2024\/10\/Telescope-Laser-sensor-PTFG-1-300x67.jpg 300w, https:\/\/meskernel.net\/wp-content\/uploads\/2024\/10\/Telescope-Laser-sensor-PTFG-1-1024x229.jpg 1024w, https:\/\/meskernel.net\/wp-content\/uploads\/2024\/10\/Telescope-Laser-sensor-PTFG-1-768x172.jpg 768w, https:\/\/meskernel.net\/wp-content\/uploads\/2024\/10\/Telescope-Laser-sensor-PTFG-1-400x89.jpg 400w\" sizes=\"(max-width: 1052px) 100vw, 1052px\" \/><figcaption id=\"caption-attachment-2998\" class=\"wp-caption-text\">T\u00e9lescope Capteur laser PTFG<\/figcaption><\/figure>\n<div class=\"mceTemp\"><\/div>\n<h3>Pourquoi choisir Meskernel ?<\/h3>\n<p><strong>Avec plus de 20 ans d'expertise<\/strong> dans le domaine de la mesure de distance par laser, Meskernel est \u00e0 la pointe de l'industrie en mati\u00e8re d'innovation et de fiabilit\u00e9. Notre usine certifi\u00e9e TUV, qui s'\u00e9tend sur 7 000 m\u00e8tres carr\u00e9s, garantit le respect des normes de fabrication les plus strictes. Nous sommes fiers de d\u00e9tenir de nombreuses certifications de brevets et de nous conformer aux r\u00e9glementations CE, RoHS, FCC et FDA.<\/p>\n<p><strong>Nos fortes capacit\u00e9s en mati\u00e8re d'OEM et d'ODM<\/strong> sont soutenus par une \u00e9quipe d\u00e9vou\u00e9e de plus de 40 ing\u00e9nieurs en recherche et d\u00e9veloppement, ce qui nous permet d'\u00e9laborer des solutions sur mesure pour r\u00e9pondre \u00e0 vos besoins sp\u00e9cifiques. Nous maintenons un contr\u00f4le de qualit\u00e9 strict tout au long du processus, depuis l'arriv\u00e9e des mat\u00e9riaux jusqu'\u00e0 l'exp\u00e9dition finale, afin de garantir des produits coh\u00e9rents et performants.<\/p>\n<p><strong>Meskernel offre \u00e9galement une livraison rapide<\/strong>-Les commandes d'\u00e9chantillons r\u00e9guli\u00e8res peuvent \u00eatre exp\u00e9di\u00e9es dans les 3 jours et l'assistance technique 24 heures sur 24, 7 jours sur 7, vous fournit des conseils rapides chaque fois que vous en avez besoin. Avec nos prix avantageux, nous offrons l'\u00e9quilibre parfait entre qualit\u00e9, rapidit\u00e9 et valeur pour toutes vos solutions de mesure laser.<\/p>\n<p>&nbsp;<\/p>","protected":false},"excerpt":{"rendered":"<p>Le capteur Telescope Laser offre des mesures pr\u00e9cises et de longue port\u00e9e jusqu'\u00e0 3000 m\u00e8tres, ce qui le rend id\u00e9al pour l'arpentage, la construction et la surveillance ext\u00e9rieure. Dot\u00e9 d'un laser 905 nm sans danger pour les yeux, d'un \u00e9cran LCD \u00e0 haute transmission pour des r\u00e9sultats instantan\u00e9s et d'un t\u00e9lescope monoculaire 6x pour une visibilit\u00e9 claire, ce module garantit \u00e0 la fois la pr\u00e9cision et la facilit\u00e9 d'utilisation. Que vous travailliez en plein soleil ou dans des environnements difficiles, ses fonctions avanc\u00e9es et sa conception durable garantissent des performances fiables. De plus, gr\u00e2ce \u00e0 ses options d'int\u00e9gration personnalisables, il s'int\u00e8gre parfaitement \u00e0 votre syst\u00e8me et offre la flexibilit\u00e9 n\u00e9cessaire pour r\u00e9pondre \u00e0 vos besoins sp\u00e9cifiques.<\/p>","protected":false},"featured_media":3009,"template":"","meta":{"site-sidebar-layout":"default","site-content-layout":"","ast-site-content-layout":"default","site-content-style":"default","site-sidebar-style":"default","ast-global-header-display":"","ast-banner-title-visibility":"","ast-main-header-display":"","ast-hfb-above-header-display":"","ast-hfb-below-header-display":"","ast-hfb-mobile-header-display":"","site-post-title":"","ast-breadcrumbs-content":"","ast-featured-img":"","footer-sml-layout":"","ast-disable-related-posts":"","theme-transparent-header-meta":"default","adv-header-id-meta":"","stick-header-meta":"","header-above-stick-meta":"","header-main-stick-meta":"","header-below-stick-meta":"","astra-migrate-meta-layouts":"set","ast-page-background-enabled":"default","ast-page-background-meta":{"desktop":{"background-color":"var(--ast-global-color-4)","background-image":"","background-repeat":"repeat","background-position":"center center","background-size":"auto","background-attachment":"scroll","background-type":"","background-media":"","overlay-type":"","overlay-color":"","overlay-opacity":"","overlay-gradient":""},"tablet":{"background-color":"","background-image":"","background-repeat":"repeat","background-position":"center center","background-size":"auto","background-attachment":"scroll","background-type":"","background-media":"","overlay-type":"","overlay-color":"","overlay-opacity":"","overlay-gradient":""},"mobile":{"background-color":"","background-image":"","background-repeat":"repeat","background-position":"center center","background-size":"auto","background-attachment":"scroll","background-type":"","background-media":"","overlay-type":"","overlay-color":"","overlay-opacity":"","overlay-gradient":""}},"ast-content-background-meta":{"desktop":{"background-color":"var(--ast-global-color-5)","background-image":"","background-repeat":"repeat","background-position":"center center","background-size":"auto","background-attachment":"scroll","background-type":"","background-media":"","overlay-type":"","overlay-color":"","overlay-opacity":"","overlay-gradient":""},"tablet":{"background-color":"var(--ast-global-color-5)","background-image":"","background-repeat":"repeat","background-position":"center center","background-size":"auto","background-attachment":"scroll","background-type":"","background-media":"","overlay-type":"","overlay-color":"","overlay-opacity":"","overlay-gradient":""},"mobile":{"background-color":"var(--ast-global-color-5)","background-image":"","background-repeat":"repeat","background-position":"center center","background-size":"auto","background-attachment":"scroll","background-type":"","background-media":"","overlay-type":"","overlay-color":"","overlay-opacity":"","overlay-gradient":""}}},"product_brand":[60],"product_cat":[54],"product_tag":[59],"class_list":{"0":"post-117","1":"product","2":"type-product","3":"status-publish","4":"has-post-thumbnail","6":"product_brand-meskernel","7":"product_cat-long-distance-laser-ranging-sensors","8":"product_tag-advantage","9":"desktop-align-center","10":"tablet-align-left","11":"mobile-align-left","13":"first","14":"instock","15":"shipping-taxable","16":"product-type-simple"},"_links":{"self":[{"href":"https:\/\/meskernel.net\/fr\/wp-json\/wp\/v2\/product\/117","targetHints":{"allow":["GET"]}}],"collection":[{"href":"https:\/\/meskernel.net\/fr\/wp-json\/wp\/v2\/product"}],"about":[{"href":"https:\/\/meskernel.net\/fr\/wp-json\/wp\/v2\/types\/product"}],"version-history":[{"count":0,"href":"https:\/\/meskernel.net\/fr\/wp-json\/wp\/v2\/product\/117\/revisions"}],"wp:featuredmedia":[{"embeddable":true,"href":"https:\/\/meskernel.net\/fr\/wp-json\/wp\/v2\/media\/3009"}],"wp:attachment":[{"href":"https:\/\/meskernel.net\/fr\/wp-json\/wp\/v2\/media?parent=117"}],"wp:term":[{"taxonomy":"product_brand","embeddable":true,"href":"https:\/\/meskernel.net\/fr\/wp-json\/wp\/v2\/product_brand?post=117"},{"taxonomy":"product_cat","embeddable":true,"href":"https:\/\/meskernel.net\/fr\/wp-json\/wp\/v2\/product_cat?post=117"},{"taxonomy":"product_tag","embeddable":true,"href":"https:\/\/meskernel.net\/fr\/wp-json\/wp\/v2\/product_tag?post=117"}],"curies":[{"name":"wp","href":"https:\/\/api.w.org\/{rel}","templated":true}]}}