{"id":121,"date":"2024-10-10T11:08:43","date_gmt":"2024-10-10T03:08:43","guid":{"rendered":"http:\/\/170.106.98.143\/?post_type=product&#038;p=121"},"modified":"2026-01-28T09:41:39","modified_gmt":"2026-01-28T01:41:39","slug":"capteur-longue-distance","status":"publish","type":"product","link":"https:\/\/meskernel.net\/fr\/product\/long-distance-sensor\/","title":{"rendered":"Capteur d'impulsions \u00e0 longue distance 1100m TTL Classe de s\u00e9curit\u00e9 1"},"content":{"rendered":"<p>Le capteur de longue distance est un module qui utilise la technologie du laser puls\u00e9 pour mesurer la distance. Il \u00e9met une s\u00e9rie de faisceaux laser puls\u00e9s et calcule la distance entre l'objet cible et le module en mesurant le temps d'aller-retour des faisceaux laser.Le capteur laser de t\u00e9l\u00e9m\u00e9trie PTFS a une grande pr\u00e9cision de t\u00e9l\u00e9m\u00e9trie et une longue port\u00e9e, une forte capacit\u00e9 anti-brouillage, un support pour le d\u00e9veloppement secondaire, un grand nombre de port\u00e9es, sans danger pour l'\u0153il humain 905 nm, une fr\u00e9quence personnalisable (20-3500 Hz), disponible \u00e0 la fois pour l'int\u00e9rieur et pour l'ext\u00e9rieur. Il peut \u00eatre largement utilis\u00e9 dans la mesure de la vitesse, du d\u00e9placement, de la distance et dans d'autres domaines.<\/p>\n<figure id=\"attachment_2981\" aria-describedby=\"caption-attachment-2981\" style=\"width: 1000px\" class=\"wp-caption aligncenter\"><img fetchpriority=\"high\" decoding=\"async\" class=\"wp-image-2981 size-full\" title=\"Capteur longue distance PTFS\" src=\"https:\/\/meskernel.net\/wp-content\/uploads\/2024\/10\/Long-Distance-Sensor-PTFS.jpg\" alt=\"Capteur longue distance PTFS\" width=\"1000\" height=\"500\" srcset=\"https:\/\/meskernel.net\/wp-content\/uploads\/2024\/10\/Long-Distance-Sensor-PTFS.jpg 1000w, https:\/\/meskernel.net\/wp-content\/uploads\/2024\/10\/Long-Distance-Sensor-PTFS-300x150.jpg 300w, https:\/\/meskernel.net\/wp-content\/uploads\/2024\/10\/Long-Distance-Sensor-PTFS-768x384.jpg 768w, https:\/\/meskernel.net\/wp-content\/uploads\/2024\/10\/Long-Distance-Sensor-PTFS-400x200.jpg 400w\" sizes=\"(max-width: 1000px) 100vw, 1000px\" \/><figcaption id=\"caption-attachment-2981\" class=\"wp-caption-text\">Capteur longue distance PTFS<\/figcaption><\/figure>\n<p>Le capteur de distance Compact Pulse Long Distance Sensor fournit des mesures de distance pr\u00e9cises et fiables pour diverses applications. Avec des plages de mesure allant de 100 \u00e0 1100 m\u00e8tres, il s'adapte aux t\u00e2ches de moyenne et longue port\u00e9e. Qu'il s'agisse de construction, d'arpentage, de robotique ou de surveillance \u00e0 distance, ce module garantit des r\u00e9sultats pr\u00e9cis, m\u00eame dans des environnements difficiles.<\/p>\n<h3>Caract\u00e9ristiques principales pour une performance sup\u00e9rieure<\/h3>\n<ul>\n<li><strong>Des options de distance flexibles :<\/strong><br \/>\nLe capteur longue distance Pulse offre plusieurs options de port\u00e9e, notamment 100 m\u00e8tres, 400 m\u00e8tres, 700 m\u00e8tres et 1100 m\u00e8tres. Cette flexibilit\u00e9 vous permet d'adapter le module \u00e0 toute une s\u00e9rie d'applications. Que vous ayez besoin de mesurer de courtes distances dans le cadre d'un projet de robotique ou de vous attaquer \u00e0 des zones plus vastes dans le cadre de travaux d'arpentage, vous pouvez compter sur des r\u00e9sultats coh\u00e9rents et pr\u00e9cis \u00e0 chaque fois.<\/li>\n<li><strong>Haute fr\u00e9quence pour une r\u00e9ponse rapide :<\/strong><br \/>\nCe module se distingue par sa gamme de fr\u00e9quences personnalisable de 50 Hz \u00e0 500 Hz, ce qui le rend parfait pour les applications qui exigent une collecte de donn\u00e9es rapide, telles que la robotique, l'automatisation et la surveillance dynamique. Gr\u00e2ce \u00e0 ses capacit\u00e9s haute fr\u00e9quence, le module fournit des mesures rapides et en temps r\u00e9el, ce qui vous permet de capturer des donn\u00e9es rapidement et avec pr\u00e9cision dans des environnements \u00e0 grande vitesse.<\/li>\n<li><strong>Une int\u00e9gration sans faille :<\/strong><br \/>\nLa conception carr\u00e9e du capteur longue distance Pulse facilite son int\u00e9gration dans une grande vari\u00e9t\u00e9 de syst\u00e8mes. Sa taille compacte convient aux applications o\u00f9 l'espace est limit\u00e9, comme dans les drones, les plateformes robotiques et les syst\u00e8mes embarqu\u00e9s. Gr\u00e2ce \u00e0 la simplicit\u00e9 du processus d'int\u00e9gration, vous pouvez rapidement incorporer ce module dans votre configuration avec un minimum de complexit\u00e9, ce qui vous permet de gagner un temps pr\u00e9cieux et de r\u00e9duire les efforts de configuration.<\/li>\n<li><strong>Durable et fiable :<\/strong><br \/>\nDot\u00e9 d'une technologie puls\u00e9e et d'un laser de 905 nm, le module est con\u00e7u pour durer longtemps. Il est devenu un choix fiable pour les applications exigeantes apr\u00e8s avoir fait l'objet de plusieurs mises \u00e0 jour techniques et it\u00e9rations. Qu'il soit d\u00e9ploy\u00e9 dans des environnements ext\u00e9rieurs ou utilis\u00e9 pour la surveillance industrielle, ce module est fiable et fournit des mesures pr\u00e9cises m\u00eame dans des conditions difficiles.<\/li>\n<\/ul>\n<figure id=\"attachment_2982\" aria-describedby=\"caption-attachment-2982\" style=\"width: 800px\" class=\"wp-caption aligncenter\"><img decoding=\"async\" class=\"wp-image-2982 size-full\" title=\"Capteur longue distance\" src=\"https:\/\/meskernel.net\/wp-content\/uploads\/2024\/10\/PTFS-Long-Distance-Sensor.jpg\" alt=\"Capteur longue distance\" width=\"800\" height=\"800\" srcset=\"https:\/\/meskernel.net\/wp-content\/uploads\/2024\/10\/PTFS-Long-Distance-Sensor.jpg 800w, https:\/\/meskernel.net\/wp-content\/uploads\/2024\/10\/PTFS-Long-Distance-Sensor-300x300.jpg 300w, https:\/\/meskernel.net\/wp-content\/uploads\/2024\/10\/PTFS-Long-Distance-Sensor-150x150.jpg 150w, https:\/\/meskernel.net\/wp-content\/uploads\/2024\/10\/PTFS-Long-Distance-Sensor-768x768.jpg 768w, https:\/\/meskernel.net\/wp-content\/uploads\/2024\/10\/PTFS-Long-Distance-Sensor-400x400.jpg 400w, https:\/\/meskernel.net\/wp-content\/uploads\/2024\/10\/PTFS-Long-Distance-Sensor-100x100.jpg 100w\" sizes=\"(max-width: 800px) 100vw, 800px\" \/><figcaption id=\"caption-attachment-2982\" class=\"wp-caption-text\">Capteur longue distance<\/figcaption><\/figure>\n<h3>Personnalisation pour r\u00e9pondre \u00e0 vos besoins exacts<\/h3>\n<p>En plus de ses excellentes caract\u00e9ristiques standard, le capteur Pulse Long Distance offre des options de personnalisation flexibles pour r\u00e9pondre aux besoins sp\u00e9cifiques de votre projet. Vous pouvez ajuster la plage de mesure, les param\u00e8tres de fr\u00e9quence ou choisir entre les interfaces TTL, RS485 ou RS232. Nos solutions personnalis\u00e9es garantissent que ce module s'int\u00e8gre parfaitement \u00e0 votre syst\u00e8me et offre les performances exactes requises pour votre application.<\/p>\n<h3>Pourquoi choisir le module de distance laser \u00e0 impulsions compact ?<\/h3>\n<p>Le capteur Compact Pulse Long Distance combine pr\u00e9cision, flexibilit\u00e9 et durabilit\u00e9. Que vous travailliez dans le domaine de l'arpentage, de la robotique ou de la surveillance \u00e0 distance, ce module fournit les mesures rapides et pr\u00e9cises dont vous avez besoin. Sa facilit\u00e9 d'int\u00e9gration, ses fonctions personnalisables et ses performances durables en font un excellent choix pour un large \u00e9ventail d'industries. De plus, gr\u00e2ce aux services de personnalisation, vous pouvez adapter le module aux exigences uniques de votre projet et vous assurer qu'il fournit les meilleurs r\u00e9sultats.<\/p>\n<p class=\"elementor-heading-title elementor-size-default\"><a href=\"https:\/\/meskernel.net\/fr\/ttl-laser-rangefinder-module\/\">Module de t\u00e9l\u00e9m\u00e8tre laser TTL : Guide de s\u00e9lection, d'int\u00e9gration et d'achat<\/a><\/p>","protected":false},"excerpt":{"rendered":"<p>Le capteur Compact Pulse Long Distance fournit des mesures pr\u00e9cises et fiables avec des options de port\u00e9e flexibles allant de 100 \u00e0 1100 m\u00e8tres. Ses capacit\u00e9s \u00e0 haute fr\u00e9quence, ses param\u00e8tres personnalisables et sa conception compacte le rendent id\u00e9al pour des applications telles que la robotique, l'arpentage et la surveillance \u00e0 distance.<strong>.<\/strong> La facilit\u00e9 d'int\u00e9gration, la durabilit\u00e9 et les performances \u00e0 long terme du module lui permettent d'exceller dans les projets de petite ou de grande envergure. De plus, nous proposons des services de personnalisation pour adapter le module \u00e0 vos besoins sp\u00e9cifiques, afin de fournir une solution parfaitement adapt\u00e9e \u00e0 votre application.<\/p>","protected":false},"featured_media":3008,"template":"","meta":{"site-sidebar-layout":"default","site-content-layout":"","ast-site-content-layout":"default","site-content-style":"default","site-sidebar-style":"default","ast-global-header-display":"","ast-banner-title-visibility":"","ast-main-header-display":"","ast-hfb-above-header-display":"","ast-hfb-below-header-display":"","ast-hfb-mobile-header-display":"","site-post-title":"","ast-breadcrumbs-content":"","ast-featured-img":"","footer-sml-layout":"","ast-disable-related-posts":"","theme-transparent-header-meta":"default","adv-header-id-meta":"","stick-header-meta":"","header-above-stick-meta":"","header-main-stick-meta":"","header-below-stick-meta":"","astra-migrate-meta-layouts":"set","ast-page-background-enabled":"default","ast-page-background-meta":{"desktop":{"background-color":"var(--ast-global-color-4)","background-image":"","background-repeat":"repeat","background-position":"center center","background-size":"auto","background-attachment":"scroll","background-type":"","background-media":"","overlay-type":"","overlay-color":"","overlay-opacity":"","overlay-gradient":""},"tablet":{"background-color":"","background-image":"","background-repeat":"repeat","background-position":"center center","background-size":"auto","background-attachment":"scroll","background-type":"","background-media":"","overlay-type":"","overlay-color":"","overlay-opacity":"","overlay-gradient":""},"mobile":{"background-color":"","background-image":"","background-repeat":"repeat","background-position":"center center","background-size":"auto","background-attachment":"scroll","background-type":"","background-media":"","overlay-type":"","overlay-color":"","overlay-opacity":"","overlay-gradient":""}},"ast-content-background-meta":{"desktop":{"background-color":"var(--ast-global-color-5)","background-image":"","background-repeat":"repeat","background-position":"center center","background-size":"auto","background-attachment":"scroll","background-type":"","background-media":"","overlay-type":"","overlay-color":"","overlay-opacity":"","overlay-gradient":""},"tablet":{"background-color":"var(--ast-global-color-5)","background-image":"","background-repeat":"repeat","background-position":"center center","background-size":"auto","background-attachment":"scroll","background-type":"","background-media":"","overlay-type":"","overlay-color":"","overlay-opacity":"","overlay-gradient":""},"mobile":{"background-color":"var(--ast-global-color-5)","background-image":"","background-repeat":"repeat","background-position":"center center","background-size":"auto","background-attachment":"scroll","background-type":"","background-media":"","overlay-type":"","overlay-color":"","overlay-opacity":"","overlay-gradient":""}}},"product_brand":[60],"product_cat":[54],"product_tag":[],"class_list":{"0":"post-121","1":"product","2":"type-product","3":"status-publish","4":"has-post-thumbnail","6":"product_brand-meskernel","7":"product_cat-long-distance-laser-ranging-sensors","8":"desktop-align-center","9":"tablet-align-left","10":"mobile-align-left","12":"first","13":"instock","14":"shipping-taxable","15":"product-type-simple"},"_links":{"self":[{"href":"https:\/\/meskernel.net\/fr\/wp-json\/wp\/v2\/product\/121","targetHints":{"allow":["GET"]}}],"collection":[{"href":"https:\/\/meskernel.net\/fr\/wp-json\/wp\/v2\/product"}],"about":[{"href":"https:\/\/meskernel.net\/fr\/wp-json\/wp\/v2\/types\/product"}],"version-history":[{"count":0,"href":"https:\/\/meskernel.net\/fr\/wp-json\/wp\/v2\/product\/121\/revisions"}],"wp:featuredmedia":[{"embeddable":true,"href":"https:\/\/meskernel.net\/fr\/wp-json\/wp\/v2\/media\/3008"}],"wp:attachment":[{"href":"https:\/\/meskernel.net\/fr\/wp-json\/wp\/v2\/media?parent=121"}],"wp:term":[{"taxonomy":"product_brand","embeddable":true,"href":"https:\/\/meskernel.net\/fr\/wp-json\/wp\/v2\/product_brand?post=121"},{"taxonomy":"product_cat","embeddable":true,"href":"https:\/\/meskernel.net\/fr\/wp-json\/wp\/v2\/product_cat?post=121"},{"taxonomy":"product_tag","embeddable":true,"href":"https:\/\/meskernel.net\/fr\/wp-json\/wp\/v2\/product_tag?post=121"}],"curies":[{"name":"wp","href":"https:\/\/api.w.org\/{rel}","templated":true}]}}