{"id":2824,"date":"2024-11-28T15:49:57","date_gmt":"2024-11-28T07:49:57","guid":{"rendered":"https:\/\/meskernel.net\/?post_type=product&#038;p=2824"},"modified":"2025-07-03T13:43:25","modified_gmt":"2025-07-03T05:43:25","slug":"capteurs-de-mesure-de-distance","status":"publish","type":"product","link":"https:\/\/meskernel.net\/fr\/product\/distance-measuring-sensors\/","title":{"rendered":"Capteurs de mesure de distance IP67 LDK-P4 40m 10Hz"},"content":{"rendered":"<h3><strong> Capteurs de mesure de distance de haute pr\u00e9cision - pr\u00e9cis, durables et personnalisables<\/strong><\/h3>\n<p>Nos capteurs de mesure de distance offrent des performances exceptionnelles pour une large gamme d'applications industrielles, scientifiques et ext\u00e9rieures. Dot\u00e9s d'un bo\u00eetier de protection industriel, d'interfaces de communication multiples et de capacit\u00e9s de mesure de haute pr\u00e9cision, ces capteurs sont con\u00e7us pour une int\u00e9gration transparente et un fonctionnement fiable. Que vous ayez besoin de capteurs pour la robotique, l'automatisation ou l'arpentage, nos capteurs de mesure de distance offrent la flexibilit\u00e9, la durabilit\u00e9 et la pr\u00e9cision dont vous avez besoin. De plus, nous proposons des services OEM et ODM pour personnaliser les capteurs en fonction de vos besoins sp\u00e9cifiques.<\/p>\n<h3>Caract\u00e9ristiques principales de nos capteurs de mesure de distance<\/h3>\n<ul>\n<li><strong>Bo\u00eetier de protection industriel robuste pour les environnements difficiles<\/strong><\/li>\n<\/ul>\n<p style=\"padding-left: 40px;\">Nos capteurs de mesure de distance sont dot\u00e9s d'une coque m\u00e9tallique robuste en alliage d'aluminium (taille : LDK-P4 75,00 x 47,00 x 21,05 mm), con\u00e7ue pour r\u00e9sister aux conditions les plus difficiles. Les caract\u00e9ristiques de r\u00e9sistance aux \u00e9claboussures et \u00e0 la poussi\u00e8re de ce bo\u00eetier garantissent un fonctionnement fiable dans les environnements difficiles, tels que les chantiers de construction, les usines et les sites ext\u00e9rieurs. L'indice de protection IP (conform\u00e9ment \u00e0 la norme IEC 60529) garantit que ces capteurs sont tr\u00e8s r\u00e9sistants aux infiltrations d'eau et de poussi\u00e8re, assurant ainsi une protection \u00e0 long terme et des performances optimales dans toutes les conditions.<\/p>\n<ul>\n<li><strong>Large plage de mesure : 0,03m \u00e0 60m<\/strong><\/li>\n<\/ul>\n<p style=\"padding-left: 40px;\">Nos capteurs de mesure de distance offrent une plage de mesure flexible de 0,03 m \u00e0 40 m ou de 0,03 m \u00e0 60 m, fournissant des relev\u00e9s de distance pr\u00e9cis pour les applications \u00e0 courte et moyenne port\u00e9e. Qu'il s'agisse de suivre des objets, de mesurer des distances pour l'automatisation ou de surveiller de grandes zones, ces capteurs fournissent des r\u00e9sultats pr\u00e9cis et coh\u00e9rents pour divers cas d'utilisation.<\/p>\n<ul>\n<li><strong>Mesure de distance de haute pr\u00e9cision<\/strong><\/li>\n<\/ul>\n<p style=\"padding-left: 40px;\">Le capteur de mesure de la distance assure des mesures de haute pr\u00e9cision avec une exactitude de <strong>\u00b1<\/strong>(3mm + D \u00d7 (1\/10000)), o\u00f9 <strong>D<\/strong> est la distance mesur\u00e9e. Ce niveau de pr\u00e9cision exceptionnel rend ces capteurs parfaits pour la robotique, la surveillance de la position et l'arpentage, o\u00f9 chaque millim\u00e8tre compte. La possibilit\u00e9 de s'appuyer sur des relev\u00e9s de distance pr\u00e9cis est cruciale pour les applications qui n\u00e9cessitent des mesures pr\u00e9cises.<\/p>\n<ul>\n<li><strong>Interfaces de communication multiples : TTL, RS485, RS232<\/strong><\/li>\n<\/ul>\n<p style=\"padding-left: 40px;\">Nos capteurs de mesure de distance prennent en charge une vari\u00e9t\u00e9 d'interfaces de communication, y compris TTL, RS485 et RS232, ce qui garantit une int\u00e9gration facile dans les syst\u00e8mes existants. Cette flexibilit\u00e9 permet au capteur de se connecter de mani\u00e8re transparente aux microcontr\u00f4leurs, aux syst\u00e8mes PLC et \u00e0 d'autres dispositifs d'automatisation industrielle. Que vous int\u00e9griez le capteur dans un syst\u00e8me d'automatisation complexe ou dans un dispositif autonome, il est facile d'adapter notre capteur \u00e0 votre configuration.<\/p>\n<ul>\n<li><strong>Large gamme de fr\u00e9quences : 3Hz \u00e0 10Hz<\/strong><\/li>\n<\/ul>\n<p style=\"padding-left: 40px;\">Le capteur fonctionne dans une plage de fr\u00e9quences de 3 \u00e0 10 Hz, ce qui le rend id\u00e9al pour les applications de mesure en temps r\u00e9el. Gr\u00e2ce \u00e0 cette plage, le capteur de mesure de distance est capable de g\u00e9rer des syst\u00e8mes dynamiques et des objets se d\u00e9pla\u00e7ant rapidement, fournissant des donn\u00e9es continues et pr\u00e9cises pour le suivi d'objets, le positionnement et la cartographie des distances.<\/p>\n<h3>Pourquoi choisir nos capteurs de mesure de distance ?<\/h3>\n<ul>\n<li><strong>Construction durable et fiable<\/strong>: Le bo\u00eetier en alliage d'aluminium et la protection IP garantissent que ces capteurs peuvent supporter des conditions extr\u00eames, notamment l'humidit\u00e9, la poussi\u00e8re et les chocs physiques. Ils conviennent donc \u00e0 une utilisation en ext\u00e9rieur et dans l'industrie.<\/li>\n<li><strong>Pr\u00e9cision sup\u00e9rieure<\/strong>: Avec <strong>\u00b1<\/strong>(3 mm + D \u00d7 (1\/10000)), ces capteurs fournissent des mesures pr\u00e9cises, garantissant des donn\u00e9es fiables pour des applications de haute pr\u00e9cision telles que la robotique, l'automatisation et l'arpentage.<\/li>\n<li><strong>Options d'int\u00e9gration flexibles<\/strong>: Les interfaces TTL, RS485 et RS232 offrent une grande souplesse d'int\u00e9gration des capteurs dans divers syst\u00e8mes, des microcontr\u00f4leurs aux plates-formes d'automatisation industrielle.<\/li>\n<li><strong>Solutions personnalis\u00e9es<\/strong>: En tant que fabricant, nous proposons des services OEM et ODM pour adapter les param\u00e8tres du capteur \u00e0 vos besoins sp\u00e9cifiques, qu'il s'agisse d'une plage de mesure diff\u00e9rente, d'un protocole de communication ou d'autres ajustements.<\/li>\n<li><strong>Une tarification rentable<\/strong>: En achetant directement \u00e0 l'usine, vous b\u00e9n\u00e9ficiez de prix comp\u00e9titifs sans sacrifier la qualit\u00e9, ce qui fait de nos capteurs une solution abordable pour les projets \u00e0 petite ou grande \u00e9chelle.<\/li>\n<\/ul>\n<h3>Applications de nos capteurs de mesure de distance<\/h3>\n<p>Nos capteurs de mesure de distance sont polyvalents et id\u00e9aux pour divers secteurs d'activit\u00e9, notamment :<\/p>\n<ul>\n<li><strong>Automatisation industrielle<\/strong>: Pour la d\u00e9tection pr\u00e9cise d'objets, la surveillance de la position et l'automatisation dans la fabrication, les cha\u00eenes de montage et les syst\u00e8mes d'entreposage.<\/li>\n<li><strong>Robotique et v\u00e9hicules autonomes<\/strong>: Essentiel pour la navigation en temps r\u00e9el, l'\u00e9vitement des obstacles et la mesure des distances dans les syst\u00e8mes robotiques et les v\u00e9hicules autonomes.<\/li>\n<li><strong>Lev\u00e9s et cartographie<\/strong>: Parfait pour l'arpentage, les mesures de construction et la cartographie topographique, o\u00f9 la pr\u00e9cision est essentielle.<\/li>\n<li><a href=\"https:\/\/meskernel.net\/fr\/application\/surveillance-de-lenvironnement\/\"><strong>Surveillance de l'environnement<\/strong><\/a>: Convient aux applications ext\u00e9rieures telles que la cartographie de terrain, la surveillance agricole et la collecte de donn\u00e9es environnementales.<\/li>\n<li><strong>Manutention et logistique<\/strong>: Id\u00e9al pour le suivi en temps r\u00e9el des objets, la gestion des stocks et le positionnement dans les syst\u00e8mes de logistique et d'entreposage.<\/li>\n<\/ul>\n<h3>Pourquoi nos clients font-ils confiance \u00e0 nos capteurs de mesure de distance ?<\/h3>\n<ul>\n<li><strong>Haute durabilit\u00e9<\/strong>: La combinaison d'un bo\u00eetier en alliage d'aluminium et d'une protection IP permet au capteur de r\u00e9sister aux environnements difficiles et d'offrir un fonctionnement fiable ann\u00e9e apr\u00e8s ann\u00e9e.<\/li>\n<li><strong>Une pr\u00e9cision sur laquelle vous pouvez compter<\/strong>: Nos capteurs de mesure de distance garantissent des mesures pr\u00e9cises et fournissent des donn\u00e9es exactes qui r\u00e9pondent aux normes les plus strictes en mati\u00e8re d'utilisation industrielle et scientifique.<\/li>\n<li><strong>Int\u00e9gration facile<\/strong>: Avec de multiples interfaces de communication telles que TTL, RS485 et RS232, nos capteurs s'int\u00e8grent sans effort dans les syst\u00e8mes existants, r\u00e9duisant ainsi le temps et la complexit\u00e9 de l'installation.<\/li>\n<li><strong>Adapt\u00e9 \u00e0 vos besoins<\/strong>: Nous proposons des services OEM et ODM pour personnaliser vos capteurs en fonction des besoins sp\u00e9cifiques de votre application, en veillant \u00e0 ce que le capteur r\u00e9ponde exactement \u00e0 vos exigences.<\/li>\n<li><strong>Prix directs d'usine<\/strong>: En tant que fabricant, nous proposons des prix comp\u00e9titifs, ce qui vous permet de r\u00e9duire vos co\u00fbts tout en obtenant des capteurs de haute qualit\u00e9 pour vos projets.<\/li>\n<\/ul>\n<p><img fetchpriority=\"high\" decoding=\"async\" class=\"wp-image-3215 size-full\" title=\"Capteurs de mesure de distance\" src=\"https:\/\/meskernel.net\/wp-content\/uploads\/2024\/11\/USB-Laser-Sensor-2.jpg\" alt=\"Capteurs de mesure de distance\" width=\"1400\" height=\"300\" srcset=\"https:\/\/meskernel.net\/wp-content\/uploads\/2024\/11\/USB-Laser-Sensor-2.jpg 1400w, https:\/\/meskernel.net\/wp-content\/uploads\/2024\/11\/USB-Laser-Sensor-2-300x64.jpg 300w, https:\/\/meskernel.net\/wp-content\/uploads\/2024\/11\/USB-Laser-Sensor-2-1024x219.jpg 1024w, https:\/\/meskernel.net\/wp-content\/uploads\/2024\/11\/USB-Laser-Sensor-2-768x165.jpg 768w, https:\/\/meskernel.net\/wp-content\/uploads\/2024\/11\/USB-Laser-Sensor-2-400x86.jpg 400w\" sizes=\"(max-width: 1400px) 100vw, 1400px\" \/><\/p>\n<p>Nos capteurs laser de mesure de distance offrent une combinaison parfaite de durabilit\u00e9, de pr\u00e9cision et de flexibilit\u00e9 pour une large gamme d'applications. Que vous ayez besoin de capteurs pour l'automatisation industrielle, la robotique ou la topographie, nos produits offrent des performances fiables, m\u00eame dans les conditions les plus difficiles. Gr\u00e2ce \u00e0 nos services de personnalisation OEM et ODM, nous pouvons adapter le capteur \u00e0 vos besoins sp\u00e9cifiques. Contactez-nous d\u00e8s aujourd'hui pour d\u00e9couvrir comment nos capteurs de mesure de distance peuvent vous aider \u00e0 rationaliser vos op\u00e9rations gr\u00e2ce \u00e0 leur pr\u00e9cision, leur durabilit\u00e9 et leur rentabilit\u00e9.<\/p>","protected":false},"excerpt":{"rendered":"<p>D\u00e9couvrez les capteurs de mesure de distance de haute pr\u00e9cision con\u00e7us pour les applications industrielles, robotiques et ext\u00e9rieures. Offrant des mesures pr\u00e9cises (\u00b13mm + D \u00d7 1\/10000), un bo\u00eetier de protection IP robuste et des interfaces TTL\/RS485\/RS232 flexibles, ces capteurs sont parfaits pour les environnements difficiles. Gr\u00e2ce aux options de personnalisation OEM et ODM disponibles, vous pouvez adapter le capteur \u00e0 vos besoins. B\u00e9n\u00e9ficiez d'un prix direct usine et de performances fiables dans les domaines de l'automatisation, de l'arpentage et bien plus encore.<\/p>","protected":false},"featured_media":2825,"template":"","meta":{"site-sidebar-layout":"default","site-content-layout":"","ast-site-content-layout":"default","site-content-style":"default","site-sidebar-style":"default","ast-global-header-display":"","ast-banner-title-visibility":"","ast-main-header-display":"","ast-hfb-above-header-display":"","ast-hfb-below-header-display":"","ast-hfb-mobile-header-display":"","site-post-title":"","ast-breadcrumbs-content":"","ast-featured-img":"","footer-sml-layout":"","ast-disable-related-posts":"","theme-transparent-header-meta":"default","adv-header-id-meta":"","stick-header-meta":"","header-above-stick-meta":"","header-main-stick-meta":"","header-below-stick-meta":"","astra-migrate-meta-layouts":"set","ast-page-background-enabled":"default","ast-page-background-meta":{"desktop":{"background-color":"var(--ast-global-color-4)","background-image":"","background-repeat":"repeat","background-position":"center center","background-size":"auto","background-attachment":"scroll","background-type":"","background-media":"","overlay-type":"","overlay-color":"","overlay-opacity":"","overlay-gradient":""},"tablet":{"background-color":"","background-image":"","background-repeat":"repeat","background-position":"center center","background-size":"auto","background-attachment":"scroll","background-type":"","background-media":"","overlay-type":"","overlay-color":"","overlay-opacity":"","overlay-gradient":""},"mobile":{"background-color":"","background-image":"","background-repeat":"repeat","background-position":"center center","background-size":"auto","background-attachment":"scroll","background-type":"","background-media":"","overlay-type":"","overlay-color":"","overlay-opacity":"","overlay-gradient":""}},"ast-content-background-meta":{"desktop":{"background-color":"var(--ast-global-color-5)","background-image":"","background-repeat":"repeat","background-position":"center center","background-size":"auto","background-attachment":"scroll","background-type":"","background-media":"","overlay-type":"","overlay-color":"","overlay-opacity":"","overlay-gradient":""},"tablet":{"background-color":"var(--ast-global-color-5)","background-image":"","background-repeat":"repeat","background-position":"center center","background-size":"auto","background-attachment":"scroll","background-type":"","background-media":"","overlay-type":"","overlay-color":"","overlay-opacity":"","overlay-gradient":""},"mobile":{"background-color":"var(--ast-global-color-5)","background-image":"","background-repeat":"repeat","background-position":"center center","background-size":"auto","background-attachment":"scroll","background-type":"","background-media":"","overlay-type":"","overlay-color":"","overlay-opacity":"","overlay-gradient":""}}},"product_brand":[60],"product_cat":[33],"product_tag":[],"class_list":{"0":"post-2824","1":"product","2":"type-product","3":"status-publish","4":"has-post-thumbnail","6":"product_brand-meskernel","7":"product_cat-industrial-laser-distance-sensors","8":"desktop-align-center","9":"tablet-align-left","10":"mobile-align-left","12":"first","13":"instock","14":"shipping-taxable","15":"product-type-simple"},"_links":{"self":[{"href":"https:\/\/meskernel.net\/fr\/wp-json\/wp\/v2\/product\/2824","targetHints":{"allow":["GET"]}}],"collection":[{"href":"https:\/\/meskernel.net\/fr\/wp-json\/wp\/v2\/product"}],"about":[{"href":"https:\/\/meskernel.net\/fr\/wp-json\/wp\/v2\/types\/product"}],"version-history":[{"count":0,"href":"https:\/\/meskernel.net\/fr\/wp-json\/wp\/v2\/product\/2824\/revisions"}],"wp:featuredmedia":[{"embeddable":true,"href":"https:\/\/meskernel.net\/fr\/wp-json\/wp\/v2\/media\/2825"}],"wp:attachment":[{"href":"https:\/\/meskernel.net\/fr\/wp-json\/wp\/v2\/media?parent=2824"}],"wp:term":[{"taxonomy":"product_brand","embeddable":true,"href":"https:\/\/meskernel.net\/fr\/wp-json\/wp\/v2\/product_brand?post=2824"},{"taxonomy":"product_cat","embeddable":true,"href":"https:\/\/meskernel.net\/fr\/wp-json\/wp\/v2\/product_cat?post=2824"},{"taxonomy":"product_tag","embeddable":true,"href":"https:\/\/meskernel.net\/fr\/wp-json\/wp\/v2\/product_tag?post=2824"}],"curies":[{"name":"wp","href":"https:\/\/api.w.org\/{rel}","templated":true}]}}