{"id":2829,"date":"2024-11-28T16:38:31","date_gmt":"2024-11-28T08:38:31","guid":{"rendered":"https:\/\/meskernel.net\/?post_type=product&#038;p=2829"},"modified":"2025-07-03T13:42:49","modified_gmt":"2025-07-03T05:42:49","slug":"capteur-de-distance-itof","status":"publish","type":"product","link":"https:\/\/meskernel.net\/fr\/product\/itof-distance-sensor\/","title":{"rendered":"Capteur de distance ITOF 20m : am\u00e9liorer la pr\u00e9cision et l'efficacit\u00e9 pour l'industrie 4.0"},"content":{"rendered":"<h3>Capteurs de distance ITOF : La solution id\u00e9ale pour les applications industrielles de haute pr\u00e9cision<\/h3>\n<p>Dans le paysage industriel actuel en constante \u00e9volution, o\u00f9 l'automatisation, la robotique et l'Internet des objets (IoT) remod\u00e8lent les op\u00e9rations, une mesure de distance pr\u00e9cise et fiable est plus critique que jamais. Les capteurs de distance ITOF (Indirect Time-of-Flight) offrent la solution id\u00e9ale, combinant pr\u00e9cision, vitesse et durabilit\u00e9 pour r\u00e9pondre aux exigences des industries modernes. Qu'il s'agisse de robotique, de logistique, de fabrication intelligente ou d'applications ext\u00e9rieures, ces capteurs s'int\u00e8grent parfaitement aux op\u00e9rations et fournissent des donn\u00e9es coh\u00e9rentes en temps r\u00e9el, m\u00eame dans des environnements difficiles.<\/p>\n<p>Alors que les industries adoptent de plus en plus l'automatisation, les technologies bas\u00e9es sur l'IA et l'IoT, les capteurs de distance ITOF sont devenus des outils indispensables pour optimiser l'efficacit\u00e9, am\u00e9liorer la s\u00e9curit\u00e9 et permettre des op\u00e9rations plus intelligentes. Examinons de plus pr\u00e8s les principales caract\u00e9ristiques, les applications r\u00e9elles et la mani\u00e8re dont les capteurs de distance ITOF transforment le secteur industriel.<\/p>\n<h3>Principales caract\u00e9ristiques des capteurs de distance ITOF<\/h3>\n<ol>\n<li><strong>Haute pr\u00e9cision et large plage de mesure<\/strong> Les d\u00e9tecteurs de distance ITOF offrent une pr\u00e9cision impressionnante sur une large plage de mesure, allant de 0,03 m\u00e8tre \u00e0 plus de 40 m\u00e8tres. Ces capteurs atteignent une grande pr\u00e9cision, souvent <em>\u00b1(3mm + D(1\/10000))<\/em>La pr\u00e9cision de la mesure est un facteur d\u00e9terminant de l'efficacit\u00e9 et de l'efficience de l'entreprise, garantissant que les moindres variations sont d\u00e9tect\u00e9es et prises en compte. Dans les secteurs o\u00f9 la moindre erreur peut \u00eatre source d'inefficacit\u00e9 ou de risques pour la s\u00e9curit\u00e9, cette pr\u00e9cision est essentielle. Qu'ils soient utilis\u00e9s pour la navigation robotique, la manutention automatis\u00e9e ou la num\u00e9risation 3D, les capteurs ITOF offrent la fiabilit\u00e9 n\u00e9cessaire \u00e0 des performances pr\u00e9cises.Gr\u00e2ce \u00e0 leur capacit\u00e9 \u00e0 fournir une pr\u00e9cision constante sur des distances variables, ces capteurs sont parfaitement adapt\u00e9s aux syst\u00e8mes d'automatisation complexes et aux plateformes connect\u00e9es \u00e0 l'IoT, o\u00f9 des mesures pr\u00e9cises sont essentielles pour maintenir des op\u00e9rations optimales.<\/li>\n<li><strong>Collecte rapide de donn\u00e9es en temps r\u00e9el (3-20Hz)<\/strong> L'une des caract\u00e9ristiques principales des capteurs de distance ITOF est leur taux \u00e9lev\u00e9 de capture de donn\u00e9es, g\u00e9n\u00e9ralement compris entre 3 et 20 Hz. Cette collecte rapide de donn\u00e9es permet un retour d'information en temps r\u00e9el, ce qui rend ces capteurs id\u00e9aux pour les applications d'automatisation des processus robotiques (RPA), de gestion des stocks, de contr\u00f4le de la qualit\u00e9 et de syst\u00e8mes d'inspection automatis\u00e9s. La capacit\u00e9 \u00e0 collecter rapidement des donn\u00e9es favorise une prise de d\u00e9cision plus rapide, stimulant l'efficacit\u00e9 et optimisant les flux de travail.Alors que les industries s'appuient davantage sur les donn\u00e9es en temps r\u00e9el pour piloter les processus ax\u00e9s sur l'IA et la fabrication intelligente, les capteurs ITOF jouent un r\u00f4le crucial en fournissant les informations rapides et de haute qualit\u00e9 n\u00e9cessaires pour assurer le bon fonctionnement des syst\u00e8mes et s'adapter \u00e0 des conditions dynamiques.<\/li>\n<li><strong>Conception durable et robuste pour les environnements difficiles<\/strong> Les environnements industriels peuvent \u00eatre difficiles pour les \u00e9quipements. Les d\u00e9tecteurs de distance ITOF sont construits avec des mat\u00e9riaux robustes et durables tels que l'alliage d'aluminium pour r\u00e9sister aux chocs, aux vibrations et aux temp\u00e9ratures extr\u00eames. Pour les secteurs expos\u00e9s en permanence \u00e0 des conditions difficiles, tels que la construction, la logistique et les op\u00e9rations en ext\u00e9rieur, les capteurs ITOF offrent la robustesse et la durabilit\u00e9 n\u00e9cessaires \u00e0 une collecte de donn\u00e9es ininterrompue et performante.<\/li>\n<li><strong>Protection IP pour la r\u00e9sistance \u00e0 la poussi\u00e8re et \u00e0 l'eau<\/strong> Les d\u00e9tecteurs de distance ITOF sont dot\u00e9s d'une protection IP \u00e9lev\u00e9e contre la poussi\u00e8re et l'eau, conform\u00e9ment \u00e0 la norme IEC 60529. Ils conviennent donc parfaitement aux environnements o\u00f9 l'humidit\u00e9, la poussi\u00e8re ou les d\u00e9bris sont fr\u00e9quents, tels que l'agriculture, l'exploitation mini\u00e8re et la construction. Que ce soit dans des champs d\u00e9tremp\u00e9s par la pluie ou dans des ateliers poussi\u00e9reux, ces capteurs continuent \u00e0 fonctionner de mani\u00e8re fiable, garantissant que les mesures critiques ne sont pas interrompues par des facteurs environnementaux. Pour les industries qui ont besoin d'un \u00e9quipement capable de fonctionner de mani\u00e8re fiable dans des conditions ext\u00e9rieures difficiles, les capteurs ITOF offrent la protection et la durabilit\u00e9 n\u00e9cessaires pour garantir des performances continues.<\/li>\n<li><strong>Interfaces de communication flexibles pour une int\u00e9gration facile<\/strong> Les capteurs de distance ITOF prennent en charge une large gamme d'interfaces de communication, notamment TTL, RS485 et RS232. Cette flexibilit\u00e9 garantit une int\u00e9gration transparente avec les syst\u00e8mes existants, qu'il s'agisse d'applications robotiques, de lignes de production automatis\u00e9es ou de plateformes bas\u00e9es sur l'IoT. Gr\u00e2ce \u00e0 leur capacit\u00e9 \u00e0 se connecter facilement \u00e0 diff\u00e9rents appareils et r\u00e9seaux, ces capteurs garantissent un flux de donn\u00e9es fluide, am\u00e9liorant l'efficacit\u00e9 du syst\u00e8me et r\u00e9duisant la complexit\u00e9 de l'int\u00e9gration.Dans un monde de plus en plus interconnect\u00e9, la capacit\u00e9 \u00e0 int\u00e9grer des capteurs dans une vari\u00e9t\u00e9 de syst\u00e8mes est essentielle. Les capteurs ITOF offrent la polyvalence n\u00e9cessaire pour soutenir une large gamme d'applications industrielles, de la production automatis\u00e9e aux r\u00e9seaux de t\u00e9l\u00e9d\u00e9tection.<\/li>\n<\/ol>\n<div class=\"ast-oembed-container\" style=\"height: 100%;\"><iframe title=\"Chengdu Meskernel Integrated Technology Co , Ltd\" width=\"500\" height=\"281\" src=\"https:\/\/www.youtube.com\/embed\/l3-XWIFqqic?feature=oembed\" frameborder=\"0\" allow=\"accelerometer; autoplay; clipboard-write; encrypted-media; gyroscope; picture-in-picture; web-share\" referrerpolicy=\"strict-origin-when-cross-origin\" allowfullscreen><\/iframe><\/div>\n<h3>Pourquoi choisir les capteurs de distance ITOF ?<\/h3>\n<ol>\n<li><strong>Permettre une automatisation plus intelligente et une int\u00e9gration de l'IA<\/strong> L'essor des usines intelligentes et de l'automatisation aliment\u00e9e par l'IA a rendu les donn\u00e9es pr\u00e9cises et en temps r\u00e9el essentielles pour une prise de d\u00e9cision efficace. Les capteurs de distance ITOF sont des facilitateurs cl\u00e9s de l'int\u00e9gration de l'IA, fournissant les mesures fiables n\u00e9cessaires pour alimenter les algorithmes d'apprentissage automatique, les outils de maintenance pr\u00e9dictive et les syst\u00e8mes d'IA. En offrant des donn\u00e9es pr\u00e9cises et en temps r\u00e9el, ces capteurs contribuent \u00e0 r\u00e9duire les temps d'arr\u00eat, \u00e0 am\u00e9liorer l'efficacit\u00e9 et \u00e0 soutenir une automatisation plus intelligente.Alors que les industries adoptent l'IA et l'apprentissage automatique pour optimiser les flux de travail, les capteurs de distance ITOF garantissent la pr\u00e9cision et la rapidit\u00e9 n\u00e9cessaires pour am\u00e9liorer les op\u00e9rations et stimuler l'innovation.<\/li>\n<li><strong>Optimiser les syst\u00e8mes robotiques et IoT<\/strong> La robotique et les technologies IoT transforment des industries telles que la logistique, la fabrication et l'agriculture, cr\u00e9ant un besoin toujours croissant de capteurs fiables et performants. Les capteurs de distance ITOF sont id\u00e9aux pour des applications telles que la navigation robotique, la d\u00e9tection d'objets et la gestion dynamique des t\u00e2ches. Leur haute pr\u00e9cision et leurs temps de r\u00e9ponse rapides permettent aux robots d'effectuer des t\u00e2ches complexes avec pr\u00e9cision et efficacit\u00e9.En outre, leur compatibilit\u00e9 avec les syst\u00e8mes IoT les rend faciles \u00e0 int\u00e9grer dans les r\u00e9seaux bas\u00e9s sur le cloud pour la surveillance \u00e0 distance, l'analyse des donn\u00e9es et l'optimisation continue des syst\u00e8mes. Cela fait des capteurs ITOF un composant essentiel dans le monde croissant des appareils intelligents et connect\u00e9s.<\/li>\n<li><strong>Garantir la s\u00e9curit\u00e9 et la pr\u00e9cision des applications critiques<\/strong> Dans les industries o\u00f9 la s\u00e9curit\u00e9 est une priorit\u00e9 absolue, comme les v\u00e9hicules autonomes, la robotique et la construction, toute erreur dans la mesure de la distance peut avoir de graves cons\u00e9quences. Les capteurs de distance ITOF offrent la pr\u00e9cision et la fiabilit\u00e9 n\u00e9cessaires pour garantir que ces syst\u00e8mes fonctionnent en toute s\u00e9curit\u00e9, en r\u00e9duisant le risque d'accidents et d'erreurs co\u00fbteuses. Pour les applications o\u00f9 la s\u00e9curit\u00e9 et la pr\u00e9cision sont essentielles, les capteurs de distance ITOF offrent la certitude que les syst\u00e8mes fonctionneront comme pr\u00e9vu, am\u00e9liorant ainsi la s\u00e9curit\u00e9 et la productivit\u00e9 dans un large \u00e9ventail d'industries.<\/li>\n<\/ol>\n<h3>Applications pratiques des capteurs de distance ITOF<\/h3>\n<p>Les d\u00e9tecteurs de distance ITOF sont polyvalents et peuvent \u00eatre utilis\u00e9s dans un large \u00e9ventail d'applications industrielles, notamment :<\/p>\n<ul>\n<li><strong>Robotique et automatisation :<\/strong> Les capteurs ITOF sont id\u00e9aux pour la navigation robotique, l'\u00e9vitement des collisions et la d\u00e9tection d'objets, \u00e0 l'int\u00e9rieur comme \u00e0 l'ext\u00e9rieur. Gr\u00e2ce \u00e0 leur rapidit\u00e9 de collecte des donn\u00e9es et \u00e0 leur pr\u00e9cision, ils font partie int\u00e9grante des syst\u00e8mes robotiques pilot\u00e9s par l'intelligence artificielle.<\/li>\n<li><strong>Fabrication intelligente :<\/strong> Dans les cha\u00eenes de production automatis\u00e9es, les capteurs ITOF am\u00e9liorent la surveillance en temps r\u00e9el, le contr\u00f4le de la qualit\u00e9 et l'optimisation du syst\u00e8me. Lorsqu'ils sont int\u00e9gr\u00e9s \u00e0 des syst\u00e8mes de vision industrielle, ces capteurs aident les fabricants \u00e0 am\u00e9liorer la pr\u00e9cision des processus et \u00e0 r\u00e9duire les temps d'arr\u00eat.<\/li>\n<li><strong><a href=\"https:\/\/meskernel.net\/fr\/application\/logistique-entreposage\/\">Logistique et entreposage<\/a>:<\/strong> Les d\u00e9tecteurs de distance ITOF sont essentiels \u00e0 l'automatisation du suivi des stocks, du tri et de la manutention dans les entrep\u00f4ts. Ils contribuent \u00e0 optimiser les op\u00e9rations d'entreposage et \u00e0 am\u00e9liorer la gestion de la cha\u00eene d'approvisionnement en fournissant des mesures rapides et fiables.<\/li>\n<li><strong>Construction et arpentage :<\/strong> Pour des applications telles que la cartographie de sites, la mesure de distance et la surveillance de la s\u00e9curit\u00e9, les capteurs ITOF fournissent des donn\u00e9es pr\u00e9cises et fiables, m\u00eame dans les conditions les plus difficiles.<\/li>\n<li><strong>Surveillance ext\u00e9rieure et environnementale :<\/strong> Les capteurs ITOF excellent dans l'agriculture, les stations m\u00e9t\u00e9orologiques et la recherche environnementale, offrant des performances robustes et fiables m\u00eame dans des environnements ext\u00e9rieurs difficiles.<\/li>\n<\/ul>\n<h3>Des mesures de pr\u00e9cision pour l'avenir<\/h3>\n<p>Les capteurs de distance ITOF offrent aux industries la pr\u00e9cision, la vitesse et la durabilit\u00e9 n\u00e9cessaires pour rester comp\u00e9titives dans le paysage industriel actuel qui \u00e9volue rapidement. Avec une grande pr\u00e9cision, une collecte rapide des donn\u00e9es et une fiabilit\u00e9 \u00e0 toute \u00e9preuve, ces capteurs sont inestimables pour des applications allant de la robotique \u00e0 la fabrication intelligente, en passant par la surveillance de l'environnement.<\/p>\n<p>En int\u00e9grant des d\u00e9tecteurs de distance ITOF dans vos op\u00e9rations, vous pouvez vous assurer que vos syst\u00e8mes offrent les performances, l'efficacit\u00e9 et la fiabilit\u00e9 n\u00e9cessaires pour r\u00e9ussir dans le monde industriel moderne. Gr\u00e2ce \u00e0 leur capacit\u00e9 \u00e0 relever les d\u00e9fis des industries de demain, les d\u00e9tecteurs de distance ITOF constituent une solution d'avenir pour les entreprises qui cherchent \u00e0 garder une longueur d'avance dans un monde de plus en plus automatis\u00e9 et connect\u00e9.<\/p>","protected":false},"excerpt":{"rendered":"<p>Le capteur de distance ITOF offre une grande pr\u00e9cision, une r\u00e9ponse rapide et une grande durabilit\u00e9, ce qui le rend id\u00e9al pour les applications industrielles dans les domaines de l'automatisation, de la robotique, de la logistique et de la fabrication intelligente. Avec une large plage de mesure, une collecte de donn\u00e9es en temps r\u00e9el et une conception robuste, ce capteur offre des performances fiables dans les environnements difficiles, aidant les entreprises \u00e0 optimiser les processus, \u00e0 am\u00e9liorer l'efficacit\u00e9 et \u00e0 garantir la s\u00e9curit\u00e9.<\/p>","protected":false},"featured_media":2833,"template":"","meta":{"site-sidebar-layout":"default","site-content-layout":"","ast-site-content-layout":"default","site-content-style":"default","site-sidebar-style":"default","ast-global-header-display":"","ast-banner-title-visibility":"","ast-main-header-display":"","ast-hfb-above-header-display":"","ast-hfb-below-header-display":"","ast-hfb-mobile-header-display":"","site-post-title":"","ast-breadcrumbs-content":"","ast-featured-img":"","footer-sml-layout":"","ast-disable-related-posts":"","theme-transparent-header-meta":"default","adv-header-id-meta":"","stick-header-meta":"","header-above-stick-meta":"","header-main-stick-meta":"","header-below-stick-meta":"","astra-migrate-meta-layouts":"set","ast-page-background-enabled":"default","ast-page-background-meta":{"desktop":{"background-color":"var(--ast-global-color-4)","background-image":"","background-repeat":"repeat","background-position":"center center","background-size":"auto","background-attachment":"scroll","background-type":"","background-media":"","overlay-type":"","overlay-color":"","overlay-opacity":"","overlay-gradient":""},"tablet":{"background-color":"","background-image":"","background-repeat":"repeat","background-position":"center center","background-size":"auto","background-attachment":"scroll","background-type":"","background-media":"","overlay-type":"","overlay-color":"","overlay-opacity":"","overlay-gradient":""},"mobile":{"background-color":"","background-image":"","background-repeat":"repeat","background-position":"center center","background-size":"auto","background-attachment":"scroll","background-type":"","background-media":"","overlay-type":"","overlay-color":"","overlay-opacity":"","overlay-gradient":""}},"ast-content-background-meta":{"desktop":{"background-color":"var(--ast-global-color-5)","background-image":"","background-repeat":"repeat","background-position":"center center","background-size":"auto","background-attachment":"scroll","background-type":"","background-media":"","overlay-type":"","overlay-color":"","overlay-opacity":"","overlay-gradient":""},"tablet":{"background-color":"var(--ast-global-color-5)","background-image":"","background-repeat":"repeat","background-position":"center center","background-size":"auto","background-attachment":"scroll","background-type":"","background-media":"","overlay-type":"","overlay-color":"","overlay-opacity":"","overlay-gradient":""},"mobile":{"background-color":"var(--ast-global-color-5)","background-image":"","background-repeat":"repeat","background-position":"center center","background-size":"auto","background-attachment":"scroll","background-type":"","background-media":"","overlay-type":"","overlay-color":"","overlay-opacity":"","overlay-gradient":""}}},"product_brand":[60],"product_cat":[33],"product_tag":[],"class_list":{"0":"post-2829","1":"product","2":"type-product","3":"status-publish","4":"has-post-thumbnail","6":"product_brand-meskernel","7":"product_cat-industrial-laser-distance-sensors","8":"desktop-align-center","9":"tablet-align-left","10":"mobile-align-left","12":"first","13":"instock","14":"shipping-taxable","15":"product-type-simple"},"_links":{"self":[{"href":"https:\/\/meskernel.net\/fr\/wp-json\/wp\/v2\/product\/2829","targetHints":{"allow":["GET"]}}],"collection":[{"href":"https:\/\/meskernel.net\/fr\/wp-json\/wp\/v2\/product"}],"about":[{"href":"https:\/\/meskernel.net\/fr\/wp-json\/wp\/v2\/types\/product"}],"version-history":[{"count":0,"href":"https:\/\/meskernel.net\/fr\/wp-json\/wp\/v2\/product\/2829\/revisions"}],"wp:featuredmedia":[{"embeddable":true,"href":"https:\/\/meskernel.net\/fr\/wp-json\/wp\/v2\/media\/2833"}],"wp:attachment":[{"href":"https:\/\/meskernel.net\/fr\/wp-json\/wp\/v2\/media?parent=2829"}],"wp:term":[{"taxonomy":"product_brand","embeddable":true,"href":"https:\/\/meskernel.net\/fr\/wp-json\/wp\/v2\/product_brand?post=2829"},{"taxonomy":"product_cat","embeddable":true,"href":"https:\/\/meskernel.net\/fr\/wp-json\/wp\/v2\/product_cat?post=2829"},{"taxonomy":"product_tag","embeddable":true,"href":"https:\/\/meskernel.net\/fr\/wp-json\/wp\/v2\/product_tag?post=2829"}],"curies":[{"name":"wp","href":"https:\/\/api.w.org\/{rel}","templated":true}]}}