{"id":3070,"date":"2024-12-11T10:11:47","date_gmt":"2024-12-11T02:11:47","guid":{"rendered":"https:\/\/meskernel.net\/?post_type=product&#038;p=3070"},"modified":"2025-12-02T17:54:06","modified_gmt":"2025-12-02T09:54:06","slug":"capteur-de-portee","status":"publish","type":"product","link":"https:\/\/meskernel.net\/fr\/product\/range-sensor\/","title":{"rendered":"Capteur d'une port\u00e9e de 200m avec laser vert s\u00e9curis\u00e9 de classe 1"},"content":{"rendered":"<p>Les capteurs de distance laser avec sortie analogique sont des composants essentiels dans les applications industrielles modernes, en particulier dans les domaines exigeant une grande pr\u00e9cision, tels que l'automatisation, la robotique et le contr\u00f4le de la qualit\u00e9. \u00c0 mesure que les industries adoptent des technologies avanc\u00e9es, l'int\u00e9gration de capteurs laser \u00e0 sortie analogique constitue une solution fiable pour des mesures continues, pr\u00e9cises et en temps r\u00e9el. Nous allons maintenant explorer les principes, les avantages et les applications des capteurs de distance laser et des sorties analogiques, en soulignant comment ces technologies fonctionnent ensemble pour am\u00e9liorer la pr\u00e9cision des mesures et l'efficacit\u00e9 des syst\u00e8mes.<\/p>\n<p><img data-dominant-color=\"b8c0c9\" data-has-transparency=\"true\" style=\"--dominant-color: #b8c0c9;\" fetchpriority=\"high\" decoding=\"async\" class=\"wp-image-6378 size-full aligncenter has-transparency\" src=\"https:\/\/meskernel.net\/wp-content\/uploads\/2024\/12\/green-laser-beam-sensors.webp\" alt=\"green laser beam sensors\" width=\"945\" height=\"770\" srcset=\"https:\/\/meskernel.net\/wp-content\/uploads\/2024\/12\/green-laser-beam-sensors.webp 945w, https:\/\/meskernel.net\/wp-content\/uploads\/2024\/12\/green-laser-beam-sensors-300x244.webp 300w, https:\/\/meskernel.net\/wp-content\/uploads\/2024\/12\/green-laser-beam-sensors-768x626.webp 768w, https:\/\/meskernel.net\/wp-content\/uploads\/2024\/12\/green-laser-beam-sensors-15x12.webp 15w, https:\/\/meskernel.net\/wp-content\/uploads\/2024\/12\/green-laser-beam-sensors-400x326.webp 400w\" sizes=\"(max-width: 945px) 100vw, 945px\" \/><\/p>\n<h4>1. Fonctionnement des d\u00e9tecteurs de distance \u00e0 laser<\/h4>\n<p>Les capteurs de distance laser mesurent la distance entre le capteur et un objet \u00e0 l'aide de la lumi\u00e8re laser. Ces capteurs reposent g\u00e9n\u00e9ralement sur l'un des principes suivants :<\/p>\n<ol>\n<li><strong>Temps de vol (TOF)<\/strong>: Dans cette m\u00e9thode, une impulsion laser est \u00e9mise et r\u00e9fl\u00e9chie par la cible. Le capteur mesure le temps n\u00e9cessaire pour que l'impulsion se rende \u00e0 l'objet et en revienne. Connaissant la vitesse de la lumi\u00e8re, le capteur calcule la distance en fonction du d\u00e9lai.<\/li>\n<li><strong>D\u00e9phasage<\/strong>: Le capteur \u00e9met un faisceau laser continu et la phase de la lumi\u00e8re r\u00e9fl\u00e9chie est compar\u00e9e \u00e0 la phase \u00e9mise. La diff\u00e9rence de phase est ensuite utilis\u00e9e pour calculer la distance. Cette m\u00e9thode offre une grande pr\u00e9cision, en particulier pour les mesures \u00e0 longue port\u00e9e.<\/li>\n<li><strong>Triangulation<\/strong>: Dans la triangulation, le capteur projette un faisceau laser sur un objet et un d\u00e9tecteur sensible \u00e0 la position d\u00e9tecte la lumi\u00e8re r\u00e9fl\u00e9chie. En mesurant l'angle de la lumi\u00e8re r\u00e9fl\u00e9chie, le capteur calcule la distance \u00e0 l'aide de principes trigonom\u00e9triques.<\/li>\n<\/ol>\n<p>Quelle que soit la m\u00e9thode utilis\u00e9e, les t\u00e9l\u00e9m\u00e8tres laser offrent une pr\u00e9cision exceptionnelle, atteignant souvent une pr\u00e9cision de l'ordre du millim\u00e8tre, voire du micron.<\/p>\n<h4>2. Le r\u00f4le de la sortie analogique<\/h4>\n<p>La sortie analogique est une m\u00e9thode utilis\u00e9e par les capteurs pour transmettre des donn\u00e9es mesur\u00e9es sous la forme d'un signal \u00e9lectrique continu, g\u00e9n\u00e9ralement sous la forme d'une tension ou d'un courant. Les signaux analogiques offrent un retour d'information r\u00e9gulier et en temps r\u00e9el, ce qui les rend id\u00e9aux pour les applications qui n\u00e9cessitent une surveillance ou un contr\u00f4le continus.<\/p>\n<p>Les types courants de sorties analogiques sont les suivants<\/p>\n<ul>\n<li><strong>Tension de sortie<\/strong>: Des signaux dans des gammes telles que 0-10V, 0-5V ou 1-5V sont utilis\u00e9s, la valeur mesur\u00e9e correspondant directement \u00e0 la tension de sortie.<\/li>\n<li><strong>Sortie de courant<\/strong>: La boucle de courant 4-20mA est un signal analogique tr\u00e8s r\u00e9pandu, particuli\u00e8rement utile pour la transmission sur de longues distances et offrant une meilleure immunit\u00e9 aux bruits \u00e9lectriques.<\/li>\n<\/ul>\n<p>Les signaux de sortie analogiques s'int\u00e8grent parfaitement dans les syst\u00e8mes de contr\u00f4le industriel, les automates programmables et les syst\u00e8mes d'acquisition de donn\u00e9es, o\u00f9 ils peuvent \u00eatre trait\u00e9s et utilis\u00e9s pour le contr\u00f4le et la surveillance en temps r\u00e9el.<\/p>\n<h4>3. combinaison d'un capteur de port\u00e9e laser et d'une sortie analogique<\/h4>\n<p>Lorsque des capteurs de distance laser et une sortie analogique fonctionnent ensemble, ils cr\u00e9ent une solution puissante pour diverses applications. Voici quelques cas d'utilisation courants o\u00f9 cette combinaison s'av\u00e8re particuli\u00e8rement b\u00e9n\u00e9fique :<\/p>\n<ol>\n<li><strong>Automatisation industrielle et robotique<\/strong>: Les capteurs de distance laser \u00e0 sortie analogique sont largement utilis\u00e9s dans la robotique, les lignes d'assemblage et les syst\u00e8mes de manutention. Par exemple, un robot peut utiliser un capteur laser pour mesurer la distance qui le s\u00e9pare d'un objet, et la sortie analogique envoie ces donn\u00e9es au syst\u00e8me de contr\u00f4le, ce qui permet un contr\u00f4le pr\u00e9cis des mouvements pour des t\u00e2ches telles que la prise d'objets ou l'assemblage.<\/li>\n<li><strong>Mesure du niveau et de la position<\/strong>: Les capteurs de distance laser sont couramment utilis\u00e9s pour mesurer les niveaux de liquide dans les r\u00e9servoirs, les silos ou les conteneurs. Le capteur envoie un signal analogique continu repr\u00e9sentant la distance \u00e0 la surface du liquide, ce qui permet au syst\u00e8me de surveiller les niveaux de liquide et de d\u00e9clencher des actions en temps r\u00e9el, telles que l'activation d'alarmes ou la commande de pompes.<\/li>\n<li><strong>Mesures de pr\u00e9cision et contr\u00f4le de la qualit\u00e9<\/strong>: Dans la fabrication, les capteurs laser mesurent les dimensions des composants avec une grande pr\u00e9cision et d\u00e9tectent les variations de taille. La sortie analogique fournit un retour d'information continu au syst\u00e8me de contr\u00f4le, permettant des ajustements automatis\u00e9s ou des contr\u00f4les de qualit\u00e9.<\/li>\n<li><strong>Syst\u00e8mes de stationnement et surveillance du trafic<\/strong>: Les capteurs laser sont \u00e9galement utilis\u00e9s dans les syst\u00e8mes de stationnement intelligents et dans la surveillance du trafic. En mesurant la distance entre les v\u00e9hicules ou les obstacles et en envoyant une sortie analogique, ces syst\u00e8mes peuvent contr\u00f4ler la disponibilit\u00e9 des places de stationnement ou les embouteillages en temps r\u00e9el.<\/li>\n<\/ol>\n<h3>4. avantages des capteurs de distance \u00e0 laser avec sortie analogique<\/h3>\n<ol>\n<li><strong>Pr\u00e9cision et stabilit\u00e9 \u00e9lev\u00e9es<\/strong>: Les capteurs de distance laser fournissent des mesures extr\u00eamement pr\u00e9cises, souvent au millim\u00e8tre, voire au microm\u00e8tre pr\u00e8s. Ces capteurs fonctionnent de mani\u00e8re fiable dans divers environnements, notamment en cas de faible luminosit\u00e9, de temp\u00e9ratures \u00e9lev\u00e9es et de conditions industrielles difficiles.<\/li>\n<li><strong>Mesure sans contact<\/strong>: Les capteurs laser offrent une mesure sans contact, ce qui signifie que le capteur n'interagit pas physiquement avec l'objet mesur\u00e9. Cette caract\u00e9ristique minimise l'usure du capteur et de la cible, ce qui en fait un outil id\u00e9al pour les mat\u00e9riaux d\u00e9licats ou dangereux.<\/li>\n<li><strong>Transmission de donn\u00e9es en temps r\u00e9el<\/strong>: La sortie analogique assure la transmission continue de donn\u00e9es en temps r\u00e9el, ce qui est parfait pour les applications qui n\u00e9cessitent une surveillance constante et des ajustements imm\u00e9diats. Ceci est particuli\u00e8rement utile dans les processus automatis\u00e9s o\u00f9 le syst\u00e8me doit agir sur les donn\u00e9es du capteur sans d\u00e9lai.<\/li>\n<li><strong>Mesure \u00e0 longue port\u00e9e<\/strong>: Les capteurs de distance laser peuvent mesurer sur de longues distances, parfois plusieurs m\u00e8tres, voire des dizaines de m\u00e8tres. Cette capacit\u00e9 les rend id\u00e9aux pour les applications qui impliquent des mesures \u00e0 grande \u00e9chelle, telles que la fabrication \u00e0 grande \u00e9chelle ou les environnements complexes.<\/li>\n<li><strong>Int\u00e9gration facile<\/strong>: Les signaux de sortie analogiques sont simples et compatibles avec une large gamme de contr\u00f4leurs industriels et de syst\u00e8mes d'acquisition de donn\u00e9es. Il est donc facile de les int\u00e9grer dans des syst\u00e8mes existants sans n\u00e9cessiter de programmation ou de protocoles de communication complexes.<\/li>\n<\/ol>\n<p><img decoding=\"async\" class=\"wp-image-3072 size-full aligncenter\" title=\"capteurs de distance avec sortie analogique\" src=\"https:\/\/meskernel.net\/wp-content\/uploads\/2024\/12\/distance-sensors-with-analog-output.jpg\" alt=\"capteurs de distance avec sortie analogique\" width=\"800\" height=\"800\" srcset=\"https:\/\/meskernel.net\/wp-content\/uploads\/2024\/12\/distance-sensors-with-analog-output.jpg 800w, https:\/\/meskernel.net\/wp-content\/uploads\/2024\/12\/distance-sensors-with-analog-output-300x300.jpg 300w, https:\/\/meskernel.net\/wp-content\/uploads\/2024\/12\/distance-sensors-with-analog-output-150x150.jpg 150w, https:\/\/meskernel.net\/wp-content\/uploads\/2024\/12\/distance-sensors-with-analog-output-768x768.jpg 768w, https:\/\/meskernel.net\/wp-content\/uploads\/2024\/12\/distance-sensors-with-analog-output-400x400.jpg 400w, https:\/\/meskernel.net\/wp-content\/uploads\/2024\/12\/distance-sensors-with-analog-output-100x100.jpg 100w\" sizes=\"(max-width: 800px) 100vw, 800px\" \/><\/p>\n<p>Le capteur de distance avec sortie analogique constitue une solution puissante et efficace pour de nombreuses applications industrielles. Les capteurs laser fournissent des mesures pr\u00e9cises, sans contact et avec une grande exactitude, tandis que la sortie analogique assure une transmission continue et en temps r\u00e9el des donn\u00e9es. Ensemble, ces technologies permettent une surveillance, un contr\u00f4le et une automatisation efficaces dans des domaines tels que la robotique, l'automatisation industrielle, la mesure du niveau des fluides et le contr\u00f4le de la qualit\u00e9.<\/p>\n<p>Au fur et \u00e0 mesure des progr\u00e8s technologiques, les t\u00e9l\u00e9m\u00e8tres laser deviendront encore plus pr\u00e9cis et polyvalents, tandis que la sortie analogique restera une m\u00e9thode fiable et largement utilis\u00e9e pour la transmission des signaux dans les environnements industriels. Cette int\u00e9gration continuera \u00e0 stimuler l'innovation et l'efficacit\u00e9, conduisant \u00e0 des syst\u00e8mes plus intelligents et plus automatis\u00e9s dans toutes les industries.<\/p>\n<h3>Pourquoi nous ?<\/h3>\n<p>&nbsp;<\/p>\n<ul>\n<li><strong>Haute durabilit\u00e9<\/strong>: La combinaison d'un bo\u00eetier en alliage d'aluminium et d'une protection IP permet au capteur de r\u00e9sister aux environnements difficiles et d'offrir un fonctionnement fiable ann\u00e9e apr\u00e8s ann\u00e9e.<\/li>\n<li><strong>Une pr\u00e9cision sur laquelle vous pouvez compter<\/strong>: Nos capteurs de mesure de distance garantissent des mesures pr\u00e9cises et fournissent des donn\u00e9es exactes qui r\u00e9pondent aux normes les plus strictes en mati\u00e8re d'utilisation industrielle et scientifique.<\/li>\n<li><strong>Int\u00e9gration facile<\/strong>: Avec de multiples interfaces de communication telles que TTL, RS485 et RS232, nos capteurs s'int\u00e8grent sans effort dans les syst\u00e8mes existants, r\u00e9duisant ainsi le temps et la complexit\u00e9 de l'installation.<\/li>\n<li><strong>Adapt\u00e9 \u00e0 vos besoins<\/strong>: Nous proposons des services OEM et ODM pour personnaliser vos capteurs en fonction des besoins sp\u00e9cifiques de votre application, en veillant \u00e0 ce que le capteur r\u00e9ponde exactement \u00e0 vos exigences.<\/li>\n<li><strong>Prix directs d'usine<\/strong>: En tant que fabricant, nous proposons des prix comp\u00e9titifs, ce qui vous permet de r\u00e9duire vos co\u00fbts tout en obtenant des capteurs de haute qualit\u00e9 pour vos projets.<\/li>\n<\/ul>","protected":false},"excerpt":{"rendered":"<p>Le capteur de port\u00e9e laser avec sortie analogique de Meskernel offre une pr\u00e9cision in\u00e9gal\u00e9e, une r\u00e9ponse rapide et une plage de mesure \u00e9tendue, ce qui en fait le choix id\u00e9al pour les applications industrielles, ext\u00e9rieures et sp\u00e9cialis\u00e9es. Avec plus de 20 ans d'expertise, Meskernel propose un capteur hautement personnalisable dot\u00e9 d'une technologie laser verte 520nm avanc\u00e9e, d'options d'alimentation polyvalentes et de protocoles de communication robustes. Con\u00e7u pour fonctionner dans des environnements difficiles, y compris les mesures sous l'eau et dans les liquides, le capteur laser USB garantit des r\u00e9sultats fiables et de haute performance. Choisissez Meskernel pour un capteur qui r\u00e9pond \u00e0 vos besoins exacts et qui m\u00e8ne vos projets au succ\u00e8s.<\/p>","protected":false},"featured_media":3207,"template":"","meta":{"site-sidebar-layout":"right-sidebar","site-content-layout":"","ast-site-content-layout":"default","site-content-style":"default","site-sidebar-style":"default","ast-global-header-display":"","ast-banner-title-visibility":"","ast-main-header-display":"","ast-hfb-above-header-display":"","ast-hfb-below-header-display":"","ast-hfb-mobile-header-display":"","site-post-title":"","ast-breadcrumbs-content":"","ast-featured-img":"","footer-sml-layout":"","ast-disable-related-posts":"","theme-transparent-header-meta":"default","adv-header-id-meta":"","stick-header-meta":"","header-above-stick-meta":"","header-main-stick-meta":"","header-below-stick-meta":"","astra-migrate-meta-layouts":"set","ast-page-background-enabled":"default","ast-page-background-meta":{"desktop":{"background-color":"var(--ast-global-color-4)","background-image":"","background-repeat":"repeat","background-position":"center center","background-size":"auto","background-attachment":"scroll","background-type":"","background-media":"","overlay-type":"","overlay-color":"","overlay-opacity":"","overlay-gradient":""},"tablet":{"background-color":"","background-image":"","background-repeat":"repeat","background-position":"center center","background-size":"auto","background-attachment":"scroll","background-type":"","background-media":"","overlay-type":"","overlay-color":"","overlay-opacity":"","overlay-gradient":""},"mobile":{"background-color":"","background-image":"","background-repeat":"repeat","background-position":"center center","background-size":"auto","background-attachment":"scroll","background-type":"","background-media":"","overlay-type":"","overlay-color":"","overlay-opacity":"","overlay-gradient":""}},"ast-content-background-meta":{"desktop":{"background-color":"var(--ast-global-color-5)","background-image":"","background-repeat":"repeat","background-position":"center center","background-size":"auto","background-attachment":"scroll","background-type":"","background-media":"","overlay-type":"","overlay-color":"","overlay-opacity":"","overlay-gradient":""},"tablet":{"background-color":"var(--ast-global-color-5)","background-image":"","background-repeat":"repeat","background-position":"center center","background-size":"auto","background-attachment":"scroll","background-type":"","background-media":"","overlay-type":"","overlay-color":"","overlay-opacity":"","overlay-gradient":""},"mobile":{"background-color":"var(--ast-global-color-5)","background-image":"","background-repeat":"repeat","background-position":"center center","background-size":"auto","background-attachment":"scroll","background-type":"","background-media":"","overlay-type":"","overlay-color":"","overlay-opacity":"","overlay-gradient":""}}},"product_brand":[60],"product_cat":[52],"product_tag":[],"class_list":{"0":"post-3070","1":"product","2":"type-product","3":"status-publish","4":"has-post-thumbnail","6":"product_brand-meskernel","7":"product_cat-phase-distance-sensor","8":"desktop-align-center","9":"tablet-align-left","10":"mobile-align-left","12":"first","13":"instock","14":"shipping-taxable","15":"product-type-simple"},"_links":{"self":[{"href":"https:\/\/meskernel.net\/fr\/wp-json\/wp\/v2\/product\/3070","targetHints":{"allow":["GET"]}}],"collection":[{"href":"https:\/\/meskernel.net\/fr\/wp-json\/wp\/v2\/product"}],"about":[{"href":"https:\/\/meskernel.net\/fr\/wp-json\/wp\/v2\/types\/product"}],"version-history":[{"count":0,"href":"https:\/\/meskernel.net\/fr\/wp-json\/wp\/v2\/product\/3070\/revisions"}],"wp:featuredmedia":[{"embeddable":true,"href":"https:\/\/meskernel.net\/fr\/wp-json\/wp\/v2\/media\/3207"}],"wp:attachment":[{"href":"https:\/\/meskernel.net\/fr\/wp-json\/wp\/v2\/media?parent=3070"}],"wp:term":[{"taxonomy":"product_brand","embeddable":true,"href":"https:\/\/meskernel.net\/fr\/wp-json\/wp\/v2\/product_brand?post=3070"},{"taxonomy":"product_cat","embeddable":true,"href":"https:\/\/meskernel.net\/fr\/wp-json\/wp\/v2\/product_cat?post=3070"},{"taxonomy":"product_tag","embeddable":true,"href":"https:\/\/meskernel.net\/fr\/wp-json\/wp\/v2\/product_tag?post=3070"}],"curies":[{"name":"wp","href":"https:\/\/api.w.org\/{rel}","templated":true}]}}