{"id":3100,"date":"2024-12-16T09:50:02","date_gmt":"2024-12-16T01:50:02","guid":{"rendered":"https:\/\/meskernel.net\/?post_type=product&#038;p=3100"},"modified":"2025-12-29T14:06:43","modified_gmt":"2025-12-29T06:06:43","slug":"capteur-de-detection-dobjet","status":"publish","type":"product","link":"https:\/\/meskernel.net\/fr\/product\/object-detection-sensor\/","title":{"rendered":"PTFS Capteur de distance \u00e0 laser carr\u00e9 - D\u00e9tection d'objets \u00e0 longue port\u00e9e de 700m \u00e0 3Hz"},"content":{"rendered":"<p data-start=\"219\" data-end=\"299\"><strong data-start=\"219\" data-end=\"299\">Capteurs de distance pour alarmes et notifications mobiles : Une solution de s\u00e9curit\u00e9 intelligente<\/strong><\/p>\n<p data-start=\"301\" data-end=\"735\">Dans le monde actuel des maisons intelligentes et de l'automatisation, les capteurs de distance deviennent des \u00e9l\u00e9ments essentiels. Ces capteurs peuvent mesurer la distance entre des objets et s'int\u00e9grer de mani\u00e8re transparente aux syst\u00e8mes d'alarme et aux fonctions de notification mobile, en fournissant des alertes en temps r\u00e9el et une surveillance \u00e0 distance. Dans cet article de blog, nous verrons comment combiner les capteurs de distance avec les alarmes et les notifications mobiles pour cr\u00e9er une solution de s\u00e9curit\u00e9 intelligente et automatis\u00e9e.<\/p>\n<h3 style=\"text-align: left;\">Caract\u00e9ristiques principales<\/h3>\n<figure id=\"attachment_2978\" aria-describedby=\"caption-attachment-2978\" style=\"width: 433px\" class=\"wp-caption alignright\"><img fetchpriority=\"high\" decoding=\"async\" class=\"wp-image-2978\" title=\"Capteur de d\u00e9tection d&#039;objets\" src=\"https:\/\/meskernel.net\/wp-content\/uploads\/2024\/11\/Laser-Ranging-Sensor-PTFS.jpg\" alt=\"Capteur de d\u00e9tection d&#039;objets\" width=\"433\" height=\"433\" srcset=\"https:\/\/meskernel.net\/wp-content\/uploads\/2024\/11\/Laser-Ranging-Sensor-PTFS.jpg 800w, https:\/\/meskernel.net\/wp-content\/uploads\/2024\/11\/Laser-Ranging-Sensor-PTFS-300x300.jpg 300w, https:\/\/meskernel.net\/wp-content\/uploads\/2024\/11\/Laser-Ranging-Sensor-PTFS-150x150.jpg 150w, https:\/\/meskernel.net\/wp-content\/uploads\/2024\/11\/Laser-Ranging-Sensor-PTFS-768x768.jpg 768w, https:\/\/meskernel.net\/wp-content\/uploads\/2024\/11\/Laser-Ranging-Sensor-PTFS-400x400.jpg 400w, https:\/\/meskernel.net\/wp-content\/uploads\/2024\/11\/Laser-Ranging-Sensor-PTFS-100x100.jpg 100w\" sizes=\"(max-width: 433px) 100vw, 433px\" \/><figcaption id=\"caption-attachment-2978\" class=\"wp-caption-text\">Capteur de d\u00e9tection d'objets<\/figcaption><\/figure>\n<ul>\n<li style=\"text-align: left;\"><strong>Distance moyenne<\/strong><br \/>\nPlusieurs options de distance, offrant des plages de mesure de 100 m\u00e8tres, 400 m\u00e8tres, 700 m\u00e8tres et 1100 m\u00e8tres.<\/li>\n<li style=\"text-align: left;\"><strong>Haute fr\u00e9quence<\/strong><br \/>\nFr\u00e9quences personnalisables allant de 3 Hz \u00e0 500 Hz, ce qui en fait un outil id\u00e9al pour les applications n\u00e9cessitant des temps de r\u00e9ponse rapides.<\/li>\n<li style=\"text-align: left;\"><strong>Int\u00e9gration facile<\/strong><br \/>\nLa structure carr\u00e9e est facile \u00e0 int\u00e9grer dans le syst\u00e8me.<\/li>\n<li style=\"text-align: left;\"><strong>Le module classique excelle en mati\u00e8re de durabilit\u00e9<\/strong><br \/>\nFabriqu\u00e9 \u00e0 l'aide de la technologie puls\u00e9e et du laser 905 nm, il est devenu un produit phare de la cat\u00e9gorie Meskernel apr\u00e8s des it\u00e9rations techniques et des mises \u00e0 jour, et il est bien accept\u00e9 par les clients dans diff\u00e9rentes r\u00e9gions.<\/li>\n<\/ul>\n<div class=\"mceTemp\"><\/div>\n<div class=\"text-content\">\n<h3 data-start=\"1401\" data-end=\"1433\">1. Fonctionnement des capteurs de distance<\/h3>\n<p data-start=\"1435\" data-end=\"1572\"><strong data-start=\"1435\" data-end=\"1463\">Capteurs de d\u00e9tection d'objets<\/strong> mesurer la distance entre le capteur et un objet \u00e0 l'aide de diverses technologies. Les types les plus courants sont les suivants :<\/p>\n<ul data-start=\"1574\" data-end=\"2007\">\n<li data-start=\"1574\" data-end=\"1722\"><strong data-start=\"1576\" data-end=\"1598\">Capteurs \u00e0 ultrasons<\/strong>: \u00c9mettre des ondes sonores pour calculer la distance en fonction du temps que met le son \u00e0 revenir. Utile pour la d\u00e9tection de base.<\/li>\n<li data-start=\"1723\" data-end=\"1823\"><strong data-start=\"1725\" data-end=\"1745\">Capteurs infrarouges<\/strong>: Ils utilisent la lumi\u00e8re infrarouge pour la d\u00e9tection \u00e0 courte port\u00e9e, g\u00e9n\u00e9ralement dans un rayon de quelques m\u00e8tres.<\/li>\n<li data-start=\"1824\" data-end=\"2007\"><strong data-start=\"1826\" data-end=\"1843\">Capteurs laser<\/strong>: Les faisceaux laser de haute pr\u00e9cision fournissent des mesures de distance pr\u00e9cises, id\u00e9ales pour les applications \u00e0 moyenne et longue port\u00e9e comme le d\u00e9tecteur de distance PTFS Square 700m.<\/li>\n<\/ul>\n<p data-start=\"2009\" data-end=\"2245\">Une fois que le capteur de distance a collect\u00e9 les donn\u00e9es, il les envoie \u00e0 une unit\u00e9 de traitement (telle qu'un microcontr\u00f4leur ou un dispositif int\u00e9gr\u00e9), qui d\u00e9clenche des actions en fonction de conditions pr\u00e9d\u00e9finies, telles que l'activation d'une alarme ou l'envoi d'une notification.<\/p>\n<h3 data-start=\"2247\" data-end=\"2280\">2. Mise en place d'un syst\u00e8me d'alarme<\/h3>\n<p data-start=\"2282\" data-end=\"2447\">Lorsqu'un capteur de distance d\u00e9tecte un objet entrant dans une zone pr\u00e9d\u00e9finie (c'est-\u00e0-dire lorsque la distance est inf\u00e9rieure \u00e0 un seuil sp\u00e9cifique), le syst\u00e8me peut d\u00e9clencher diverses alarmes :<\/p>\n<ul data-start=\"2449\" data-end=\"2709\">\n<li data-start=\"2449\" data-end=\"2535\"><strong data-start=\"2451\" data-end=\"2467\">Alarmes sonores<\/strong>: Un avertisseur sonore ou une sir\u00e8ne alerte les utilisateurs en cas de menaces ou d'intrusions potentielles.<\/li>\n<li data-start=\"2536\" data-end=\"2627\"><strong data-start=\"2538\" data-end=\"2555\">Alarmes visuelles<\/strong>: Les lumi\u00e8res clignotantes signalent les \u00e9tats d'alerte tels que les avertissements ou les urgences.<\/li>\n<li data-start=\"2628\" data-end=\"2709\"><strong data-start=\"2630\" data-end=\"2650\">Alarmes vibratoires<\/strong>: Un dispositif vibrant peut alerter les utilisateurs dans des environnements bruyants.<\/li>\n<\/ul>\n<p data-start=\"2711\" data-end=\"2848\">Ce syst\u00e8me d'alarme permet de pr\u00e9venir les intrusions, d'alerter les personnes en cas de danger ou de s'assurer que les objets restent \u00e0 bonne distance des zones dangereuses.<\/p>\n<h3 data-start=\"2850\" data-end=\"2888\">3. Int\u00e9gration de la notification mobile<\/h3>\n<p data-start=\"2890\" data-end=\"3096\">Avec le d\u00e9veloppement de l'IdO, de nombreux appareils ont d\u00e9sormais la capacit\u00e9 d'envoyer des notifications \u00e0 votre smartphone. En int\u00e9grant un capteur de distance \u00e0 un syst\u00e8me de notification mobile, les utilisateurs peuvent recevoir des alertes \u00e0 distance.<\/p>\n<p data-start=\"3098\" data-end=\"3127\"><strong data-start=\"3098\" data-end=\"3126\">\u00c9tapes de la mise en \u0153uvre<\/strong>:<\/p>\n<ol data-start=\"3128\" data-end=\"3678\">\n<li data-start=\"3128\" data-end=\"3285\"><strong data-start=\"3131\" data-end=\"3150\">Collecte de donn\u00e9es<\/strong>: Le capteur de d\u00e9tection d'objets surveille en permanence l'environnement et envoie les donn\u00e9es de distance \u00e0 un microcontr\u00f4leur ou \u00e0 un syst\u00e8me int\u00e9gr\u00e9.<\/li>\n<li data-start=\"3286\" data-end=\"3412\"><strong data-start=\"3289\" data-end=\"3315\">D\u00e9finir les conditions de d\u00e9clenchement<\/strong>: D\u00e9finir un seuil de distance. Si un objet franchit ce seuil, le syst\u00e8me d\u00e9clenche une alarme.<\/li>\n<li data-start=\"3413\" data-end=\"3533\"><strong data-start=\"3416\" data-end=\"3430\">Mise en r\u00e9seau<\/strong>: Le syst\u00e8me envoie des donn\u00e9es via des r\u00e9seaux Wi-Fi, Bluetooth ou cellulaires \u00e0 une plateforme en nuage ou \u00e0 un serveur local.<\/li>\n<li data-start=\"3534\" data-end=\"3678\"><strong data-start=\"3537\" data-end=\"3564\">Notification de l'application mobile<\/strong>: Une application mobile (Android ou iOS) re\u00e7oit des notifications push du nuage ou du serveur, alertant les utilisateurs en temps r\u00e9el.<\/li>\n<\/ol>\n<p data-start=\"3680\" data-end=\"3857\">Des plateformes telles qu'Arduino, Raspberry Pi et des services IoT comme IFTTT ou Blynk peuvent vous aider \u00e0 envoyer facilement des donn\u00e9es de capteurs vers le nuage et \u00e0 d\u00e9clencher des notifications mobiles.<\/p>\n<h3 data-start=\"3859\" data-end=\"3897\">4. Exemples d'application dans le monde r\u00e9el<\/h3>\n<p data-start=\"3899\" data-end=\"3987\">Voici quelques utilisations pratiques des capteurs de distance, des alarmes et des notifications mobiles :<\/p>\n<ul data-start=\"3989\" data-end=\"4750\">\n<li data-start=\"3989\" data-end=\"4255\"><strong data-start=\"3991\" data-end=\"4021\">Syst\u00e8me de s\u00e9curit\u00e9 domestique intelligent<\/strong>: Installez des capteurs de distance sur les portes ou les fen\u00eatres pour surveiller les acc\u00e8s non autoris\u00e9s. Si quelqu'un s'approche trop pr\u00e8s ou tente d'ouvrir une porte ou une fen\u00eatre, le syst\u00e8me d\u00e9clenche une alarme et envoie une notification instantan\u00e9e sur le smartphone du propri\u00e9taire.<\/li>\n<li data-start=\"4256\" data-end=\"4488\"><strong data-start=\"4258\" data-end=\"4287\">Syst\u00e8me de gestion du stationnement<\/strong>: Utiliser les capteurs de distance dans les parkings pour d\u00e9tecter les places de stationnement disponibles. Lorsqu'un v\u00e9hicule se gare ou s'approche d'une place, le syst\u00e8me peut d\u00e9clencher des alertes pour avertir le gestionnaire du parking ou le propri\u00e9taire du syst\u00e8me.<\/li>\n<li data-start=\"4489\" data-end=\"4750\"><strong data-start=\"4491\" data-end=\"4523\">Contr\u00f4le de la s\u00e9curit\u00e9 industrielle<\/strong>: Dans les usines, les capteurs de distance surveillent les machines ou les zones dangereuses. Si un objet p\u00e9n\u00e8tre dans une zone dangereuse, le syst\u00e8me d\u00e9clenche une alarme et envoie un message d'alerte \u00e0 un superviseur, ce qui permet d'\u00e9viter les accidents ou les dommages aux \u00e9quipements.<\/li>\n<\/ul>\n<h3 data-start=\"4752\" data-end=\"4793\">5. Choisir le bon capteur de distance<\/h3>\n<p data-start=\"4795\" data-end=\"4864\">Lors du choix d'un d\u00e9tecteur de distance, il convient de tenir compte des facteurs suivants :<\/p>\n<ul data-start=\"4866\" data-end=\"5525\">\n<li data-start=\"4866\" data-end=\"5124\"><strong data-start=\"4868\" data-end=\"4889\">Plage de mesure<\/strong>: Choisissez un capteur en fonction de la port\u00e9e n\u00e9cessaire. Pour les syst\u00e8mes de stationnement, un capteur d'une port\u00e9e de quelques m\u00e8tres peut suffire, tandis que les applications industrielles peuvent n\u00e9cessiter des capteurs d'une plus grande port\u00e9e, comme le capteur de distance PTFS Square 700m.<\/li>\n<li data-start=\"5125\" data-end=\"5254\"><strong data-start=\"5127\" data-end=\"5139\">Pr\u00e9cision<\/strong>: Pour les applications n\u00e9cessitant une grande pr\u00e9cision, telles que la fabrication automatis\u00e9e, optez pour des capteurs d'une pr\u00e9cision sup\u00e9rieure.<\/li>\n<li data-start=\"5255\" data-end=\"5365\"><strong data-start=\"5257\" data-end=\"5274\">Temps de r\u00e9ponse<\/strong>: Dans les syst\u00e8mes de s\u00e9curit\u00e9, les temps de r\u00e9ponse rapides sont essentiels. Choisissez des capteurs \u00e0 retour d'information rapide.<\/li>\n<li data-start=\"5366\" data-end=\"5525\"><strong data-start=\"5368\" data-end=\"5399\">Compatibilit\u00e9 environnementale<\/strong>: Tenez compte de la temp\u00e9rature, de l'humidit\u00e9 et de la r\u00e9sistance \u00e0 la poussi\u00e8re. Les capteurs ayant un indice de protection IP \u00e9lev\u00e9 sont mieux adapt\u00e9s aux environnements difficiles.<\/li>\n<\/ul>\n<h3 data-start=\"5527\" data-end=\"5569\">6. Extension et optimisation du syst\u00e8me<\/h3>\n<p data-start=\"5571\" data-end=\"5677\">Une fois votre syst\u00e8me d'alarme et de notification de base mis en place, il existe plusieurs fa\u00e7ons de l'\u00e9tendre et de l'optimiser :<\/p>\n<ul data-start=\"5679\" data-end=\"6150\">\n<li data-start=\"5679\" data-end=\"5813\"><strong data-start=\"5681\" data-end=\"5701\">Ajouter d'autres capteurs<\/strong>: Installer des capteurs suppl\u00e9mentaires pour cr\u00e9er un r\u00e9seau de surveillance plus complet afin d'am\u00e9liorer la couverture et la s\u00e9curit\u00e9.<\/li>\n<li data-start=\"5814\" data-end=\"5978\"><strong data-start=\"5816\" data-end=\"5848\">Int\u00e9grer des dispositifs suppl\u00e9mentaires<\/strong>: Combinez les capteurs de distance avec d'autres dispositifs intelligents tels que des cam\u00e9ras, des serrures ou des capteurs de temp\u00e9rature pour cr\u00e9er un syst\u00e8me plus robuste.<\/li>\n<li data-start=\"5979\" data-end=\"6150\"><strong data-start=\"5981\" data-end=\"6017\">Analyse des donn\u00e9es et apprentissage automatique<\/strong>: Analyser les donn\u00e9es des capteurs pour permettre au syst\u00e8me de s'adapter \u00e0 diff\u00e9rents sc\u00e9narios, en am\u00e9liorant la pr\u00e9cision des alertes et la performance globale.<\/li>\n<\/ul>\n<h3 data-start=\"6152\" data-end=\"6169\">Interface PCI<\/h3>\n<p data-start=\"6171\" data-end=\"6333\">La prise en charge de la transmission Bluetooth, ainsi que des interfaces trois-en-un TTL\/RS232\/RS485, garantit une transmission plus efficace des donn\u00e9es pour les capteurs de distance.<\/p>\n<\/div>\n<div>\n<figure id=\"attachment_2979\" aria-describedby=\"caption-attachment-2979\" style=\"width: 800px\" class=\"wp-caption aligncenter\"><img decoding=\"async\" class=\"wp-image-2979 size-full\" title=\"Capteur de d\u00e9tection d&#039;objets 700m\" src=\"https:\/\/meskernel.net\/wp-content\/uploads\/2024\/11\/PTFS-Laser-Ranging-Sensor-700m.jpg\" alt=\"PTFS Capteur de port\u00e9e laser 700m\" width=\"800\" height=\"800\" srcset=\"https:\/\/meskernel.net\/wp-content\/uploads\/2024\/11\/PTFS-Laser-Ranging-Sensor-700m.jpg 800w, https:\/\/meskernel.net\/wp-content\/uploads\/2024\/11\/PTFS-Laser-Ranging-Sensor-700m-300x300.jpg 300w, https:\/\/meskernel.net\/wp-content\/uploads\/2024\/11\/PTFS-Laser-Ranging-Sensor-700m-150x150.jpg 150w, https:\/\/meskernel.net\/wp-content\/uploads\/2024\/11\/PTFS-Laser-Ranging-Sensor-700m-768x768.jpg 768w, https:\/\/meskernel.net\/wp-content\/uploads\/2024\/11\/PTFS-Laser-Ranging-Sensor-700m-400x400.jpg 400w, https:\/\/meskernel.net\/wp-content\/uploads\/2024\/11\/PTFS-Laser-Ranging-Sensor-700m-100x100.jpg 100w\" sizes=\"(max-width: 800px) 100vw, 800px\" \/><figcaption id=\"caption-attachment-2979\" class=\"wp-caption-text\">Capteur de d\u00e9tection d'objets<\/figcaption><\/figure>\n<\/div>\n<h4><strong>Solutions OEM disponibles<\/strong><\/h4>\n<p>Nous proposons des solutions OEM aux entreprises et aux fabricants qui souhaitent int\u00e9grer le capteur de mesure laser Meskernel dans leurs produits ou leurs syst\u00e8mes. Notre capteur de d\u00e9tection d'objets peut \u00eatre personnalis\u00e9 pour r\u00e9pondre \u00e0 vos besoins sp\u00e9cifiques, qu'il s'agisse de commandes en gros, d'interfaces personnalis\u00e9es ou d'emballages uniques. Nous nous engageons \u00e0 fournir des solutions \u00e9volutives pour am\u00e9liorer vos offres de produits.<\/p>\n<h4><strong>Pourquoi choisir le capteur de d\u00e9tection d'objets Meskernel ?<\/strong><\/h4>\n<ul>\n<li><strong>Pr\u00e9cision \u00e0 longue port\u00e9e<\/strong>: Fournit des mesures de distance fiables sur des distances \u00e9tendues allant jusqu'\u00e0 1100 m\u00e8tres.<\/li>\n<li><strong>Performance \u00e0 grande vitesse<\/strong>: Collecte rapidement des donn\u00e9es \u00e0 une fr\u00e9quence de 1 \u00e0 3 Hz pour les applications en temps r\u00e9el.<\/li>\n<li><strong>Robuste et compact<\/strong>: Id\u00e9al pour les projets \u00e0 petite et grande \u00e9chelle, avec un design qui r\u00e9siste aux environnements difficiles.<\/li>\n<li><strong>Int\u00e9gration transparente<\/strong>: Se connecte facilement \u00e0 vos syst\u00e8mes gr\u00e2ce \u00e0 des options de communication flexibles.<\/li>\n<li><strong>Support OEM<\/strong>: Des solutions sur mesure pour les entreprises qui ont besoin d'une int\u00e9gration personnalis\u00e9e des capteurs.<\/li>\n<\/ul>\n<p>Le capteur de d\u00e9tection d'objets Meskernel est la solution parfaite pour tous les projets qui exigent des mesures \u00e0 longue port\u00e9e, une collecte rapide des donn\u00e9es et une int\u00e9gration facile du syst\u00e8me. Que vous travailliez dans le domaine de l'automatisation industrielle, de la robotique ou de toute autre application n\u00e9cessitant des mesures de distance pr\u00e9cises, ce capteur offre la fiabilit\u00e9 et les performances dont vous avez besoin.<\/p>\n<p><a href=\"https:\/\/meskernel.net\/fr\/contact\/\"><strong>Contactez-nous d\u00e8s aujourd'hui<\/strong><\/a> pour en savoir plus sur la fa\u00e7on dont notre capteur de t\u00e9l\u00e9m\u00e9trie laser peut am\u00e9liorer votre syst\u00e8me ou votre projet, et sur la fa\u00e7on dont nous pouvons vous aider \u00e0 r\u00e9pondre \u00e0 vos besoins OEM.<\/p>","protected":false},"excerpt":{"rendered":"<p>Apprenez \u00e0 int\u00e9grer des capteurs de distance avec des syst\u00e8mes d'alarme et des notifications mobiles pour cr\u00e9er une solution de s\u00e9curit\u00e9 intelligente. Ce guide couvre les types de capteurs de distance, la configuration des alarmes et l'envoi d'alertes en temps r\u00e9el sur votre smartphone, offrant des applications pratiques pour la s\u00e9curit\u00e9 des maisons intelligentes, la gestion des parkings et la s\u00e9curit\u00e9 industrielle.<\/p>","protected":false},"featured_media":3705,"template":"","meta":{"site-sidebar-layout":"default","site-content-layout":"","ast-site-content-layout":"default","site-content-style":"default","site-sidebar-style":"default","ast-global-header-display":"","ast-banner-title-visibility":"","ast-main-header-display":"","ast-hfb-above-header-display":"","ast-hfb-below-header-display":"","ast-hfb-mobile-header-display":"","site-post-title":"","ast-breadcrumbs-content":"","ast-featured-img":"","footer-sml-layout":"","ast-disable-related-posts":"","theme-transparent-header-meta":"default","adv-header-id-meta":"","stick-header-meta":"","header-above-stick-meta":"","header-main-stick-meta":"","header-below-stick-meta":"","astra-migrate-meta-layouts":"set","ast-page-background-enabled":"default","ast-page-background-meta":{"desktop":{"background-color":"var(--ast-global-color-4)","background-image":"","background-repeat":"repeat","background-position":"center center","background-size":"auto","background-attachment":"scroll","background-type":"","background-media":"","overlay-type":"","overlay-color":"","overlay-opacity":"","overlay-gradient":""},"tablet":{"background-color":"","background-image":"","background-repeat":"repeat","background-position":"center center","background-size":"auto","background-attachment":"scroll","background-type":"","background-media":"","overlay-type":"","overlay-color":"","overlay-opacity":"","overlay-gradient":""},"mobile":{"background-color":"","background-image":"","background-repeat":"repeat","background-position":"center center","background-size":"auto","background-attachment":"scroll","background-type":"","background-media":"","overlay-type":"","overlay-color":"","overlay-opacity":"","overlay-gradient":""}},"ast-content-background-meta":{"desktop":{"background-color":"var(--ast-global-color-5)","background-image":"","background-repeat":"repeat","background-position":"center center","background-size":"auto","background-attachment":"scroll","background-type":"","background-media":"","overlay-type":"","overlay-color":"","overlay-opacity":"","overlay-gradient":""},"tablet":{"background-color":"var(--ast-global-color-5)","background-image":"","background-repeat":"repeat","background-position":"center center","background-size":"auto","background-attachment":"scroll","background-type":"","background-media":"","overlay-type":"","overlay-color":"","overlay-opacity":"","overlay-gradient":""},"mobile":{"background-color":"var(--ast-global-color-5)","background-image":"","background-repeat":"repeat","background-position":"center center","background-size":"auto","background-attachment":"scroll","background-type":"","background-media":"","overlay-type":"","overlay-color":"","overlay-opacity":"","overlay-gradient":""}}},"product_brand":[60],"product_cat":[30],"product_tag":[],"class_list":{"0":"post-3100","1":"product","2":"type-product","3":"status-publish","4":"has-post-thumbnail","6":"product_brand-meskernel","7":"product_cat-pulse-ranging-sensor","8":"desktop-align-center","9":"tablet-align-left","10":"mobile-align-left","12":"first","13":"instock","14":"shipping-taxable","15":"product-type-simple"},"_links":{"self":[{"href":"https:\/\/meskernel.net\/fr\/wp-json\/wp\/v2\/product\/3100","targetHints":{"allow":["GET"]}}],"collection":[{"href":"https:\/\/meskernel.net\/fr\/wp-json\/wp\/v2\/product"}],"about":[{"href":"https:\/\/meskernel.net\/fr\/wp-json\/wp\/v2\/types\/product"}],"version-history":[{"count":0,"href":"https:\/\/meskernel.net\/fr\/wp-json\/wp\/v2\/product\/3100\/revisions"}],"wp:featuredmedia":[{"embeddable":true,"href":"https:\/\/meskernel.net\/fr\/wp-json\/wp\/v2\/media\/3705"}],"wp:attachment":[{"href":"https:\/\/meskernel.net\/fr\/wp-json\/wp\/v2\/media?parent=3100"}],"wp:term":[{"taxonomy":"product_brand","embeddable":true,"href":"https:\/\/meskernel.net\/fr\/wp-json\/wp\/v2\/product_brand?post=3100"},{"taxonomy":"product_cat","embeddable":true,"href":"https:\/\/meskernel.net\/fr\/wp-json\/wp\/v2\/product_cat?post=3100"},{"taxonomy":"product_tag","embeddable":true,"href":"https:\/\/meskernel.net\/fr\/wp-json\/wp\/v2\/product_tag?post=3100"}],"curies":[{"name":"wp","href":"https:\/\/api.w.org\/{rel}","templated":true}]}}