{"id":3133,"date":"2024-12-19T10:14:20","date_gmt":"2024-12-19T02:14:20","guid":{"rendered":"https:\/\/meskernel.net\/?post_type=product&#038;p=3133"},"modified":"2026-01-20T09:48:50","modified_gmt":"2026-01-20T01:48:50","slug":"pulse-laser-distance-sensor-tc22-1000m","status":"publish","type":"product","link":"https:\/\/meskernel.net\/fr\/product\/pulse-laser-distance-sensor-tc22-1000m\/","title":{"rendered":"Capteur de distance \u00e0 laser \u00e0 impulsions TC25-1000m"},"content":{"rendered":"<p>TC series Pulse Laser Distance Sensor, the use of pulse ranging technology, can accurately measure the distance between the target object and the ranging module, it is compact, easy to install and carry, it has a high-precision ranging ability, the measurement distance up to 1200 m. Tc laser ranging sensors can be used in the UAV, night vision devices, tunnel monitoring, outdoor use sights, optoelectronic pods, security monitoring, thermal imaging integration and other industries.<\/p>\n<figure id=\"attachment_2991\" class=\"wp-caption aligncenter\" aria-describedby=\"caption-attachment-2991\">\n<p><figure id=\"attachment_2991\" aria-describedby=\"caption-attachment-2991\" style=\"width: 1000px\" class=\"wp-caption aligncenter\"><img fetchpriority=\"high\" decoding=\"async\" class=\"wp-image-2991 size-full\" title=\"TC22 Capteur \u00e0 longue port\u00e9e 1000m\" src=\"https:\/\/meskernel.net\/wp-content\/uploads\/2024\/11\/TC22-Laser-Range-Finder-700m.jpg\" sizes=\"(max-width: 1000px) 100vw, 1000px\" srcset=\"https:\/\/meskernel.net\/wp-content\/uploads\/2024\/11\/TC22-Laser-Range-Finder-700m.jpg 1000w, https:\/\/meskernel.net\/wp-content\/uploads\/2024\/11\/TC22-Laser-Range-Finder-700m-300x150.jpg 300w, https:\/\/meskernel.net\/wp-content\/uploads\/2024\/11\/TC22-Laser-Range-Finder-700m-768x384.jpg 768w, https:\/\/meskernel.net\/wp-content\/uploads\/2024\/11\/TC22-Laser-Range-Finder-700m-400x200.jpg 400w\" alt=\"TC22 T\u00e9l\u00e9m\u00e8tre laser 1000m\" width=\"1000\" height=\"500\" \/><figcaption id=\"caption-attachment-2991\" class=\"wp-caption-text\">Pulse Laser Distance Sensor<\/figcaption><\/figure><figcaption id=\"caption-attachment-2991\" class=\"wp-caption-text\">TC22 T\u00e9l\u00e9m\u00e8tre laser 1000m<\/figcaption><\/figure>\n<h3>Key Benefits of Pulse Laser Distance Sensor<\/h3>\n<ul>\n<li>Grande distance<br \/>\nMultiple distance options, providing measurement ranges of 700 meters, and 1000 meters. This versatility allows it to meet the needs of both medium-range and ultra-long-range applications, delivering exceptional performance in large areas or remote monitoring.<\/li>\n<li>Forme cylindrique<br \/>\nLa forme cylindrique facilite l'int\u00e9gration dans des produits tels que les drones et les viseurs d'ext\u00e9rieur.<\/li>\n<li>High PrecisionThe sensor offers a measurement accuracy of up to 1 meters, providing reliable and precise data for long-distance measurements.<\/li>\n<\/ul>\n<h3>Int\u00e9gration facile et flexibilit\u00e9 maximale<\/h3>\n<p>Designed for maximum versatility, the Pulse Laser Distance Sensor\u00a0supports multiple communication interfaces including TTL, RS485, and RS232. This ensures effortless integration into a wide variety of systems, from industrial machinery to robotic platforms and microcontroller-based projects. Whether you\u2019re working on complex industrial setups or small-scale projects, this sensor provides flexible, scalable measurement solutions for all types of applications.<\/p>\n<figure id=\"attachment_2987\" class=\"wp-caption aligncenter\" aria-describedby=\"caption-attachment-2987\"><img decoding=\"async\" class=\"wp-image-2987 size-full\" title=\"Prise en charge de plusieurs interfaces de communication\" src=\"https:\/\/meskernel.net\/wp-content\/uploads\/2024\/11\/Laser-Distance-Module-2000m.jpg\" sizes=\"(max-width: 750px) 100vw, 750px\" srcset=\"https:\/\/meskernel.net\/wp-content\/uploads\/2024\/11\/Laser-Distance-Module-2000m.jpg 750w, https:\/\/meskernel.net\/wp-content\/uploads\/2024\/11\/Laser-Distance-Module-2000m-300x106.jpg 300w, https:\/\/meskernel.net\/wp-content\/uploads\/2024\/11\/Laser-Distance-Module-2000m-400x142.jpg 400w\" alt=\"Prise en charge de plusieurs interfaces de communication\" width=\"750\" height=\"266\" \/><figcaption id=\"caption-attachment-2987\" class=\"wp-caption-text\">Prise en charge de plusieurs interfaces de communication<\/figcaption><\/figure>\n<p><strong>Pulse Laser Distance Sensor (1000m): Unmatched Precision, Power, and Versatility for Every Application<\/strong><\/p>\n<p>Exploitez tout le potentiel des mesures de distance \u00e0 longue port\u00e9e gr\u00e2ce \u00e0 notre capteur de distance laser \u00e0 longue port\u00e9e. Con\u00e7u pour des performances exceptionnelles dans les applications \u00e0 moyenne et tr\u00e8s longue port\u00e9e, ce capteur offre une pr\u00e9cision et une fiabilit\u00e9 in\u00e9gal\u00e9es pour une vari\u00e9t\u00e9 d'industries exigeantes. Avec une port\u00e9e impressionnante allant jusqu'\u00e0\u00a0<strong>1000 m\u00e8tres<\/strong>, Il offre la pr\u00e9cision n\u00e9cessaire pour effectuer les t\u00e2ches les plus complexes, ce qui en fait le choix id\u00e9al pour les industries n\u00e9cessitant des mesures sans contact et \u00e0 longue distance.<\/p>\n<h3>Id\u00e9al pour une large gamme d'applications<\/h3>\n<p>The Pulse Laser Distance Sensor \u00a0is built to excel in diverse environments, from construction and surveying to military operations, environmental monitoring, and robotics. Whether you\u2019re working over large-scale terrains or in remote, hard-to-reach areas, this sensor provides the precision and power to get the job done.<\/p>\n<ul>\n<li><strong>Construction et arpentage<\/strong>: Parfait pour mesurer avec pr\u00e9cision de longues distances dans le cadre d'\u00e9valuations fonci\u00e8res, d'am\u00e9nagements de sites et de lev\u00e9s topographiques.<\/li>\n<li><strong>Surveillance de l'environnement<\/strong>: Recueillir des donn\u00e9es pr\u00e9cises sur de vastes zones pour des \u00e9tudes sur la faune et la flore, le changement climatique ou la gestion des catastrophes.<\/li>\n<li><strong>Militaire et d\u00e9fense<\/strong>: Am\u00e9liorez vos capacit\u00e9s de t\u00e9l\u00e9d\u00e9tection, de ciblage et de navigation gr\u00e2ce \u00e0 des mesures fiables \u00e0 longue port\u00e9e.<\/li>\n<li><strong>Robotique et automatisation<\/strong>: Am\u00e9liorez la navigation des robots, la d\u00e9tection des obstacles et la s\u00e9curit\u00e9 dans les environnements vastes et complexes gr\u00e2ce \u00e0 des relev\u00e9s de distance extr\u00eamement pr\u00e9cis.<\/li>\n<\/ul>\n<p>This sensor is more than just a tool\u2014it\u2019s an enabler of precision, offering the flexibility and accuracy needed for critical measurement tasks.<\/p>\n<figure id=\"attachment_2998\" class=\"wp-caption aligncenter\" aria-describedby=\"caption-attachment-2998\"><img decoding=\"async\" class=\"wp-image-2998 size-full\" title=\"Capteur \u00e0 longue port\u00e9e\" src=\"https:\/\/meskernel.net\/wp-content\/uploads\/2024\/10\/Telescope-Laser-sensor-PTFG-1.jpg\" sizes=\"(max-width: 1052px) 100vw, 1052px\" srcset=\"https:\/\/meskernel.net\/wp-content\/uploads\/2024\/10\/Telescope-Laser-sensor-PTFG-1.jpg 1052w, https:\/\/meskernel.net\/wp-content\/uploads\/2024\/10\/Telescope-Laser-sensor-PTFG-1-300x67.jpg 300w, https:\/\/meskernel.net\/wp-content\/uploads\/2024\/10\/Telescope-Laser-sensor-PTFG-1-1024x229.jpg 1024w, https:\/\/meskernel.net\/wp-content\/uploads\/2024\/10\/Telescope-Laser-sensor-PTFG-1-768x172.jpg 768w, https:\/\/meskernel.net\/wp-content\/uploads\/2024\/10\/Telescope-Laser-sensor-PTFG-1-400x89.jpg 400w\" alt=\"Capteur \u00e0 longue port\u00e9e\" width=\"1052\" height=\"235\" \/><figcaption id=\"caption-attachment-2998\" class=\"wp-caption-text\">Pulse Laser Distance Sensor<\/figcaption><\/figure>\n<h3>Con\u00e7u pour une int\u00e9gration compacte et transparente<\/h3>\n<p>The Pulse Laser Distance Sensor \u00a0features a compact, cylindrical design that makes integration into tight spaces easy and hassle-free. Whether you\u2019re integrating it into drones, outdoor use sights, or other compact devices, the sensor\u2019s small footprint doesn\u2019t compromise its power. This design allows you to incorporate advanced measurement technology without taking up valuable space, making it the perfect fit for applications where size and performance must go hand in hand.<\/p>\n<p>For engineers selecting the right laser distance sensor or laser rangefinder module, see our <a href=\"https:\/\/meskernel.net\/fr\/laser-distance-sensor-selection\/\">Laser Distance Sensor Selection Guide<\/a> for a detailed comparison of phase and pulse technologies.<\/p>\n<h3>Pr\u00e9cision sup\u00e9rieure pour les mesures \u00e0 longue distance<\/h3>\n<p>Obtenez une pr\u00e9cision in\u00e9gal\u00e9e de \u00b11 m\u00e8tre, m\u00eame sur des distances allant jusqu'\u00e0 1 000 m\u00e8tres. Qu'il s'agisse de mesurer de vastes \u00e9tendues dans le cadre de l'arpentage ou de naviguer dans des environnements complexes avec la robotique, ce capteur garantit la fiabilit\u00e9 de chaque mesure. Dans les situations o\u00f9 chaque m\u00e8tre compte, ce capteur fournit des donn\u00e9es fiables, offrant le plus haut niveau de performance sur de longues distances.<\/p>\n<h3>Mesure sans contact avec la technologie TOF<\/h3>\n<p>Au c\u0153ur du capteur \u00e0 longue port\u00e9e se trouvent\u00a0<a href=\"https:\/\/meskernel.net\/fr\/lheure-du-vol\/\">Temps de vol (TOF)<\/a>\u00a0technology, which enables non-contact measurement by calculating distances using laser pulses. This ensures high accuracy over long distances, allowing you to gather precise data without physically contacting the target. Whether measuring in hazardous, inaccessible, or sensitive environments, the sensor\u2019s non-contact capability makes it ideal for a wide range of applications.<\/p>\n<h3>R\u00e9volutionnez vos capacit\u00e9s de mesure \u00e0 longue port\u00e9e<\/h3>\n<p>The Pulse Laser Distance Sensor \u00a0(1000m) is a game-changer for industries that rely on precision, reliability, and non-contact measurement over long distances. Whether you\u2019re working in construction, surveying, military, or robotics, this sensor delivers the power and accuracy needed to tackle your most demanding measurement tasks.<\/p>\n<p>Avec sa port\u00e9e in\u00e9gal\u00e9e, sa pr\u00e9cision et son design compact, le capteur longue port\u00e9e transforme la fa\u00e7on dont vous mesurez les grandes distances, en vous assurant d'obtenir les donn\u00e9es les plus fiables pour vos applications critiques. Am\u00e9liorez votre flux de travail gr\u00e2ce \u00e0 une technologie de pointe et exploitez d\u00e8s aujourd'hui le potentiel des mesures de distance pr\u00e9cises et \u00e0 longue port\u00e9e.<\/p>","protected":false},"excerpt":{"rendered":"<p>Le capteur de distance \u00e0 laser puls\u00e9 peut \u00eatre utilis\u00e9 dans les syst\u00e8mes IOT, par exemple dans l'agriculture intelligente, pour mesurer la hauteur des cultures ou l'humidit\u00e9 du sol. Ces donn\u00e9es peuvent \u00eatre utilis\u00e9es pour optimiser les calendriers d'irrigation, de plantation et de r\u00e9colte, et s'int\u00e9grer aux plateformes loT pour l'agriculture de pr\u00e9cision.<\/p>","protected":false},"featured_media":3143,"template":"","meta":{"site-sidebar-layout":"default","site-content-layout":"","ast-site-content-layout":"default","site-content-style":"default","site-sidebar-style":"default","ast-global-header-display":"","ast-banner-title-visibility":"","ast-main-header-display":"","ast-hfb-above-header-display":"","ast-hfb-below-header-display":"","ast-hfb-mobile-header-display":"","site-post-title":"","ast-breadcrumbs-content":"","ast-featured-img":"","footer-sml-layout":"","ast-disable-related-posts":"","theme-transparent-header-meta":"default","adv-header-id-meta":"","stick-header-meta":"","header-above-stick-meta":"","header-main-stick-meta":"","header-below-stick-meta":"","astra-migrate-meta-layouts":"set","ast-page-background-enabled":"default","ast-page-background-meta":{"desktop":{"background-color":"var(--ast-global-color-4)","background-image":"","background-repeat":"repeat","background-position":"center center","background-size":"auto","background-attachment":"scroll","background-type":"","background-media":"","overlay-type":"","overlay-color":"","overlay-opacity":"","overlay-gradient":""},"tablet":{"background-color":"","background-image":"","background-repeat":"repeat","background-position":"center center","background-size":"auto","background-attachment":"scroll","background-type":"","background-media":"","overlay-type":"","overlay-color":"","overlay-opacity":"","overlay-gradient":""},"mobile":{"background-color":"","background-image":"","background-repeat":"repeat","background-position":"center center","background-size":"auto","background-attachment":"scroll","background-type":"","background-media":"","overlay-type":"","overlay-color":"","overlay-opacity":"","overlay-gradient":""}},"ast-content-background-meta":{"desktop":{"background-color":"var(--ast-global-color-5)","background-image":"","background-repeat":"repeat","background-position":"center center","background-size":"auto","background-attachment":"scroll","background-type":"","background-media":"","overlay-type":"","overlay-color":"","overlay-opacity":"","overlay-gradient":""},"tablet":{"background-color":"var(--ast-global-color-5)","background-image":"","background-repeat":"repeat","background-position":"center center","background-size":"auto","background-attachment":"scroll","background-type":"","background-media":"","overlay-type":"","overlay-color":"","overlay-opacity":"","overlay-gradient":""},"mobile":{"background-color":"var(--ast-global-color-5)","background-image":"","background-repeat":"repeat","background-position":"center center","background-size":"auto","background-attachment":"scroll","background-type":"","background-media":"","overlay-type":"","overlay-color":"","overlay-opacity":"","overlay-gradient":""}}},"product_brand":[60],"product_cat":[54],"product_tag":[],"class_list":{"0":"post-3133","1":"product","2":"type-product","3":"status-publish","4":"has-post-thumbnail","6":"product_brand-meskernel","7":"product_cat-long-distance-laser-ranging-sensors","8":"desktop-align-center","9":"tablet-align-left","10":"mobile-align-left","12":"first","13":"instock","14":"shipping-taxable","15":"product-type-simple"},"_links":{"self":[{"href":"https:\/\/meskernel.net\/fr\/wp-json\/wp\/v2\/product\/3133","targetHints":{"allow":["GET"]}}],"collection":[{"href":"https:\/\/meskernel.net\/fr\/wp-json\/wp\/v2\/product"}],"about":[{"href":"https:\/\/meskernel.net\/fr\/wp-json\/wp\/v2\/types\/product"}],"version-history":[{"count":0,"href":"https:\/\/meskernel.net\/fr\/wp-json\/wp\/v2\/product\/3133\/revisions"}],"wp:featuredmedia":[{"embeddable":true,"href":"https:\/\/meskernel.net\/fr\/wp-json\/wp\/v2\/media\/3143"}],"wp:attachment":[{"href":"https:\/\/meskernel.net\/fr\/wp-json\/wp\/v2\/media?parent=3133"}],"wp:term":[{"taxonomy":"product_brand","embeddable":true,"href":"https:\/\/meskernel.net\/fr\/wp-json\/wp\/v2\/product_brand?post=3133"},{"taxonomy":"product_cat","embeddable":true,"href":"https:\/\/meskernel.net\/fr\/wp-json\/wp\/v2\/product_cat?post=3133"},{"taxonomy":"product_tag","embeddable":true,"href":"https:\/\/meskernel.net\/fr\/wp-json\/wp\/v2\/product_tag?post=3133"}],"curies":[{"name":"wp","href":"https:\/\/api.w.org\/{rel}","templated":true}]}}