{"id":3297,"date":"2024-12-30T11:31:42","date_gmt":"2024-12-30T03:31:42","guid":{"rendered":"https:\/\/meskernel.net\/?post_type=product&#038;p=3297"},"modified":"2025-07-03T11:09:44","modified_gmt":"2025-07-03T03:09:44","slug":"ruban-de-mesure-laser","status":"publish","type":"product","link":"https:\/\/meskernel.net\/fr\/product\/laser-measuring-tape\/","title":{"rendered":"Ruban \u00e0 mesurer laser 2 en 1 : R\u00e8gle portable de 40 m pour des mesures pr\u00e9cises et faciles"},"content":{"rendered":"<h3>Ruban de mesure laser 2-en-1 40m R\u00e8gle \u00e9lectronique portable Mesure de haute pr\u00e9cision<\/h3>\n<p>D\u00e9couvrez la puissance de la mesure pr\u00e9cise des distances avec notre m\u00e8tre laser, con\u00e7u pour la pr\u00e9cision et la polyvalence. Avec une plage de mesure de 0,03 m \u00e0 40 m, cet outil compact offre une pr\u00e9cision exceptionnelle, ce qui le rend parfait pour un large \u00e9ventail d'applications, des projets de construction et d'am\u00e9lioration de l'habitat aux sports de plein air et aux loisirs.<\/p>\n<figure id=\"attachment_2957\" aria-describedby=\"caption-attachment-2957\" style=\"width: 667px\" class=\"wp-caption aligncenter\"><img fetchpriority=\"high\" decoding=\"async\" class=\"wp-image-2957 size-full\" title=\"ruban a mesurer laser avec chargeur usb\" src=\"https:\/\/meskernel.net\/wp-content\/uploads\/2024\/11\/USB-CHARGING.png\" alt=\"ruban a mesurer laser avec chargeur usb\" width=\"667\" height=\"675\" srcset=\"https:\/\/meskernel.net\/wp-content\/uploads\/2024\/11\/USB-CHARGING.png 667w, https:\/\/meskernel.net\/wp-content\/uploads\/2024\/11\/USB-CHARGING-296x300.png 296w, https:\/\/meskernel.net\/wp-content\/uploads\/2024\/11\/USB-CHARGING-400x405.png 400w, https:\/\/meskernel.net\/wp-content\/uploads\/2024\/11\/USB-CHARGING-100x100.png 100w\" sizes=\"(max-width: 667px) 100vw, 667px\" \/><figcaption id=\"caption-attachment-2957\" class=\"wp-caption-text\">ruban a mesurer laser avec chargeur usb<\/figcaption><\/figure>\n<h3><strong>Caract\u00e9ristiques principales :<\/strong><\/h3>\n<h5><strong>Conception compacte et portable<\/strong><\/h5>\n<p>Le ruban de mesure laser a une taille ultra-compacte de 72x72x35 mm, ce qui le rend facile \u00e0 transporter et \u00e0 ranger. Sa conception petite et l\u00e9g\u00e8re garantit la portabilit\u00e9 sans sacrifier la performance. Que vous mesuriez dans des espaces restreints ou en d\u00e9placement, cet appareil est pratique et facile \u00e0 utiliser.<\/p>\n<h5><strong>Large gamme de mesures<\/strong><\/h5>\n<p>Cet appareil offre une plage de mesure de 0,03 m \u00e0 40 m, id\u00e9ale pour les mesures \u00e0 courte et longue distance. Que vous mesuriez de petits espaces int\u00e9rieurs, des distances pour l'am\u00e9nagement paysager ou des activit\u00e9s de plein air, ce t\u00e9l\u00e9m\u00e8tre fournit des r\u00e9sultats pr\u00e9cis en quelques secondes.<\/p>\n<h5><strong>Haute pr\u00e9cision<\/strong><\/h5>\n<p>Avec une pr\u00e9cision de\u00a0<strong>\u00b1<\/strong>3 mm, le ruban \u00e0 mesurer laser garantit des mesures fiables et de haute pr\u00e9cision \u00e0 chaque fois. Que vous travailliez sur un projet d\u00e9taill\u00e9 ou que vous ayez besoin de mesures rapides pour des t\u00e2ches g\u00e9n\u00e9rales, cet outil offre la pr\u00e9cision dont vous avez besoin pour des r\u00e9sultats impeccables.<\/p>\n<h5><strong>Laser de classe II pour une utilisation s\u00fbre<\/strong><\/h5>\n<p>\u00c9quip\u00e9 d'un laser de classe II fonctionnant dans la gamme de longueurs d'onde 620-690 nm, cet appareil est \u00e0 la fois s\u00fbr et efficace. Le laser de classe II garantit la s\u00e9curit\u00e9 lors d'une utilisation normale et r\u00e9pond \u00e0 des normes strictes en mati\u00e8re de protection des yeux.<\/p>\n<h3><strong>Facile \u00e0 utiliser<\/strong><\/h3>\n<p>L'interface conviviale et les commandes simples permettent aux professionnels et aux d\u00e9butants de l'utiliser facilement. Le ruban de mesure laser est intuitif et permet d'obtenir des lectures rapides en appuyant sur un bouton.<\/p>\n<figure id=\"attachment_2956\" aria-describedby=\"caption-attachment-2956\" style=\"width: 745px\" class=\"wp-caption aligncenter\"><img decoding=\"async\" class=\"wp-image-2956 size-full\" title=\"Ruban \u00e0 mesurer laser\" src=\"https:\/\/meskernel.net\/wp-content\/uploads\/2024\/11\/Laser-Tape-Measure-1.jpg\" alt=\"Ruban \u00e0 mesurer laser\" width=\"745\" height=\"719\" srcset=\"https:\/\/meskernel.net\/wp-content\/uploads\/2024\/11\/Laser-Tape-Measure-1.jpg 745w, https:\/\/meskernel.net\/wp-content\/uploads\/2024\/11\/Laser-Tape-Measure-1-300x290.jpg 300w, https:\/\/meskernel.net\/wp-content\/uploads\/2024\/11\/Laser-Tape-Measure-1-400x386.jpg 400w\" sizes=\"(max-width: 745px) 100vw, 745px\" \/><figcaption id=\"caption-attachment-2956\" class=\"wp-caption-text\">Ruban \u00e0 mesurer laser<\/figcaption><\/figure>\n<p>Le mini m\u00e8tre ruban laser 3-en-1 USB 40m est un outil de mesure num\u00e9rique parfait pour les travaux de bricolage. Il est plus pr\u00e9cis et plus pratique que les rubans \u00e0 mesurer traditionnels.<\/p>\n<ul>\n<li><strong>Design deux-en-un :<\/strong> Combine un m\u00e8tre ruban de 5 m et un m\u00e8tre laser de 40 m.<\/li>\n<li><strong>Affichage LED :<\/strong> Mesures claires et faciles \u00e0 lire.<\/li>\n<li><strong>Verrouillage automatique :<\/strong> Emp\u00eache le rebondissement de la bande pour plus de s\u00e9curit\u00e9.<\/li>\n<li><strong>Mesures de proximit\u00e9 et \u00e0 longue port\u00e9e :<\/strong> Bande pour les courtes distances, laser pour les longues distances afin d'\u00e9viter les erreurs.<\/li>\n<li><strong>Modes multiples :<\/strong> Prend en charge les mesures de distance, de surface, de volume et de Pythagore.<\/li>\n<\/ul>\n<p>Cet outil r\u00e9pond efficacement aux besoins de mesure quotidiens et professionnels.<\/p>\n<p><strong>Commandez d\u00e8s maintenant et b\u00e9n\u00e9ficiez de mesures pr\u00e9cises !<\/strong><\/p>\n<p>Que vous soyez un professionnel de <a href=\"https:\/\/meskernel.net\/fr\/application\/construction\/\">construction<\/a> ou un amateur, ce ruban \u00e0 mesurer laser offre la pr\u00e9cision, la portabilit\u00e9 et la s\u00e9curit\u00e9 dont vous avez besoin pour vos t\u00e2ches de mesure.<\/p>","protected":false},"excerpt":{"rendered":"<p>D\u00e9couvrez la pr\u00e9cision de notre ruban de mesure laser avec une port\u00e9e de 0,03 m \u00e0 40 m et une grande pr\u00e9cision de \u00b13 mm. Compact et l\u00e9ger, il est id\u00e9al pour la construction, l'am\u00e9nagement de la maison, le sport et bien plus encore. S\u00fbr, facile \u00e0 utiliser et parfait pour des mesures pr\u00e9cises en d\u00e9placement.<\/p>","protected":false},"featured_media":3298,"template":"","meta":{"site-sidebar-layout":"default","site-content-layout":"","ast-site-content-layout":"default","site-content-style":"default","site-sidebar-style":"default","ast-global-header-display":"","ast-banner-title-visibility":"","ast-main-header-display":"","ast-hfb-above-header-display":"","ast-hfb-below-header-display":"","ast-hfb-mobile-header-display":"","site-post-title":"","ast-breadcrumbs-content":"","ast-featured-img":"","footer-sml-layout":"","ast-disable-related-posts":"","theme-transparent-header-meta":"default","adv-header-id-meta":"","stick-header-meta":"","header-above-stick-meta":"","header-main-stick-meta":"","header-below-stick-meta":"","astra-migrate-meta-layouts":"set","ast-page-background-enabled":"default","ast-page-background-meta":{"desktop":{"background-color":"var(--ast-global-color-4)","background-image":"","background-repeat":"repeat","background-position":"center center","background-size":"auto","background-attachment":"scroll","background-type":"","background-media":"","overlay-type":"","overlay-color":"","overlay-opacity":"","overlay-gradient":""},"tablet":{"background-color":"","background-image":"","background-repeat":"repeat","background-position":"center center","background-size":"auto","background-attachment":"scroll","background-type":"","background-media":"","overlay-type":"","overlay-color":"","overlay-opacity":"","overlay-gradient":""},"mobile":{"background-color":"","background-image":"","background-repeat":"repeat","background-position":"center center","background-size":"auto","background-attachment":"scroll","background-type":"","background-media":"","overlay-type":"","overlay-color":"","overlay-opacity":"","overlay-gradient":""}},"ast-content-background-meta":{"desktop":{"background-color":"var(--ast-global-color-5)","background-image":"","background-repeat":"repeat","background-position":"center center","background-size":"auto","background-attachment":"scroll","background-type":"","background-media":"","overlay-type":"","overlay-color":"","overlay-opacity":"","overlay-gradient":""},"tablet":{"background-color":"var(--ast-global-color-5)","background-image":"","background-repeat":"repeat","background-position":"center center","background-size":"auto","background-attachment":"scroll","background-type":"","background-media":"","overlay-type":"","overlay-color":"","overlay-opacity":"","overlay-gradient":""},"mobile":{"background-color":"var(--ast-global-color-5)","background-image":"","background-repeat":"repeat","background-position":"center center","background-size":"auto","background-attachment":"scroll","background-type":"","background-media":"","overlay-type":"","overlay-color":"","overlay-opacity":"","overlay-gradient":""}}},"product_brand":[60],"product_cat":[29],"product_tag":[],"class_list":{"0":"post-3297","1":"product","2":"type-product","3":"status-publish","4":"has-post-thumbnail","6":"product_brand-meskernel","7":"product_cat-laser-measurement-tool","8":"desktop-align-center","9":"tablet-align-left","10":"mobile-align-left","12":"first","13":"instock","14":"shipping-taxable","15":"product-type-simple"},"_links":{"self":[{"href":"https:\/\/meskernel.net\/fr\/wp-json\/wp\/v2\/product\/3297","targetHints":{"allow":["GET"]}}],"collection":[{"href":"https:\/\/meskernel.net\/fr\/wp-json\/wp\/v2\/product"}],"about":[{"href":"https:\/\/meskernel.net\/fr\/wp-json\/wp\/v2\/types\/product"}],"version-history":[{"count":0,"href":"https:\/\/meskernel.net\/fr\/wp-json\/wp\/v2\/product\/3297\/revisions"}],"wp:featuredmedia":[{"embeddable":true,"href":"https:\/\/meskernel.net\/fr\/wp-json\/wp\/v2\/media\/3298"}],"wp:attachment":[{"href":"https:\/\/meskernel.net\/fr\/wp-json\/wp\/v2\/media?parent=3297"}],"wp:term":[{"taxonomy":"product_brand","embeddable":true,"href":"https:\/\/meskernel.net\/fr\/wp-json\/wp\/v2\/product_brand?post=3297"},{"taxonomy":"product_cat","embeddable":true,"href":"https:\/\/meskernel.net\/fr\/wp-json\/wp\/v2\/product_cat?post=3297"},{"taxonomy":"product_tag","embeddable":true,"href":"https:\/\/meskernel.net\/fr\/wp-json\/wp\/v2\/product_tag?post=3297"}],"curies":[{"name":"wp","href":"https:\/\/api.w.org\/{rel}","templated":true}]}}