{"id":3303,"date":"2024-12-30T16:45:24","date_gmt":"2024-12-30T08:45:24","guid":{"rendered":"https:\/\/meskernel.net\/?post_type=product&#038;p=3303"},"modified":"2025-07-03T11:02:14","modified_gmt":"2025-07-03T03:02:14","slug":"module-de-distance-laser-a-phase-de-haute-precision-ldll-avec-une-portee-de-40m-et-un-design-compact","status":"publish","type":"product","link":"https:\/\/meskernel.net\/fr\/product\/high-precision-phase-laser-distance-module-ldll-with-40m-range-and-compact-design\/","title":{"rendered":"Distance laser \u00e0 phase personnalis\u00e9e : Port\u00e9e de 40 m, mesure industrielle sans contact"},"content":{"rendered":"<h3><strong>Capteur de distance \u00e0 laser de phase de haute pr\u00e9cision pour applications industrielles<\/strong><\/h3>\n<p>Notre d\u00e9tecteur de distance \u00e0 laser \u00e0 phase de haute pr\u00e9cision offre une pr\u00e9cision et une fiabilit\u00e9 exceptionnelles, ce qui en fait la solution id\u00e9ale pour les applications industrielles exigeantes. Gr\u00e2ce \u00e0 la technologie <a href=\"https:\/\/meskernel.net\/fr\/capteur-de-distance\/\">principe de mesure du d\u00e9phasage<\/a>Ce capteur calcule la distance en mesurant la diff\u00e9rence de phase entre la lumi\u00e8re laser \u00e9mise et la lumi\u00e8re laser r\u00e9fl\u00e9chie. Cette approche garantit des r\u00e9sultats de haute pr\u00e9cision, m\u00eame sur de longues distances. En tant que fabricant leader de capteurs de mesure laser, nous sommes sp\u00e9cialis\u00e9s dans la fourniture de technologies de pointe pour des secteurs tels que l'automatisation, la fabrication, l'arpentage et l'ing\u00e9nierie. Qu'il s'agisse de mesurer de petits composants ou de grandes surfaces, nos capteurs garantissent des r\u00e9sultats pr\u00e9cis \u00e0 chaque fois, m\u00eame dans des environnements difficiles.<\/p>\n<figure id=\"attachment_2960\" aria-describedby=\"caption-attachment-2960\" style=\"width: 1080px\" class=\"wp-caption aligncenter\"><img fetchpriority=\"high\" decoding=\"async\" class=\"wp-image-2960 size-full\" title=\"Capteur de distance \u00e0 laser TOF\" src=\"https:\/\/meskernel.net\/wp-content\/uploads\/2024\/11\/TOF-Laser-Distance-Sensor.jpg\" alt=\"Capteur de distance \u00e0 laser TOF\" width=\"1080\" height=\"300\" srcset=\"https:\/\/meskernel.net\/wp-content\/uploads\/2024\/11\/TOF-Laser-Distance-Sensor.jpg 1080w, https:\/\/meskernel.net\/wp-content\/uploads\/2024\/11\/TOF-Laser-Distance-Sensor-300x83.jpg 300w, https:\/\/meskernel.net\/wp-content\/uploads\/2024\/11\/TOF-Laser-Distance-Sensor-1024x284.jpg 1024w, https:\/\/meskernel.net\/wp-content\/uploads\/2024\/11\/TOF-Laser-Distance-Sensor-768x213.jpg 768w, https:\/\/meskernel.net\/wp-content\/uploads\/2024\/11\/TOF-Laser-Distance-Sensor-400x111.jpg 400w\" sizes=\"(max-width: 1080px) 100vw, 1080px\" \/><figcaption id=\"caption-attachment-2960\" class=\"wp-caption-text\">Capteur de distance \u00e0 laser TOF<\/figcaption><\/figure>\n<h3><strong>Une personnalisation souple pour r\u00e9pondre \u00e0 vos besoins sp\u00e9cifiques<\/strong><\/h3>\n<p>En tant que fabricant de capteurs de confiance, nous offrons des options de personnalisation \u00e9tendues pour r\u00e9pondre \u00e0 vos besoins sp\u00e9cifiques. Qu'il s'agisse d'ajuster la plage de mesure, d'ajouter des sorties personnalis\u00e9es ou d'optimiser le bo\u00eetier du capteur pour des environnements sp\u00e9cialis\u00e9s, nous pouvons adapter le capteur \u00e0 vos exigences exactes. Notre capteur de distance laser 40 m est compatible avec les normes industrielles telles que RS485, RS232 et TTL, ce qui permet une int\u00e9gration transparente dans vos syst\u00e8mes existants.<\/p>\n<p>Les caract\u00e9ristiques personnalisables comprennent<\/p>\n<ul>\n<li>Sorties programmables<\/li>\n<li>Capacit\u00e9s d'enregistrement des donn\u00e9es et de surveillance en temps r\u00e9el<\/li>\n<li>Plages de mesure et formats de sortie sur mesure<\/li>\n<li>Compatibilit\u00e9 avec diverses conditions environnementales<\/li>\n<\/ul>\n<h3><strong>Fabrication modulable et production rapide<\/strong><\/h3>\n<p>Notre usine de fabrication ultramoderne est \u00e9quip\u00e9e pour traiter les commandes de petits et de grands volumes dans des d\u00e9lais de production rapides. Que vous ayez besoin de quelques unit\u00e9s ou d'une commande en gros, nous pouvons r\u00e9pondre \u00e0 vos demandes avec des d\u00e9lais d'ex\u00e9cution rapides et des calendriers de livraison fiables. Nous utilisons les techniques de production les plus r\u00e9centes et suivons des processus de contr\u00f4le de la qualit\u00e9 rigoureux afin de garantir que chaque 40m <a href=\"https:\/\/en.wikipedia.org\/wiki\/Time-of-flight_camera\" target=\"_blank\" rel=\"noopener\">TOF<\/a> r\u00e9pond aux normes industrielles les plus strictes en mati\u00e8re de pr\u00e9cision et de performance.<\/p>\n<div class=\"ast-oembed-container\" style=\"height: 100%;\"><iframe title=\"Chengdu Meskernel Integrated Technology Co , Ltd\" width=\"500\" height=\"281\" src=\"https:\/\/www.youtube.com\/embed\/l3-XWIFqqic?feature=oembed\" frameborder=\"0\" allow=\"accelerometer; autoplay; clipboard-write; encrypted-media; gyroscope; picture-in-picture; web-share\" referrerpolicy=\"strict-origin-when-cross-origin\" allowfullscreen><\/iframe><\/div>\n<h3><strong>Principaux avantages de notre capteur de mesure de distance \u00e0 laser \u00e0 phase<\/strong><\/h3>\n<ul>\n<li><strong>Une pr\u00e9cision in\u00e9gal\u00e9e<\/strong>: Obtenir des mesures tr\u00e8s fiables gr\u00e2ce \u00e0 <strong>\u00b1<\/strong>Pr\u00e9cision de 1 mm, essentielle pour les t\u00e2ches critiques de pr\u00e9cision dans les environnements industriels.<\/li>\n<li><strong>Caract\u00e9ristiques personnalisables<\/strong>: Adaptez la plage de mesure du capteur, les types de sortie et les options d'int\u00e9gration pour r\u00e9pondre \u00e0 vos besoins sp\u00e9cifiques.<\/li>\n<li><strong>Large \u00e9ventail d'applications<\/strong>: Parfait pour l'automatisation robotique, le contr\u00f4le de la qualit\u00e9, l'arpentage de sites et les applications d'ing\u00e9nierie.<\/li>\n<li><strong>Int\u00e9gration facile<\/strong>: S'int\u00e8gre en toute transparence aux syst\u00e8mes existants via des interfaces standard telles que RS485, RS232 et TTL.<\/li>\n<li><strong>Production modulable<\/strong>: Nous offrons une production rapide et une livraison fiable, que vous ayez besoin de petites ou de grandes quantit\u00e9s.<\/li>\n<\/ul>\n<p>Si vous \u00eates \u00e0 la recherche d'un d\u00e9tecteur de distance \u00e0 laser \u00e0 phase de haute pr\u00e9cision qui offre une pr\u00e9cision, une polyvalence et des performances fiables exceptionnelles, ne cherchez pas plus loin. Notre capteur est la solution id\u00e9ale pour une large gamme d'applications industrielles, de la fabrication \u00e0 l'automatisation en passant par l'arpentage et la robotique. Gr\u00e2ce \u00e0 sa capacit\u00e9 \u00e0 fournir des mesures pr\u00e9cises, il am\u00e9liore l'efficacit\u00e9 op\u00e9rationnelle et garantit des r\u00e9sultats coh\u00e9rents. Nous proposons une vari\u00e9t\u00e9 de capteurs de t\u00e9l\u00e9m\u00e9trie laser, con\u00e7us pour une haute pr\u00e9cision et des performances \u00e0 longue port\u00e9e, adapt\u00e9s pour r\u00e9pondre aux besoins uniques de votre application.<\/p>\n<p><a href=\"https:\/\/meskernel.net\/fr\/contact\/\">Contactez-nous d\u00e8s aujourd'hui<\/a> pour d\u00e9couvrir comment nos d\u00e9tecteurs de distance laser \u00e0 phase de 40 m de haute pr\u00e9cision peuvent optimiser vos op\u00e9rations industrielles et assurer la r\u00e9ussite de vos projets.<\/p>","protected":false},"excerpt":{"rendered":"<p>Capteur de distance \u00e0 laser \u00e0 phase personnalisable avec une port\u00e9e de 40 m et un design compact, id\u00e9al pour les applications industrielles. Il est dot\u00e9 d'une transmission Bluetooth et d'une interface trois-en-un TTL\/RS232\/RS485 pour des mesures sans contact efficaces et pr\u00e9cises.<\/p>","protected":false},"featured_media":3304,"template":"","meta":{"site-sidebar-layout":"default","site-content-layout":"","ast-site-content-layout":"default","site-content-style":"default","site-sidebar-style":"default","ast-global-header-display":"","ast-banner-title-visibility":"","ast-main-header-display":"","ast-hfb-above-header-display":"","ast-hfb-below-header-display":"","ast-hfb-mobile-header-display":"","site-post-title":"","ast-breadcrumbs-content":"","ast-featured-img":"","footer-sml-layout":"","ast-disable-related-posts":"","theme-transparent-header-meta":"default","adv-header-id-meta":"","stick-header-meta":"","header-above-stick-meta":"","header-main-stick-meta":"","header-below-stick-meta":"","astra-migrate-meta-layouts":"set","ast-page-background-enabled":"default","ast-page-background-meta":{"desktop":{"background-color":"var(--ast-global-color-4)","background-image":"","background-repeat":"repeat","background-position":"center center","background-size":"auto","background-attachment":"scroll","background-type":"","background-media":"","overlay-type":"","overlay-color":"","overlay-opacity":"","overlay-gradient":""},"tablet":{"background-color":"","background-image":"","background-repeat":"repeat","background-position":"center center","background-size":"auto","background-attachment":"scroll","background-type":"","background-media":"","overlay-type":"","overlay-color":"","overlay-opacity":"","overlay-gradient":""},"mobile":{"background-color":"","background-image":"","background-repeat":"repeat","background-position":"center center","background-size":"auto","background-attachment":"scroll","background-type":"","background-media":"","overlay-type":"","overlay-color":"","overlay-opacity":"","overlay-gradient":""}},"ast-content-background-meta":{"desktop":{"background-color":"var(--ast-global-color-5)","background-image":"","background-repeat":"repeat","background-position":"center center","background-size":"auto","background-attachment":"scroll","background-type":"","background-media":"","overlay-type":"","overlay-color":"","overlay-opacity":"","overlay-gradient":""},"tablet":{"background-color":"var(--ast-global-color-5)","background-image":"","background-repeat":"repeat","background-position":"center center","background-size":"auto","background-attachment":"scroll","background-type":"","background-media":"","overlay-type":"","overlay-color":"","overlay-opacity":"","overlay-gradient":""},"mobile":{"background-color":"var(--ast-global-color-5)","background-image":"","background-repeat":"repeat","background-position":"center center","background-size":"auto","background-attachment":"scroll","background-type":"","background-media":"","overlay-type":"","overlay-color":"","overlay-opacity":"","overlay-gradient":""}}},"product_brand":[60],"product_cat":[51],"product_tag":[],"class_list":{"0":"post-3303","1":"product","2":"type-product","3":"status-publish","4":"has-post-thumbnail","6":"product_brand-meskernel","7":"product_cat-laser-distance-sensor","8":"desktop-align-center","9":"tablet-align-left","10":"mobile-align-left","12":"first","13":"instock","14":"shipping-taxable","15":"product-type-simple"},"_links":{"self":[{"href":"https:\/\/meskernel.net\/fr\/wp-json\/wp\/v2\/product\/3303","targetHints":{"allow":["GET"]}}],"collection":[{"href":"https:\/\/meskernel.net\/fr\/wp-json\/wp\/v2\/product"}],"about":[{"href":"https:\/\/meskernel.net\/fr\/wp-json\/wp\/v2\/types\/product"}],"version-history":[{"count":0,"href":"https:\/\/meskernel.net\/fr\/wp-json\/wp\/v2\/product\/3303\/revisions"}],"wp:featuredmedia":[{"embeddable":true,"href":"https:\/\/meskernel.net\/fr\/wp-json\/wp\/v2\/media\/3304"}],"wp:attachment":[{"href":"https:\/\/meskernel.net\/fr\/wp-json\/wp\/v2\/media?parent=3303"}],"wp:term":[{"taxonomy":"product_brand","embeddable":true,"href":"https:\/\/meskernel.net\/fr\/wp-json\/wp\/v2\/product_brand?post=3303"},{"taxonomy":"product_cat","embeddable":true,"href":"https:\/\/meskernel.net\/fr\/wp-json\/wp\/v2\/product_cat?post=3303"},{"taxonomy":"product_tag","embeddable":true,"href":"https:\/\/meskernel.net\/fr\/wp-json\/wp\/v2\/product_tag?post=3303"}],"curies":[{"name":"wp","href":"https:\/\/api.w.org\/{rel}","templated":true}]}}