{"id":3316,"date":"2025-01-02T10:33:30","date_gmt":"2025-01-02T02:33:30","guid":{"rendered":"https:\/\/meskernel.net\/?post_type=product&#038;p=3316"},"modified":"2025-07-03T10:56:11","modified_gmt":"2025-07-03T02:56:11","slug":"capteur-de-courte-distance","status":"publish","type":"product","link":"https:\/\/meskernel.net\/fr\/product\/short-distance-sensor\/","title":{"rendered":"Capteur de courte distance 40m Mesures rapides sans contact Pas d'attente"},"content":{"rendered":"<h3><strong>Capteur \u00e0 courte distance : Une pr\u00e9cision in\u00e9gal\u00e9e dans les applications compactes<\/strong><\/h3>\n<p>Dans les secteurs industriels et de la technologie intelligente, qui \u00e9voluent rapidement, le capteur \u00e0 courte distance offre pr\u00e9cision, rapidit\u00e9 et fiabilit\u00e9. Con\u00e7u pour l'automatisation, la robotique et les appareils de mesure compacts, ce capteur garantit des r\u00e9sultats pr\u00e9cis dans toutes les applications.<\/p>\n<figure id=\"attachment_2961\" aria-describedby=\"caption-attachment-2961\" style=\"width: 1080px\" class=\"wp-caption aligncenter\"><img fetchpriority=\"high\" decoding=\"async\" class=\"wp-image-2961 size-full\" title=\"Module de distance laser de phase\" src=\"https:\/\/meskernel.net\/wp-content\/uploads\/2024\/11\/Phase-Laser-Distance-Module.jpg\" alt=\"Module de distance laser de phase\" width=\"1080\" height=\"300\" srcset=\"https:\/\/meskernel.net\/wp-content\/uploads\/2024\/11\/Phase-Laser-Distance-Module.jpg 1080w, https:\/\/meskernel.net\/wp-content\/uploads\/2024\/11\/Phase-Laser-Distance-Module-300x83.jpg 300w, https:\/\/meskernel.net\/wp-content\/uploads\/2024\/11\/Phase-Laser-Distance-Module-1024x284.jpg 1024w, https:\/\/meskernel.net\/wp-content\/uploads\/2024\/11\/Phase-Laser-Distance-Module-768x213.jpg 768w, https:\/\/meskernel.net\/wp-content\/uploads\/2024\/11\/Phase-Laser-Distance-Module-400x111.jpg 400w\" sizes=\"(max-width: 1080px) 100vw, 1080px\" \/><figcaption id=\"caption-attachment-2961\" class=\"wp-caption-text\">Module de distance laser de phase<\/figcaption><\/figure>\n<h3><strong>1. Principales caract\u00e9ristiques qui nous distinguent<\/strong><\/h3>\n<ul>\n<li><strong>Mesure de haute pr\u00e9cision :<\/strong> Mesurez les distances avec une pr\u00e9cision de l'ordre du millim\u00e8tre, ce qui garantit des performances constantes.<\/li>\n<li><strong>Temps de r\u00e9ponse ultra-rapide :<\/strong> D\u00e9tection et mesure instantan\u00e9es, id\u00e9ales pour les objets en mouvement et les besoins de donn\u00e9es en temps r\u00e9el.<\/li>\n<li><strong>Conception compacte et l\u00e9g\u00e8re :<\/strong> S'int\u00e8grent facilement dans les appareils \u00e0 espace limit\u00e9 sans compromettre la fonctionnalit\u00e9.<\/li>\n<li><strong>Efficacit\u00e9 \u00e9nerg\u00e9tique :<\/strong> Fonctionner pendant de longues p\u00e9riodes avec une consommation d'\u00e9nergie minimale.<\/li>\n<li><strong>Connectivit\u00e9 polyvalente :<\/strong> Int\u00e9gration transparente avec les protocoles de communication UART, I\u00b2C et CAN.<\/li>\n<\/ul>\n<h3><strong>2. Applications pratiques dans tous les secteurs<\/strong><\/h3>\n<ul>\n<li><strong><a href=\"https:\/\/meskernel.net\/fr\/application\/automatic-driving\/\">Automatisation industrielle<\/a>:<\/strong> Suivre avec pr\u00e9cision la position des objets sur les lignes de production, afin d'am\u00e9liorer l'efficacit\u00e9 et de r\u00e9duire les erreurs.<\/li>\n<li><strong>Robotique :<\/strong> Permettre une navigation pr\u00e9cise et la d\u00e9tection d'obstacles dans les syst\u00e8mes robotiques.<\/li>\n<li><strong>Entreposage intelligent :<\/strong> Optimisez la gestion des stocks gr\u00e2ce \u00e0 des mesures de distance fiables.<\/li>\n<li><strong>Syst\u00e8mes de transport :<\/strong> Am\u00e9liorez les capteurs de stationnement et la surveillance de la distance du v\u00e9hicule pour plus de s\u00e9curit\u00e9 et de commodit\u00e9.<\/li>\n<li><strong>Appareils domestiques intelligents :<\/strong> Fournir des solutions de mesure intelligentes dans les applications IoT.<\/li>\n<\/ul>\n<h3><strong>3. Sp\u00e9cifications techniques Vue d'ensemble<\/strong><\/h3>\n<ul>\n<li><strong>Plage de mesure :<\/strong> 0,1m - 60m (en fonction du mod\u00e8le)<\/li>\n<li><strong>Pr\u00e9cision :<\/strong> \u00b11mm<\/li>\n<li><strong>Temps de r\u00e9ponse :<\/strong> Moins de 0,1 s<\/li>\n<li><strong>Options d'interface :<\/strong> UART, I\u00b2C, CAN, etc.<\/li>\n<li><strong>Durabilit\u00e9 :<\/strong> IP65 - R\u00e9sistant \u00e0 la poussi\u00e8re et \u00e0 l'eau<\/li>\n<\/ul>\n<h3 class=\"text-title\"><span class=\"magic-22\">Interface PCI<\/span><\/h3>\n<div class=\"text-content\">Prise en charge de la transmission Bluetooth, interface TTL\/RS232\/RS485 trois-en-un, pour une transmission des donn\u00e9es plus efficace.<\/div>\n<div>\n<figure id=\"attachment_2965\" aria-describedby=\"caption-attachment-2965\" style=\"width: 751px\" class=\"wp-caption aligncenter\"><img decoding=\"async\" class=\"wp-image-2965 size-full\" title=\"Module de distance laser de phase\" src=\"https:\/\/meskernel.net\/wp-content\/uploads\/2024\/10\/ldk.jpg\" alt=\"Capteurs de d\u00e9placement \u00e0 laser\" width=\"751\" height=\"480\" srcset=\"https:\/\/meskernel.net\/wp-content\/uploads\/2024\/10\/ldk.jpg 751w, https:\/\/meskernel.net\/wp-content\/uploads\/2024\/10\/ldk-300x192.jpg 300w, https:\/\/meskernel.net\/wp-content\/uploads\/2024\/10\/ldk-400x256.jpg 400w\" sizes=\"(max-width: 751px) 100vw, 751px\" \/><figcaption id=\"caption-attachment-2965\" class=\"wp-caption-text\">Capteurs de d\u00e9placement \u00e0 laser<\/figcaption><\/figure>\n<\/div>\n<h3><strong>4. Pourquoi choisir notre capteur \u00e0 courte distance ?<\/strong><\/h3>\n<ul>\n<li><strong>Une pr\u00e9cision \u00e0 laquelle vous pouvez faire confiance :<\/strong> Des r\u00e9sultats coh\u00e9rents et fiables pour chaque mesure.<\/li>\n<li><strong>Des solutions personnalis\u00e9es sont disponibles :<\/strong> Adaptez le capteur aux exigences particuli\u00e8res de votre projet.<\/li>\n<li><strong>Con\u00e7u pour la stabilit\u00e9 :<\/strong> Ils fonctionnent de mani\u00e8re fiable dans des environnements exigeants.<\/li>\n<li><strong>\u00c9prouv\u00e9 dans tous les secteurs d'activit\u00e9 :<\/strong> Les leaders de l'industrie dans le monde entier lui font confiance pour diverses applications.<\/li>\n<\/ul>\n<h3><strong>5. Pr\u00eat \u00e0 \u00e9lever votre projet ?<\/strong><\/h3>\n<p>Maximisez l'efficacit\u00e9 et la pr\u00e9cision avec le capteur \u00e0 courte distance. Que ce soit pour l'automatisation industrielle, la robotique ou les appareils intelligents, notre capteur offre une pr\u00e9cision constante.<\/p>\n<p><strong>\ud83d\udc49 <em>Appel \u00e0 l'action :<\/em> Contactez-nous d\u00e8s aujourd'hui pour personnaliser votre solution de capteurs id\u00e9ale et commencer \u00e0 optimiser vos op\u00e9rations !<\/strong><\/p>","protected":false},"excerpt":{"rendered":"<p>Le capteur \u00e0 courte distance offre une pr\u00e9cision in\u00e9gal\u00e9e et des performances rapides comme l'\u00e9clair. Parfait pour les syst\u00e8mes compacts, il garantit une pr\u00e9cision exceptionnelle et une int\u00e9gration transparente dans la robotique, l'automatisation et les innovations industrielles. D\u00e9bloquez d\u00e8s aujourd'hui des solutions de d\u00e9tection fiables et \u00e0 grande vitesse !<\/p>","protected":false},"featured_media":3317,"template":"","meta":{"site-sidebar-layout":"default","site-content-layout":"","ast-site-content-layout":"default","site-content-style":"default","site-sidebar-style":"default","ast-global-header-display":"","ast-banner-title-visibility":"","ast-main-header-display":"","ast-hfb-above-header-display":"","ast-hfb-below-header-display":"","ast-hfb-mobile-header-display":"","site-post-title":"","ast-breadcrumbs-content":"","ast-featured-img":"","footer-sml-layout":"","ast-disable-related-posts":"","theme-transparent-header-meta":"default","adv-header-id-meta":"","stick-header-meta":"","header-above-stick-meta":"","header-main-stick-meta":"","header-below-stick-meta":"","astra-migrate-meta-layouts":"set","ast-page-background-enabled":"default","ast-page-background-meta":{"desktop":{"background-color":"var(--ast-global-color-4)","background-image":"","background-repeat":"repeat","background-position":"center center","background-size":"auto","background-attachment":"scroll","background-type":"","background-media":"","overlay-type":"","overlay-color":"","overlay-opacity":"","overlay-gradient":""},"tablet":{"background-color":"","background-image":"","background-repeat":"repeat","background-position":"center center","background-size":"auto","background-attachment":"scroll","background-type":"","background-media":"","overlay-type":"","overlay-color":"","overlay-opacity":"","overlay-gradient":""},"mobile":{"background-color":"","background-image":"","background-repeat":"repeat","background-position":"center center","background-size":"auto","background-attachment":"scroll","background-type":"","background-media":"","overlay-type":"","overlay-color":"","overlay-opacity":"","overlay-gradient":""}},"ast-content-background-meta":{"desktop":{"background-color":"var(--ast-global-color-5)","background-image":"","background-repeat":"repeat","background-position":"center center","background-size":"auto","background-attachment":"scroll","background-type":"","background-media":"","overlay-type":"","overlay-color":"","overlay-opacity":"","overlay-gradient":""},"tablet":{"background-color":"var(--ast-global-color-5)","background-image":"","background-repeat":"repeat","background-position":"center center","background-size":"auto","background-attachment":"scroll","background-type":"","background-media":"","overlay-type":"","overlay-color":"","overlay-opacity":"","overlay-gradient":""},"mobile":{"background-color":"var(--ast-global-color-5)","background-image":"","background-repeat":"repeat","background-position":"center center","background-size":"auto","background-attachment":"scroll","background-type":"","background-media":"","overlay-type":"","overlay-color":"","overlay-opacity":"","overlay-gradient":""}}},"product_brand":[60],"product_cat":[52],"product_tag":[56],"class_list":{"0":"post-3316","1":"product","2":"type-product","3":"status-publish","4":"has-post-thumbnail","6":"product_brand-meskernel","7":"product_cat-phase-distance-sensor","8":"product_tag-hot","9":"desktop-align-center","10":"tablet-align-left","11":"mobile-align-left","13":"first","14":"instock","15":"shipping-taxable","16":"product-type-simple"},"_links":{"self":[{"href":"https:\/\/meskernel.net\/fr\/wp-json\/wp\/v2\/product\/3316","targetHints":{"allow":["GET"]}}],"collection":[{"href":"https:\/\/meskernel.net\/fr\/wp-json\/wp\/v2\/product"}],"about":[{"href":"https:\/\/meskernel.net\/fr\/wp-json\/wp\/v2\/types\/product"}],"version-history":[{"count":0,"href":"https:\/\/meskernel.net\/fr\/wp-json\/wp\/v2\/product\/3316\/revisions"}],"wp:featuredmedia":[{"embeddable":true,"href":"https:\/\/meskernel.net\/fr\/wp-json\/wp\/v2\/media\/3317"}],"wp:attachment":[{"href":"https:\/\/meskernel.net\/fr\/wp-json\/wp\/v2\/media?parent=3316"}],"wp:term":[{"taxonomy":"product_brand","embeddable":true,"href":"https:\/\/meskernel.net\/fr\/wp-json\/wp\/v2\/product_brand?post=3316"},{"taxonomy":"product_cat","embeddable":true,"href":"https:\/\/meskernel.net\/fr\/wp-json\/wp\/v2\/product_cat?post=3316"},{"taxonomy":"product_tag","embeddable":true,"href":"https:\/\/meskernel.net\/fr\/wp-json\/wp\/v2\/product_tag?post=3316"}],"curies":[{"name":"wp","href":"https:\/\/api.w.org\/{rel}","templated":true}]}}