{"id":3700,"date":"2025-02-11T11:08:16","date_gmt":"2025-02-11T03:08:16","guid":{"rendered":"https:\/\/meskernel.net\/?post_type=product&#038;p=3700"},"modified":"2025-12-29T14:02:35","modified_gmt":"2025-12-29T06:02:35","slug":"capteurs-de-telemetrie-laser","status":"publish","type":"product","link":"https:\/\/meskernel.net\/fr\/product\/laser-ranging-sensors\/","title":{"rendered":"PTFS-300 50Hz Laser Ranging Sensor | High-Speed Distance Measurement Module"},"content":{"rendered":"<p data-start=\"207\" data-end=\"311\"><strong data-start=\"207\" data-end=\"311\">PTFS-300-50Hz Capteurs de t\u00e9l\u00e9m\u00e9trie laser - Mesures de pr\u00e9cision et \u00e0 grande vitesse pour des applications polyvalentes<\/strong><\/p>\n<p data-start=\"313\" data-end=\"862\">Le capteur de distance laser PTFS-300-50Hz est un module de mesure haute performance con\u00e7u pour mesurer de mani\u00e8re fiable les distances \u00e0 l'aide de la technologie du laser puls\u00e9. Il \u00e9met une s\u00e9rie de faisceaux laser puls\u00e9s, calcule la distance en fonction du temps d'aller-retour du laser et fournit des r\u00e9sultats pr\u00e9cis, m\u00eame dans des environnements difficiles. Avec une port\u00e9e allant jusqu'\u00e0 300 m\u00e8tres, une mesure haute fr\u00e9quence \u00e0 50 Hz et de solides capacit\u00e9s anti-brouillage, ce capteur est id\u00e9al pour un large \u00e9ventail d'applications industrielles, commerciales et de recherche.<\/p>\n<div class=\"text-content\">\n<h3 data-start=\"864\" data-end=\"926\"><strong data-start=\"868\" data-end=\"926\">Principales caract\u00e9ristiques des capteurs de t\u00e9l\u00e9m\u00e9trie laser PTFS-300-50Hz<\/strong><\/h3>\n<p><img fetchpriority=\"high\" decoding=\"async\" class=\"wp-image-2979 alignright\" title=\"Capteur de distance laser 700m PTFS\" src=\"https:\/\/meskernel.net\/wp-content\/uploads\/2024\/11\/PTFS-Laser-Ranging-Sensor-700m.jpg\" alt=\"PTFS Capteur de port\u00e9e laser 700m\" width=\"497\" height=\"497\" srcset=\"https:\/\/meskernel.net\/wp-content\/uploads\/2024\/11\/PTFS-Laser-Ranging-Sensor-700m.jpg 800w, https:\/\/meskernel.net\/wp-content\/uploads\/2024\/11\/PTFS-Laser-Ranging-Sensor-700m-300x300.jpg 300w, https:\/\/meskernel.net\/wp-content\/uploads\/2024\/11\/PTFS-Laser-Ranging-Sensor-700m-150x150.jpg 150w, https:\/\/meskernel.net\/wp-content\/uploads\/2024\/11\/PTFS-Laser-Ranging-Sensor-700m-768x768.jpg 768w, https:\/\/meskernel.net\/wp-content\/uploads\/2024\/11\/PTFS-Laser-Ranging-Sensor-700m-400x400.jpg 400w, https:\/\/meskernel.net\/wp-content\/uploads\/2024\/11\/PTFS-Laser-Ranging-Sensor-700m-100x100.jpg 100w\" sizes=\"(max-width: 497px) 100vw, 497px\" \/><strong data-start=\"933\" data-end=\"972\">1. Mesure exceptionnelle de la distance<\/strong><\/p>\n<p data-start=\"973\" data-end=\"1287\">Le capteur laser PTFS-300-50Hz offre une plage de mesure fiable allant jusqu'\u00e0 300 m\u00e8tres, ce qui le rend id\u00e9al pour les applications \u00e0 courte et moyenne port\u00e9e. Ce capteur permet d'effectuer des mesures pr\u00e9cises pour la surveillance industrielle, la mesure de la vitesse, la mesure du d\u00e9placement et diverses autres t\u00e2ches.<\/p>\n<p data-start=\"973\" data-end=\"1287\"><strong data-start=\"1294\" data-end=\"1334\">2. Performance en haute fr\u00e9quence (50 Hz)<\/strong><\/p>\n<p data-start=\"1335\" data-end=\"1616\">Fonctionnant \u00e0 une fr\u00e9quence de 50 Hz, le capteur laser PTFS-300-50Hz assure des mesures rapides et continues. La fr\u00e9quence \u00e9lev\u00e9e est cruciale pour les applications n\u00e9cessitant un retour d'information rapide et un traitement des donn\u00e9es en temps r\u00e9el, telles que la robotique, l'automatisation et le suivi des mouvements.<\/p>\n<p data-start=\"1335\" data-end=\"1616\"><strong data-start=\"1623\" data-end=\"1676\">3. Technologie anti-brouillage pour des performances stables<\/strong><\/p>\n<p data-start=\"1677\" data-end=\"1946\">Le capteur PTFS-300-50Hz est con\u00e7u pour r\u00e9sister aux bruits et aux interf\u00e9rences de l'environnement, ce qui garantit des mesures de distance coh\u00e9rentes et pr\u00e9cises. Cette caract\u00e9ristique est particuli\u00e8rement pr\u00e9cieuse dans les environnements industriels o\u00f9 la stabilit\u00e9 des performances dans des conditions difficiles est essentielle.<\/p>\n<p data-start=\"1677\" data-end=\"1946\"><strong data-start=\"1953\" data-end=\"2000\">4. Fr\u00e9quence personnalisable pour une utilisation polyvalente<\/strong><\/p>\n<p data-start=\"2001\" data-end=\"2247\">La fr\u00e9quence standard est de 50 Hz, mais le capteur peut \u00eatre personnalis\u00e9 pour prendre en charge des fr\u00e9quences allant de 1 \u00e0 400 Hz, ce qui permet de l'adapter \u00e0 une vari\u00e9t\u00e9 d'applications n\u00e9cessitant diff\u00e9rentes vitesses de mesure ou un retour d'information en temps r\u00e9el.<\/p>\n<p data-start=\"2249\" data-end=\"2303\"><strong data-start=\"2254\" data-end=\"2303\">5. Int\u00e9gration facile et connectivit\u00e9 souple<\/strong><\/p>\n<p data-start=\"2304\" data-end=\"2661\">Gr\u00e2ce \u00e0 sa conception compacte et \u00e0 la prise en charge de plusieurs interfaces de communication (TTL, RS232, RS485, Bluetooth, Modbus, UART), le capteur de t\u00e9l\u00e9m\u00e9trie laser PTFS-300-50Hz s'int\u00e8gre parfaitement \u00e0 la plupart des syst\u00e8mes d'automatisation industrielle, des enregistreurs de donn\u00e9es et des r\u00e9seaux IoT. Sa structure carr\u00e9e facilite son installation et son int\u00e9gration dans les syst\u00e8mes \u00e0 espace restreint.<\/p>\n<p data-start=\"2663\" data-end=\"2707\"><strong data-start=\"2668\" data-end=\"2707\">6. Technologie laser 905 nm sans danger pour les yeux<\/strong><\/p>\n<p data-start=\"2708\" data-end=\"2885\">Le laser 905 nm est sans danger pour les yeux et conforme aux normes de s\u00e9curit\u00e9 internationales, ce qui garantit un fonctionnement s\u00fbr m\u00eame dans les environnements o\u00f9 l'homme peut \u00eatre expos\u00e9 \u00e0 des faisceaux laser.<\/p>\n<p data-start=\"2887\" data-end=\"2936\"><strong data-start=\"2892\" data-end=\"2936\">7. Solutions OEM pour les applications personnalis\u00e9es<\/strong><\/p>\n<p data-start=\"2937\" data-end=\"3178\">Nous proposons des solutions OEM aux entreprises qui souhaitent int\u00e9grer le capteur de t\u00e9l\u00e9m\u00e9trie laser PTFS-300-50Hz dans leurs produits ou syst\u00e8mes. Des configurations personnalis\u00e9es, des emballages uniques et des commandes en gros sont disponibles pour r\u00e9pondre \u00e0 des besoins sp\u00e9cifiques.<\/p>\n<h3 data-start=\"3180\" data-end=\"3242\"><strong data-start=\"3184\" data-end=\"3242\">Applications des capteurs de t\u00e9l\u00e9m\u00e9trie laser PTFS-300-50Hz<\/strong><\/h3>\n<p data-start=\"3244\" data-end=\"3359\">Le capteur de t\u00e9l\u00e9m\u00e9trie laser PTFS-300-50Hz est tr\u00e8s polyvalent et convient \u00e0 un large \u00e9ventail d'applications, notamment :<\/p>\n<ul data-start=\"3361\" data-end=\"3840\">\n<li data-start=\"3361\" data-end=\"3484\"><strong data-start=\"3363\" data-end=\"3387\">Mesure de la distance<\/strong>: Mesures pr\u00e9cises jusqu'\u00e0 300 m\u00e8tres pour diverses utilisations industrielles, scientifiques et commerciales.<\/li>\n<li data-start=\"3485\" data-end=\"3605\"><strong data-start=\"3487\" data-end=\"3525\">Mesure de la vitesse et du d\u00e9placement<\/strong>: Id\u00e9al pour les mesures dynamiques dans les domaines de la robotique, de l'automatisation et des syst\u00e8mes en temps r\u00e9el.<\/li>\n<li data-start=\"3606\" data-end=\"3718\"><strong data-start=\"3608\" data-end=\"3633\">Lev\u00e9s et cartographie<\/strong>: Parfait pour les t\u00e2ches de mesure \u00e0 moyenne port\u00e9e dans les environnements int\u00e9rieurs et ext\u00e9rieurs.<\/li>\n<li data-start=\"3719\" data-end=\"3840\"><strong data-start=\"3721\" data-end=\"3740\">Suivi des mouvements<\/strong>: Il permet une acquisition rapide des donn\u00e9es, ce qui le rend id\u00e9al pour les applications dans le domaine de la robotique et de la technologie des drones.<\/li>\n<\/ul>\n<\/div>\n<figure id=\"attachment_2980\" aria-describedby=\"caption-attachment-2980\" style=\"width: 800px\" class=\"wp-caption aligncenter\"><img decoding=\"async\" class=\"wp-image-2980 size-full\" title=\"Capteur de mesure laser PTFS pour drone\" src=\"https:\/\/meskernel.net\/wp-content\/uploads\/2024\/11\/PTFS-Laser-Measurement-Sensor.jpg\" alt=\"Capteur de mesure laser PTFS pour drone\" width=\"800\" height=\"800\" srcset=\"https:\/\/meskernel.net\/wp-content\/uploads\/2024\/11\/PTFS-Laser-Measurement-Sensor.jpg 800w, https:\/\/meskernel.net\/wp-content\/uploads\/2024\/11\/PTFS-Laser-Measurement-Sensor-300x300.jpg 300w, https:\/\/meskernel.net\/wp-content\/uploads\/2024\/11\/PTFS-Laser-Measurement-Sensor-150x150.jpg 150w, https:\/\/meskernel.net\/wp-content\/uploads\/2024\/11\/PTFS-Laser-Measurement-Sensor-768x768.jpg 768w, https:\/\/meskernel.net\/wp-content\/uploads\/2024\/11\/PTFS-Laser-Measurement-Sensor-400x400.jpg 400w, https:\/\/meskernel.net\/wp-content\/uploads\/2024\/11\/PTFS-Laser-Measurement-Sensor-100x100.jpg 100w\" sizes=\"(max-width: 800px) 100vw, 800px\" \/><figcaption id=\"caption-attachment-2980\" class=\"wp-caption-text\">Capteur de mesure laser PTFS pour drone<\/figcaption><\/figure>\n<h3 data-start=\"3842\" data-end=\"3900\"><strong data-start=\"3846\" data-end=\"3900\">Pourquoi choisir les capteurs de t\u00e9l\u00e9m\u00e9trie laser PTFS-300-50Hz ?<\/strong><\/h3>\n<ul data-start=\"3902\" data-end=\"4543\">\n<li data-start=\"3902\" data-end=\"4034\"><strong data-start=\"3904\" data-end=\"3944\">Mesures \u00e0 longue port\u00e9e de haute pr\u00e9cision<\/strong>: Des mesures fiables jusqu'\u00e0 300 m\u00e8tres, ce qui le rend parfait pour une vari\u00e9t\u00e9 d'applications.<\/li>\n<li data-start=\"4035\" data-end=\"4183\"><strong data-start=\"4037\" data-end=\"4076\">Collecte rapide et continue des donn\u00e9es<\/strong>: Avec une fr\u00e9quence de 50 Hz, le capteur prend en charge les applications en temps r\u00e9el, assurant un traitement rapide des donn\u00e9es.<\/li>\n<li data-start=\"4184\" data-end=\"4333\"><strong data-start=\"4186\" data-end=\"4210\">Durable et fiable<\/strong>: Con\u00e7u pour fonctionner dans des conditions difficiles, ce capteur fournit des mesures stables m\u00eame dans des environnements bruyants ou difficiles.<\/li>\n<li data-start=\"4334\" data-end=\"4444\"><strong data-start=\"4336\" data-end=\"4360\">Int\u00e9gration transparente<\/strong>: Les options de connectivit\u00e9 sont souples et facilitent l'int\u00e9gration dans les syst\u00e8mes existants.<\/li>\n<li data-start=\"4445\" data-end=\"4543\"><strong data-start=\"4447\" data-end=\"4471\">Options personnalisables<\/strong>: Des solutions sur mesure et une assistance OEM pour r\u00e9pondre \u00e0 des besoins de mesure sp\u00e9cifiques.<\/li>\n<\/ul>\n<p data-start=\"4565\" data-end=\"5037\">Le capteur laser PTFS-300-50Hz offre des capacit\u00e9s de mesure de distance \u00e0 grande vitesse, haute pr\u00e9cision et longue port\u00e9e, ce qui en fait la solution id\u00e9ale pour des secteurs tels que la robotique, l'automatisation, l'arpentage et le suivi des d\u00e9placements. Sa fr\u00e9quence de 50 Hz, ses performances anti-brouillage fiables et sa facilit\u00e9 d'int\u00e9gration en font un outil essentiel pour un large \u00e9ventail d'applications, de l'automatisation industrielle \u00e0 la recherche et au d\u00e9veloppement.<\/p>\n<p data-start=\"5039\" data-end=\"5209\"><a href=\"https:\/\/meskernel.net\/fr\/contact\/\"><strong data-start=\"5039\" data-end=\"5059\">Contactez-nous d\u00e8s aujourd'hui<\/strong><\/a> pour en savoir plus sur la fa\u00e7on dont les capteurs de t\u00e9l\u00e9m\u00e9trie laser PTFS-300-50Hz peuvent am\u00e9liorer votre syst\u00e8me ou votre projet, et sur la fa\u00e7on dont nous pouvons r\u00e9pondre \u00e0 vos besoins en tant qu'\u00e9quipementier.<\/p>","protected":false},"excerpt":{"rendered":"<p>En tant que fabricant leader de capteurs de t\u00e9l\u00e9m\u00e9trie laser, Meskernel offre des solutions personnalis\u00e9es pour r\u00e9pondre \u00e0 vos besoins sp\u00e9cifiques. Avec une port\u00e9e de 3 \u00e0 700 m\u00e8tres et une grande pr\u00e9cision, nos capteurs sont parfaits pour l'automatisation, la robotique et les applications industrielles. Contactez-nous d\u00e8s aujourd'hui pour discuter de vos besoins sp\u00e9cifiques et am\u00e9liorer vos projets gr\u00e2ce \u00e0 une technologie de pr\u00e9cision !<\/p>","protected":false},"featured_media":3701,"template":"","meta":{"site-sidebar-layout":"default","site-content-layout":"","ast-site-content-layout":"default","site-content-style":"default","site-sidebar-style":"default","ast-global-header-display":"","ast-banner-title-visibility":"","ast-main-header-display":"","ast-hfb-above-header-display":"","ast-hfb-below-header-display":"","ast-hfb-mobile-header-display":"","site-post-title":"","ast-breadcrumbs-content":"","ast-featured-img":"","footer-sml-layout":"","ast-disable-related-posts":"","theme-transparent-header-meta":"default","adv-header-id-meta":"","stick-header-meta":"","header-above-stick-meta":"","header-main-stick-meta":"","header-below-stick-meta":"","astra-migrate-meta-layouts":"set","ast-page-background-enabled":"default","ast-page-background-meta":{"desktop":{"background-color":"var(--ast-global-color-4)","background-image":"","background-repeat":"repeat","background-position":"center center","background-size":"auto","background-attachment":"scroll","background-type":"","background-media":"","overlay-type":"","overlay-color":"","overlay-opacity":"","overlay-gradient":""},"tablet":{"background-color":"","background-image":"","background-repeat":"repeat","background-position":"center center","background-size":"auto","background-attachment":"scroll","background-type":"","background-media":"","overlay-type":"","overlay-color":"","overlay-opacity":"","overlay-gradient":""},"mobile":{"background-color":"","background-image":"","background-repeat":"repeat","background-position":"center center","background-size":"auto","background-attachment":"scroll","background-type":"","background-media":"","overlay-type":"","overlay-color":"","overlay-opacity":"","overlay-gradient":""}},"ast-content-background-meta":{"desktop":{"background-color":"var(--ast-global-color-5)","background-image":"","background-repeat":"repeat","background-position":"center center","background-size":"auto","background-attachment":"scroll","background-type":"","background-media":"","overlay-type":"","overlay-color":"","overlay-opacity":"","overlay-gradient":""},"tablet":{"background-color":"var(--ast-global-color-5)","background-image":"","background-repeat":"repeat","background-position":"center center","background-size":"auto","background-attachment":"scroll","background-type":"","background-media":"","overlay-type":"","overlay-color":"","overlay-opacity":"","overlay-gradient":""},"mobile":{"background-color":"var(--ast-global-color-5)","background-image":"","background-repeat":"repeat","background-position":"center center","background-size":"auto","background-attachment":"scroll","background-type":"","background-media":"","overlay-type":"","overlay-color":"","overlay-opacity":"","overlay-gradient":""}}},"product_brand":[60],"product_cat":[30],"product_tag":[],"class_list":{"0":"post-3700","1":"product","2":"type-product","3":"status-publish","4":"has-post-thumbnail","6":"product_brand-meskernel","7":"product_cat-pulse-ranging-sensor","8":"desktop-align-center","9":"tablet-align-left","10":"mobile-align-left","12":"first","13":"instock","14":"shipping-taxable","15":"product-type-simple"},"_links":{"self":[{"href":"https:\/\/meskernel.net\/fr\/wp-json\/wp\/v2\/product\/3700","targetHints":{"allow":["GET"]}}],"collection":[{"href":"https:\/\/meskernel.net\/fr\/wp-json\/wp\/v2\/product"}],"about":[{"href":"https:\/\/meskernel.net\/fr\/wp-json\/wp\/v2\/types\/product"}],"version-history":[{"count":0,"href":"https:\/\/meskernel.net\/fr\/wp-json\/wp\/v2\/product\/3700\/revisions"}],"wp:featuredmedia":[{"embeddable":true,"href":"https:\/\/meskernel.net\/fr\/wp-json\/wp\/v2\/media\/3701"}],"wp:attachment":[{"href":"https:\/\/meskernel.net\/fr\/wp-json\/wp\/v2\/media?parent=3700"}],"wp:term":[{"taxonomy":"product_brand","embeddable":true,"href":"https:\/\/meskernel.net\/fr\/wp-json\/wp\/v2\/product_brand?post=3700"},{"taxonomy":"product_cat","embeddable":true,"href":"https:\/\/meskernel.net\/fr\/wp-json\/wp\/v2\/product_cat?post=3700"},{"taxonomy":"product_tag","embeddable":true,"href":"https:\/\/meskernel.net\/fr\/wp-json\/wp\/v2\/product_tag?post=3700"}],"curies":[{"name":"wp","href":"https:\/\/api.w.org\/{rel}","templated":true}]}}