{"id":3770,"date":"2025-02-18T17:34:45","date_gmt":"2025-02-18T09:34:45","guid":{"rendered":"https:\/\/meskernel.net\/?post_type=product&#038;p=3770"},"modified":"2025-06-11T10:24:18","modified_gmt":"2025-06-11T02:24:18","slug":"capteur-de-distance-tof","status":"publish","type":"product","link":"https:\/\/meskernel.net\/fr\/product\/tof-distance-sensor\/","title":{"rendered":"LDJG-80-20Hz Capteur de distance ToF pour l'automatisation intelligente"},"content":{"rendered":"<p data-start=\"177\" data-end=\"234\"><strong data-start=\"177\" data-end=\"234\">LDJG-80-20Hz Capteur de distance ToF pour l'automatisation intelligente<\/strong><\/p>\n<p data-start=\"236\" data-end=\"696\">Le capteur de distance LDJG-80-20Hz ToF (Time-of-Flight) est un outil de mesure de haute pr\u00e9cision con\u00e7u pour am\u00e9liorer les syst\u00e8mes d'automatisation gr\u00e2ce \u00e0 une transmission de donn\u00e9es fiable et en temps r\u00e9el. Ce capteur utilise une technologie ToF avanc\u00e9e pour mesurer les distances entre le capteur et les objets avec une pr\u00e9cision et une stabilit\u00e9 exceptionnelles. Son int\u00e9gration avec une sortie analogique fournit un signal continu en temps r\u00e9el, ce qui le rend id\u00e9al pour une large gamme d'applications d'automatisation intelligentes.<\/p>\n<figure id=\"attachment_3774\" aria-describedby=\"caption-attachment-3774\" style=\"width: 1000px\" class=\"wp-caption aligncenter\"><img data-dominant-color=\"f5f4f4\" data-has-transparency=\"false\" style=\"--dominant-color: #f5f4f4;\" fetchpriority=\"high\" decoding=\"async\" class=\"wp-image-3774 size-full not-transparent\" src=\"https:\/\/meskernel.net\/wp-content\/uploads\/2025\/02\/Arduino-Laser-Sensor.jpg\" alt=\"Capteur laser Arduino\" width=\"1000\" height=\"1000\" srcset=\"https:\/\/meskernel.net\/wp-content\/uploads\/2025\/02\/Arduino-Laser-Sensor.jpg 1000w, https:\/\/meskernel.net\/wp-content\/uploads\/2025\/02\/Arduino-Laser-Sensor-300x300.jpg 300w, https:\/\/meskernel.net\/wp-content\/uploads\/2025\/02\/Arduino-Laser-Sensor-150x150.jpg 150w, https:\/\/meskernel.net\/wp-content\/uploads\/2025\/02\/Arduino-Laser-Sensor-768x768.jpg 768w, https:\/\/meskernel.net\/wp-content\/uploads\/2025\/02\/Arduino-Laser-Sensor-400x400.jpg 400w, https:\/\/meskernel.net\/wp-content\/uploads\/2025\/02\/Arduino-Laser-Sensor-100x100.jpg 100w\" sizes=\"(max-width: 1000px) 100vw, 1000px\" \/><figcaption id=\"caption-attachment-3774\" class=\"wp-caption-text\">Capteur laser Arduino<\/figcaption><\/figure>\n<h3 data-start=\"698\" data-end=\"751\">1. Fonctionnement du capteur de distance LDJG-80-20Hz ToF<\/h3>\n<p data-start=\"753\" data-end=\"1110\">Le capteur LDJG-80 utilise le principe du temps de vol (ToF) : une impulsion laser est \u00e9mise et le temps n\u00e9cessaire \u00e0 l'impulsion pour atteindre un objet et revenir est mesur\u00e9. En calculant le d\u00e9lai, le capteur d\u00e9termine avec pr\u00e9cision la distance qui le s\u00e9pare de la cible. Cette technologie garantit des mesures pr\u00e9cises et sans contact, m\u00eame dans des environnements exigeants.<\/p>\n<h3 data-start=\"1112\" data-end=\"1144\">2. Le r\u00f4le de la sortie analogique<\/h3>\n<p data-start=\"1146\" data-end=\"1341\">Le capteur <strong data-start=\"1159\" data-end=\"1176\">sortie analogique<\/strong> (disponible en signaux de tension ou de courant) offre un retour d'information r\u00e9gulier et en temps r\u00e9el. Ceci est essentiel pour une surveillance et un contr\u00f4le continus. Les sorties analogiques courantes sont les suivantes<\/p>\n<ul data-start=\"1343\" data-end=\"1555\">\n<li data-start=\"1343\" data-end=\"1433\"><strong data-start=\"1345\" data-end=\"1363\">Tension de sortie<\/strong>: Fournit une mesure directe dans des plages de tension telles que 0-10V ou 0-5V.<\/li>\n<li data-start=\"1434\" data-end=\"1555\"><strong data-start=\"1436\" data-end=\"1454\">Sortie de courant<\/strong>: La boucle de courant 4-20mA est id\u00e9ale pour la transmission sur de longues distances et offre une immunit\u00e9 au bruit sup\u00e9rieure.<\/li>\n<\/ul>\n<p data-start=\"1557\" data-end=\"1698\">Ces sorties analogiques s'int\u00e8grent facilement dans les syst\u00e8mes de contr\u00f4le, les automates programmables et autres installations industrielles pour un fonctionnement sans faille et des r\u00e9glages pr\u00e9cis.<\/p>\n<h3 data-start=\"1700\" data-end=\"1759\">3. Applications du capteur de distance LDJG-80-20Hz ToF<\/h3>\n<p data-start=\"1761\" data-end=\"1866\">La pr\u00e9cision du capteur LDJG-80 et sa sortie analogique en temps r\u00e9el le rendent id\u00e9al pour les applications suivantes :<\/p>\n<ul data-start=\"1868\" data-end=\"2614\">\n<li data-start=\"1868\" data-end=\"2059\"><strong data-start=\"1870\" data-end=\"1906\">Automatisation industrielle et robotique<\/strong>: Fournit des donn\u00e9es de distance pr\u00e9cises pour le contr\u00f4le des mouvements dans les syst\u00e8mes robotiques et automatis\u00e9s, am\u00e9liorant ainsi l'efficacit\u00e9 des t\u00e2ches telles que la manipulation ou l'assemblage d'objets.<\/li>\n<li data-start=\"2060\" data-end=\"2261\"><strong data-start=\"2062\" data-end=\"2088\">Contr\u00f4le du niveau de fluide<\/strong>: Mesure les niveaux de liquide dans les r\u00e9servoirs et les silos en envoyant un signal analogique continu repr\u00e9sentant la distance \u00e0 la surface, ce qui permet un contr\u00f4le automatis\u00e9 et un retour d'information en temps r\u00e9el.<\/li>\n<li data-start=\"2262\" data-end=\"2453\"><strong data-start=\"2264\" data-end=\"2307\">Mesures de pr\u00e9cision et contr\u00f4le de la qualit\u00e9<\/strong>: Utilis\u00e9 pour la mesure de haute pr\u00e9cision des pi\u00e8ces et des composants dans la fabrication, il garantit le respect des normes de qualit\u00e9 et permet des ajustements rapides.<\/li>\n<li data-start=\"2454\" data-end=\"2614\"><strong data-start=\"2456\" data-end=\"2491\">Syst\u00e8mes de stationnement et de circulation intelligents<\/strong>: Surveille la distance entre les v\u00e9hicules ou la disponibilit\u00e9 des places de stationnement, ce qui permet d'optimiser l'utilisation de l'espace et de g\u00e9rer le trafic en temps r\u00e9el.<\/li>\n<\/ul>\n<figure id=\"attachment_3771\" aria-describedby=\"caption-attachment-3771\" style=\"width: 800px\" class=\"wp-caption aligncenter\"><img data-dominant-color=\"d0cdcc\" data-has-transparency=\"false\" style=\"--dominant-color: #d0cdcc;\" decoding=\"async\" class=\"wp-image-3771 size-full not-transparent\" src=\"https:\/\/meskernel.net\/wp-content\/uploads\/2025\/02\/ToF-Distance-Sensor.jpg\" alt=\"Capteur de distance ToF\" width=\"800\" height=\"800\" srcset=\"https:\/\/meskernel.net\/wp-content\/uploads\/2025\/02\/ToF-Distance-Sensor.jpg 800w, https:\/\/meskernel.net\/wp-content\/uploads\/2025\/02\/ToF-Distance-Sensor-300x300.jpg 300w, https:\/\/meskernel.net\/wp-content\/uploads\/2025\/02\/ToF-Distance-Sensor-150x150.jpg 150w, https:\/\/meskernel.net\/wp-content\/uploads\/2025\/02\/ToF-Distance-Sensor-768x768.jpg 768w, https:\/\/meskernel.net\/wp-content\/uploads\/2025\/02\/ToF-Distance-Sensor-400x400.jpg 400w, https:\/\/meskernel.net\/wp-content\/uploads\/2025\/02\/ToF-Distance-Sensor-100x100.jpg 100w\" sizes=\"(max-width: 800px) 100vw, 800px\" \/><figcaption id=\"caption-attachment-3771\" class=\"wp-caption-text\">Capteur de distance ToF<\/figcaption><\/figure>\n<h3 data-start=\"2616\" data-end=\"2677\">4. Principaux avantages du capteur de distance LDJG-80-20Hz ToF<\/h3>\n<p><img decoding=\"async\" class=\"alignright wp-image-2972 size-medium\" src=\"https:\/\/meskernel.net\/wp-content\/uploads\/2024\/10\/distance-sensor-300x300.jpg\" alt=\"capteur de distance\" width=\"300\" height=\"300\" srcset=\"https:\/\/meskernel.net\/wp-content\/uploads\/2024\/10\/distance-sensor-300x300.jpg 300w, https:\/\/meskernel.net\/wp-content\/uploads\/2024\/10\/distance-sensor-150x150.jpg 150w, https:\/\/meskernel.net\/wp-content\/uploads\/2024\/10\/distance-sensor-768x768.jpg 768w, https:\/\/meskernel.net\/wp-content\/uploads\/2024\/10\/distance-sensor-400x400.jpg 400w, https:\/\/meskernel.net\/wp-content\/uploads\/2024\/10\/distance-sensor-100x100.jpg 100w, https:\/\/meskernel.net\/wp-content\/uploads\/2024\/10\/distance-sensor.jpg 800w\" sizes=\"(max-width: 300px) 100vw, 300px\" \/><\/p>\n<ul data-start=\"2679\" data-end=\"3478\">\n<li data-start=\"2679\" data-end=\"2834\"><strong data-start=\"2681\" data-end=\"2712\">Pr\u00e9cision et stabilit\u00e9 \u00e9lev\u00e9es<\/strong>: Fournit des mesures pr\u00e9cises, souvent au millim\u00e8tre ou m\u00eame au microm\u00e8tre, avec des performances stables dans des environnements vari\u00e9s.<\/li>\n<li data-start=\"2835\" data-end=\"3001\"><strong data-start=\"2837\" data-end=\"2864\">Mesure sans contact<\/strong>: La mesure par laser garantit une usure minimale du capteur et de l'objet, ce qui est id\u00e9al pour les mat\u00e9riaux d\u00e9licats ou dangereux.<\/li>\n<li data-start=\"3002\" data-end=\"3159\"><strong data-start=\"3004\" data-end=\"3035\">Transmission de donn\u00e9es en temps r\u00e9el<\/strong>: La sortie analogique garantit un retour d'information continu et imm\u00e9diat pour les processus n\u00e9cessitant une surveillance ou des ajustements constants.<\/li>\n<li data-start=\"3160\" data-end=\"3306\"><strong data-start=\"3162\" data-end=\"3188\">Mesure \u00e0 longue port\u00e9e<\/strong>: Capable de mesurer des distances de plusieurs m\u00e8tres, il convient \u00e0 l'automatisation \u00e0 grande \u00e9chelle ou aux installations complexes.<\/li>\n<li data-start=\"3307\" data-end=\"3478\"><strong data-start=\"3309\" data-end=\"3329\">Int\u00e9gration facile<\/strong>: Gr\u00e2ce aux interfaces de communication TTL, RS485 et RS232, le capteur s'int\u00e8gre facilement dans les syst\u00e8mes existants, r\u00e9duisant ainsi le temps et la complexit\u00e9 d'installation.<\/li>\n<\/ul>\n<div class=\"mceTemp\"><\/div>\n<h3 data-start=\"3480\" data-end=\"3498\">Pourquoi nous choisir ?<\/h3>\n<ul data-start=\"3500\" data-end=\"4049\">\n<li data-start=\"3500\" data-end=\"3665\"><strong data-start=\"3502\" data-end=\"3526\">Construction durable<\/strong>: Le bo\u00eetier en alliage d'aluminium et la protection IP conf\u00e8rent au capteur LDJG-80 une grande durabilit\u00e9 et l'adaptent aux environnements industriels difficiles.<\/li>\n<li data-start=\"3666\" data-end=\"3780\"><strong data-start=\"3668\" data-end=\"3688\">Solutions sur mesure<\/strong>: Nous proposons des services OEM et ODM pour adapter le capteur aux besoins sp\u00e9cifiques de votre application.<\/li>\n<li data-start=\"3781\" data-end=\"3921\"><strong data-start=\"3783\" data-end=\"3806\">Prix comp\u00e9titifs<\/strong>: En tant que fabricant, nous proposons des prix directs sans compromis sur la qualit\u00e9, ce qui vous permet de r\u00e9duire vos co\u00fbts.<\/li>\n<li data-start=\"3922\" data-end=\"4049\"><strong data-start=\"3924\" data-end=\"3945\">Une pr\u00e9cision fiable<\/strong>: Avec plus de 20 ans d'exp\u00e9rience dans la technologie des capteurs, nous garantissons des performances et une fiabilit\u00e9 de premier ordre.<\/li>\n<\/ul>\n<p data-start=\"4051\" data-end=\"4242\">Le LDJG-80-20Hz <a href=\"https:\/\/www.globalsources.com\/chengdu-meskernel\/showroom_6002100157315.htm\" target=\"_blank\" rel=\"noopener\">Capteur de distance ToF<\/a> est la solution id\u00e9ale pour des mesures pr\u00e9cises en temps r\u00e9el dans le cadre d'une automatisation intelligente, offrant des performances \u00e9lev\u00e9es, une int\u00e9gration ais\u00e9e et une fiabilit\u00e9 in\u00e9gal\u00e9e.<\/p>","protected":false},"excerpt":{"rendered":"<p>Le capteur de distance LDJG-80-20Hz ToF offre des mesures de distance en temps r\u00e9el de haute pr\u00e9cision gr\u00e2ce \u00e0 la technologie ToF avanc\u00e9e. Avec une sortie analogique et une int\u00e9gration facile, il est id\u00e9al pour l'automatisation intelligente, la robotique et la surveillance du niveau de liquide.<\/p>","protected":false},"featured_media":3776,"template":"","meta":{"site-sidebar-layout":"right-sidebar","site-content-layout":"","ast-site-content-layout":"default","site-content-style":"default","site-sidebar-style":"default","ast-global-header-display":"","ast-banner-title-visibility":"","ast-main-header-display":"","ast-hfb-above-header-display":"","ast-hfb-below-header-display":"","ast-hfb-mobile-header-display":"","site-post-title":"","ast-breadcrumbs-content":"","ast-featured-img":"","footer-sml-layout":"","ast-disable-related-posts":"","theme-transparent-header-meta":"default","adv-header-id-meta":"","stick-header-meta":"","header-above-stick-meta":"","header-main-stick-meta":"","header-below-stick-meta":"","astra-migrate-meta-layouts":"set","ast-page-background-enabled":"default","ast-page-background-meta":{"desktop":{"background-color":"var(--ast-global-color-4)","background-image":"","background-repeat":"repeat","background-position":"center center","background-size":"auto","background-attachment":"scroll","background-type":"","background-media":"","overlay-type":"","overlay-color":"","overlay-opacity":"","overlay-gradient":""},"tablet":{"background-color":"","background-image":"","background-repeat":"repeat","background-position":"center center","background-size":"auto","background-attachment":"scroll","background-type":"","background-media":"","overlay-type":"","overlay-color":"","overlay-opacity":"","overlay-gradient":""},"mobile":{"background-color":"","background-image":"","background-repeat":"repeat","background-position":"center center","background-size":"auto","background-attachment":"scroll","background-type":"","background-media":"","overlay-type":"","overlay-color":"","overlay-opacity":"","overlay-gradient":""}},"ast-content-background-meta":{"desktop":{"background-color":"var(--ast-global-color-5)","background-image":"","background-repeat":"repeat","background-position":"center center","background-size":"auto","background-attachment":"scroll","background-type":"","background-media":"","overlay-type":"","overlay-color":"","overlay-opacity":"","overlay-gradient":""},"tablet":{"background-color":"var(--ast-global-color-5)","background-image":"","background-repeat":"repeat","background-position":"center center","background-size":"auto","background-attachment":"scroll","background-type":"","background-media":"","overlay-type":"","overlay-color":"","overlay-opacity":"","overlay-gradient":""},"mobile":{"background-color":"var(--ast-global-color-5)","background-image":"","background-repeat":"repeat","background-position":"center center","background-size":"auto","background-attachment":"scroll","background-type":"","background-media":"","overlay-type":"","overlay-color":"","overlay-opacity":"","overlay-gradient":""}}},"product_brand":[60],"product_cat":[32,52],"product_tag":[],"class_list":{"0":"post-3770","1":"product","2":"type-product","3":"status-publish","4":"has-post-thumbnail","6":"product_brand-meskernel","7":"product_cat-high-frequency-ranging-sensor-module","8":"product_cat-phase-distance-sensor","9":"desktop-align-center","10":"tablet-align-left","11":"mobile-align-left","13":"first","14":"instock","15":"shipping-taxable","16":"product-type-simple"},"_links":{"self":[{"href":"https:\/\/meskernel.net\/fr\/wp-json\/wp\/v2\/product\/3770","targetHints":{"allow":["GET"]}}],"collection":[{"href":"https:\/\/meskernel.net\/fr\/wp-json\/wp\/v2\/product"}],"about":[{"href":"https:\/\/meskernel.net\/fr\/wp-json\/wp\/v2\/types\/product"}],"version-history":[{"count":0,"href":"https:\/\/meskernel.net\/fr\/wp-json\/wp\/v2\/product\/3770\/revisions"}],"wp:featuredmedia":[{"embeddable":true,"href":"https:\/\/meskernel.net\/fr\/wp-json\/wp\/v2\/media\/3776"}],"wp:attachment":[{"href":"https:\/\/meskernel.net\/fr\/wp-json\/wp\/v2\/media?parent=3770"}],"wp:term":[{"taxonomy":"product_brand","embeddable":true,"href":"https:\/\/meskernel.net\/fr\/wp-json\/wp\/v2\/product_brand?post=3770"},{"taxonomy":"product_cat","embeddable":true,"href":"https:\/\/meskernel.net\/fr\/wp-json\/wp\/v2\/product_cat?post=3770"},{"taxonomy":"product_tag","embeddable":true,"href":"https:\/\/meskernel.net\/fr\/wp-json\/wp\/v2\/product_tag?post=3770"}],"curies":[{"name":"wp","href":"https:\/\/api.w.org\/{rel}","templated":true}]}}