{"id":3816,"date":"2025-03-04T08:58:36","date_gmt":"2025-03-04T00:58:36","guid":{"rendered":"https:\/\/meskernel.net\/?post_type=product&#038;p=3816"},"modified":"2025-06-11T10:22:20","modified_gmt":"2025-06-11T02:22:20","slug":"dispositif-de-mesure-laser","status":"publish","type":"product","link":"https:\/\/meskernel.net\/fr\/product\/laser-measuring-device\/","title":{"rendered":"Capteur de Mesure Laser 100\u202fm LDJ-4Hz"},"content":{"rendered":"<div class=\"mceTemp\"><\/div>\n<p>Le capteur de mesure laser de 100 m, un module de mesure de distance laser d'une pr\u00e9cision de 1 mm, est un dispositif utilis\u00e9 pour mesurer des distances cibles et transmettre des donn\u00e9es. Il utilise la technologie du laser visible pour \u00e9mettre des faisceaux laser et recevoir des signaux laser r\u00e9fl\u00e9chis afin de mesurer la distance entre les objets et le capteur. Le capteur de distance laser prend en charge des interfaces de communication telles que USB, TTL, RS232, RS485, Bluetooth, permettant la transmission de donn\u00e9es et la communication avec d'autres appareils.<\/p>\n<h3>Caract\u00e9ristiques principales :<img fetchpriority=\"high\" decoding=\"async\" class=\"wp-image-2966 size-full alignright\" title=\"D\u00e9tecteur de distance laser pour l&#039;ext\u00e9rieur\" src=\"https:\/\/meskernel.net\/wp-content\/uploads\/2024\/10\/Outdoor-Laser-Distance-Sensor.jpg\" alt=\"D\u00e9tecteur de distance laser pour l&#039;ext\u00e9rieur\" width=\"445\" height=\"410\" srcset=\"https:\/\/meskernel.net\/wp-content\/uploads\/2024\/10\/Outdoor-Laser-Distance-Sensor.jpg 445w, https:\/\/meskernel.net\/wp-content\/uploads\/2024\/10\/Outdoor-Laser-Distance-Sensor-300x276.jpg 300w, https:\/\/meskernel.net\/wp-content\/uploads\/2024\/10\/Outdoor-Laser-Distance-Sensor-400x369.jpg 400w\" sizes=\"(max-width: 445px) 100vw, 445px\" \/><\/h3>\n<ul>\n<li><strong><strong>Une meilleure visibilit\u00e9<\/strong><\/strong><\/li>\n<\/ul>\n<p style=\"padding-left: 40px;\"><span style=\"font-size: 16px;\">Les 510-550 nm sont plus visibles pour l'\u0153il humain.<\/span><span style=\"font-size: 16px;\">Moins affect\u00e9 par la lumi\u00e8re ambiante.<\/span><\/p>\n<ul>\n<li><strong>P\u00e9n\u00e9tration plus \u00e9lev\u00e9e<\/strong><\/li>\n<\/ul>\n<p style=\"padding-left: 40px;\">Il peut p\u00e9n\u00e9trer dans l'eau et \u00eatre utilis\u00e9 dans des sc\u00e8nes sous-marines.<br \/>\n-Haute fiabilit\u00e9 dans un environnement difficile.<\/p>\n<ul>\n<li><strong>Port\u00e9e et stabilit\u00e9 accrues<\/strong><\/li>\n<\/ul>\n<p style=\"padding-left: 40px;\">Interagit diff\u00e9remment avec diverses surfaces. Une lecture plus pr\u00e9cise<br \/>\nsur les surfaces de certains mat\u00e9riaux, ce qui permet de l'utiliser \u00e0 l'ext\u00e9rieur.<\/p>\n<ul>\n<li><strong>Plage de mesure<\/strong>: 0,03m \u00e0 200m<\/li>\n<li><strong>Temps de r\u00e9ponse<\/strong>: Acquisition rapide de donn\u00e9es en temps r\u00e9el<\/li>\n<li><strong>Mesure sans contact<\/strong>: Id\u00e9al pour les mat\u00e9riaux d\u00e9licats ou dangereux<\/li>\n<li><strong>Interfaces<\/strong>: RS232, RS485, Modbus, Ethernet, Bluetooth<\/li>\n<li><strong>Personnalisation<\/strong>: Des solutions sur mesure pour des besoins sp\u00e9cifiques<\/li>\n<li><strong>Durabilit\u00e9<\/strong>: Performances stables dans des conditions difficiles<\/li>\n<\/ul>\n<p>&nbsp;<\/p>\n<p>&nbsp;<\/p>\n<h3 class=\"magic-4\"><span class=\"magic-5\" data-spm-anchor-id=\"a2700.details.0.i67.469255a4z4kxlM\">Port de communication :<\/span><\/h3>\n<div class=\"magic-16\">\n<div class=\"magic-17\">\n<div class=\"magic-18\" data-spm-anchor-id=\"a2700.details.0.i68.469255a4z4kxlM\"><span class=\"magic-6\"><span data-spm-anchor-id=\"a2700.details.0.i74.469255a4z4kxlM\">Le capteur de mesure laser de 100 m est compatible avec les interfaces de communication USB, TTL, RS232, RS485, Bluetooth et autres. Il est compatible avec Arduino, Raspberry PI et d'autres dispositifs externes.<\/span><\/span><\/div>\n<div data-spm-anchor-id=\"a2700.details.0.i68.469255a4z4kxlM\">\n<figure id=\"attachment_2841\" aria-describedby=\"caption-attachment-2841\" style=\"width: 712px\" class=\"wp-caption aligncenter\"><img decoding=\"async\" class=\"wp-image-2841 size-full\" title=\"D\u00e9tecteur de distance laser pour l&#039;ext\u00e9rieur\" src=\"https:\/\/meskernel.net\/wp-content\/uploads\/2024\/11\/usb-laser-distance-sensor.jpg\" alt=\"D\u00e9tecteur de distance laser pour l&#039;ext\u00e9rieur\" width=\"712\" height=\"694\" srcset=\"https:\/\/meskernel.net\/wp-content\/uploads\/2024\/11\/usb-laser-distance-sensor.jpg 712w, https:\/\/meskernel.net\/wp-content\/uploads\/2024\/11\/usb-laser-distance-sensor-300x292.jpg 300w, https:\/\/meskernel.net\/wp-content\/uploads\/2024\/11\/usb-laser-distance-sensor-400x390.jpg 400w\" sizes=\"(max-width: 712px) 100vw, 712px\" \/><figcaption id=\"caption-attachment-2841\" class=\"wp-caption-text\">D\u00e9tecteur de distance laser pour l'ext\u00e9rieur<\/figcaption><\/figure>\n<\/div>\n<\/div>\n<\/div>\n<h3><strong>Dispositif de mesure laser Capteur pour mesures de pr\u00e9cision<\/strong><\/h3>\n<p>Le capteur laser millim\u00e9trique de haute pr\u00e9cision est un outil de pointe con\u00e7u pour fournir des mesures fiables, rapides et pr\u00e9cises dans un large \u00e9ventail d'industries. Que vous travailliez dans la g\u00e9od\u00e9sie, la construction, l'automatisation ou la robotique, ce capteur laser de mesure garantit des donn\u00e9es de haute pr\u00e9cision. Sa plage de mesure s'\u00e9tendant de 0,03 m\u00e8tre \u00e0 200 m\u00e8tres, il convient aussi bien aux applications \u00e0 petite \u00e9chelle qu'\u00e0 celles \u00e0 longue port\u00e9e qui exigent une pr\u00e9cision dans les moindres d\u00e9tails. Gr\u00e2ce \u00e0 sa conception flexible et \u00e0 sa technologie avanc\u00e9e, ce capteur s'adapte parfaitement aux environnements int\u00e9rieurs et ext\u00e9rieurs, offrant ainsi une polyvalence exceptionnelle.<\/p>\n<h3>Large gamme de mesures pour des applications polyvalentes<\/h3>\n<p>L'un des principaux atouts du capteur de distance laser est sa large gamme de mesures, qui offre des options permettant de r\u00e9pondre aux diff\u00e9rentes exigences des projets. Que vous mesuriez de courtes distances pour des applications industrielles ou que vous vous attaquiez \u00e0 des distances plus longues pour des t\u00e2ches telles que l'arpentage ou la construction, ce capteur offre une solution qui r\u00e9pond \u00e0 vos besoins sp\u00e9cifiques. Avec des plages de mesure allant de 0,03 m\u00e8tre \u00e0 200 m\u00e8tres, il garantit le maintien de la pr\u00e9cision pour les projets \u00e0 petite et grande \u00e9chelle, ce qui en fait un choix id\u00e9al pour les industries qui exigent \u00e0 la fois flexibilit\u00e9 et pr\u00e9cision.<\/p>\n<p><img data-dominant-color=\"7d858a\" data-has-transparency=\"false\" style=\"--dominant-color: #7d858a;\" decoding=\"async\" class=\"wp-image-3795 size-full not-transparent\" src=\"https:\/\/meskernel.net\/wp-content\/uploads\/2025\/02\/Laser-Distance-Sensor-for-Construction.jpg\" alt=\"Capteur de distance laser pour la construction\" width=\"1200\" height=\"271\" srcset=\"https:\/\/meskernel.net\/wp-content\/uploads\/2025\/02\/Laser-Distance-Sensor-for-Construction.jpg 1200w, https:\/\/meskernel.net\/wp-content\/uploads\/2025\/02\/Laser-Distance-Sensor-for-Construction-300x68.jpg 300w, https:\/\/meskernel.net\/wp-content\/uploads\/2025\/02\/Laser-Distance-Sensor-for-Construction-1024x231.jpg 1024w, https:\/\/meskernel.net\/wp-content\/uploads\/2025\/02\/Laser-Distance-Sensor-for-Construction-768x173.jpg 768w, https:\/\/meskernel.net\/wp-content\/uploads\/2025\/02\/Laser-Distance-Sensor-for-Construction-400x90.jpg 400w\" sizes=\"(max-width: 1200px) 100vw, 1200px\" \/><\/p>\n<h3>Acquisition rapide de donn\u00e9es pour une surveillance en temps r\u00e9el<\/h3>\n<p>Dans les industries en \u00e9volution rapide, le retour d'information en temps r\u00e9el est essentiel, et le capteur de dispositif de mesure laser excelle dans ce domaine. Gr\u00e2ce \u00e0 son acquisition rapide des donn\u00e9es, le capteur effectue des mesures en quelques millisecondes et fournit des r\u00e9sultats imm\u00e9diats. Il est donc particuli\u00e8rement utile pour les applications telles que la robotique, les syst\u00e8mes automatis\u00e9s et la technologie des drones, o\u00f9 la vitesse est essentielle. Le temps de r\u00e9ponse rapide de ce capteur contribue \u00e0 optimiser les flux de travail et \u00e0 am\u00e9liorer la prise de d\u00e9cision, ce qui vous permet d'effectuer des ajustements \u00e0 la vol\u00e9e et d'am\u00e9liorer la productivit\u00e9 dans les environnements \u00e0 hautes performances.<\/p>\n<h3>Une pr\u00e9cision sup\u00e9rieure pour des projets de pr\u00e9cision<\/h3>\n<p>Lorsque la pr\u00e9cision est primordiale, le capteur de mesure laser \u00e0 niveau millim\u00e9trique s'impose comme la meilleure solution. Le capteur offre une pr\u00e9cision de l'ordre du millim\u00e8tre, ce qui est crucial pour les lev\u00e9s g\u00e9od\u00e9siques, la recherche scientifique et l'ing\u00e9nierie de la construction. Qu'il s'agisse de mesurer l'\u00e9paisseur de mat\u00e9riaux, de surveiller le d\u00e9placement de machines ou de recueillir des donn\u00e9es environnementales, le capteur garantit que m\u00eame les plus petits \u00e9carts de mesure n'affecteront pas le r\u00e9sultat de votre travail. Sa grande pr\u00e9cision garantit que vos projets restent sur la bonne voie et que vos donn\u00e9es sont fiables et pr\u00e9cises.<\/p>\n<h3>Des performances fiables dans des conditions difficiles<\/h3>\n<p>Con\u00e7u pour r\u00e9sister \u00e0 des environnements difficiles, ce capteur de dispositif de mesure laser est con\u00e7u pour \u00eatre stable et fiable. Il fournit des mesures coh\u00e9rentes et de haute qualit\u00e9, m\u00eame lorsqu'il est expos\u00e9 \u00e0 la poussi\u00e8re, aux vibrations et aux fluctuations de temp\u00e9rature. La faible erreur de r\u00e9p\u00e9tabilit\u00e9 de ce capteur signifie que les mesures restent coh\u00e9rentes sur plusieurs lectures. Qu'il soit utilis\u00e9 dans une usine, sur un chantier de construction ou dans un laboratoire de recherche, le capteur garantit des r\u00e9sultats pr\u00e9cis jour apr\u00e8s jour, quelles que soient les conditions ext\u00e9rieures. Il s'agit donc de la solution id\u00e9ale pour les op\u00e9rations en continu dans les environnements industriels exigeants.<\/p>\n<h3>Des mesures sans contact pour une plus grande flexibilit\u00e9<\/h3>\n<p>Un autre avantage cl\u00e9 de ce capteur laser est sa capacit\u00e9 de mesure sans contact, qui offre plusieurs avantages par rapport aux syst\u00e8mes traditionnels bas\u00e9s sur le contact. Gr\u00e2ce \u00e0 la technologie laser, ce capteur peut mesurer avec pr\u00e9cision des objets difficiles \u00e0 atteindre ou d\u00e9licats, tels que des cibles en mouvement, des surfaces \u00e0 haute temp\u00e9rature ou des composants fragiles, sans les endommager. Cette caract\u00e9ristique sans contact rend le capteur id\u00e9al pour les applications o\u00f9 le contact direct est difficile ou ind\u00e9sirable, comme les essais de mat\u00e9riaux, la fabrication automobile ou le profilage de surface. La possibilit\u00e9 de mesurer des mat\u00e9riaux dangereux ou des objets de forme irr\u00e9guli\u00e8re sans contact physique renforce encore la polyvalence et la s\u00e9curit\u00e9 de cet appareil de mesure laser.<\/p>\n<h3>Int\u00e9gration transparente avec de multiples interfaces de communication<\/h3>\n<p>Le capteur de dispositif de mesure laser est con\u00e7u pour s'int\u00e9grer facilement dans les syst\u00e8mes existants. Il prend en charge diverses interfaces de communication, notamment RS232, RS485, Modbus, Ethernet et Bluetooth. Cette large compatibilit\u00e9 garantit que le capteur peut \u00eatre facilement int\u00e9gr\u00e9 dans diff\u00e9rentes plates-formes d'automatisation, enregistreurs de donn\u00e9es et syst\u00e8mes de contr\u00f4le. Quel que soit le syst\u00e8me que vous utilisez, la vari\u00e9t\u00e9 des options de communication r\u00e9duit le temps de configuration et simplifie l'installation, ce qui vous permet de mettre votre syst\u00e8me en service sans d\u00e9lais inutiles.<\/p>\n<h3>Des solutions personnalis\u00e9es adapt\u00e9es \u00e0 vos besoins<\/h3>\n<p>Chaque application est unique, c'est pourquoi nous proposons des solutions personnalis\u00e9es pour r\u00e9pondre \u00e0 vos besoins de mesure sp\u00e9cifiques. Que vous souhaitiez ajuster la plage de mesure, la fr\u00e9quence, la r\u00e9solution ou les protocoles de communication, nous sommes pr\u00eats \u00e0 fournir des configurations sur mesure qui r\u00e9pondent \u00e0 vos exigences pr\u00e9cises. Notre \u00e9quipe d'experts travaille avec vous pour s'assurer que le capteur laser s'int\u00e8gre parfaitement dans votre syst\u00e8me, optimisant les performances et am\u00e9liorant la productivit\u00e9 globale.<\/p>\n<h3>Pourquoi choisir le capteur de l'appareil de mesure laser ?<\/h3>\n<p>Le niveau millim\u00e9trique 100m <a href=\"https:\/\/www.globalsources.com\/chengdu-meskernel\/showroom_6002100157315.htm\" target=\"_blank\" rel=\"noopener\">Dispositif de mesure laser Capteur<\/a> allie vitesse, pr\u00e9cision et polyvalence, ce qui en fait un choix de premier ordre pour les applications industrielles n\u00e9cessitant des donn\u00e9es fiables et pr\u00e9cises. Sa large plage de mesure, son temps de r\u00e9ponse rapide et sa faible erreur de r\u00e9p\u00e9tabilit\u00e9 en font la solution id\u00e9ale pour les t\u00e2ches de mesure en temps r\u00e9el. En outre, sa capacit\u00e9 de mesure sans contact et son int\u00e9gration avec de multiples interfaces de communication en font une solution \u00e0 la fois flexible et facile \u00e0 mettre en \u0153uvre. Que vous travailliez dans la construction, l'arpentage, la robotique ou l'automatisation, ce capteur garantit une collecte de donn\u00e9es fiable et des performances constantes, m\u00eame dans les conditions les plus exigeantes.<\/p>\n<p>Avec des options personnalisables pour r\u00e9pondre aux exigences uniques de vos projets, le capteur de distance laser garantit la pr\u00e9cision de vos mesures, l'efficacit\u00e9 de vos processus et la r\u00e9ussite de vos r\u00e9sultats.<\/p>","protected":false},"excerpt":{"rendered":"<p>L'appareil de mesure laser Millimeter-Level 100m Sensor permet d'effectuer des mesures rapides et pr\u00e9cises sur une large plage, ce qui le rend id\u00e9al pour les applications dans les domaines de la construction, de l'arpentage, de la robotique et de l'automatisation. Avec une plage de mesure allant jusqu'\u00e0 200 m\u00e8tres et une pr\u00e9cision de l'ordre du millim\u00e8tre, il garantit des donn\u00e9es fiables \u00e0 l'int\u00e9rieur comme \u00e0 l'ext\u00e9rieur. Ce capteur prend en charge plusieurs interfaces de communication, notamment RS232, RS485 et Bluetooth, pour une int\u00e9gration ais\u00e9e dans les syst\u00e8mes existants. Sa capacit\u00e9 de mesure sans contact et ses options personnalisables le rendent polyvalent pour une grande vari\u00e9t\u00e9 de projets.<\/p>","protected":false},"featured_media":3817,"template":"","meta":{"site-sidebar-layout":"default","site-content-layout":"","ast-site-content-layout":"default","site-content-style":"default","site-sidebar-style":"default","ast-global-header-display":"","ast-banner-title-visibility":"","ast-main-header-display":"","ast-hfb-above-header-display":"","ast-hfb-below-header-display":"","ast-hfb-mobile-header-display":"","site-post-title":"","ast-breadcrumbs-content":"","ast-featured-img":"","footer-sml-layout":"","ast-disable-related-posts":"","theme-transparent-header-meta":"default","adv-header-id-meta":"","stick-header-meta":"","header-above-stick-meta":"","header-main-stick-meta":"","header-below-stick-meta":"","astra-migrate-meta-layouts":"set","ast-page-background-enabled":"default","ast-page-background-meta":{"desktop":{"background-color":"var(--ast-global-color-4)","background-image":"","background-repeat":"repeat","background-position":"center center","background-size":"auto","background-attachment":"scroll","background-type":"","background-media":"","overlay-type":"","overlay-color":"","overlay-opacity":"","overlay-gradient":""},"tablet":{"background-color":"","background-image":"","background-repeat":"repeat","background-position":"center center","background-size":"auto","background-attachment":"scroll","background-type":"","background-media":"","overlay-type":"","overlay-color":"","overlay-opacity":"","overlay-gradient":""},"mobile":{"background-color":"","background-image":"","background-repeat":"repeat","background-position":"center center","background-size":"auto","background-attachment":"scroll","background-type":"","background-media":"","overlay-type":"","overlay-color":"","overlay-opacity":"","overlay-gradient":""}},"ast-content-background-meta":{"desktop":{"background-color":"var(--ast-global-color-5)","background-image":"","background-repeat":"repeat","background-position":"center center","background-size":"auto","background-attachment":"scroll","background-type":"","background-media":"","overlay-type":"","overlay-color":"","overlay-opacity":"","overlay-gradient":""},"tablet":{"background-color":"var(--ast-global-color-5)","background-image":"","background-repeat":"repeat","background-position":"center center","background-size":"auto","background-attachment":"scroll","background-type":"","background-media":"","overlay-type":"","overlay-color":"","overlay-opacity":"","overlay-gradient":""},"mobile":{"background-color":"var(--ast-global-color-5)","background-image":"","background-repeat":"repeat","background-position":"center center","background-size":"auto","background-attachment":"scroll","background-type":"","background-media":"","overlay-type":"","overlay-color":"","overlay-opacity":"","overlay-gradient":""}}},"product_brand":[60],"product_cat":[51],"product_tag":[],"class_list":{"0":"post-3816","1":"product","2":"type-product","3":"status-publish","4":"has-post-thumbnail","6":"product_brand-meskernel","7":"product_cat-laser-distance-sensor","8":"desktop-align-center","9":"tablet-align-left","10":"mobile-align-left","12":"first","13":"instock","14":"shipping-taxable","15":"product-type-simple"},"_links":{"self":[{"href":"https:\/\/meskernel.net\/fr\/wp-json\/wp\/v2\/product\/3816","targetHints":{"allow":["GET"]}}],"collection":[{"href":"https:\/\/meskernel.net\/fr\/wp-json\/wp\/v2\/product"}],"about":[{"href":"https:\/\/meskernel.net\/fr\/wp-json\/wp\/v2\/types\/product"}],"version-history":[{"count":0,"href":"https:\/\/meskernel.net\/fr\/wp-json\/wp\/v2\/product\/3816\/revisions"}],"wp:featuredmedia":[{"embeddable":true,"href":"https:\/\/meskernel.net\/fr\/wp-json\/wp\/v2\/media\/3817"}],"wp:attachment":[{"href":"https:\/\/meskernel.net\/fr\/wp-json\/wp\/v2\/media?parent=3816"}],"wp:term":[{"taxonomy":"product_brand","embeddable":true,"href":"https:\/\/meskernel.net\/fr\/wp-json\/wp\/v2\/product_brand?post=3816"},{"taxonomy":"product_cat","embeddable":true,"href":"https:\/\/meskernel.net\/fr\/wp-json\/wp\/v2\/product_cat?post=3816"},{"taxonomy":"product_tag","embeddable":true,"href":"https:\/\/meskernel.net\/fr\/wp-json\/wp\/v2\/product_tag?post=3816"}],"curies":[{"name":"wp","href":"https:\/\/api.w.org\/{rel}","templated":true}]}}