{"id":3828,"date":"2025-03-04T16:43:06","date_gmt":"2025-03-04T08:43:06","guid":{"rendered":"https:\/\/meskernel.net\/?post_type=product&#038;p=3828"},"modified":"2025-12-04T09:22:32","modified_gmt":"2025-12-04T01:22:32","slug":"telemetre-avec-jumelles","status":"publish","type":"product","link":"https:\/\/meskernel.net\/fr\/product\/rangefinder-with-binoculars\/","title":{"rendered":"T\u00e9l\u00e9m\u00e8tre 2500m pour la chasse et le golf | PTFG Outdoor Gear"},"content":{"rendered":"<p><strong data-start=\"70\" data-end=\"114\">The PTFG series laser rangefinder module<\/strong> represents the latest generation of outdoor long-distance laser distance measurement technology. Designed for demanding environments, this rangefinder module offers powerful measurement capabilities, high accuracy, and easy installation and operation. Utilizing the pulse laser principle, it emits a safe, invisible 905nm Class 1 laser. By calculating the time it takes for the laser to travel to the target and back, and multiplying it by the speed of light (divided by two), the module accurately determines the distance to the target object.<\/p>\n<figure id=\"attachment_2997\" aria-describedby=\"caption-attachment-2997\" style=\"width: 1000px\" class=\"wp-caption aligncenter\"><img fetchpriority=\"high\" decoding=\"async\" class=\"wp-image-2997 size-full\" title=\"T\u00e9lescope Capteur laser PTFG\" src=\"https:\/\/meskernel.net\/wp-content\/uploads\/2024\/10\/Telescope-Laser-sensor-PTFG.jpg\" alt=\"T\u00e9lescope Capteur laser PTFG\" width=\"1000\" height=\"500\" srcset=\"https:\/\/meskernel.net\/wp-content\/uploads\/2024\/10\/Telescope-Laser-sensor-PTFG.jpg 1000w, https:\/\/meskernel.net\/wp-content\/uploads\/2024\/10\/Telescope-Laser-sensor-PTFG-300x150.jpg 300w, https:\/\/meskernel.net\/wp-content\/uploads\/2024\/10\/Telescope-Laser-sensor-PTFG-768x384.jpg 768w, https:\/\/meskernel.net\/wp-content\/uploads\/2024\/10\/Telescope-Laser-sensor-PTFG-400x200.jpg 400w\" sizes=\"(max-width: 1000px) 100vw, 1000px\" \/><figcaption id=\"caption-attachment-2997\" class=\"wp-caption-text\">T\u00e9lescope Capteur laser PTFG<\/figcaption><\/figure>\n<h3>Caract\u00e9ristiques principales pour une meilleure performance<\/h3>\n<ul>\n<li><strong>Eyesafe Laser pour la protection de l'utilisateur :<\/strong><br \/>\nThe Rangefinder with Binoculars module uses a 905nm invisible light laser, which is both safe for the eyes and resistant to interference from sunlight. This feature makes it a perfect solution for long-distance outdoor measurements, ensuring that users can operate the device safely without compromising accuracy.<\/li>\n<li><strong>\u00c9cran d'affichage LCD \u00e0 haute transmittance :<\/strong><br \/>\nEquipped with a high-transmittance LCD display, the Rangefinder with Binoculars module allows users to view measurement results instantly. This enables quick decision-making and adjustments on the spot, streamlining workflows and improving efficiency in both fieldwork and real-time monitoring applications.<\/li>\n<li><strong>T\u00e9lescope monoculaire 6x pour une vision claire :<\/strong><br \/>\nLe t\u00e9lescope monoculaire 6x int\u00e9gr\u00e9 offre un champ de vision clair et lumineux, essentiel pour rep\u00e9rer avec pr\u00e9cision les cibles \u00e9loign\u00e9es. Son rev\u00eatement multicouche am\u00e9liore la transmission de la lumi\u00e8re, r\u00e9duit les reflets et augmente le contraste, ce qui permet d'obtenir une image plus nette. Ce rev\u00eatement prot\u00e8ge \u00e9galement l'objectif des rayures, des taches et de la poussi\u00e8re, garantissant une longue dur\u00e9e de vie et des performances fiables dans diverses conditions environnementales.<\/li>\n<\/ul>\n<h3>Interface de communication<\/h3>\n<p>Rangefinder with Binoculars module supports USB, TTL, RS232, RS485, Bluetooth and other communication interfaces, supports arduino, raspberry pi and other external devices.<\/p>\n<figure id=\"attachment_2987\" aria-describedby=\"caption-attachment-2987\" style=\"width: 750px\" class=\"wp-caption aligncenter\"><img decoding=\"async\" class=\"wp-image-2987 size-full\" title=\"T\u00e9lescope Capteur laser\" src=\"https:\/\/meskernel.net\/wp-content\/uploads\/2024\/11\/Laser-Distance-Module-2000m.jpg\" alt=\"T\u00e9lescope Capteur laser\" width=\"750\" height=\"266\" srcset=\"https:\/\/meskernel.net\/wp-content\/uploads\/2024\/11\/Laser-Distance-Module-2000m.jpg 750w, https:\/\/meskernel.net\/wp-content\/uploads\/2024\/11\/Laser-Distance-Module-2000m-300x106.jpg 300w, https:\/\/meskernel.net\/wp-content\/uploads\/2024\/11\/Laser-Distance-Module-2000m-400x142.jpg 400w\" sizes=\"(max-width: 750px) 100vw, 750px\" \/><figcaption id=\"caption-attachment-2987\" class=\"wp-caption-text\">T\u00e9lescope Capteur laser<\/figcaption><\/figure>\n<h3><\/h3>\n<h3>Int\u00e9gration polyvalente pour diverses applications<\/h3>\n<p>Thanks to its compact design and robust features, the Rangefinder with Binoculars module integrates easily into a variety of systems. Whether for <a href=\"https:\/\/meskernel.net\/fr\/application\/construction\/\">construction<\/a> Ce module garantit une collecte de donn\u00e9es coh\u00e9rente et de haute pr\u00e9cision dans un large \u00e9ventail de cas d'utilisation, qu'il s'agisse de mesures sur site, d'arpentage ou de t\u00e9l\u00e9d\u00e9tection. Il est utilis\u00e9 pour mesurer les distances, la hauteur des b\u00e2timents, la taille des \u00e9quipements industriels et des grandes structures. Il peut \u00eatre utilis\u00e9 pour le golf, l'alpinisme, la randonn\u00e9e et la chasse. La capacit\u00e9 du module \u00e0 afficher instantan\u00e9ment les donn\u00e9es sur son \u00e9cran LCD am\u00e9liore encore l'exp\u00e9rience de l'utilisateur en lui fournissant un retour d'information imm\u00e9diat pendant le fonctionnement.<\/p>\n<figure id=\"attachment_2998\" aria-describedby=\"caption-attachment-2998\" style=\"width: 1052px\" class=\"wp-caption aligncenter\"><img decoding=\"async\" class=\"wp-image-2998 size-full\" title=\"T\u00e9lescope Capteur laser PTFG\" src=\"https:\/\/meskernel.net\/wp-content\/uploads\/2024\/10\/Telescope-Laser-sensor-PTFG-1.jpg\" alt=\"T\u00e9lescope Capteur laser PTFG\" width=\"1052\" height=\"235\" srcset=\"https:\/\/meskernel.net\/wp-content\/uploads\/2024\/10\/Telescope-Laser-sensor-PTFG-1.jpg 1052w, https:\/\/meskernel.net\/wp-content\/uploads\/2024\/10\/Telescope-Laser-sensor-PTFG-1-300x67.jpg 300w, https:\/\/meskernel.net\/wp-content\/uploads\/2024\/10\/Telescope-Laser-sensor-PTFG-1-1024x229.jpg 1024w, https:\/\/meskernel.net\/wp-content\/uploads\/2024\/10\/Telescope-Laser-sensor-PTFG-1-768x172.jpg 768w, https:\/\/meskernel.net\/wp-content\/uploads\/2024\/10\/Telescope-Laser-sensor-PTFG-1-400x89.jpg 400w\" sizes=\"(max-width: 1052px) 100vw, 1052px\" \/><figcaption id=\"caption-attachment-2998\" class=\"wp-caption-text\">T\u00e9lescope Capteur laser PTFG<\/figcaption><\/figure>\n<div class=\"mceTemp\"><\/div>\n<h3>Pourquoi choisir Meskernel ?<\/h3>\n<p><strong>Avec plus de 20 ans d'expertise<\/strong> dans le domaine de la mesure de distance par laser, Meskernel est \u00e0 la pointe de l'industrie en mati\u00e8re d'innovation et de fiabilit\u00e9. Notre usine certifi\u00e9e TUV, qui s'\u00e9tend sur 7 000 m\u00e8tres carr\u00e9s, garantit le respect des normes de fabrication les plus strictes. Nous sommes fiers de d\u00e9tenir de nombreuses certifications de brevets et de nous conformer aux r\u00e9glementations CE, RoHS, FCC et FDA.<\/p>\n<p><strong>Nos fortes capacit\u00e9s en mati\u00e8re d'OEM et d'ODM<\/strong> sont soutenus par une \u00e9quipe d\u00e9vou\u00e9e de plus de 40 ing\u00e9nieurs en recherche et d\u00e9veloppement, ce qui nous permet d'\u00e9laborer des solutions sur mesure pour r\u00e9pondre \u00e0 vos besoins sp\u00e9cifiques. Nous maintenons un contr\u00f4le de qualit\u00e9 strict tout au long du processus, depuis l'arriv\u00e9e des mat\u00e9riaux jusqu'\u00e0 l'exp\u00e9dition finale, afin de garantir des produits coh\u00e9rents et performants.<\/p>\n<p><strong>Meskernel offre \u00e9galement une livraison rapide<\/strong>-Les commandes d'\u00e9chantillons r\u00e9guli\u00e8res peuvent \u00eatre exp\u00e9di\u00e9es dans les 3 jours et l'assistance technique 24 heures sur 24, 7 jours sur 7, vous fournit des conseils rapides chaque fois que vous en avez besoin. Avec nos prix avantageux, nous offrons l'\u00e9quilibre parfait entre qualit\u00e9, rapidit\u00e9 et valeur pour toutes vos solutions de mesure laser.<\/p>\n<p>&nbsp;<\/p>","protected":false},"excerpt":{"rendered":"<p>Accurate long-range measurements up to 2500m \u2013 this rangefinder ensures reliable performance for surveying, construction, and outdoor monitoring.<\/p>","protected":false},"featured_media":3829,"template":"","meta":{"site-sidebar-layout":"default","site-content-layout":"","ast-site-content-layout":"default","site-content-style":"default","site-sidebar-style":"default","ast-global-header-display":"","ast-banner-title-visibility":"","ast-main-header-display":"","ast-hfb-above-header-display":"","ast-hfb-below-header-display":"","ast-hfb-mobile-header-display":"","site-post-title":"","ast-breadcrumbs-content":"","ast-featured-img":"","footer-sml-layout":"","ast-disable-related-posts":"","theme-transparent-header-meta":"default","adv-header-id-meta":"","stick-header-meta":"","header-above-stick-meta":"","header-main-stick-meta":"","header-below-stick-meta":"","astra-migrate-meta-layouts":"set","ast-page-background-enabled":"default","ast-page-background-meta":{"desktop":{"background-color":"var(--ast-global-color-4)","background-image":"","background-repeat":"repeat","background-position":"center center","background-size":"auto","background-attachment":"scroll","background-type":"","background-media":"","overlay-type":"","overlay-color":"","overlay-opacity":"","overlay-gradient":""},"tablet":{"background-color":"","background-image":"","background-repeat":"repeat","background-position":"center center","background-size":"auto","background-attachment":"scroll","background-type":"","background-media":"","overlay-type":"","overlay-color":"","overlay-opacity":"","overlay-gradient":""},"mobile":{"background-color":"","background-image":"","background-repeat":"repeat","background-position":"center center","background-size":"auto","background-attachment":"scroll","background-type":"","background-media":"","overlay-type":"","overlay-color":"","overlay-opacity":"","overlay-gradient":""}},"ast-content-background-meta":{"desktop":{"background-color":"var(--ast-global-color-5)","background-image":"","background-repeat":"repeat","background-position":"center center","background-size":"auto","background-attachment":"scroll","background-type":"","background-media":"","overlay-type":"","overlay-color":"","overlay-opacity":"","overlay-gradient":""},"tablet":{"background-color":"var(--ast-global-color-5)","background-image":"","background-repeat":"repeat","background-position":"center center","background-size":"auto","background-attachment":"scroll","background-type":"","background-media":"","overlay-type":"","overlay-color":"","overlay-opacity":"","overlay-gradient":""},"mobile":{"background-color":"var(--ast-global-color-5)","background-image":"","background-repeat":"repeat","background-position":"center center","background-size":"auto","background-attachment":"scroll","background-type":"","background-media":"","overlay-type":"","overlay-color":"","overlay-opacity":"","overlay-gradient":""}}},"product_brand":[60],"product_cat":[30],"product_tag":[],"class_list":{"0":"post-3828","1":"product","2":"type-product","3":"status-publish","4":"has-post-thumbnail","6":"product_brand-meskernel","7":"product_cat-pulse-ranging-sensor","8":"desktop-align-center","9":"tablet-align-left","10":"mobile-align-left","12":"first","13":"instock","14":"shipping-taxable","15":"product-type-simple"},"_links":{"self":[{"href":"https:\/\/meskernel.net\/fr\/wp-json\/wp\/v2\/product\/3828","targetHints":{"allow":["GET"]}}],"collection":[{"href":"https:\/\/meskernel.net\/fr\/wp-json\/wp\/v2\/product"}],"about":[{"href":"https:\/\/meskernel.net\/fr\/wp-json\/wp\/v2\/types\/product"}],"version-history":[{"count":0,"href":"https:\/\/meskernel.net\/fr\/wp-json\/wp\/v2\/product\/3828\/revisions"}],"wp:featuredmedia":[{"embeddable":true,"href":"https:\/\/meskernel.net\/fr\/wp-json\/wp\/v2\/media\/3829"}],"wp:attachment":[{"href":"https:\/\/meskernel.net\/fr\/wp-json\/wp\/v2\/media?parent=3828"}],"wp:term":[{"taxonomy":"product_brand","embeddable":true,"href":"https:\/\/meskernel.net\/fr\/wp-json\/wp\/v2\/product_brand?post=3828"},{"taxonomy":"product_cat","embeddable":true,"href":"https:\/\/meskernel.net\/fr\/wp-json\/wp\/v2\/product_cat?post=3828"},{"taxonomy":"product_tag","embeddable":true,"href":"https:\/\/meskernel.net\/fr\/wp-json\/wp\/v2\/product_tag?post=3828"}],"curies":[{"name":"wp","href":"https:\/\/api.w.org\/{rel}","templated":true}]}}