{"id":3905,"date":"2025-03-12T15:26:28","date_gmt":"2025-03-12T07:26:28","guid":{"rendered":"https:\/\/meskernel.net\/?post_type=product&#038;p=3905"},"modified":"2026-01-30T10:03:06","modified_gmt":"2026-01-30T02:03:06","slug":"mesurer-la-distance","status":"publish","type":"product","link":"https:\/\/meskernel.net\/fr\/product\/measure-distance\/","title":{"rendered":"Capteur de Distance Laser UART LDJ-4Hz \u2013 Port\u00e9e de 120\u202fm pour Mesures Industrielles et Drones"},"content":{"rendered":"<p>Le capteur de distance \u00e0 mesure laser de 120 m, un module de mesure de distance \u00e0 laser d'une pr\u00e9cision de 3 mm, est un dispositif utilis\u00e9 pour mesurer des distances cibles et transmettre des donn\u00e9es. Il utilise la technologie du laser visible pour \u00e9mettre des faisceaux laser et recevoir des signaux laser r\u00e9fl\u00e9chis afin de mesurer la distance entre les objets et le capteur. Le capteur de distance laser prend en charge des interfaces de communication telles que USB, TTL, RS232, RS485 et Bluetooth, ce qui permet la transmission de donn\u00e9es et la communication avec d'autres appareils.<\/p>\n<p><img data-dominant-color=\"e7e9e3\" data-has-transparency=\"false\" style=\"--dominant-color: #e7e9e3;\" fetchpriority=\"high\" decoding=\"async\" class=\"wp-image-6396 size-full aligncenter not-transparent\" src=\"https:\/\/meskernel.net\/wp-content\/uploads\/2025\/03\/ldj.webp\" alt=\"ldj\" width=\"763\" height=\"307\" srcset=\"https:\/\/meskernel.net\/wp-content\/uploads\/2025\/03\/ldj.webp 763w, https:\/\/meskernel.net\/wp-content\/uploads\/2025\/03\/ldj-300x121.webp 300w, https:\/\/meskernel.net\/wp-content\/uploads\/2025\/03\/ldj-18x7.webp 18w, https:\/\/meskernel.net\/wp-content\/uploads\/2025\/03\/ldj-400x161.webp 400w\" sizes=\"(max-width: 763px) 100vw, 763px\" \/><\/p>\n<h4 data-start=\"268\" data-end=\"337\"><strong data-start=\"271\" data-end=\"335\">Des performances in\u00e9gal\u00e9es avec notre d\u00e9tecteur de distance \u00e0 laser<\/strong><\/h4>\n<p>\u2705 Pr\u00e9cision au millim\u00e8tre pr\u00e8s - Ce capteur de distance \u00e0 mesure laser offre une pr\u00e9cision au millim\u00e8tre pr\u00e8s. <strong data-start=\"421\" data-end=\"439\">\u00b13<\/strong>Pr\u00e9cision en mm sur une plage de 0,03 m \u00e0 200 m, offrant une r\u00e9p\u00e9tabilit\u00e9 de qualit\u00e9 industrielle pour la robotique<strong data-start=\"522\" data-end=\"561\">, <\/strong>l'automatisation et l'arpentage.<\/p>\n<p>\u2705 Prise en charge compl\u00e8te de RS232, RS485, Modbus, Ethernet, Bluetooth et USB, ce qui facilite l'int\u00e9gration dans les syst\u00e8mes PLC, les r\u00e9seaux IoT industriels (IIoT) et les plateformes d'automatisation.<\/p>\n<p>\u2705 Con\u00e7u pour r\u00e9sister aux environnements difficiles - Avec un indice IP67 d'\u00e9tanch\u00e9it\u00e9 \u00e0 l'eau et \u00e0 la poussi\u00e8re, ce capteur de distance \u00e0 mesure laser r\u00e9siste \u00e0 la poussi\u00e8re, \u00e0 l'eau et aux vibrations, et fonctionne de mani\u00e8re fiable de -20\u00b0C \u00e0 60\u00b0C, ce qui est id\u00e9al pour les applications industrielles et ext\u00e9rieures.<\/p>\n<p>\u2705 Taux d'\u00e9chantillonnage haute vitesse de 20Hz - Comporte une mesure de distance en temps r\u00e9el avec un temps de r\u00e9ponse de 20 ms, garantissant une acquisition de donn\u00e9es pr\u00e9cise pour les drones (UAV), les AGV (v\u00e9hicules \u00e0 guidage automatique), la navigation robotique et la fabrication de pr\u00e9cision.<\/p>\n<h4 data-start=\"1346\" data-end=\"1422\">Applications du d\u00e9tecteur de distance \u00e0 laser dans les industries cl\u00e9s<\/h4>\n<p><img decoding=\"async\" class=\"wp-image-3076\" src=\"https:\/\/meskernel.net\/wp-content\/uploads\/2024\/12\/Tof-Distance-Detection-Sensor4.jpg\" alt=\"Tof Capteur de d\u00e9tection de distance4\" width=\"661\" height=\"661\" srcset=\"https:\/\/meskernel.net\/wp-content\/uploads\/2024\/12\/Tof-Distance-Detection-Sensor4.jpg 800w, https:\/\/meskernel.net\/wp-content\/uploads\/2024\/12\/Tof-Distance-Detection-Sensor4-300x300.jpg 300w, https:\/\/meskernel.net\/wp-content\/uploads\/2024\/12\/Tof-Distance-Detection-Sensor4-150x150.jpg 150w, https:\/\/meskernel.net\/wp-content\/uploads\/2024\/12\/Tof-Distance-Detection-Sensor4-768x768.jpg 768w, https:\/\/meskernel.net\/wp-content\/uploads\/2024\/12\/Tof-Distance-Detection-Sensor4-400x400.jpg 400w, https:\/\/meskernel.net\/wp-content\/uploads\/2024\/12\/Tof-Distance-Detection-Sensor4-100x100.jpg 100w\" sizes=\"(max-width: 661px) 100vw, 661px\" \/><\/p>\n<p>&nbsp;<\/p>\n<p>&nbsp;<\/p>\n<p>\ud83c\udfd7 Capteur de distance laser pour la construction et l'arpentage<\/p>\n<ul data-start=\"1496\" data-end=\"1605\">\n<li data-start=\"1496\" data-end=\"1540\">Mesure du site en temps r\u00e9el bas\u00e9e sur le BIM<\/li>\n<li data-start=\"1541\" data-end=\"1605\">D\u00e9tection des d\u00e9viations de la structure en acier avec une pr\u00e9cision de \u00b13 mm<\/li>\n<\/ul>\n<p data-start=\"1607\" data-end=\"1667\">\ud83d\ude81 Capteur de distance laser pour drones et UAV<\/p>\n<ul data-start=\"1668\" data-end=\"1794\">\n<li data-start=\"1668\" data-end=\"1727\">Contr\u00f4le pr\u00e9cis de l'altitude pour la stabilit\u00e9 du vol du drone<\/li>\n<li data-start=\"1728\" data-end=\"1794\">D\u00e9tection et \u00e9vitement des obstacles dans les inspections de lignes \u00e9lectriques<\/li>\n<\/ul>\n<p data-start=\"1796\" data-end=\"1864\">\ud83c\udfed Capteur de distance \u00e0 laser pour l'automatisation industrielle<\/p>\n<ul data-start=\"1865\" data-end=\"1976\">\n<li data-start=\"1865\" data-end=\"1922\">Navigation AGV et optimisation de la logistique des entrep\u00f4ts<\/li>\n<li data-start=\"1923\" data-end=\"1976\">Mesure du volume des mat\u00e9riaux sur les bandes transporteuses<\/li>\n<\/ul>\n<p data-start=\"1978\" data-end=\"2057\">\ud83d\udd2c Capteur de distance \u00e0 mesure laser pour la recherche scientifique et la surveillance<\/p>\n<ul data-start=\"2058\" data-end=\"2184\">\n<li data-start=\"2058\" data-end=\"2123\">Surveillance de l'\u00e9tat des structures (ponts, tunnels et barrages)<\/li>\n<li data-start=\"2124\" data-end=\"2184\">Suivi des mouvements des glaciers et recherche environnementale<\/li>\n<\/ul>\n<h4 data-start=\"2186\" data-end=\"2246\"><strong data-start=\"2189\" data-end=\"2244\">Principaux avantages de notre capteur de distance \u00e0 mesure laser<\/strong><\/h4>\n<p data-start=\"2248\" data-end=\"2297\">\ud83d\udca7 Technologie de p\u00e9n\u00e9tration de la surface de l'eau<\/p>\n<ul data-start=\"2298\" data-end=\"2541\">\n<li data-start=\"2463\" data-end=\"2541\">Id\u00e9al pour les applications d'hydrologie, d'aquaculture et de cartographie sous-marine.<\/li>\n<\/ul>\n<p data-start=\"2543\" data-end=\"2588\">\ud83c\udf1e Interf\u00e9rence lumineuse sup\u00e9rieure<\/p>\n<ul data-start=\"2589\" data-end=\"2759\">\n<li data-start=\"2589\" data-end=\"2759\">La technologie avanc\u00e9e de filtrage de la lumi\u00e8re ambiante garantit <strong data-start=\"2651\" data-end=\"2700\">\u00b1<\/strong>Pr\u00e9cision de 3 mm, m\u00eame sous une lumi\u00e8re solaire de 100,0 lux, surpassant les concurrents de l'industrie (<strong data-start=\"2738\" data-end=\"2755\">\u00b13<\/strong>mm).<\/li>\n<\/ul>\n<p data-start=\"2761\" data-end=\"2824\">\ud83d\udcf6 Conversion intelligente des protocoles pour l'IdO industriel<\/p>\n<ul data-start=\"2825\" data-end=\"3013\">\n<li data-start=\"2825\" data-end=\"2928\">La passerelle Modbus-TCP int\u00e9gr\u00e9e permet une int\u00e9gration IIoT directe sans mat\u00e9riel suppl\u00e9mentaire.<\/li>\n<li data-start=\"2929\" data-end=\"3013\">Prise en charge d'OPC UA et de MQTT (bient\u00f4t) pour une meilleure automatisation des usines intelligentes.<\/li>\n<\/ul>\n<p data-start=\"3015\" data-end=\"3090\">La confiance des leaders de l'industrie - Capteur de distance \u00e0 mesure laser \u00e9prouv\u00e9<\/p>\n<p>\ud83d\udd39 300+ clients industriels - Int\u00e9gr\u00e9 avec <a href=\"https:\/\/zh.wikipedia.org\/wiki\/ABB\" target=\"_blank\" rel=\"noopener\">ABB<\/a> des bras robotis\u00e9s, des drones DJI M300 et des syst\u00e8mes PLC de Siemens.<br data-start=\"3204\" data-end=\"3207\" \/>\ud83d\udd39 500 000+ heures de fonctionnement - Avec un taux de d\u00e9faillance inf\u00e9rieur \u00e0 0,2%, garantissant une fiabilit\u00e9 \u00e0 long terme pour les applications industrielles.<\/p>\n<hr data-start=\"3342\" data-end=\"3345\" \/>\n<h4 data-start=\"3347\" data-end=\"3402\"><strong data-start=\"3351\" data-end=\"3400\">Pourquoi choisir notre capteur de distance \u00e0 mesure laser ?<\/strong><\/h4>\n<p data-start=\"3403\" data-end=\"3643\">Ce capteur de distance laser de haute pr\u00e9cision, de qualit\u00e9 industrielle, est con\u00e7u pour l'automatisation, la robotique, la navigation par drone et la surveillance industrielle, et offre une pr\u00e9cision exceptionnelle.<strong data-start=\"3571\" data-end=\"3640\">, <\/strong>et la durabilit\u00e9, ainsi que l'int\u00e9gration transparente du syst\u00e8me.<\/p>\n<p data-start=\"3645\" data-end=\"3711\">Pour <strong data-start=\"3649\" data-end=\"3709\">Personnalisation OEM\/ODM et commandes en gros, <a href=\"https:\/\/meskernel.net\/fr\/contact\/\">nous contacter<\/a> aujourd'hui !<\/strong><\/p>","protected":false},"excerpt":{"rendered":"<p>Capteur de distance \u00e0 mesure laser de haute pr\u00e9cision avec une pr\u00e9cision de \u00b11mm, une port\u00e9e de 200m et un \u00e9chantillonnage de 20Hz. Protection IP67, prise en charge de plusieurs interfaces (RS232, RS485, Modbus, Ethernet, Bluetooth, USB) et r\u00e9sistance sup\u00e9rieure \u00e0 l'environnement pour les applications industrielles et d'automatisation.<\/p>","protected":false},"featured_media":3910,"template":"","meta":{"site-sidebar-layout":"default","site-content-layout":"","ast-site-content-layout":"default","site-content-style":"default","site-sidebar-style":"default","ast-global-header-display":"","ast-banner-title-visibility":"","ast-main-header-display":"","ast-hfb-above-header-display":"","ast-hfb-below-header-display":"","ast-hfb-mobile-header-display":"","site-post-title":"","ast-breadcrumbs-content":"","ast-featured-img":"","footer-sml-layout":"","ast-disable-related-posts":"","theme-transparent-header-meta":"default","adv-header-id-meta":"","stick-header-meta":"","header-above-stick-meta":"","header-main-stick-meta":"","header-below-stick-meta":"","astra-migrate-meta-layouts":"set","ast-page-background-enabled":"default","ast-page-background-meta":{"desktop":{"background-color":"var(--ast-global-color-4)","background-image":"","background-repeat":"repeat","background-position":"center center","background-size":"auto","background-attachment":"scroll","background-type":"","background-media":"","overlay-type":"","overlay-color":"","overlay-opacity":"","overlay-gradient":""},"tablet":{"background-color":"","background-image":"","background-repeat":"repeat","background-position":"center center","background-size":"auto","background-attachment":"scroll","background-type":"","background-media":"","overlay-type":"","overlay-color":"","overlay-opacity":"","overlay-gradient":""},"mobile":{"background-color":"","background-image":"","background-repeat":"repeat","background-position":"center center","background-size":"auto","background-attachment":"scroll","background-type":"","background-media":"","overlay-type":"","overlay-color":"","overlay-opacity":"","overlay-gradient":""}},"ast-content-background-meta":{"desktop":{"background-color":"var(--ast-global-color-5)","background-image":"","background-repeat":"repeat","background-position":"center center","background-size":"auto","background-attachment":"scroll","background-type":"","background-media":"","overlay-type":"","overlay-color":"","overlay-opacity":"","overlay-gradient":""},"tablet":{"background-color":"var(--ast-global-color-5)","background-image":"","background-repeat":"repeat","background-position":"center center","background-size":"auto","background-attachment":"scroll","background-type":"","background-media":"","overlay-type":"","overlay-color":"","overlay-opacity":"","overlay-gradient":""},"mobile":{"background-color":"var(--ast-global-color-5)","background-image":"","background-repeat":"repeat","background-position":"center center","background-size":"auto","background-attachment":"scroll","background-type":"","background-media":"","overlay-type":"","overlay-color":"","overlay-opacity":"","overlay-gradient":""}}},"product_brand":[60],"product_cat":[51],"product_tag":[],"class_list":{"0":"post-3905","1":"product","2":"type-product","3":"status-publish","4":"has-post-thumbnail","6":"product_brand-meskernel","7":"product_cat-laser-distance-sensor","8":"desktop-align-center","9":"tablet-align-left","10":"mobile-align-left","12":"first","13":"instock","14":"shipping-taxable","15":"product-type-simple"},"_links":{"self":[{"href":"https:\/\/meskernel.net\/fr\/wp-json\/wp\/v2\/product\/3905","targetHints":{"allow":["GET"]}}],"collection":[{"href":"https:\/\/meskernel.net\/fr\/wp-json\/wp\/v2\/product"}],"about":[{"href":"https:\/\/meskernel.net\/fr\/wp-json\/wp\/v2\/types\/product"}],"version-history":[{"count":0,"href":"https:\/\/meskernel.net\/fr\/wp-json\/wp\/v2\/product\/3905\/revisions"}],"wp:featuredmedia":[{"embeddable":true,"href":"https:\/\/meskernel.net\/fr\/wp-json\/wp\/v2\/media\/3910"}],"wp:attachment":[{"href":"https:\/\/meskernel.net\/fr\/wp-json\/wp\/v2\/media?parent=3905"}],"wp:term":[{"taxonomy":"product_brand","embeddable":true,"href":"https:\/\/meskernel.net\/fr\/wp-json\/wp\/v2\/product_brand?post=3905"},{"taxonomy":"product_cat","embeddable":true,"href":"https:\/\/meskernel.net\/fr\/wp-json\/wp\/v2\/product_cat?post=3905"},{"taxonomy":"product_tag","embeddable":true,"href":"https:\/\/meskernel.net\/fr\/wp-json\/wp\/v2\/product_tag?post=3905"}],"curies":[{"name":"wp","href":"https:\/\/api.w.org\/{rel}","templated":true}]}}