{"id":4206,"date":"2025-04-17T11:16:54","date_gmt":"2025-04-17T03:16:54","guid":{"rendered":"https:\/\/meskernel.net\/?post_type=product&#038;p=4206"},"modified":"2025-10-21T09:32:43","modified_gmt":"2025-10-21T01:32:43","slug":"module-de-capteur-de-distance-laser-de-1-mm","status":"publish","type":"product","link":"https:\/\/meskernel.net\/fr\/product\/1mm-laser-distance-sensor-module\/","title":{"rendered":"1mm Laser Distance Sensor Module LDL-S with 30Hz 30 Meter for Outdoor Strong Light (module de capteur de distance laser de 1 mm LDL-S avec 30Hz 30 m\u00e8tres pour l'ext\u00e9rieur)"},"content":{"rendered":"<p>notre <a href=\"https:\/\/www.globalsources.com\/chengdu-meskernel\/showroom_6002100157315.htm\" target=\"_blank\" rel=\"noopener\">Module de capteur de distance \u00e0 laser de 1 mm<\/a> Le LDL-S est con\u00e7u pour les applications ext\u00e9rieures et offre des performances exceptionnelles, m\u00eame en cas de forte exposition au soleil. Il excelle dans les environnements \u00e0 faible signal, garantissant un fonctionnement fiable. Gr\u00e2ce \u00e0 ses capacit\u00e9s de mesure de haute pr\u00e9cision, il fournit des r\u00e9sultats exacts pour les t\u00e2ches exigeantes. L'appareil prend en charge une large plage de temp\u00e9rature personnalisable, ce qui le rend adapt\u00e9 \u00e0 diverses conditions environnementales. En outre, il est dot\u00e9 d'une technologie laser rouge ou vert en option pour r\u00e9pondre aux diff\u00e9rents besoins des utilisateurs.<\/p>\n<p><img data-dominant-color=\"e6e4e4\" data-has-transparency=\"false\" style=\"--dominant-color: #e6e4e4;\" fetchpriority=\"high\" decoding=\"async\" class=\"wp-image-4207 size-full alignleft not-transparent\" src=\"https:\/\/meskernel.net\/wp-content\/uploads\/2025\/04\/1mm-Laser-Distance-Sensor-Module.webp\" alt=\"Module de capteur de distance \u00e0 laser de 1 mm\" width=\"696\" height=\"459\" srcset=\"https:\/\/meskernel.net\/wp-content\/uploads\/2025\/04\/1mm-Laser-Distance-Sensor-Module.webp 696w, https:\/\/meskernel.net\/wp-content\/uploads\/2025\/04\/1mm-Laser-Distance-Sensor-Module-300x198.webp 300w, https:\/\/meskernel.net\/wp-content\/uploads\/2025\/04\/1mm-Laser-Distance-Sensor-Module-400x264.webp 400w\" sizes=\"(max-width: 696px) 100vw, 696px\" \/><\/p>\n<p>&nbsp;<\/p>\n<h6>Avantages<\/h6>\n<ul>\n<li>Utilisation en ext\u00e9rieur avec une forte r\u00e9sistance \u00e0 la lumi\u00e8re<\/li>\n<li>Performance sup\u00e9rieure dans des conditions de signal faible<\/li>\n<li>Mesures de haute pr\u00e9cision<\/li>\n<li>Large plage de temp\u00e9rature personnalisable<\/li>\n<li>Options laser rouge\/vert<\/li>\n<\/ul>\n<h5><strong>Quick Testing Guidance<\/strong><\/h5>\n<p><img data-dominant-color=\"ebeceb\" data-has-transparency=\"false\" style=\"--dominant-color: #ebeceb;\" decoding=\"async\" class=\"alignleft wp-image-6112 size-full not-transparent\" src=\"https:\/\/meskernel.net\/wp-content\/uploads\/2025\/04\/laser-distance-sensor-Quick-Testing-Guidance.webp\" alt=\"D\u00e9tecteur de distance laser Guide de test rapide\" width=\"703\" height=\"185\" srcset=\"https:\/\/meskernel.net\/wp-content\/uploads\/2025\/04\/laser-distance-sensor-Quick-Testing-Guidance.webp 703w, https:\/\/meskernel.net\/wp-content\/uploads\/2025\/04\/laser-distance-sensor-Quick-Testing-Guidance-300x79.webp 300w, https:\/\/meskernel.net\/wp-content\/uploads\/2025\/04\/laser-distance-sensor-Quick-Testing-Guidance-18x5.webp 18w, https:\/\/meskernel.net\/wp-content\/uploads\/2025\/04\/laser-distance-sensor-Quick-Testing-Guidance-400x105.webp 400w\" sizes=\"(max-width: 703px) 100vw, 703px\" \/><\/p>\n<p>&nbsp;<\/p>\n<h3 class=\"text-title\"><span class=\"magic-22\">Interface PCI du module de capteur de distance \u00e0 laser LDL-T 1mm<\/span><\/h3>\n<div class=\"text-content\">Prise en charge de la transmission Bluetooth, interface TTL\/RS232\/RS485 trois-en-un, pour une transmission des donn\u00e9es plus efficace.<\/div>\n<div><\/div>\n<p class=\"\" data-start=\"2144\" data-end=\"2361\">Le module de capteur de distance laser de 1 mm est le choix id\u00e9al pour les ing\u00e9nieurs et les d\u00e9veloppeurs \u00e0 la recherche d'une solution de mesure laser de haute pr\u00e9cision, compacte et fiable avec une flexibilit\u00e9 de personnalisation totale.<\/p>\n<p class=\"\" data-start=\"2363\" data-end=\"2441\">N'h\u00e9sitez pas \u00e0 <a href=\"https:\/\/meskernel.net\/fr\/contact\/\">nous contacter<\/a> pour obtenir des fiches techniques, une assistance \u00e0 l'int\u00e9gration ou des informations sur les OEM.<\/p>\n<p data-start=\"2363\" data-end=\"2441\">","protected":false},"excerpt":{"rendered":"<p>Le module de capteur de distance laser LDL-S 1 mm, dot\u00e9 d'une fr\u00e9quence de 30 Hz et d'une port\u00e9e de 30 m\u00e8tres, est con\u00e7u pour une utilisation en ext\u00e9rieur dans des environnements \u00e0 forte luminosit\u00e9. Ce capteur offre une pr\u00e9cision de mesure allant jusqu'\u00e0 1 mm et est largement utilis\u00e9 dans les domaines de la robotique, de l'automatisation industrielle, des mesures de construction, etc. Il fournit des mesures de distance pr\u00e9cises et des performances stables dans diverses conditions environnementales.<\/p>","protected":false},"featured_media":4209,"template":"","meta":{"site-sidebar-layout":"default","site-content-layout":"","ast-site-content-layout":"default","site-content-style":"default","site-sidebar-style":"default","ast-global-header-display":"","ast-banner-title-visibility":"","ast-main-header-display":"","ast-hfb-above-header-display":"","ast-hfb-below-header-display":"","ast-hfb-mobile-header-display":"","site-post-title":"","ast-breadcrumbs-content":"","ast-featured-img":"","footer-sml-layout":"","ast-disable-related-posts":"","theme-transparent-header-meta":"default","adv-header-id-meta":"","stick-header-meta":"","header-above-stick-meta":"","header-main-stick-meta":"","header-below-stick-meta":"","astra-migrate-meta-layouts":"set","ast-page-background-enabled":"default","ast-page-background-meta":{"desktop":{"background-color":"var(--ast-global-color-4)","background-image":"","background-repeat":"repeat","background-position":"center center","background-size":"auto","background-attachment":"scroll","background-type":"","background-media":"","overlay-type":"","overlay-color":"","overlay-opacity":"","overlay-gradient":""},"tablet":{"background-color":"","background-image":"","background-repeat":"repeat","background-position":"center center","background-size":"auto","background-attachment":"scroll","background-type":"","background-media":"","overlay-type":"","overlay-color":"","overlay-opacity":"","overlay-gradient":""},"mobile":{"background-color":"","background-image":"","background-repeat":"repeat","background-position":"center center","background-size":"auto","background-attachment":"scroll","background-type":"","background-media":"","overlay-type":"","overlay-color":"","overlay-opacity":"","overlay-gradient":""}},"ast-content-background-meta":{"desktop":{"background-color":"var(--ast-global-color-5)","background-image":"","background-repeat":"repeat","background-position":"center center","background-size":"auto","background-attachment":"scroll","background-type":"","background-media":"","overlay-type":"","overlay-color":"","overlay-opacity":"","overlay-gradient":""},"tablet":{"background-color":"var(--ast-global-color-5)","background-image":"","background-repeat":"repeat","background-position":"center center","background-size":"auto","background-attachment":"scroll","background-type":"","background-media":"","overlay-type":"","overlay-color":"","overlay-opacity":"","overlay-gradient":""},"mobile":{"background-color":"var(--ast-global-color-5)","background-image":"","background-repeat":"repeat","background-position":"center center","background-size":"auto","background-attachment":"scroll","background-type":"","background-media":"","overlay-type":"","overlay-color":"","overlay-opacity":"","overlay-gradient":""}}},"product_brand":[60],"product_cat":[51],"product_tag":[56],"class_list":{"0":"post-4206","1":"product","2":"type-product","3":"status-publish","4":"has-post-thumbnail","6":"product_brand-meskernel","7":"product_cat-laser-distance-sensor","8":"product_tag-hot","9":"desktop-align-center","10":"tablet-align-left","11":"mobile-align-left","13":"first","14":"instock","15":"shipping-taxable","16":"product-type-simple"},"_links":{"self":[{"href":"https:\/\/meskernel.net\/fr\/wp-json\/wp\/v2\/product\/4206","targetHints":{"allow":["GET"]}}],"collection":[{"href":"https:\/\/meskernel.net\/fr\/wp-json\/wp\/v2\/product"}],"about":[{"href":"https:\/\/meskernel.net\/fr\/wp-json\/wp\/v2\/types\/product"}],"version-history":[{"count":0,"href":"https:\/\/meskernel.net\/fr\/wp-json\/wp\/v2\/product\/4206\/revisions"}],"wp:featuredmedia":[{"embeddable":true,"href":"https:\/\/meskernel.net\/fr\/wp-json\/wp\/v2\/media\/4209"}],"wp:attachment":[{"href":"https:\/\/meskernel.net\/fr\/wp-json\/wp\/v2\/media?parent=4206"}],"wp:term":[{"taxonomy":"product_brand","embeddable":true,"href":"https:\/\/meskernel.net\/fr\/wp-json\/wp\/v2\/product_brand?post=4206"},{"taxonomy":"product_cat","embeddable":true,"href":"https:\/\/meskernel.net\/fr\/wp-json\/wp\/v2\/product_cat?post=4206"},{"taxonomy":"product_tag","embeddable":true,"href":"https:\/\/meskernel.net\/fr\/wp-json\/wp\/v2\/product_tag?post=4206"}],"curies":[{"name":"wp","href":"https:\/\/api.w.org\/{rel}","templated":true}]}}