{"id":4255,"date":"2025-04-22T16:25:47","date_gmt":"2025-04-22T08:25:47","guid":{"rendered":"https:\/\/meskernel.net\/?post_type=product&#038;p=4255"},"modified":"2025-12-29T14:01:19","modified_gmt":"2025-12-29T06:01:19","slug":"mini-capteur-de-mesure-laser","status":"publish","type":"product","link":"https:\/\/meskernel.net\/fr\/product\/mini-laser-measurement-sensor\/","title":{"rendered":"LDL-S Mini capteur de mesure laser - Pr\u00e9cision 1mm pour l'automatisation industrielle et la robotique"},"content":{"rendered":"<p class=\"\" data-start=\"286\" data-end=\"640\">Le module mini-capteur de mesure laser LDL-S est un capteur optique de haute pr\u00e9cision con\u00e7u pour l'automatisation industrielle et les applications ext\u00e9rieures exigeantes. Avec un design compact et une pr\u00e9cision de 1 mm sur des distances allant jusqu'\u00e0 80 m\u00e8tres, ce module est id\u00e9al pour l'int\u00e9gration dans des syst\u00e8mes o\u00f9 le gain de place et la pr\u00e9cision des mesures sont essentiels.<\/p>\n<p class=\"\" data-start=\"642\" data-end=\"861\">Con\u00e7u pour fonctionner de mani\u00e8re fiable m\u00eame sous une forte lumi\u00e8re solaire, le capteur LDL-S excelle dans les environnements \u00e0 faible r\u00e9flectivit\u00e9 ou \u00e0 faible signal, ce qui en fait une solution fiable pour les sc\u00e9narios de mesure difficiles du monde r\u00e9el.<\/p>\n<p class=\"\" data-start=\"863\" data-end=\"1263\">Bas\u00e9 sur une technologie de d\u00e9tection optique avanc\u00e9e, le LDL-S prend en charge les sorties num\u00e9riques et analogiques, avec une compatibilit\u00e9 jack polyvalente comprenant CAN, SPI, I\u00b2C, UART, TTL, RS232, RS485 et des interfaces analogiques. Son interface de communication flexible trois-en-un avec transmission Bluetooth en option assure une int\u00e9gration efficace et transparente des donn\u00e9es dans une large gamme de syst\u00e8mes.<\/p>\n<p><img data-dominant-color=\"e2dcdb\" data-has-transparency=\"false\" style=\"--dominant-color: #e2dcdb;\" fetchpriority=\"high\" decoding=\"async\" class=\"wp-image-4210 size-full alignleft not-transparent\" src=\"https:\/\/meskernel.net\/wp-content\/uploads\/2025\/04\/1mm-Laser-Distance-Sensor-Module-LDL-S-with-30Hz-30-Meter-for-Outdoor-Strong-Light.webp\" alt=\"\" width=\"631\" height=\"559\" srcset=\"https:\/\/meskernel.net\/wp-content\/uploads\/2025\/04\/1mm-Laser-Distance-Sensor-Module-LDL-S-with-30Hz-30-Meter-for-Outdoor-Strong-Light.webp 631w, https:\/\/meskernel.net\/wp-content\/uploads\/2025\/04\/1mm-Laser-Distance-Sensor-Module-LDL-S-with-30Hz-30-Meter-for-Outdoor-Strong-Light-300x266.webp 300w, https:\/\/meskernel.net\/wp-content\/uploads\/2025\/04\/1mm-Laser-Distance-Sensor-Module-LDL-S-with-30Hz-30-Meter-for-Outdoor-Strong-Light-400x354.webp 400w\" sizes=\"(max-width: 631px) 100vw, 631px\" \/><\/p>\n<p>&nbsp;<\/p>\n<h3 data-start=\"1265\" data-end=\"1278\">Caract\u00e9ristiques principales du mini-capteur de mesure laser :<\/h3>\n<h3 data-start=\"1265\" data-end=\"1278\">\ud83d\udd39 <strong style=\"font-size: 16px;\" data-start=\"1284\" data-end=\"1304\">Conception miniature<\/strong><span style=\"font-size: 16px;\"> - Ultra-compact pour les espaces d'int\u00e9gration restreints<\/span><\/h3>\n<h3 data-start=\"1265\" data-end=\"1278\">\ud83d\udd39 <strong style=\"font-size: 16px;\" data-start=\"1357\" data-end=\"1374\">Haute pr\u00e9cision<\/strong><span style=\"font-size: 16px;\"> - Jusqu'\u00e0 <\/span><strong style=\"font-size: 16px;\" data-start=\"1383\" data-end=\"1391\">\u00b1<\/strong><span style=\"font-size: 16px;\">Pr\u00e9cision de 1 mm<\/span><\/h3>\n<h3 data-start=\"1265\" data-end=\"1278\">\ud83d\udd39 <strong style=\"font-size: 16px;\" data-start=\"1409\" data-end=\"1423\">Longue port\u00e9e<\/strong><span style=\"font-size: 16px;\"> - Mesure efficace jusqu'\u00e0 80 m\u00e8tres<\/span><\/h3>\n<h3 data-start=\"1265\" data-end=\"1278\">\ud83d\udd39 <strong style=\"font-size: 16px;\" data-start=\"1475\" data-end=\"1492\">Pr\u00eat pour l'ext\u00e9rieur<\/strong><span style=\"font-size: 16px;\"> - R\u00e9sistant \u00e0 une forte lumi\u00e8re ambiante, parfait pour un positionnement en ext\u00e9rieur<\/span><\/h3>\n<h3 data-start=\"1265\" data-end=\"1278\">\ud83d\udd39 <strong style=\"font-size: 16px;\" data-start=\"1577\" data-end=\"1613\">Excellente performance en mati\u00e8re de signaux faibles<\/strong><span style=\"font-size: 16px;\"> - Fonctionnement stable dans des conditions de faible r\u00e9flectivit\u00e9<\/span><\/h3>\n<h3 data-start=\"1265\" data-end=\"1278\">\ud83d\udd39 <strong style=\"font-size: 16px;\" data-start=\"1672\" data-end=\"1706\">Plage de temp\u00e9rature personnalisable<\/strong><span style=\"font-size: 16px;\"> - Convient aux environnements extr\u00eames<\/span><\/h3>\n<h3 data-start=\"1265\" data-end=\"1278\">\ud83d\udd39 <strong style=\"font-size: 16px;\" data-start=\"1750\" data-end=\"1767\">Options laser<\/strong><span style=\"font-size: 16px;\"> - Choisissez un laser rouge ou vert en fonction des besoins de votre application<\/span><\/h3>\n<h3 data-start=\"1265\" data-end=\"1278\">\ud83d\udd39 <strong style=\"font-size: 16px;\" data-start=\"1846\" data-end=\"1874\">Amplificateur multifonction<\/strong><span style=\"font-size: 16px;\"> - Traitement du signal adaptable<\/span><\/h3>\n<h3 data-start=\"1265\" data-end=\"1278\">\ud83d\udd39 <strong style=\"font-size: 16px;\" data-start=\"1912\" data-end=\"1938\">Support d'interface riche<\/strong><span style=\"font-size: 16px;\"> - TTL\/RS232\/RS485, Bluetooth et autres protocoles courants<\/span><\/h3>\n<p class=\"\" data-start=\"2003\" data-end=\"2213\">Ce Mini <a href=\"https:\/\/www.globalsources.com\/chengdu-meskernel\/showroom_6002100157315.htm\" target=\"_blank\" rel=\"noopener\">Capteur de mesure laser<\/a> <span style=\"font-size: 16px;\">est le choix id\u00e9al pour les ing\u00e9nieurs et les d\u00e9veloppeurs \u00e0 la recherche d'une solution de mesure laser compacte, fiable et enti\u00e8rement personnalisable, avec des performances robustes et une int\u00e9gration flexible.<\/span><\/p>\n<p class=\"\" data-start=\"2215\" data-end=\"2353\">\ud83d\udce9 <a href=\"https:\/\/meskernel.net\/fr\/contact\/\"><strong data-start=\"2218\" data-end=\"2238\">Contactez-nous d\u00e8s aujourd'hui<\/strong><\/a> pour obtenir des fiches techniques, un support d'application ou pour discuter de la personnalisation OEM\/ODM en fonction des besoins sp\u00e9cifiques de votre projet.<\/p>\n<p data-start=\"2363\" data-end=\"2441\">","protected":false},"excerpt":{"rendered":"<p class=\"\" data-start=\"88\" data-end=\"634\">Le module mini-capteur de mesure laser LDL-S est un capteur optique ultra-compact de haute pr\u00e9cision offrant une pr\u00e9cision de 1 mm et une plage de mesure allant jusqu'\u00e0 80 m. Il est con\u00e7u pour \u00eatre utilis\u00e9 \u00e0 l'ext\u00e9rieur. Con\u00e7u pour une utilisation en ext\u00e9rieur, il offre des performances stables m\u00eame en cas de fort ensoleillement et dans des environnements \u00e0 faible r\u00e9flectivit\u00e9. Avec des options personnalisables, notamment le laser rouge ou vert, une large plage de temp\u00e9rature et un support multi-interface polyvalent (Bluetooth, TTL, RS232\/RS485), le LDL-S est id\u00e9al pour l'automatisation industrielle et les applications de mesure de pr\u00e9cision.<\/p>","protected":false},"featured_media":4257,"template":"","meta":{"site-sidebar-layout":"default","site-content-layout":"","ast-site-content-layout":"default","site-content-style":"default","site-sidebar-style":"default","ast-global-header-display":"","ast-banner-title-visibility":"","ast-main-header-display":"","ast-hfb-above-header-display":"","ast-hfb-below-header-display":"","ast-hfb-mobile-header-display":"","site-post-title":"","ast-breadcrumbs-content":"","ast-featured-img":"","footer-sml-layout":"","ast-disable-related-posts":"","theme-transparent-header-meta":"default","adv-header-id-meta":"","stick-header-meta":"","header-above-stick-meta":"","header-main-stick-meta":"","header-below-stick-meta":"","astra-migrate-meta-layouts":"set","ast-page-background-enabled":"default","ast-page-background-meta":{"desktop":{"background-color":"var(--ast-global-color-4)","background-image":"","background-repeat":"repeat","background-position":"center center","background-size":"auto","background-attachment":"scroll","background-type":"","background-media":"","overlay-type":"","overlay-color":"","overlay-opacity":"","overlay-gradient":""},"tablet":{"background-color":"","background-image":"","background-repeat":"repeat","background-position":"center center","background-size":"auto","background-attachment":"scroll","background-type":"","background-media":"","overlay-type":"","overlay-color":"","overlay-opacity":"","overlay-gradient":""},"mobile":{"background-color":"","background-image":"","background-repeat":"repeat","background-position":"center center","background-size":"auto","background-attachment":"scroll","background-type":"","background-media":"","overlay-type":"","overlay-color":"","overlay-opacity":"","overlay-gradient":""}},"ast-content-background-meta":{"desktop":{"background-color":"var(--ast-global-color-5)","background-image":"","background-repeat":"repeat","background-position":"center center","background-size":"auto","background-attachment":"scroll","background-type":"","background-media":"","overlay-type":"","overlay-color":"","overlay-opacity":"","overlay-gradient":""},"tablet":{"background-color":"var(--ast-global-color-5)","background-image":"","background-repeat":"repeat","background-position":"center center","background-size":"auto","background-attachment":"scroll","background-type":"","background-media":"","overlay-type":"","overlay-color":"","overlay-opacity":"","overlay-gradient":""},"mobile":{"background-color":"var(--ast-global-color-5)","background-image":"","background-repeat":"repeat","background-position":"center center","background-size":"auto","background-attachment":"scroll","background-type":"","background-media":"","overlay-type":"","overlay-color":"","overlay-opacity":"","overlay-gradient":""}}},"product_brand":[60],"product_cat":[52],"product_tag":[],"class_list":{"0":"post-4255","1":"product","2":"type-product","3":"status-publish","4":"has-post-thumbnail","6":"product_brand-meskernel","7":"product_cat-phase-distance-sensor","8":"desktop-align-center","9":"tablet-align-left","10":"mobile-align-left","12":"first","13":"instock","14":"shipping-taxable","15":"product-type-simple"},"_links":{"self":[{"href":"https:\/\/meskernel.net\/fr\/wp-json\/wp\/v2\/product\/4255","targetHints":{"allow":["GET"]}}],"collection":[{"href":"https:\/\/meskernel.net\/fr\/wp-json\/wp\/v2\/product"}],"about":[{"href":"https:\/\/meskernel.net\/fr\/wp-json\/wp\/v2\/types\/product"}],"version-history":[{"count":0,"href":"https:\/\/meskernel.net\/fr\/wp-json\/wp\/v2\/product\/4255\/revisions"}],"wp:featuredmedia":[{"embeddable":true,"href":"https:\/\/meskernel.net\/fr\/wp-json\/wp\/v2\/media\/4257"}],"wp:attachment":[{"href":"https:\/\/meskernel.net\/fr\/wp-json\/wp\/v2\/media?parent=4255"}],"wp:term":[{"taxonomy":"product_brand","embeddable":true,"href":"https:\/\/meskernel.net\/fr\/wp-json\/wp\/v2\/product_brand?post=4255"},{"taxonomy":"product_cat","embeddable":true,"href":"https:\/\/meskernel.net\/fr\/wp-json\/wp\/v2\/product_cat?post=4255"},{"taxonomy":"product_tag","embeddable":true,"href":"https:\/\/meskernel.net\/fr\/wp-json\/wp\/v2\/product_tag?post=4255"}],"curies":[{"name":"wp","href":"https:\/\/api.w.org\/{rel}","templated":true}]}}