{"id":4278,"date":"2025-04-28T15:27:09","date_gmt":"2025-04-28T07:27:09","guid":{"rendered":"https:\/\/meskernel.net\/?post_type=product&#038;p=4278"},"modified":"2025-07-10T11:19:51","modified_gmt":"2025-07-10T03:19:51","slug":"capteur-de-distance-laser-a-temps-de-vol","status":"publish","type":"product","link":"https:\/\/meskernel.net\/fr\/product\/time-of-flight-laser-distance-sensor\/","title":{"rendered":"LDJU Capteur de distance laser \u00e0 temps de vol 1000Hz pour drone"},"content":{"rendered":"<p class=\"\" data-start=\"86\" data-end=\"363\">Notre d\u00e9tecteur de distance laser \u00e0 temps de vol de 1000 Hz est con\u00e7u pour des performances de haute vitesse et de haute pr\u00e9cision dans les applications industrielles. Dot\u00e9 d'une fr\u00e9quence ultra-\u00e9lev\u00e9e de 100 \u00e0 3 000 Hz, il fournit des mesures en temps r\u00e9el avec une pr\u00e9cision de l'ordre du millim\u00e8tre sur une plage de 0,2 m \u00e0 25 m.<\/p>\n<h3 class=\"\" data-start=\"365\" data-end=\"388\"><strong data-start=\"369\" data-end=\"386\">Caract\u00e9ristiques principales :<\/strong><\/h3>\n<p class=\"\" data-start=\"389\" data-end=\"1038\">\u2705 <strong data-start=\"391\" data-end=\"421\">Mesures \u00e0 haute fr\u00e9quence<\/strong> - Prise en charge de la gamme ultra-rapide de 100Hz \u00e0 3000Hz, garantissant une sortie de donn\u00e9es rapide et stable.<br data-start=\"516\" data-end=\"519\" \/>\u2705 <strong data-start=\"521\" data-end=\"551\" data-is-only-node=\"\">Pr\u00e9cision au niveau du millim\u00e8tre<\/strong> - Fournit des relev\u00e9s de distance tr\u00e8s pr\u00e9cis pour l'automatisation industrielle et la m\u00e9canique de pr\u00e9cision.<br data-start=\"649\" data-end=\"652\" \/>\u2705 <strong data-start=\"654\" data-end=\"688\">Bo\u00eetier durable en alliage d'aluminium<\/strong> - La coque m\u00e9tallique offre une durabilit\u00e9, une stabilit\u00e9 et une r\u00e9sistance sup\u00e9rieures aux impacts externes.<br data-start=\"787\" data-end=\"790\" \/>\u2705 <strong data-start=\"792\" data-end=\"819\">R\u00e9sistant aux \u00e9claboussures et \u00e0 la poussi\u00e8re<\/strong> - Con\u00e7ue pour les environnements difficiles, elle offre une protection solide contre la poussi\u00e8re et l'eau.<br data-start=\"911\" data-end=\"914\" \/>\u2705 <strong data-start=\"916\" data-end=\"953\">Interfaces de communication multiples<\/strong> - Prend en charge les interfaces USART, RS485 et RS232 pour une int\u00e9gration transparente du syst\u00e8me.<\/p>\n<p class=\"\" data-start=\"1040\" data-end=\"1244\">Id\u00e9al pour l'automatisation industrielle, la robotique, la logistique et les applications de positionnement, ce capteur de distance laser \u00e0 temps de vol offre une vitesse, une pr\u00e9cision et une fiabilit\u00e9 in\u00e9gal\u00e9es dans la mesure des distances.<\/p>\n<h3>Comparaison des produits<\/h3>\n<p><img data-dominant-color=\"eceeee\" data-has-transparency=\"false\" style=\"--dominant-color: #eceeee;\" fetchpriority=\"high\" decoding=\"async\" class=\"wp-image-4283 size-large alignnone not-transparent\" src=\"https:\/\/meskernel.net\/wp-content\/uploads\/2025\/04\/High-Frequency-Ranging-Sensor-Module-1024x781.webp\" alt=\"Module de capteur de t\u00e9l\u00e9m\u00e9trie \u00e0 haute fr\u00e9quence\" width=\"1024\" height=\"781\" srcset=\"https:\/\/meskernel.net\/wp-content\/uploads\/2025\/04\/High-Frequency-Ranging-Sensor-Module-1024x781.webp 1024w, https:\/\/meskernel.net\/wp-content\/uploads\/2025\/04\/High-Frequency-Ranging-Sensor-Module-300x229.webp 300w, https:\/\/meskernel.net\/wp-content\/uploads\/2025\/04\/High-Frequency-Ranging-Sensor-Module-768x586.webp 768w, https:\/\/meskernel.net\/wp-content\/uploads\/2025\/04\/High-Frequency-Ranging-Sensor-Module-1536x1172.webp 1536w, https:\/\/meskernel.net\/wp-content\/uploads\/2025\/04\/High-Frequency-Ranging-Sensor-Module-400x305.webp 400w, https:\/\/meskernel.net\/wp-content\/uploads\/2025\/04\/High-Frequency-Ranging-Sensor-Module.webp 1796w\" sizes=\"(max-width: 1024px) 100vw, 1024px\" \/><\/p>\n<h3 data-start=\"1046\" data-end=\"1070\"><\/h3>\n<h3 class=\"\" data-start=\"1046\" data-end=\"1070\"><strong data-start=\"1050\" data-end=\"1068\">Pourquoi nous choisir ?<\/strong><\/h3>\n<p class=\"\" data-start=\"1071\" data-end=\"1716\">En tant que professionnel <a href=\"https:\/\/www.globalsources.com\/chengdu-meskernel\/showroom_6002100157315.htm\" target=\"_blank\" rel=\"noopener\">fabricant de capteurs de distance laser<\/a>Nous proposons des services de personnalisation OEM et ODM pour r\u00e9pondre aux exigences sp\u00e9cifiques de vos applications. Contrairement aux solutions standard, nous offrons :<br data-start=\"1261\" data-end=\"1264\" \/>\u2714 <strong data-start=\"1266\" data-end=\"1293\">Param\u00e8tres personnalisables<\/strong> - Ajustez la fr\u00e9quence, le d\u00e9bit en bauds, la plage de mesure et d'autres param\u00e8tres pour r\u00e9pondre aux besoins de votre projet.<br data-start=\"1387\" data-end=\"1390\" \/>\u2714 <strong data-start=\"1392\" data-end=\"1428\">Protocoles de communication flexibles<\/strong> - Adaptez le capteur pour qu'il s'int\u00e8gre parfaitement \u00e0 votre syst\u00e8me existant.<br data-start=\"1499\" data-end=\"1502\" \/>\u2714 <strong data-start=\"1504\" data-end=\"1530\">Prix directs d'usine<\/strong> - Appr\u00e9ciez <strong data-start=\"1539\" data-end=\"1557\">rentable<\/strong> des solutions sans majoration de prix des interm\u00e9diaires.<br data-start=\"1594\" data-end=\"1597\" \/>\u2714 <strong data-start=\"1599\" data-end=\"1633\">Support technique professionnel<\/strong> - Notre \u00e9quipe exp\u00e9riment\u00e9e de R&amp;D garantit des performances optimales et une r\u00e9solution rapide des probl\u00e8mes.<\/p>\n<p class=\"\" data-start=\"1718\" data-end=\"1961\">Avec plus de 20 ans d'exp\u00e9rience dans la technologie de mesure laser, nous fournissons des solutions personnalis\u00e9es de haute qualit\u00e9 qui am\u00e9liorent l'efficacit\u00e9 et la pr\u00e9cision des applications industrielles. Contactez-nous d\u00e8s aujourd'hui pour discuter de vos besoins sp\u00e9cifiques !<a href=\"https:\/\/meskernel.net\/fr\/telecharger\/\"><strong>T\u00e9l\u00e9charger notre manuel d'utilisation<\/strong><\/a><\/p>\n<h3 data-start=\"177\" data-end=\"228\">FAQ - Capteur de distance laser \u00e0 temps de vol<\/h3>\n<h5 data-start=\"230\" data-end=\"290\">1. Qu'est-ce qu'un capteur de distance laser \u00e0 temps de vol (ToF) ?<\/h5>\n<p class=\"\" data-start=\"291\" data-end=\"606\">Un capteur de distance laser \u00e0 temps de vol (ToF) mesure la distance en calculant le temps n\u00e9cessaire \u00e0 un faisceau laser pour atteindre une cible et revenir. Cette m\u00e9thode fournit des mesures de distance rapides, pr\u00e9cises et fiables, ce qui la rend id\u00e9ale pour l'automatisation industrielle, la robotique et les applications de surveillance de pr\u00e9cision.<\/p>\n<hr class=\"\" data-start=\"608\" data-end=\"611\" \/>\n<h5 data-start=\"613\" data-end=\"702\">2. Quelle est la plage de mesure de votre capteur de distance laser \u00e0 temps de vol 1000Hz ?<\/h5>\n<p class=\"\" data-start=\"703\" data-end=\"864\">Notre capteur prend en charge une plage de mesure de 0,2 m\u00e8tre \u00e0 25 m\u00e8tres, ce qui garantit des performances pr\u00e9cises pour les applications industrielles \u00e0 courte et moyenne port\u00e9e.<\/p>\n<hr class=\"\" data-start=\"866\" data-end=\"869\" \/>\n<h5 data-start=\"871\" data-end=\"925\">3. Quelle est la pr\u00e9cision de la mesure de la distance par laser ?<\/h5>\n<p class=\"\" data-start=\"926\" data-end=\"1106\">Ce capteur offre une pr\u00e9cision de l'ordre du millim\u00e8tre, ce qui le rend particuli\u00e8rement adapt\u00e9 aux environnements exigeants en termes de pr\u00e9cision, tels que la fabrication, les syst\u00e8mes d'inspection et le contr\u00f4le automatis\u00e9.<\/p>\n<hr class=\"\" data-start=\"1746\" data-end=\"1749\" \/>\n<h5 data-start=\"1751\" data-end=\"1802\">4. Quelles sont les interfaces de communication prises en charge ?<\/h5>\n<p class=\"\" data-start=\"1803\" data-end=\"2013\">Notre capteur de distance laser \u00e0 temps de vol 1000Hz prend en charge les interfaces USART, RS485 et RS232, ce qui permet une int\u00e9gration facile et flexible dans les syst\u00e8mes de contr\u00f4le industriel, les API et les plateformes IoT existants.<\/p>\n<hr class=\"\" data-start=\"2015\" data-end=\"2018\" \/>\n<h5 data-start=\"2020\" data-end=\"2096\">5. La fr\u00e9quence, la vitesse de transmission et la port\u00e9e du capteur laser peuvent-elles \u00eatre personnalis\u00e9es ?<\/h5>\n<p class=\"\" data-start=\"2097\" data-end=\"2293\">Oui. En tant que fabricant, nous proposons des solutions personnalisables, y compris une fr\u00e9quence d'\u00e9chantillonnage, un d\u00e9bit en bauds et une plage de mesure r\u00e9glables afin de r\u00e9pondre parfaitement aux besoins sp\u00e9cifiques de votre projet.<\/p>\n<p class=\"\" data-start=\"3185\" data-end=\"3227\">","protected":false},"excerpt":{"rendered":"<p>Notre d\u00e9tecteur de distance laser \u00e0 temps de vol offre une port\u00e9e de 0,2 \u00e0 25 m avec une fr\u00e9quence ultra-\u00e9lev\u00e9e de 100 \u00e0 3 000 Hz et une pr\u00e9cision de l'ordre du millim\u00e8tre. Log\u00e9 dans un bo\u00eetier robuste en alliage d'aluminium, il est \u00e9tanche \u00e0 la poussi\u00e8re et aux \u00e9claboussures, ce qui garantit des performances fiables dans des environnements industriels exigeants. Prenant en charge les interfaces USART, RS485 et RS232, ce capteur de distance laser \u00e0 temps de vol de 1000 Hz s'int\u00e8gre facilement dans divers syst\u00e8mes. En tant que fabricant, nous proposons \u00e9galement des options personnalisables telles que le r\u00e9glage de la fr\u00e9quence, de la vitesse de transmission et de la plage de mesure afin de r\u00e9pondre aux exigences sp\u00e9cifiques des applications.<\/p>","protected":false},"featured_media":4279,"template":"","meta":{"site-sidebar-layout":"default","site-content-layout":"","ast-site-content-layout":"default","site-content-style":"default","site-sidebar-style":"default","ast-global-header-display":"","ast-banner-title-visibility":"","ast-main-header-display":"","ast-hfb-above-header-display":"","ast-hfb-below-header-display":"","ast-hfb-mobile-header-display":"","site-post-title":"","ast-breadcrumbs-content":"","ast-featured-img":"","footer-sml-layout":"","ast-disable-related-posts":"","theme-transparent-header-meta":"default","adv-header-id-meta":"","stick-header-meta":"","header-above-stick-meta":"","header-main-stick-meta":"","header-below-stick-meta":"","astra-migrate-meta-layouts":"set","ast-page-background-enabled":"default","ast-page-background-meta":{"desktop":{"background-color":"var(--ast-global-color-4)","background-image":"","background-repeat":"repeat","background-position":"center center","background-size":"auto","background-attachment":"scroll","background-type":"","background-media":"","overlay-type":"","overlay-color":"","overlay-opacity":"","overlay-gradient":""},"tablet":{"background-color":"","background-image":"","background-repeat":"repeat","background-position":"center center","background-size":"auto","background-attachment":"scroll","background-type":"","background-media":"","overlay-type":"","overlay-color":"","overlay-opacity":"","overlay-gradient":""},"mobile":{"background-color":"","background-image":"","background-repeat":"repeat","background-position":"center center","background-size":"auto","background-attachment":"scroll","background-type":"","background-media":"","overlay-type":"","overlay-color":"","overlay-opacity":"","overlay-gradient":""}},"ast-content-background-meta":{"desktop":{"background-color":"var(--ast-global-color-5)","background-image":"","background-repeat":"repeat","background-position":"center center","background-size":"auto","background-attachment":"scroll","background-type":"","background-media":"","overlay-type":"","overlay-color":"","overlay-opacity":"","overlay-gradient":""},"tablet":{"background-color":"var(--ast-global-color-5)","background-image":"","background-repeat":"repeat","background-position":"center center","background-size":"auto","background-attachment":"scroll","background-type":"","background-media":"","overlay-type":"","overlay-color":"","overlay-opacity":"","overlay-gradient":""},"mobile":{"background-color":"var(--ast-global-color-5)","background-image":"","background-repeat":"repeat","background-position":"center center","background-size":"auto","background-attachment":"scroll","background-type":"","background-media":"","overlay-type":"","overlay-color":"","overlay-opacity":"","overlay-gradient":""}}},"product_brand":[60],"product_cat":[32,52],"product_tag":[],"class_list":{"0":"post-4278","1":"product","2":"type-product","3":"status-publish","4":"has-post-thumbnail","6":"product_brand-meskernel","7":"product_cat-high-frequency-ranging-sensor-module","8":"product_cat-phase-distance-sensor","9":"desktop-align-center","10":"tablet-align-left","11":"mobile-align-left","13":"first","14":"instock","15":"shipping-taxable","16":"product-type-simple"},"_links":{"self":[{"href":"https:\/\/meskernel.net\/fr\/wp-json\/wp\/v2\/product\/4278","targetHints":{"allow":["GET"]}}],"collection":[{"href":"https:\/\/meskernel.net\/fr\/wp-json\/wp\/v2\/product"}],"about":[{"href":"https:\/\/meskernel.net\/fr\/wp-json\/wp\/v2\/types\/product"}],"version-history":[{"count":0,"href":"https:\/\/meskernel.net\/fr\/wp-json\/wp\/v2\/product\/4278\/revisions"}],"wp:featuredmedia":[{"embeddable":true,"href":"https:\/\/meskernel.net\/fr\/wp-json\/wp\/v2\/media\/4279"}],"wp:attachment":[{"href":"https:\/\/meskernel.net\/fr\/wp-json\/wp\/v2\/media?parent=4278"}],"wp:term":[{"taxonomy":"product_brand","embeddable":true,"href":"https:\/\/meskernel.net\/fr\/wp-json\/wp\/v2\/product_brand?post=4278"},{"taxonomy":"product_cat","embeddable":true,"href":"https:\/\/meskernel.net\/fr\/wp-json\/wp\/v2\/product_cat?post=4278"},{"taxonomy":"product_tag","embeddable":true,"href":"https:\/\/meskernel.net\/fr\/wp-json\/wp\/v2\/product_tag?post=4278"}],"curies":[{"name":"wp","href":"https:\/\/api.w.org\/{rel}","templated":true}]}}