{"id":498,"date":"2024-11-12T17:34:11","date_gmt":"2024-11-12T09:34:11","guid":{"rendered":"https:\/\/meskernel.net\/?post_type=product&#038;p=498"},"modified":"2025-07-03T13:53:30","modified_gmt":"2025-07-03T05:53:30","slug":"module-de-distance-laser-phase","status":"publish","type":"product","link":"https:\/\/meskernel.net\/fr\/product\/phase-laser-distance-module\/","title":{"rendered":"Module compact de mesure de distance par laser \u00e0 phase de 60 m pour la mesure sans contact"},"content":{"rendered":"<p><strong>Module de mesure de distance par laser \u00e0 phase de haute pr\u00e9cision - Mesure de distance compacte, pr\u00e9cise et fiable<\/strong><\/p>\n<p>Le module de distance \u00e0 laser \u00e0 phase de haute pr\u00e9cision offre une pr\u00e9cision exceptionnelle dans un design compact, ce qui en fait le choix id\u00e9al pour une grande vari\u00e9t\u00e9 d'applications n\u00e9cessitant une mesure pr\u00e9cise de la distance. Avec une plage de mesure allant de 0,03 m\u00e8tre \u00e0 60 m\u00e8tres, ce module de d\u00e9tection de distance garantit des performances fiables pour les mesures \u00e0 courte et \u00e0 longue port\u00e9e. Fonctionnant dans une plage de fr\u00e9quences de 3 \u00e0 10 Hz, il garantit une collecte de donn\u00e9es rapide et r\u00e9active. Il s'agit donc d'une solution id\u00e9ale pour les applications en temps r\u00e9el o\u00f9 la pr\u00e9cision et la rapidit\u00e9 sont essentielles.<\/p>\n<figure id=\"attachment_2961\" aria-describedby=\"caption-attachment-2961\" style=\"width: 1080px\" class=\"wp-caption aligncenter\"><img fetchpriority=\"high\" decoding=\"async\" class=\"wp-image-2961 size-full\" title=\"Module de distance laser de phase\" src=\"https:\/\/meskernel.net\/wp-content\/uploads\/2024\/11\/Phase-Laser-Distance-Module.jpg\" alt=\"Module de distance laser de phase\" width=\"1080\" height=\"300\" srcset=\"https:\/\/meskernel.net\/wp-content\/uploads\/2024\/11\/Phase-Laser-Distance-Module.jpg 1080w, https:\/\/meskernel.net\/wp-content\/uploads\/2024\/11\/Phase-Laser-Distance-Module-300x83.jpg 300w, https:\/\/meskernel.net\/wp-content\/uploads\/2024\/11\/Phase-Laser-Distance-Module-1024x284.jpg 1024w, https:\/\/meskernel.net\/wp-content\/uploads\/2024\/11\/Phase-Laser-Distance-Module-768x213.jpg 768w, https:\/\/meskernel.net\/wp-content\/uploads\/2024\/11\/Phase-Laser-Distance-Module-400x111.jpg 400w\" sizes=\"(max-width: 1080px) 100vw, 1080px\" \/><figcaption id=\"caption-attachment-2961\" class=\"wp-caption-text\">Module de distance laser de phase<\/figcaption><\/figure>\n<h3>Caract\u00e9ristiques principales du module de distance laser de phase :<\/h3>\n<ul>\n<li><strong>Options de grande distance<\/strong><br \/>\nLarge gamme de distances s\u00e9lectionnables, ce qui permet de l'utiliser pour diverses applications.<\/li>\n<li><strong>Vitesse de r\u00e9ponse rapide<\/strong><br \/>\nCapacit\u00e9s d'acquisition rapide des donn\u00e9es, permettant d'effectuer des mesures de distance en quelques millisecondes.<\/li>\n<li><strong>Interfaces de communication multiples<\/strong><br \/>\nLa prise en charge de diverses interfaces et protocoles de communication, notamment RS232, RS485, Bluetooth, Modbus et UART, facilite l'int\u00e9gration avec les syst\u00e8mes de contr\u00f4le ou de donn\u00e9es existants.<\/li>\n<li><strong>Haute pr\u00e9cision de mesure<\/strong><br \/>\nAvec une pr\u00e9cision de l'ordre du millim\u00e8tre, ce capteur r\u00e9pond aux exigences de haute pr\u00e9cision d'applications telles que la g\u00e9od\u00e9sie et l'ing\u00e9nierie de la construction.<\/li>\n<li><strong>Des performances stables<\/strong><br \/>\nLe capteur maintient une plage \u00e9troite de fluctuations de donn\u00e9es et pr\u00e9sente une faible erreur de r\u00e9p\u00e9tabilit\u00e9.<\/li>\n<li><strong>Mesure sans contact<\/strong><br \/>\nLe capteur est capable d'effectuer des mesures sans contact et convient \u00e0 la d\u00e9tection d'objets en mouvement, d'objets \u00e0 haute ou basse temp\u00e9rature, de liquides et d'objets de forme irr\u00e9guli\u00e8re.<\/li>\n<li><strong>Une pr\u00e9cision exceptionnelle pour des mesures fiables<\/strong>Lorsqu'il s'agit de mesurer la distance au moyen d'un laser, ce capteur excelle en offrant une pr\u00e9cision in\u00e9gal\u00e9e. Avec une pr\u00e9cision de \u00b1(5mm + D*(1\/10000)), il garantit des r\u00e9sultats fiables, m\u00eame \u00e0 de grandes distances. Que vous travailliez dans des syst\u00e8mes d'automatisation, la robotique ou des applications industrielles, vous pouvez compter sur ce capteur de distance pour obtenir des mesures pr\u00e9cises et coh\u00e9rentes \u00e0 chaque fois.<\/li>\n<li>\u00a0<strong style=\"font-size: 16px;\">Compact et facile \u00e0 int\u00e9grer<\/strong>Avec ses dimensions de 48x26x13 mm, ce t\u00e9l\u00e9m\u00e8tre laser compact est con\u00e7u pour s'int\u00e9grer parfaitement dans une grande vari\u00e9t\u00e9 de syst\u00e8mes, m\u00eame dans les espaces restreints. Sa petite taille lui conf\u00e8re une grande flexibilit\u00e9, ce qui facilite son int\u00e9gration dans les nouveaux syst\u00e8mes et les installations existantes. Qu'il s'agisse d'un nouveau projet d'automatisation ou de la mise \u00e0 niveau d'un syst\u00e8me industriel, ce module de capteur laser offre un processus d'int\u00e9gration sans probl\u00e8me, sans sacrifier les performances.<\/li>\n<li>\u00a0<strong style=\"font-size: 16px;\">Des performances fiables dans divers environnements<\/strong>Gr\u00e2ce \u00e0 sa technologie laser \u00e0 phase avanc\u00e9e, ce dispositif de mesure de la distance offre des performances stables et fiables dans un large \u00e9ventail d'environnements. Qu'il soit utilis\u00e9 dans des laboratoires de recherche, des machines industrielles ou des installations ext\u00e9rieures, ce capteur fournit toujours des mesures pr\u00e9cises. Il est con\u00e7u pour fonctionner dans des conditions difficiles, offrant une fiabilit\u00e9 et une pr\u00e9cision durables, quel que soit l'endroit o\u00f9 vous le d\u00e9ployez.<\/li>\n<\/ul>\n<h3 class=\"text-title\"><span class=\"magic-22\">Interface PCI<\/span><\/h3>\n<div class=\"text-content\">Prise en charge de la transmission Bluetooth, interface TTL\/RS232\/RS485 trois-en-un, pour une transmission des donn\u00e9es plus efficace.<\/div>\n<div>\n<figure id=\"attachment_2965\" aria-describedby=\"caption-attachment-2965\" style=\"width: 751px\" class=\"wp-caption aligncenter\"><img decoding=\"async\" class=\"wp-image-2965 size-full\" title=\"Module de distance laser de phase\" src=\"https:\/\/meskernel.net\/wp-content\/uploads\/2024\/10\/ldk.jpg\" alt=\"Capteurs de d\u00e9placement \u00e0 laser\" width=\"751\" height=\"480\" srcset=\"https:\/\/meskernel.net\/wp-content\/uploads\/2024\/10\/ldk.jpg 751w, https:\/\/meskernel.net\/wp-content\/uploads\/2024\/10\/ldk-300x192.jpg 300w, https:\/\/meskernel.net\/wp-content\/uploads\/2024\/10\/ldk-400x256.jpg 400w\" sizes=\"(max-width: 751px) 100vw, 751px\" \/><figcaption id=\"caption-attachment-2965\" class=\"wp-caption-text\">Capteurs de d\u00e9placement \u00e0 laser<\/figcaption><\/figure>\n<\/div>\n<p>&nbsp;<\/p>\n<p><strong>Pourquoi les acheteurs en gros choisissent-ils ce module de distance laser \u00e0 phase ?<\/strong><\/p>\n<p>Pour les entreprises qui souhaitent acheter des capteurs de distance laser en grandes quantit\u00e9s, le t\u00e9l\u00e9m\u00e8tre laser offre une grande pr\u00e9cision, des vitesses de mesure rapides et une grande durabilit\u00e9. Gr\u00e2ce \u00e0 sa flexibilit\u00e9 et \u00e0 sa taille compacte, il convient \u00e0 diverses applications, notamment dans les domaines de l'automatisation, de la robotique et des syst\u00e8mes de mesure industriels. Que vous ayez besoin d'un seul capteur ou de centaines, ce dispositif de mesure de la distance offre des solutions rentables et fiables qui r\u00e9pondront aux exigences de votre entreprise.<\/p>\n<p>En r\u00e9sum\u00e9, le module de distance laser \u00e0 phase de haute pr\u00e9cision offre un \u00e9quilibre parfait entre pr\u00e9cision, vitesse et compacit\u00e9. Que vous travailliez sur un projet d'automatisation, que vous ayez besoin d'une d\u00e9tection robotique pr\u00e9cise ou que vous construisiez un syst\u00e8me de mesure industriel, ce module de capteur laser est le choix id\u00e9al. Il est facile \u00e0 int\u00e9grer, offre des performances in\u00e9gal\u00e9es et est con\u00e7u pour durer. Gr\u00e2ce \u00e0 sa technologie avanc\u00e9e et \u00e0 sa polyvalence, vous pouvez compter sur des mesures pr\u00e9cises pendant des ann\u00e9es.<\/p>","protected":false},"excerpt":{"rendered":"<p><strong style=\"font-size: 16px;\">Compact et facile \u00e0 int\u00e9grer :<\/strong>D'une taille de 48x26x13 mm seulement, cette <strong>Module de distance laser de phase<\/strong> est con\u00e7u pour s'int\u00e9grer de mani\u00e8re transparente dans une vari\u00e9t\u00e9 de syst\u00e8mes, m\u00eame dans les espaces o\u00f9 la place est limit\u00e9e. Son faible encombrement lui conf\u00e8re une grande souplesse, ce qui facilite son int\u00e9gration dans les nouveaux syst\u00e8mes comme dans les installations existantes. Qu'il s'agisse d'un nouveau projet d'automatisation ou de la mise \u00e0 niveau d'un syst\u00e8me industriel, ce module de capteur laser offre un processus d'int\u00e9gration sans probl\u00e8me, sans sacrifier les performances.<\/p>","protected":false},"featured_media":2208,"template":"","meta":{"site-sidebar-layout":"default","site-content-layout":"","ast-site-content-layout":"default","site-content-style":"default","site-sidebar-style":"default","ast-global-header-display":"","ast-banner-title-visibility":"","ast-main-header-display":"","ast-hfb-above-header-display":"","ast-hfb-below-header-display":"","ast-hfb-mobile-header-display":"","site-post-title":"","ast-breadcrumbs-content":"","ast-featured-img":"","footer-sml-layout":"","ast-disable-related-posts":"","theme-transparent-header-meta":"default","adv-header-id-meta":"","stick-header-meta":"","header-above-stick-meta":"","header-main-stick-meta":"","header-below-stick-meta":"","astra-migrate-meta-layouts":"set","ast-page-background-enabled":"default","ast-page-background-meta":{"desktop":{"background-color":"var(--ast-global-color-4)","background-image":"","background-repeat":"repeat","background-position":"center center","background-size":"auto","background-attachment":"scroll","background-type":"","background-media":"","overlay-type":"","overlay-color":"","overlay-opacity":"","overlay-gradient":""},"tablet":{"background-color":"","background-image":"","background-repeat":"repeat","background-position":"center center","background-size":"auto","background-attachment":"scroll","background-type":"","background-media":"","overlay-type":"","overlay-color":"","overlay-opacity":"","overlay-gradient":""},"mobile":{"background-color":"","background-image":"","background-repeat":"repeat","background-position":"center center","background-size":"auto","background-attachment":"scroll","background-type":"","background-media":"","overlay-type":"","overlay-color":"","overlay-opacity":"","overlay-gradient":""}},"ast-content-background-meta":{"desktop":{"background-color":"var(--ast-global-color-5)","background-image":"","background-repeat":"repeat","background-position":"center center","background-size":"auto","background-attachment":"scroll","background-type":"","background-media":"","overlay-type":"","overlay-color":"","overlay-opacity":"","overlay-gradient":""},"tablet":{"background-color":"var(--ast-global-color-5)","background-image":"","background-repeat":"repeat","background-position":"center center","background-size":"auto","background-attachment":"scroll","background-type":"","background-media":"","overlay-type":"","overlay-color":"","overlay-opacity":"","overlay-gradient":""},"mobile":{"background-color":"var(--ast-global-color-5)","background-image":"","background-repeat":"repeat","background-position":"center center","background-size":"auto","background-attachment":"scroll","background-type":"","background-media":"","overlay-type":"","overlay-color":"","overlay-opacity":"","overlay-gradient":""}}},"product_brand":[60],"product_cat":[51],"product_tag":[],"class_list":{"0":"post-498","1":"product","2":"type-product","3":"status-publish","4":"has-post-thumbnail","6":"product_brand-meskernel","7":"product_cat-laser-distance-sensor","8":"desktop-align-center","9":"tablet-align-left","10":"mobile-align-left","12":"first","13":"instock","14":"shipping-taxable","15":"product-type-simple"},"_links":{"self":[{"href":"https:\/\/meskernel.net\/fr\/wp-json\/wp\/v2\/product\/498","targetHints":{"allow":["GET"]}}],"collection":[{"href":"https:\/\/meskernel.net\/fr\/wp-json\/wp\/v2\/product"}],"about":[{"href":"https:\/\/meskernel.net\/fr\/wp-json\/wp\/v2\/types\/product"}],"version-history":[{"count":0,"href":"https:\/\/meskernel.net\/fr\/wp-json\/wp\/v2\/product\/498\/revisions"}],"wp:featuredmedia":[{"embeddable":true,"href":"https:\/\/meskernel.net\/fr\/wp-json\/wp\/v2\/media\/2208"}],"wp:attachment":[{"href":"https:\/\/meskernel.net\/fr\/wp-json\/wp\/v2\/media?parent=498"}],"wp:term":[{"taxonomy":"product_brand","embeddable":true,"href":"https:\/\/meskernel.net\/fr\/wp-json\/wp\/v2\/product_brand?post=498"},{"taxonomy":"product_cat","embeddable":true,"href":"https:\/\/meskernel.net\/fr\/wp-json\/wp\/v2\/product_cat?post=498"},{"taxonomy":"product_tag","embeddable":true,"href":"https:\/\/meskernel.net\/fr\/wp-json\/wp\/v2\/product_tag?post=498"}],"curies":[{"name":"wp","href":"https:\/\/api.w.org\/{rel}","templated":true}]}}