{"id":5201,"date":"2025-07-30T14:31:28","date_gmt":"2025-07-30T06:31:28","guid":{"rendered":"https:\/\/meskernel.net\/?post_type=product&#038;p=5201"},"modified":"2025-07-30T14:32:59","modified_gmt":"2025-07-30T06:32:59","slug":"jumelles-avec-telemetre-laser","status":"publish","type":"product","link":"https:\/\/meskernel.net\/fr\/product\/binocular-with-laser-rangefinder\/","title":{"rendered":"Factory Direct Supply - Jumelles \u00e9tanches haute puissance HD avec t\u00e9l\u00e9m\u00e8tre laser, vision nocturne et affichage des coordonn\u00e9es pour l'ext\u00e9rieur"},"content":{"rendered":"<p data-start=\"234\" data-end=\"382\">Cette jumelle \u00e9tanche haute performance avec <a href=\"https:\/\/meskernel.net\/fr\/product\/golf-rangefinder-sensor\/\">T\u00e9l\u00e9m\u00e8tre laser<\/a>, vous permettant de mesurer avec pr\u00e9cision les distances tout en profitant d'images d'une clart\u00e9 cristalline. Que vous fassiez de la randonn\u00e9e en montagne, que vous naviguiez dans la nature ou que vous chassiez dans des conditions de faible luminosit\u00e9, cet appareil robuste est con\u00e7u pour fonctionner.<\/p>\n<h2 data-start=\"543\" data-end=\"601\"><strong data-start=\"549\" data-end=\"599\">Pourquoi choisir des jumelles avec t\u00e9l\u00e9m\u00e8tre laser ?<\/strong><\/h2>\n<p data-start=\"602\" data-end=\"760\">Les jumelles avec t\u00e9l\u00e9m\u00e8tre laser combinent les fonctions de mesure des distances et d'observation haute d\u00e9finition en un seul outil compact. Il vous permet de :<\/p>\n<ul data-start=\"761\" data-end=\"982\">\n<li data-start=\"761\" data-end=\"816\">\n<p data-start=\"763\" data-end=\"816\">D\u00e9terminez instantan\u00e9ment la distance exacte de votre cible<\/p>\n<\/li>\n<li data-start=\"817\" data-end=\"857\">\n<p data-start=\"819\" data-end=\"857\">Surveiller les objets en mouvement \u00e0 l'aide du mode balayage<\/p>\n<\/li>\n<li data-start=\"858\" data-end=\"930\">\n<p data-start=\"860\" data-end=\"930\">Am\u00e9liorer la pr\u00e9cision lors d'activit\u00e9s de plein air telles que la chasse ou l'arpentage<\/p>\n<\/li>\n<li data-start=\"931\" data-end=\"982\">\n<p data-start=\"933\" data-end=\"982\">R\u00e9duire la n\u00e9cessit\u00e9 de transporter des instruments distincts<\/p>\n<\/li>\n<\/ul>\n<p data-start=\"984\" data-end=\"1100\">Cette jumelle multifonctionnelle est id\u00e9ale pour les professionnels et les passionn\u00e9s \u00e0 la recherche de performances fiables sur le terrain.<\/p>\n<p data-start=\"530\" data-end=\"844\"><strong data-start=\"530\" data-end=\"564\">Con\u00e7u pour les environnements extr\u00eames<\/strong><br data-start=\"564\" data-end=\"567\" \/>Avec une conception \u00e9tanche et antibu\u00e9e IP67, cette jumelle est scell\u00e9e et remplie d'azote pour emp\u00eacher l'humidit\u00e9 ou les d\u00e9bris de p\u00e9n\u00e9trer dans la structure interne. Qu'il s'agisse de fortes pluies, de glace de mer ou de gel, l'image reste claire et fiable, r\u00e9pondant aux exigences de tous les d\u00e9fis ext\u00e9rieurs.<\/p>\n<p data-start=\"234\" data-end=\"382\">\ud83d\udd0d <strong data-start=\"237\" data-end=\"281\">Vision HD grand angle - Clart\u00e9 illimit\u00e9e<\/strong><br data-start=\"281\" data-end=\"284\" \/>B\u00e9n\u00e9ficiez de vues ultra-claires gr\u00e2ce \u00e0 la t\u00e9l\u00e9m\u00e9trie laser HD 10x, parfaite pour l'observation \u00e0 longue distance.<\/p>\n<p data-start=\"234\" data-end=\"382\"><img data-dominant-color=\"788789\" data-has-transparency=\"false\" style=\"--dominant-color: #788789;\" fetchpriority=\"high\" decoding=\"async\" class=\"wp-image-5203 size-full aligncenter not-transparent\" src=\"https:\/\/meskernel.net\/wp-content\/uploads\/2025\/07\/Venture-rangefinder-1.webp\" alt=\"T\u00e9l\u00e9m\u00e8tre Venture (1)\" width=\"800\" height=\"1330\" srcset=\"https:\/\/meskernel.net\/wp-content\/uploads\/2025\/07\/Venture-rangefinder-1.webp 800w, https:\/\/meskernel.net\/wp-content\/uploads\/2025\/07\/Venture-rangefinder-1-180x300.webp 180w, https:\/\/meskernel.net\/wp-content\/uploads\/2025\/07\/Venture-rangefinder-1-616x1024.webp 616w, https:\/\/meskernel.net\/wp-content\/uploads\/2025\/07\/Venture-rangefinder-1-768x1277.webp 768w, https:\/\/meskernel.net\/wp-content\/uploads\/2025\/07\/Venture-rangefinder-1-7x12.webp 7w, https:\/\/meskernel.net\/wp-content\/uploads\/2025\/07\/Venture-rangefinder-1-400x665.webp 400w\" sizes=\"(max-width: 800px) 100vw, 800px\" \/><\/p>\n<p data-start=\"384\" data-end=\"405\">\ud83d\udee0\ufe0f <strong data-start=\"388\" data-end=\"405\">Caract\u00e9ristiques principales :<\/strong><\/p>\n<ul data-start=\"406\" data-end=\"980\">\n<li data-start=\"406\" data-end=\"486\">\n<p data-start=\"408\" data-end=\"486\">\ud83d\udd39 <strong data-start=\"411\" data-end=\"429\">T\u00e9l\u00e9m\u00e9trie laser :<\/strong> Mesure pr\u00e9cise de la distance par simple pression d'un bouton<\/p>\n<\/li>\n<li data-start=\"487\" data-end=\"553\">\n<p data-start=\"489\" data-end=\"553\">\ud83d\udd39 <strong data-start=\"492\" data-end=\"513\">Scanning Ranging :<\/strong> Mesure continue pendant le balayage<\/p>\n<\/li>\n<li data-start=\"554\" data-end=\"625\">\n<p data-start=\"556\" data-end=\"625\">\ud83d\udd39 <strong data-start=\"559\" data-end=\"580\">Zoom optique 10x :<\/strong> Fort grossissement pour une meilleure visibilit\u00e9<\/p>\n<\/li>\n<li data-start=\"626\" data-end=\"698\">\n<p data-start=\"628\" data-end=\"698\">\ud83d\udd39 <strong data-start=\"631\" data-end=\"655\">Mesure pr\u00e9cise :<\/strong> Pr\u00e9cision pour les activit\u00e9s de plein air<\/p>\n<\/li>\n<li data-start=\"699\" data-end=\"774\">\n<p data-start=\"701\" data-end=\"774\">\ud83d\udd39 <strong data-start=\"704\" data-end=\"732\">Rev\u00eatement multicouche large :<\/strong> Am\u00e9lioration de la transmission de la lumi\u00e8re et de la clart\u00e9<\/p>\n<\/li>\n<li data-start=\"775\" data-end=\"831\">\n<p data-start=\"777\" data-end=\"831\">\ud83d\udd39 <strong data-start=\"780\" data-end=\"795\">Prisme BAK4 :<\/strong> Des images plus lumineuses et plus nettes<\/p>\n<\/li>\n<li data-start=\"832\" data-end=\"906\">\n<p data-start=\"834\" data-end=\"906\">\ud83d\udd39 <strong data-start=\"837\" data-end=\"869\">Alliage de magn\u00e9sium Corps du r\u00e9troviseur :<\/strong> L\u00e9ger mais solide et durable<\/p>\n<\/li>\n<li data-start=\"907\" data-end=\"980\">\n<p data-start=\"909\" data-end=\"980\">\ud83d\udd39 <strong data-start=\"912\" data-end=\"931\">Optique Full HD :<\/strong> Qualit\u00e9 d'image cristalline pour une utilisation professionnelle<\/p>\n<\/li>\n<\/ul>\n<p data-start=\"982\" data-end=\"1030\">\ud83c\udf27\ufe0f <strong data-start=\"986\" data-end=\"1028\">\u00c9tanch\u00e9it\u00e9 IP67, anti-brouillard, anti-poussi\u00e8re<\/strong><\/p>\n<ul data-start=\"1031\" data-end=\"1268\">\n<li data-start=\"1031\" data-end=\"1115\">\n<p data-start=\"1033\" data-end=\"1115\">Con\u00e7u pour des conditions ext\u00e9rieures difficiles : montagne, pluie, brouillard, glace de mer et givre.<\/p>\n<\/li>\n<li data-start=\"1116\" data-end=\"1191\">\n<p data-start=\"1118\" data-end=\"1191\"><strong data-start=\"1118\" data-end=\"1149\">Tube scell\u00e9 rempli d'azote<\/strong> garde les composants internes \u00e0 l'abri et au sec.<\/p>\n<\/li>\n<li data-start=\"1192\" data-end=\"1268\">\n<p data-start=\"1194\" data-end=\"1268\">Des performances fiables par tous les temps, qui prolongent la dur\u00e9e de vie du produit.<\/p>\n<\/li>\n<\/ul>\n<p data-start=\"1270\" data-end=\"1421\">\ud83d\udce6 <strong data-start=\"1273\" data-end=\"1287\">Id\u00e9al pour :<\/strong><br data-start=\"1287\" data-end=\"1290\" \/>Randonn\u00e9e, chasse, observation de la faune et de la flore, camping, navigation maritime et sports de plein air n\u00e9cessitant des mesures pr\u00e9cises sur de longues distances.<\/p>\n<p data-start=\"234\" data-end=\"382\"><img data-dominant-color=\"c2c7c8\" data-has-transparency=\"false\" style=\"--dominant-color: #c2c7c8;\" decoding=\"async\" class=\"alignleft wp-image-5204 size-full not-transparent\" src=\"https:\/\/meskernel.net\/wp-content\/uploads\/2025\/07\/Venture-rangefinder-2.webp\" alt=\"T\u00e9l\u00e9m\u00e8tre Venture (2)\" width=\"800\" height=\"1211\" srcset=\"https:\/\/meskernel.net\/wp-content\/uploads\/2025\/07\/Venture-rangefinder-2.webp 800w, https:\/\/meskernel.net\/wp-content\/uploads\/2025\/07\/Venture-rangefinder-2-198x300.webp 198w, https:\/\/meskernel.net\/wp-content\/uploads\/2025\/07\/Venture-rangefinder-2-676x1024.webp 676w, https:\/\/meskernel.net\/wp-content\/uploads\/2025\/07\/Venture-rangefinder-2-768x1163.webp 768w, https:\/\/meskernel.net\/wp-content\/uploads\/2025\/07\/Venture-rangefinder-2-8x12.webp 8w, https:\/\/meskernel.net\/wp-content\/uploads\/2025\/07\/Venture-rangefinder-2-400x606.webp 400w\" sizes=\"(max-width: 800px) 100vw, 800px\" \/> <img data-dominant-color=\"cdd0d4\" data-has-transparency=\"false\" style=\"--dominant-color: #cdd0d4;\" decoding=\"async\" class=\"alignleft wp-image-5205 size-full not-transparent\" src=\"https:\/\/meskernel.net\/wp-content\/uploads\/2025\/07\/Venture-rangefinder-3.webp\" alt=\"T\u00e9l\u00e9m\u00e8tre Venture (3)\" width=\"800\" height=\"1145\" srcset=\"https:\/\/meskernel.net\/wp-content\/uploads\/2025\/07\/Venture-rangefinder-3.webp 800w, https:\/\/meskernel.net\/wp-content\/uploads\/2025\/07\/Venture-rangefinder-3-210x300.webp 210w, https:\/\/meskernel.net\/wp-content\/uploads\/2025\/07\/Venture-rangefinder-3-715x1024.webp 715w, https:\/\/meskernel.net\/wp-content\/uploads\/2025\/07\/Venture-rangefinder-3-768x1099.webp 768w, https:\/\/meskernel.net\/wp-content\/uploads\/2025\/07\/Venture-rangefinder-3-8x12.webp 8w, https:\/\/meskernel.net\/wp-content\/uploads\/2025\/07\/Venture-rangefinder-3-400x573.webp 400w\" sizes=\"(max-width: 800px) 100vw, 800px\" \/> <img data-dominant-color=\"b8bdc0\" data-has-transparency=\"false\" style=\"--dominant-color: #b8bdc0;\" loading=\"lazy\" decoding=\"async\" class=\"alignleft wp-image-5206 size-full not-transparent\" src=\"https:\/\/meskernel.net\/wp-content\/uploads\/2025\/07\/Venture-rangefinder-4.webp\" alt=\"T\u00e9l\u00e9m\u00e8tre Venture (4)\" width=\"800\" height=\"1114\" srcset=\"https:\/\/meskernel.net\/wp-content\/uploads\/2025\/07\/Venture-rangefinder-4.webp 800w, https:\/\/meskernel.net\/wp-content\/uploads\/2025\/07\/Venture-rangefinder-4-215x300.webp 215w, https:\/\/meskernel.net\/wp-content\/uploads\/2025\/07\/Venture-rangefinder-4-735x1024.webp 735w, https:\/\/meskernel.net\/wp-content\/uploads\/2025\/07\/Venture-rangefinder-4-768x1069.webp 768w, https:\/\/meskernel.net\/wp-content\/uploads\/2025\/07\/Venture-rangefinder-4-9x12.webp 9w, https:\/\/meskernel.net\/wp-content\/uploads\/2025\/07\/Venture-rangefinder-4-400x557.webp 400w\" sizes=\"(max-width: 800px) 100vw, 800px\" \/> <img data-dominant-color=\"b3b5b8\" data-has-transparency=\"false\" style=\"--dominant-color: #b3b5b8;\" loading=\"lazy\" decoding=\"async\" class=\"alignleft wp-image-5207 size-full not-transparent\" src=\"https:\/\/meskernel.net\/wp-content\/uploads\/2025\/07\/Venture-rangefinder-5.webp\" alt=\"T\u00e9l\u00e9m\u00e8tre Venture (5)\" width=\"800\" height=\"1015\" srcset=\"https:\/\/meskernel.net\/wp-content\/uploads\/2025\/07\/Venture-rangefinder-5.webp 800w, https:\/\/meskernel.net\/wp-content\/uploads\/2025\/07\/Venture-rangefinder-5-236x300.webp 236w, https:\/\/meskernel.net\/wp-content\/uploads\/2025\/07\/Venture-rangefinder-5-768x974.webp 768w, https:\/\/meskernel.net\/wp-content\/uploads\/2025\/07\/Venture-rangefinder-5-9x12.webp 9w, https:\/\/meskernel.net\/wp-content\/uploads\/2025\/07\/Venture-rangefinder-5-400x508.webp 400w\" sizes=\"(max-width: 800px) 100vw, 800px\" \/> <img data-dominant-color=\"a6a7a7\" data-has-transparency=\"false\" style=\"--dominant-color: #a6a7a7;\" loading=\"lazy\" decoding=\"async\" class=\"alignleft wp-image-5208 size-full not-transparent\" src=\"https:\/\/meskernel.net\/wp-content\/uploads\/2025\/07\/Venture-rangefinder-6.webp\" alt=\"T\u00e9l\u00e9m\u00e8tre Venture (6)\" width=\"800\" height=\"990\" srcset=\"https:\/\/meskernel.net\/wp-content\/uploads\/2025\/07\/Venture-rangefinder-6.webp 800w, https:\/\/meskernel.net\/wp-content\/uploads\/2025\/07\/Venture-rangefinder-6-242x300.webp 242w, https:\/\/meskernel.net\/wp-content\/uploads\/2025\/07\/Venture-rangefinder-6-768x950.webp 768w, https:\/\/meskernel.net\/wp-content\/uploads\/2025\/07\/Venture-rangefinder-6-10x12.webp 10w, https:\/\/meskernel.net\/wp-content\/uploads\/2025\/07\/Venture-rangefinder-6-400x495.webp 400w\" sizes=\"(max-width: 800px) 100vw, 800px\" \/> <img data-dominant-color=\"8c9d9b\" data-has-transparency=\"false\" style=\"--dominant-color: #8c9d9b;\" loading=\"lazy\" decoding=\"async\" class=\"alignleft wp-image-5209 size-full not-transparent\" src=\"https:\/\/meskernel.net\/wp-content\/uploads\/2025\/07\/Venture-rangefinder-7.webp\" alt=\"T\u00e9l\u00e9m\u00e8tre Venture (7)\" width=\"800\" height=\"1163\" srcset=\"https:\/\/meskernel.net\/wp-content\/uploads\/2025\/07\/Venture-rangefinder-7.webp 800w, https:\/\/meskernel.net\/wp-content\/uploads\/2025\/07\/Venture-rangefinder-7-206x300.webp 206w, https:\/\/meskernel.net\/wp-content\/uploads\/2025\/07\/Venture-rangefinder-7-704x1024.webp 704w, https:\/\/meskernel.net\/wp-content\/uploads\/2025\/07\/Venture-rangefinder-7-768x1116.webp 768w, https:\/\/meskernel.net\/wp-content\/uploads\/2025\/07\/Venture-rangefinder-7-8x12.webp 8w, https:\/\/meskernel.net\/wp-content\/uploads\/2025\/07\/Venture-rangefinder-7-400x582.webp 400w\" sizes=\"(max-width: 800px) 100vw, 800px\" \/> <img data-dominant-color=\"9ab1bb\" data-has-transparency=\"false\" style=\"--dominant-color: #9ab1bb;\" loading=\"lazy\" decoding=\"async\" class=\"alignleft wp-image-5210 size-full not-transparent\" src=\"https:\/\/meskernel.net\/wp-content\/uploads\/2025\/07\/Venture-rangefinder-8.webp\" alt=\"T\u00e9l\u00e9m\u00e8tre Venture (8)\" width=\"800\" height=\"1503\" srcset=\"https:\/\/meskernel.net\/wp-content\/uploads\/2025\/07\/Venture-rangefinder-8.webp 800w, https:\/\/meskernel.net\/wp-content\/uploads\/2025\/07\/Venture-rangefinder-8-160x300.webp 160w, https:\/\/meskernel.net\/wp-content\/uploads\/2025\/07\/Venture-rangefinder-8-545x1024.webp 545w, https:\/\/meskernel.net\/wp-content\/uploads\/2025\/07\/Venture-rangefinder-8-768x1443.webp 768w, https:\/\/meskernel.net\/wp-content\/uploads\/2025\/07\/Venture-rangefinder-8-6x12.webp 6w, https:\/\/meskernel.net\/wp-content\/uploads\/2025\/07\/Venture-rangefinder-8-400x752.webp 400w\" sizes=\"(max-width: 800px) 100vw, 800px\" \/> <img data-dominant-color=\"a3b9c4\" data-has-transparency=\"false\" style=\"--dominant-color: #a3b9c4;\" loading=\"lazy\" decoding=\"async\" class=\"alignleft wp-image-5211 size-full not-transparent\" src=\"https:\/\/meskernel.net\/wp-content\/uploads\/2025\/07\/Venture-rangefinder-9.webp\" alt=\"T\u00e9l\u00e9m\u00e8tre Venture (9)\" width=\"800\" height=\"710\" srcset=\"https:\/\/meskernel.net\/wp-content\/uploads\/2025\/07\/Venture-rangefinder-9.webp 800w, https:\/\/meskernel.net\/wp-content\/uploads\/2025\/07\/Venture-rangefinder-9-300x266.webp 300w, https:\/\/meskernel.net\/wp-content\/uploads\/2025\/07\/Venture-rangefinder-9-768x682.webp 768w, https:\/\/meskernel.net\/wp-content\/uploads\/2025\/07\/Venture-rangefinder-9-14x12.webp 14w, https:\/\/meskernel.net\/wp-content\/uploads\/2025\/07\/Venture-rangefinder-9-400x355.webp 400w\" sizes=\"(max-width: 800px) 100vw, 800px\" \/><\/p>\n<p data-start=\"1270\" data-end=\"1421\">","protected":false},"excerpt":{"rendered":"<p>Jumelles \u00e9tanches 10x HD avec t\u00e9l\u00e9m\u00e8tre laser. int\u00e8grent une technologie avanc\u00e9e de t\u00e9l\u00e9m\u00e9trie laser, vous permettant de mesurer avec pr\u00e9cision les distances tout en profitant de visuels cristallins. Vue Full HD, conception antibu\u00e9e IP67, parfaite pour la chasse, la randonn\u00e9e, l'arpentage et les aventures en plein air.<\/p>","protected":false},"featured_media":5213,"template":"","meta":{"site-sidebar-layout":"default","site-content-layout":"","ast-site-content-layout":"default","site-content-style":"default","site-sidebar-style":"default","ast-global-header-display":"","ast-banner-title-visibility":"","ast-main-header-display":"","ast-hfb-above-header-display":"","ast-hfb-below-header-display":"","ast-hfb-mobile-header-display":"","site-post-title":"","ast-breadcrumbs-content":"","ast-featured-img":"","footer-sml-layout":"","ast-disable-related-posts":"","theme-transparent-header-meta":"default","adv-header-id-meta":"","stick-header-meta":"","header-above-stick-meta":"","header-main-stick-meta":"","header-below-stick-meta":"","astra-migrate-meta-layouts":"set","ast-page-background-enabled":"default","ast-page-background-meta":{"desktop":{"background-color":"var(--ast-global-color-4)","background-image":"","background-repeat":"repeat","background-position":"center center","background-size":"auto","background-attachment":"scroll","background-type":"","background-media":"","overlay-type":"","overlay-color":"","overlay-opacity":"","overlay-gradient":""},"tablet":{"background-color":"","background-image":"","background-repeat":"repeat","background-position":"center center","background-size":"auto","background-attachment":"scroll","background-type":"","background-media":"","overlay-type":"","overlay-color":"","overlay-opacity":"","overlay-gradient":""},"mobile":{"background-color":"","background-image":"","background-repeat":"repeat","background-position":"center center","background-size":"auto","background-attachment":"scroll","background-type":"","background-media":"","overlay-type":"","overlay-color":"","overlay-opacity":"","overlay-gradient":""}},"ast-content-background-meta":{"desktop":{"background-color":"var(--ast-global-color-5)","background-image":"","background-repeat":"repeat","background-position":"center center","background-size":"auto","background-attachment":"scroll","background-type":"","background-media":"","overlay-type":"","overlay-color":"","overlay-opacity":"","overlay-gradient":""},"tablet":{"background-color":"var(--ast-global-color-5)","background-image":"","background-repeat":"repeat","background-position":"center center","background-size":"auto","background-attachment":"scroll","background-type":"","background-media":"","overlay-type":"","overlay-color":"","overlay-opacity":"","overlay-gradient":""},"mobile":{"background-color":"var(--ast-global-color-5)","background-image":"","background-repeat":"repeat","background-position":"center center","background-size":"auto","background-attachment":"scroll","background-type":"","background-media":"","overlay-type":"","overlay-color":"","overlay-opacity":"","overlay-gradient":""}}},"product_brand":[],"product_cat":[29],"product_tag":[],"class_list":{"0":"post-5201","1":"product","2":"type-product","3":"status-publish","4":"has-post-thumbnail","6":"product_cat-laser-measurement-tool","7":"desktop-align-center","8":"tablet-align-left","9":"mobile-align-left","11":"first","12":"instock","13":"shipping-taxable","14":"product-type-simple"},"_links":{"self":[{"href":"https:\/\/meskernel.net\/fr\/wp-json\/wp\/v2\/product\/5201","targetHints":{"allow":["GET"]}}],"collection":[{"href":"https:\/\/meskernel.net\/fr\/wp-json\/wp\/v2\/product"}],"about":[{"href":"https:\/\/meskernel.net\/fr\/wp-json\/wp\/v2\/types\/product"}],"version-history":[{"count":0,"href":"https:\/\/meskernel.net\/fr\/wp-json\/wp\/v2\/product\/5201\/revisions"}],"wp:featuredmedia":[{"embeddable":true,"href":"https:\/\/meskernel.net\/fr\/wp-json\/wp\/v2\/media\/5213"}],"wp:attachment":[{"href":"https:\/\/meskernel.net\/fr\/wp-json\/wp\/v2\/media?parent=5201"}],"wp:term":[{"taxonomy":"product_brand","embeddable":true,"href":"https:\/\/meskernel.net\/fr\/wp-json\/wp\/v2\/product_brand?post=5201"},{"taxonomy":"product_cat","embeddable":true,"href":"https:\/\/meskernel.net\/fr\/wp-json\/wp\/v2\/product_cat?post=5201"},{"taxonomy":"product_tag","embeddable":true,"href":"https:\/\/meskernel.net\/fr\/wp-json\/wp\/v2\/product_tag?post=5201"}],"curies":[{"name":"wp","href":"https:\/\/api.w.org\/{rel}","templated":true}]}}