{"id":5683,"date":"2025-08-21T17:09:17","date_gmt":"2025-08-21T09:09:17","guid":{"rendered":"https:\/\/meskernel.net\/?post_type=product&#038;p=5683"},"modified":"2026-01-27T11:35:36","modified_gmt":"2026-01-27T03:35:36","slug":"capteur-de-distance-laser-10m","status":"publish","type":"product","link":"https:\/\/meskernel.net\/fr\/product\/10m-laser-distance-sensor\/","title":{"rendered":"LDL Capteur de distance laser 10m TTL vers USB avec 20Hz Classe II"},"content":{"rendered":"<div class=\"flex-shrink-0 flex flex-col relative items-end\">\n<div class=\"pt-0\">\n<div class=\"gizmo-bot-avatar flex h-8 w-8 items-center justify-center overflow-hidden rounded-full\">\n<p data-start=\"250\" data-end=\"569\">The LDL 10m Laser Distance Sensor is a high-precision and compact module designed for short-to-medium range measurement. Using indirect Time-of-Flight (iToF) technology, this 10m laser distance sensor module achieves millimeter-level accuracy and supports a fast response rate of up to 20Hz.<\/p>\n<p data-start=\"571\" data-end=\"813\">With its small size, low power consumption, and flexible communication options, the LDL is ideal for OEM\/ODM projects that require reliable and real-time distance measurement in robotics, automation, IoT, and consumer devices.<\/p>\n<\/div>\n<\/div>\n<\/div>\n<div class=\"group\/conversation-turn relative flex w-full min-w-0 flex-col agent-turn\">\n<div class=\"flex-col gap-1 md:gap-3\">\n<div class=\"flex max-w-full flex-col flex-grow\">\n<div class=\"min-h-8 text-message flex w-full flex-col items-end gap-2 whitespace-normal break-words [.text-message+&amp;]:mt-5\" dir=\"auto\" data-message-author-role=\"assistant\" data-message-id=\"c6b1e19e-927f-44f3-85d7-4ff5e3fa38f1\" data-message-model-slug=\"gpt-4o-mini\">\n<div class=\"flex w-full flex-col gap-1 empty:hidden first:pt-[3px]\">\n<div class=\"markdown prose w-full break-words dark:prose-invert light\">\n<figure id=\"attachment_2962\" aria-describedby=\"caption-attachment-2962\" style=\"width: 1080px\" class=\"wp-caption aligncenter\"><img fetchpriority=\"high\" decoding=\"async\" class=\"wp-image-2962 size-full\" title=\"Phase Laser Sensor Module\" src=\"https:\/\/meskernel.net\/wp-content\/uploads\/2024\/11\/Phase-Laser-Sensor-Module.jpg\" alt=\"Phase Laser Sensor Module\" width=\"1080\" height=\"300\" srcset=\"https:\/\/meskernel.net\/wp-content\/uploads\/2024\/11\/Phase-Laser-Sensor-Module.jpg 1080w, https:\/\/meskernel.net\/wp-content\/uploads\/2024\/11\/Phase-Laser-Sensor-Module-300x83.jpg 300w, https:\/\/meskernel.net\/wp-content\/uploads\/2024\/11\/Phase-Laser-Sensor-Module-1024x284.jpg 1024w, https:\/\/meskernel.net\/wp-content\/uploads\/2024\/11\/Phase-Laser-Sensor-Module-768x213.jpg 768w, https:\/\/meskernel.net\/wp-content\/uploads\/2024\/11\/Phase-Laser-Sensor-Module-400x111.jpg 400w\" sizes=\"(max-width: 1080px) 100vw, 1080px\" \/><figcaption id=\"caption-attachment-2962\" class=\"wp-caption-text\">Phase Laser Sensor Module<\/figcaption><\/figure>\n<hr data-start=\"815\" data-end=\"818\" \/>\n<h2 data-start=\"820\" data-end=\"870\">Key Features of the 10m Laser Distance Sensor<\/h2>\n<ul data-start=\"871\" data-end=\"1436\">\n<li data-start=\"871\" data-end=\"949\">\n<p data-start=\"873\" data-end=\"949\">Precise Measurement: Millimeter-level accuracy for stable performance.<\/p>\n<\/li>\n<li data-start=\"950\" data-end=\"1029\">\n<p data-start=\"952\" data-end=\"1029\">10m Range Capability: Reliable detection from 3 cm up to 10 meters.<\/p>\n<\/li>\n<li data-start=\"1030\" data-end=\"1115\">\n<p data-start=\"1032\" data-end=\"1115\">Fast Response Time: Supports continuous measurement frequency up to 20Hz.<\/p>\n<\/li>\n<li data-start=\"1116\" data-end=\"1194\">\n<p data-start=\"1118\" data-end=\"1194\">Compact &amp; Lightweight: Module size of 42 \u00d7 17 \u00d7 7 mm, weight only 4 g.<\/p>\n<\/li>\n<li data-start=\"1195\" data-end=\"1281\">\n<p data-start=\"1197\" data-end=\"1281\">Multiple Interfaces: TTL (3.3V) UART, with RS232\/RS485 support via converters.<\/p>\n<\/li>\n<li data-start=\"1282\" data-end=\"1363\">\n<p data-start=\"1284\" data-end=\"1363\">Energy Efficient: Designed for embedded and battery-powered applications.<\/p>\n<\/li>\n<li data-start=\"1364\" data-end=\"1436\">\n<p data-start=\"1366\" data-end=\"1436\">Class II Laser Safety: &lt;1 mW, 610\u2013690 nm, IEC 60825-1 certified.<img decoding=\"async\" class=\"aligncenter wp-image-2963 size-full\" title=\"Laser Sensor Module\" src=\"https:\/\/meskernel.net\/wp-content\/uploads\/2024\/11\/LDL-Module.jpg\" alt=\"Laser Sensor Module\" width=\"754\" height=\"742\" srcset=\"https:\/\/meskernel.net\/wp-content\/uploads\/2024\/11\/LDL-Module.jpg 754w, https:\/\/meskernel.net\/wp-content\/uploads\/2024\/11\/LDL-Module-300x295.jpg 300w, https:\/\/meskernel.net\/wp-content\/uploads\/2024\/11\/LDL-Module-400x394.jpg 400w\" sizes=\"(max-width: 754px) 100vw, 754px\" \/><a href=\"https:\/\/meskernel.net\/en\/ttl-vs-rs485\/\">TTL Vs RS485 Laser Rangefinder Module: Which One Should You Choose?<\/a><\/p>\n<\/li>\n<\/ul>\n<hr data-start=\"1438\" data-end=\"1441\" \/>\n<h2 data-start=\"1443\" data-end=\"1472\">Technical Specifications<\/h2>\n<div class=\"_tableContainer_1rjym_1\">\n<div class=\"_tableWrapper_1rjym_13 group flex w-fit flex-col-reverse\" tabindex=\"-1\">\n<table class=\"w-fit min-w-(--thread-content-width)\" data-start=\"1474\" data-end=\"2153\">\n<thead data-start=\"1474\" data-end=\"1515\">\n<tr data-start=\"1474\" data-end=\"1515\">\n<th data-start=\"1474\" data-end=\"1498\" data-col-size=\"sm\">Category<\/th>\n<th data-start=\"1498\" data-end=\"1515\" data-col-size=\"md\">Specification<\/th>\n<\/tr>\n<\/thead>\n<tbody data-start=\"1558\" data-end=\"2153\">\n<tr data-start=\"1558\" data-end=\"1603\">\n<td data-start=\"1558\" data-end=\"1582\" data-col-size=\"sm\">Measurement Range<\/td>\n<td data-start=\"1582\" data-end=\"1603\" data-col-size=\"md\">0.03 m \u2013 10 m<\/td>\n<\/tr>\n<tr data-start=\"1604\" data-end=\"1651\">\n<td data-start=\"1604\" data-end=\"1632\" data-col-size=\"sm\">Measurement Frequency<\/td>\n<td data-col-size=\"md\" data-start=\"1632\" data-end=\"1651\">Up to 20 Hz<\/td>\n<\/tr>\n<tr data-start=\"1652\" data-end=\"1699\">\n<td data-start=\"1652\" data-end=\"1676\" data-col-size=\"sm\">Accuracy<\/td>\n<td data-col-size=\"md\" data-start=\"1676\" data-end=\"1699\">\u00b13 mm + D*(1\/10000)<\/td>\n<\/tr>\n<tr data-start=\"1700\" data-end=\"1732\">\n<td data-start=\"1700\" data-end=\"1724\" data-col-size=\"sm\">Resolution<\/td>\n<td data-col-size=\"md\" data-start=\"1724\" data-end=\"1732\">1 mm<\/td>\n<\/tr>\n<tr data-start=\"1733\" data-end=\"1776\">\n<td data-start=\"1733\" data-end=\"1757\" data-col-size=\"sm\">Laser Class<\/td>\n<td data-col-size=\"md\" data-start=\"1757\" data-end=\"1776\">Class II, &lt;1 mW<\/td>\n<\/tr>\n<tr data-start=\"1777\" data-end=\"1815\">\n<td data-start=\"1777\" data-end=\"1801\" data-col-size=\"sm\">Laser Wavelength<\/td>\n<td data-col-size=\"md\" data-start=\"1801\" data-end=\"1815\">610\u2013690 nm<\/td>\n<\/tr>\n<tr data-start=\"1816\" data-end=\"1856\">\n<td data-start=\"1816\" data-end=\"1840\" data-col-size=\"sm\">Spot Size<\/td>\n<td data-col-size=\"md\" data-start=\"1840\" data-end=\"1856\">&lt;8 mm @ 10 m<\/td>\n<\/tr>\n<tr data-start=\"1857\" data-end=\"1913\">\n<td data-start=\"1857\" data-end=\"1881\" data-col-size=\"sm\">Power Supply<\/td>\n<td data-col-size=\"md\" data-start=\"1881\" data-end=\"1913\">DC 2.5\u20133.6 V (typical 3.3 V)<\/td>\n<\/tr>\n<tr data-start=\"1914\" data-end=\"1952\">\n<td data-start=\"1914\" data-end=\"1940\" data-col-size=\"sm\">Current Consumption<\/td>\n<td data-col-size=\"md\" data-start=\"1940\" data-end=\"1952\">30\u201380 mA<\/td>\n<\/tr>\n<tr data-start=\"1953\" data-end=\"2027\">\n<td data-start=\"1953\" data-end=\"1981\" data-col-size=\"sm\">Operating Temperature<\/td>\n<td data-col-size=\"md\" data-start=\"1981\" data-end=\"2027\">0\u00b0C ~ +40\u00b0C (customizable range available)<\/td>\n<\/tr>\n<tr data-start=\"2028\" data-end=\"2071\">\n<td data-start=\"2028\" data-end=\"2054\" data-col-size=\"sm\">Storage Temperature<\/td>\n<td data-start=\"2054\" data-end=\"2071\" data-col-size=\"md\">-25\u00b0C ~ +60\u00b0C<\/td>\n<\/tr>\n<tr data-start=\"2072\" data-end=\"2114\">\n<td data-start=\"2072\" data-end=\"2096\" data-col-size=\"sm\">Dimensions<\/td>\n<td data-col-size=\"md\" data-start=\"2096\" data-end=\"2114\">42 \u00d7 17 \u00d7 7 mm<\/td>\n<\/tr>\n<tr data-start=\"2115\" data-end=\"2153\">\n<td data-start=\"2115\" data-end=\"2139\" data-col-size=\"sm\">Weight<\/td>\n<td data-col-size=\"md\" data-start=\"2139\" data-end=\"2153\">4 g \u00b10.5 g<\/td>\n<\/tr>\n<\/tbody>\n<\/table>\n<\/div>\n<\/div>\n<hr data-start=\"2155\" data-end=\"2158\" \/>\n<h2 data-start=\"2160\" data-end=\"2210\">Applications of the 10m Laser Distance Sensor<\/h2>\n<ul data-start=\"2211\" data-end=\"2641\">\n<li data-start=\"2211\" data-end=\"2297\">\n<p data-start=\"2213\" data-end=\"2297\">Industrial Automation: Positioning, height monitoring, and robotic navigation.<\/p>\n<\/li>\n<li data-start=\"2298\" data-end=\"2382\">\n<p data-start=\"2300\" data-end=\"2382\">Consumer Electronics: Smart appliances, rangefinders, and 3D scanning tools.<\/p>\n<\/li>\n<li data-start=\"2383\" data-end=\"2467\">\n<p data-start=\"2385\" data-end=\"2467\">Logistics &amp; Warehousing: Inventory monitoring and automated level detection.<\/p>\n<\/li>\n<li data-start=\"2468\" data-end=\"2551\">\n<p data-start=\"2470\" data-end=\"2551\">IoT Systems: Compact 10m ToF sensors for smart infrastructure projects.<\/p>\n<\/li>\n<li data-start=\"2552\" data-end=\"2641\">\n<p data-start=\"2554\" data-end=\"2641\">OEM\/ODM Integration: Easily embedded into laser distance measurement modules.<\/p>\n<\/li>\n<\/ul>\n<p><img data-dominant-color=\"c4d5ca\" data-has-transparency=\"false\" style=\"--dominant-color: #c4d5ca;\" decoding=\"async\" class=\"alignnone size-medium wp-image-5690 not-transparent\" src=\"https:\/\/meskernel.net\/wp-content\/uploads\/2025\/08\/LDL-10m-Laser-Distance-Sensor-1-300x300.webp\" alt=\"LDL 10m Laser Distance Sensor-1\" width=\"300\" height=\"300\" srcset=\"https:\/\/meskernel.net\/wp-content\/uploads\/2025\/08\/LDL-10m-Laser-Distance-Sensor-1-300x300.webp 300w, https:\/\/meskernel.net\/wp-content\/uploads\/2025\/08\/LDL-10m-Laser-Distance-Sensor-1-150x150.webp 150w, https:\/\/meskernel.net\/wp-content\/uploads\/2025\/08\/LDL-10m-Laser-Distance-Sensor-1-768x768.webp 768w, https:\/\/meskernel.net\/wp-content\/uploads\/2025\/08\/LDL-10m-Laser-Distance-Sensor-1-12x12.webp 12w, https:\/\/meskernel.net\/wp-content\/uploads\/2025\/08\/LDL-10m-Laser-Distance-Sensor-1-400x400.webp 400w, https:\/\/meskernel.net\/wp-content\/uploads\/2025\/08\/LDL-10m-Laser-Distance-Sensor-1-100x100.webp 100w, https:\/\/meskernel.net\/wp-content\/uploads\/2025\/08\/LDL-10m-Laser-Distance-Sensor-1.webp 800w\" sizes=\"(max-width: 300px) 100vw, 300px\" \/>\u00a0<img data-dominant-color=\"eef2ee\" data-has-transparency=\"false\" loading=\"lazy\" decoding=\"async\" class=\"alignnone size-medium wp-image-5689 not-transparent\" style=\"--dominant-color: #eef2ee; font-style: inherit; font-weight: inherit;\" src=\"https:\/\/meskernel.net\/wp-content\/uploads\/2025\/08\/LDL-10m-Laser-Distance-Sensor-ttl-to-usb-300x300.webp\" alt=\"LDL 10m Laser Distance Sensor ttl to usb\" width=\"300\" height=\"300\" srcset=\"https:\/\/meskernel.net\/wp-content\/uploads\/2025\/08\/LDL-10m-Laser-Distance-Sensor-ttl-to-usb-300x300.webp 300w, https:\/\/meskernel.net\/wp-content\/uploads\/2025\/08\/LDL-10m-Laser-Distance-Sensor-ttl-to-usb-1024x1024.webp 1024w, https:\/\/meskernel.net\/wp-content\/uploads\/2025\/08\/LDL-10m-Laser-Distance-Sensor-ttl-to-usb-150x150.webp 150w, https:\/\/meskernel.net\/wp-content\/uploads\/2025\/08\/LDL-10m-Laser-Distance-Sensor-ttl-to-usb-768x768.webp 768w, https:\/\/meskernel.net\/wp-content\/uploads\/2025\/08\/LDL-10m-Laser-Distance-Sensor-ttl-to-usb-12x12.webp 12w, https:\/\/meskernel.net\/wp-content\/uploads\/2025\/08\/LDL-10m-Laser-Distance-Sensor-ttl-to-usb-400x400.webp 400w, https:\/\/meskernel.net\/wp-content\/uploads\/2025\/08\/LDL-10m-Laser-Distance-Sensor-ttl-to-usb-100x100.webp 100w, https:\/\/meskernel.net\/wp-content\/uploads\/2025\/08\/LDL-10m-Laser-Distance-Sensor-ttl-to-usb.webp 1500w\" sizes=\"(max-width: 300px) 100vw, 300px\" \/><img data-dominant-color=\"dedfdf\" data-has-transparency=\"false\" loading=\"lazy\" decoding=\"async\" class=\"alignnone size-medium wp-image-5691 not-transparent\" style=\"--dominant-color: #dedfdf; font-style: inherit; font-weight: inherit;\" src=\"https:\/\/meskernel.net\/wp-content\/uploads\/2025\/08\/LDL-10m-laser-distance-sensor-2-300x300.webp\" alt=\"LDL 10m laser distance sensor-2\" width=\"300\" height=\"300\" srcset=\"https:\/\/meskernel.net\/wp-content\/uploads\/2025\/08\/LDL-10m-laser-distance-sensor-2-300x300.webp 300w, https:\/\/meskernel.net\/wp-content\/uploads\/2025\/08\/LDL-10m-laser-distance-sensor-2-150x150.webp 150w, https:\/\/meskernel.net\/wp-content\/uploads\/2025\/08\/LDL-10m-laser-distance-sensor-2-768x768.webp 768w, https:\/\/meskernel.net\/wp-content\/uploads\/2025\/08\/LDL-10m-laser-distance-sensor-2-12x12.webp 12w, https:\/\/meskernel.net\/wp-content\/uploads\/2025\/08\/LDL-10m-laser-distance-sensor-2-400x400.webp 400w, https:\/\/meskernel.net\/wp-content\/uploads\/2025\/08\/LDL-10m-laser-distance-sensor-2-100x100.webp 100w, https:\/\/meskernel.net\/wp-content\/uploads\/2025\/08\/LDL-10m-laser-distance-sensor-2.webp 800w\" sizes=\"(max-width: 300px) 100vw, 300px\" \/><\/p>\n<p>&nbsp;<\/p>\n<hr data-start=\"3756\" data-end=\"3759\" \/>\n<h3 data-start=\"3761\" data-end=\"3807\">\ud83d\udcde Need Help Choosing the Right Interface?<\/h3>\n<p data-start=\"3809\" data-end=\"4144\">If you\u2019re unsure whether the laser distance sensor is best for your application, explore our guide on choosing the right interface for laser distance modules or <a class=\"cursor-pointer\" href=\"https:\/\/meskernel.net\/contact\/\" target=\"_new\" rel=\"noopener\" data-start=\"4070\" data-end=\"4118\">contact us<\/a> for technical assistance.<\/p>\n<hr data-start=\"4146\" data-end=\"4149\" \/>\n<h3 data-start=\"4151\" data-end=\"4174\">\ud83d\udd17 Related Products<\/h3>\n<ul data-start=\"4176\" data-end=\"4363\">\n<li data-start=\"4176\" data-end=\"4236\">\n<p data-start=\"4178\" data-end=\"4236\"><a class=\"cursor-pointer\" href=\"https:\/\/meskernel.net\/en\/product\/measure-distance\/\" target=\"_new\" rel=\"noopener\" data-start=\"4178\" data-end=\"4234\">UART Laser Sensor Module<\/a><\/p>\n<\/li>\n<li data-start=\"4301\" data-end=\"4363\">\n<p data-start=\"4303\" data-end=\"4363\"><a class=\"cursor-pointer\" href=\"https:\/\/meskernel.net\/about\/\" target=\"_new\" rel=\"noopener\" data-start=\"4303\" data-end=\"4363\">Custom ToF Sensors for OEM Projects<\/a><\/p>\n<\/li>\n<\/ul>\n<\/div>\n<\/div>\n<\/div>\n<\/div>\n<\/div>\n<\/div>\n","protected":false},"excerpt":{"rendered":"<p>Le capteur de distance laser LDL de 10 m offre une pr\u00e9cision millim\u00e9trique et une mesure en temps r\u00e9el de 20 Hz dans un design compact de 42 \u00d7 17 \u00d7 7 mm. Con\u00e7u avec une technologie ToF avanc\u00e9e, il est largement utilis\u00e9 dans l'automatisation industrielle, la surveillance des stocks, la robotique et les syst\u00e8mes IoT o\u00f9 une mesure de distance stable et pr\u00e9cise est n\u00e9cessaire.<\/p>","protected":false},"featured_media":5687,"template":"","meta":{"site-sidebar-layout":"default","site-content-layout":"","ast-site-content-layout":"default","site-content-style":"default","site-sidebar-style":"default","ast-global-header-display":"","ast-banner-title-visibility":"","ast-main-header-display":"","ast-hfb-above-header-display":"","ast-hfb-below-header-display":"","ast-hfb-mobile-header-display":"","site-post-title":"","ast-breadcrumbs-content":"","ast-featured-img":"","footer-sml-layout":"","ast-disable-related-posts":"","theme-transparent-header-meta":"default","adv-header-id-meta":"","stick-header-meta":"","header-above-stick-meta":"","header-main-stick-meta":"","header-below-stick-meta":"","astra-migrate-meta-layouts":"set","ast-page-background-enabled":"default","ast-page-background-meta":{"desktop":{"background-color":"var(--ast-global-color-4)","background-image":"","background-repeat":"repeat","background-position":"center center","background-size":"auto","background-attachment":"scroll","background-type":"","background-media":"","overlay-type":"","overlay-color":"","overlay-opacity":"","overlay-gradient":""},"tablet":{"background-color":"","background-image":"","background-repeat":"repeat","background-position":"center center","background-size":"auto","background-attachment":"scroll","background-type":"","background-media":"","overlay-type":"","overlay-color":"","overlay-opacity":"","overlay-gradient":""},"mobile":{"background-color":"","background-image":"","background-repeat":"repeat","background-position":"center center","background-size":"auto","background-attachment":"scroll","background-type":"","background-media":"","overlay-type":"","overlay-color":"","overlay-opacity":"","overlay-gradient":""}},"ast-content-background-meta":{"desktop":{"background-color":"var(--ast-global-color-5)","background-image":"","background-repeat":"repeat","background-position":"center center","background-size":"auto","background-attachment":"scroll","background-type":"","background-media":"","overlay-type":"","overlay-color":"","overlay-opacity":"","overlay-gradient":""},"tablet":{"background-color":"var(--ast-global-color-5)","background-image":"","background-repeat":"repeat","background-position":"center center","background-size":"auto","background-attachment":"scroll","background-type":"","background-media":"","overlay-type":"","overlay-color":"","overlay-opacity":"","overlay-gradient":""},"mobile":{"background-color":"var(--ast-global-color-5)","background-image":"","background-repeat":"repeat","background-position":"center center","background-size":"auto","background-attachment":"scroll","background-type":"","background-media":"","overlay-type":"","overlay-color":"","overlay-opacity":"","overlay-gradient":""}}},"product_brand":[],"product_cat":[51],"product_tag":[],"class_list":{"0":"post-5683","1":"product","2":"type-product","3":"status-publish","4":"has-post-thumbnail","6":"product_cat-laser-distance-sensor","7":"desktop-align-center","8":"tablet-align-left","9":"mobile-align-left","11":"first","12":"instock","13":"shipping-taxable","14":"product-type-simple"},"_links":{"self":[{"href":"https:\/\/meskernel.net\/fr\/wp-json\/wp\/v2\/product\/5683","targetHints":{"allow":["GET"]}}],"collection":[{"href":"https:\/\/meskernel.net\/fr\/wp-json\/wp\/v2\/product"}],"about":[{"href":"https:\/\/meskernel.net\/fr\/wp-json\/wp\/v2\/types\/product"}],"version-history":[{"count":0,"href":"https:\/\/meskernel.net\/fr\/wp-json\/wp\/v2\/product\/5683\/revisions"}],"wp:featuredmedia":[{"embeddable":true,"href":"https:\/\/meskernel.net\/fr\/wp-json\/wp\/v2\/media\/5687"}],"wp:attachment":[{"href":"https:\/\/meskernel.net\/fr\/wp-json\/wp\/v2\/media?parent=5683"}],"wp:term":[{"taxonomy":"product_brand","embeddable":true,"href":"https:\/\/meskernel.net\/fr\/wp-json\/wp\/v2\/product_brand?post=5683"},{"taxonomy":"product_cat","embeddable":true,"href":"https:\/\/meskernel.net\/fr\/wp-json\/wp\/v2\/product_cat?post=5683"},{"taxonomy":"product_tag","embeddable":true,"href":"https:\/\/meskernel.net\/fr\/wp-json\/wp\/v2\/product_tag?post=5683"}],"curies":[{"name":"wp","href":"https:\/\/api.w.org\/{rel}","templated":true}]}}