{"id":5854,"date":"2025-09-03T17:44:47","date_gmt":"2025-09-03T09:44:47","guid":{"rendered":"https:\/\/meskernel.net\/?post_type=product&#038;p=5854"},"modified":"2026-01-29T10:08:33","modified_gmt":"2026-01-29T02:08:33","slug":"real-time-distance-measurement","status":"publish","type":"product","link":"https:\/\/meskernel.net\/fr\/product\/real-time-distance-measurement\/","title":{"rendered":"LDJU Capteur de mesure de distance en temps r\u00e9el pour UAV 3000Hz sans attente"},"content":{"rendered":"<p class=\"\" data-start=\"86\" data-end=\"363\">Our Ultra-high frequency LDJU Real Time Distance Measurement Sensor, it delivers real-time measurements with millimeter-level accuracy across a range of 0.2m to 25m.<\/p>\n<h3 class=\"\" data-start=\"365\" data-end=\"388\"><strong data-start=\"369\" data-end=\"386\">Caract\u00e9ristiques principales :<\/strong><\/h3>\n<p class=\"\" data-start=\"389\" data-end=\"1038\">\u2705 <strong data-start=\"391\" data-end=\"421\">Mesures \u00e0 haute fr\u00e9quence<\/strong> - Prise en charge de la gamme ultra-rapide de 100Hz \u00e0 3000Hz, garantissant une sortie de donn\u00e9es rapide et stable.<br data-start=\"516\" data-end=\"519\" \/>\u2705 <strong data-start=\"521\" data-end=\"551\" data-is-only-node=\"\">Pr\u00e9cision au niveau du millim\u00e8tre<\/strong> - Fournit des relev\u00e9s de distance tr\u00e8s pr\u00e9cis pour l'automatisation industrielle et la m\u00e9canique de pr\u00e9cision.<br data-start=\"649\" data-end=\"652\" \/>\u2705 <strong data-start=\"654\" data-end=\"688\">Bo\u00eetier durable en alliage d'aluminium<\/strong> - La coque m\u00e9tallique offre une durabilit\u00e9, une stabilit\u00e9 et une r\u00e9sistance sup\u00e9rieures aux impacts externes.<br data-start=\"787\" data-end=\"790\" \/>\u2705 <strong data-start=\"792\" data-end=\"819\">R\u00e9sistant aux \u00e9claboussures et \u00e0 la poussi\u00e8re<\/strong> - Con\u00e7ue pour les environnements difficiles, elle offre une protection solide contre la poussi\u00e8re et l'eau.<br data-start=\"911\" data-end=\"914\" \/>\u2705 <strong data-start=\"916\" data-end=\"953\">Interfaces de communication multiples<\/strong> - Prend en charge les interfaces USART, RS485 et RS232 pour une int\u00e9gration transparente du syst\u00e8me.<\/p>\n<p class=\"\" data-start=\"1040\" data-end=\"1244\">Ideal for industrial automation, robotics, logistics, and positioning applications, this Real Time Distance Measurement Sensor delivers unmatched speed, precision, and reliability in distance measurement.<\/p>\n<h3>Comparaison des produits<\/h3>\n<p><img data-dominant-color=\"e0e0df\" data-has-transparency=\"false\" style=\"--dominant-color: #e0e0df;\" fetchpriority=\"high\" decoding=\"async\" class=\"alignleft wp-image-5856 size-full not-transparent\" src=\"https:\/\/meskernel.net\/wp-content\/uploads\/2025\/09\/Real-Time-Ranging-Sensor.webp\" alt=\"Capteur de t\u00e9l\u00e9m\u00e9trie en temps r\u00e9el\" width=\"1112\" height=\"339\" srcset=\"https:\/\/meskernel.net\/wp-content\/uploads\/2025\/09\/Real-Time-Ranging-Sensor.webp 1112w, https:\/\/meskernel.net\/wp-content\/uploads\/2025\/09\/Real-Time-Ranging-Sensor-300x91.webp 300w, https:\/\/meskernel.net\/wp-content\/uploads\/2025\/09\/Real-Time-Ranging-Sensor-1024x312.webp 1024w, https:\/\/meskernel.net\/wp-content\/uploads\/2025\/09\/Real-Time-Ranging-Sensor-768x234.webp 768w, https:\/\/meskernel.net\/wp-content\/uploads\/2025\/09\/Real-Time-Ranging-Sensor-18x5.webp 18w, https:\/\/meskernel.net\/wp-content\/uploads\/2025\/09\/Real-Time-Ranging-Sensor-400x122.webp 400w\" sizes=\"(max-width: 1112px) 100vw, 1112px\" \/><\/p>\n<h3 class=\"\" data-start=\"1046\" data-end=\"1070\"><strong data-start=\"1050\" data-end=\"1068\">Pourquoi nous choisir ?<\/strong><\/h3>\n<p class=\"\" data-start=\"1071\" data-end=\"1716\">En tant que professionnel <a href=\"https:\/\/www.globalsources.com\/chengdu-meskernel\/showroom_6002100157315.htm\" target=\"_blank\" rel=\"noopener\">fabricant de capteurs de distance laser<\/a>Nous proposons des services de personnalisation OEM et ODM pour r\u00e9pondre aux exigences sp\u00e9cifiques de vos applications. Contrairement aux solutions standard, nous offrons :<br data-start=\"1261\" data-end=\"1264\" \/>\u2714 <strong data-start=\"1266\" data-end=\"1293\">Param\u00e8tres personnalisables<\/strong> - Ajustez la fr\u00e9quence, le d\u00e9bit en bauds, la plage de mesure et d'autres param\u00e8tres pour r\u00e9pondre aux besoins de votre projet.<br data-start=\"1387\" data-end=\"1390\" \/>\u2714 <strong data-start=\"1392\" data-end=\"1428\">Protocoles de communication flexibles<\/strong> - Adaptez le capteur pour qu'il s'int\u00e8gre parfaitement \u00e0 votre syst\u00e8me existant.<br data-start=\"1499\" data-end=\"1502\" \/>\u2714 <strong data-start=\"1504\" data-end=\"1530\">Prix directs d'usine<\/strong> - Appr\u00e9ciez <strong data-start=\"1539\" data-end=\"1557\">rentable<\/strong> des solutions sans majoration de prix des interm\u00e9diaires.<br data-start=\"1594\" data-end=\"1597\" \/>\u2714 <strong data-start=\"1599\" data-end=\"1633\">Support technique professionnel<\/strong> - Notre \u00e9quipe exp\u00e9riment\u00e9e de R&amp;D garantit des performances optimales et une r\u00e9solution rapide des probl\u00e8mes.<\/p>\n<p class=\"\" data-start=\"1718\" data-end=\"1961\">Avec plus de 20 ans d'exp\u00e9rience dans la technologie de mesure laser, nous fournissons des solutions personnalis\u00e9es de haute qualit\u00e9 qui am\u00e9liorent l'efficacit\u00e9 et la pr\u00e9cision des applications industrielles. Contactez-nous d\u00e8s aujourd'hui pour discuter de vos besoins sp\u00e9cifiques !<a href=\"https:\/\/meskernel.net\/fr\/telecharger\/\"><strong>T\u00e9l\u00e9charger notre manuel d'utilisation<\/strong><\/a><\/p>\n<h3 data-start=\"177\" data-end=\"228\"><img data-dominant-color=\"6e7975\" data-has-transparency=\"false\" style=\"--dominant-color: #6e7975;\" decoding=\"async\" class=\"aligncenter wp-image-5603 size-full not-transparent\" src=\"https:\/\/meskernel.net\/wp-content\/uploads\/2025\/08\/Meskernel-Laser-Distance-Sensor.webp\" alt=\"Capteur de distance \u00e0 laser Meskernel\" width=\"750\" height=\"669\" srcset=\"https:\/\/meskernel.net\/wp-content\/uploads\/2025\/08\/Meskernel-Laser-Distance-Sensor.webp 750w, https:\/\/meskernel.net\/wp-content\/uploads\/2025\/08\/Meskernel-Laser-Distance-Sensor-300x268.webp 300w, https:\/\/meskernel.net\/wp-content\/uploads\/2025\/08\/Meskernel-Laser-Distance-Sensor-13x12.webp 13w, https:\/\/meskernel.net\/wp-content\/uploads\/2025\/08\/Meskernel-Laser-Distance-Sensor-400x357.webp 400w\" sizes=\"(max-width: 750px) 100vw, 750px\" \/><\/h3>\n<p><a class=\"wps-ellipsis-parent wps-internal-link\" href=\"https:\/\/meskernel.net\/fr\/single-point-laser-distance-sensors\/\" aria-label=\"How to Choose the Best Single-Point Laser Distance Sensors for Your UAV Payload (\/en\/single-point-laser-distance-sensors\/)\"><span class=\"wps-ellipsis-text\">How to Choose the Best Single-Point Laser Distance Sensors for Your UAV Payload\u00a0<\/span><\/a><\/p>\n<h3 data-start=\"177\" data-end=\"228\">FAQ<\/h3>\n<h5 data-start=\"230\" data-end=\"290\">1. What is a real time distance measurement sensor?<\/h5>\n<p class=\"\" data-start=\"291\" data-end=\"606\">A real time distance measurement sensor measures distance by calculating the time it takes for a laser beam to travel to a target and return. This method provides fast, accurate, and reliable distance measurements, making it ideal for industrial automation, robotics, and precision monitoring applications.<\/p>\n<hr class=\"\" data-start=\"608\" data-end=\"611\" \/>\n<h5 data-start=\"613\" data-end=\"702\">2. What is the measurement range of your real time distance measurement sensor?<\/h5>\n<p class=\"\" data-start=\"703\" data-end=\"864\">Notre capteur prend en charge une plage de mesure de 0,2 m\u00e8tre \u00e0 25 m\u00e8tres, ce qui garantit des performances pr\u00e9cises pour les applications industrielles \u00e0 courte et moyenne port\u00e9e.<\/p>\n<hr class=\"\" data-start=\"866\" data-end=\"869\" \/>\n<h5 data-start=\"871\" data-end=\"925\">3. How accurate is the real time distance measurement sensor?<\/h5>\n<p class=\"\" data-start=\"926\" data-end=\"1106\">Ce capteur offre une pr\u00e9cision de l'ordre du millim\u00e8tre, ce qui le rend particuli\u00e8rement adapt\u00e9 aux environnements exigeants en termes de pr\u00e9cision, tels que la fabrication, les syst\u00e8mes d'inspection et le contr\u00f4le automatis\u00e9.<\/p>\n<hr class=\"\" data-start=\"1746\" data-end=\"1749\" \/>\n<h5 data-start=\"1751\" data-end=\"1802\">4. Quelles sont les interfaces de communication prises en charge ?<\/h5>\n<p class=\"\" data-start=\"1803\" data-end=\"2013\">Notre capteur de distance laser \u00e0 temps de vol 1000Hz prend en charge les interfaces USART, RS485 et RS232, ce qui permet une int\u00e9gration facile et flexible dans les syst\u00e8mes de contr\u00f4le industriel, les API et les plateformes IoT existants.<\/p>\n<hr class=\"\" data-start=\"2015\" data-end=\"2018\" \/>\n<h5 data-start=\"2020\" data-end=\"2096\">5. La fr\u00e9quence, la vitesse de transmission et la port\u00e9e du capteur laser peuvent-elles \u00eatre personnalis\u00e9es ?<\/h5>\n<p class=\"\" data-start=\"2097\" data-end=\"2293\">Oui. En tant que fabricant, nous proposons des solutions personnalisables, y compris une fr\u00e9quence d'\u00e9chantillonnage, un d\u00e9bit en bauds et une plage de mesure r\u00e9glables afin de r\u00e9pondre parfaitement aux besoins sp\u00e9cifiques de votre projet.<\/p>\n<p class=\"\" data-start=\"3185\" data-end=\"3227\">","protected":false},"excerpt":{"rendered":"<p>This real time distance measurement sensor module with stable performance, widely used in autonomous driving radar obstacle avoidance, intelligent logistics transportation protection, marine aerospace, industrial automation and other areas.<\/p>","protected":false},"featured_media":5855,"template":"","meta":{"site-sidebar-layout":"default","site-content-layout":"","ast-site-content-layout":"default","site-content-style":"default","site-sidebar-style":"default","ast-global-header-display":"","ast-banner-title-visibility":"","ast-main-header-display":"","ast-hfb-above-header-display":"","ast-hfb-below-header-display":"","ast-hfb-mobile-header-display":"","site-post-title":"","ast-breadcrumbs-content":"","ast-featured-img":"","footer-sml-layout":"","ast-disable-related-posts":"","theme-transparent-header-meta":"default","adv-header-id-meta":"","stick-header-meta":"","header-above-stick-meta":"","header-main-stick-meta":"","header-below-stick-meta":"","astra-migrate-meta-layouts":"set","ast-page-background-enabled":"default","ast-page-background-meta":{"desktop":{"background-color":"var(--ast-global-color-4)","background-image":"","background-repeat":"repeat","background-position":"center center","background-size":"auto","background-attachment":"scroll","background-type":"","background-media":"","overlay-type":"","overlay-color":"","overlay-opacity":"","overlay-gradient":""},"tablet":{"background-color":"","background-image":"","background-repeat":"repeat","background-position":"center center","background-size":"auto","background-attachment":"scroll","background-type":"","background-media":"","overlay-type":"","overlay-color":"","overlay-opacity":"","overlay-gradient":""},"mobile":{"background-color":"","background-image":"","background-repeat":"repeat","background-position":"center center","background-size":"auto","background-attachment":"scroll","background-type":"","background-media":"","overlay-type":"","overlay-color":"","overlay-opacity":"","overlay-gradient":""}},"ast-content-background-meta":{"desktop":{"background-color":"var(--ast-global-color-5)","background-image":"","background-repeat":"repeat","background-position":"center center","background-size":"auto","background-attachment":"scroll","background-type":"","background-media":"","overlay-type":"","overlay-color":"","overlay-opacity":"","overlay-gradient":""},"tablet":{"background-color":"var(--ast-global-color-5)","background-image":"","background-repeat":"repeat","background-position":"center center","background-size":"auto","background-attachment":"scroll","background-type":"","background-media":"","overlay-type":"","overlay-color":"","overlay-opacity":"","overlay-gradient":""},"mobile":{"background-color":"var(--ast-global-color-5)","background-image":"","background-repeat":"repeat","background-position":"center center","background-size":"auto","background-attachment":"scroll","background-type":"","background-media":"","overlay-type":"","overlay-color":"","overlay-opacity":"","overlay-gradient":""}}},"product_brand":[],"product_cat":[32,52],"product_tag":[],"class_list":{"0":"post-5854","1":"product","2":"type-product","3":"status-publish","4":"has-post-thumbnail","6":"product_cat-high-frequency-ranging-sensor-module","7":"product_cat-phase-distance-sensor","8":"desktop-align-center","9":"tablet-align-left","10":"mobile-align-left","12":"first","13":"instock","14":"shipping-taxable","15":"product-type-simple"},"_links":{"self":[{"href":"https:\/\/meskernel.net\/fr\/wp-json\/wp\/v2\/product\/5854","targetHints":{"allow":["GET"]}}],"collection":[{"href":"https:\/\/meskernel.net\/fr\/wp-json\/wp\/v2\/product"}],"about":[{"href":"https:\/\/meskernel.net\/fr\/wp-json\/wp\/v2\/types\/product"}],"version-history":[{"count":0,"href":"https:\/\/meskernel.net\/fr\/wp-json\/wp\/v2\/product\/5854\/revisions"}],"wp:featuredmedia":[{"embeddable":true,"href":"https:\/\/meskernel.net\/fr\/wp-json\/wp\/v2\/media\/5855"}],"wp:attachment":[{"href":"https:\/\/meskernel.net\/fr\/wp-json\/wp\/v2\/media?parent=5854"}],"wp:term":[{"taxonomy":"product_brand","embeddable":true,"href":"https:\/\/meskernel.net\/fr\/wp-json\/wp\/v2\/product_brand?post=5854"},{"taxonomy":"product_cat","embeddable":true,"href":"https:\/\/meskernel.net\/fr\/wp-json\/wp\/v2\/product_cat?post=5854"},{"taxonomy":"product_tag","embeddable":true,"href":"https:\/\/meskernel.net\/fr\/wp-json\/wp\/v2\/product_tag?post=5854"}],"curies":[{"name":"wp","href":"https:\/\/api.w.org\/{rel}","templated":true}]}}