{"id":5966,"date":"2025-09-25T11:33:46","date_gmt":"2025-09-25T03:33:46","guid":{"rendered":"https:\/\/meskernel.net\/?post_type=product&#038;p=5966"},"modified":"2025-10-10T10:25:46","modified_gmt":"2025-10-10T02:25:46","slug":"capteur-laser-tof","status":"publish","type":"product","link":"https:\/\/meskernel.net\/fr\/product\/laser-tof-sensor\/","title":{"rendered":"LDJ-P7 Capteur laser ToF 150 m pour une mesure pr\u00e9cise de la distance, IP67 et meilleur prix"},"content":{"rendered":"<h2 data-start=\"662\" data-end=\"992\">LDJ-P7 Capteur laser ToF 150m\/200m | Module industriel IP67<\/h2>\n<p data-start=\"662\" data-end=\"992\">Le capteur laser ToF LDJ-P7 est un module de mesure de distance haute performance con\u00e7u pour les applications industrielles et ext\u00e9rieures exigeantes. Avec une plage de mesure allant de 0,03 m \u00e0 200 m et une pr\u00e9cision de <strong data-start=\"887\" data-end=\"909\">\u00b1<\/strong>(3 mm + D\/10 000), il fournit des donn\u00e9es de distance stables et fiables, m\u00eame dans des environnements difficiles.<\/p>\n<p data-start=\"994\" data-end=\"1460\">Ce capteur est dot\u00e9 d'un bo\u00eetier robuste conforme \u00e0 la norme IP67, assurant une protection contre la poussi\u00e8re et l'eau, tandis que sa temp\u00e9rature de fonctionnement \u00e9tendue (-10\u2103 \u00e0 50\u2103) lui permet d'\u00eatre d\u00e9ploy\u00e9 tout au long de l'ann\u00e9e. Prenant en charge les options laser rouge\/vert, plusieurs fr\u00e9quences de sortie (jusqu'\u00e0 30 Hz) et des interfaces de communication polyvalentes (RS485, RS232, USART), le LDJ-P7 offre une int\u00e9gration transparente dans les AGV, les drones, la robotique, la construction et les syst\u00e8mes intelligents de surveillance du trafic.<\/p>\n<p><img data-dominant-color=\"c3c3c4\" data-has-transparency=\"false\" style=\"--dominant-color: #c3c3c4;\" fetchpriority=\"high\" decoding=\"async\" class=\"aligncenter wp-image-5970 size-full not-transparent\" src=\"https:\/\/meskernel.net\/wp-content\/uploads\/2025\/09\/Laser-ToF-Distance-Sensor.webp\" alt=\"Capteur de distance ToF \u00e0 laser\" width=\"696\" height=\"454\" srcset=\"https:\/\/meskernel.net\/wp-content\/uploads\/2025\/09\/Laser-ToF-Distance-Sensor.webp 696w, https:\/\/meskernel.net\/wp-content\/uploads\/2025\/09\/Laser-ToF-Distance-Sensor-300x196.webp 300w, https:\/\/meskernel.net\/wp-content\/uploads\/2025\/09\/Laser-ToF-Distance-Sensor-18x12.webp 18w, https:\/\/meskernel.net\/wp-content\/uploads\/2025\/09\/Laser-ToF-Distance-Sensor-400x261.webp 400w\" sizes=\"(max-width: 696px) 100vw, 696px\" \/><\/p>\n<hr data-start=\"1724\" data-end=\"1727\" \/>\n<h2 data-start=\"964\" data-end=\"993\">Principales sp\u00e9cifications<\/h2>\n<ul data-start=\"995\" data-end=\"1361\">\n<li data-start=\"995\" data-end=\"1046\">\n<p data-start=\"997\" data-end=\"1046\">Plage de mesure : 0.03 - 100 \/ 150 \/ 200 m<\/p>\n<\/li>\n<li data-start=\"1047\" data-end=\"1083\">\n<p data-start=\"1049\" data-end=\"1083\">Pr\u00e9cision : \u00b1(3 mm + D\/10 000)<\/p>\n<\/li>\n<li data-start=\"1084\" data-end=\"1118\">\n<p data-start=\"1086\" data-end=\"1118\">Options laser : Rouge \/ Vert<\/p>\n<\/li>\n<li data-start=\"1119\" data-end=\"1172\">\n<p data-start=\"1121\" data-end=\"1172\">Degr\u00e9 de protection : IP67 \u00e9tanche \u00e0 l'eau et \u00e0 la poussi\u00e8re<\/p>\n<\/li>\n<li data-start=\"1173\" data-end=\"1214\">\n<p data-start=\"1175\" data-end=\"1214\">Temp\u00e9rature de fonctionnement : -10\u2103 \u00e0 +50\u2103<\/p>\n<\/li>\n<li data-start=\"1215\" data-end=\"1236\">\n<p data-start=\"1217\" data-end=\"1236\">Poids : 446 g<\/p>\n<\/li>\n<li data-start=\"1237\" data-end=\"1275\">\n<p data-start=\"1239\" data-end=\"1275\">Fr\u00e9quence : 3 \/ 10 \/ 20 \/ 30 Hz<\/p>\n<\/li>\n<li data-start=\"1276\" data-end=\"1315\">\n<p data-start=\"1278\" data-end=\"1315\">Interfaces : RS485, RS232, USART<\/p>\n<\/li>\n<li data-start=\"1316\" data-end=\"1361\">\n<p data-start=\"1318\" data-end=\"1361\">Dimensions : 122,00 \u00d7 84,00 \u00d7 37,00 mm<\/p>\n<\/li>\n<\/ul>\n<hr data-start=\"1724\" data-end=\"1727\" \/>\n<h2 data-start=\"646\" data-end=\"695\">Principales caract\u00e9ristiques du capteur laser ToF LDJ-P7<\/h2>\n<ul data-start=\"697\" data-end=\"1240\">\n<li data-start=\"697\" data-end=\"841\">\n<p data-start=\"699\" data-end=\"841\">Bo\u00eetier robuste en alliage d'aluminium - Bo\u00eetier en m\u00e9tal tr\u00e8s r\u00e9sistant pour une meilleure durabilit\u00e9, stabilit\u00e9 et r\u00e9sistance aux vibrations.<\/p>\n<\/li>\n<li data-start=\"842\" data-end=\"1035\">\n<p data-start=\"844\" data-end=\"1035\">Protection IP67 avanc\u00e9e - Conception totalement \u00e9tanche \u00e0 la poussi\u00e8re et aux \u00e9claboussures, permettant un fonctionnement stable dans les domaines de l'automatisation industrielle et de l'arpentage ext\u00e9rieur.<strong data-start=\"966\" data-end=\"1032\">, <\/strong>et les applications de drones.<\/p>\n<\/li>\n<li data-start=\"1036\" data-end=\"1240\">\n<p data-start=\"1038\" data-end=\"1240\">Options de connectivit\u00e9 flexibles - \u00c9quip\u00e9 d'interfaces RS232, RS485 et USART pour permettre une int\u00e9gration transparente avec une large gamme de syst\u00e8mes de contr\u00f4le, d'AGV et de plates-formes d'acquisition de donn\u00e9es.<\/p>\n<\/li>\n<\/ul>\n<hr data-start=\"1724\" data-end=\"1727\" \/>\n<h2>Sc\u00e9narios d'application<\/h2>\n<p><img data-dominant-color=\"79828b\" data-has-transparency=\"true\" style=\"--dominant-color: #79828b;\" decoding=\"async\" class=\"aligncenter wp-image-5974 size-full has-transparency\" src=\"https:\/\/meskernel.net\/wp-content\/uploads\/2025\/09\/laser-tof-sensor-applications.webp\" alt=\"applications des capteurs laser tof\" width=\"1923\" height=\"406\" srcset=\"https:\/\/meskernel.net\/wp-content\/uploads\/2025\/09\/laser-tof-sensor-applications.webp 1923w, https:\/\/meskernel.net\/wp-content\/uploads\/2025\/09\/laser-tof-sensor-applications-300x63.webp 300w, https:\/\/meskernel.net\/wp-content\/uploads\/2025\/09\/laser-tof-sensor-applications-1024x216.webp 1024w, https:\/\/meskernel.net\/wp-content\/uploads\/2025\/09\/laser-tof-sensor-applications-768x162.webp 768w, https:\/\/meskernel.net\/wp-content\/uploads\/2025\/09\/laser-tof-sensor-applications-1536x324.webp 1536w, https:\/\/meskernel.net\/wp-content\/uploads\/2025\/09\/laser-tof-sensor-applications-18x4.webp 18w, https:\/\/meskernel.net\/wp-content\/uploads\/2025\/09\/laser-tof-sensor-applications-400x84.webp 400w\" sizes=\"(max-width: 1923px) 100vw, 1923px\" \/><\/p>\n<p><strong>Automatisation industrielle<\/strong><\/p>\n<p>Le LDJ-P7 permet de mesurer la distance sans contact dans les lignes de production automatis\u00e9es, les syst\u00e8mes de convoyage et les bras robotis\u00e9s, garantissant ainsi pr\u00e9cision et efficacit\u00e9.<\/p>\n<p><strong>Navigation par drone et UAV<\/strong><\/p>\n<p>Gr\u00e2ce \u00e0 sa l\u00e9g\u00e8ret\u00e9 et \u00e0 sa longue port\u00e9e, ce capteur permet la cartographie par drone, l'\u00e9vitement d'obstacles et le suivi du terrain.<\/p>\n<p><strong><a href=\"https:\/\/meskernel.net\/fr\/application\/surveying-and-geospatial-analysis\/\">Lev\u00e9s et cartographie<\/a><\/strong><\/p>\n<p>Les ing\u00e9nieurs et les g\u00e9om\u00e8tres peuvent compter sur le capteur laser \u00e0 longue port\u00e9e de 200 m pour la surveillance des chantiers de construction, la collecte de donn\u00e9es g\u00e9ographiques et les lev\u00e9s de mesure de distance.<\/p>\n<p><strong>Transports intelligents et s\u00e9curit\u00e9<\/strong><\/p>\n<p>Le capteur peut \u00eatre int\u00e9gr\u00e9 dans des syst\u00e8mes de d\u00e9tection de v\u00e9hicules, de surveillance du trafic et de barri\u00e8res de s\u00e9curit\u00e9, offrant des mesures fiables en temps r\u00e9el.<\/p>\n<p><strong>Environnements ext\u00e9rieurs difficiles<\/strong><\/p>\n<p>Gr\u00e2ce \u00e0 sa protection IP67, le LDJ-P7 fonctionne de mani\u00e8re constante dans des conditions ext\u00e9rieures poussi\u00e9reuses, pluvieuses ou difficiles.<\/p>\n<hr data-start=\"2286\" data-end=\"2289\" \/>\n<h2 data-start=\"2348\" data-end=\"2407\">Pourquoi choisir le capteur laser ToF LDJ-P7 ?<\/h2>\n<p data-start=\"2409\" data-end=\"2795\">Contrairement aux d\u00e9tecteurs de distance optiques conventionnels, le LDJ-P7 utilise la technologie avanc\u00e9e du temps de vol pour fournir des r\u00e9sultats rapides, stables et tr\u00e8s pr\u00e9cis sur de longues distances. Que vous ayez besoin d'un capteur de distance laser industriel, d'un module de mesure de distance pour AGV ou d'un capteur laser ext\u00e9rieur IP67, le LDJ-P7 constitue une solution polyvalente et rentable.<\/p>\n<p data-start=\"3365\" data-end=\"3480\">","protected":false},"excerpt":{"rendered":"<p>Le capteur laser ToF LDJ-P7 fournit des mesures pr\u00e9cises \u00e0 longue port\u00e9e jusqu'\u00e0 200 m avec une protection IP67, ce qui le rend id\u00e9al pour l'automatisation industrielle, la navigation par drone, l'arpentage et les environnements ext\u00e9rieurs difficiles. Avec plusieurs options de fr\u00e9quence (3\/10\/20\/30 Hz) et des interfaces telles que RS485, RS232 et USART, il garantit des performances fiables dans une large gamme d'applications.<\/p>","protected":false},"featured_media":5971,"template":"","meta":{"site-sidebar-layout":"default","site-content-layout":"","ast-site-content-layout":"default","site-content-style":"default","site-sidebar-style":"default","ast-global-header-display":"","ast-banner-title-visibility":"","ast-main-header-display":"","ast-hfb-above-header-display":"","ast-hfb-below-header-display":"","ast-hfb-mobile-header-display":"","site-post-title":"","ast-breadcrumbs-content":"","ast-featured-img":"","footer-sml-layout":"","ast-disable-related-posts":"","theme-transparent-header-meta":"default","adv-header-id-meta":"","stick-header-meta":"","header-above-stick-meta":"","header-main-stick-meta":"","header-below-stick-meta":"","astra-migrate-meta-layouts":"set","ast-page-background-enabled":"default","ast-page-background-meta":{"desktop":{"background-color":"var(--ast-global-color-4)","background-image":"","background-repeat":"repeat","background-position":"center center","background-size":"auto","background-attachment":"scroll","background-type":"","background-media":"","overlay-type":"","overlay-color":"","overlay-opacity":"","overlay-gradient":""},"tablet":{"background-color":"","background-image":"","background-repeat":"repeat","background-position":"center center","background-size":"auto","background-attachment":"scroll","background-type":"","background-media":"","overlay-type":"","overlay-color":"","overlay-opacity":"","overlay-gradient":""},"mobile":{"background-color":"","background-image":"","background-repeat":"repeat","background-position":"center center","background-size":"auto","background-attachment":"scroll","background-type":"","background-media":"","overlay-type":"","overlay-color":"","overlay-opacity":"","overlay-gradient":""}},"ast-content-background-meta":{"desktop":{"background-color":"var(--ast-global-color-5)","background-image":"","background-repeat":"repeat","background-position":"center center","background-size":"auto","background-attachment":"scroll","background-type":"","background-media":"","overlay-type":"","overlay-color":"","overlay-opacity":"","overlay-gradient":""},"tablet":{"background-color":"var(--ast-global-color-5)","background-image":"","background-repeat":"repeat","background-position":"center center","background-size":"auto","background-attachment":"scroll","background-type":"","background-media":"","overlay-type":"","overlay-color":"","overlay-opacity":"","overlay-gradient":""},"mobile":{"background-color":"var(--ast-global-color-5)","background-image":"","background-repeat":"repeat","background-position":"center center","background-size":"auto","background-attachment":"scroll","background-type":"","background-media":"","overlay-type":"","overlay-color":"","overlay-opacity":"","overlay-gradient":""}}},"product_brand":[],"product_cat":[33],"product_tag":[],"class_list":{"0":"post-5966","1":"product","2":"type-product","3":"status-publish","4":"has-post-thumbnail","6":"product_cat-industrial-laser-distance-sensors","7":"desktop-align-center","8":"tablet-align-left","9":"mobile-align-left","11":"first","12":"instock","13":"shipping-taxable","14":"product-type-simple"},"_links":{"self":[{"href":"https:\/\/meskernel.net\/fr\/wp-json\/wp\/v2\/product\/5966","targetHints":{"allow":["GET"]}}],"collection":[{"href":"https:\/\/meskernel.net\/fr\/wp-json\/wp\/v2\/product"}],"about":[{"href":"https:\/\/meskernel.net\/fr\/wp-json\/wp\/v2\/types\/product"}],"version-history":[{"count":0,"href":"https:\/\/meskernel.net\/fr\/wp-json\/wp\/v2\/product\/5966\/revisions"}],"wp:featuredmedia":[{"embeddable":true,"href":"https:\/\/meskernel.net\/fr\/wp-json\/wp\/v2\/media\/5971"}],"wp:attachment":[{"href":"https:\/\/meskernel.net\/fr\/wp-json\/wp\/v2\/media?parent=5966"}],"wp:term":[{"taxonomy":"product_brand","embeddable":true,"href":"https:\/\/meskernel.net\/fr\/wp-json\/wp\/v2\/product_brand?post=5966"},{"taxonomy":"product_cat","embeddable":true,"href":"https:\/\/meskernel.net\/fr\/wp-json\/wp\/v2\/product_cat?post=5966"},{"taxonomy":"product_tag","embeddable":true,"href":"https:\/\/meskernel.net\/fr\/wp-json\/wp\/v2\/product_tag?post=5966"}],"curies":[{"name":"wp","href":"https:\/\/api.w.org\/{rel}","templated":true}]}}