{"id":6180,"date":"2025-11-04T10:57:48","date_gmt":"2025-11-04T02:57:48","guid":{"rendered":"https:\/\/meskernel.net\/?post_type=product&#038;p=6180"},"modified":"2025-11-04T11:12:25","modified_gmt":"2025-11-04T03:12:25","slug":"capteur-de-telemetrie-laser-2","status":"publish","type":"product","link":"https:\/\/meskernel.net\/fr\/product\/laser-range-finder-sensor\/","title":{"rendered":"Capteur de t\u00e9l\u00e9m\u00e9trie laser rouge \u00e0 haute vitesse 100Hz pour le suivi dynamique de la cible"},"content":{"rendered":"<p class=\"\" data-start=\"286\" data-end=\"640\">Le module capteur t\u00e9l\u00e9m\u00e8tre laser rouge 100Hz haute vitesse est un capteur optique de haute pr\u00e9cision con\u00e7u pour l'automatisation industrielle et les applications ext\u00e9rieures exigeantes. Avec un design compact et une pr\u00e9cision de 1 mm sur des distances allant jusqu'\u00e0 80 m\u00e8tres, ce module est id\u00e9al pour l'int\u00e9gration dans des syst\u00e8mes o\u00f9 le gain de place et la pr\u00e9cision des mesures sont essentiels.<\/p>\n<p class=\"\" data-start=\"642\" data-end=\"861\">Con\u00e7u pour fonctionner de mani\u00e8re fiable m\u00eame sous un fort ensoleillement, le capteur de t\u00e9l\u00e9m\u00e9trie laser excelle dans les environnements \u00e0 faible r\u00e9flectivit\u00e9 ou \u00e0 signal faible, ce qui en fait une solution fiable pour les sc\u00e9narios de mesure difficiles dans le monde r\u00e9el.<\/p>\n<p class=\"\" data-start=\"863\" data-end=\"1263\">Bas\u00e9 sur une technologie de d\u00e9tection optique avanc\u00e9e, le capteur t\u00e9l\u00e9m\u00e8tre laser prend en charge les sorties num\u00e9riques et analogiques, avec une compatibilit\u00e9 jack polyvalente comprenant CAN, SPI, I\u00b2C, UART, TTL, RS232, RS485 et des interfaces analogiques. Son interface de communication flexible trois-en-un avec transmission Bluetooth en option garantit une int\u00e9gration efficace et transparente des donn\u00e9es dans une large gamme de syst\u00e8mes.<\/p>\n<p><img data-dominant-color=\"d0d3d0\" data-has-transparency=\"false\" style=\"--dominant-color: #d0d3d0;\" fetchpriority=\"high\" decoding=\"async\" class=\"alignnone wp-image-4444 size-full not-transparent\" src=\"https:\/\/meskernel.net\/wp-content\/uploads\/2025\/04\/distance-sensor-module.webp\" alt=\"module de d\u00e9tection de distance\" width=\"800\" height=\"718\" srcset=\"https:\/\/meskernel.net\/wp-content\/uploads\/2025\/04\/distance-sensor-module.webp 800w, https:\/\/meskernel.net\/wp-content\/uploads\/2025\/04\/distance-sensor-module-300x269.webp 300w, https:\/\/meskernel.net\/wp-content\/uploads\/2025\/04\/distance-sensor-module-768x689.webp 768w, https:\/\/meskernel.net\/wp-content\/uploads\/2025\/04\/distance-sensor-module-400x359.webp 400w\" sizes=\"(max-width: 800px) 100vw, 800px\" \/><\/p>\n<p>&nbsp;<\/p>\n<h3 data-start=\"1265\" data-end=\"1278\">Caract\u00e9ristiques principales du capteur de t\u00e9l\u00e9m\u00e9trie laser :<\/h3>\n<h3 data-start=\"1265\" data-end=\"1278\">\ud83d\udd39 <strong style=\"font-size: 16px;\" data-start=\"1284\" data-end=\"1304\">Conception miniature<\/strong><span style=\"font-size: 16px;\"> - Ultra-compact pour les espaces d'int\u00e9gration restreints<\/span><\/h3>\n<h3 data-start=\"1265\" data-end=\"1278\">\ud83d\udd39 <strong style=\"font-size: 16px;\" data-start=\"1357\" data-end=\"1374\">Haute pr\u00e9cision<\/strong><span style=\"font-size: 16px;\"> - Jusqu'\u00e0 <\/span><strong style=\"font-size: 16px;\" data-start=\"1383\" data-end=\"1391\">\u00b1<\/strong><span style=\"font-size: 16px;\">Pr\u00e9cision de 1 mm<\/span><\/h3>\n<h3 data-start=\"1265\" data-end=\"1278\">\ud83d\udd39 <strong style=\"font-size: 16px;\" data-start=\"1409\" data-end=\"1423\">Longue port\u00e9e<\/strong><span style=\"font-size: 16px;\"> - Mesure efficace jusqu'\u00e0 80 m\u00e8tres<\/span><\/h3>\n<h3 data-start=\"1265\" data-end=\"1278\">\ud83d\udd39 <strong style=\"font-size: 16px;\" data-start=\"1475\" data-end=\"1492\">Pr\u00eat pour l'ext\u00e9rieur<\/strong><span style=\"font-size: 16px;\"> - R\u00e9sistant \u00e0 une forte lumi\u00e8re ambiante, parfait pour un positionnement en ext\u00e9rieur<\/span><\/h3>\n<h3 data-start=\"1265\" data-end=\"1278\">\ud83d\udd39 <strong style=\"font-size: 16px;\" data-start=\"1577\" data-end=\"1613\">Excellente performance en mati\u00e8re de signaux faibles<\/strong><span style=\"font-size: 16px;\"> - Fonctionnement stable dans des conditions de faible r\u00e9flectivit\u00e9<\/span><\/h3>\n<h3 data-start=\"1265\" data-end=\"1278\">\ud83d\udd39 <strong style=\"font-size: 16px;\" data-start=\"1672\" data-end=\"1706\">Plage de temp\u00e9rature personnalisable<\/strong><span style=\"font-size: 16px;\"> - Convient aux environnements extr\u00eames<\/span><\/h3>\n<h3 data-start=\"1265\" data-end=\"1278\">\ud83d\udd39 <strong style=\"font-size: 16px;\" data-start=\"1750\" data-end=\"1767\">Options laser<\/strong><span style=\"font-size: 16px;\"> - Choisissez un laser rouge ou vert en fonction des besoins de votre application<\/span><\/h3>\n<h3 data-start=\"1265\" data-end=\"1278\">\ud83d\udd39 <strong style=\"font-size: 16px;\" data-start=\"1846\" data-end=\"1874\">Amplificateur multifonction<\/strong><span style=\"font-size: 16px;\"> - Traitement du signal adaptable<\/span><\/h3>\n<h3 data-start=\"1265\" data-end=\"1278\">\ud83d\udd39 <strong style=\"font-size: 16px;\" data-start=\"1912\" data-end=\"1938\">Support d'interface riche<\/strong><span style=\"font-size: 16px;\"> - TTL\/RS232\/RS485, Bluetooth et autres protocoles courants<\/span><\/h3>\n<p class=\"\" data-start=\"2003\" data-end=\"2213\">Ce capteur de t\u00e9l\u00e9m\u00e9trie laser\u00a0<span style=\"font-size: 16px;\">est le choix id\u00e9al pour les ing\u00e9nieurs et les d\u00e9veloppeurs \u00e0 la recherche d'une solution de mesure laser compacte, fiable et enti\u00e8rement personnalisable, avec des performances robustes et une int\u00e9gration flexible.<\/span><\/p>\n<p data-start=\"2003\" data-end=\"2213\"><img data-dominant-color=\"ebeceb\" data-has-transparency=\"false\" style=\"--dominant-color: #ebeceb;\" decoding=\"async\" class=\"wp-image-6112 size-full aligncenter not-transparent\" src=\"https:\/\/meskernel.net\/wp-content\/uploads\/2025\/04\/laser-distance-sensor-Quick-Testing-Guidance.webp\" alt=\"D\u00e9tecteur de distance laser Guide de test rapide\" width=\"703\" height=\"185\" srcset=\"https:\/\/meskernel.net\/wp-content\/uploads\/2025\/04\/laser-distance-sensor-Quick-Testing-Guidance.webp 703w, https:\/\/meskernel.net\/wp-content\/uploads\/2025\/04\/laser-distance-sensor-Quick-Testing-Guidance-300x79.webp 300w, https:\/\/meskernel.net\/wp-content\/uploads\/2025\/04\/laser-distance-sensor-Quick-Testing-Guidance-18x5.webp 18w, https:\/\/meskernel.net\/wp-content\/uploads\/2025\/04\/laser-distance-sensor-Quick-Testing-Guidance-400x105.webp 400w\" sizes=\"(max-width: 703px) 100vw, 703px\" \/><\/p>\n<p class=\"\" data-start=\"2215\" data-end=\"2353\">\ud83d\udce9 <a href=\"https:\/\/meskernel.net\/fr\/contact\/\"><strong data-start=\"2218\" data-end=\"2238\">Contactez-nous d\u00e8s aujourd'hui<\/strong><\/a> pour obtenir des fiches techniques, un support d'application ou pour discuter de la personnalisation OEM\/ODM en fonction des besoins sp\u00e9cifiques de votre projet.<\/p>\n<p data-start=\"2363\" data-end=\"2441\">","protected":false},"excerpt":{"rendered":"<p class=\"\" data-start=\"88\" data-end=\"634\">Le module de capteur de t\u00e9l\u00e9m\u00e8tre laser est un capteur optique ultra-compact et de haute pr\u00e9cision offrant une pr\u00e9cision de 1 mm et une plage de mesure allant jusqu'\u00e0 80 m. Il a \u00e9t\u00e9 con\u00e7u pour une utilisation en ext\u00e9rieur. Con\u00e7u pour une utilisation en ext\u00e9rieur, il offre des performances stables m\u00eame sous un fort ensoleillement et dans des environnements \u00e0 faible r\u00e9flectivit\u00e9. Avec des options personnalisables, notamment le laser rouge ou vert, une large plage de temp\u00e9rature et un support multi-interface polyvalent (Bluetooth, TTL, RS232\/RS485), le LDL-S est id\u00e9al pour l'automatisation industrielle et les applications de mesure de pr\u00e9cision.<\/p>","protected":false},"featured_media":6181,"template":"","meta":{"site-sidebar-layout":"default","site-content-layout":"","ast-site-content-layout":"default","site-content-style":"default","site-sidebar-style":"default","ast-global-header-display":"","ast-banner-title-visibility":"","ast-main-header-display":"","ast-hfb-above-header-display":"","ast-hfb-below-header-display":"","ast-hfb-mobile-header-display":"","site-post-title":"","ast-breadcrumbs-content":"","ast-featured-img":"","footer-sml-layout":"","ast-disable-related-posts":"","theme-transparent-header-meta":"default","adv-header-id-meta":"","stick-header-meta":"","header-above-stick-meta":"","header-main-stick-meta":"","header-below-stick-meta":"","astra-migrate-meta-layouts":"set","ast-page-background-enabled":"default","ast-page-background-meta":{"desktop":{"background-color":"var(--ast-global-color-4)","background-image":"","background-repeat":"repeat","background-position":"center center","background-size":"auto","background-attachment":"scroll","background-type":"","background-media":"","overlay-type":"","overlay-color":"","overlay-opacity":"","overlay-gradient":""},"tablet":{"background-color":"","background-image":"","background-repeat":"repeat","background-position":"center center","background-size":"auto","background-attachment":"scroll","background-type":"","background-media":"","overlay-type":"","overlay-color":"","overlay-opacity":"","overlay-gradient":""},"mobile":{"background-color":"","background-image":"","background-repeat":"repeat","background-position":"center center","background-size":"auto","background-attachment":"scroll","background-type":"","background-media":"","overlay-type":"","overlay-color":"","overlay-opacity":"","overlay-gradient":""}},"ast-content-background-meta":{"desktop":{"background-color":"var(--ast-global-color-5)","background-image":"","background-repeat":"repeat","background-position":"center center","background-size":"auto","background-attachment":"scroll","background-type":"","background-media":"","overlay-type":"","overlay-color":"","overlay-opacity":"","overlay-gradient":""},"tablet":{"background-color":"var(--ast-global-color-5)","background-image":"","background-repeat":"repeat","background-position":"center center","background-size":"auto","background-attachment":"scroll","background-type":"","background-media":"","overlay-type":"","overlay-color":"","overlay-opacity":"","overlay-gradient":""},"mobile":{"background-color":"var(--ast-global-color-5)","background-image":"","background-repeat":"repeat","background-position":"center center","background-size":"auto","background-attachment":"scroll","background-type":"","background-media":"","overlay-type":"","overlay-color":"","overlay-opacity":"","overlay-gradient":""}}},"product_brand":[],"product_cat":[52],"product_tag":[],"class_list":{"0":"post-6180","1":"product","2":"type-product","3":"status-publish","4":"has-post-thumbnail","6":"product_cat-phase-distance-sensor","7":"desktop-align-center","8":"tablet-align-left","9":"mobile-align-left","11":"first","12":"instock","13":"shipping-taxable","14":"product-type-simple"},"_links":{"self":[{"href":"https:\/\/meskernel.net\/fr\/wp-json\/wp\/v2\/product\/6180","targetHints":{"allow":["GET"]}}],"collection":[{"href":"https:\/\/meskernel.net\/fr\/wp-json\/wp\/v2\/product"}],"about":[{"href":"https:\/\/meskernel.net\/fr\/wp-json\/wp\/v2\/types\/product"}],"version-history":[{"count":0,"href":"https:\/\/meskernel.net\/fr\/wp-json\/wp\/v2\/product\/6180\/revisions"}],"wp:featuredmedia":[{"embeddable":true,"href":"https:\/\/meskernel.net\/fr\/wp-json\/wp\/v2\/media\/6181"}],"wp:attachment":[{"href":"https:\/\/meskernel.net\/fr\/wp-json\/wp\/v2\/media?parent=6180"}],"wp:term":[{"taxonomy":"product_brand","embeddable":true,"href":"https:\/\/meskernel.net\/fr\/wp-json\/wp\/v2\/product_brand?post=6180"},{"taxonomy":"product_cat","embeddable":true,"href":"https:\/\/meskernel.net\/fr\/wp-json\/wp\/v2\/product_cat?post=6180"},{"taxonomy":"product_tag","embeddable":true,"href":"https:\/\/meskernel.net\/fr\/wp-json\/wp\/v2\/product_tag?post=6180"}],"curies":[{"name":"wp","href":"https:\/\/api.w.org\/{rel}","templated":true}]}}