{"id":6266,"date":"2025-11-17T11:31:39","date_gmt":"2025-11-17T03:31:39","guid":{"rendered":"https:\/\/meskernel.net\/?post_type=product&#038;p=6266"},"modified":"2025-11-17T11:31:40","modified_gmt":"2025-11-17T03:31:40","slug":"preamplificateur","status":"publish","type":"product","link":"https:\/\/meskernel.net\/fr\/product\/preamplifier\/","title":{"rendered":"Module pr\u00e9amplificateur APD en silicium - D\u00e9tecteur \u00e0 haute sensibilit\u00e9 pour LIDAR, t\u00e9l\u00e9m\u00e9trie laser et mesures optiques"},"content":{"rendered":"<p data-start=\"384\" data-end=\"873\">Le module pr\u00e9amplificateur APD au silicium int\u00e8gre une photodiode \u00e0 avalanche (APD) au silicium de haute performance avec un pr\u00e9amplificateur hybride \u00e0 faible bruit, offrant une sensibilit\u00e9 exceptionnelle et une r\u00e9ponse ultra-rapide pour les syst\u00e8mes de d\u00e9tection optique avanc\u00e9s.<br data-start=\"629\" data-end=\"632\" \/>Con\u00e7u pour le LIDAR, la t\u00e9l\u00e9m\u00e9trie laser, la mesure TOF et la communication optique, le module offre d'excellentes performances dans la gamme spectrale 400-1100 nm et prend en charge la d\u00e9tection d'impulsions \u00e0 grande vitesse \u00e0 905 nm et 1064 nm.<\/p>\n<p data-start=\"875\" data-end=\"1092\">Ce module pr\u00e9amplificateur APD convient parfaitement aux mesures de distance par laser \u00e0 longue port\u00e9e, \u00e0 la cartographie LIDAR par drone, \u00e0 l'automatisation industrielle et \u00e0 l'instrumentation scientifique n\u00e9cessitant un gain \u00e9lev\u00e9 et une amplification fiable du signal.<\/p>\n<p data-start=\"875\" data-end=\"1092\"><img data-dominant-color=\"f2f3f4\" data-has-transparency=\"false\" style=\"--dominant-color: #f2f3f4;\" fetchpriority=\"high\" decoding=\"async\" class=\"aligncenter wp-image-6269 size-full not-transparent\" src=\"https:\/\/meskernel.net\/wp-content\/uploads\/2025\/11\/LIDAR-detector-module.webp\" alt=\"Module de d\u00e9tection LIDAR\" width=\"1000\" height=\"702\" srcset=\"https:\/\/meskernel.net\/wp-content\/uploads\/2025\/11\/LIDAR-detector-module.webp 1000w, https:\/\/meskernel.net\/wp-content\/uploads\/2025\/11\/LIDAR-detector-module-300x211.webp 300w, https:\/\/meskernel.net\/wp-content\/uploads\/2025\/11\/LIDAR-detector-module-768x539.webp 768w, https:\/\/meskernel.net\/wp-content\/uploads\/2025\/11\/LIDAR-detector-module-18x12.webp 18w, https:\/\/meskernel.net\/wp-content\/uploads\/2025\/11\/LIDAR-detector-module-400x281.webp 400w\" sizes=\"(max-width: 1000px) 100vw, 1000px\" \/><\/p>\n<hr data-start=\"1094\" data-end=\"1097\" \/>\n<h1 data-start=\"1099\" data-end=\"1117\"><strong data-start=\"1101\" data-end=\"1117\">Caract\u00e9ristiques principales<\/strong><\/h1>\n<ul data-start=\"1118\" data-end=\"1771\">\n<li data-start=\"1118\" data-end=\"1228\">\n<p data-start=\"1120\" data-end=\"1228\"><strong data-start=\"1120\" data-end=\"1166\">Amplification \u00e0 haute sensibilit\u00e9 et \u00e0 faible bruit<\/strong><br data-start=\"1166\" data-end=\"1169\" \/>D\u00e9tecte des signaux laser extr\u00eamement faibles sur de longues distances.<\/p>\n<\/li>\n<li data-start=\"1230\" data-end=\"1336\">\n<p data-start=\"1232\" data-end=\"1336\"><strong data-start=\"1232\" data-end=\"1264\">Temps de mont\u00e9e et de descente ultra-rapides<\/strong><br data-start=\"1264\" data-end=\"1267\" \/>Jusqu'\u00e0 2-10 ns, permettant des syst\u00e8mes TOF et laser \u00e0 impulsions \u00e0 grande vitesse.<\/p>\n<\/li>\n<li data-start=\"1338\" data-end=\"1436\">\n<p data-start=\"1340\" data-end=\"1436\"><strong data-start=\"1340\" data-end=\"1379\">Large r\u00e9ponse spectrale : 400-1100 nm<\/strong><br data-start=\"1379\" data-end=\"1382\" \/>Optimis\u00e9 pour les applications laser 905 nm et 1064 nm.<\/p>\n<\/li>\n<li data-start=\"1438\" data-end=\"1557\">\n<p data-start=\"1440\" data-end=\"1557\"><strong data-start=\"1440\" data-end=\"1480\">Pr\u00e9amplificateur APD + hybride int\u00e9gr\u00e9<\/strong><br data-start=\"1480\" data-end=\"1483\" \/>Il garantit un gain stable, une faible consommation d'\u00e9nergie et une grande pr\u00e9cision de d\u00e9tection.<\/p>\n<\/li>\n<li data-start=\"1559\" data-end=\"1662\">\n<p data-start=\"1561\" data-end=\"1662\"><strong data-start=\"1561\" data-end=\"1593\">Gamme dynamique \u00e9lev\u00e9e et faible NEP<\/strong><br data-start=\"1593\" data-end=\"1596\" \/>Convient aux syst\u00e8mes LIDAR de haute pr\u00e9cision et aux scanners laser industriels.<\/p>\n<\/li>\n<li data-start=\"1664\" data-end=\"1771\">\n<p data-start=\"1666\" data-end=\"1771\"><strong data-start=\"1666\" data-end=\"1716\">Bo\u00eetier m\u00e9tallique robuste et conception thermiquement stable<\/strong><br data-start=\"1716\" data-end=\"1719\" \/>Garantit une stabilit\u00e9 \u00e0 long terme dans les environnements difficiles.<\/p>\n<\/li>\n<\/ul>\n<hr data-start=\"1773\" data-end=\"1776\" \/>\n<h1 data-start=\"1778\" data-end=\"1804\"><strong data-start=\"1780\" data-end=\"1804\">Applications typiques<\/strong><\/h1>\n<ul data-start=\"1805\" data-end=\"2117\">\n<li data-start=\"1805\" data-end=\"1860\">\n<p data-start=\"1807\" data-end=\"1860\"><strong data-start=\"1807\" data-end=\"1824\">Syst\u00e8mes LIDAR<\/strong> (UAV, AGV, navigation autonome)<\/p>\n<\/li>\n<li data-start=\"1861\" data-end=\"1918\">\n<p data-start=\"1863\" data-end=\"1918\"><strong data-start=\"1863\" data-end=\"1916\">T\u00e9l\u00e9m\u00e8tres laser et modules de mesure de la distance<\/strong><\/p>\n<\/li>\n<li data-start=\"1919\" data-end=\"1956\">\n<p data-start=\"1921\" data-end=\"1956\"><strong data-start=\"1921\" data-end=\"1954\">Syst\u00e8mes de communication optique<\/strong><\/p>\n<\/li>\n<li data-start=\"1957\" data-end=\"1997\">\n<p data-start=\"1959\" data-end=\"1997\"><strong data-start=\"1959\" data-end=\"1995\">Mesure du temps de vol (TOF)<\/strong><\/p>\n<\/li>\n<li data-start=\"1998\" data-end=\"2040\">\n<p data-start=\"2000\" data-end=\"2040\"><strong data-start=\"2000\" data-end=\"2038\">Mesures industrielles sans contact<\/strong><\/p>\n<\/li>\n<li data-start=\"2041\" data-end=\"2079\">\n<p data-start=\"2043\" data-end=\"2079\"><strong data-start=\"2043\" data-end=\"2077\">Instruments optiques scientifiques<\/strong><\/p>\n<\/li>\n<li data-start=\"2080\" data-end=\"2117\">\n<p data-start=\"2082\" data-end=\"2117\"><strong data-start=\"2082\" data-end=\"2117\">Syst\u00e8mes de d\u00e9tection APD \u00e0 gain \u00e9lev\u00e9<\/strong><\/p>\n<\/li>\n<\/ul>\n<hr data-start=\"2268\" data-end=\"2271\" \/>\n<h1 data-start=\"2273\" data-end=\"2295\"><strong data-start=\"2275\" data-end=\"2295\">Variantes de produits<\/strong><\/h1>\n<p data-start=\"2296\" data-end=\"2365\">Nous proposons deux mod\u00e8les optimis\u00e9s pour des exigences de performance diff\u00e9rentes :<\/p>\n<hr data-start=\"2367\" data-end=\"2370\" \/>\n<h2 data-start=\"2372\" data-end=\"2435\">\ud83d\udfe6 <strong data-start=\"2378\" data-end=\"2435\">Module A - Pr\u00e9amplificateur APD standard \u00e0 haute sensibilit\u00e9<\/strong><\/h2>\n<h3 data-start=\"2436\" data-end=\"2462\"><strong data-start=\"2440\" data-end=\"2462\">Principales sp\u00e9cifications<\/strong><\/h3>\n<ul data-start=\"2463\" data-end=\"2831\">\n<li data-start=\"2463\" data-end=\"2501\">\n<p data-start=\"2465\" data-end=\"2501\"><strong data-start=\"2465\" data-end=\"2487\">R\u00e9ponse spectrale :<\/strong> 400-1100 nm<\/p>\n<\/li>\n<li data-start=\"2502\" data-end=\"2533\">\n<p data-start=\"2504\" data-end=\"2533\"><strong data-start=\"2504\" data-end=\"2524\">Diam\u00e8tre actif :<\/strong> 0,8 mm<\/p>\n<\/li>\n<li data-start=\"2534\" data-end=\"2570\">\n<p data-start=\"2536\" data-end=\"2570\"><strong data-start=\"2536\" data-end=\"2558\">Tension de rupture :<\/strong> 400-480 V<\/p>\n<\/li>\n<li data-start=\"2571\" data-end=\"2607\">\n<p data-start=\"2573\" data-end=\"2607\"><strong data-start=\"2573\" data-end=\"2595\">Tension de fonctionnement :<\/strong> 0,9 \u00d7 VBR<\/p>\n<\/li>\n<li data-start=\"2608\" data-end=\"2648\">\n<p data-start=\"2610\" data-end=\"2648\"><strong data-start=\"2610\" data-end=\"2627\">R\u00e9activit\u00e9 :<\/strong> 150 kV\/W \u00e0 1064 nm<\/p>\n<\/li>\n<li data-start=\"2649\" data-end=\"2677\">\n<p data-start=\"2651\" data-end=\"2677\"><strong data-start=\"2651\" data-end=\"2669\">Gamme dynamique :<\/strong> 25 dB<\/p>\n<\/li>\n<li data-start=\"2678\" data-end=\"2703\">\n<p data-start=\"2680\" data-end=\"2703\"><strong data-start=\"2680\" data-end=\"2694\">Largeur de bande :<\/strong> 35 MHz<\/p>\n<\/li>\n<li data-start=\"2704\" data-end=\"2733\">\n<p data-start=\"2706\" data-end=\"2733\"><strong data-start=\"2706\" data-end=\"2725\">Temps de mont\u00e9e\/descente :<\/strong> 10 ns<\/p>\n<\/li>\n<li data-start=\"2734\" data-end=\"2758\">\n<p data-start=\"2736\" data-end=\"2758\"><strong data-start=\"2736\" data-end=\"2744\">NEP :<\/strong> 0,20 pW\/\u221aHz<\/p>\n<\/li>\n<li data-start=\"2759\" data-end=\"2789\">\n<p data-start=\"2761\" data-end=\"2789\"><strong data-start=\"2761\" data-end=\"2782\">Imp\u00e9dance de sortie :<\/strong> 33 \u03a9<\/p>\n<\/li>\n<li data-start=\"2790\" data-end=\"2831\">\n<p data-start=\"2792\" data-end=\"2831\"><strong data-start=\"2792\" data-end=\"2814\">Plage de temp\u00e9rature :<\/strong> De -45\u00b0C \u00e0 +70\u00b0C<\/p>\n<\/li>\n<\/ul>\n<p data-start=\"2833\" data-end=\"2978\"><strong data-start=\"2833\" data-end=\"2849\">Positionnement :<\/strong><br data-start=\"2849\" data-end=\"2852\" \/>Id\u00e9al pour les syst\u00e8mes de t\u00e9l\u00e9m\u00e9trie laser n\u00e9cessitant une d\u00e9tection stable, une largeur de bande mod\u00e9r\u00e9e et un excellent rapport signal\/bruit.<\/p>\n<hr data-start=\"2980\" data-end=\"2983\" \/>\n<h2 data-start=\"2985\" data-end=\"3049\">\ud83d\udfe9 <strong data-start=\"2991\" data-end=\"3049\">Module B - Pr\u00e9amplificateur APD ultra-rapide \u00e0 large bande passante<\/strong><\/h2>\n<h3 data-start=\"3050\" data-end=\"3076\"><strong data-start=\"3054\" data-end=\"3076\">Principales sp\u00e9cifications<\/strong><\/h3>\n<ul data-start=\"3077\" data-end=\"3450\">\n<li data-start=\"3077\" data-end=\"3115\">\n<p data-start=\"3079\" data-end=\"3115\"><strong data-start=\"3079\" data-end=\"3101\">R\u00e9ponse spectrale :<\/strong> 400-1100 nm<\/p>\n<\/li>\n<li data-start=\"3116\" data-end=\"3147\">\n<p data-start=\"3118\" data-end=\"3147\"><strong data-start=\"3118\" data-end=\"3138\">Diam\u00e8tre actif :<\/strong> 0,8 mm<\/p>\n<\/li>\n<li data-start=\"3148\" data-end=\"3184\">\n<p data-start=\"3150\" data-end=\"3184\"><strong data-start=\"3150\" data-end=\"3172\">Tension de rupture :<\/strong> 300-500 V<\/p>\n<\/li>\n<li data-start=\"3185\" data-end=\"3221\">\n<p data-start=\"3187\" data-end=\"3221\"><strong data-start=\"3187\" data-end=\"3209\">Tension de fonctionnement :<\/strong> 0,9 \u00d7 VBR<\/p>\n<\/li>\n<li data-start=\"3222\" data-end=\"3262\">\n<p data-start=\"3224\" data-end=\"3262\"><strong data-start=\"3224\" data-end=\"3241\">R\u00e9activit\u00e9 :<\/strong> 200 kV\/W \u00e0 1064 nm<\/p>\n<\/li>\n<li data-start=\"3263\" data-end=\"3291\">\n<p data-start=\"3265\" data-end=\"3291\"><strong data-start=\"3265\" data-end=\"3283\">Gamme dynamique :<\/strong> 25 dB<\/p>\n<\/li>\n<li data-start=\"3292\" data-end=\"3318\">\n<p data-start=\"3294\" data-end=\"3318\"><strong data-start=\"3294\" data-end=\"3308\">Largeur de bande :<\/strong> 170 MHz<\/p>\n<\/li>\n<li data-start=\"3319\" data-end=\"3347\">\n<p data-start=\"3321\" data-end=\"3347\"><strong data-start=\"3321\" data-end=\"3340\">Temps de mont\u00e9e\/descente :<\/strong> 2 ns<\/p>\n<\/li>\n<li data-start=\"3348\" data-end=\"3377\">\n<p data-start=\"3350\" data-end=\"3377\"><strong data-start=\"3350\" data-end=\"3358\">NEP :<\/strong> 0,15-0,20 pW\/\u221aHz<\/p>\n<\/li>\n<li data-start=\"3378\" data-end=\"3408\">\n<p data-start=\"3380\" data-end=\"3408\"><strong data-start=\"3380\" data-end=\"3401\">Imp\u00e9dance de sortie :<\/strong> 50 \u03a9<\/p>\n<\/li>\n<li data-start=\"3409\" data-end=\"3450\">\n<p data-start=\"3411\" data-end=\"3450\"><strong data-start=\"3411\" data-end=\"3433\">Plage de temp\u00e9rature :<\/strong> De -55\u00b0C \u00e0 +85\u00b0C<\/p>\n<\/li>\n<\/ul>\n<p data-start=\"3452\" data-end=\"3624\"><strong data-start=\"3452\" data-end=\"3468\">Positionnement :<\/strong><br data-start=\"3468\" data-end=\"3471\" \/>Con\u00e7u pour les applications n\u00e9cessitant une r\u00e9ponse ultra-rapide au signal, telles que<br data-start=\"3543\" data-end=\"3546\" \/>Cartographie LIDAR par drone, syst\u00e8mes TOF \u00e0 grande vitesse et communication optique rapide.<\/p>\n<hr data-start=\"3626\" data-end=\"3629\" \/>\n<h1 data-start=\"3631\" data-end=\"3667\"><strong data-start=\"3633\" data-end=\"3667\">Configuration \u00e9lectrique et des broches<\/strong><\/h1>\n<h3 data-start=\"3668\" data-end=\"3688\"><strong data-start=\"3672\" data-end=\"3688\">Alimentation \u00e9lectrique<\/strong><\/h3>\n<ul data-start=\"3689\" data-end=\"3756\">\n<li data-start=\"3689\" data-end=\"3720\">\n<p data-start=\"3691\" data-end=\"3720\"><strong data-start=\"3691\" data-end=\"3713\">Tension de fonctionnement :<\/strong> \u00b15 V<\/p>\n<\/li>\n<li data-start=\"3721\" data-end=\"3756\">\n<p data-start=\"3723\" data-end=\"3756\"><strong data-start=\"3723\" data-end=\"3744\">Tension de polarisation de l'APD :<\/strong> 0,9 \u00d7 VBR<\/p>\n<\/li>\n<\/ul>\n<h3 data-start=\"3758\" data-end=\"3779\"><strong data-start=\"3762\" data-end=\"3779\">Fonctions des broches<\/strong><\/h3>\n<div class=\"_tableContainer_1rjym_1\">\n<div class=\"group _tableWrapper_1rjym_13 flex w-fit flex-col-reverse\" tabindex=\"-1\">\n<table class=\"w-fit min-w-(--thread-content-width)\" data-start=\"3780\" data-end=\"4055\">\n<thead data-start=\"3780\" data-end=\"3798\">\n<tr data-start=\"3780\" data-end=\"3798\">\n<th data-start=\"3780\" data-end=\"3786\" data-col-size=\"sm\">\u00c9pingle<\/th>\n<th data-start=\"3786\" data-end=\"3798\" data-col-size=\"sm\">Fonction<\/th>\n<\/tr>\n<\/thead>\n<tbody data-start=\"3822\" data-end=\"4055\">\n<tr data-start=\"3822\" data-end=\"3850\">\n<td data-start=\"3822\" data-end=\"3826\" data-col-size=\"sm\">1<\/td>\n<td data-start=\"3826\" data-end=\"3850\" data-col-size=\"sm\">Signal de sortie (VOUT)<\/td>\n<\/tr>\n<tr data-start=\"3851\" data-end=\"3874\">\n<td data-start=\"3851\" data-end=\"3858\" data-col-size=\"sm\">6\/10<\/td>\n<td data-start=\"3858\" data-end=\"3874\" data-col-size=\"sm\">Masse (GND)<\/td>\n<\/tr>\n<tr data-start=\"3875\" data-end=\"3912\">\n<td data-start=\"3875\" data-end=\"3879\" data-col-size=\"sm\">3<\/td>\n<td data-start=\"3879\" data-end=\"3912\" data-col-size=\"sm\">Biais n\u00e9gatif de l'amplificateur (VEE)<\/td>\n<\/tr>\n<tr data-start=\"3913\" data-end=\"3951\">\n<td data-start=\"3913\" data-end=\"3918\" data-col-size=\"sm\">12<\/td>\n<td data-start=\"3918\" data-end=\"3951\" data-col-size=\"sm\">Biais positif de l'amplificateur (VCC)<\/td>\n<\/tr>\n<tr data-start=\"3952\" data-end=\"3981\">\n<td data-start=\"3952\" data-end=\"3956\" data-col-size=\"sm\">4<\/td>\n<td data-col-size=\"sm\" data-start=\"3956\" data-end=\"3981\">Tension de polarisation de l'APD (VR)<\/td>\n<\/tr>\n<tr data-start=\"3982\" data-end=\"4031\">\n<td data-start=\"3982\" data-end=\"3988\" data-col-size=\"sm\">8\/9<\/td>\n<td data-col-size=\"sm\" data-start=\"3988\" data-end=\"4031\">Diode de d\u00e9tection de temp\u00e9rature (+VTH \/ -VTH)<\/td>\n<\/tr>\n<tr data-start=\"4032\" data-end=\"4055\">\n<td data-start=\"4032\" data-end=\"4041\" data-col-size=\"sm\">Autres<\/td>\n<td data-col-size=\"sm\" data-start=\"4041\" data-end=\"4055\">N.C. ou GND<\/td>\n<\/tr>\n<\/tbody>\n<\/table>\n<\/div>\n<\/div>\n<hr data-start=\"4057\" data-end=\"4060\" \/>\n<h1 data-start=\"4062\" data-end=\"4092\"><strong data-start=\"4064\" data-end=\"4092\">Valeurs maximales absolues<\/strong><\/h1>\n<ul data-start=\"4093\" data-end=\"4315\">\n<li data-start=\"4093\" data-end=\"4140\">\n<p data-start=\"4095\" data-end=\"4140\"><strong data-start=\"4095\" data-end=\"4117\">Tension de fonctionnement :<\/strong> \u00b19 V (A), \u00b15,5 V (B)<\/p>\n<\/li>\n<li data-start=\"4141\" data-end=\"4177\">\n<p data-start=\"4143\" data-end=\"4177\"><strong data-start=\"4143\" data-end=\"4164\">Biais maximal de l'APD :<\/strong> 0,95 \u00d7 VBR<\/p>\n<\/li>\n<li data-start=\"4178\" data-end=\"4222\">\n<p data-start=\"4180\" data-end=\"4222\"><strong data-start=\"4180\" data-end=\"4204\">Temp\u00e9rature de stockage :<\/strong> De -55\u00b0C \u00e0 +100\u00b0C<\/p>\n<\/li>\n<li data-start=\"4223\" data-end=\"4315\">\n<p data-start=\"4225\" data-end=\"4253\"><strong data-start=\"4225\" data-end=\"4251\">Temp\u00e9rature de fonctionnement :<\/strong><\/p>\n<ul data-start=\"4256\" data-end=\"4315\">\n<li data-start=\"4256\" data-end=\"4284\">\n<p data-start=\"4258\" data-end=\"4284\">Module A : -45\u00b0C \u00e0 +70\u00b0C<\/p>\n<\/li>\n<li data-start=\"4287\" data-end=\"4315\">\n<p data-start=\"4289\" data-end=\"4315\">Module B : -55\u00b0C \u00e0 +85\u00b0C<\/p>\n<\/li>\n<\/ul>\n<\/li>\n<\/ul>\n<hr data-start=\"4317\" data-end=\"4320\" \/>\n<h1 data-start=\"4322\" data-end=\"4349\"><strong data-start=\"4324\" data-end=\"4349\">Dimensions m\u00e9caniques<\/strong><\/h1>\n<p data-start=\"4350\" data-end=\"4467\">Bo\u00eetier m\u00e9tallique avec fen\u00eatre optique de protection.<br data-start=\"4395\" data-end=\"4398\" \/><img data-dominant-color=\"edeeef\" data-has-transparency=\"false\" style=\"--dominant-color: #edeeef;\" decoding=\"async\" class=\"wp-image-6267 size-full aligncenter not-transparent\" src=\"https:\/\/meskernel.net\/wp-content\/uploads\/2025\/11\/APD-receiver-module.webp\" alt=\"Module r\u00e9cepteur APD\" width=\"1000\" height=\"700\" srcset=\"https:\/\/meskernel.net\/wp-content\/uploads\/2025\/11\/APD-receiver-module.webp 1000w, https:\/\/meskernel.net\/wp-content\/uploads\/2025\/11\/APD-receiver-module-300x210.webp 300w, https:\/\/meskernel.net\/wp-content\/uploads\/2025\/11\/APD-receiver-module-768x538.webp 768w, https:\/\/meskernel.net\/wp-content\/uploads\/2025\/11\/APD-receiver-module-18x12.webp 18w, https:\/\/meskernel.net\/wp-content\/uploads\/2025\/11\/APD-receiver-module-400x280.webp 400w\" sizes=\"(max-width: 1000px) 100vw, 1000px\" \/><\/p>\n<hr data-start=\"4469\" data-end=\"4472\" \/>\n<h1 data-start=\"4474\" data-end=\"4532\"><strong data-start=\"4476\" data-end=\"4532\">Avantages pour les int\u00e9grateurs de syst\u00e8mes industriels et LIDAR<\/strong><\/h1>\n<ul data-start=\"4533\" data-end=\"4836\">\n<li data-start=\"4533\" data-end=\"4578\">\n<p data-start=\"4535\" data-end=\"4578\">Performances sup\u00e9rieures de d\u00e9tection \u00e0 longue port\u00e9e<\/p>\n<\/li>\n<li data-start=\"4579\" data-end=\"4616\">\n<p data-start=\"4581\" data-end=\"4616\">Conception d'un pr\u00e9amplificateur pr\u00eat \u00e0 l'emploi<\/p>\n<\/li>\n<li data-start=\"4617\" data-end=\"4673\">\n<p data-start=\"4619\" data-end=\"4673\">Excellente fiabilit\u00e9 dans une large gamme de temp\u00e9ratures<\/p>\n<\/li>\n<li data-start=\"4674\" data-end=\"4721\">\n<p data-start=\"4676\" data-end=\"4721\">Gain constant pour une mesure pr\u00e9cise du TOF<\/p>\n<\/li>\n<li data-start=\"4722\" data-end=\"4785\">\n<p data-start=\"4724\" data-end=\"4785\">Remplacement id\u00e9al des solutions traditionnelles PIN + amplificateur<\/p>\n<\/li>\n<li data-start=\"4786\" data-end=\"4836\">\n<p data-start=\"4788\" data-end=\"4836\">Con\u00e7u pour la production de masse et l'int\u00e9gration OEM<\/p>\n<\/li>\n<\/ul>\n<p data-start=\"4838\" data-end=\"4921\"><strong data-start=\"4838\" data-end=\"4921\">(Incorpore : \u201cmodule APD OEM\u201d, \u201cd\u00e9tecteur APD LIDAR\u201d, \u201ccapteur APD industriel\u201d)<\/strong><\/p>","protected":false},"excerpt":{"rendered":"<p>Module pr\u00e9amplificateur APD en silicium \u00e0 haute performance avec r\u00e9ponse ultra rapide et faible bruit pour LIDAR, mesure de distance par laser, d\u00e9tection TOF et d\u00e9tection 1064 nm\/905 nm.<\/p>","protected":false},"featured_media":6268,"template":"","meta":{"site-sidebar-layout":"default","site-content-layout":"","ast-site-content-layout":"default","site-content-style":"default","site-sidebar-style":"default","ast-global-header-display":"","ast-banner-title-visibility":"","ast-main-header-display":"","ast-hfb-above-header-display":"","ast-hfb-below-header-display":"","ast-hfb-mobile-header-display":"","site-post-title":"","ast-breadcrumbs-content":"","ast-featured-img":"","footer-sml-layout":"","ast-disable-related-posts":"","theme-transparent-header-meta":"default","adv-header-id-meta":"","stick-header-meta":"","header-above-stick-meta":"","header-main-stick-meta":"","header-below-stick-meta":"","astra-migrate-meta-layouts":"set","ast-page-background-enabled":"default","ast-page-background-meta":{"desktop":{"background-color":"var(--ast-global-color-4)","background-image":"","background-repeat":"repeat","background-position":"center center","background-size":"auto","background-attachment":"scroll","background-type":"","background-media":"","overlay-type":"","overlay-color":"","overlay-opacity":"","overlay-gradient":""},"tablet":{"background-color":"","background-image":"","background-repeat":"repeat","background-position":"center center","background-size":"auto","background-attachment":"scroll","background-type":"","background-media":"","overlay-type":"","overlay-color":"","overlay-opacity":"","overlay-gradient":""},"mobile":{"background-color":"","background-image":"","background-repeat":"repeat","background-position":"center center","background-size":"auto","background-attachment":"scroll","background-type":"","background-media":"","overlay-type":"","overlay-color":"","overlay-opacity":"","overlay-gradient":""}},"ast-content-background-meta":{"desktop":{"background-color":"var(--ast-global-color-5)","background-image":"","background-repeat":"repeat","background-position":"center center","background-size":"auto","background-attachment":"scroll","background-type":"","background-media":"","overlay-type":"","overlay-color":"","overlay-opacity":"","overlay-gradient":""},"tablet":{"background-color":"var(--ast-global-color-5)","background-image":"","background-repeat":"repeat","background-position":"center center","background-size":"auto","background-attachment":"scroll","background-type":"","background-media":"","overlay-type":"","overlay-color":"","overlay-opacity":"","overlay-gradient":""},"mobile":{"background-color":"var(--ast-global-color-5)","background-image":"","background-repeat":"repeat","background-position":"center center","background-size":"auto","background-attachment":"scroll","background-type":"","background-media":"","overlay-type":"","overlay-color":"","overlay-opacity":"","overlay-gradient":""}}},"product_brand":[],"product_cat":[62],"product_tag":[],"class_list":{"0":"post-6266","1":"product","2":"type-product","3":"status-publish","4":"has-post-thumbnail","6":"product_cat-detectors-components","7":"desktop-align-center","8":"tablet-align-left","9":"mobile-align-left","11":"first","12":"instock","13":"shipping-taxable","14":"product-type-simple"},"_links":{"self":[{"href":"https:\/\/meskernel.net\/fr\/wp-json\/wp\/v2\/product\/6266","targetHints":{"allow":["GET"]}}],"collection":[{"href":"https:\/\/meskernel.net\/fr\/wp-json\/wp\/v2\/product"}],"about":[{"href":"https:\/\/meskernel.net\/fr\/wp-json\/wp\/v2\/types\/product"}],"version-history":[{"count":0,"href":"https:\/\/meskernel.net\/fr\/wp-json\/wp\/v2\/product\/6266\/revisions"}],"wp:featuredmedia":[{"embeddable":true,"href":"https:\/\/meskernel.net\/fr\/wp-json\/wp\/v2\/media\/6268"}],"wp:attachment":[{"href":"https:\/\/meskernel.net\/fr\/wp-json\/wp\/v2\/media?parent=6266"}],"wp:term":[{"taxonomy":"product_brand","embeddable":true,"href":"https:\/\/meskernel.net\/fr\/wp-json\/wp\/v2\/product_brand?post=6266"},{"taxonomy":"product_cat","embeddable":true,"href":"https:\/\/meskernel.net\/fr\/wp-json\/wp\/v2\/product_cat?post=6266"},{"taxonomy":"product_tag","embeddable":true,"href":"https:\/\/meskernel.net\/fr\/wp-json\/wp\/v2\/product_tag?post=6266"}],"curies":[{"name":"wp","href":"https:\/\/api.w.org\/{rel}","templated":true}]}}