{"id":6278,"date":"2025-11-17T11:33:03","date_gmt":"2025-11-17T03:33:03","guid":{"rendered":"https:\/\/meskernel.net\/?post_type=product&#038;p=6278"},"modified":"2025-11-17T11:33:04","modified_gmt":"2025-11-17T03:33:04","slug":"capteur-ccd","status":"publish","type":"product","link":"https:\/\/meskernel.net\/fr\/product\/ccd-sensor\/","title":{"rendered":"Capteur CCD r\u00e9tro-\u00e9clair\u00e9 de 2000\u00d7256 \u00e9l\u00e9ments"},"content":{"rendered":"<p data-start=\"1198\" data-end=\"1275\"><strong data-start=\"1198\" data-end=\"1275\">CCD pleine image \u00e0 haute sensibilit\u00e9 pour la spectroscopie et les instruments scientifiques<\/strong><\/p>\n<p data-start=\"1277\" data-end=\"1726\">Le capteur CCD r\u00e9tro-\u00e9clair\u00e9 de 2000\u00d7256 \u00e9l\u00e9ments est un capteur CCD scientifique plein cadre hautes performances optimis\u00e9 pour la spectroscopie, les mesures optiques de pr\u00e9cision et l'imagerie scientifique \u00e0 faible luminosit\u00e9. Dot\u00e9 de 2048 (H) \u00d7 264 (V) pixels effectifs avec une architecture de pixels de 15 \u03bcm \u00d7 15 \u03bcm, ce capteur offre une sensibilit\u00e9, une uniformit\u00e9 et une stabilit\u00e9 exceptionnelles, ce qui le rend id\u00e9al pour les d\u00e9veloppeurs d'instruments OEM \u00e0 la recherche d'un d\u00e9tecteur CCD fiable.<\/p>\n<p data-start=\"1728\" data-end=\"2079\">Con\u00e7u pour un bruit ultra-faible et un faible courant d'obscurit\u00e9, le dispositif atteint des performances optimales lorsqu'il est utilis\u00e9 \u00e0 -60\u00b0C, g\u00e9n\u00e9ralement en utilisant un bo\u00eetier DIL en c\u00e9ramique ou un bo\u00eetier refroidi par thermo\u00e9lectricit\u00e9 (TE). Avec une efficacit\u00e9 quantique de pointe de \u226585%, il offre une superbe efficacit\u00e9 de collecte de photons pour les applications spectrales et analytiques exigeantes.<\/p>\n<p data-start=\"1728\" data-end=\"2079\"><img data-dominant-color=\"e5ddc0\" data-has-transparency=\"false\" style=\"--dominant-color: #e5ddc0;\" fetchpriority=\"high\" decoding=\"async\" class=\"aligncenter wp-image-6279 size-full not-transparent\" src=\"https:\/\/meskernel.net\/wp-content\/uploads\/2025\/11\/2000\u00d7256-El\u00e9ments-Capteur-CCD r\u00e9tro-\u00e9clair\u00e9.webp\" alt=\"Capteur CCD r\u00e9tro-\u00e9clair\u00e9 de 2000\u00d7256 \u00e9l\u00e9ments\" width=\"800\" height=\"800\" srcset=\"\" sizes=\"(max-width: 800px) 100vw, 800px\" data-srcset=\"\" \/><\/p>\n<hr data-start=\"2081\" data-end=\"2084\" \/>\n<h2 data-start=\"2086\" data-end=\"2105\"><strong data-start=\"2089\" data-end=\"2105\">Caract\u00e9ristiques principales<\/strong><\/h2>\n<ul data-start=\"2106\" data-end=\"2527\">\n<li data-start=\"2106\" data-end=\"2186\">\n<p data-start=\"2108\" data-end=\"2186\"><strong data-start=\"2108\" data-end=\"2138\">Structure r\u00e9tro-\u00e9clair\u00e9e<\/strong> pour une efficacit\u00e9 quantique \u00e9lev\u00e9e (\u226580%, pic \u226585%)<\/p>\n<\/li>\n<li data-start=\"2187\" data-end=\"2256\">\n<p data-start=\"2189\" data-end=\"2256\"><strong data-start=\"2189\" data-end=\"2224\">Capteur spectroscopique plein cadre<\/strong> avec de grands pixels de 15 \u03bcm<\/p>\n<\/li>\n<li data-start=\"2257\" data-end=\"2321\">\n<p data-start=\"2259\" data-end=\"2321\"><strong data-start=\"2259\" data-end=\"2286\">Faible bruit de lecture \u22647 e-<\/strong> pour une d\u00e9tection pr\u00e9cise en cas de faible luminosit\u00e9<\/p>\n<\/li>\n<li data-start=\"2322\" data-end=\"2373\">\n<p data-start=\"2324\" data-end=\"2373\"><strong data-start=\"2324\" data-end=\"2371\">Excellent signal d'obscurit\u00e9 \u2264<\/strong>0,3 e-\/pixel\/sec<\/p>\n<\/li>\n<li data-start=\"2374\" data-end=\"2439\">\n<p data-start=\"2376\" data-end=\"2439\"><strong data-start=\"2376\" data-end=\"2412\">Capacit\u00e9 \u00e9lev\u00e9e du puits plein \u2265<\/strong>150 ke<strong data-start=\"2376\" data-end=\"2412\">\u207b<\/strong> pour une gamme dynamique \u00e9lev\u00e9e<\/p>\n<\/li>\n<li data-start=\"2440\" data-end=\"2489\">\n<p data-start=\"2442\" data-end=\"2489\"><strong data-start=\"2442\" data-end=\"2487\">Acquisition spectrale rapide - <\/strong>jusqu'\u00e0 100 fps<\/p>\n<\/li>\n<li data-start=\"2490\" data-end=\"2527\">\n<p data-start=\"2492\" data-end=\"2527\"><strong data-start=\"2492\" data-end=\"2511\">Grande uniformit\u00e9<\/strong> avec PRNU \u22641%<\/p>\n<\/li>\n<\/ul>\n<hr data-start=\"2529\" data-end=\"2532\" \/>\n<h2 data-start=\"2534\" data-end=\"2561\"><strong data-start=\"2537\" data-end=\"2561\">Applications typiques<\/strong><\/h2>\n<ul data-start=\"2562\" data-end=\"2832\">\n<li data-start=\"2562\" data-end=\"2605\">\n<p data-start=\"2564\" data-end=\"2605\">Instruments de spectroscopie UV-VIS-NIR<\/p>\n<\/li>\n<li data-start=\"2606\" data-end=\"2628\">\n<p data-start=\"2608\" data-end=\"2628\">Spectroscopie Raman<\/p>\n<\/li>\n<li data-start=\"2629\" data-end=\"2654\">\n<p data-start=\"2631\" data-end=\"2654\">Analyse de la fluorescence<\/p>\n<\/li>\n<li data-start=\"2655\" data-end=\"2685\">\n<p data-start=\"2657\" data-end=\"2685\">Syst\u00e8mes d'imagerie scientifique<\/p>\n<\/li>\n<li data-start=\"2686\" data-end=\"2716\">\n<p data-start=\"2688\" data-end=\"2716\">Instruments de laboratoire<\/p>\n<\/li>\n<li data-start=\"2717\" data-end=\"2762\">\n<p data-start=\"2719\" data-end=\"2762\">Dispositifs optiques de mesure et de m\u00e9trologie<\/p>\n<\/li>\n<li data-start=\"2763\" data-end=\"2832\">\n<p data-start=\"2765\" data-end=\"2832\">\u00c9quipement analytique OEM n\u00e9cessitant des d\u00e9tecteurs CCD \u00e0 haute sensibilit\u00e9<\/p>\n<\/li>\n<\/ul>\n<hr data-start=\"2834\" data-end=\"2837\" \/>\n<h2 data-start=\"2839\" data-end=\"2872\"><strong data-start=\"2842\" data-end=\"2870\">Sp\u00e9cifications techniques<\/strong><\/h2>\n<div class=\"_tableContainer_1rjym_1\">\n<div class=\"group _tableWrapper_1rjym_13 flex w-fit flex-col-reverse\" tabindex=\"-1\">\n<table class=\"w-fit min-w-(--thread-content-width)\" data-start=\"2873\" data-end=\"3343\">\n<thead data-start=\"2873\" data-end=\"2902\">\n<tr data-start=\"2873\" data-end=\"2902\">\n<th data-start=\"2873\" data-end=\"2889\" data-col-size=\"sm\"><strong data-start=\"2875\" data-end=\"2888\">Param\u00e8tres<\/strong><\/th>\n<th data-start=\"2889\" data-end=\"2902\" data-col-size=\"sm\"><strong data-start=\"2891\" data-end=\"2900\">Valeur<\/strong><\/th>\n<\/tr>\n<\/thead>\n<tbody data-start=\"2933\" data-end=\"3343\">\n<tr data-start=\"2933\" data-end=\"2971\">\n<td data-start=\"2933\" data-end=\"2949\" data-col-size=\"sm\">Pixels actifs<\/td>\n<td data-col-size=\"sm\" data-start=\"2949\" data-end=\"2971\">2000 (H) \u00d7 256 (V)<\/td>\n<\/tr>\n<tr data-start=\"2972\" data-end=\"3002\">\n<td data-start=\"2972\" data-end=\"2985\" data-col-size=\"sm\">Taille du pixel<\/td>\n<td data-col-size=\"sm\" data-start=\"2985\" data-end=\"3002\">15 \u03bcm \u00d7 15 \u03bcm<\/td>\n<\/tr>\n<tr data-start=\"3003\" data-end=\"3041\">\n<td data-start=\"3003\" data-end=\"3023\" data-col-size=\"sm\">Zone d'image active<\/td>\n<td data-col-size=\"sm\" data-start=\"3023\" data-end=\"3041\">30 mm \u00d7 3,8 mm<\/td>\n<\/tr>\n<tr data-start=\"3042\" data-end=\"3073\">\n<td data-start=\"3042\" data-end=\"3059\" data-col-size=\"sm\">Mode de fonctionnement<\/td>\n<td data-col-size=\"sm\" data-start=\"3059\" data-end=\"3073\">Plein cadre<\/td>\n<\/tr>\n<tr data-start=\"3074\" data-end=\"3107\">\n<td data-start=\"3074\" data-end=\"3095\" data-col-size=\"sm\">Capacit\u00e9 du puits complet<\/td>\n<td data-col-size=\"sm\" data-start=\"3095\" data-end=\"3107\">\u2265150 ke-<\/td>\n<\/tr>\n<tr data-start=\"3108\" data-end=\"3149\">\n<td data-start=\"3108\" data-end=\"3137\" data-col-size=\"sm\">Saturation du registre de sortie<\/td>\n<td data-col-size=\"sm\" data-start=\"3137\" data-end=\"3149\">\u2265300 ke-<\/td>\n<\/tr>\n<tr data-start=\"3150\" data-end=\"3175\">\n<td data-start=\"3150\" data-end=\"3166\" data-col-size=\"sm\">Bruit de lecture<\/td>\n<td data-col-size=\"sm\" data-start=\"3166\" data-end=\"3175\">\u22647 e-<\/td>\n<\/tr>\n<tr data-start=\"3176\" data-end=\"3212\">\n<td data-start=\"3176\" data-end=\"3191\" data-col-size=\"sm\">Courant noir<\/td>\n<td data-col-size=\"sm\" data-start=\"3191\" data-end=\"3212\">\u22640,3 e-\/pixel\/sec<\/td>\n<\/tr>\n<tr data-start=\"3213\" data-end=\"3255\">\n<td data-start=\"3213\" data-end=\"3247\" data-col-size=\"sm\">Efficacit\u00e9 quantique (540-700 nm)<\/td>\n<td data-col-size=\"sm\" data-start=\"3247\" data-end=\"3255\">\u226580%<\/td>\n<\/tr>\n<tr data-start=\"3256\" data-end=\"3290\">\n<td data-start=\"3256\" data-end=\"3282\" data-col-size=\"sm\">Efficacit\u00e9 quantique maximale<\/td>\n<td data-col-size=\"sm\" data-start=\"3282\" data-end=\"3290\">\u226585%<\/td>\n<\/tr>\n<tr data-start=\"3291\" data-end=\"3328\">\n<td data-start=\"3291\" data-end=\"3317\" data-col-size=\"sm\">Fr\u00e9quence d'image spectrale maximale<\/td>\n<td data-col-size=\"sm\" data-start=\"3317\" data-end=\"3328\">100 fps<\/td>\n<\/tr>\n<tr data-start=\"3329\" data-end=\"3343\">\n<td data-start=\"3329\" data-end=\"3336\" data-col-size=\"sm\">PRNU<\/td>\n<td data-start=\"3336\" data-end=\"3343\" data-col-size=\"sm\">\u22641%<\/td>\n<\/tr>\n<\/tbody>\n<\/table>\n<\/div>\n<\/div>\n<hr data-start=\"3345\" data-end=\"3348\" \/>\n<h2 data-start=\"3350\" data-end=\"3401\"><strong data-start=\"3353\" data-end=\"3401\">Pourquoi choisir ce capteur CCD r\u00e9tro-\u00e9clair\u00e9 ?<\/strong><\/h2>\n<p data-start=\"3402\" data-end=\"3740\">Pour les fabricants d'instruments et les chercheurs qui recherchent une grande pr\u00e9cision, un faible bruit et une excellente sensibilit\u00e9 spectrale, ce CCD constitue l'une des solutions les plus \u00e9conomiques et les plus stables. Les caract\u00e9ristiques de QE \u00e9lev\u00e9 et de faible bruit garantissent des performances fiables pour la spectroscopie, les instruments de laboratoire et les plates-formes de d\u00e9tection OEM.<\/p>\n<p data-start=\"3742\" data-end=\"3939\">Le capteur convient \u00e9galement aux clients qui souhaitent acheter des capteurs CCD, int\u00e9grer des modules CCD OEM ou mettre \u00e0 niveau des d\u00e9tecteurs de spectrom\u00e8tre existants avec un CCD r\u00e9tro-\u00e9clair\u00e9 \u00e0 haute sensibilit\u00e9.<\/p>\n<hr data-start=\"3941\" data-end=\"3944\" \/>\n<h2 data-start=\"3946\" data-end=\"3978\"><strong data-start=\"3949\" data-end=\"3978\">Int\u00e9gration et support OEM<\/strong><\/h2>\n<p data-start=\"3979\" data-end=\"3990\">Nous fournissons :<\/p>\n<ul data-start=\"3991\" data-end=\"4118\">\n<li data-start=\"3991\" data-end=\"4019\">\n<p data-start=\"3993\" data-end=\"4019\">Personnalisation des modules OEM<\/p>\n<\/li>\n<li data-start=\"4020\" data-end=\"4049\">\n<p data-start=\"4022\" data-end=\"4049\">Options de l'ensemble refroidi par le TE<\/p>\n<\/li>\n<li data-start=\"4050\" data-end=\"4118\">\n<p data-start=\"4052\" data-end=\"4118\">Soutien \u00e0 l'approvisionnement \u00e0 long terme pour les clients industriels et scientifiques<\/p>\n<\/li>\n<\/ul>\n<p data-start=\"4120\" data-end=\"4191\">Contactez-nous pour obtenir des \u00e9chantillons d'ing\u00e9nierie, des prix ou une consultation technique.<\/p>","protected":false},"excerpt":{"rendered":"<p>Achetez un capteur CCD 2000\u00d7256 r\u00e9tro-\u00e9clair\u00e9 haute performance con\u00e7u pour la spectroscopie, le Raman et les mesures optiques scientifiques. Faible bruit, QE \u00e9lev\u00e9 et d\u00e9tection pleine image fiable pour l'int\u00e9gration d'instruments OEM.<\/p>","protected":false},"featured_media":6279,"template":"","meta":{"site-sidebar-layout":"default","site-content-layout":"","ast-site-content-layout":"default","site-content-style":"default","site-sidebar-style":"default","ast-global-header-display":"","ast-banner-title-visibility":"","ast-main-header-display":"","ast-hfb-above-header-display":"","ast-hfb-below-header-display":"","ast-hfb-mobile-header-display":"","site-post-title":"","ast-breadcrumbs-content":"","ast-featured-img":"","footer-sml-layout":"","ast-disable-related-posts":"","theme-transparent-header-meta":"default","adv-header-id-meta":"","stick-header-meta":"","header-above-stick-meta":"","header-main-stick-meta":"","header-below-stick-meta":"","astra-migrate-meta-layouts":"set","ast-page-background-enabled":"default","ast-page-background-meta":{"desktop":{"background-color":"var(--ast-global-color-4)","background-image":"","background-repeat":"repeat","background-position":"center center","background-size":"auto","background-attachment":"scroll","background-type":"","background-media":"","overlay-type":"","overlay-color":"","overlay-opacity":"","overlay-gradient":""},"tablet":{"background-color":"","background-image":"","background-repeat":"repeat","background-position":"center center","background-size":"auto","background-attachment":"scroll","background-type":"","background-media":"","overlay-type":"","overlay-color":"","overlay-opacity":"","overlay-gradient":""},"mobile":{"background-color":"","background-image":"","background-repeat":"repeat","background-position":"center center","background-size":"auto","background-attachment":"scroll","background-type":"","background-media":"","overlay-type":"","overlay-color":"","overlay-opacity":"","overlay-gradient":""}},"ast-content-background-meta":{"desktop":{"background-color":"var(--ast-global-color-5)","background-image":"","background-repeat":"repeat","background-position":"center center","background-size":"auto","background-attachment":"scroll","background-type":"","background-media":"","overlay-type":"","overlay-color":"","overlay-opacity":"","overlay-gradient":""},"tablet":{"background-color":"var(--ast-global-color-5)","background-image":"","background-repeat":"repeat","background-position":"center center","background-size":"auto","background-attachment":"scroll","background-type":"","background-media":"","overlay-type":"","overlay-color":"","overlay-opacity":"","overlay-gradient":""},"mobile":{"background-color":"var(--ast-global-color-5)","background-image":"","background-repeat":"repeat","background-position":"center center","background-size":"auto","background-attachment":"scroll","background-type":"","background-media":"","overlay-type":"","overlay-color":"","overlay-opacity":"","overlay-gradient":""}}},"product_brand":[],"product_cat":[62],"product_tag":[],"class_list":{"0":"post-6278","1":"product","2":"type-product","3":"status-publish","4":"has-post-thumbnail","6":"product_cat-detectors-components","7":"desktop-align-center","8":"tablet-align-left","9":"mobile-align-left","11":"first","12":"instock","13":"shipping-taxable","14":"product-type-simple"},"_links":{"self":[{"href":"https:\/\/meskernel.net\/fr\/wp-json\/wp\/v2\/product\/6278","targetHints":{"allow":["GET"]}}],"collection":[{"href":"https:\/\/meskernel.net\/fr\/wp-json\/wp\/v2\/product"}],"about":[{"href":"https:\/\/meskernel.net\/fr\/wp-json\/wp\/v2\/types\/product"}],"version-history":[{"count":0,"href":"https:\/\/meskernel.net\/fr\/wp-json\/wp\/v2\/product\/6278\/revisions"}],"wp:featuredmedia":[{"embeddable":true,"href":"https:\/\/meskernel.net\/fr\/wp-json\/wp\/v2\/media\/6279"}],"wp:attachment":[{"href":"https:\/\/meskernel.net\/fr\/wp-json\/wp\/v2\/media?parent=6278"}],"wp:term":[{"taxonomy":"product_brand","embeddable":true,"href":"https:\/\/meskernel.net\/fr\/wp-json\/wp\/v2\/product_brand?post=6278"},{"taxonomy":"product_cat","embeddable":true,"href":"https:\/\/meskernel.net\/fr\/wp-json\/wp\/v2\/product_cat?post=6278"},{"taxonomy":"product_tag","embeddable":true,"href":"https:\/\/meskernel.net\/fr\/wp-json\/wp\/v2\/product_tag?post=6278"}],"curies":[{"name":"wp","href":"https:\/\/api.w.org\/{rel}","templated":true}]}}