{"id":6318,"date":"2025-11-24T14:25:09","date_gmt":"2025-11-24T06:25:09","guid":{"rendered":"https:\/\/meskernel.net\/?post_type=product&#038;p=6318"},"modified":"2026-03-03T15:12:59","modified_gmt":"2026-03-03T07:12:59","slug":"module-de-distance-laser-a-faisceau-vert","status":"publish","type":"product","link":"https:\/\/meskernel.net\/fr\/product\/green-beam-laser-distance-module\/","title":{"rendered":"Module de distance laser \u00e0 faisceau vert de 50 m\u00e8tres de taille compacte pour le stockage des c\u00e9r\u00e9ales"},"content":{"rendered":"<h2 data-start=\"386\" data-end=\"460\"><strong data-start=\"389\" data-end=\"458\">Micro module de distance laser \u00e0 faisceau vert - Puissance compacte, pr\u00e9cision industrielle<\/strong><\/h2>\n<p data-start=\"462\" data-end=\"878\">Le Green Beam Laser Distance Module, un module de capteur de distance laser de pointe et de haute pr\u00e9cision de Chengdu Meskernel Integrated Technology Co, Ltd, permet de r\u00e9aliser des mesures de distance de niveau sup\u00e9rieur.  Con\u00e7u pour \u00eatre int\u00e9gr\u00e9 dans des syst\u00e8mes sensibles \u00e0 la taille et au poids, ce micro module de capteur de distance laser offre une pr\u00e9cision exceptionnelle, une r\u00e9ponse rapide et une fiabilit\u00e9 de niveau industriel, le tout dans un bo\u00eetier ne pesant que 2 grammes.<img data-dominant-color=\"c6ced1\" data-has-transparency=\"false\" style=\"--dominant-color: #c6ced1;\" fetchpriority=\"high\" decoding=\"async\" class=\"alignleft wp-image-6319 size-full not-transparent\" src=\"https:\/\/meskernel.net\/wp-content\/uploads\/2025\/11\/Green-beam-laser-distance-module.webp\" alt=\"Module de distance laser \u00e0 faisceau vert\" width=\"1920\" height=\"800\" srcset=\"https:\/\/meskernel.net\/wp-content\/uploads\/2025\/11\/Green-beam-laser-distance-module.webp 1920w, https:\/\/meskernel.net\/wp-content\/uploads\/2025\/11\/Green-beam-laser-distance-module-300x125.webp 300w, https:\/\/meskernel.net\/wp-content\/uploads\/2025\/11\/Green-beam-laser-distance-module-1024x427.webp 1024w, https:\/\/meskernel.net\/wp-content\/uploads\/2025\/11\/Green-beam-laser-distance-module-768x320.webp 768w, https:\/\/meskernel.net\/wp-content\/uploads\/2025\/11\/Green-beam-laser-distance-module-1536x640.webp 1536w, https:\/\/meskernel.net\/wp-content\/uploads\/2025\/11\/Green-beam-laser-distance-module-18x8.webp 18w, https:\/\/meskernel.net\/wp-content\/uploads\/2025\/11\/Green-beam-laser-distance-module-400x167.webp 400w\" sizes=\"(max-width: 1920px) 100vw, 1920px\" \/><\/p>\n<p>&nbsp;<\/p>\n<h3 data-start=\"885\" data-end=\"916\"><strong data-start=\"889\" data-end=\"914\">Pourquoi choisir le module de distance laser \u00e0 faisceau vert ?<\/strong><\/h3>\n<p><img data-dominant-color=\"d2cac9\" data-has-transparency=\"false\" style=\"--dominant-color: #d2cac9;\" decoding=\"async\" class=\"wp-image-5545 size-full aligncenter not-transparent\" src=\"https:\/\/meskernel.net\/wp-content\/uploads\/2025\/08\/Micro-Laser-Distance-Sensor-LDL-T-Module-2.webp\" alt=\"Capteur de distance micro laser LDL-T Module -2\" width=\"490\" height=\"492\" srcset=\"https:\/\/meskernel.net\/wp-content\/uploads\/2025\/08\/Micro-Laser-Distance-Sensor-LDL-T-Module-2.webp 490w, https:\/\/meskernel.net\/wp-content\/uploads\/2025\/08\/Micro-Laser-Distance-Sensor-LDL-T-Module-2-300x300.webp 300w, https:\/\/meskernel.net\/wp-content\/uploads\/2025\/08\/Micro-Laser-Distance-Sensor-LDL-T-Module-2-150x150.webp 150w, https:\/\/meskernel.net\/wp-content\/uploads\/2025\/08\/Micro-Laser-Distance-Sensor-LDL-T-Module-2-12x12.webp 12w, https:\/\/meskernel.net\/wp-content\/uploads\/2025\/08\/Micro-Laser-Distance-Sensor-LDL-T-Module-2-400x402.webp 400w, https:\/\/meskernel.net\/wp-content\/uploads\/2025\/08\/Micro-Laser-Distance-Sensor-LDL-T-Module-2-100x100.webp 100w\" sizes=\"(max-width: 490px) 100vw, 490px\" \/><\/p>\n<p>&nbsp;<\/p>\n<h4 data-start=\"918\" data-end=\"960\"><\/h4>\n<h4 data-start=\"918\" data-end=\"960\"><strong data-start=\"923\" data-end=\"958\">1. Ultra-compact et l\u00e9ger<\/strong><\/h4>\n<p data-start=\"961\" data-end=\"1115\">Avec ses 27,87 \u00d7 16,57 \u00d7 7,01 mm et seulement 2 g, le module de distance laser \u00e0 faisceau vert s'int\u00e8gre sans difficult\u00e9 dans les drones, les v\u00e9hicules autoguid\u00e9s, les instruments portatifs et d'autres dispositifs \u00e0 encombrement r\u00e9duit.<\/p>\n<h4 data-start=\"1117\" data-end=\"1156\"><strong data-start=\"1122\" data-end=\"1154\">2. Haute pr\u00e9cision, longue port\u00e9e<\/strong><\/h4>\n<ul data-start=\"1157\" data-end=\"1335\">\n<li data-start=\"1157\" data-end=\"1193\">\n<p data-start=\"1159\" data-end=\"1193\">Plage de mesure<strong data-start=\"1159\" data-end=\"1181\">:<\/strong> 0.03-80 m<\/p>\n<\/li>\n<li data-start=\"1194\" data-end=\"1270\">\n<p data-start=\"1196\" data-end=\"1270\">Pr\u00e9cision<strong data-start=\"1196\" data-end=\"1210\">:<\/strong> \u00b11 mm, m\u00eame dans des conditions de faible r\u00e9flectivit\u00e9 ou de forte luminosit\u00e9<\/p>\n<\/li>\n<li data-start=\"1271\" data-end=\"1335\">\n<p data-start=\"1273\" data-end=\"1335\">Des relev\u00e9s fiables pour les t\u00e2ches \u00e0 courte et \u00e0 longue port\u00e9e.<\/p>\n<\/li>\n<\/ul>\n<h4 data-start=\"1337\" data-end=\"1377\"><strong data-start=\"1342\" data-end=\"1375\">3. Des mesures rapides comme l'\u00e9clair<\/strong><\/h4>\n<ul data-start=\"1378\" data-end=\"1511\">\n<li data-start=\"1378\" data-end=\"1436\">\n<p data-start=\"1380\" data-end=\"1436\">Fr\u00e9quence<strong data-start=\"1380\" data-end=\"1394\">:<\/strong> Jusqu'\u00e0 30 Hz pour les applications en temps r\u00e9el.<\/p>\n<\/li>\n<li data-start=\"1437\" data-end=\"1511\">\n<p data-start=\"1439\" data-end=\"1511\">Parfait pour les cibles mobiles, les lignes d'automatisation et la navigation robotique.<\/p>\n<\/li>\n<\/ul>\n<h4 data-start=\"1513\" data-end=\"1550\"><strong data-start=\"1518\" data-end=\"1548\">4. Conception \u00e9conome en \u00e9nergie<\/strong><\/h4>\n<ul data-start=\"1551\" data-end=\"1682\">\n<li data-start=\"1551\" data-end=\"1614\">\n<p data-start=\"1553\" data-end=\"1614\">Faible consommation de courant, id\u00e9al pour les syst\u00e8mes aliment\u00e9s par batterie.<\/p>\n<\/li>\n<li data-start=\"1615\" data-end=\"1682\">\n<p data-start=\"1617\" data-end=\"1682\">Compatible avec les piles s\u00e8ches et les piles au lithium.<\/p>\n<\/li>\n<\/ul>\n<h4 data-start=\"1684\" data-end=\"1719\"><strong data-start=\"1689\" data-end=\"1717\">5. Connectivit\u00e9 flexible<\/strong><\/h4>\n<ul data-start=\"1720\" data-end=\"1850\">\n<li data-start=\"1720\" data-end=\"1776\">\n<p data-start=\"1722\" data-end=\"1776\">Plusieurs options d'interface : USART, RS232, RS485.<\/p>\n<\/li>\n<li data-start=\"1777\" data-end=\"1850\">\n<p data-start=\"1779\" data-end=\"1850\">D\u00e9bits en bauds r\u00e9glables pour une int\u00e9gration transparente avec les syst\u00e8mes existants.<\/p>\n<\/li>\n<\/ul>\n<h4 data-start=\"1852\" data-end=\"1892\"><strong data-start=\"1857\" data-end=\"1890\">6. S\u00e9curit\u00e9 et conformit\u00e9 prouv\u00e9es<\/strong><\/h4>\n<ul data-start=\"1893\" data-end=\"2030\">\n<li data-start=\"1893\" data-end=\"1964\">\n<p data-start=\"1895\" data-end=\"1964\">Laser rouge visible de classe II, s\u00fbr pour une utilisation industrielle et commerciale.<\/p>\n<\/li>\n<li data-start=\"1965\" data-end=\"2030\">\n<p data-start=\"1967\" data-end=\"2030\">Certifi\u00e9 CE \/ FCC \/ RoHS \/ FDA pour une conformit\u00e9 mondiale.<\/p>\n<\/li>\n<\/ul>\n<h4 data-start=\"2032\" data-end=\"2077\"><strong data-start=\"2037\" data-end=\"2075\">7. Personnalisation pour r\u00e9pondre \u00e0 vos besoins<\/strong><\/h4>\n<p data-start=\"2078\" data-end=\"2223\">Vous avez besoin d'une gamme, d'une pr\u00e9cision ou de param\u00e8tres de communication sp\u00e9cifiques ? Meskernel offre une personnalisation compl\u00e8te pour r\u00e9pondre aux exigences exactes de votre application.<\/p>\n<hr data-start=\"2225\" data-end=\"2228\" \/>\n<h3 data-start=\"2230\" data-end=\"2260\"><strong data-start=\"2234\" data-end=\"2258\">Applications typiques<\/strong><\/h3>\n<ul data-start=\"2261\" data-end=\"2647\">\n<li data-start=\"2261\" data-end=\"2340\">\n<p data-start=\"2263\" data-end=\"2340\"><strong data-start=\"2263\" data-end=\"2288\">Automatisation industrielle<\/strong> - Positionnement, d\u00e9tection d'objets, contr\u00f4le de machines.<\/p>\n<\/li>\n<li data-start=\"2341\" data-end=\"2416\">\n<p data-start=\"2343\" data-end=\"2416\"><strong data-start=\"2343\" data-end=\"2364\">Drones et robotique<\/strong> - \u00c9vitement des obstacles, contr\u00f4le de la hauteur, navigation.<\/p>\n<\/li>\n<li data-start=\"2417\" data-end=\"2480\">\n<p data-start=\"2419\" data-end=\"2480\"><strong data-start=\"2419\" data-end=\"2442\">Lev\u00e9s et cartographie<\/strong> - Mesures de terrain de haute pr\u00e9cision.<\/p>\n<\/li>\n<li data-start=\"2481\" data-end=\"2565\">\n<p data-start=\"2483\" data-end=\"2565\"><strong data-start=\"2483\" data-end=\"2502\">Logistique intelligente<\/strong> - Contr\u00f4le automatis\u00e9 de la distance pour les bandes transporteuses et le stockage.<\/p>\n<\/li>\n<li data-start=\"2566\" data-end=\"2647\">\n<p data-start=\"2568\" data-end=\"2647\"><strong data-start=\"2568\" data-end=\"2588\">Appareils portables<\/strong> - Int\u00e9gration dans des outils de mesure portatifs ou \u00e0 porter sur soi.<\/p>\n<\/li>\n<\/ul>\n<p><img data-dominant-color=\"858580\" data-has-transparency=\"false\" style=\"--dominant-color: #858580;\" decoding=\"async\" class=\"wp-image-4226 size-full aligncenter not-transparent\" src=\"https:\/\/meskernel.net\/wp-content\/uploads\/2025\/04\/height-measurement-sensor.webp\" alt=\"\" width=\"716\" height=\"291\" srcset=\"https:\/\/meskernel.net\/wp-content\/uploads\/2025\/04\/height-measurement-sensor.webp 716w, https:\/\/meskernel.net\/wp-content\/uploads\/2025\/04\/height-measurement-sensor-300x122.webp 300w, https:\/\/meskernel.net\/wp-content\/uploads\/2025\/04\/height-measurement-sensor-400x163.webp 400w\" sizes=\"(max-width: 716px) 100vw, 716px\" \/><\/p>\n<hr data-start=\"2649\" data-end=\"2652\" \/>\n<h3 data-start=\"2654\" data-end=\"2684\"><strong data-start=\"2658\" data-end=\"2682\">Faits saillants techniques<\/strong><\/h3>\n<div class=\"_tableContainer_1rjym_1\">\n<div class=\"_tableWrapper_1rjym_13 group flex w-fit flex-col-reverse\" tabindex=\"-1\">\n<table class=\"w-fit min-w-(--thread-content-width)\" data-start=\"2685\" data-end=\"3074\">\n<thead data-start=\"2685\" data-end=\"2722\">\n<tr data-start=\"2685\" data-end=\"2722\">\n<th data-start=\"2685\" data-end=\"2705\" data-col-size=\"sm\">Fonctionnalit\u00e9<\/th>\n<th data-start=\"2705\" data-end=\"2722\" data-col-size=\"sm\">Sp\u00e9cifications<\/th>\n<\/tr>\n<\/thead>\n<tbody data-start=\"2760\" data-end=\"3074\">\n<tr data-start=\"2760\" data-end=\"2793\">\n<td data-start=\"2760\" data-end=\"2780\" data-col-size=\"sm\">Gamme<\/td>\n<td data-col-size=\"sm\" data-start=\"2780\" data-end=\"2793\">0.03-80 m<\/td>\n<\/tr>\n<tr data-start=\"2794\" data-end=\"2823\">\n<td data-start=\"2794\" data-end=\"2814\" data-col-size=\"sm\">Pr\u00e9cision<\/td>\n<td data-col-size=\"sm\" data-start=\"2814\" data-end=\"2823\">\u00b11 mm<\/td>\n<\/tr>\n<tr data-start=\"2824\" data-end=\"2859\">\n<td data-start=\"2824\" data-end=\"2844\" data-col-size=\"sm\">Fr\u00e9quence<\/td>\n<td data-col-size=\"sm\" data-start=\"2844\" data-end=\"2859\">Jusqu'\u00e0 30 Hz<\/td>\n<\/tr>\n<tr data-start=\"2860\" data-end=\"2908\">\n<td data-start=\"2860\" data-end=\"2880\" data-col-size=\"sm\">Type de laser<\/td>\n<td data-col-size=\"sm\" data-start=\"2880\" data-end=\"2908\">610-690 nm (rouge visible)<\/td>\n<\/tr>\n<tr data-start=\"2909\" data-end=\"2956\">\n<td data-start=\"2909\" data-end=\"2929\" data-col-size=\"sm\">Dimensions<\/td>\n<td data-col-size=\"sm\" data-start=\"2929\" data-end=\"2956\">27,87 \u00d7 16,57 \u00d7 7,01 mm<\/td>\n<\/tr>\n<tr data-start=\"2957\" data-end=\"2984\">\n<td data-start=\"2957\" data-end=\"2977\" data-col-size=\"sm\">Poids<\/td>\n<td data-col-size=\"sm\" data-start=\"2977\" data-end=\"2984\">2 g<\/td>\n<\/tr>\n<tr data-start=\"2985\" data-end=\"3028\">\n<td data-start=\"2985\" data-end=\"3005\" data-col-size=\"sm\">Interfaces<\/td>\n<td data-col-size=\"sm\" data-start=\"3005\" data-end=\"3028\">USART, RS232, RS485<\/td>\n<\/tr>\n<tr data-start=\"3029\" data-end=\"3074\">\n<td data-start=\"3029\" data-end=\"3049\" data-col-size=\"sm\">Certifications<\/td>\n<td data-col-size=\"sm\" data-start=\"3049\" data-end=\"3074\">CE \/ FCC \/ RoHS \/ FDA<\/td>\n<\/tr>\n<\/tbody>\n<\/table>\n<\/div>\n<\/div>\n<hr data-start=\"3076\" data-end=\"3079\" \/>\n<p data-start=\"3081\" data-end=\"3399\">Le module de distance laser \u00e0 faisceau vert est le choix id\u00e9al pour les ing\u00e9nieurs, les \u00e9quipementiers et les innovateurs qui cherchent \u00e0 combiner une taille miniature avec des performances de mesure maximales. Que vous construisiez des \u00e9quipements industriels, de la robotique ou des appareils intelligents, ce module de distance laser offre une vitesse, une pr\u00e9cision et une durabilit\u00e9 auxquelles vous pouvez faire confiance.<\/p>\n<p class=\"elementor-heading-title elementor-size-default\"><a href=\"https:\/\/meskernel.net\/fr\/green-laser-vs-red-laser\/\">Laser vert ou laser rouge : 6 diff\u00e9rences essentielles pour choisir le meilleur capteur<\/a><\/p>\n<p data-start=\"3401\" data-end=\"3555\">\ud83d\udce9 <a href=\"https:\/\/meskernel.net\/fr\/contact\/\"><strong data-start=\"3404\" data-end=\"3445\">Demande de prix et d'options OEM<\/strong><\/a><\/p>","protected":false},"excerpt":{"rendered":"<p>Le module de distance laser \u00e0 faisceau vert est un capteur de distance laser miniature et de haute pr\u00e9cision de 1 mm avec une port\u00e9e allant jusqu'\u00e0 80 m\u00e8tres. Module de distance laser 2g ultra-compact avec une pr\u00e9cision de \u00b11mm, une port\u00e9e de 0,03 \u00e0 80m, une vitesse de 30Hz, une faible consommation d'\u00e9nergie et une fiabilit\u00e9 de niveau industriel.<\/p>","protected":false},"featured_media":6320,"template":"","meta":{"site-sidebar-layout":"default","site-content-layout":"","ast-site-content-layout":"default","site-content-style":"default","site-sidebar-style":"default","ast-global-header-display":"","ast-banner-title-visibility":"","ast-main-header-display":"","ast-hfb-above-header-display":"","ast-hfb-below-header-display":"","ast-hfb-mobile-header-display":"","site-post-title":"","ast-breadcrumbs-content":"","ast-featured-img":"","footer-sml-layout":"","ast-disable-related-posts":"","theme-transparent-header-meta":"default","adv-header-id-meta":"","stick-header-meta":"","header-above-stick-meta":"","header-main-stick-meta":"","header-below-stick-meta":"","astra-migrate-meta-layouts":"set","ast-page-background-enabled":"default","ast-page-background-meta":{"desktop":{"background-color":"var(--ast-global-color-4)","background-image":"","background-repeat":"repeat","background-position":"center center","background-size":"auto","background-attachment":"scroll","background-type":"","background-media":"","overlay-type":"","overlay-color":"","overlay-opacity":"","overlay-gradient":""},"tablet":{"background-color":"","background-image":"","background-repeat":"repeat","background-position":"center center","background-size":"auto","background-attachment":"scroll","background-type":"","background-media":"","overlay-type":"","overlay-color":"","overlay-opacity":"","overlay-gradient":""},"mobile":{"background-color":"","background-image":"","background-repeat":"repeat","background-position":"center center","background-size":"auto","background-attachment":"scroll","background-type":"","background-media":"","overlay-type":"","overlay-color":"","overlay-opacity":"","overlay-gradient":""}},"ast-content-background-meta":{"desktop":{"background-color":"var(--ast-global-color-5)","background-image":"","background-repeat":"repeat","background-position":"center center","background-size":"auto","background-attachment":"scroll","background-type":"","background-media":"","overlay-type":"","overlay-color":"","overlay-opacity":"","overlay-gradient":""},"tablet":{"background-color":"var(--ast-global-color-5)","background-image":"","background-repeat":"repeat","background-position":"center center","background-size":"auto","background-attachment":"scroll","background-type":"","background-media":"","overlay-type":"","overlay-color":"","overlay-opacity":"","overlay-gradient":""},"mobile":{"background-color":"var(--ast-global-color-5)","background-image":"","background-repeat":"repeat","background-position":"center center","background-size":"auto","background-attachment":"scroll","background-type":"","background-media":"","overlay-type":"","overlay-color":"","overlay-opacity":"","overlay-gradient":""}}},"product_brand":[],"product_cat":[51],"product_tag":[56],"class_list":{"0":"post-6318","1":"product","2":"type-product","3":"status-publish","4":"has-post-thumbnail","6":"product_cat-laser-distance-sensor","7":"product_tag-hot","8":"desktop-align-center","9":"tablet-align-left","10":"mobile-align-left","12":"first","13":"instock","14":"shipping-taxable","15":"product-type-simple"},"_links":{"self":[{"href":"https:\/\/meskernel.net\/fr\/wp-json\/wp\/v2\/product\/6318","targetHints":{"allow":["GET"]}}],"collection":[{"href":"https:\/\/meskernel.net\/fr\/wp-json\/wp\/v2\/product"}],"about":[{"href":"https:\/\/meskernel.net\/fr\/wp-json\/wp\/v2\/types\/product"}],"version-history":[{"count":0,"href":"https:\/\/meskernel.net\/fr\/wp-json\/wp\/v2\/product\/6318\/revisions"}],"wp:featuredmedia":[{"embeddable":true,"href":"https:\/\/meskernel.net\/fr\/wp-json\/wp\/v2\/media\/6320"}],"wp:attachment":[{"href":"https:\/\/meskernel.net\/fr\/wp-json\/wp\/v2\/media?parent=6318"}],"wp:term":[{"taxonomy":"product_brand","embeddable":true,"href":"https:\/\/meskernel.net\/fr\/wp-json\/wp\/v2\/product_brand?post=6318"},{"taxonomy":"product_cat","embeddable":true,"href":"https:\/\/meskernel.net\/fr\/wp-json\/wp\/v2\/product_cat?post=6318"},{"taxonomy":"product_tag","embeddable":true,"href":"https:\/\/meskernel.net\/fr\/wp-json\/wp\/v2\/product_tag?post=6318"}],"curies":[{"name":"wp","href":"https:\/\/api.w.org\/{rel}","templated":true}]}}