{"id":113,"date":"2024-10-10T10:54:25","date_gmt":"2024-10-10T02:54:25","guid":{"rendered":"http:\/\/170.106.98.143\/?post_type=product&#038;p=113"},"modified":"2025-07-03T14:02:48","modified_gmt":"2025-07-03T06:02:48","slug":"sensore-laser-arduino","status":"publish","type":"product","link":"https:\/\/meskernel.net\/it\/product\/arduino-laser-sensor\/","title":{"rendered":"Arduino Sensore laser 20Hz Misura ad alta frequenza"},"content":{"rendered":"<dl id=\"attachment_2320\">\n<dd>\n<h3>Arduino sensore laser 20Hz per la distanza di movimento o Diy<\/h3>\n<\/dd>\n<dd><\/dd>\n<dd>Il sensore laser Arduino, un modulo di misurazione della distanza laser di precisione di 1 mm, \u00e8 un dispositivo utilizzato per misurare le distanze dei bersagli e trasmettere dati. Utilizza la tecnologia laser visibile per emettere raggi laser e ricevere segnali laser riflessi per misurare la distanza tra gli oggetti e il sensore. Il sensore di distanza laser supporta interfacce di comunicazione come USB, TTL, RS232, RS485 e Bluetooth, consentendo la trasmissione dei dati e la comunicazione con altri dispositivi.<\/dd>\n<dd>1.Il modulo Meskernel risponde rapidamente con un'elevata accuratezza e una misurazione a lungo raggio<\/dd>\n<dd>2. Siamo stati in piedi in questa linea laser per oltre 20 anni, fornitore leader di misuratore di distanza laser \/ moduli sensore in Cina<\/dd>\n<dd>3. 30m, 40m, 60m, 80m, 100m, 120m, 150m, ogni distanza pu\u00f2 essere multifunzionale.<\/dd>\n<dd>4. La tensione pu\u00f2 essere modificata dal convertitore di potenza LDO<\/dd>\n<dd>5. La temperatura di esercizio -10 \u2103~50 \u2103 pu\u00f2 essere personalizzata.<\/dd>\n<dd>6. L'analogico pu\u00f2 essere personalizzato.<\/dd>\n<\/dl>\n<figure id=\"attachment_2958\" aria-describedby=\"caption-attachment-2958\" style=\"width: 1080px\" class=\"wp-caption aligncenter\"><img fetchpriority=\"high\" decoding=\"async\" class=\"wp-image-2958 size-full\" title=\"Sensore laser Arduino\" src=\"https:\/\/meskernel.net\/wp-content\/uploads\/2024\/11\/laser-distance-senso.jpg\" alt=\"sensore di distanza laser\" width=\"1080\" height=\"300\" srcset=\"https:\/\/meskernel.net\/wp-content\/uploads\/2024\/11\/laser-distance-senso.jpg 1080w, https:\/\/meskernel.net\/wp-content\/uploads\/2024\/11\/laser-distance-senso-300x83.jpg 300w, https:\/\/meskernel.net\/wp-content\/uploads\/2024\/11\/laser-distance-senso-1024x284.jpg 1024w, https:\/\/meskernel.net\/wp-content\/uploads\/2024\/11\/laser-distance-senso-768x213.jpg 768w, https:\/\/meskernel.net\/wp-content\/uploads\/2024\/11\/laser-distance-senso-400x111.jpg 400w\" sizes=\"(max-width: 1080px) 100vw, 1080px\" \/><figcaption id=\"caption-attachment-2958\" class=\"wp-caption-text\">sensore di distanza laser<\/figcaption><\/figure>\n<h3>Sensore laser Arduino Caratteristiche principali:<\/h3>\n<ul>\n<li><strong>Opzioni ad ampia distanza<\/strong><br \/>\nAmpia gamma di distanze selezionabili, che lo rendono adatto a varie applicazioni.<\/li>\n<li><strong>Velocit\u00e0 di risposta<\/strong><br \/>\nCapacit\u00e0 di acquisizione rapida dei dati, per completare le misure di distanza in pochi millisecondi.<\/li>\n<li><strong>Interfacce di comunicazione multiple<\/strong><br \/>\nSupporta diverse interfacce e protocolli di comunicazione, tra cui RS232, RS485, Bluetooth, Modbus e UART, facilitando l'integrazione con il controllo o i dati esistenti.<\/li>\n<li><strong>Alta precisione di misura<\/strong><br \/>\nCon una precisione tipicamente millimetrica, questo sensore soddisfa i requisiti di elevata accuratezza di applicazioni come quelle geodetiche e di ingegneria edile.<\/li>\n<li><strong>Prestazioni stabili<\/strong><br \/>\nIl sensore mantiene una gamma ristretta di fluttuazioni dei dati e presenta un basso errore di ripetibilit\u00e0.<\/li>\n<li><strong>Misura senza contatto<\/strong><br \/>\nIl sensore \u00e8 in grado di effettuare misure senza contatto, adatte a rilevare oggetti in movimento, oggetti ad alta o bassa temperatura, liquidi e oggetti di forma irregolare.<\/li>\n<\/ul>\n<p>L'uso di un sensore laser con Arduino pu\u00f2 essere un ottimo modo per rilevare distanze, misurare posizioni o individuare oggetti. In genere, i sensori laser utilizzati con Arduino possono essere telemetri laser (per misurare la distanza) o rilevatori laser (per rilevare la presenza di uno spot laser). Di seguito, vi illustrer\u00f2 la configurazione generale dei sensori laser, concentrandomi in particolare su come interfacciare un sensore di distanza laser con Arduino, poich\u00e9 questo \u00e8 uno dei casi d'uso pi\u00f9 comuni.<\/p>\n<h3>Come utilizzare il sensore laser Arduino?<\/h3>\n<p><strong>1. <\/strong>Sensore di distanza laser (ad esempio, Lidar, sensore laser LDJ)<\/p>\n<p>Un popolare sensore basato su laser per la misurazione della distanza \u00e8 il sensore LDJ Laser Sensor Time-of-Flight (ToF). Si tratta di un sensore compatto ed economico che utilizza la luce laser per misurare la distanza di un oggetto.<\/p>\n<p>Componenti necessari:<\/p>\n<ul>\n<li>Scheda Arduino (ad esempio, Uno, Mega, Nano)<\/li>\n<li>Modulo sensore laser LDJ<\/li>\n<li>Fili di ponticello<\/li>\n<li>Lavagna per pane (opzionale)<\/li>\n<\/ul>\n<p>Cablaggio del sensore laser LDJ:<\/p>\n<p>Il sensore laser LDJ comunica con Arduino utilizzando il protocollo I2C, il che significa che \u00e8 necessario collegare il sensore ai pin SCL e SDA di Arduino.<\/p>\n<p>Per un Arduino Uno:<\/p>\n<ul>\n<li><strong>GND<\/strong> (sensore) a <strong>GND<\/strong> (Arduino)<\/li>\n<li><strong>VCC<\/strong> (sensore) a <strong>5V<\/strong> (Arduino)<\/li>\n<li><strong>SDA<\/strong> (sensore) a <strong>A4<\/strong> (Arduino Uno)<\/li>\n<li><strong>SCL<\/strong> (sensore) a <strong>A5<\/strong> (Arduino Uno)<\/li>\n<\/ul>\n<p>Se si utilizza un modello diverso di Arduino, controllare i pin I2C (SCL\/SDA) per quella scheda.<\/p>\n<h3 class=\"text-title\"><span class=\"magic-22\" data-spm-anchor-id=\"a2700.details.0.i63.18bf346eInG0ZW\">Piattaforma software di prova per il sensore laser Arduino<\/span><\/h3>\n<div class=\"text-content\">Abbiamo i nostri strumenti di test del software, che vengono trasmessi al computer attraverso la misurazione della distanza.<\/div>\n<div>\n<figure id=\"attachment_2967\" aria-describedby=\"caption-attachment-2967\" style=\"width: 1024px\" class=\"wp-caption aligncenter\"><img decoding=\"async\" class=\"wp-image-2967 size-large\" src=\"https:\/\/meskernel.net\/wp-content\/uploads\/2024\/10\/Arduino-Laser-Sensor-1024x520.jpg\" alt=\"Sensore laser Arduino\" width=\"1024\" height=\"520\" srcset=\"https:\/\/meskernel.net\/wp-content\/uploads\/2024\/10\/Arduino-Laser-Sensor-1024x520.jpg 1024w, https:\/\/meskernel.net\/wp-content\/uploads\/2024\/10\/Arduino-Laser-Sensor-300x152.jpg 300w, https:\/\/meskernel.net\/wp-content\/uploads\/2024\/10\/Arduino-Laser-Sensor-768x390.jpg 768w, https:\/\/meskernel.net\/wp-content\/uploads\/2024\/10\/Arduino-Laser-Sensor-1536x779.jpg 1536w, https:\/\/meskernel.net\/wp-content\/uploads\/2024\/10\/Arduino-Laser-Sensor-400x203.jpg 400w, https:\/\/meskernel.net\/wp-content\/uploads\/2024\/10\/Arduino-Laser-Sensor.jpg 1906w\" sizes=\"(max-width: 1024px) 100vw, 1024px\" \/><figcaption id=\"caption-attachment-2967\" class=\"wp-caption-text\">Sensore laser Arduino<\/figcaption><\/figure>\n<\/div>\n<div><\/div>\n<h3>Perch\u00e9 scegliere noi?<\/h3>\n<p>In qualit\u00e0 di produttore OEM di fiducia, siamo specializzati nella fornitura di sensori laser industriali di alta qualit\u00e0 con soluzioni personalizzate per soddisfare i vostri requisiti specifici. Le nostre opzioni di personalizzazione consentono di adattare le configurazioni dei sensori alle vostre esigenze operative, mentre i nostri prezzi OEM assicurano soluzioni a costi competitivi sia per le grandi che per le piccole imprese. Il nostro team di esperti lavorer\u00e0 a stretto contatto con voi dalla consultazione alla post-installazione, garantendo che il vostro sistema di sensori laser industriali sia ottimizzato per le vostre esigenze specifiche.<\/p>","protected":false},"excerpt":{"rendered":"<p>Scoprite il sensore laser Arduino, una soluzione di misura senza contatto ad alta precisione per applicazioni industriali. Con tempi di risposta rapidi, precisione millimetrica e facilit\u00e0 di integrazione, questo sensore \u00e8 perfetto per la robotica, l'automazione, il controllo qualit\u00e0 e la movimentazione dei materiali. Ottimizzate le vostre operazioni con dati affidabili e in tempo reale e opzioni personalizzabili.<\/p>","protected":false},"featured_media":2201,"template":"","meta":{"site-sidebar-layout":"default","site-content-layout":"","ast-site-content-layout":"default","site-content-style":"default","site-sidebar-style":"default","ast-global-header-display":"","ast-banner-title-visibility":"","ast-main-header-display":"","ast-hfb-above-header-display":"","ast-hfb-below-header-display":"","ast-hfb-mobile-header-display":"","site-post-title":"","ast-breadcrumbs-content":"","ast-featured-img":"","footer-sml-layout":"","ast-disable-related-posts":"","theme-transparent-header-meta":"default","adv-header-id-meta":"","stick-header-meta":"","header-above-stick-meta":"","header-main-stick-meta":"","header-below-stick-meta":"","astra-migrate-meta-layouts":"set","ast-page-background-enabled":"default","ast-page-background-meta":{"desktop":{"background-color":"var(--ast-global-color-4)","background-image":"","background-repeat":"repeat","background-position":"center center","background-size":"auto","background-attachment":"scroll","background-type":"","background-media":"","overlay-type":"","overlay-color":"","overlay-opacity":"","overlay-gradient":""},"tablet":{"background-color":"","background-image":"","background-repeat":"repeat","background-position":"center center","background-size":"auto","background-attachment":"scroll","background-type":"","background-media":"","overlay-type":"","overlay-color":"","overlay-opacity":"","overlay-gradient":""},"mobile":{"background-color":"","background-image":"","background-repeat":"repeat","background-position":"center center","background-size":"auto","background-attachment":"scroll","background-type":"","background-media":"","overlay-type":"","overlay-color":"","overlay-opacity":"","overlay-gradient":""}},"ast-content-background-meta":{"desktop":{"background-color":"var(--ast-global-color-5)","background-image":"","background-repeat":"repeat","background-position":"center center","background-size":"auto","background-attachment":"scroll","background-type":"","background-media":"","overlay-type":"","overlay-color":"","overlay-opacity":"","overlay-gradient":""},"tablet":{"background-color":"var(--ast-global-color-5)","background-image":"","background-repeat":"repeat","background-position":"center center","background-size":"auto","background-attachment":"scroll","background-type":"","background-media":"","overlay-type":"","overlay-color":"","overlay-opacity":"","overlay-gradient":""},"mobile":{"background-color":"var(--ast-global-color-5)","background-image":"","background-repeat":"repeat","background-position":"center center","background-size":"auto","background-attachment":"scroll","background-type":"","background-media":"","overlay-type":"","overlay-color":"","overlay-opacity":"","overlay-gradient":""}}},"product_brand":[60],"product_cat":[52],"product_tag":[],"class_list":{"0":"post-113","1":"product","2":"type-product","3":"status-publish","4":"has-post-thumbnail","6":"product_brand-meskernel","7":"product_cat-phase-distance-sensor","8":"desktop-align-center","9":"tablet-align-left","10":"mobile-align-left","12":"first","13":"instock","14":"shipping-taxable","15":"product-type-simple"},"_links":{"self":[{"href":"https:\/\/meskernel.net\/it\/wp-json\/wp\/v2\/product\/113","targetHints":{"allow":["GET"]}}],"collection":[{"href":"https:\/\/meskernel.net\/it\/wp-json\/wp\/v2\/product"}],"about":[{"href":"https:\/\/meskernel.net\/it\/wp-json\/wp\/v2\/types\/product"}],"version-history":[{"count":0,"href":"https:\/\/meskernel.net\/it\/wp-json\/wp\/v2\/product\/113\/revisions"}],"wp:featuredmedia":[{"embeddable":true,"href":"https:\/\/meskernel.net\/it\/wp-json\/wp\/v2\/media\/2201"}],"wp:attachment":[{"href":"https:\/\/meskernel.net\/it\/wp-json\/wp\/v2\/media?parent=113"}],"wp:term":[{"taxonomy":"product_brand","embeddable":true,"href":"https:\/\/meskernel.net\/it\/wp-json\/wp\/v2\/product_brand?post=113"},{"taxonomy":"product_cat","embeddable":true,"href":"https:\/\/meskernel.net\/it\/wp-json\/wp\/v2\/product_cat?post=113"},{"taxonomy":"product_tag","embeddable":true,"href":"https:\/\/meskernel.net\/it\/wp-json\/wp\/v2\/product_tag?post=113"}],"curies":[{"name":"wp","href":"https:\/\/api.w.org\/{rel}","templated":true}]}}