{"id":2691,"date":"2024-11-20T14:31:23","date_gmt":"2024-11-20T06:31:23","guid":{"rendered":"https:\/\/meskernel.net\/?post_type=product&#038;p=2691"},"modified":"2025-07-03T13:48:02","modified_gmt":"2025-07-03T05:48:02","slug":"sensore-di-distanza-laser-tof","status":"publish","type":"product","link":"https:\/\/meskernel.net\/it\/product\/tof-laser-distance-sensor\/","title":{"rendered":"Sensore di distanza laser LDLL 20Hz TOF per misure precise e affidabili"},"content":{"rendered":"<div class=\"mceTemp\"><\/div>\n<h3><strong>Sensore di distanza laser TOF ad alta precisione da 20 m per applicazioni industriali<\/strong><\/h3>\n<p>Il nostro sensore di distanza laser TOF da 20 m ad alta precisione offre una precisione e un'affidabilit\u00e0 eccezionali, che lo rendono la soluzione ideale per le applicazioni industriali pi\u00f9 esigenti. In qualit\u00e0 di produttore leader di sensori di misura laser, siamo specializzati nella fornitura di tecnologie all'avanguardia per settori quali l'automazione, la produzione, il rilevamento e la progettazione. Che si tratti di misurare piccoli componenti o grandi aree, i nostri sensori garantiscono risultati sempre precisi, anche in ambienti difficili.<\/p>\n<figure id=\"attachment_2960\" aria-describedby=\"caption-attachment-2960\" style=\"width: 1080px\" class=\"wp-caption aligncenter\"><img fetchpriority=\"high\" decoding=\"async\" class=\"wp-image-2960 size-full\" title=\"Sensore di distanza laser TOF\" src=\"https:\/\/meskernel.net\/wp-content\/uploads\/2024\/11\/TOF-Laser-Distance-Sensor.jpg\" alt=\"Sensore di distanza laser TOF\" width=\"1080\" height=\"300\" srcset=\"https:\/\/meskernel.net\/wp-content\/uploads\/2024\/11\/TOF-Laser-Distance-Sensor.jpg 1080w, https:\/\/meskernel.net\/wp-content\/uploads\/2024\/11\/TOF-Laser-Distance-Sensor-300x83.jpg 300w, https:\/\/meskernel.net\/wp-content\/uploads\/2024\/11\/TOF-Laser-Distance-Sensor-1024x284.jpg 1024w, https:\/\/meskernel.net\/wp-content\/uploads\/2024\/11\/TOF-Laser-Distance-Sensor-768x213.jpg 768w, https:\/\/meskernel.net\/wp-content\/uploads\/2024\/11\/TOF-Laser-Distance-Sensor-400x111.jpg 400w\" sizes=\"(max-width: 1080px) 100vw, 1080px\" \/><figcaption id=\"caption-attachment-2960\" class=\"wp-caption-text\">Sensore di distanza laser TOF<\/figcaption><\/figure>\n<h3><strong>Personalizzazione flessibile per le vostre esigenze specifiche<\/strong><\/h3>\n<p>In qualit\u00e0 di produttore di sensori di fiducia, offriamo ampie possibilit\u00e0 di personalizzazione per soddisfare le vostre esigenze specifiche. Che si tratti di regolare il campo di misura, aggiungere uscite personalizzate o ottimizzare l'alloggiamento del sensore per ambienti particolari, possiamo adattare il sensore ai vostri requisiti esatti. Il nostro sensore di distanza laser da 20 m \u00e8 compatibile con gli standard industriali quali RS485, RS232 e TTL, consentendo una perfetta integrazione nei sistemi esistenti.<\/p>\n<p>Le caratteristiche personalizzabili includono:<\/p>\n<ul>\n<li>Uscite programmabili<\/li>\n<li>Funzionalit\u00e0 di registrazione dei dati e di monitoraggio in tempo reale<\/li>\n<li>Campi di misura e formati di uscita personalizzati<\/li>\n<li>Compatibilit\u00e0 con diverse condizioni ambientali<\/li>\n<\/ul>\n<h3><strong>Produzione scalabile e rapida<\/strong><\/h3>\n<p>Il nostro stabilimento di produzione all'avanguardia \u00e8 attrezzato per gestire ordini di piccoli e grandi volumi con tempi di produzione rapidi. Sia che abbiate bisogno di poche unit\u00e0 o di un ordine in blocco, siamo in grado di soddisfare le vostre richieste con tempi rapidi e programmi di consegna affidabili. Utilizziamo le pi\u00f9 recenti tecniche di produzione e seguiamo rigorosi processi di controllo della qualit\u00e0 per garantire che ogni sensore di distanza laser TOF da 20 m soddisfi i pi\u00f9 elevati standard industriali in termini di precisione e prestazioni.<\/p>\n<div class=\"ast-oembed-container\" style=\"height: 100%;\"><iframe title=\"Chengdu Meskernel Integrated Technology Co, Ltd\" width=\"500\" height=\"281\" src=\"https:\/\/www.youtube.com\/embed\/l3-XWIFqqic?feature=oembed\" frameborder=\"0\" allow=\"accelerometer; autoplay; clipboard-write; encrypted-media; gyroscope; picture-in-picture; web-share\" referrerpolicy=\"strict-origin-when-cross-origin\" allowfullscreen><\/iframe><\/div>\n<h3><strong>Vantaggi principali del nostro sensore di distanza laser da 20 m<\/strong><\/h3>\n<ul>\n<li><strong>Precisione ineguagliabile<\/strong>: Ottenere misure altamente affidabili con <strong>\u00b1<\/strong>Accuratezza di 1 mm, essenziale per le attivit\u00e0 di precisione in ambienti industriali.<\/li>\n<li><strong>Caratteristiche personalizzabili<\/strong>: Personalizzate il campo di misura, i tipi di uscita e le opzioni di integrazione del sensore per soddisfare le vostre esigenze specifiche.<\/li>\n<li><strong>Ampia gamma di applicazioni<\/strong>: Perfetto per l'automazione robotizzata, il controllo qualit\u00e0, il rilevamento dei siti e le applicazioni ingegneristiche.<\/li>\n<li><strong>Facile integrazione<\/strong>: Si integra perfettamente con i sistemi esistenti tramite interfacce standard come RS485, RS232 e TTL.<\/li>\n<li><strong>Produzione scalabile<\/strong>: Offriamo una produzione rapida e una consegna affidabile, sia che abbiate bisogno di piccole che di grandi quantit\u00e0.<\/li>\n<\/ul>\n<p>Se siete alla ricerca di un sensore di distanza laser TOF ad alta precisione che offra una precisione senza pari, versatilit\u00e0 e prestazioni affidabili, il sensore di distanza laser \u00e8 la soluzione ideale per le vostre esigenze industriali. Dalla produzione all'automazione, dal rilevamento alla robotica, il nostro sensore garantisce misure precise e migliora l'efficienza operativa.<\/p>\n<p><a href=\"https:\/\/meskernel.net\/it\/contatto\/\">Contattateci oggi stesso<\/a> per scoprire come i nostri sensori di distanza laser TOF da 20 m ad alta precisione possono ottimizzare le vostre operazioni industriali e portare al successo i vostri progetti.<\/p>","protected":false},"excerpt":{"rendered":"<p>L'LDLL \u00e8 un modulo sensore di distanza laser TOF a 20 Hz con un campo di misura di 10-40 m e una precisione di \u00b1(3 mm + D\/10000). Supporta le interfacce TTL, RS-485 e Bluetooth, rendendolo ideale per la misurazione della distanza incorporata in applicazioni di robotica, automazione e IoT.<\/p>","protected":false},"featured_media":2218,"template":"","meta":{"site-sidebar-layout":"default","site-content-layout":"","ast-site-content-layout":"default","site-content-style":"default","site-sidebar-style":"default","ast-global-header-display":"","ast-banner-title-visibility":"","ast-main-header-display":"","ast-hfb-above-header-display":"","ast-hfb-below-header-display":"","ast-hfb-mobile-header-display":"","site-post-title":"","ast-breadcrumbs-content":"","ast-featured-img":"","footer-sml-layout":"","ast-disable-related-posts":"","theme-transparent-header-meta":"default","adv-header-id-meta":"","stick-header-meta":"","header-above-stick-meta":"","header-main-stick-meta":"","header-below-stick-meta":"","astra-migrate-meta-layouts":"set","ast-page-background-enabled":"default","ast-page-background-meta":{"desktop":{"background-color":"var(--ast-global-color-4)","background-image":"","background-repeat":"repeat","background-position":"center center","background-size":"auto","background-attachment":"scroll","background-type":"","background-media":"","overlay-type":"","overlay-color":"","overlay-opacity":"","overlay-gradient":""},"tablet":{"background-color":"","background-image":"","background-repeat":"repeat","background-position":"center center","background-size":"auto","background-attachment":"scroll","background-type":"","background-media":"","overlay-type":"","overlay-color":"","overlay-opacity":"","overlay-gradient":""},"mobile":{"background-color":"","background-image":"","background-repeat":"repeat","background-position":"center center","background-size":"auto","background-attachment":"scroll","background-type":"","background-media":"","overlay-type":"","overlay-color":"","overlay-opacity":"","overlay-gradient":""}},"ast-content-background-meta":{"desktop":{"background-color":"var(--ast-global-color-5)","background-image":"","background-repeat":"repeat","background-position":"center center","background-size":"auto","background-attachment":"scroll","background-type":"","background-media":"","overlay-type":"","overlay-color":"","overlay-opacity":"","overlay-gradient":""},"tablet":{"background-color":"var(--ast-global-color-5)","background-image":"","background-repeat":"repeat","background-position":"center center","background-size":"auto","background-attachment":"scroll","background-type":"","background-media":"","overlay-type":"","overlay-color":"","overlay-opacity":"","overlay-gradient":""},"mobile":{"background-color":"var(--ast-global-color-5)","background-image":"","background-repeat":"repeat","background-position":"center center","background-size":"auto","background-attachment":"scroll","background-type":"","background-media":"","overlay-type":"","overlay-color":"","overlay-opacity":"","overlay-gradient":""}}},"product_brand":[60],"product_cat":[51],"product_tag":[],"class_list":{"0":"post-2691","1":"product","2":"type-product","3":"status-publish","4":"has-post-thumbnail","6":"product_brand-meskernel","7":"product_cat-laser-distance-sensor","8":"desktop-align-center","9":"tablet-align-left","10":"mobile-align-left","12":"first","13":"instock","14":"shipping-taxable","15":"product-type-simple"},"_links":{"self":[{"href":"https:\/\/meskernel.net\/it\/wp-json\/wp\/v2\/product\/2691","targetHints":{"allow":["GET"]}}],"collection":[{"href":"https:\/\/meskernel.net\/it\/wp-json\/wp\/v2\/product"}],"about":[{"href":"https:\/\/meskernel.net\/it\/wp-json\/wp\/v2\/types\/product"}],"version-history":[{"count":0,"href":"https:\/\/meskernel.net\/it\/wp-json\/wp\/v2\/product\/2691\/revisions"}],"wp:featuredmedia":[{"embeddable":true,"href":"https:\/\/meskernel.net\/it\/wp-json\/wp\/v2\/media\/2218"}],"wp:attachment":[{"href":"https:\/\/meskernel.net\/it\/wp-json\/wp\/v2\/media?parent=2691"}],"wp:term":[{"taxonomy":"product_brand","embeddable":true,"href":"https:\/\/meskernel.net\/it\/wp-json\/wp\/v2\/product_brand?post=2691"},{"taxonomy":"product_cat","embeddable":true,"href":"https:\/\/meskernel.net\/it\/wp-json\/wp\/v2\/product_cat?post=2691"},{"taxonomy":"product_tag","embeddable":true,"href":"https:\/\/meskernel.net\/it\/wp-json\/wp\/v2\/product_tag?post=2691"}],"curies":[{"name":"wp","href":"https:\/\/api.w.org\/{rel}","templated":true}]}}