{"id":2749,"date":"2024-11-26T10:48:46","date_gmt":"2024-11-26T02:48:46","guid":{"rendered":"https:\/\/meskernel.net\/?post_type=product&#038;p=2749"},"modified":"2025-07-03T13:44:38","modified_gmt":"2025-07-03T05:44:38","slug":"misuratore-laser-di-distanza","status":"publish","type":"product","link":"https:\/\/meskernel.net\/it\/product\/laser-distance-measurer\/","title":{"rendered":"Misuratore laser compatto di distanza 40m | Design portatile"},"content":{"rendered":"<h3><strong>Misuratore di distanza laser compatto e accurato (0,03 m - 40 m) Misurazione di precisione semplificata<\/strong><\/h3>\n<p>Scoprite la potenza della misurazione accurata delle distanze con il nostro nastro di misurazione laser, progettato per la precisione e la versatilit\u00e0. Con un campo di misura da 0,03 m a 40 m, questo strumento compatto offre una precisione eccezionale, che lo rende perfetto per un'ampia gamma di applicazioni, dall'edilizia ai progetti di miglioramento della casa, dagli sport all'aperto agli hobby.<\/p>\n<figure id=\"attachment_2957\" aria-describedby=\"caption-attachment-2957\" style=\"width: 667px\" class=\"wp-caption aligncenter\"><img fetchpriority=\"high\" decoding=\"async\" class=\"wp-image-2957 size-full\" title=\"metro a nastro laser con ricarica usb\" src=\"https:\/\/meskernel.net\/wp-content\/uploads\/2024\/11\/USB-CHARGING.png\" alt=\"metro a nastro laser con ricarica usb\" width=\"667\" height=\"675\" srcset=\"https:\/\/meskernel.net\/wp-content\/uploads\/2024\/11\/USB-CHARGING.png 667w, https:\/\/meskernel.net\/wp-content\/uploads\/2024\/11\/USB-CHARGING-296x300.png 296w, https:\/\/meskernel.net\/wp-content\/uploads\/2024\/11\/USB-CHARGING-400x405.png 400w, https:\/\/meskernel.net\/wp-content\/uploads\/2024\/11\/USB-CHARGING-100x100.png 100w\" sizes=\"(max-width: 667px) 100vw, 667px\" \/><figcaption id=\"caption-attachment-2957\" class=\"wp-caption-text\">metro a nastro laser con ricarica usb<\/figcaption><\/figure>\n<h3><strong>Caratteristiche principali:<\/strong><\/h3>\n<h3><strong>Design compatto e portatile<\/strong><\/h3>\n<p>Il nastro di misurazione laser ha un formato ultra-compatto di M6 72x72x35 mm, che lo rende facile da trasportare e da riporre. Il suo design piccolo e leggero garantisce la portabilit\u00e0 senza sacrificare le prestazioni. Sia che si tratti di misurare in spazi ristretti o in viaggio, questo dispositivo offre convenienza e facilit\u00e0 d'uso.<\/p>\n<h3><strong>Ampio campo di misura<\/strong><\/h3>\n<p>Questo dispositivo offre un campo di misura da 0,03 m a 40 m, ideale per misurazioni a breve e lunga distanza. Che si tratti di misurare piccoli spazi interni, distanze per il paesaggio o attivit\u00e0 all'aperto, questo telemetro fornisce risultati precisi in pochi secondi.<\/p>\n<h3><strong>Alta precisione<\/strong><\/h3>\n<p>Con una precisione di\u00a0<strong>\u00b1<\/strong>3 mm, il nastro di misurazione laser garantisce letture affidabili e di alta precisione ogni volta. Sia che stiate lavorando a un progetto dettagliato o che abbiate bisogno di misurazioni rapide per attivit\u00e0 generali, questo strumento offre la precisione necessaria per ottenere risultati impeccabili.<\/p>\n<h3><strong>Laser di classe II per un uso sicuro<\/strong><\/h3>\n<p>Dotato di un laser di Classe II che opera nella gamma di lunghezze d'onda 620-690nm, questo dispositivo \u00e8 sicuro ed efficiente. Il laser di Classe II garantisce la sicurezza durante il normale utilizzo e soddisfa i severi standard di protezione degli occhi.<\/p>\n<h3><strong>Facile da usare<\/strong><\/h3>\n<p>L'interfaccia intuitiva e i comandi semplici ne facilitano l'utilizzo sia per i professionisti che per i principianti. Il nastro di misurazione laser \u00e8 intuitivo e fornisce letture rapide con la semplice pressione di un pulsante.<\/p>\n<figure id=\"attachment_2956\" aria-describedby=\"caption-attachment-2956\" style=\"width: 745px\" class=\"wp-caption aligncenter\"><img decoding=\"async\" class=\"wp-image-2956 size-full\" title=\"Misuratore laser a nastro\" src=\"https:\/\/meskernel.net\/wp-content\/uploads\/2024\/11\/Laser-Tape-Measure-1.jpg\" alt=\"Misuratore laser a nastro\" width=\"745\" height=\"719\" srcset=\"https:\/\/meskernel.net\/wp-content\/uploads\/2024\/11\/Laser-Tape-Measure-1.jpg 745w, https:\/\/meskernel.net\/wp-content\/uploads\/2024\/11\/Laser-Tape-Measure-1-300x290.jpg 300w, https:\/\/meskernel.net\/wp-content\/uploads\/2024\/11\/Laser-Tape-Measure-1-400x386.jpg 400w\" sizes=\"(max-width: 745px) 100vw, 745px\" \/><figcaption id=\"caption-attachment-2956\" class=\"wp-caption-text\">Misuratore laser a nastro<\/figcaption><\/figure>\n<p>Il mini metro a nastro laser 3 in 1 USB 40m \u00e8 uno strumento di misura digitale perfetto per il fai da te. \u00c8 pi\u00f9 preciso e conveniente dei tradizionali metri a nastro.<\/p>\n<ul>\n<li><strong>Design due in uno:<\/strong> Combina un metro a nastro da 5 metri e un misuratore laser da 40 metri.<\/li>\n<li><strong>Display a LED:<\/strong> Misure chiare e di facile lettura.<\/li>\n<li><strong>Blocco automatico:<\/strong> Impedisce il rimbalzo del nastro per garantire la sicurezza.<\/li>\n<li><strong>Misurazione ravvicinata e a lungo raggio:<\/strong> Nastro per le brevi distanze, laser per le lunghe distanze per evitare errori.<\/li>\n<li><strong>Modalit\u00e0 multiple:<\/strong> Supporta distanze, aree, volumi e misure pitagoriche.<\/li>\n<\/ul>\n<p>Questo strumento soddisfa efficacemente le esigenze di misurazione quotidiane e professionali.<\/p>\n<p><strong>Ordinate ora e sperimentate misure precise!<\/strong><\/p>\n<p>La nostra collezione di strumenti di misura digitali offre soluzioni innovative e versatili per tutte le vostre esigenze di misurazione della distanza. I nostri telemetri laser includono <strong>telemetri bidirezionali<\/strong>, perfetto per la misurazione in entrambe le direzioni, nonch\u00e9 il <strong>Nastro misuratore laser 2 in 1<\/strong> e <strong>Nastro misuratore laser 3 in 1<\/strong>, che combinano la praticit\u00e0 dei nastri di misurazione tradizionali con la precisione della tecnologia laser. Questi strumenti sono pensati sia per i professionisti che per gli amanti del fai-da-te e forniscono misurazioni accurate con facilit\u00e0 ed efficienza, sia che si tratti di progetti di costruzione, di miglioramenti domestici o di qualsiasi altra attivit\u00e0 di misurazione.<\/p>\n<p>Che siate professionisti in <a href=\"https:\/\/meskernel.net\/it\/applicazione\/costruzione\/\">costruzione<\/a> o un hobbista, questo nastro di misurazione laser offre la precisione, la portabilit\u00e0 e la sicurezza necessarie per le vostre attivit\u00e0 di misurazione.<\/p>","protected":false},"excerpt":{"rendered":"<p>Scoprite la precisione del nostro misuratore laser di distanza con una portata da 0,03 m a 40 m e un'elevata accuratezza di \u00b13 mm. Compatto, leggero e ideale per l'edilizia, i lavori in casa, lo sport e altro ancora. Sicuro, facile da usare e perfetto per misurazioni accurate in movimento.<\/p>","protected":false},"featured_media":2751,"template":"","meta":{"site-sidebar-layout":"default","site-content-layout":"","ast-site-content-layout":"default","site-content-style":"default","site-sidebar-style":"default","ast-global-header-display":"","ast-banner-title-visibility":"","ast-main-header-display":"","ast-hfb-above-header-display":"","ast-hfb-below-header-display":"","ast-hfb-mobile-header-display":"","site-post-title":"","ast-breadcrumbs-content":"","ast-featured-img":"","footer-sml-layout":"","ast-disable-related-posts":"","theme-transparent-header-meta":"default","adv-header-id-meta":"","stick-header-meta":"","header-above-stick-meta":"","header-main-stick-meta":"","header-below-stick-meta":"","astra-migrate-meta-layouts":"set","ast-page-background-enabled":"default","ast-page-background-meta":{"desktop":{"background-color":"var(--ast-global-color-4)","background-image":"","background-repeat":"repeat","background-position":"center center","background-size":"auto","background-attachment":"scroll","background-type":"","background-media":"","overlay-type":"","overlay-color":"","overlay-opacity":"","overlay-gradient":""},"tablet":{"background-color":"","background-image":"","background-repeat":"repeat","background-position":"center center","background-size":"auto","background-attachment":"scroll","background-type":"","background-media":"","overlay-type":"","overlay-color":"","overlay-opacity":"","overlay-gradient":""},"mobile":{"background-color":"","background-image":"","background-repeat":"repeat","background-position":"center center","background-size":"auto","background-attachment":"scroll","background-type":"","background-media":"","overlay-type":"","overlay-color":"","overlay-opacity":"","overlay-gradient":""}},"ast-content-background-meta":{"desktop":{"background-color":"var(--ast-global-color-5)","background-image":"","background-repeat":"repeat","background-position":"center center","background-size":"auto","background-attachment":"scroll","background-type":"","background-media":"","overlay-type":"","overlay-color":"","overlay-opacity":"","overlay-gradient":""},"tablet":{"background-color":"var(--ast-global-color-5)","background-image":"","background-repeat":"repeat","background-position":"center center","background-size":"auto","background-attachment":"scroll","background-type":"","background-media":"","overlay-type":"","overlay-color":"","overlay-opacity":"","overlay-gradient":""},"mobile":{"background-color":"var(--ast-global-color-5)","background-image":"","background-repeat":"repeat","background-position":"center center","background-size":"auto","background-attachment":"scroll","background-type":"","background-media":"","overlay-type":"","overlay-color":"","overlay-opacity":"","overlay-gradient":""}}},"product_brand":[60],"product_cat":[29],"product_tag":[],"class_list":{"0":"post-2749","1":"product","2":"type-product","3":"status-publish","4":"has-post-thumbnail","6":"product_brand-meskernel","7":"product_cat-laser-measurement-tool","8":"desktop-align-center","9":"tablet-align-left","10":"mobile-align-left","12":"first","13":"instock","14":"shipping-taxable","15":"product-type-simple"},"_links":{"self":[{"href":"https:\/\/meskernel.net\/it\/wp-json\/wp\/v2\/product\/2749","targetHints":{"allow":["GET"]}}],"collection":[{"href":"https:\/\/meskernel.net\/it\/wp-json\/wp\/v2\/product"}],"about":[{"href":"https:\/\/meskernel.net\/it\/wp-json\/wp\/v2\/types\/product"}],"version-history":[{"count":0,"href":"https:\/\/meskernel.net\/it\/wp-json\/wp\/v2\/product\/2749\/revisions"}],"wp:featuredmedia":[{"embeddable":true,"href":"https:\/\/meskernel.net\/it\/wp-json\/wp\/v2\/media\/2751"}],"wp:attachment":[{"href":"https:\/\/meskernel.net\/it\/wp-json\/wp\/v2\/media?parent=2749"}],"wp:term":[{"taxonomy":"product_brand","embeddable":true,"href":"https:\/\/meskernel.net\/it\/wp-json\/wp\/v2\/product_brand?post=2749"},{"taxonomy":"product_cat","embeddable":true,"href":"https:\/\/meskernel.net\/it\/wp-json\/wp\/v2\/product_cat?post=2749"},{"taxonomy":"product_tag","embeddable":true,"href":"https:\/\/meskernel.net\/it\/wp-json\/wp\/v2\/product_tag?post=2749"}],"curies":[{"name":"wp","href":"https:\/\/api.w.org\/{rel}","templated":true}]}}