{"id":3054,"date":"2024-12-10T14:33:39","date_gmt":"2024-12-10T06:33:39","guid":{"rendered":"https:\/\/meskernel.net\/?post_type=product&#038;p=3054"},"modified":"2025-12-29T11:02:32","modified_gmt":"2025-12-29T03:02:32","slug":"sensore-di-prossimita","status":"publish","type":"product","link":"https:\/\/meskernel.net\/it\/product\/proximity-sensor\/","title":{"rendered":"2000m TS1224 Sensore di misurazione della portata laser | Sensore OEM impermeabile e ad alta temperatura"},"content":{"rendered":"<p data-start=\"168\" data-end=\"259\"><strong data-start=\"168\" data-end=\"259\">Modulo sensore di misura laser TS1224: Soluzione di misura di precisione a lungo raggio<\/strong><\/p>\n<p data-start=\"261\" data-end=\"898\">Il modulo sensore di misura laser TS1224 offre una soluzione di misura potente e precisa, che combina prestazioni elevate, affidabilit\u00e0 e versatilit\u00e0 in un design compatto. Con un campo di misura da 5 metri a 2000 metri, eccelle nei progetti che richiedono capacit\u00e0 di misura a lunga distanza. Funzionando a frequenze comprese tra 1-3Hz, questo modulo \u00e8 adatto a diversi settori, tra cui l'edilizia, il rilevamento, la robotica e la ricerca scientifica. Basato sulla tecnologia laser a semiconduttore a 905 nm, il modulo dispone di un'interfaccia di trasmissione dati UART (protocollo TTL), che consente agli utenti di sviluppare facilmente soluzioni personalizzate.<\/p>\n<figure id=\"attachment_2986\" aria-describedby=\"caption-attachment-2986\" style=\"width: 1000px\" class=\"wp-caption aligncenter\"><img fetchpriority=\"high\" decoding=\"async\" class=\"wp-image-2986 size-full\" title=\"Modulo di distanza laser UART TS1224 2000m\" src=\"https:\/\/meskernel.net\/wp-content\/uploads\/2024\/11\/UART-laser-distance-module-TS1224.jpg\" alt=\"Modulo UART per la distanza laser TS1224\" width=\"1000\" height=\"500\" srcset=\"https:\/\/meskernel.net\/wp-content\/uploads\/2024\/11\/UART-laser-distance-module-TS1224.jpg 1000w, https:\/\/meskernel.net\/wp-content\/uploads\/2024\/11\/UART-laser-distance-module-TS1224-300x150.jpg 300w, https:\/\/meskernel.net\/wp-content\/uploads\/2024\/11\/UART-laser-distance-module-TS1224-768x384.jpg 768w, https:\/\/meskernel.net\/wp-content\/uploads\/2024\/11\/UART-laser-distance-module-TS1224-400x200.jpg 400w\" sizes=\"(max-width: 1000px) 100vw, 1000px\" \/><figcaption id=\"caption-attachment-2986\" class=\"wp-caption-text\">Modulo UART per la distanza laser TS1224<\/figcaption><\/figure>\n<h3>Caratteristiche principali:<\/h3>\n<ul>\n<li data-start=\"919\" data-end=\"972\">Misurazioni a lungo raggio per progetti su larga scala:<\/li>\n<\/ul>\n<p data-start=\"973\" data-end=\"1357\">\u00a0 \u00a0 \u00a0 \u00a0 \u00a0 \u00a0 Uno dei vantaggi principali del TS1224 \u00e8 l'impressionante campo di misura, che pu\u00f2 raggiungere i 2000 metri. Questo lo rende ideale per applicazioni su larga scala, come il rilevamento del territorio, i progetti infrastrutturali e il monitoraggio ambientale. Sia che dobbiate misurare su vaste aree o raccogliere dati da localit\u00e0 remote, questo modulo garantisce risultati affidabili e ad alte prestazioni a grandi distanze.<\/p>\n<ul>\n<li data-start=\"1359\" data-end=\"1393\">Design compatto, risparmio di spazio:<\/li>\n<\/ul>\n<p data-start=\"1394\" data-end=\"1771\">\u00a0 \u00a0 \u00a0 \u00a0 \u00a0 \u00a0 Nonostante le sue potenti prestazioni, il TS1224 ha un fattore di forma ultracompatto (25,72\u00d724,60\u00d713,40 mm), che lo rende pi\u00f9 piccolo di una moneta. Questo design compatto \u00e8 perfetto per i sistemi embedded e i dispositivi in cui lo spazio \u00e8 limitato. Il modulo si integra perfettamente nella robotica, nei droni o nei dispositivi di misura portatili, offrendo prestazioni eccezionali senza occupare spazio prezioso.<\/p>\n<ul>\n<li data-start=\"1773\" data-end=\"1829\">Ricezione del segnale superiore per misure pi\u00f9 chiare:<\/li>\n<\/ul>\n<p data-start=\"1830\" data-end=\"2206\">\u00a0 \u00a0 \u00a0 \u00a0 \u00a0 \u00a0 Dotato di vetro ad alta trasmittanza, il TS1224 garantisce un'eccellente ricezione del segnale, offrendo misure precise anche a grandi distanze. Questa caratteristica \u00e8 fondamentale per gli ambienti con potenziali interferenze del segnale o ostacoli, come gli ambienti esterni o industriali. Il modulo \u00e8 in grado di fornire misure costanti e affidabili anche in condizioni difficili.<\/p>\n<ul>\n<li data-start=\"2208\" data-end=\"2256\">Guscio in metallo resistente per ambienti difficili:<\/li>\n<\/ul>\n<p data-start=\"2257\" data-end=\"2571\">\u00a0 \u00a0 \u00a0 \u00a0 \u00a0 \u00a0 Il TS1224 \u00e8 dotato di un robusto involucro metallico che resiste agli ambienti pi\u00f9 difficili. Il guscio resistente non solo fornisce una protezione fisica, ma aumenta anche la longevit\u00e0 del modulo. Sia che si lavori a temperature estreme, in condizioni polverose o in progetti all'aperto, il design robusto garantisce prestazioni costanti nel tempo.<\/p>\n<ul>\n<li data-start=\"2573\" data-end=\"2620\">Facile integrazione con pi\u00f9 interfacce:<\/li>\n<\/ul>\n<p data-start=\"2621\" data-end=\"2985\">\u00a0 \u00a0 \u00a0 \u00a0 \u00a0 \u00a0 Il TS1224 offre opzioni di integrazione flessibili, supportando le interfacce TTL, RS485 e RS232. Questa compatibilit\u00e0 semplifica la connessione a una variet\u00e0 di dispositivi e controllori. Che si tratti di integrare il modulo in un sistema basato su microcontrollore, in una configurazione di automazione industriale o in un progetto personalizzato, il TS1224 garantisce un processo di integrazione semplice e senza soluzione di continuit\u00e0.<\/p>\n<figure id=\"attachment_2987\" aria-describedby=\"caption-attachment-2987\" style=\"width: 750px\" class=\"wp-caption aligncenter\"><img decoding=\"async\" class=\"wp-image-2987 size-full\" title=\"Modulo di distanza laser 2000m\" src=\"https:\/\/meskernel.net\/wp-content\/uploads\/2024\/11\/Laser-Distance-Module-2000m.jpg\" alt=\"Modulo di distanza laser 2000m\" width=\"750\" height=\"266\" srcset=\"https:\/\/meskernel.net\/wp-content\/uploads\/2024\/11\/Laser-Distance-Module-2000m.jpg 750w, https:\/\/meskernel.net\/wp-content\/uploads\/2024\/11\/Laser-Distance-Module-2000m-300x106.jpg 300w, https:\/\/meskernel.net\/wp-content\/uploads\/2024\/11\/Laser-Distance-Module-2000m-400x142.jpg 400w\" sizes=\"(max-width: 750px) 100vw, 750px\" \/><figcaption id=\"caption-attachment-2987\" class=\"wp-caption-text\">Modulo di distanza laser Interfacce multiple<\/figcaption><\/figure>\n<h3>Applicazioni versatili in tutti i settori:<\/h3>\n<p>&nbsp;<\/p>\n<p data-start=\"3034\" data-end=\"3191\">Il modulo sensore di misura laser TS1224 soddisfa le esigenze dei professionisti in vari settori, grazie alla misurazione a lungo raggio e all'elevata precisione:<\/p>\n<ul data-start=\"3193\" data-end=\"4857\">\n<li data-start=\"3193\" data-end=\"3489\">\n<p data-start=\"3195\" data-end=\"3489\"><strong data-start=\"3195\" data-end=\"3225\">Costruzione e ingegneria<\/strong>: Nel settore delle costruzioni e dell'ingegneria, il TS1224 \u00e8 prezioso per la misurazione di grandi superfici, la costruzione di strutture e l'esecuzione di rilievi in cantiere. La sua capacit\u00e0 di misurare con precisione su lunghe distanze lo rende uno strumento fondamentale per la pianificazione e l'esecuzione di progetti su larga scala.<\/p>\n<\/li>\n<li data-start=\"3493\" data-end=\"3756\">\n<p data-start=\"3495\" data-end=\"3756\"><strong data-start=\"3495\" data-end=\"3508\">Rilievo<\/strong>: I geometri potranno beneficiare dell'affidabilit\u00e0 e della precisione del TS1224. Sia che si tratti di mappare grandi aree, calcolare la topografia o eseguire rilievi geodetici, il modulo fornisce le accurate misure di distanza necessarie per una valutazione precisa del territorio.<a href=\"https:\/\/meskernel.net\/it\/prodotti\/\">prodotti correlati<\/a><\/p>\n<\/li>\n<li data-start=\"3758\" data-end=\"4012\">\n<p data-start=\"3760\" data-end=\"4012\"><strong data-start=\"3760\" data-end=\"3785\">Robotica e automazione<\/strong>: Il design compatto e le misure precise del TS1224 lo rendono perfetto per la robotica e i sistemi automatizzati. Contribuisce al rilevamento degli ostacoli, alla navigazione e al posizionamento, garantendo un funzionamento regolare negli ambienti automatizzati.<\/p>\n<\/li>\n<li data-start=\"4014\" data-end=\"4297\">\n<p data-start=\"4016\" data-end=\"4297\"><strong data-start=\"4016\" data-end=\"4044\">Monitoraggio ambientale<\/strong>: Per il monitoraggio ambientale in aree remote o difficili da raggiungere, il TS1224 offre capacit\u00e0 a lungo raggio ed elevata precisione. \u00c8 ideale per la silvicoltura, il monitoraggio della fauna selvatica, i rilevamenti geologici e altre applicazioni in cui l'affidabilit\u00e0 delle misure \u00e8 fondamentale.<\/p>\n<\/li>\n<li data-start=\"4299\" data-end=\"4508\">\n<p data-start=\"4301\" data-end=\"4508\"><strong data-start=\"4301\" data-end=\"4321\">Applicazioni UAV<\/strong>: Il TS1224 aiuta gli UAV in compiti quali il posizionamento, la navigazione, il rilevamento degli ostacoli, l'evitamento e il monitoraggio di precisione, rendendolo uno strumento prezioso per un'ampia gamma di applicazioni per droni.<\/p>\n<\/li>\n<li data-start=\"4510\" data-end=\"4656\">\n<p data-start=\"4512\" data-end=\"4656\"><strong data-start=\"4512\" data-end=\"4530\">Dispositivi di puntamento<\/strong>: Il TS1224 migliora le prestazioni dei sistemi di puntamento con una misurazione precisa della distanza, contribuendo a un puntamento accurato.<\/p>\n<\/li>\n<li data-start=\"4658\" data-end=\"4857\">\n<p data-start=\"4660\" data-end=\"4857\"><strong data-start=\"4660\" data-end=\"4691\">Sistemi di monitoraggio della sicurezza<\/strong>: Il TS1224 migliora i sistemi di sicurezza fornendo misure di distanza in tempo reale e ad alta precisione, monitoraggio dinamico e analisi intelligente per una migliore sorveglianza.<\/p>\n<\/li>\n<\/ul>\n<p>&nbsp;<\/p>\n<figure id=\"attachment_3056\" aria-describedby=\"caption-attachment-3056\" style=\"width: 1080px\" class=\"wp-caption aligncenter\"><img decoding=\"async\" class=\"wp-image-3056 size-full\" title=\"Sensore di prossimit\u00e0\" src=\"https:\/\/meskernel.net\/wp-content\/uploads\/2024\/12\/Proximity-Sensor-1.jpg\" alt=\"Sensore di prossimit\u00e0\" width=\"1080\" height=\"262\" srcset=\"https:\/\/meskernel.net\/wp-content\/uploads\/2024\/12\/Proximity-Sensor-1.jpg 1080w, https:\/\/meskernel.net\/wp-content\/uploads\/2024\/12\/Proximity-Sensor-1-300x73.jpg 300w, https:\/\/meskernel.net\/wp-content\/uploads\/2024\/12\/Proximity-Sensor-1-1024x248.jpg 1024w, https:\/\/meskernel.net\/wp-content\/uploads\/2024\/12\/Proximity-Sensor-1-768x186.jpg 768w, https:\/\/meskernel.net\/wp-content\/uploads\/2024\/12\/Proximity-Sensor-1-400x97.jpg 400w\" sizes=\"(max-width: 1080px) 100vw, 1080px\" \/><figcaption id=\"caption-attachment-3056\" class=\"wp-caption-text\">Sensore di prossimit\u00e0<\/figcaption><\/figure>\n<h3 data-start=\"4859\" data-end=\"4923\">Perch\u00e9 scegliere il modulo sensore di misurazione della portata laser TS1224?<\/h3>\n<p data-start=\"4925\" data-end=\"5054\">Se siete alla ricerca di un sensore di distanza laser ad alte prestazioni, affidabile e compatto, il TS1224 \u00e8 la soluzione ideale. Ecco perch\u00e9:<\/p>\n<ul data-start=\"5056\" data-end=\"5756\">\n<li data-start=\"5056\" data-end=\"5243\">\n<p data-start=\"5058\" data-end=\"5243\"><strong data-start=\"5058\" data-end=\"5093\">Misura affidabile a lungo raggio<\/strong>: Il TS1224 garantisce risultati accurati su distanze che vanno da 5 metri a 2000 metri, offrendo prestazioni costanti in ambienti diversi.<\/p>\n<\/li>\n<li data-start=\"5247\" data-end=\"5399\">\n<p data-start=\"5249\" data-end=\"5399\"><strong data-start=\"5249\" data-end=\"5272\">Design salvaspazio<\/strong>: Le sue dimensioni ultracompatte consentono una facile integrazione in spazi ridotti, rendendolo perfetto per i sistemi embedded e i dispositivi compatti.<\/p>\n<\/li>\n<li data-start=\"5401\" data-end=\"5585\">\n<p data-start=\"5403\" data-end=\"5585\"><strong data-start=\"5403\" data-end=\"5433\">Eccellente ricezione del segnale<\/strong>: Il vetro ad alta trasmittanza assicura che il modulo fornisca misure accurate anche su lunghe distanze, ideale per applicazioni esterne o industriali.<\/p>\n<\/li>\n<li data-start=\"5587\" data-end=\"5756\">\n<p data-start=\"5589\" data-end=\"5756\"><strong data-start=\"5589\" data-end=\"5617\">Durevole e di lunga durata<\/strong>: Con un robusto guscio in metallo, il TS1224 \u00e8 costruito per durare nel tempo e pu\u00f2 resistere a condizioni ambientali difficili, garantendo un'affidabilit\u00e0 a lungo termine.<\/p>\n<\/li>\n<\/ul>\n<p data-start=\"5758\" data-end=\"6133\">Se lavorate nel settore delle costruzioni, dei rilievi, della robotica, del monitoraggio ambientale o in qualsiasi altro campo che richieda misurazioni a lungo raggio, il TS1224 <a href=\"https:\/\/www.globalsources.com\/chengdu-meskernel\/showroom_6002100157315.htm\" target=\"_blank\" rel=\"noopener\">Sensore laser di misurazione della distanza<\/a> Il modulo offre prestazioni, durata e facilit\u00e0 di integrazione senza pari. La sua versatilit\u00e0 lo rende una scelta affidabile per diversi settori, garantendo sempre risultati precisi e accurati.<\/p>","protected":false},"excerpt":{"rendered":"<p>Il sensore di misurazione della distanza laser a impulsi offre misurazioni precise della distanza da 5 metri a 2000 metri con <strong>\u00b1<\/strong>Precisione di 1 metro. Compatto ma potente, \u00e8 caratterizzato da un design ultrapiatto, da un vetro ad alta trasmittanza per una ricezione superiore del segnale e da un guscio in metallo resistente per prestazioni di lunga durata. Ideale per una vasta gamma di applicazioni, tra cui l'edilizia, il rilevamento, la robotica e il monitoraggio ambientale, questo modulo \u00e8 facile da integrare con le interfacce TTL, RS485 e RS232. Perfetto per i progetti che richiedono misure accurate, affidabili e a lungo raggio in ambienti difficili.<\/p>","protected":false},"featured_media":3706,"template":"","meta":{"site-sidebar-layout":"default","site-content-layout":"","ast-site-content-layout":"default","site-content-style":"default","site-sidebar-style":"default","ast-global-header-display":"","ast-banner-title-visibility":"","ast-main-header-display":"","ast-hfb-above-header-display":"","ast-hfb-below-header-display":"","ast-hfb-mobile-header-display":"","site-post-title":"","ast-breadcrumbs-content":"","ast-featured-img":"","footer-sml-layout":"","ast-disable-related-posts":"","theme-transparent-header-meta":"default","adv-header-id-meta":"","stick-header-meta":"","header-above-stick-meta":"","header-main-stick-meta":"","header-below-stick-meta":"","astra-migrate-meta-layouts":"set","ast-page-background-enabled":"default","ast-page-background-meta":{"desktop":{"background-color":"var(--ast-global-color-4)","background-image":"","background-repeat":"repeat","background-position":"center center","background-size":"auto","background-attachment":"scroll","background-type":"","background-media":"","overlay-type":"","overlay-color":"","overlay-opacity":"","overlay-gradient":""},"tablet":{"background-color":"","background-image":"","background-repeat":"repeat","background-position":"center center","background-size":"auto","background-attachment":"scroll","background-type":"","background-media":"","overlay-type":"","overlay-color":"","overlay-opacity":"","overlay-gradient":""},"mobile":{"background-color":"","background-image":"","background-repeat":"repeat","background-position":"center center","background-size":"auto","background-attachment":"scroll","background-type":"","background-media":"","overlay-type":"","overlay-color":"","overlay-opacity":"","overlay-gradient":""}},"ast-content-background-meta":{"desktop":{"background-color":"var(--ast-global-color-5)","background-image":"","background-repeat":"repeat","background-position":"center center","background-size":"auto","background-attachment":"scroll","background-type":"","background-media":"","overlay-type":"","overlay-color":"","overlay-opacity":"","overlay-gradient":""},"tablet":{"background-color":"var(--ast-global-color-5)","background-image":"","background-repeat":"repeat","background-position":"center center","background-size":"auto","background-attachment":"scroll","background-type":"","background-media":"","overlay-type":"","overlay-color":"","overlay-opacity":"","overlay-gradient":""},"mobile":{"background-color":"var(--ast-global-color-5)","background-image":"","background-repeat":"repeat","background-position":"center center","background-size":"auto","background-attachment":"scroll","background-type":"","background-media":"","overlay-type":"","overlay-color":"","overlay-opacity":"","overlay-gradient":""}}},"product_brand":[60],"product_cat":[54],"product_tag":[56],"class_list":{"0":"post-3054","1":"product","2":"type-product","3":"status-publish","4":"has-post-thumbnail","6":"product_brand-meskernel","7":"product_cat-long-distance-laser-ranging-sensors","8":"product_tag-hot","9":"desktop-align-center","10":"tablet-align-left","11":"mobile-align-left","13":"first","14":"instock","15":"shipping-taxable","16":"product-type-simple"},"_links":{"self":[{"href":"https:\/\/meskernel.net\/it\/wp-json\/wp\/v2\/product\/3054","targetHints":{"allow":["GET"]}}],"collection":[{"href":"https:\/\/meskernel.net\/it\/wp-json\/wp\/v2\/product"}],"about":[{"href":"https:\/\/meskernel.net\/it\/wp-json\/wp\/v2\/types\/product"}],"version-history":[{"count":0,"href":"https:\/\/meskernel.net\/it\/wp-json\/wp\/v2\/product\/3054\/revisions"}],"wp:featuredmedia":[{"embeddable":true,"href":"https:\/\/meskernel.net\/it\/wp-json\/wp\/v2\/media\/3706"}],"wp:attachment":[{"href":"https:\/\/meskernel.net\/it\/wp-json\/wp\/v2\/media?parent=3054"}],"wp:term":[{"taxonomy":"product_brand","embeddable":true,"href":"https:\/\/meskernel.net\/it\/wp-json\/wp\/v2\/product_brand?post=3054"},{"taxonomy":"product_cat","embeddable":true,"href":"https:\/\/meskernel.net\/it\/wp-json\/wp\/v2\/product_cat?post=3054"},{"taxonomy":"product_tag","embeddable":true,"href":"https:\/\/meskernel.net\/it\/wp-json\/wp\/v2\/product_tag?post=3054"}],"curies":[{"name":"wp","href":"https:\/\/api.w.org\/{rel}","templated":true}]}}