{"id":4067,"date":"2025-04-08T16:35:23","date_gmt":"2025-04-08T08:35:23","guid":{"rendered":"https:\/\/meskernel.net\/?post_type=product&#038;p=4067"},"modified":"2025-12-04T10:48:20","modified_gmt":"2025-12-04T02:48:20","slug":"sensore-di-distanza-laser-da-1-mm","status":"publish","type":"product","link":"https:\/\/meskernel.net\/it\/product\/1mm-laser-distance-sensor\/","title":{"rendered":"Sensore di distanza laser da 1 mm LDL-T Modulo telemetro compatto"},"content":{"rendered":"<p>il nostro modulo sensore di distanza laser LDL-T da 1 mm, una soluzione di misura laser all'avanguardia progettata per le applicazioni in cui sono essenziali un'elevata precisione, dimensioni compatte e un design leggero. Costruito con la tecnologia di misurazione di fase leader del settore, questo sensore offre <strong data-start=\"497\" data-end=\"515\">\u00b1<\/strong>precisione di 1 mm e garantisce prestazioni stabili fino a 80 metri, rendendolo ideale per l'automazione industriale, la robotica, gli UAV e i sistemi di misura intelligenti.<\/p>\n<p><img data-dominant-color=\"f4f4f4\" data-has-transparency=\"false\" style=\"--dominant-color: #f4f4f4;\" fetchpriority=\"high\" decoding=\"async\" class=\"wp-image-6408 size-full alignleft not-transparent\" src=\"https:\/\/meskernel.net\/wp-content\/uploads\/2025\/04\/Micro-Laser-Distance-Sensor-LDL-T-Module.webp\" alt=\"Micro sensore laser di distanza Modulo LDL-T\" width=\"494\" height=\"491\" srcset=\"https:\/\/meskernel.net\/wp-content\/uploads\/2025\/04\/Micro-Laser-Distance-Sensor-LDL-T-Module.webp 494w, https:\/\/meskernel.net\/wp-content\/uploads\/2025\/04\/Micro-Laser-Distance-Sensor-LDL-T-Module-300x298.webp 300w, https:\/\/meskernel.net\/wp-content\/uploads\/2025\/04\/Micro-Laser-Distance-Sensor-LDL-T-Module-150x150.webp 150w, https:\/\/meskernel.net\/wp-content\/uploads\/2025\/04\/Micro-Laser-Distance-Sensor-LDL-T-Module-12x12.webp 12w, https:\/\/meskernel.net\/wp-content\/uploads\/2025\/04\/Micro-Laser-Distance-Sensor-LDL-T-Module-400x398.webp 400w, https:\/\/meskernel.net\/wp-content\/uploads\/2025\/04\/Micro-Laser-Distance-Sensor-LDL-T-Module-100x100.webp 100w\" sizes=\"(max-width: 494px) 100vw, 494px\" \/><\/p>\n<p>&nbsp;<\/p>\n<h3 class=\"\" data-start=\"659\" data-end=\"676\">Caratteristiche principali del modulo sensore di distanza laser LDL-T da 1 mm:<\/h3>\n<ul data-start=\"677\" data-end=\"1700\">\n<li class=\"\" data-start=\"677\" data-end=\"784\">\n<p class=\"\" data-start=\"679\" data-end=\"784\"><strong data-start=\"679\" data-end=\"703\">Altissima precisione<\/strong>: La tecnologia di misurazione basata sulle fasi assicura un'eccezionale precisione di <strong data-start=\"775\" data-end=\"783\">\u00b1<\/strong>1 mm.<\/p>\n<\/li>\n<li class=\"\" data-start=\"785\" data-end=\"915\">\n<p class=\"\" data-start=\"787\" data-end=\"915\"><strong data-start=\"787\" data-end=\"811\">Lungo campo di misura<\/strong>: In grado di misurare distanze fino a 80 metri, \u00e8 adatto sia per applicazioni interne che esterne.<\/p>\n<\/li>\n<li class=\"\" data-start=\"916\" data-end=\"1105\">\n<p class=\"\" data-start=\"918\" data-end=\"1105\"><strong data-start=\"918\" data-end=\"949\">Ultra-compatto e leggero<\/strong>: Con un fattore di forma minimo di 7,01 \u00d7 27,87 \u00d7 16,57 mm e un peso di soli 3 g, il sensore LDS \u00e8 facile da integrare in sistemi con limiti di spazio.<\/p>\n<\/li>\n<li class=\"\" data-start=\"1106\" data-end=\"1248\">\n<p class=\"\" data-start=\"1108\" data-end=\"1248\"><strong data-start=\"1108\" data-end=\"1140\">Frequenza di misura flessibile<\/strong>: La frequenza di misura predefinita \u00e8 di 3 Hz, con opzioni personalizzabili per adattarsi alle vostre esigenze specifiche.<\/p>\n<\/li>\n<li class=\"\" data-start=\"1249\" data-end=\"1359\">\n<p class=\"\" data-start=\"1251\" data-end=\"1359\"><strong data-start=\"1251\" data-end=\"1277\">Comunicazione affidabile<\/strong>: Supporta la comunicazione tramite porta seriale standard per una perfetta integrazione nel sistema.<\/p>\n<\/li>\n<li class=\"\" data-start=\"1360\" data-end=\"1470\">\n<p class=\"\" data-start=\"1362\" data-end=\"1470\"><strong data-start=\"1362\" data-end=\"1392\">Ampio supporto alla personalizzazione<\/strong>: Sono disponibili servizi OEM, ODM e OBM per soddisfare le esigenze di applicazioni personalizzate.<\/p>\n<\/li>\n<li class=\"\" data-start=\"1471\" data-end=\"1580\">\n<p class=\"\" data-start=\"1473\" data-end=\"1580\"><strong data-start=\"1473\" data-end=\"1490\">Costruzione durevole<\/strong>: Costruito con materiali APB+PCB di alta qualit\u00e0 per garantire stabilit\u00e0 e lunga durata.<\/p>\n<\/li>\n<li class=\"\" data-start=\"1581\" data-end=\"1700\">\n<p class=\"\" data-start=\"1583\" data-end=\"1700\"><strong data-start=\"1583\" data-end=\"1604\">Qualit\u00e0 certificata<\/strong>: Conforme agli standard internazionali, comprese le certificazioni CE, FCC, RoHS e ISO9001.<\/p>\n<\/li>\n<\/ul>\n<h3 class=\"text-title\"><span class=\"magic-22\">Interfaccia PCI del modulo sensore di distanza laser da 1 mm LDL-T<\/span><\/h3>\n<div class=\"text-content\">Supporto della trasmissione Bluetooth, interfaccia TTL\/RS232\/RS485 tre in uno, in modo che la trasmissione dei dati sia pi\u00f9 efficiente.<\/div>\n<div><\/div>\n<p class=\"\" data-start=\"2144\" data-end=\"2361\">Il modulo del sensore di distanza laser LDL-T \u00e8 la scelta perfetta per gli ingegneri e gli sviluppatori che cercano una soluzione di misurazione laser ad alta precisione, compatta e affidabile, con la massima flessibilit\u00e0 di personalizzazione.<\/p>\n<p class=\"\" data-start=\"2363\" data-end=\"2441\">Sentitevi liberi di <a href=\"https:\/\/meskernel.net\/it\/contatto\/\">contattateci<\/a> per le schede tecniche, il supporto all'integrazione o le richieste di OEM.<\/p>\n<p data-start=\"2363\" data-end=\"2441\">","protected":false},"excerpt":{"rendered":"<p>Leggero, preciso e compatto - Il sensore di distanza laser LDL-T da 1 mm offre una portata di 80 m, un peso di 3 g ed \u00e8 perfetto per le applicazioni a ingombro ridotto.<\/p>","protected":false},"featured_media":4073,"template":"","meta":{"site-sidebar-layout":"default","site-content-layout":"","ast-site-content-layout":"default","site-content-style":"default","site-sidebar-style":"default","ast-global-header-display":"","ast-banner-title-visibility":"","ast-main-header-display":"","ast-hfb-above-header-display":"","ast-hfb-below-header-display":"","ast-hfb-mobile-header-display":"","site-post-title":"","ast-breadcrumbs-content":"","ast-featured-img":"","footer-sml-layout":"","ast-disable-related-posts":"","theme-transparent-header-meta":"default","adv-header-id-meta":"","stick-header-meta":"","header-above-stick-meta":"","header-main-stick-meta":"","header-below-stick-meta":"","astra-migrate-meta-layouts":"set","ast-page-background-enabled":"default","ast-page-background-meta":{"desktop":{"background-color":"var(--ast-global-color-4)","background-image":"","background-repeat":"repeat","background-position":"center center","background-size":"auto","background-attachment":"scroll","background-type":"","background-media":"","overlay-type":"","overlay-color":"","overlay-opacity":"","overlay-gradient":""},"tablet":{"background-color":"","background-image":"","background-repeat":"repeat","background-position":"center center","background-size":"auto","background-attachment":"scroll","background-type":"","background-media":"","overlay-type":"","overlay-color":"","overlay-opacity":"","overlay-gradient":""},"mobile":{"background-color":"","background-image":"","background-repeat":"repeat","background-position":"center center","background-size":"auto","background-attachment":"scroll","background-type":"","background-media":"","overlay-type":"","overlay-color":"","overlay-opacity":"","overlay-gradient":""}},"ast-content-background-meta":{"desktop":{"background-color":"var(--ast-global-color-5)","background-image":"","background-repeat":"repeat","background-position":"center center","background-size":"auto","background-attachment":"scroll","background-type":"","background-media":"","overlay-type":"","overlay-color":"","overlay-opacity":"","overlay-gradient":""},"tablet":{"background-color":"var(--ast-global-color-5)","background-image":"","background-repeat":"repeat","background-position":"center center","background-size":"auto","background-attachment":"scroll","background-type":"","background-media":"","overlay-type":"","overlay-color":"","overlay-opacity":"","overlay-gradient":""},"mobile":{"background-color":"var(--ast-global-color-5)","background-image":"","background-repeat":"repeat","background-position":"center center","background-size":"auto","background-attachment":"scroll","background-type":"","background-media":"","overlay-type":"","overlay-color":"","overlay-opacity":"","overlay-gradient":""}}},"product_brand":[60],"product_cat":[51],"product_tag":[56],"class_list":{"0":"post-4067","1":"product","2":"type-product","3":"status-publish","4":"has-post-thumbnail","6":"product_brand-meskernel","7":"product_cat-laser-distance-sensor","8":"product_tag-hot","9":"desktop-align-center","10":"tablet-align-left","11":"mobile-align-left","13":"first","14":"instock","15":"shipping-taxable","16":"product-type-simple"},"_links":{"self":[{"href":"https:\/\/meskernel.net\/it\/wp-json\/wp\/v2\/product\/4067","targetHints":{"allow":["GET"]}}],"collection":[{"href":"https:\/\/meskernel.net\/it\/wp-json\/wp\/v2\/product"}],"about":[{"href":"https:\/\/meskernel.net\/it\/wp-json\/wp\/v2\/types\/product"}],"version-history":[{"count":0,"href":"https:\/\/meskernel.net\/it\/wp-json\/wp\/v2\/product\/4067\/revisions"}],"wp:featuredmedia":[{"embeddable":true,"href":"https:\/\/meskernel.net\/it\/wp-json\/wp\/v2\/media\/4073"}],"wp:attachment":[{"href":"https:\/\/meskernel.net\/it\/wp-json\/wp\/v2\/media?parent=4067"}],"wp:term":[{"taxonomy":"product_brand","embeddable":true,"href":"https:\/\/meskernel.net\/it\/wp-json\/wp\/v2\/product_brand?post=4067"},{"taxonomy":"product_cat","embeddable":true,"href":"https:\/\/meskernel.net\/it\/wp-json\/wp\/v2\/product_cat?post=4067"},{"taxonomy":"product_tag","embeddable":true,"href":"https:\/\/meskernel.net\/it\/wp-json\/wp\/v2\/product_tag?post=4067"}],"curies":[{"name":"wp","href":"https:\/\/api.w.org\/{rel}","templated":true}]}}