{"id":4206,"date":"2025-04-17T11:16:54","date_gmt":"2025-04-17T03:16:54","guid":{"rendered":"https:\/\/meskernel.net\/?post_type=product&#038;p=4206"},"modified":"2025-10-21T09:32:43","modified_gmt":"2025-10-21T01:32:43","slug":"modulo-sensore-di-distanza-laser-da-1-mm","status":"publish","type":"product","link":"https:\/\/meskernel.net\/it\/product\/1mm-laser-distance-sensor-module\/","title":{"rendered":"Modulo sensore di distanza laser da 1 mm LDL-S con 30 Hz 30 metri per luce forte all'aperto"},"content":{"rendered":"<p>nostro <a href=\"https:\/\/www.globalsources.com\/chengdu-meskernel\/showroom_6002100157315.htm\" target=\"_blank\" rel=\"noopener\">Modulo sensore di distanza laser da 1 mm<\/a> LDL-S \u00e8 progettato per applicazioni esterne e offre prestazioni eccezionali anche in presenza di forte luce solare. Eccelle in ambienti con segnali deboli, garantendo un funzionamento affidabile. Grazie alle capacit\u00e0 di misura ad alta precisione, fornisce risultati accurati per le attivit\u00e0 pi\u00f9 impegnative. Il dispositivo supporta un ampio intervallo di temperatura personalizzabile, che lo rende adatto a varie condizioni ambientali. Inoltre, \u00e8 dotato di tecnologia laser rossa o verde opzionale per soddisfare le diverse esigenze degli utenti.<\/p>\n<p><img data-dominant-color=\"e6e4e4\" data-has-transparency=\"false\" style=\"--dominant-color: #e6e4e4;\" fetchpriority=\"high\" decoding=\"async\" class=\"wp-image-4207 size-full alignleft not-transparent\" src=\"https:\/\/meskernel.net\/wp-content\/uploads\/2025\/04\/1mm-Laser-Distance-Sensor-Module.webp\" alt=\"Modulo sensore di distanza laser da 1 mm\" width=\"696\" height=\"459\" srcset=\"https:\/\/meskernel.net\/wp-content\/uploads\/2025\/04\/1mm-Laser-Distance-Sensor-Module.webp 696w, https:\/\/meskernel.net\/wp-content\/uploads\/2025\/04\/1mm-Laser-Distance-Sensor-Module-300x198.webp 300w, https:\/\/meskernel.net\/wp-content\/uploads\/2025\/04\/1mm-Laser-Distance-Sensor-Module-400x264.webp 400w\" sizes=\"(max-width: 696px) 100vw, 696px\" \/><\/p>\n<p>&nbsp;<\/p>\n<h6>Vantaggi<\/h6>\n<ul>\n<li>Uso all'aperto con forte resistenza alla luce<\/li>\n<li>Prestazioni superiori in condizioni di segnale debole<\/li>\n<li>Misura di alta precisione<\/li>\n<li>Ampio intervallo di temperatura personalizzabile<\/li>\n<li>Opzioni laser rosso\/verde<\/li>\n<\/ul>\n<h5><strong>Quick Testing Guidance<\/strong><\/h5>\n<p><img data-dominant-color=\"ebeceb\" data-has-transparency=\"false\" style=\"--dominant-color: #ebeceb;\" decoding=\"async\" class=\"alignleft wp-image-6112 size-full not-transparent\" src=\"https:\/\/meskernel.net\/wp-content\/uploads\/2025\/04\/laser-distance-sensor-Quick-Testing-Guidance.webp\" alt=\"laser distance sensor Quick Testing Guidance\" width=\"703\" height=\"185\" srcset=\"https:\/\/meskernel.net\/wp-content\/uploads\/2025\/04\/laser-distance-sensor-Quick-Testing-Guidance.webp 703w, https:\/\/meskernel.net\/wp-content\/uploads\/2025\/04\/laser-distance-sensor-Quick-Testing-Guidance-300x79.webp 300w, https:\/\/meskernel.net\/wp-content\/uploads\/2025\/04\/laser-distance-sensor-Quick-Testing-Guidance-18x5.webp 18w, https:\/\/meskernel.net\/wp-content\/uploads\/2025\/04\/laser-distance-sensor-Quick-Testing-Guidance-400x105.webp 400w\" sizes=\"(max-width: 703px) 100vw, 703px\" \/><\/p>\n<p>&nbsp;<\/p>\n<h3 class=\"text-title\"><span class=\"magic-22\">Interfaccia PCI del modulo sensore di distanza laser da 1 mm LDL-T<\/span><\/h3>\n<div class=\"text-content\">Supporto della trasmissione Bluetooth, interfaccia TTL\/RS232\/RS485 tre in uno, in modo che la trasmissione dei dati sia pi\u00f9 efficiente.<\/div>\n<div><\/div>\n<p class=\"\" data-start=\"2144\" data-end=\"2361\">Il modulo del sensore di distanza laser da 1 mm \u00e8 la scelta perfetta per gli ingegneri e gli sviluppatori che cercano una soluzione di misurazione laser ad alta precisione, compatta e affidabile, con una completa flessibilit\u00e0 di personalizzazione.<\/p>\n<p class=\"\" data-start=\"2363\" data-end=\"2441\">Sentitevi liberi di <a href=\"https:\/\/meskernel.net\/it\/contatto\/\">contattateci<\/a> per le schede tecniche, il supporto all'integrazione o le richieste di OEM.<\/p>\n<p data-start=\"2363\" data-end=\"2441\">","protected":false},"excerpt":{"rendered":"<p>Il modulo del sensore di distanza laser LDL-S da 1 mm, con una frequenza di 30 Hz e un raggio d'azione di 30 metri, \u00e8 progettato per l'uso all'aperto in ambienti con forte illuminazione. Questo sensore offre una precisione di misura fino a 1 mm ed \u00e8 ampiamente utilizzato nella robotica, nell'automazione industriale, nella misurazione delle costruzioni e in altri settori. Offre misure di distanza precise e prestazioni stabili in varie condizioni ambientali.<\/p>","protected":false},"featured_media":4209,"template":"","meta":{"site-sidebar-layout":"default","site-content-layout":"","ast-site-content-layout":"default","site-content-style":"default","site-sidebar-style":"default","ast-global-header-display":"","ast-banner-title-visibility":"","ast-main-header-display":"","ast-hfb-above-header-display":"","ast-hfb-below-header-display":"","ast-hfb-mobile-header-display":"","site-post-title":"","ast-breadcrumbs-content":"","ast-featured-img":"","footer-sml-layout":"","ast-disable-related-posts":"","theme-transparent-header-meta":"default","adv-header-id-meta":"","stick-header-meta":"","header-above-stick-meta":"","header-main-stick-meta":"","header-below-stick-meta":"","astra-migrate-meta-layouts":"set","ast-page-background-enabled":"default","ast-page-background-meta":{"desktop":{"background-color":"var(--ast-global-color-4)","background-image":"","background-repeat":"repeat","background-position":"center center","background-size":"auto","background-attachment":"scroll","background-type":"","background-media":"","overlay-type":"","overlay-color":"","overlay-opacity":"","overlay-gradient":""},"tablet":{"background-color":"","background-image":"","background-repeat":"repeat","background-position":"center center","background-size":"auto","background-attachment":"scroll","background-type":"","background-media":"","overlay-type":"","overlay-color":"","overlay-opacity":"","overlay-gradient":""},"mobile":{"background-color":"","background-image":"","background-repeat":"repeat","background-position":"center center","background-size":"auto","background-attachment":"scroll","background-type":"","background-media":"","overlay-type":"","overlay-color":"","overlay-opacity":"","overlay-gradient":""}},"ast-content-background-meta":{"desktop":{"background-color":"var(--ast-global-color-5)","background-image":"","background-repeat":"repeat","background-position":"center center","background-size":"auto","background-attachment":"scroll","background-type":"","background-media":"","overlay-type":"","overlay-color":"","overlay-opacity":"","overlay-gradient":""},"tablet":{"background-color":"var(--ast-global-color-5)","background-image":"","background-repeat":"repeat","background-position":"center center","background-size":"auto","background-attachment":"scroll","background-type":"","background-media":"","overlay-type":"","overlay-color":"","overlay-opacity":"","overlay-gradient":""},"mobile":{"background-color":"var(--ast-global-color-5)","background-image":"","background-repeat":"repeat","background-position":"center center","background-size":"auto","background-attachment":"scroll","background-type":"","background-media":"","overlay-type":"","overlay-color":"","overlay-opacity":"","overlay-gradient":""}}},"product_brand":[60],"product_cat":[51],"product_tag":[56],"class_list":{"0":"post-4206","1":"product","2":"type-product","3":"status-publish","4":"has-post-thumbnail","6":"product_brand-meskernel","7":"product_cat-laser-distance-sensor","8":"product_tag-hot","9":"desktop-align-center","10":"tablet-align-left","11":"mobile-align-left","13":"first","14":"instock","15":"shipping-taxable","16":"product-type-simple"},"_links":{"self":[{"href":"https:\/\/meskernel.net\/it\/wp-json\/wp\/v2\/product\/4206","targetHints":{"allow":["GET"]}}],"collection":[{"href":"https:\/\/meskernel.net\/it\/wp-json\/wp\/v2\/product"}],"about":[{"href":"https:\/\/meskernel.net\/it\/wp-json\/wp\/v2\/types\/product"}],"version-history":[{"count":0,"href":"https:\/\/meskernel.net\/it\/wp-json\/wp\/v2\/product\/4206\/revisions"}],"wp:featuredmedia":[{"embeddable":true,"href":"https:\/\/meskernel.net\/it\/wp-json\/wp\/v2\/media\/4209"}],"wp:attachment":[{"href":"https:\/\/meskernel.net\/it\/wp-json\/wp\/v2\/media?parent=4206"}],"wp:term":[{"taxonomy":"product_brand","embeddable":true,"href":"https:\/\/meskernel.net\/it\/wp-json\/wp\/v2\/product_brand?post=4206"},{"taxonomy":"product_cat","embeddable":true,"href":"https:\/\/meskernel.net\/it\/wp-json\/wp\/v2\/product_cat?post=4206"},{"taxonomy":"product_tag","embeddable":true,"href":"https:\/\/meskernel.net\/it\/wp-json\/wp\/v2\/product_tag?post=4206"}],"curies":[{"name":"wp","href":"https:\/\/api.w.org\/{rel}","templated":true}]}}