{"id":6278,"date":"2025-11-17T11:33:03","date_gmt":"2025-11-17T03:33:03","guid":{"rendered":"https:\/\/meskernel.net\/?post_type=product&#038;p=6278"},"modified":"2025-11-17T11:33:04","modified_gmt":"2025-11-17T03:33:04","slug":"sensore-ccd","status":"publish","type":"product","link":"https:\/\/meskernel.net\/it\/product\/ccd-sensor\/","title":{"rendered":"Sensore CCD retroilluminato da 2000\u00d7256 elementi"},"content":{"rendered":"<p data-start=\"1198\" data-end=\"1275\"><strong data-start=\"1198\" data-end=\"1275\">CCD full-frame ad alta sensibilit\u00e0 per spettroscopia e strumenti scientifici<\/strong><\/p>\n<p data-start=\"1277\" data-end=\"1726\">Il sensore CCD retroilluminato da 2000\u00d7256 elementi \u00e8 un CCD scientifico full-frame ad alte prestazioni ottimizzato per la spettroscopia, la misurazione ottica di precisione e l'imaging scientifico in condizioni di scarsa illuminazione. Dotato di 2048(H) \u00d7 264(V) pixel effettivi con un'architettura di 15 \u03bcm \u00d7 15 \u03bcm, questo sensore offre sensibilit\u00e0, uniformit\u00e0 e stabilit\u00e0 eccezionali, rendendolo ideale per gli sviluppatori di strumenti OEM che cercano un rilevatore CCD affidabile.<\/p>\n<p data-start=\"1728\" data-end=\"2079\">Progettato per garantire un rumore bassissimo e una bassa corrente di buio, il dispositivo raggiunge prestazioni ottimali se utilizzato a -60\u00b0C, in genere utilizzando un contenitore DIL in ceramica o un alloggiamento con raffreddamento termoelettrico (TE). Con un'efficienza quantica di picco \u226585%, il dispositivo offre un'eccellente efficienza di raccolta dei fotoni per le applicazioni spettrali e analitiche pi\u00f9 esigenti.<\/p>\n<p data-start=\"1728\" data-end=\"2079\"><img data-dominant-color=\"e5ddc0\" data-has-transparency=\"false\" style=\"--dominant-color: #e5ddc0;\" fetchpriority=\"high\" decoding=\"async\" class=\"aligncenter wp-image-6279 size-full not-transparent\" src=\"https:\/\/meskernel.net\/wp-content\/uploads\/2025\/11\/2000\u00d7256-Elementi-Sensore CCD retroilluminato.webp\" alt=\"Sensore CCD retroilluminato da 2000\u00d7256 elementi\" width=\"800\" height=\"800\" srcset=\"\" sizes=\"(max-width: 800px) 100vw, 800px\" data-srcset=\"\" \/><\/p>\n<hr data-start=\"2081\" data-end=\"2084\" \/>\n<h2 data-start=\"2086\" data-end=\"2105\"><strong data-start=\"2089\" data-end=\"2105\">Caratteristiche principali<\/strong><\/h2>\n<ul data-start=\"2106\" data-end=\"2527\">\n<li data-start=\"2106\" data-end=\"2186\">\n<p data-start=\"2108\" data-end=\"2186\"><strong data-start=\"2108\" data-end=\"2138\">Struttura retroilluminata<\/strong> per un'elevata efficienza quantica (\u226580%, picco \u226585%)<\/p>\n<\/li>\n<li data-start=\"2187\" data-end=\"2256\">\n<p data-start=\"2189\" data-end=\"2256\"><strong data-start=\"2189\" data-end=\"2224\">Sensore spettroscopico a pieno formato<\/strong> con design a grandi pixel da 15 \u03bcm<\/p>\n<\/li>\n<li data-start=\"2257\" data-end=\"2321\">\n<p data-start=\"2259\" data-end=\"2321\"><strong data-start=\"2259\" data-end=\"2286\">Basso rumore di lettura \u22647 e-<\/strong> per un rilevamento accurato in condizioni di scarsa illuminazione<\/p>\n<\/li>\n<li data-start=\"2322\" data-end=\"2373\">\n<p data-start=\"2324\" data-end=\"2373\"><strong data-start=\"2324\" data-end=\"2371\">Segnale scuro basso eccellente \u2264<\/strong>0,3 e-\/pixel\/sec<\/p>\n<\/li>\n<li data-start=\"2374\" data-end=\"2439\">\n<p data-start=\"2376\" data-end=\"2439\"><strong data-start=\"2376\" data-end=\"2412\">Elevata capacit\u00e0 di riempimento \u2265<\/strong>150 ke<strong data-start=\"2376\" data-end=\"2412\">\u207b<\/strong> per una forte gamma dinamica<\/p>\n<\/li>\n<li data-start=\"2440\" data-end=\"2489\">\n<p data-start=\"2442\" data-end=\"2489\"><strong data-start=\"2442\" data-end=\"2487\">Acquisizione rapida dello spettro. <\/strong>fino a 100 fps<\/p>\n<\/li>\n<li data-start=\"2490\" data-end=\"2527\">\n<p data-start=\"2492\" data-end=\"2527\"><strong data-start=\"2492\" data-end=\"2511\">Elevata uniformit\u00e0<\/strong> con PRNU \u22641%<\/p>\n<\/li>\n<\/ul>\n<hr data-start=\"2529\" data-end=\"2532\" \/>\n<h2 data-start=\"2534\" data-end=\"2561\"><strong data-start=\"2537\" data-end=\"2561\">Applicazioni tipiche<\/strong><\/h2>\n<ul data-start=\"2562\" data-end=\"2832\">\n<li data-start=\"2562\" data-end=\"2605\">\n<p data-start=\"2564\" data-end=\"2605\">Strumenti di spettroscopia UV-VIS-NIR<\/p>\n<\/li>\n<li data-start=\"2606\" data-end=\"2628\">\n<p data-start=\"2608\" data-end=\"2628\">Spettroscopia Raman<\/p>\n<\/li>\n<li data-start=\"2629\" data-end=\"2654\">\n<p data-start=\"2631\" data-end=\"2654\">Analisi di fluorescenza<\/p>\n<\/li>\n<li data-start=\"2655\" data-end=\"2685\">\n<p data-start=\"2657\" data-end=\"2685\">Sistemi di imaging scientifico<\/p>\n<\/li>\n<li data-start=\"2686\" data-end=\"2716\">\n<p data-start=\"2688\" data-end=\"2716\">Strumentazione di laboratorio<\/p>\n<\/li>\n<li data-start=\"2717\" data-end=\"2762\">\n<p data-start=\"2719\" data-end=\"2762\">Dispositivi di misura e metrologia ottica<\/p>\n<\/li>\n<li data-start=\"2763\" data-end=\"2832\">\n<p data-start=\"2765\" data-end=\"2832\">Apparecchiature analitiche OEM che richiedono rivelatori CCD ad alta sensibilit\u00e0<\/p>\n<\/li>\n<\/ul>\n<hr data-start=\"2834\" data-end=\"2837\" \/>\n<h2 data-start=\"2839\" data-end=\"2872\"><strong data-start=\"2842\" data-end=\"2870\">Specifiche tecniche<\/strong><\/h2>\n<div class=\"_tableContainer_1rjym_1\">\n<div class=\"group _tableWrapper_1rjym_13 flex w-fit flex-col-reverse\" tabindex=\"-1\">\n<table class=\"w-fit min-w-(--thread-content-width)\" data-start=\"2873\" data-end=\"3343\">\n<thead data-start=\"2873\" data-end=\"2902\">\n<tr data-start=\"2873\" data-end=\"2902\">\n<th data-start=\"2873\" data-end=\"2889\" data-col-size=\"sm\"><strong data-start=\"2875\" data-end=\"2888\">Parametro<\/strong><\/th>\n<th data-start=\"2889\" data-end=\"2902\" data-col-size=\"sm\"><strong data-start=\"2891\" data-end=\"2900\">Valore<\/strong><\/th>\n<\/tr>\n<\/thead>\n<tbody data-start=\"2933\" data-end=\"3343\">\n<tr data-start=\"2933\" data-end=\"2971\">\n<td data-start=\"2933\" data-end=\"2949\" data-col-size=\"sm\">Pixel attivi<\/td>\n<td data-col-size=\"sm\" data-start=\"2949\" data-end=\"2971\">2000 (H) \u00d7 256 (V)<\/td>\n<\/tr>\n<tr data-start=\"2972\" data-end=\"3002\">\n<td data-start=\"2972\" data-end=\"2985\" data-col-size=\"sm\">Dimensione dei pixel<\/td>\n<td data-col-size=\"sm\" data-start=\"2985\" data-end=\"3002\">15 \u03bcm \u00d7 15 \u03bcm<\/td>\n<\/tr>\n<tr data-start=\"3003\" data-end=\"3041\">\n<td data-start=\"3003\" data-end=\"3023\" data-col-size=\"sm\">Area dell'immagine attiva<\/td>\n<td data-col-size=\"sm\" data-start=\"3023\" data-end=\"3041\">30 mm \u00d7 3,8 mm<\/td>\n<\/tr>\n<tr data-start=\"3042\" data-end=\"3073\">\n<td data-start=\"3042\" data-end=\"3059\" data-col-size=\"sm\">Modalit\u00e0 operativa<\/td>\n<td data-col-size=\"sm\" data-start=\"3059\" data-end=\"3073\">A pieno formato<\/td>\n<\/tr>\n<tr data-start=\"3074\" data-end=\"3107\">\n<td data-start=\"3074\" data-end=\"3095\" data-col-size=\"sm\">Capacit\u00e0 del pozzo pieno<\/td>\n<td data-col-size=\"sm\" data-start=\"3095\" data-end=\"3107\">\u2265150 ke-<\/td>\n<\/tr>\n<tr data-start=\"3108\" data-end=\"3149\">\n<td data-start=\"3108\" data-end=\"3137\" data-col-size=\"sm\">Saturazione del registro di uscita<\/td>\n<td data-col-size=\"sm\" data-start=\"3137\" data-end=\"3149\">\u2265300 ke-<\/td>\n<\/tr>\n<tr data-start=\"3150\" data-end=\"3175\">\n<td data-start=\"3150\" data-end=\"3166\" data-col-size=\"sm\">Rumore di lettura<\/td>\n<td data-col-size=\"sm\" data-start=\"3166\" data-end=\"3175\">\u22647 e-<\/td>\n<\/tr>\n<tr data-start=\"3176\" data-end=\"3212\">\n<td data-start=\"3176\" data-end=\"3191\" data-col-size=\"sm\">Corrente oscura<\/td>\n<td data-col-size=\"sm\" data-start=\"3191\" data-end=\"3212\">\u22640,3 e-\/pixel\/sec<\/td>\n<\/tr>\n<tr data-start=\"3213\" data-end=\"3255\">\n<td data-start=\"3213\" data-end=\"3247\" data-col-size=\"sm\">Efficienza quantica (540-700 nm)<\/td>\n<td data-col-size=\"sm\" data-start=\"3247\" data-end=\"3255\">\u226580%<\/td>\n<\/tr>\n<tr data-start=\"3256\" data-end=\"3290\">\n<td data-start=\"3256\" data-end=\"3282\" data-col-size=\"sm\">Efficienza quantistica di picco<\/td>\n<td data-col-size=\"sm\" data-start=\"3282\" data-end=\"3290\">\u226585%<\/td>\n<\/tr>\n<tr data-start=\"3291\" data-end=\"3328\">\n<td data-start=\"3291\" data-end=\"3317\" data-col-size=\"sm\">Frequenza massima dei fotogrammi spettrali<\/td>\n<td data-col-size=\"sm\" data-start=\"3317\" data-end=\"3328\">100 fps<\/td>\n<\/tr>\n<tr data-start=\"3329\" data-end=\"3343\">\n<td data-start=\"3329\" data-end=\"3336\" data-col-size=\"sm\">PRNU<\/td>\n<td data-start=\"3336\" data-end=\"3343\" data-col-size=\"sm\">\u22641%<\/td>\n<\/tr>\n<\/tbody>\n<\/table>\n<\/div>\n<\/div>\n<hr data-start=\"3345\" data-end=\"3348\" \/>\n<h2 data-start=\"3350\" data-end=\"3401\"><strong data-start=\"3353\" data-end=\"3401\">Perch\u00e9 scegliere questo sensore CCD retroilluminato?<\/strong><\/h2>\n<p data-start=\"3402\" data-end=\"3740\">Per i produttori di strumenti e gli sviluppatori di ricerca che cercano un'elevata precisione, un basso rumore e un'eccellente sensibilit\u00e0 spettrale, questo CCD offre una delle soluzioni pi\u00f9 economiche e stabili. Le caratteristiche di elevata QE e basso rumore assicurano prestazioni affidabili in spettroscopia, strumenti di laboratorio e piattaforme di rilevamento OEM.<\/p>\n<p data-start=\"3742\" data-end=\"3939\">Il sensore \u00e8 adatto anche ai clienti che desiderano acquistare sensori CCD, integrare moduli CCD OEM o aggiornare i rivelatori degli spettrometri esistenti con un CCD retroilluminato ad alta sensibilit\u00e0.<\/p>\n<hr data-start=\"3941\" data-end=\"3944\" \/>\n<h2 data-start=\"3946\" data-end=\"3978\"><strong data-start=\"3949\" data-end=\"3978\">Integrazione e supporto OEM<\/strong><\/h2>\n<p data-start=\"3979\" data-end=\"3990\">Forniamo:<\/p>\n<ul data-start=\"3991\" data-end=\"4118\">\n<li data-start=\"3991\" data-end=\"4019\">\n<p data-start=\"3993\" data-end=\"4019\">Personalizzazione del modulo OEM<\/p>\n<\/li>\n<li data-start=\"4020\" data-end=\"4049\">\n<p data-start=\"4022\" data-end=\"4049\">Opzioni del pacchetto raffreddato a TE<\/p>\n<\/li>\n<li data-start=\"4050\" data-end=\"4118\">\n<p data-start=\"4052\" data-end=\"4118\">Supporto di fornitura a lungo termine per clienti industriali e scientifici<\/p>\n<\/li>\n<\/ul>\n<p data-start=\"4120\" data-end=\"4191\">Contattateci per richiedere campioni di progettazione, prezzi o consulenza tecnica.<\/p>","protected":false},"excerpt":{"rendered":"<p>Acquistate un sensore CCD retroilluminato 2000\u00d7256 ad alte prestazioni progettato per la spettroscopia, il Raman e le misure ottiche scientifiche. Rumore ridotto, QE elevato e rilevamento full-frame affidabile per l'integrazione di strumenti OEM.<\/p>","protected":false},"featured_media":6279,"template":"","meta":{"site-sidebar-layout":"default","site-content-layout":"","ast-site-content-layout":"default","site-content-style":"default","site-sidebar-style":"default","ast-global-header-display":"","ast-banner-title-visibility":"","ast-main-header-display":"","ast-hfb-above-header-display":"","ast-hfb-below-header-display":"","ast-hfb-mobile-header-display":"","site-post-title":"","ast-breadcrumbs-content":"","ast-featured-img":"","footer-sml-layout":"","ast-disable-related-posts":"","theme-transparent-header-meta":"default","adv-header-id-meta":"","stick-header-meta":"","header-above-stick-meta":"","header-main-stick-meta":"","header-below-stick-meta":"","astra-migrate-meta-layouts":"set","ast-page-background-enabled":"default","ast-page-background-meta":{"desktop":{"background-color":"var(--ast-global-color-4)","background-image":"","background-repeat":"repeat","background-position":"center center","background-size":"auto","background-attachment":"scroll","background-type":"","background-media":"","overlay-type":"","overlay-color":"","overlay-opacity":"","overlay-gradient":""},"tablet":{"background-color":"","background-image":"","background-repeat":"repeat","background-position":"center center","background-size":"auto","background-attachment":"scroll","background-type":"","background-media":"","overlay-type":"","overlay-color":"","overlay-opacity":"","overlay-gradient":""},"mobile":{"background-color":"","background-image":"","background-repeat":"repeat","background-position":"center center","background-size":"auto","background-attachment":"scroll","background-type":"","background-media":"","overlay-type":"","overlay-color":"","overlay-opacity":"","overlay-gradient":""}},"ast-content-background-meta":{"desktop":{"background-color":"var(--ast-global-color-5)","background-image":"","background-repeat":"repeat","background-position":"center center","background-size":"auto","background-attachment":"scroll","background-type":"","background-media":"","overlay-type":"","overlay-color":"","overlay-opacity":"","overlay-gradient":""},"tablet":{"background-color":"var(--ast-global-color-5)","background-image":"","background-repeat":"repeat","background-position":"center center","background-size":"auto","background-attachment":"scroll","background-type":"","background-media":"","overlay-type":"","overlay-color":"","overlay-opacity":"","overlay-gradient":""},"mobile":{"background-color":"var(--ast-global-color-5)","background-image":"","background-repeat":"repeat","background-position":"center center","background-size":"auto","background-attachment":"scroll","background-type":"","background-media":"","overlay-type":"","overlay-color":"","overlay-opacity":"","overlay-gradient":""}}},"product_brand":[],"product_cat":[62],"product_tag":[],"class_list":{"0":"post-6278","1":"product","2":"type-product","3":"status-publish","4":"has-post-thumbnail","6":"product_cat-detectors-components","7":"desktop-align-center","8":"tablet-align-left","9":"mobile-align-left","11":"first","12":"instock","13":"shipping-taxable","14":"product-type-simple"},"_links":{"self":[{"href":"https:\/\/meskernel.net\/it\/wp-json\/wp\/v2\/product\/6278","targetHints":{"allow":["GET"]}}],"collection":[{"href":"https:\/\/meskernel.net\/it\/wp-json\/wp\/v2\/product"}],"about":[{"href":"https:\/\/meskernel.net\/it\/wp-json\/wp\/v2\/types\/product"}],"version-history":[{"count":0,"href":"https:\/\/meskernel.net\/it\/wp-json\/wp\/v2\/product\/6278\/revisions"}],"wp:featuredmedia":[{"embeddable":true,"href":"https:\/\/meskernel.net\/it\/wp-json\/wp\/v2\/media\/6279"}],"wp:attachment":[{"href":"https:\/\/meskernel.net\/it\/wp-json\/wp\/v2\/media?parent=6278"}],"wp:term":[{"taxonomy":"product_brand","embeddable":true,"href":"https:\/\/meskernel.net\/it\/wp-json\/wp\/v2\/product_brand?post=6278"},{"taxonomy":"product_cat","embeddable":true,"href":"https:\/\/meskernel.net\/it\/wp-json\/wp\/v2\/product_cat?post=6278"},{"taxonomy":"product_tag","embeddable":true,"href":"https:\/\/meskernel.net\/it\/wp-json\/wp\/v2\/product_tag?post=6278"}],"curies":[{"name":"wp","href":"https:\/\/api.w.org\/{rel}","templated":true}]}}