{"id":6283,"date":"2025-11-17T11:30:15","date_gmt":"2025-11-17T03:30:15","guid":{"rendered":"https:\/\/meskernel.net\/?post_type=product&#038;p=6283"},"modified":"2025-11-17T11:30:16","modified_gmt":"2025-11-17T03:30:16","slug":"sensore-di-visione-notturna","status":"publish","type":"product","link":"https:\/\/meskernel.net\/it\/product\/night-vision-sensor\/","title":{"rendered":"Sensore di visione notturna monocromatico a bassissima luminosit\u00e0 1024P Sub 1 mLux per difesa, sicurezza e visione artificiale"},"content":{"rendered":"<p data-start=\"1173\" data-end=\"1262\"><strong data-start=\"1173\" data-end=\"1262\">Sensore di visione notturna monocromatico a bassissima luminosit\u00e0 per la difesa, la sicurezza e la visione artificiale<\/strong><\/p>\n<p data-start=\"1264\" data-end=\"1745\">Il modulo di visione notturna digitale 1024P Sub 1 mLux \u00e8 una soluzione di imaging monocromatico ad alte prestazioni progettata per ambienti con scarsa illuminazione, in grado di fornire immagini chiare a livelli di illuminazione fino a 0,65 mLux (luce stellare senza luna).<\/p>\n<p class=\"not-prose mt-0! mb-0! flex-auto truncate\">Dotato di un sensore d'immagine CMOS 1280 \u00d7 1024, raggiunge un output in tempo reale di 30 fps \/ 60 fps con algoritmi avanzati di visione notturna ottimizzati per la difesa, la sorveglianza e le applicazioni industriali.<\/p>\n<p data-start=\"1747\" data-end=\"2069\">Questo modulo sensore digitale per la visione notturna integra funzioni critiche come l'imaging HDR, il miglioramento del vicino infrarosso, la riduzione del rumore 3D, la correzione dei pixel difettosi, la rimozione della nebbia e l'elaborazione a bassa latenza, che lo rendono una scelta affidabile per gli OEM che costruiscono dispositivi professionali per la visione notturna o aggiornano i sistemi di imaging esistenti.<\/p>\n<p data-start=\"1747\" data-end=\"2069\"><img data-dominant-color=\"fbfafb\" data-has-transparency=\"false\" style=\"--dominant-color: #fbfafb;\" fetchpriority=\"high\" decoding=\"async\" class=\"aligncenter wp-image-6286 size-full not-transparent\" src=\"https:\/\/meskernel.net\/wp-content\/uploads\/2025\/11\/Digital-Nightvision.webp\" alt=\"Visione notturna digitale\" width=\"1000\" height=\"615\" srcset=\"https:\/\/meskernel.net\/wp-content\/uploads\/2025\/11\/Digital-Nightvision.webp 1000w, https:\/\/meskernel.net\/wp-content\/uploads\/2025\/11\/Digital-Nightvision-300x185.webp 300w, https:\/\/meskernel.net\/wp-content\/uploads\/2025\/11\/Digital-Nightvision-768x472.webp 768w, https:\/\/meskernel.net\/wp-content\/uploads\/2025\/11\/Digital-Nightvision-18x12.webp 18w, https:\/\/meskernel.net\/wp-content\/uploads\/2025\/11\/Digital-Nightvision-400x246.webp 400w\" sizes=\"(max-width: 1000px) 100vw, 1000px\" \/><\/p>\n<hr data-start=\"2071\" data-end=\"2074\" \/>\n<h2 data-start=\"2076\" data-end=\"2095\"><strong data-start=\"2079\" data-end=\"2095\">Caratteristiche principali<\/strong><\/h2>\n<ul data-start=\"2096\" data-end=\"2640\">\n<li data-start=\"2096\" data-end=\"2177\">\n<p data-start=\"2098\" data-end=\"2177\">Capacit\u00e0 di illuminazione ultrabassa fino a 6,5\u00d710-\u2074 Lux con obiettivo F1.4<\/p>\n<\/li>\n<li data-start=\"2178\" data-end=\"2234\">\n<p data-start=\"2180\" data-end=\"2234\">Sensibilit\u00e0 migliorata nel vicino infrarosso (400-1100 nm)<\/p>\n<\/li>\n<li data-start=\"2235\" data-end=\"2274\">\n<p data-start=\"2237\" data-end=\"2274\">Alta gamma dinamica \u226580 dB (HDR)<\/p>\n<\/li>\n<li data-start=\"2275\" data-end=\"2335\">\n<p data-start=\"2277\" data-end=\"2335\">Basso rumore e bassa latenza per una visione notturna in tempo reale<\/p>\n<\/li>\n<li data-start=\"2336\" data-end=\"2397\">\n<p data-start=\"2338\" data-end=\"2397\">Riduzione del rumore 3D integrata e correzione dei pixel difettosi<\/p>\n<\/li>\n<li data-start=\"2398\" data-end=\"2447\">\n<p data-start=\"2400\" data-end=\"2447\">Funzioni di rimozione della nebbia e miglioramento dell'immagine<\/p>\n<\/li>\n<li data-start=\"2448\" data-end=\"2508\">\n<p data-start=\"2450\" data-end=\"2508\">Esposizione automatica per ambienti con illuminazione dinamica<\/p>\n<\/li>\n<li data-start=\"2509\" data-end=\"2570\">\n<p data-start=\"2511\" data-end=\"2570\">Design compatto con posizionamento geometrico del sensore al centro<\/p>\n<\/li>\n<li data-start=\"2571\" data-end=\"2640\">\n<p data-start=\"2573\" data-end=\"2640\">Supporta pi\u00f9 interfacce di uscita: Camera Link \/ OLED \/ GbE<\/p>\n<\/li>\n<\/ul>\n<hr data-start=\"2642\" data-end=\"2645\" \/>\n<h2 data-start=\"2647\" data-end=\"2674\"><strong data-start=\"2650\" data-end=\"2674\">Applicazioni tipiche<\/strong><\/h2>\n<p data-start=\"2675\" data-end=\"2775\">Progettato per sistemi di imaging professionali che richiedono prestazioni stabili in condizioni di estrema oscurit\u00e0:<\/p>\n<ul data-start=\"2777\" data-end=\"3088\">\n<li data-start=\"2777\" data-end=\"2851\">\n<p data-start=\"2779\" data-end=\"2851\">Difesa e sorveglianza militare<\/p>\n<\/li>\n<li data-start=\"2852\" data-end=\"2886\">\n<p data-start=\"2854\" data-end=\"2886\">Sistemi di visione per veicoli blindati<\/p>\n<\/li>\n<li data-start=\"2887\" data-end=\"2927\">\n<p data-start=\"2889\" data-end=\"2927\">Monitoraggio delle frontiere e delle infrastrutture<\/p>\n<\/li>\n<li data-start=\"2928\" data-end=\"2973\">\n<p data-start=\"2930\" data-end=\"2973\">Equipaggiamento per la visione notturna dei singoli soldati<\/p>\n<\/li>\n<li data-start=\"2974\" data-end=\"3015\">\n<p data-start=\"2976\" data-end=\"3015\">Visione artificiale in fabbriche con scarsa illuminazione<\/p>\n<\/li>\n<li data-start=\"3016\" data-end=\"3053\">\n<p data-start=\"3018\" data-end=\"3053\">Sorveglianza perimetrale e di sicurezza<\/p>\n<\/li>\n<li data-start=\"3054\" data-end=\"3088\">\n<p data-start=\"3056\" data-end=\"3088\">Dispositivi digitali OEM per la visione notturna<\/p>\n<\/li>\n<\/ul>\n<hr data-start=\"3090\" data-end=\"3093\" \/>\n<h2 data-start=\"3095\" data-end=\"3126\"><strong data-start=\"3098\" data-end=\"3126\">Specifiche tecniche<\/strong><\/h2>\n<div class=\"_tableContainer_1rjym_1\">\n<div class=\"group _tableWrapper_1rjym_13 flex w-fit flex-col-reverse\" tabindex=\"-1\">\n<table class=\"w-fit min-w-(--thread-content-width)\" data-start=\"3128\" data-end=\"4086\">\n<thead data-start=\"3128\" data-end=\"3157\">\n<tr data-start=\"3128\" data-end=\"3157\">\n<th data-start=\"3128\" data-end=\"3144\" data-col-size=\"sm\"><strong data-start=\"3130\" data-end=\"3143\">Parametro<\/strong><\/th>\n<th data-start=\"3144\" data-end=\"3157\" data-col-size=\"md\"><strong data-start=\"3146\" data-end=\"3155\">Valore<\/strong><\/th>\n<\/tr>\n<\/thead>\n<tbody data-start=\"3188\" data-end=\"4086\">\n<tr data-start=\"3188\" data-end=\"3226\">\n<td data-start=\"3188\" data-end=\"3206\" data-col-size=\"sm\"><strong data-start=\"3190\" data-end=\"3205\">Tipo di sensore<\/strong><\/td>\n<td data-col-size=\"md\" data-start=\"3206\" data-end=\"3226\">CMOS, monocromatico<\/td>\n<\/tr>\n<tr data-start=\"3227\" data-end=\"3321\">\n<td data-start=\"3227\" data-end=\"3244\" data-col-size=\"sm\"><strong data-start=\"3229\" data-end=\"3243\">Dimensione della matrice<\/strong><\/td>\n<td data-col-size=\"md\" data-start=\"3244\" data-end=\"3321\">1280(H) \u00d7 1024(V) \/ 1024P \/ 1,3 Mpix<\/td>\n<\/tr>\n<tr data-start=\"3322\" data-end=\"3358\">\n<td data-start=\"3322\" data-end=\"3339\" data-col-size=\"sm\"><strong data-start=\"3324\" data-end=\"3338\">Dimensione dei pixel<\/strong><\/td>\n<td data-col-size=\"md\" data-start=\"3339\" data-end=\"3358\">9,7 \u03bcm \u00d7 9,7 \u03bcm<\/td>\n<\/tr>\n<tr data-start=\"3359\" data-end=\"3393\">\n<td data-start=\"3359\" data-end=\"3376\" data-col-size=\"sm\"><strong data-start=\"3361\" data-end=\"3375\">Frequenza dei fotogrammi<\/strong><\/td>\n<td data-col-size=\"md\" data-start=\"3376\" data-end=\"3393\">30 Hz \/ 60 Hz<\/td>\n<\/tr>\n<tr data-start=\"3394\" data-end=\"3459\">\n<td data-start=\"3394\" data-end=\"3421\" data-col-size=\"sm\"><strong data-start=\"3396\" data-end=\"3420\">Illuminazione minima<\/strong><\/td>\n<td data-col-size=\"md\" data-start=\"3421\" data-end=\"3459\">6,5 \u00d7 10-\u2074 Lux (obiettivo 35 mm @ F1,4)<\/td>\n<\/tr>\n<tr data-start=\"3460\" data-end=\"3514\">\n<td data-start=\"3460\" data-end=\"3480\" data-col-size=\"sm\"><strong data-start=\"3462\" data-end=\"3479\">Gamma dinamica<\/strong><\/td>\n<td data-start=\"3480\" data-end=\"3514\" data-col-size=\"md\">\u226580 dB (HDR), \u226568 dB (non HDR)<\/td>\n<\/tr>\n<tr data-start=\"3515\" data-end=\"3551\">\n<td data-start=\"3515\" data-end=\"3536\" data-col-size=\"sm\"><strong data-start=\"3517\" data-end=\"3535\">Gamma spettrale<\/strong><\/td>\n<td data-col-size=\"md\" data-start=\"3536\" data-end=\"3551\">400-1100 nm<\/td>\n<\/tr>\n<tr data-start=\"3552\" data-end=\"3596\">\n<td data-start=\"3552\" data-end=\"3577\" data-col-size=\"sm\"><strong data-start=\"3554\" data-end=\"3576\">Otturatore elettronico<\/strong><\/td>\n<td data-col-size=\"md\" data-start=\"3577\" data-end=\"3596\">Tapparella<\/td>\n<\/tr>\n<tr data-start=\"3597\" data-end=\"3627\">\n<td data-start=\"3597\" data-end=\"3616\" data-col-size=\"sm\"><strong data-start=\"3599\" data-end=\"3615\">Controllo del guadagno<\/strong><\/td>\n<td data-col-size=\"md\" data-start=\"3616\" data-end=\"3627\">0-24 dB<\/td>\n<\/tr>\n<tr data-start=\"3628\" data-end=\"3697\">\n<td data-start=\"3628\" data-end=\"3650\" data-col-size=\"sm\"><strong data-start=\"3630\" data-end=\"3649\">Riduzione del rumore<\/strong><\/td>\n<td data-col-size=\"md\" data-start=\"3650\" data-end=\"3697\">Riduzione del rumore 3D, correzione dei pixel difettosi<\/td>\n<\/tr>\n<tr data-start=\"3698\" data-end=\"3750\">\n<td data-start=\"3698\" data-end=\"3722\" data-col-size=\"sm\"><strong data-start=\"3700\" data-end=\"3721\">Interfacce di uscita<\/strong><\/td>\n<td data-col-size=\"md\" data-start=\"3722\" data-end=\"3750\">Camera Link \/ OLED \/ GbE<\/td>\n<\/tr>\n<tr data-start=\"3751\" data-end=\"3780\">\n<td data-start=\"3751\" data-end=\"3770\" data-col-size=\"sm\"><strong data-start=\"3753\" data-end=\"3769\">Orologio di uscita<\/strong><\/td>\n<td data-col-size=\"md\" data-start=\"3770\" data-end=\"3780\">50 MHz<\/td>\n<\/tr>\n<tr data-start=\"3781\" data-end=\"3809\">\n<td data-start=\"3781\" data-end=\"3800\" data-col-size=\"sm\"><strong data-start=\"3783\" data-end=\"3799\">Alimentazione<\/strong><\/td>\n<td data-col-size=\"md\" data-start=\"3800\" data-end=\"3809\">4-6 V<\/td>\n<\/tr>\n<tr data-start=\"3810\" data-end=\"3842\">\n<td data-start=\"3810\" data-end=\"3834\" data-col-size=\"sm\"><strong data-start=\"3812\" data-end=\"3833\">Consumo di energia<\/strong><\/td>\n<td data-col-size=\"md\" data-start=\"3834\" data-end=\"3842\">\u22642 W<\/td>\n<\/tr>\n<tr data-start=\"3843\" data-end=\"3888\">\n<td data-start=\"3843\" data-end=\"3871\" data-col-size=\"sm\"><strong data-start=\"3845\" data-end=\"3870\">Temperatura di esercizio<\/strong><\/td>\n<td data-col-size=\"md\" data-start=\"3871\" data-end=\"3888\">Da -55 a +70 \u00b0C<\/td>\n<\/tr>\n<tr data-start=\"3889\" data-end=\"3932\">\n<td data-start=\"3889\" data-end=\"3915\" data-col-size=\"sm\"><strong data-start=\"3891\" data-end=\"3914\">Temperatura di stoccaggio<\/strong><\/td>\n<td data-col-size=\"md\" data-start=\"3915\" data-end=\"3932\">Da -55 a +70 \u00b0C<\/td>\n<\/tr>\n<tr data-start=\"3933\" data-end=\"4027\">\n<td data-start=\"3933\" data-end=\"3973\" data-col-size=\"sm\"><strong data-start=\"3935\" data-end=\"3972\">Temperatura di esercizio consigliata<\/strong><\/td>\n<td data-col-size=\"md\" data-start=\"3973\" data-end=\"4027\">Da -40 a +60 \u00b0C<\/p>\n<p class=\"not-prose mt-0! mb-0! flex-auto truncate\">1024P Sub 1 mLux Digital Nightv...<\/p>\n<\/td>\n<\/tr>\n<tr data-start=\"4028\" data-end=\"4086\">\n<td data-start=\"4028\" data-end=\"4056\" data-col-size=\"sm\"><strong data-start=\"4030\" data-end=\"4055\">Posizione di installazione<\/strong><\/td>\n<td data-col-size=\"md\" data-start=\"4056\" data-end=\"4086\">Sensore al centro geometrico<\/td>\n<\/tr>\n<\/tbody>\n<\/table>\n<\/div>\n<\/div>\n<hr data-start=\"4088\" data-end=\"4091\" \/>\n<h2 data-start=\"4093\" data-end=\"4144\"><strong data-start=\"4096\" data-end=\"4144\">Perch\u00e9 scegliere questo sensore digitale per la visione notturna?<\/strong><\/h2>\n<p data-start=\"4145\" data-end=\"4363\">Questo modulo \u00e8 stato progettato per ambienti mission-critical dove i sensori CMOS convenzionali falliscono. Grazie alla sensibilit\u00e0 inferiore a MLux, all'imaging HDR, agli algoritmi di penetrazione della nebbia e alla risposta NIR, offre prestazioni stabili in:<\/p>\n<ul data-start=\"4365\" data-end=\"4475\">\n<li data-start=\"4365\" data-end=\"4378\">\n<p data-start=\"4367\" data-end=\"4378\">luce stellare<\/p>\n<\/li>\n<li data-start=\"4379\" data-end=\"4398\">\n<p data-start=\"4381\" data-end=\"4398\">notti senza luna<\/p>\n<\/li>\n<li data-start=\"4399\" data-end=\"4419\">\n<p data-start=\"4401\" data-end=\"4419\">nebbia, polvere, fumo<\/p>\n<\/li>\n<li data-start=\"4420\" data-end=\"4447\">\n<p data-start=\"4422\" data-end=\"4447\">condizioni di basso contrasto<\/p>\n<\/li>\n<li data-start=\"4448\" data-end=\"4475\">\n<p data-start=\"4450\" data-end=\"4475\">sorveglianza a lungo raggio<\/p>\n<\/li>\n<\/ul>\n<p data-start=\"4477\" data-end=\"4642\">Per gli integratori che devono acquistare un sensore digitale per la visione notturna, questo modello rappresenta l'equilibrio ideale tra qualit\u00e0 dell'immagine, affidabilit\u00e0 e facilit\u00e0 di integrazione OEM.<\/p>\n<p data-start=\"4477\" data-end=\"4642\"><img data-dominant-color=\"c5c9cf\" data-has-transparency=\"false\" style=\"--dominant-color: #c5c9cf;\" decoding=\"async\" class=\"aligncenter wp-image-6285 size-full not-transparent\" src=\"https:\/\/meskernel.net\/wp-content\/uploads\/2025\/11\/Defense-and-Surveillance-Systems.webp\" alt=\"Sistemi di difesa e sorveglianza\" width=\"800\" height=\"800\" srcset=\"https:\/\/meskernel.net\/wp-content\/uploads\/2025\/11\/Defense-and-Surveillance-Systems.webp 800w, https:\/\/meskernel.net\/wp-content\/uploads\/2025\/11\/Defense-and-Surveillance-Systems-300x300.webp 300w, https:\/\/meskernel.net\/wp-content\/uploads\/2025\/11\/Defense-and-Surveillance-Systems-150x150.webp 150w, https:\/\/meskernel.net\/wp-content\/uploads\/2025\/11\/Defense-and-Surveillance-Systems-768x768.webp 768w, https:\/\/meskernel.net\/wp-content\/uploads\/2025\/11\/Defense-and-Surveillance-Systems-12x12.webp 12w, https:\/\/meskernel.net\/wp-content\/uploads\/2025\/11\/Defense-and-Surveillance-Systems-400x400.webp 400w, https:\/\/meskernel.net\/wp-content\/uploads\/2025\/11\/Defense-and-Surveillance-Systems-100x100.webp 100w\" sizes=\"(max-width: 800px) 100vw, 800px\" \/><\/p>\n<hr data-start=\"4644\" data-end=\"4647\" \/>\n<h2 data-start=\"4649\" data-end=\"4683\"><strong data-start=\"4652\" data-end=\"4683\">Supporto e personalizzazione OEM<\/strong><\/h2>\n<p data-start=\"4684\" data-end=\"4695\">Forniamo:<\/p>\n<ul data-start=\"4696\" data-end=\"4895\">\n<li data-start=\"4696\" data-end=\"4729\">\n<p data-start=\"4698\" data-end=\"4729\">Personalizzazione completa del modulo OEM<\/p>\n<\/li>\n<li data-start=\"4730\" data-end=\"4781\">\n<p data-start=\"4732\" data-end=\"4781\">Adattamento dell'interfaccia (Camera Link \/ GbE \/ OLED)<\/p>\n<\/li>\n<li data-start=\"4782\" data-end=\"4837\">\n<p data-start=\"4784\" data-end=\"4837\">Fornitura a lungo termine per clienti del settore industriale e della difesa<\/p>\n<\/li>\n<li data-start=\"4838\" data-end=\"4895\">\n<p data-start=\"4840\" data-end=\"4895\">Campioni di ingegneria e supporto all'integrazione tecnica<\/p>\n<\/li>\n<\/ul>","protected":false},"excerpt":{"rendered":"<p>Sensore di visione notturna digitale 1024P sub-1 mLux che fornisce immagini monocromatiche chiare sotto 0,65 mLux. Dispone di HDR, basso rumore, potenziamento NIR, rimozione della nebbia e uscita a 30\/60 fps. Ideale per applicazioni di difesa, sorveglianza, veicoli blindati e visione artificiale.<\/p>","protected":false},"featured_media":6288,"template":"","meta":{"site-sidebar-layout":"default","site-content-layout":"","ast-site-content-layout":"default","site-content-style":"default","site-sidebar-style":"default","ast-global-header-display":"","ast-banner-title-visibility":"","ast-main-header-display":"","ast-hfb-above-header-display":"","ast-hfb-below-header-display":"","ast-hfb-mobile-header-display":"","site-post-title":"","ast-breadcrumbs-content":"","ast-featured-img":"","footer-sml-layout":"","ast-disable-related-posts":"","theme-transparent-header-meta":"default","adv-header-id-meta":"","stick-header-meta":"","header-above-stick-meta":"","header-main-stick-meta":"","header-below-stick-meta":"","astra-migrate-meta-layouts":"set","ast-page-background-enabled":"default","ast-page-background-meta":{"desktop":{"background-color":"var(--ast-global-color-4)","background-image":"","background-repeat":"repeat","background-position":"center center","background-size":"auto","background-attachment":"scroll","background-type":"","background-media":"","overlay-type":"","overlay-color":"","overlay-opacity":"","overlay-gradient":""},"tablet":{"background-color":"","background-image":"","background-repeat":"repeat","background-position":"center center","background-size":"auto","background-attachment":"scroll","background-type":"","background-media":"","overlay-type":"","overlay-color":"","overlay-opacity":"","overlay-gradient":""},"mobile":{"background-color":"","background-image":"","background-repeat":"repeat","background-position":"center center","background-size":"auto","background-attachment":"scroll","background-type":"","background-media":"","overlay-type":"","overlay-color":"","overlay-opacity":"","overlay-gradient":""}},"ast-content-background-meta":{"desktop":{"background-color":"var(--ast-global-color-5)","background-image":"","background-repeat":"repeat","background-position":"center center","background-size":"auto","background-attachment":"scroll","background-type":"","background-media":"","overlay-type":"","overlay-color":"","overlay-opacity":"","overlay-gradient":""},"tablet":{"background-color":"var(--ast-global-color-5)","background-image":"","background-repeat":"repeat","background-position":"center center","background-size":"auto","background-attachment":"scroll","background-type":"","background-media":"","overlay-type":"","overlay-color":"","overlay-opacity":"","overlay-gradient":""},"mobile":{"background-color":"var(--ast-global-color-5)","background-image":"","background-repeat":"repeat","background-position":"center center","background-size":"auto","background-attachment":"scroll","background-type":"","background-media":"","overlay-type":"","overlay-color":"","overlay-opacity":"","overlay-gradient":""}}},"product_brand":[],"product_cat":[62],"product_tag":[],"class_list":{"0":"post-6283","1":"product","2":"type-product","3":"status-publish","4":"has-post-thumbnail","6":"product_cat-detectors-components","7":"desktop-align-center","8":"tablet-align-left","9":"mobile-align-left","11":"first","12":"instock","13":"shipping-taxable","14":"product-type-simple"},"_links":{"self":[{"href":"https:\/\/meskernel.net\/it\/wp-json\/wp\/v2\/product\/6283","targetHints":{"allow":["GET"]}}],"collection":[{"href":"https:\/\/meskernel.net\/it\/wp-json\/wp\/v2\/product"}],"about":[{"href":"https:\/\/meskernel.net\/it\/wp-json\/wp\/v2\/types\/product"}],"version-history":[{"count":0,"href":"https:\/\/meskernel.net\/it\/wp-json\/wp\/v2\/product\/6283\/revisions"}],"wp:featuredmedia":[{"embeddable":true,"href":"https:\/\/meskernel.net\/it\/wp-json\/wp\/v2\/media\/6288"}],"wp:attachment":[{"href":"https:\/\/meskernel.net\/it\/wp-json\/wp\/v2\/media?parent=6283"}],"wp:term":[{"taxonomy":"product_brand","embeddable":true,"href":"https:\/\/meskernel.net\/it\/wp-json\/wp\/v2\/product_brand?post=6283"},{"taxonomy":"product_cat","embeddable":true,"href":"https:\/\/meskernel.net\/it\/wp-json\/wp\/v2\/product_cat?post=6283"},{"taxonomy":"product_tag","embeddable":true,"href":"https:\/\/meskernel.net\/it\/wp-json\/wp\/v2\/product_tag?post=6283"}],"curies":[{"name":"wp","href":"https:\/\/api.w.org\/{rel}","templated":true}]}}