{"id":113,"date":"2024-10-10T10:54:25","date_gmt":"2024-10-10T02:54:25","guid":{"rendered":"http:\/\/170.106.98.143\/?post_type=product&#038;p=113"},"modified":"2025-07-03T14:02:48","modified_gmt":"2025-07-03T06:02:48","slug":"czujnik-laserowy-arduino","status":"publish","type":"product","link":"https:\/\/meskernel.net\/pl\/product\/arduino-laser-sensor\/","title":{"rendered":"Czujnik laserowy Arduino z pomiarem wysokiej cz\u0119stotliwo\u015bci 20 Hz"},"content":{"rendered":"<dl id=\"attachment_2320\">\n<dd>\n<h3>Czujnik laserowy Arduino 20 Hz do pomiaru odleg\u0142o\u015bci lub majsterkowania<\/h3>\n<\/dd>\n<dd><\/dd>\n<dd>Arduino Laser Sensor, precyzyjny laserowy modu\u0142 pomiaru odleg\u0142o\u015bci 1 mm, jest urz\u0105dzeniem wykorzystywanym do pomiaru odleg\u0142o\u015bci celu i przesy\u0142ania danych. Wykorzystuje technologi\u0119 lasera widzialnego do emitowania wi\u0105zek laserowych i odbierania odbitych sygna\u0142\u00f3w laserowych w celu pomiaru odleg\u0142o\u015bci mi\u0119dzy obiektami a czujnikiem. Laserowy czujnik odleg\u0142o\u015bci obs\u0142uguje interfejsy komunikacyjne, takie jak USB, TTL, RS232, RS485, Bluetooth, umo\u017cliwiaj\u0105c transmisj\u0119 danych i komunikacj\u0119 z innymi urz\u0105dzeniami.<\/dd>\n<dd>1. modu\u0142 Meskernel reaguje szybko z wysok\u0105 dok\u0142adno\u015bci\u0105 i dalekim zasi\u0119giem pomiaru<\/dd>\n<dd>2. Dzia\u0142amy w tej linii laserowej od ponad 20 lat, b\u0119d\u0105c wiod\u0105cym dostawc\u0105 dalmierzy laserowych \/ modu\u0142\u00f3w czujnik\u00f3w w Chinach<\/dd>\n<dd>3. 30m, 40m, 60m, 80m, 100m, 120m, 150m, ka\u017cda odleg\u0142o\u015b\u0107 mo\u017ce by\u0107 wielofunkcyjna<\/dd>\n<dd>4. Napi\u0119cie mo\u017ce by\u0107 zmieniane przez konwerter mocy LDO<\/dd>\n<dd>5. Temperatur\u0119 pracy -10 \u2103 ~ 50 \u2103 mo\u017cna dostosowa\u0107 do w\u0142asnych potrzeb.<\/dd>\n<dd>6. Analogowy mo\u017cna dostosowa\u0107.<\/dd>\n<\/dl>\n<figure id=\"attachment_2958\" aria-describedby=\"caption-attachment-2958\" style=\"width: 1080px\" class=\"wp-caption aligncenter\"><img fetchpriority=\"high\" decoding=\"async\" class=\"wp-image-2958 size-full\" title=\"Czujnik laserowy Arduino\" src=\"https:\/\/meskernel.net\/wp-content\/uploads\/2024\/11\/laser-distance-senso.jpg\" alt=\"laserowy czujnik odleg\u0142o\u015bci\" width=\"1080\" height=\"300\" srcset=\"https:\/\/meskernel.net\/wp-content\/uploads\/2024\/11\/laser-distance-senso.jpg 1080w, https:\/\/meskernel.net\/wp-content\/uploads\/2024\/11\/laser-distance-senso-300x83.jpg 300w, https:\/\/meskernel.net\/wp-content\/uploads\/2024\/11\/laser-distance-senso-1024x284.jpg 1024w, https:\/\/meskernel.net\/wp-content\/uploads\/2024\/11\/laser-distance-senso-768x213.jpg 768w, https:\/\/meskernel.net\/wp-content\/uploads\/2024\/11\/laser-distance-senso-400x111.jpg 400w\" sizes=\"(max-width: 1080px) 100vw, 1080px\" \/><figcaption id=\"caption-attachment-2958\" class=\"wp-caption-text\">laserowy czujnik odleg\u0142o\u015bci<\/figcaption><\/figure>\n<h3>Czujnik laserowy Arduino Kluczowe cechy:<\/h3>\n<ul>\n<li><strong>Szerokie opcje odleg\u0142o\u015bci<\/strong><br \/>\nSzeroki zakres wybieranych odleg\u0142o\u015bci, dzi\u0119ki czemu nadaje si\u0119 do r\u00f3\u017cnych zastosowa\u0144.<\/li>\n<li><strong>Du\u017ca szybko\u015b\u0107 reakcji<\/strong><br \/>\nMo\u017cliwo\u015bci szybkiego gromadzenia danych, ko\u0144cz\u0105ce pomiary odleg\u0142o\u015bci w ci\u0105gu milisekund.<\/li>\n<li><strong>Wiele interfejs\u00f3w komunikacyjnych<\/strong><br \/>\nObs\u0142uguje r\u00f3\u017cne interfejsy i protoko\u0142y komunikacyjne, w tym RS232, RS485, Bluetooth, Modbus i UART, u\u0142atwiaj\u0105c integracj\u0119 z istniej\u0105cym sterowaniem lub danymi.<\/li>\n<li><strong>Wysoka precyzja pomiaru<\/strong><br \/>\nDzi\u0119ki precyzji zazwyczaj w zakresie milimetr\u00f3w, czujnik ten spe\u0142nia wysokie wymagania dotycz\u0105ce dok\u0142adno\u015bci w zastosowaniach takich jak geodezja i in\u017cynieria budowlana.<\/li>\n<li><strong>Stabilna wydajno\u015b\u0107<\/strong><br \/>\nCzujnik utrzymuje w\u0105ski zakres waha\u0144 danych i wykazuje bardzo niski b\u0142\u0105d powtarzalno\u015bci.<\/li>\n<li><strong>Pomiar bezkontaktowy<\/strong><br \/>\nCzujnik jest zdolny do pomiaru bezdotykowego, odpowiedniego do wykrywania poruszaj\u0105cych si\u0119 obiekt\u00f3w, obiekt\u00f3w o wysokiej lub niskiej temperaturze, cieczy i obiekt\u00f3w o nieregularnych kszta\u0142tach.<\/li>\n<\/ul>\n<p>U\u017cywanie czujnika laserowego z Arduino mo\u017ce by\u0107 \u015bwietnym sposobem na wykrywanie odleg\u0142o\u015bci, mierzenie pozycji lub wykrywanie obiekt\u00f3w. Zazwyczaj czujniki laserowe u\u017cywane z Arduino mog\u0105 by\u0107 dalmierzami laserowymi (do pomiaru odleg\u0142o\u015bci) lub detektorami laserowymi (do wykrywania obecno\u015bci plamki laserowej). Poni\u017cej przedstawi\u0119 og\u00f3ln\u0105 konfiguracj\u0119 czujnik\u00f3w laserowych, koncentruj\u0105c si\u0119 w szczeg\u00f3lno\u015bci na tym, jak po\u0142\u0105czy\u0107 laserowy czujnik odleg\u0142o\u015bci z Arduino, poniewa\u017c jest to jeden z najcz\u0119stszych przypadk\u00f3w u\u017cycia.<\/p>\n<h3>Jak u\u017cywa\u0107 czujnika laserowego Arduino?<\/h3>\n<p><strong>1. <\/strong>Laserowy czujnik odleg\u0142o\u015bci (np. Lidar, czujnik laserowy LDJ)<\/p>\n<p>Jednym z popularnych czujnik\u00f3w laserowych do pomiaru odleg\u0142o\u015bci jest czujnik laserowy LDJ Time-of-Flight (ToF). Jest to kompaktowy i niedrogi czujnik, kt\u00f3ry wykorzystuje \u015bwiat\u0142o lasera do pomiaru odleg\u0142o\u015bci do obiektu.<\/p>\n<p>Potrzebne komponenty:<\/p>\n<ul>\n<li>P\u0142ytka Arduino (np. Uno, Mega, Nano)<\/li>\n<li>Modu\u0142 czujnika laserowego LDJ<\/li>\n<li>Przewody po\u0142\u0105czeniowe<\/li>\n<li>P\u0142ytka prototypowa (opcjonalnie)<\/li>\n<\/ul>\n<p>Okablowanie czujnika laserowego LDJ:<\/p>\n<p>Czujnik laserowy LDJ komunikuje si\u0119 z Arduino za pomoc\u0105 protoko\u0142u I2C, co oznacza, \u017ce nale\u017cy pod\u0142\u0105czy\u0107 czujnik do pin\u00f3w SCL i SDA w Arduino.<\/p>\n<p>Dla Arduino Uno:<\/p>\n<ul>\n<li><strong>GND<\/strong> (czujnik) do <strong>GND<\/strong> (Arduino)<\/li>\n<li><strong>VCC<\/strong> (czujnik) do <strong>5V<\/strong> (Arduino)<\/li>\n<li><strong>SDA<\/strong> (czujnik) do <strong>A4<\/strong> (Arduino Uno)<\/li>\n<li><strong>SCL<\/strong> (czujnik) do <strong>A5<\/strong> (Arduino Uno)<\/li>\n<\/ul>\n<p>Je\u015bli u\u017cywasz innego modelu Arduino, sprawd\u017a piny I2C (SCL\/SDA) dla tej p\u0142ytki.<\/p>\n<h3 class=\"text-title\"><span class=\"magic-22\" data-spm-anchor-id=\"a2700.details.0.i63.18bf346eInG0ZW\">Platforma oprogramowania testowego dla czujnika laserowego Arduino<\/span><\/h3>\n<div class=\"text-content\">Posiadamy w\u0142asne narz\u0119dzia do testowania oprogramowania, kt\u00f3re s\u0105 przesy\u0142ane do komputera poprzez pomiar odleg\u0142o\u015bci.<\/div>\n<div>\n<figure id=\"attachment_2967\" aria-describedby=\"caption-attachment-2967\" style=\"width: 1024px\" class=\"wp-caption aligncenter\"><img decoding=\"async\" class=\"wp-image-2967 size-large\" src=\"https:\/\/meskernel.net\/wp-content\/uploads\/2024\/10\/Arduino-Laser-Sensor-1024x520.jpg\" alt=\"Czujnik laserowy Arduino\" width=\"1024\" height=\"520\" srcset=\"https:\/\/meskernel.net\/wp-content\/uploads\/2024\/10\/Arduino-Laser-Sensor-1024x520.jpg 1024w, https:\/\/meskernel.net\/wp-content\/uploads\/2024\/10\/Arduino-Laser-Sensor-300x152.jpg 300w, https:\/\/meskernel.net\/wp-content\/uploads\/2024\/10\/Arduino-Laser-Sensor-768x390.jpg 768w, https:\/\/meskernel.net\/wp-content\/uploads\/2024\/10\/Arduino-Laser-Sensor-1536x779.jpg 1536w, https:\/\/meskernel.net\/wp-content\/uploads\/2024\/10\/Arduino-Laser-Sensor-400x203.jpg 400w, https:\/\/meskernel.net\/wp-content\/uploads\/2024\/10\/Arduino-Laser-Sensor.jpg 1906w\" sizes=\"(max-width: 1024px) 100vw, 1024px\" \/><figcaption id=\"caption-attachment-2967\" class=\"wp-caption-text\">Czujnik laserowy Arduino<\/figcaption><\/figure>\n<\/div>\n<div><\/div>\n<h3>Dlaczego warto wybra\u0107 nas?<\/h3>\n<p>Jako zaufany producent OEM specjalizujemy si\u0119 w dostarczaniu wysokiej jako\u015bci przemys\u0142owych czujnik\u00f3w laserowych z niestandardowymi rozwi\u0105zaniami spe\u0142niaj\u0105cymi okre\u015blone wymagania. Nasze opcje dostosowywania umo\u017cliwiaj\u0105 dostosowanie konfiguracji czujnik\u00f3w do potrzeb operacyjnych, a nasze ceny OEM zapewniaj\u0105 konkurencyjne rozwi\u0105zania kosztowe zar\u00f3wno dla du\u017cych, jak i ma\u0142ych firm. Nasz zesp\u00f3\u0142 ekspert\u00f3w b\u0119dzie \u015bci\u015ble wsp\u00f3\u0142pracowa\u0107 z klientem od konsultacji po instalacj\u0119, zapewniaj\u0105c, \u017ce system przemys\u0142owych czujnik\u00f3w laserowych jest zoptymalizowany pod k\u0105tem unikalnych potrzeb.<\/p>","protected":false},"excerpt":{"rendered":"<p>Poznaj czujnik laserowy Arduino - wysoce precyzyjne, bezkontaktowe rozwi\u0105zanie pomiarowe do zastosowa\u0144 przemys\u0142owych. Dzi\u0119ki kr\u00f3tkiemu czasowi reakcji, dok\u0142adno\u015bci na poziomie milimetra i \u0142atwej integracji, czujnik ten doskonale sprawdza si\u0119 w robotyce, automatyce, kontroli jako\u015bci i obs\u0142udze materia\u0142\u00f3w. Zoptymalizuj swoje operacje dzi\u0119ki niezawodnym danym w czasie rzeczywistym i konfigurowalnym opcjom.<\/p>","protected":false},"featured_media":2201,"template":"","meta":{"site-sidebar-layout":"default","site-content-layout":"","ast-site-content-layout":"default","site-content-style":"default","site-sidebar-style":"default","ast-global-header-display":"","ast-banner-title-visibility":"","ast-main-header-display":"","ast-hfb-above-header-display":"","ast-hfb-below-header-display":"","ast-hfb-mobile-header-display":"","site-post-title":"","ast-breadcrumbs-content":"","ast-featured-img":"","footer-sml-layout":"","ast-disable-related-posts":"","theme-transparent-header-meta":"default","adv-header-id-meta":"","stick-header-meta":"","header-above-stick-meta":"","header-main-stick-meta":"","header-below-stick-meta":"","astra-migrate-meta-layouts":"set","ast-page-background-enabled":"default","ast-page-background-meta":{"desktop":{"background-color":"var(--ast-global-color-4)","background-image":"","background-repeat":"repeat","background-position":"center center","background-size":"auto","background-attachment":"scroll","background-type":"","background-media":"","overlay-type":"","overlay-color":"","overlay-opacity":"","overlay-gradient":""},"tablet":{"background-color":"","background-image":"","background-repeat":"repeat","background-position":"center center","background-size":"auto","background-attachment":"scroll","background-type":"","background-media":"","overlay-type":"","overlay-color":"","overlay-opacity":"","overlay-gradient":""},"mobile":{"background-color":"","background-image":"","background-repeat":"repeat","background-position":"center center","background-size":"auto","background-attachment":"scroll","background-type":"","background-media":"","overlay-type":"","overlay-color":"","overlay-opacity":"","overlay-gradient":""}},"ast-content-background-meta":{"desktop":{"background-color":"var(--ast-global-color-5)","background-image":"","background-repeat":"repeat","background-position":"center center","background-size":"auto","background-attachment":"scroll","background-type":"","background-media":"","overlay-type":"","overlay-color":"","overlay-opacity":"","overlay-gradient":""},"tablet":{"background-color":"var(--ast-global-color-5)","background-image":"","background-repeat":"repeat","background-position":"center center","background-size":"auto","background-attachment":"scroll","background-type":"","background-media":"","overlay-type":"","overlay-color":"","overlay-opacity":"","overlay-gradient":""},"mobile":{"background-color":"var(--ast-global-color-5)","background-image":"","background-repeat":"repeat","background-position":"center center","background-size":"auto","background-attachment":"scroll","background-type":"","background-media":"","overlay-type":"","overlay-color":"","overlay-opacity":"","overlay-gradient":""}}},"product_brand":[60],"product_cat":[52],"product_tag":[],"class_list":{"0":"post-113","1":"product","2":"type-product","3":"status-publish","4":"has-post-thumbnail","6":"product_brand-meskernel","7":"product_cat-phase-distance-sensor","8":"desktop-align-center","9":"tablet-align-left","10":"mobile-align-left","12":"first","13":"instock","14":"shipping-taxable","15":"product-type-simple"},"_links":{"self":[{"href":"https:\/\/meskernel.net\/pl\/wp-json\/wp\/v2\/product\/113","targetHints":{"allow":["GET"]}}],"collection":[{"href":"https:\/\/meskernel.net\/pl\/wp-json\/wp\/v2\/product"}],"about":[{"href":"https:\/\/meskernel.net\/pl\/wp-json\/wp\/v2\/types\/product"}],"version-history":[{"count":0,"href":"https:\/\/meskernel.net\/pl\/wp-json\/wp\/v2\/product\/113\/revisions"}],"wp:featuredmedia":[{"embeddable":true,"href":"https:\/\/meskernel.net\/pl\/wp-json\/wp\/v2\/media\/2201"}],"wp:attachment":[{"href":"https:\/\/meskernel.net\/pl\/wp-json\/wp\/v2\/media?parent=113"}],"wp:term":[{"taxonomy":"product_brand","embeddable":true,"href":"https:\/\/meskernel.net\/pl\/wp-json\/wp\/v2\/product_brand?post=113"},{"taxonomy":"product_cat","embeddable":true,"href":"https:\/\/meskernel.net\/pl\/wp-json\/wp\/v2\/product_cat?post=113"},{"taxonomy":"product_tag","embeddable":true,"href":"https:\/\/meskernel.net\/pl\/wp-json\/wp\/v2\/product_tag?post=113"}],"curies":[{"name":"wp","href":"https:\/\/api.w.org\/{rel}","templated":true}]}}