{"id":117,"date":"2024-10-10T10:58:06","date_gmt":"2024-10-10T02:58:06","guid":{"rendered":"http:\/\/170.106.98.143\/?post_type=product&#038;p=117"},"modified":"2025-07-03T14:01:23","modified_gmt":"2025-07-03T06:01:23","slug":"czujnik-laserowy-teleskopu","status":"publish","type":"product","link":"https:\/\/meskernel.net\/pl\/product\/telescope-laser-sensor\/","title":{"rendered":"Bezpieczny dla oczu teleskopowy czujnik laserowy o zasi\u0119gu 3000 m"},"content":{"rendered":"<p>Teleskopowy czujnik laserowy to rodzaj zewn\u0119trznego modu\u0142u dalmierza golfowego, kt\u00f3ry charakteryzuje si\u0119 wysok\u0105 dok\u0142adno\u015bci\u0105, szybkim pomiarem, wielofunkcyjnym zastosowaniem, wysok\u0105 niezawodno\u015bci\u0105 i \u0142atw\u0105 integracj\u0105. Modu\u0142 wykorzystuje technologi\u0119 impulsowego lasera do dok\u0142adnego pomiaru odleg\u0142o\u015bci mi\u0119dzy obiektem docelowym a dalmierzem.<\/p>\n<p>Czujnik laserowy Telescope \u0142\u0105czy zaawansowan\u0105 technologi\u0119 laserow\u0105 z przyjaznymi dla u\u017cytkownika funkcjami, oferuj\u0105c dok\u0142adne i niezawodne pomiary odleg\u0142o\u015bci w imponuj\u0105cych zakresach do 3000 metr\u00f3w. Zaprojektowany z my\u015bl\u0105 o precyzji, modu\u0142 ten jest idealny do zastosowa\u0144 w geodezji, pomiarach zewn\u0119trznych, budownictwie i zdalnym monitorowaniu, zapewniaj\u0105c wyra\u017ane wyniki w czasie rzeczywistym nawet w trudnych warunkach.<\/p>\n<figure id=\"attachment_2997\" aria-describedby=\"caption-attachment-2997\" style=\"width: 1000px\" class=\"wp-caption aligncenter\"><img fetchpriority=\"high\" decoding=\"async\" class=\"wp-image-2997 size-full\" title=\"Teleskop Czujnik laserowy PTFG\" src=\"https:\/\/meskernel.net\/wp-content\/uploads\/2024\/10\/Telescope-Laser-sensor-PTFG.jpg\" alt=\"Teleskop Czujnik laserowy PTFG\" width=\"1000\" height=\"500\" srcset=\"https:\/\/meskernel.net\/wp-content\/uploads\/2024\/10\/Telescope-Laser-sensor-PTFG.jpg 1000w, https:\/\/meskernel.net\/wp-content\/uploads\/2024\/10\/Telescope-Laser-sensor-PTFG-300x150.jpg 300w, https:\/\/meskernel.net\/wp-content\/uploads\/2024\/10\/Telescope-Laser-sensor-PTFG-768x384.jpg 768w, https:\/\/meskernel.net\/wp-content\/uploads\/2024\/10\/Telescope-Laser-sensor-PTFG-400x200.jpg 400w\" sizes=\"(max-width: 1000px) 100vw, 1000px\" \/><figcaption id=\"caption-attachment-2997\" class=\"wp-caption-text\">Teleskop Czujnik laserowy PTFG<\/figcaption><\/figure>\n<h3>Kluczowe funkcje zwi\u0119kszaj\u0105ce wydajno\u015b\u0107<\/h3>\n<ul>\n<li><strong>Bezpieczny dla oczu laser dla ochrony u\u017cytkownika:<\/strong><br \/>\nModu\u0142 wykorzystuje niewidzialny laser o d\u0142ugo\u015bci fali 905 nm, kt\u00f3ry jest zar\u00f3wno bezpieczny dla oczu, jak i odporny na zak\u0142\u00f3cenia spowodowane \u015bwiat\u0142em s\u0142onecznym. Ta cecha sprawia, \u017ce jest to idealne rozwi\u0105zanie do pomiar\u00f3w zewn\u0119trznych na du\u017ce odleg\u0142o\u015bci, zapewniaj\u0105c u\u017cytkownikom bezpieczn\u0105 obs\u0142ug\u0119 urz\u0105dzenia bez utraty dok\u0142adno\u015bci.<\/li>\n<li><strong>Ekran wy\u015bwietlacza LCD o wysokiej przepuszczalno\u015bci:<\/strong><br \/>\nWyposa\u017cony w wy\u015bwietlacz LCD o wysokiej przepuszczalno\u015bci, modu\u0142 odleg\u0142o\u015bci teleskopu umo\u017cliwia u\u017cytkownikom natychmiastowe przegl\u0105danie wynik\u00f3w pomiar\u00f3w. Umo\u017cliwia to szybkie podejmowanie decyzji i dostosowanie na miejscu, usprawniaj\u0105c przep\u0142yw pracy i poprawiaj\u0105c wydajno\u015b\u0107 zar\u00f3wno w pracy w terenie, jak i w zastosowaniach monitorowania w czasie rzeczywistym.<\/li>\n<li><strong>Teleskop monokularowy 6x zapewniaj\u0105cy wyra\u017any obraz:<\/strong><br \/>\nWbudowana luneta monokularowa 6x oferuje jasne i wyra\u017ane pole widzenia, niezb\u0119dne do dok\u0142adnego wskazywania odleg\u0142ych cel\u00f3w. Wielowarstwowa pow\u0142oka zwi\u0119ksza przepuszczalno\u015b\u0107 \u015bwiat\u0142a, redukuje odbicia i zwi\u0119ksza kontrast, co przek\u0142ada si\u0119 na ostrzejszy obraz. Pow\u0142oka ta chroni r\u00f3wnie\u017c obiektyw przed zarysowaniami, plamami i kurzem, zapewniaj\u0105c d\u0142ugotrwa\u0142\u0105 wytrzyma\u0142o\u015b\u0107 i niezawodne dzia\u0142anie w r\u00f3\u017cnych warunkach \u015brodowiskowych.<\/li>\n<\/ul>\n<h3>Interfejs komunikacyjny<\/h3>\n<p>Laserowy czujnik odleg\u0142o\u015bci obs\u0142uguje interfejsy USB, TTL, RS232, RS485, Bluetooth i inne interfejsy komunikacyjne, obs\u0142uguje arduino, raspberry pi i inne urz\u0105dzenia zewn\u0119trzne.<\/p>\n<figure id=\"attachment_2987\" aria-describedby=\"caption-attachment-2987\" style=\"width: 750px\" class=\"wp-caption aligncenter\"><img decoding=\"async\" class=\"wp-image-2987 size-full\" title=\"Teleskop Czujnik laserowy\" src=\"https:\/\/meskernel.net\/wp-content\/uploads\/2024\/11\/Laser-Distance-Module-2000m.jpg\" alt=\"Teleskop Czujnik laserowy\" width=\"750\" height=\"266\" srcset=\"https:\/\/meskernel.net\/wp-content\/uploads\/2024\/11\/Laser-Distance-Module-2000m.jpg 750w, https:\/\/meskernel.net\/wp-content\/uploads\/2024\/11\/Laser-Distance-Module-2000m-300x106.jpg 300w, https:\/\/meskernel.net\/wp-content\/uploads\/2024\/11\/Laser-Distance-Module-2000m-400x142.jpg 400w\" sizes=\"(max-width: 750px) 100vw, 750px\" \/><figcaption id=\"caption-attachment-2987\" class=\"wp-caption-text\">Teleskop Czujnik laserowy<\/figcaption><\/figure>\n<h3><\/h3>\n<h3>Wszechstronna integracja dla r\u00f3\u017cnych aplikacji<\/h3>\n<p>Dzi\u0119ki kompaktowej konstrukcji i solidnym funkcjom czujnik laserowy Telescope \u0142atwo integruje si\u0119 z r\u00f3\u017cnymi systemami. Niezale\u017cnie od tego, czy chodzi o <a href=\"https:\/\/meskernel.net\/pl\/aplikacja\/konstrukcja\/\">konstrukcja<\/a> Pomiary terenu, pomiary geodezyjne lub teledetekcja - modu\u0142 ten zapewnia sp\u00f3jne, precyzyjne gromadzenie danych w szerokim zakresie zastosowa\u0144. S\u0142u\u017cy do pomiaru odleg\u0142o\u015bci, wysoko\u015bci budynk\u00f3w, wielko\u015bci urz\u0105dze\u0144 przemys\u0142owych i du\u017cych konstrukcji. Mo\u017ce by\u0107 stosowany w golfie, wspinaczce g\u00f3rskiej, turystyce pieszej i my\u015blistwie. W po\u0142\u0105czeniu z technologi\u0105 obrazowania termicznego, cele mog\u0105 by\u0107 szybko identyfikowane w z\u0142o\u017conych \u015brodowiskach. Zdolno\u015b\u0107 modu\u0142u do natychmiastowego wy\u015bwietlania danych na ekranie LCD dodatkowo zwi\u0119ksza komfort u\u017cytkowania, zapewniaj\u0105c natychmiastow\u0105 informacj\u0119 zwrotn\u0105 podczas pracy.<\/p>\n<figure id=\"attachment_2998\" aria-describedby=\"caption-attachment-2998\" style=\"width: 1052px\" class=\"wp-caption aligncenter\"><img decoding=\"async\" class=\"wp-image-2998 size-full\" title=\"Teleskop Czujnik laserowy PTFG\" src=\"https:\/\/meskernel.net\/wp-content\/uploads\/2024\/10\/Telescope-Laser-sensor-PTFG-1.jpg\" alt=\"Teleskop Czujnik laserowy PTFG\" width=\"1052\" height=\"235\" srcset=\"https:\/\/meskernel.net\/wp-content\/uploads\/2024\/10\/Telescope-Laser-sensor-PTFG-1.jpg 1052w, https:\/\/meskernel.net\/wp-content\/uploads\/2024\/10\/Telescope-Laser-sensor-PTFG-1-300x67.jpg 300w, https:\/\/meskernel.net\/wp-content\/uploads\/2024\/10\/Telescope-Laser-sensor-PTFG-1-1024x229.jpg 1024w, https:\/\/meskernel.net\/wp-content\/uploads\/2024\/10\/Telescope-Laser-sensor-PTFG-1-768x172.jpg 768w, https:\/\/meskernel.net\/wp-content\/uploads\/2024\/10\/Telescope-Laser-sensor-PTFG-1-400x89.jpg 400w\" sizes=\"(max-width: 1052px) 100vw, 1052px\" \/><figcaption id=\"caption-attachment-2998\" class=\"wp-caption-text\">Teleskop Czujnik laserowy PTFG<\/figcaption><\/figure>\n<div class=\"mceTemp\"><\/div>\n<h3>Dlaczego warto wybra\u0107 Meskernel?<\/h3>\n<p><strong>Dzi\u0119ki ponad 20-letniemu do\u015bwiadczeniu<\/strong> W dziedzinie laserowych pomiar\u00f3w odleg\u0142o\u015bci Meskernel jest liderem w bran\u017cy pod wzgl\u0119dem innowacyjno\u015bci i niezawodno\u015bci. Nasza certyfikowana przez TUV fabryka o powierzchni 7000 metr\u00f3w kwadratowych zapewnia najwy\u017csze standardy produkcji. Jeste\u015bmy dumni z posiadania wielu certyfikat\u00f3w patentowych i zgodno\u015bci z przepisami CE, RoHS, FCC i FDA.<\/p>\n<p><strong>Nasze silne mo\u017cliwo\u015bci OEM i ODM<\/strong> s\u0105 wspierane przez dedykowany zesp\u00f3\u0142 ponad 40 in\u017cynier\u00f3w ds. bada\u0144 i rozwoju, co pozwala nam dostosowywa\u0107 rozwi\u0105zania do konkretnych potrzeb. Utrzymujemy \u015bcis\u0142\u0105 kontrol\u0119 jako\u015bci w ca\u0142ym procesie, od materia\u0142\u00f3w przychodz\u0105cych do ko\u0144cowej wysy\u0142ki, zapewniaj\u0105c sp\u00f3jne, wysokowydajne produkty.<\/p>\n<p><strong>Meskernel oferuje r\u00f3wnie\u017c szybk\u0105 dostaw\u0119<\/strong>-regularne zam\u00f3wienia pr\u00f3bek mog\u0105 by\u0107 wysy\u0142ane w ci\u0105gu 3 dni - oraz ca\u0142odobowe wsparcie techniczne zapewniaj\u0105ce szybkie wskaz\u00f3wki zawsze, gdy ich potrzebujesz. Dzi\u0119ki naszym korzystnym cenom oferujemy idealn\u0105 r\u00f3wnowag\u0119 mi\u0119dzy jako\u015bci\u0105, szybko\u015bci\u0105 i warto\u015bci\u0105 dla wszystkich laserowych rozwi\u0105za\u0144 pomiarowych.<\/p>\n<p>&nbsp;<\/p>","protected":false},"excerpt":{"rendered":"<p>Teleskopowy czujnik laserowy oferuje precyzyjne pomiary dalekiego zasi\u0119gu do 3000 metr\u00f3w, dzi\u0119ki czemu idealnie nadaje si\u0119 do pomiar\u00f3w geodezyjnych, budowlanych i monitoringu zewn\u0119trznego. Wyposa\u017cony w bezpieczny dla oczu laser 905 nm, wy\u015bwietlacz LCD o wysokiej przepuszczalno\u015bci zapewniaj\u0105cy natychmiastowe wyniki oraz 6-krotny teleskop monokularowy zapewniaj\u0105cy dobr\u0105 widoczno\u015b\u0107, modu\u0142 ten zapewnia zar\u00f3wno dok\u0142adno\u015b\u0107, jak i \u0142atwo\u015b\u0107 u\u017cytkowania. Niezale\u017cnie od tego, czy pracujesz w jasnym \u015bwietle s\u0142onecznym, czy w trudnych warunkach, jego zaawansowane funkcje i trwa\u0142a konstrukcja gwarantuj\u0105 niezawodne dzia\u0142anie. Ponadto, dzi\u0119ki konfigurowalnym opcjom integracji, modu\u0142 ten idealnie wpasowuje si\u0119 w system, oferuj\u0105c elastyczno\u015b\u0107 spe\u0142niaj\u0105c\u0105 okre\u015blone potrzeby.<\/p>","protected":false},"featured_media":3009,"template":"","meta":{"site-sidebar-layout":"default","site-content-layout":"","ast-site-content-layout":"default","site-content-style":"default","site-sidebar-style":"default","ast-global-header-display":"","ast-banner-title-visibility":"","ast-main-header-display":"","ast-hfb-above-header-display":"","ast-hfb-below-header-display":"","ast-hfb-mobile-header-display":"","site-post-title":"","ast-breadcrumbs-content":"","ast-featured-img":"","footer-sml-layout":"","ast-disable-related-posts":"","theme-transparent-header-meta":"default","adv-header-id-meta":"","stick-header-meta":"","header-above-stick-meta":"","header-main-stick-meta":"","header-below-stick-meta":"","astra-migrate-meta-layouts":"set","ast-page-background-enabled":"default","ast-page-background-meta":{"desktop":{"background-color":"var(--ast-global-color-4)","background-image":"","background-repeat":"repeat","background-position":"center center","background-size":"auto","background-attachment":"scroll","background-type":"","background-media":"","overlay-type":"","overlay-color":"","overlay-opacity":"","overlay-gradient":""},"tablet":{"background-color":"","background-image":"","background-repeat":"repeat","background-position":"center center","background-size":"auto","background-attachment":"scroll","background-type":"","background-media":"","overlay-type":"","overlay-color":"","overlay-opacity":"","overlay-gradient":""},"mobile":{"background-color":"","background-image":"","background-repeat":"repeat","background-position":"center center","background-size":"auto","background-attachment":"scroll","background-type":"","background-media":"","overlay-type":"","overlay-color":"","overlay-opacity":"","overlay-gradient":""}},"ast-content-background-meta":{"desktop":{"background-color":"var(--ast-global-color-5)","background-image":"","background-repeat":"repeat","background-position":"center center","background-size":"auto","background-attachment":"scroll","background-type":"","background-media":"","overlay-type":"","overlay-color":"","overlay-opacity":"","overlay-gradient":""},"tablet":{"background-color":"var(--ast-global-color-5)","background-image":"","background-repeat":"repeat","background-position":"center center","background-size":"auto","background-attachment":"scroll","background-type":"","background-media":"","overlay-type":"","overlay-color":"","overlay-opacity":"","overlay-gradient":""},"mobile":{"background-color":"var(--ast-global-color-5)","background-image":"","background-repeat":"repeat","background-position":"center center","background-size":"auto","background-attachment":"scroll","background-type":"","background-media":"","overlay-type":"","overlay-color":"","overlay-opacity":"","overlay-gradient":""}}},"product_brand":[60],"product_cat":[54],"product_tag":[59],"class_list":{"0":"post-117","1":"product","2":"type-product","3":"status-publish","4":"has-post-thumbnail","6":"product_brand-meskernel","7":"product_cat-long-distance-laser-ranging-sensors","8":"product_tag-advantage","9":"desktop-align-center","10":"tablet-align-left","11":"mobile-align-left","13":"first","14":"instock","15":"shipping-taxable","16":"product-type-simple"},"_links":{"self":[{"href":"https:\/\/meskernel.net\/pl\/wp-json\/wp\/v2\/product\/117","targetHints":{"allow":["GET"]}}],"collection":[{"href":"https:\/\/meskernel.net\/pl\/wp-json\/wp\/v2\/product"}],"about":[{"href":"https:\/\/meskernel.net\/pl\/wp-json\/wp\/v2\/types\/product"}],"version-history":[{"count":0,"href":"https:\/\/meskernel.net\/pl\/wp-json\/wp\/v2\/product\/117\/revisions"}],"wp:featuredmedia":[{"embeddable":true,"href":"https:\/\/meskernel.net\/pl\/wp-json\/wp\/v2\/media\/3009"}],"wp:attachment":[{"href":"https:\/\/meskernel.net\/pl\/wp-json\/wp\/v2\/media?parent=117"}],"wp:term":[{"taxonomy":"product_brand","embeddable":true,"href":"https:\/\/meskernel.net\/pl\/wp-json\/wp\/v2\/product_brand?post=117"},{"taxonomy":"product_cat","embeddable":true,"href":"https:\/\/meskernel.net\/pl\/wp-json\/wp\/v2\/product_cat?post=117"},{"taxonomy":"product_tag","embeddable":true,"href":"https:\/\/meskernel.net\/pl\/wp-json\/wp\/v2\/product_tag?post=117"}],"curies":[{"name":"wp","href":"https:\/\/api.w.org\/{rel}","templated":true}]}}