{"id":120,"date":"2024-10-10T11:10:33","date_gmt":"2024-10-10T03:10:33","guid":{"rendered":"http:\/\/170.106.98.143\/?post_type=product&#038;p=120"},"modified":"2026-01-20T09:52:39","modified_gmt":"2026-01-20T01:52:39","slug":"czujniki-odleglosci-2","status":"publish","type":"product","link":"https:\/\/meskernel.net\/pl\/product\/distance-sensors\/","title":{"rendered":"Czujniki odleg\u0142o\u015bci TC25 1500m"},"content":{"rendered":"<p>Kompaktowy modu\u0142 czujnika odleg\u0142o\u015bci to wysokowydajny czujnik zaprojektowany w celu zapewnienia dok\u0142adnych i niezawodnych pomiar\u00f3w odleg\u0142o\u015bci w wielu zastosowaniach. Z opcjami pomiarowymi 700 metr\u00f3w i 3000 metr\u00f3w, ten wszechstronny modu\u0142 wyr\u00f3\u017cnia si\u0119 zar\u00f3wno w pomiarach \u015bredniego, jak i dalekiego zasi\u0119gu. Niezale\u017cnie od tego, czy pracujesz w \u015brodowiskach o du\u017cej skali, czy potrzebujesz mo\u017cliwo\u015bci zdalnego monitorowania, czujnik ten zapewnia wyj\u0105tkow\u0105 elastyczno\u015b\u0107 i wydajno\u015b\u0107 w r\u00f3\u017cnych zadaniach.<\/p>\n<figure id=\"attachment_3004\" aria-describedby=\"caption-attachment-3004\" style=\"width: 818px\" class=\"wp-caption aligncenter\"><img fetchpriority=\"high\" decoding=\"async\" class=\"wp-image-3004 size-full\" title=\"czujnik odleg\u0142o\u015bci\" src=\"https:\/\/meskernel.net\/wp-content\/uploads\/2024\/10\/distance-sensor-with-alarm-and-mobile-notifications.jpg\" alt=\"czujnik odleg\u0142o\u015bci\" width=\"818\" height=\"309\" srcset=\"https:\/\/meskernel.net\/wp-content\/uploads\/2024\/10\/distance-sensor-with-alarm-and-mobile-notifications.jpg 818w, https:\/\/meskernel.net\/wp-content\/uploads\/2024\/10\/distance-sensor-with-alarm-and-mobile-notifications-300x113.jpg 300w, https:\/\/meskernel.net\/wp-content\/uploads\/2024\/10\/distance-sensor-with-alarm-and-mobile-notifications-768x290.jpg 768w, https:\/\/meskernel.net\/wp-content\/uploads\/2024\/10\/distance-sensor-with-alarm-and-mobile-notifications-400x151.jpg 400w\" sizes=\"(max-width: 818px) 100vw, 818px\" \/><figcaption id=\"caption-attachment-3004\" class=\"wp-caption-text\">czujnik odleg\u0142o\u015bci<\/figcaption><\/figure>\n<h3>Kluczowe cechy czujnik\u00f3w odleg\u0142o\u015bci<\/h3>\n<ul>\n<li><strong>Szeroki zakres opcji pomiarowych dla wszechstronnego zastosowania<\/strong><\/li>\n<\/ul>\n<p style=\"padding-left: 40px;\">Modu\u0142 czujnik\u00f3w odleg\u0142o\u015bci obs\u0142uguje wiele opcji odleg\u0142o\u015bci, w tym 700 metr\u00f3w i 1000 metr\u00f3w, co pozwala mu zaspokoi\u0107 szerokie spektrum zastosowa\u0144. Ta elastyczno\u015b\u0107 sprawia, \u017ce idealnie nadaje si\u0119 zar\u00f3wno do pomiar\u00f3w \u015bredniego, jak i bardzo dalekiego zasi\u0119gu, niezale\u017cnie od tego, czy prowadzisz badania terenu, zarz\u0105dzasz projektami budowlanymi, czy pracujesz w \u015brodowiskach zdalnego monitorowania. Jego zdolno\u015b\u0107 adaptacji sprawia, \u017ce mo\u017ce on sprosta\u0107 r\u00f3\u017cnym wymagaj\u0105cym zadaniom, zapewniaj\u0105c precyzyjne pomiary na du\u017cych obszarach lub w trudno dost\u0119pnych lokalizacjach.<\/p>\n<ul>\n<li><strong>Cylindryczny kszta\u0142t zapewniaj\u0105cy bezproblemow\u0105 integracj\u0119<\/strong><\/li>\n<\/ul>\n<p style=\"padding-left: 40px;\">Zaprojektowany w cylindrycznym kszta\u0142cie, modu\u0142 ten jest szczeg\u00f3lnie \u0142atwy do zintegrowania z kompaktowymi systemami, dzi\u0119ki czemu idealnie nadaje si\u0119 do produkt\u00f3w takich jak drony, celowniki do u\u017cytku na zewn\u0105trz i aplikacje zrobotyzowane. Jego kompaktowa forma pozwala na prost\u0105, zajmuj\u0105c\u0105 niewiele miejsca instalacj\u0119, co jest szczeg\u00f3lnie korzystne w systemach wbudowanych, w kt\u00f3rych rozmiar jest czynnikiem krytycznym. Kszta\u0142t zwi\u0119ksza r\u00f3wnie\u017c estetyk\u0119 i wydajno\u015b\u0107 funkcjonaln\u0105, zapewniaj\u0105c p\u0142ynn\u0105 integracj\u0119 bez po\u015bwi\u0119cania wydajno\u015bci.<\/p>\n<ul>\n<li><strong>Wysoka precyzja dla niezawodnych i dok\u0142adnych pomiar\u00f3w<\/strong><\/li>\n<\/ul>\n<p style=\"padding-left: 40px;\">Dok\u0142adno\u015b\u0107 jest kluczowym aspektem ka\u017cdego narz\u0119dzia pomiarowego, a impulsowy laserowy modu\u0142 odleg\u0142o\u015bci nie zawodzi. Dzi\u0119ki <strong>\u00b1<\/strong>Dzi\u0119ki dok\u0142adno\u015bci 1 metra czujnik ten zapewnia niezawodne i precyzyjne dane, nawet przy wi\u0119kszych odleg\u0142o\u015bciach. Niezale\u017cnie od tego, czy pracujesz w budownictwie, mapowaniu geoprzestrzennym czy robotyce, modu\u0142 ten zapewnia dok\u0142adne pomiary, kt\u00f3rych potrzebujesz, zapewniaj\u0105c minimalny b\u0142\u0105d i maksymaln\u0105 niezawodno\u015b\u0107. Jego wysoka precyzja sprawia, \u017ce szczeg\u00f3lnie dobrze nadaje si\u0119 do zastosowa\u0144 wymagaj\u0105cych dok\u0142adnych odczyt\u00f3w, takich jak geodezja, monitorowanie \u015brodowiska i badania naukowe.<\/p>\n<h3>\u0141atwa integracja z wieloma interfejsami<\/h3>\n<p>Wyposa\u017cony w interfejsy TTL, RS485 i RS232, modu\u0142 czujnik\u00f3w odleg\u0142o\u015bci mo\u017cna \u0142atwo zintegrowa\u0107 z szerok\u0105 gam\u0105 system\u00f3w. Zapewnia to kompatybilno\u015b\u0107 z mikrokontrolerami, sterownikami przemys\u0142owymi i niestandardowymi rozwi\u0105zaniami, co czyni go doskona\u0142ym wyborem zar\u00f3wno dla projekt\u00f3w DIY, jak i profesjonalnych zastosowa\u0144. Integracja jest p\u0142ynna, a konfiguracja bezproblemowa, co pozwala na wydajn\u0105 transmisj\u0119 danych i p\u0142ynn\u0105 komunikacj\u0119 systemow\u0105.<\/p>\n<p><img data-dominant-color=\"d0d0ce\" data-has-transparency=\"false\" style=\"--dominant-color: #d0d0ce;\" decoding=\"async\" class=\"alignleft wp-image-6404 size-full not-transparent\" src=\"https:\/\/meskernel.net\/wp-content\/uploads\/2024\/10\/TC-series-pulse-laser-ranging-module.webp\" alt=\"Modu\u0142 impulsowego laserowego pomiaru odleg\u0142o\u015bci serii TC\" width=\"799\" height=\"777\" srcset=\"https:\/\/meskernel.net\/wp-content\/uploads\/2024\/10\/TC-series-pulse-laser-ranging-module.webp 799w, https:\/\/meskernel.net\/wp-content\/uploads\/2024\/10\/TC-series-pulse-laser-ranging-module-300x292.webp 300w, https:\/\/meskernel.net\/wp-content\/uploads\/2024\/10\/TC-series-pulse-laser-ranging-module-768x747.webp 768w, https:\/\/meskernel.net\/wp-content\/uploads\/2024\/10\/TC-series-pulse-laser-ranging-module-12x12.webp 12w, https:\/\/meskernel.net\/wp-content\/uploads\/2024\/10\/TC-series-pulse-laser-ranging-module-400x389.webp 400w\" sizes=\"(max-width: 799px) 100vw, 799px\" \/><\/p>\n<h3><\/h3>\n<h3>Us\u0142ugi dostosowywania do unikalnych potrzeb klienta<\/h3>\n<p>Opr\u00f3cz wyj\u0105tkowej wydajno\u015bci, modu\u0142 czujnik\u00f3w odleg\u0142o\u015bci oferuje opcje dostosowywania w celu spe\u0142nienia okre\u015blonych wymaga\u0144. Niezale\u017cnie od tego, czy potrzebujesz innego zakresu pomiarowego, niestandardowego interfejsu, czy te\u017c dostosowania rozmiaru lub kszta\u0142tu do specjalistycznych zastosowa\u0144, mo\u017cemy wsp\u00f3\u0142pracowa\u0107 z Tob\u0105, aby zapewni\u0107 rozwi\u0105zanie dostosowane do Twoich potrzeb. Nasze elastyczne mo\u017cliwo\u015bci projektowe i produkcyjne pozwalaj\u0105 nam zmodyfikowa\u0107 modu\u0142 tak, aby pasowa\u0142 do specyfikacji projektu, zapewniaj\u0105c dok\u0142adn\u0105 wydajno\u015b\u0107 i funkcjonalno\u015b\u0107 wymagan\u0105 dla danej aplikacji.<\/p>\n<p>In\u017cynierowie wybieraj\u0105cy odpowiedni laserowy czujnik odleg\u0142o\u015bci lub modu\u0142 dalmierza laserowego mog\u0105 zapozna\u0107 si\u0119 z nasz\u0105 ofert\u0105 <a href=\"https:\/\/meskernel.net\/pl\/laser-distance-sensor-selection\/\">Przewodnik wyboru laserowego czujnika odleg\u0142o\u015bci<\/a> w celu szczeg\u00f3\u0142owego por\u00f3wnania technologii fazowych i impulsowych.<\/p>\n<figure id=\"attachment_2995\" aria-describedby=\"caption-attachment-2995\" style=\"width: 1069px\" class=\"wp-caption aligncenter\"><img decoding=\"async\" class=\"wp-image-2995 size-full\" title=\"Dlaczego warto u\u017cywa\u0107 czujnika odleg\u0142o\u015bci\" src=\"https:\/\/meskernel.net\/wp-content\/uploads\/2024\/11\/why-us-distance-sensor.jpg\" alt=\"Dlaczego warto u\u017cywa\u0107 czujnika odleg\u0142o\u015bci\" width=\"1069\" height=\"228\" srcset=\"https:\/\/meskernel.net\/wp-content\/uploads\/2024\/11\/why-us-distance-sensor.jpg 1069w, https:\/\/meskernel.net\/wp-content\/uploads\/2024\/11\/why-us-distance-sensor-300x64.jpg 300w, https:\/\/meskernel.net\/wp-content\/uploads\/2024\/11\/why-us-distance-sensor-1024x218.jpg 1024w, https:\/\/meskernel.net\/wp-content\/uploads\/2024\/11\/why-us-distance-sensor-768x164.jpg 768w, https:\/\/meskernel.net\/wp-content\/uploads\/2024\/11\/why-us-distance-sensor-400x85.jpg 400w\" sizes=\"(max-width: 1069px) 100vw, 1069px\" \/><figcaption id=\"caption-attachment-2995\" class=\"wp-caption-text\">Dlaczego warto u\u017cywa\u0107 czujnika odleg\u0142o\u015bci<\/figcaption><\/figure>\n<h3>Dlaczego warto wybra\u0107 modu\u0142 czujnik\u00f3w odleg\u0142o\u015bci?<\/h3>\n<p>Je\u015bli szukasz kompaktowego, bardzo dok\u0142adnego rozwi\u0105zania pomiarowego o du\u017cym zasi\u0119gu, modu\u0142 czujnik\u00f3w odleg\u0142o\u015bci jest idealnym wyborem. Jego wszechstronna konstrukcja sprawia, \u017ce nadaje si\u0119 do szerokiej gamy zastosowa\u0144, w tym dron\u00f3w, robotyki, budownictwa i geodezji. Cylindryczny kszta\u0142t u\u0142atwia integracj\u0119, <strong>\u00b1<\/strong>Dzi\u0119ki dok\u0142adno\u015bci 1 metra zapewniaj\u0105cej precyzyjne pomiary i wielu opcjom odleg\u0142o\u015bci zapewniaj\u0105cym elastyczno\u015b\u0107, czujnik ten stanowi idealne rozwi\u0105zanie do zada\u0144 wymagaj\u0105cych wiarygodnych danych na du\u017cych odleg\u0142o\u015bciach. Ponadto nasze us\u0142ugi dostosowywania zapewniaj\u0105, \u017ce mo\u017cesz dostosowa\u0107 modu\u0142 do dok\u0142adnych potrzeb swojego projektu, bez wzgl\u0119du na to, jak bardzo jest on specjalistyczny.<\/p>","protected":false},"excerpt":{"rendered":"<p>Kompaktowy modu\u0142 czujnik\u00f3w odleg\u0142o\u015bci oferuje precyzyjne pomiary dalekiego zasi\u0119gu do 1000 metr\u00f3w dzi\u0119ki <strong>\u00b1<\/strong>Dok\u0142adno\u015b\u0107 1 metra. Jego cylindryczna konstrukcja z \u0142atwo\u015bci\u0105 mie\u015bci si\u0119 w kompaktowych systemach, takich jak drony i roboty. Dzi\u0119ki wielu opcjom interfejsu (TTL, RS485, RS232) doskonale sprawdza si\u0119 w budownictwie, pomiarach i monitorowaniu. Ponadto zapewniamy us\u0142ugi dostosowywania modu\u0142u do konkretnych potrzeb, zapewniaj\u0105c idealne dopasowanie do projektu.<\/p>","protected":false},"featured_media":3002,"template":"","meta":{"site-sidebar-layout":"default","site-content-layout":"","ast-site-content-layout":"default","site-content-style":"default","site-sidebar-style":"default","ast-global-header-display":"","ast-banner-title-visibility":"","ast-main-header-display":"","ast-hfb-above-header-display":"","ast-hfb-below-header-display":"","ast-hfb-mobile-header-display":"","site-post-title":"","ast-breadcrumbs-content":"","ast-featured-img":"","footer-sml-layout":"","ast-disable-related-posts":"","theme-transparent-header-meta":"default","adv-header-id-meta":"","stick-header-meta":"","header-above-stick-meta":"","header-main-stick-meta":"","header-below-stick-meta":"","astra-migrate-meta-layouts":"set","ast-page-background-enabled":"default","ast-page-background-meta":{"desktop":{"background-color":"var(--ast-global-color-4)","background-image":"","background-repeat":"repeat","background-position":"center center","background-size":"auto","background-attachment":"scroll","background-type":"","background-media":"","overlay-type":"","overlay-color":"","overlay-opacity":"","overlay-gradient":""},"tablet":{"background-color":"","background-image":"","background-repeat":"repeat","background-position":"center center","background-size":"auto","background-attachment":"scroll","background-type":"","background-media":"","overlay-type":"","overlay-color":"","overlay-opacity":"","overlay-gradient":""},"mobile":{"background-color":"","background-image":"","background-repeat":"repeat","background-position":"center center","background-size":"auto","background-attachment":"scroll","background-type":"","background-media":"","overlay-type":"","overlay-color":"","overlay-opacity":"","overlay-gradient":""}},"ast-content-background-meta":{"desktop":{"background-color":"var(--ast-global-color-5)","background-image":"","background-repeat":"repeat","background-position":"center center","background-size":"auto","background-attachment":"scroll","background-type":"","background-media":"","overlay-type":"","overlay-color":"","overlay-opacity":"","overlay-gradient":""},"tablet":{"background-color":"var(--ast-global-color-5)","background-image":"","background-repeat":"repeat","background-position":"center center","background-size":"auto","background-attachment":"scroll","background-type":"","background-media":"","overlay-type":"","overlay-color":"","overlay-opacity":"","overlay-gradient":""},"mobile":{"background-color":"var(--ast-global-color-5)","background-image":"","background-repeat":"repeat","background-position":"center center","background-size":"auto","background-attachment":"scroll","background-type":"","background-media":"","overlay-type":"","overlay-color":"","overlay-opacity":"","overlay-gradient":""}}},"product_brand":[60],"product_cat":[54],"product_tag":[59],"class_list":{"0":"post-120","1":"product","2":"type-product","3":"status-publish","4":"has-post-thumbnail","6":"product_brand-meskernel","7":"product_cat-long-distance-laser-ranging-sensors","8":"product_tag-advantage","9":"desktop-align-center","10":"tablet-align-left","11":"mobile-align-left","13":"first","14":"instock","15":"shipping-taxable","16":"product-type-simple"},"_links":{"self":[{"href":"https:\/\/meskernel.net\/pl\/wp-json\/wp\/v2\/product\/120","targetHints":{"allow":["GET"]}}],"collection":[{"href":"https:\/\/meskernel.net\/pl\/wp-json\/wp\/v2\/product"}],"about":[{"href":"https:\/\/meskernel.net\/pl\/wp-json\/wp\/v2\/types\/product"}],"version-history":[{"count":0,"href":"https:\/\/meskernel.net\/pl\/wp-json\/wp\/v2\/product\/120\/revisions"}],"wp:featuredmedia":[{"embeddable":true,"href":"https:\/\/meskernel.net\/pl\/wp-json\/wp\/v2\/media\/3002"}],"wp:attachment":[{"href":"https:\/\/meskernel.net\/pl\/wp-json\/wp\/v2\/media?parent=120"}],"wp:term":[{"taxonomy":"product_brand","embeddable":true,"href":"https:\/\/meskernel.net\/pl\/wp-json\/wp\/v2\/product_brand?post=120"},{"taxonomy":"product_cat","embeddable":true,"href":"https:\/\/meskernel.net\/pl\/wp-json\/wp\/v2\/product_cat?post=120"},{"taxonomy":"product_tag","embeddable":true,"href":"https:\/\/meskernel.net\/pl\/wp-json\/wp\/v2\/product_tag?post=120"}],"curies":[{"name":"wp","href":"https:\/\/api.w.org\/{rel}","templated":true}]}}