{"id":2684,"date":"2024-11-19T17:41:19","date_gmt":"2024-11-19T09:41:19","guid":{"rendered":"https:\/\/meskernel.net\/?post_type=product&#038;p=2684"},"modified":"2025-07-03T13:48:52","modified_gmt":"2025-07-03T05:48:52","slug":"dalmierz-laserowy-4","status":"publish","type":"product","link":"https:\/\/meskernel.net\/pl\/product\/laser-range-finder\/","title":{"rendered":"TC25 700m Laserowy dalmierz z czujnikiem Moudle"},"content":{"rendered":"<p><strong style=\"font-size: 1.7em;\">Precyzyjny dalmierz laserowy - kompaktowe i niezawodne rozwi\u0105zania<\/strong><\/p>\n<p>Przedstawiamy dalmierz laserowy firmy Meskernel, zaprojektowany w celu zapewnienia dok\u0142adnych i niezawodnych pomiar\u00f3w odleg\u0142o\u015bci w szerokim zakresie zastosowa\u0144. Niezale\u017cnie od tego, czy pracujesz w automatyce, robotyce, pomiarach przemys\u0142owych, czy te\u017c <a href=\"https:\/\/meskernel.net\/pl\/kategoria\/aplikacja\/monitorowanie-srodowiska\/\">monitorowanie \u015brodowiska<\/a>Nasze urz\u0105dzenie oferuje precyzj\u0119, kt\u00f3rej potrzebujesz - zachowuj\u0105c jednocze\u015bnie kompaktow\u0105 i wydajn\u0105 konstrukcj\u0119, kt\u00f3ra p\u0142ynnie integruje si\u0119 z Twoimi systemami.<\/p>\n<p>&nbsp;<\/p>\n<figure id=\"attachment_2991\" aria-describedby=\"caption-attachment-2991\" style=\"width: 1000px\" class=\"wp-caption aligncenter\"><img fetchpriority=\"high\" decoding=\"async\" class=\"wp-image-2991 size-full\" title=\"TC22 Dalmierz laserowy 700m\" src=\"https:\/\/meskernel.net\/wp-content\/uploads\/2024\/11\/TC22-Laser-Range-Finder-700m.jpg\" alt=\"TC22 Dalmierz laserowy 700m\" width=\"1000\" height=\"500\" srcset=\"https:\/\/meskernel.net\/wp-content\/uploads\/2024\/11\/TC22-Laser-Range-Finder-700m.jpg 1000w, https:\/\/meskernel.net\/wp-content\/uploads\/2024\/11\/TC22-Laser-Range-Finder-700m-300x150.jpg 300w, https:\/\/meskernel.net\/wp-content\/uploads\/2024\/11\/TC22-Laser-Range-Finder-700m-768x384.jpg 768w, https:\/\/meskernel.net\/wp-content\/uploads\/2024\/11\/TC22-Laser-Range-Finder-700m-400x200.jpg 400w\" sizes=\"(max-width: 1000px) 100vw, 1000px\" \/><figcaption id=\"caption-attachment-2991\" class=\"wp-caption-text\">TC22 Dalmierz laserowy 700m<\/figcaption><\/figure>\n<h3>Kluczowe cechy<\/h3>\n<ul>\n<li>Szeroki dystans<\/li>\n<\/ul>\n<p style=\"padding-left: 40px;\">Wiele opcji odleg\u0142o\u015bci, zapewniaj\u0105cych zakresy pomiarowe 700 metr\u00f3w i 1000 metr\u00f3w. Ta wszechstronno\u015b\u0107 pozwala zaspokoi\u0107 potrzeby zar\u00f3wno aplikacji o \u015brednim, jak i bardzo du\u017cym zasi\u0119gu, zapewniaj\u0105c wyj\u0105tkow\u0105 wydajno\u015b\u0107 w du\u017cych obszarach lub zdalnym monitorowaniu.<\/p>\n<ul>\n<li>Kszta\u0142t cylindryczny<\/li>\n<\/ul>\n<p style=\"padding-left: 40px;\">Cylindryczny kszta\u0142t u\u0142atwia integracj\u0119 z produktami takimi jak drony i celowniki do u\u017cytku na zewn\u0105trz.<\/p>\n<ul>\n<li>Wysoka precyzja<\/li>\n<\/ul>\n<p style=\"padding-left: 40px;\">Czujnik oferuje dok\u0142adno\u015b\u0107 pomiaru do 1 metra, zapewniaj\u0105c wiarygodne i precyzyjne dane do pomiar\u00f3w na du\u017ce odleg\u0142o\u015bci.<\/p>\n<ul>\n<li>Kompaktowy rozmiar dla wszechstronnej integracji<\/li>\n<\/ul>\n<p style=\"padding-left: 40px;\">Mierz\u0105cy zaledwie \u03a622x43 mm dalmierz laserowy jest idealny do system\u00f3w, w kt\u00f3rych przestrze\u0144 jest ograniczona. Jego niewielka obudowa u\u0142atwia integracj\u0119 z r\u00f3\u017cnymi projektami, od kompaktowych platform robotycznych po wi\u0119ksze systemy przemys\u0142owe. Pomimo niewielkich rozmiar\u00f3w, urz\u0105dzenie zachowuje solidn\u0105 wydajno\u015b\u0107, zapewniaj\u0105c wysokiej jako\u015bci, precyzyjne pomiary zar\u00f3wno w pomieszczeniach, jak i na zewn\u0105trz. Co wi\u0119cej, jego lekka konstrukcja nie wp\u0142ywa negatywnie na trwa\u0142o\u015b\u0107, zapewniaj\u0105c d\u0142ugotrwa\u0142\u0105 funkcjonalno\u015b\u0107 nawet w najbardziej wymagaj\u0105cych zastosowaniach.<\/p>\n<figure id=\"attachment_2994\" aria-describedby=\"caption-attachment-2994\" style=\"width: 1048px\" class=\"wp-caption aligncenter\"><img decoding=\"async\" class=\"wp-image-2994 size-full\" title=\"zastosowanie czujnika odleg\u0142o\u015bci\" src=\"https:\/\/meskernel.net\/wp-content\/uploads\/2024\/11\/application.jpg\" alt=\"zastosowanie czujnika odleg\u0142o\u015bci\" width=\"1048\" height=\"226\" srcset=\"https:\/\/meskernel.net\/wp-content\/uploads\/2024\/11\/application.jpg 1048w, https:\/\/meskernel.net\/wp-content\/uploads\/2024\/11\/application-300x65.jpg 300w, https:\/\/meskernel.net\/wp-content\/uploads\/2024\/11\/application-1024x221.jpg 1024w, https:\/\/meskernel.net\/wp-content\/uploads\/2024\/11\/application-768x166.jpg 768w, https:\/\/meskernel.net\/wp-content\/uploads\/2024\/11\/application-400x86.jpg 400w\" sizes=\"(max-width: 1048px) 100vw, 1048px\" \/><figcaption id=\"caption-attachment-2994\" class=\"wp-caption-text\">zastosowanie czujnika odleg\u0142o\u015bci<\/figcaption><\/figure>\n<h3>Wiele interfejs\u00f3w dla p\u0142ynnej integracji<\/h3>\n<p>Aby zapewni\u0107 \u0142atw\u0105 integracj\u0119 systemu, dalmierz laserowy jest wyposa\u017cony w szereg interfejs\u00f3w komunikacyjnych, w tym TTL, RS485 i RS232. Ta r\u00f3\u017cnorodno\u015b\u0107 opcji umo\u017cliwia \u0142atwe pod\u0142\u0105czenie czujnika do szerokiej gamy system\u00f3w, dzi\u0119ki czemu transmisja danych jest prosta i bezproblemowa. W rezultacie, niezale\u017cnie od u\u017cywanej platformy, mo\u017cna polega\u0107 na p\u0142ynnej integracji, zapewniaj\u0105c kompatybilno\u015b\u0107 z istniej\u0105c\u0105 infrastruktur\u0105. Niezale\u017cnie od tego, czy pracujesz z zaawansowanymi systemami robotycznymi, czy urz\u0105dzeniami automatyki przemys\u0142owej, nasz czujnik zapewnia elastyczno\u015b\u0107 potrzebn\u0105 do wielu r\u00f3\u017cnych zastosowa\u0144.<\/p>\n<figure id=\"attachment_2987\" aria-describedby=\"caption-attachment-2987\" style=\"width: 750px\" class=\"wp-caption aligncenter\"><img decoding=\"async\" class=\"wp-image-2987 size-full\" title=\"Dalmierz laserowy 700m\" src=\"https:\/\/meskernel.net\/wp-content\/uploads\/2024\/11\/Laser-Distance-Module-2000m.jpg\" alt=\"Laserowy modu\u0142 odleg\u0142o\u015bci 2000 m\" width=\"750\" height=\"266\" srcset=\"https:\/\/meskernel.net\/wp-content\/uploads\/2024\/11\/Laser-Distance-Module-2000m.jpg 750w, https:\/\/meskernel.net\/wp-content\/uploads\/2024\/11\/Laser-Distance-Module-2000m-300x106.jpg 300w, https:\/\/meskernel.net\/wp-content\/uploads\/2024\/11\/Laser-Distance-Module-2000m-400x142.jpg 400w\" sizes=\"(max-width: 750px) 100vw, 750px\" \/><figcaption id=\"caption-attachment-2987\" class=\"wp-caption-text\">Laserowy modu\u0142 odleg\u0142o\u015bci 2000 m<\/figcaption><\/figure>\n<h3><strong>Dlaczego warto wybra\u0107 dalmierz laserowy Meskernel?<\/strong><\/h3>\n<ul>\n<li><strong>Konfigurowalne rozwi\u0105zania<\/strong>: Jako wiod\u0105cy producent, Meskernel oferuje zar\u00f3wno us\u0142ugi OEM, jak i ODM. Oznacza to, \u017ce mo\u017cemy dostosowa\u0107 dalmierz laserowy do konkretnych wymaga\u0144 projektu. Od modyfikacji zasi\u0119gu po dostosowanie interfejsu lub dok\u0142adno\u015bci, mo\u017cemy zaprojektowa\u0107 urz\u0105dzenie idealnie dopasowane do Twoich potrzeb.<\/li>\n<li><strong>Konkurencyjne ceny<\/strong>: Produkuj\u0105c nasze urz\u0105dzenia we w\u0142asnym zakresie, jeste\u015bmy w stanie zaoferowa\u0107 bardzo konkurencyjne ceny bez uszczerbku dla jako\u015bci. W zwi\u0105zku z tym otrzymujesz doskona\u0142\u0105 warto\u015b\u0107 swojej inwestycji, poniewa\u017c zapewniamy, \u017ce nasze produkty s\u0105 zar\u00f3wno op\u0142acalne, jak i niezawodne.<\/li>\n<li><strong>Wsparcie techniczne ekspert\u00f3w<\/strong>: Nasz oddany zesp\u00f3\u0142 ekspert\u00f3w zapewnia pe\u0142ne wsparcie techniczne, gwarantuj\u0105c bezproblemow\u0105 integracj\u0119 i dzia\u0142anie naszych produkt\u00f3w. <a href=\"https:\/\/meskernel.net\/pl\/product\/precyzyjny-laserowy-czujnik-odleglosci\/\">laserowy czujnik odleg\u0142o\u015bci<\/a> w systemach. Od momentu wyboru produktu po instalacj\u0119, jeste\u015bmy tutaj, aby poprowadzi\u0107 Ci\u0119 przez ka\u017cdy etap procesu, zapewniaj\u0105c sta\u0142\u0105 pomoc w razie potrzeby.<\/li>\n<li><strong>Wszechstronne zastosowania<\/strong>: Niezale\u017cnie od tego, czy chodzi o automatyk\u0119 przemys\u0142ow\u0105, systemy zrobotyzowane, precyzyjne pomiary czy monitorowanie bezpiecze\u0144stwa, nasz laserowy czujnik zasi\u0119gu jest wszechstronnym narz\u0119dziem, kt\u00f3re mo\u017ce by\u0107 u\u017cywane w wielu r\u00f3\u017cnych dziedzinach. Na przyk\u0142ad, nasz czujnik jest idealny do pomiaru odleg\u0142o\u015bci w zautomatyzowanych systemach transportu materia\u0142\u00f3w, wykrywania potencjalnych zagro\u017ce\u0144 w strefach budowy, a nawet monitorowania odleg\u0142o\u015bci mi\u0119dzy zwierz\u0119tami i obwodami w systemach ochrony dzikiej przyrody.\n<p><figure id=\"attachment_2995\" aria-describedby=\"caption-attachment-2995\" style=\"width: 1069px\" class=\"wp-caption aligncenter\"><img loading=\"lazy\" decoding=\"async\" class=\"wp-image-2995 size-full\" title=\"Dlaczego warto u\u017cywa\u0107 czujnika odleg\u0142o\u015bci\" src=\"https:\/\/meskernel.net\/wp-content\/uploads\/2024\/11\/why-us-distance-sensor.jpg\" alt=\"Dlaczego warto u\u017cywa\u0107 czujnika odleg\u0142o\u015bci\" width=\"1069\" height=\"228\" srcset=\"https:\/\/meskernel.net\/wp-content\/uploads\/2024\/11\/why-us-distance-sensor.jpg 1069w, https:\/\/meskernel.net\/wp-content\/uploads\/2024\/11\/why-us-distance-sensor-300x64.jpg 300w, https:\/\/meskernel.net\/wp-content\/uploads\/2024\/11\/why-us-distance-sensor-1024x218.jpg 1024w, https:\/\/meskernel.net\/wp-content\/uploads\/2024\/11\/why-us-distance-sensor-768x164.jpg 768w, https:\/\/meskernel.net\/wp-content\/uploads\/2024\/11\/why-us-distance-sensor-400x85.jpg 400w\" sizes=\"(max-width: 1069px) 100vw, 1069px\" \/><figcaption id=\"caption-attachment-2995\" class=\"wp-caption-text\">Dlaczego warto u\u017cywa\u0107 czujnika odleg\u0142o\u015bci<\/figcaption><\/figure><\/li>\n<\/ul>\n<p>&nbsp;<\/p>\n<h3><strong>Ulepsz swoje projekty dzi\u0119ki laserowemu dalmierzowi Meskernel<\/strong><\/h3>\n<p>W Meskernel jeste\u015bmy dumni z dostarczania najnowocze\u015bniejszych technologii w po\u0142\u0105czeniu z wyj\u0105tkow\u0105 obs\u0142ug\u0105 klienta. Dalmierz laserowy zapewnia idealn\u0105 r\u00f3wnowag\u0119 mi\u0119dzy precyzj\u0105, zasi\u0119giem i elastyczno\u015bci\u0105 integracji, dzi\u0119ki czemu jest doskona\u0142ym wyborem dla r\u00f3\u017cnych wymagaj\u0105cych projekt\u00f3w.<\/p>\n<p>Skontaktuj si\u0119 z nami ju\u017c dzi\u015b, aby dowiedzie\u0107 si\u0119 wi\u0119cej o tym, jak nasz dalmierz laserowy mo\u017ce ulepszy\u0107 Twoje systemy. Ponadto oferujemy niestandardowe rozwi\u0105zania dostosowane do Twoich unikalnych wymaga\u0144 - niezale\u017cnie od tego, czy szukasz produkcji OEM, czy dostosowanego projektu. Pomo\u017cemy Ci osi\u0105gn\u0105\u0107 precyzj\u0119 i niezawodno\u015b\u0107 przy ka\u017cdym pomiarze.<\/p>","protected":false},"excerpt":{"rendered":"<p>Laserowy dalmierz Meskernel zapewnia precyzyjne rozwi\u0105zania do pomiaru odleg\u0142o\u015bci dla r\u00f3\u017cnych bran\u017c, w tym automatyki, robotyki i zastosowa\u0144 przemys\u0142owych. Dzi\u0119ki kompaktowej konstrukcji, szerokiemu zakresowi pomiarowemu (od 3 do 700 metr\u00f3w, z mo\u017cliwo\u015bci\u0105 rozszerzenia do 1000 metr\u00f3w) i dok\u0142adnej wydajno\u015bci (\u00b11 m), zapewnia wiarygodne wyniki nawet w z\u0142o\u017conych \u015brodowiskach. Oferuj\u0105c elastyczn\u0105 integracj\u0119 z interfejsami TTL, RS485 i RS232, jest idealny do r\u00f3\u017cnych zastosowa\u0144, takich jak \u015bledzenie w czasie rzeczywistym, monitorowanie bezpiecze\u0144stwa i inspekcja przemys\u0142owa. Meskernel \u015bwiadczy r\u00f3wnie\u017c us\u0142ugi OEM i ODM, oferuj\u0105c niestandardowe rozwi\u0105zania dostosowane do konkretnych potrzeb. Wzboga\u0107 swoje projekty dzi\u0119ki precyzji i wszechstronno\u015bci naszych laserowych czujnik\u00f3w odleg\u0142o\u015bci<\/p>","protected":false},"featured_media":3005,"template":"","meta":{"site-sidebar-layout":"default","site-content-layout":"","ast-site-content-layout":"default","site-content-style":"default","site-sidebar-style":"default","ast-global-header-display":"","ast-banner-title-visibility":"","ast-main-header-display":"","ast-hfb-above-header-display":"","ast-hfb-below-header-display":"","ast-hfb-mobile-header-display":"","site-post-title":"","ast-breadcrumbs-content":"","ast-featured-img":"","footer-sml-layout":"","ast-disable-related-posts":"","theme-transparent-header-meta":"default","adv-header-id-meta":"","stick-header-meta":"","header-above-stick-meta":"","header-main-stick-meta":"","header-below-stick-meta":"","astra-migrate-meta-layouts":"set","ast-page-background-enabled":"default","ast-page-background-meta":{"desktop":{"background-color":"var(--ast-global-color-4)","background-image":"","background-repeat":"repeat","background-position":"center center","background-size":"auto","background-attachment":"scroll","background-type":"","background-media":"","overlay-type":"","overlay-color":"","overlay-opacity":"","overlay-gradient":""},"tablet":{"background-color":"","background-image":"","background-repeat":"repeat","background-position":"center center","background-size":"auto","background-attachment":"scroll","background-type":"","background-media":"","overlay-type":"","overlay-color":"","overlay-opacity":"","overlay-gradient":""},"mobile":{"background-color":"","background-image":"","background-repeat":"repeat","background-position":"center center","background-size":"auto","background-attachment":"scroll","background-type":"","background-media":"","overlay-type":"","overlay-color":"","overlay-opacity":"","overlay-gradient":""}},"ast-content-background-meta":{"desktop":{"background-color":"var(--ast-global-color-5)","background-image":"","background-repeat":"repeat","background-position":"center center","background-size":"auto","background-attachment":"scroll","background-type":"","background-media":"","overlay-type":"","overlay-color":"","overlay-opacity":"","overlay-gradient":""},"tablet":{"background-color":"var(--ast-global-color-5)","background-image":"","background-repeat":"repeat","background-position":"center center","background-size":"auto","background-attachment":"scroll","background-type":"","background-media":"","overlay-type":"","overlay-color":"","overlay-opacity":"","overlay-gradient":""},"mobile":{"background-color":"var(--ast-global-color-5)","background-image":"","background-repeat":"repeat","background-position":"center center","background-size":"auto","background-attachment":"scroll","background-type":"","background-media":"","overlay-type":"","overlay-color":"","overlay-opacity":"","overlay-gradient":""}}},"product_brand":[60],"product_cat":[54],"product_tag":[],"class_list":{"0":"post-2684","1":"product","2":"type-product","3":"status-publish","4":"has-post-thumbnail","6":"product_brand-meskernel","7":"product_cat-long-distance-laser-ranging-sensors","8":"desktop-align-center","9":"tablet-align-left","10":"mobile-align-left","12":"first","13":"instock","14":"shipping-taxable","15":"product-type-simple"},"_links":{"self":[{"href":"https:\/\/meskernel.net\/pl\/wp-json\/wp\/v2\/product\/2684","targetHints":{"allow":["GET"]}}],"collection":[{"href":"https:\/\/meskernel.net\/pl\/wp-json\/wp\/v2\/product"}],"about":[{"href":"https:\/\/meskernel.net\/pl\/wp-json\/wp\/v2\/types\/product"}],"version-history":[{"count":0,"href":"https:\/\/meskernel.net\/pl\/wp-json\/wp\/v2\/product\/2684\/revisions"}],"wp:featuredmedia":[{"embeddable":true,"href":"https:\/\/meskernel.net\/pl\/wp-json\/wp\/v2\/media\/3005"}],"wp:attachment":[{"href":"https:\/\/meskernel.net\/pl\/wp-json\/wp\/v2\/media?parent=2684"}],"wp:term":[{"taxonomy":"product_brand","embeddable":true,"href":"https:\/\/meskernel.net\/pl\/wp-json\/wp\/v2\/product_brand?post=2684"},{"taxonomy":"product_cat","embeddable":true,"href":"https:\/\/meskernel.net\/pl\/wp-json\/wp\/v2\/product_cat?post=2684"},{"taxonomy":"product_tag","embeddable":true,"href":"https:\/\/meskernel.net\/pl\/wp-json\/wp\/v2\/product_tag?post=2684"}],"curies":[{"name":"wp","href":"https:\/\/api.w.org\/{rel}","templated":true}]}}