{"id":2749,"date":"2024-11-26T10:48:46","date_gmt":"2024-11-26T02:48:46","guid":{"rendered":"https:\/\/meskernel.net\/?post_type=product&#038;p=2749"},"modified":"2025-07-03T13:44:38","modified_gmt":"2025-07-03T05:44:38","slug":"laserowy-miernik-odleglosci","status":"publish","type":"product","link":"https:\/\/meskernel.net\/pl\/product\/laser-distance-measurer\/","title":{"rendered":"Kompaktowy dalmierz laserowy 40 m | Przeno\u015bna konstrukcja"},"content":{"rendered":"<h3><strong>Kompaktowy i dok\u0142adny laserowy miernik odleg\u0142o\u015bci (0,03 m - 40 m) Precyzyjny i \u0142atwy pomiar<\/strong><\/h3>\n<p>Odkryj moc dok\u0142adnego pomiaru odleg\u0142o\u015bci dzi\u0119ki naszej laserowej ta\u015bmie mierniczej, zaprojektowanej z my\u015bl\u0105 o precyzji i wszechstronno\u015bci. Dzi\u0119ki zakresowi pomiarowemu od 0,03 m do 40 m, to kompaktowe narz\u0119dzie oferuje wyj\u0105tkow\u0105 dok\u0142adno\u015b\u0107, dzi\u0119ki czemu idealnie nadaje si\u0119 do szerokiego zakresu zastosowa\u0144, od projekt\u00f3w budowlanych i remontowych po sporty na \u015bwie\u017cym powietrzu i hobby.<\/p>\n<figure id=\"attachment_2957\" aria-describedby=\"caption-attachment-2957\" style=\"width: 667px\" class=\"wp-caption aligncenter\"><img fetchpriority=\"high\" decoding=\"async\" class=\"wp-image-2957 size-full\" title=\"laserowa ta\u015bma miernicza z \u0142adowaniem przez USB\" src=\"https:\/\/meskernel.net\/wp-content\/uploads\/2024\/11\/USB-CHARGING.png\" alt=\"laserowa ta\u015bma miernicza z \u0142adowaniem przez USB\" width=\"667\" height=\"675\" srcset=\"https:\/\/meskernel.net\/wp-content\/uploads\/2024\/11\/USB-CHARGING.png 667w, https:\/\/meskernel.net\/wp-content\/uploads\/2024\/11\/USB-CHARGING-296x300.png 296w, https:\/\/meskernel.net\/wp-content\/uploads\/2024\/11\/USB-CHARGING-400x405.png 400w, https:\/\/meskernel.net\/wp-content\/uploads\/2024\/11\/USB-CHARGING-100x100.png 100w\" sizes=\"(max-width: 667px) 100vw, 667px\" \/><figcaption id=\"caption-attachment-2957\" class=\"wp-caption-text\">laserowa ta\u015bma miernicza z \u0142adowaniem przez USB<\/figcaption><\/figure>\n<h3><strong>Kluczowe cechy:<\/strong><\/h3>\n<h3><strong>Kompaktowa i przeno\u015bna konstrukcja<\/strong><\/h3>\n<p>Laserowa ta\u015bma miernicza ma ultrakompaktowy rozmiar M6 72x72x35 mm, dzi\u0119ki czemu jest \u0142atwa do przenoszenia i przechowywania. Jej niewielka, lekka konstrukcja zapewnia przeno\u015bno\u015b\u0107 bez po\u015bwi\u0119cania wydajno\u015bci. Niezale\u017cnie od tego, czy mierzysz w ciasnych miejscach, czy w podr\u00f3\u017cy, to urz\u0105dzenie zapewnia wygod\u0119 i \u0142atwo\u015b\u0107 u\u017cytkowania.<\/p>\n<h3><strong>Szeroki zakres pomiarowy<\/strong><\/h3>\n<p>To urz\u0105dzenie oferuje zakres pomiarowy od 0,03 m do 40 m, idealny zar\u00f3wno do pomiar\u00f3w kr\u00f3tko-, jak i d\u0142ugodystansowych. Niezale\u017cnie od tego, czy mierzysz ma\u0142e przestrzenie wewn\u0119trzne, odleg\u0142o\u015bci do kszta\u0142towania krajobrazu, czy aktywno\u015bci na \u015bwie\u017cym powietrzu, ten dalmierz zapewnia precyzyjne wyniki w ci\u0105gu kilku sekund.<\/p>\n<h3><strong>Wysoka dok\u0142adno\u015b\u0107<\/strong><\/h3>\n<p>Z dok\u0142adno\u015bci\u0105 do\u00a0<strong>\u00b1<\/strong>Laserowa ta\u015bma miernicza o grubo\u015bci 3 mm zapewnia niezawodne, precyzyjne odczyty za ka\u017cdym razem. Niezale\u017cnie od tego, czy pracujesz nad szczeg\u00f3\u0142owym projektem, czy potrzebujesz szybkich pomiar\u00f3w do og\u00f3lnych zada\u0144, to narz\u0119dzie zapewnia dok\u0142adno\u015b\u0107 potrzebn\u0105 do uzyskania doskona\u0142ych wynik\u00f3w.<\/p>\n<h3><strong>Laser klasy II dla bezpiecznego u\u017cytkowania<\/strong><\/h3>\n<p>Wyposa\u017cone w laser klasy II dzia\u0142aj\u0105cy w zakresie d\u0142ugo\u015bci fali 620-690nm, urz\u0105dzenie to jest zar\u00f3wno bezpieczne, jak i wydajne. Laser klasy II zapewnia bezpiecze\u0144stwo podczas normalnego u\u017cytkowania i spe\u0142nia surowe normy dotycz\u0105ce ochrony oczu.<\/p>\n<h3><strong>\u0141atwy w u\u017cyciu<\/strong><\/h3>\n<p>Przyjazny dla u\u017cytkownika interfejs i proste elementy steruj\u0105ce u\u0142atwiaj\u0105 obs\u0142ug\u0119 zar\u00f3wno profesjonalistom, jak i pocz\u0105tkuj\u0105cym. Laserowa ta\u015bma miernicza jest intuicyjna, zapewniaj\u0105c szybkie odczyty po naci\u015bni\u0119ciu przycisku.<\/p>\n<figure id=\"attachment_2956\" aria-describedby=\"caption-attachment-2956\" style=\"width: 745px\" class=\"wp-caption aligncenter\"><img decoding=\"async\" class=\"wp-image-2956 size-full\" title=\"Laserowa ta\u015bma miernicza\" src=\"https:\/\/meskernel.net\/wp-content\/uploads\/2024\/11\/Laser-Tape-Measure-1.jpg\" alt=\"Laserowa ta\u015bma miernicza\" width=\"745\" height=\"719\" srcset=\"https:\/\/meskernel.net\/wp-content\/uploads\/2024\/11\/Laser-Tape-Measure-1.jpg 745w, https:\/\/meskernel.net\/wp-content\/uploads\/2024\/11\/Laser-Tape-Measure-1-300x290.jpg 300w, https:\/\/meskernel.net\/wp-content\/uploads\/2024\/11\/Laser-Tape-Measure-1-400x386.jpg 400w\" sizes=\"(max-width: 745px) 100vw, 745px\" \/><figcaption id=\"caption-attachment-2956\" class=\"wp-caption-text\">Laserowa ta\u015bma miernicza<\/figcaption><\/figure>\n<p>Mini ta\u015bma miernicza laserowa 3 w 1 USB 40 m jest idealnym narz\u0119dziem do majsterkowania w domu. Jest dok\u0142adniejsza i wygodniejsza ni\u017c tradycyjne ta\u015bmy miernicze.<\/p>\n<ul>\n<li><strong>Konstrukcja dwa w jednym:<\/strong> \u0141\u0105czy w sobie ta\u015bm\u0119 miernicz\u0105 o d\u0142ugo\u015bci 5 m i miernik laserowy o d\u0142ugo\u015bci 40 m.<\/li>\n<li><strong>Wy\u015bwietlacz LED:<\/strong> Wyra\u017ane i \u0142atwe do odczytania pomiary.<\/li>\n<li><strong>Automatyczna blokada:<\/strong> Zapobiega odbiciu ta\u015bmy dla bezpiecze\u0144stwa.<\/li>\n<li><strong>Pomiar bliskiego i dalekiego zasi\u0119gu:<\/strong> Ta\u015bma na kr\u00f3tkich dystansach, laser na d\u0142ugich dystansach, aby unikn\u0105\u0107 b\u0142\u0119d\u00f3w.<\/li>\n<li><strong>Wiele tryb\u00f3w:<\/strong> Obs\u0142uguje pomiary odleg\u0142o\u015bci, powierzchni, obj\u0119to\u015bci i pitagorejskie.<\/li>\n<\/ul>\n<p>Narz\u0119dzie to skutecznie spe\u0142nia zar\u00f3wno codzienne, jak i profesjonalne potrzeby pomiarowe.<\/p>\n<p><strong>Zam\u00f3w teraz i do\u015bwiadcz precyzyjnych pomiar\u00f3w!<\/strong><\/p>\n<p>Nasza kolekcja cyfrowych narz\u0119dzi pomiarowych oferuje innowacyjne i wszechstronne rozwi\u0105zania dla wszystkich potrzeb zwi\u0105zanych z pomiarem odleg\u0142o\u015bci. Nasze dalmierze laserowe obejmuj\u0105 <strong>Dalmierze dwukierunkowe<\/strong>, idealny do pomiar\u00f3w w obu kierunkach, jak r\u00f3wnie\u017c <strong>Laserowa ta\u015bma do pomiaru odleg\u0142o\u015bci 2 w 1<\/strong> oraz <strong>Laserowa ta\u015bma do pomiaru odleg\u0142o\u015bci 3 w 1<\/strong>, kt\u00f3re \u0142\u0105cz\u0105 w sobie wygod\u0119 tradycyjnych ta\u015bm pomiarowych z precyzj\u0105 technologii laserowej. Narz\u0119dzia te s\u0105 przeznaczone zar\u00f3wno dla profesjonalist\u00f3w, jak i entuzjast\u00f3w majsterkowania, zapewniaj\u0105c dok\u0142adne pomiary z \u0142atwo\u015bci\u0105 i wydajno\u015bci\u0105, niezale\u017cnie od tego, czy pracujesz nad projektami budowlanymi, remontami domu, czy innymi zadaniami pomiarowymi.<\/p>\n<p>Niezale\u017cnie od tego, czy jeste\u015b profesjonalist\u0105 w <a href=\"https:\/\/meskernel.net\/pl\/aplikacja\/konstrukcja\/\">konstrukcja<\/a> lub hobbyst\u0105, ta laserowa ta\u015bma miernicza zapewnia dok\u0142adno\u015b\u0107, przeno\u015bno\u015b\u0107 i bezpiecze\u0144stwo potrzebne do wykonywania zada\u0144 pomiarowych.<\/p>","protected":false},"excerpt":{"rendered":"<p>Odkryj precyzj\u0119 naszego laserowego miernika odleg\u0142o\u015bci o zakresie od 0,03 m do 40 m i wysokiej dok\u0142adno\u015bci \u00b13 mm. Kompaktowy, lekki i idealny do prac budowlanych, remontowych, sportowych i nie tylko. Bezpieczny, \u0142atwy w u\u017cyciu i idealny do dok\u0142adnych pomiar\u00f3w w podr\u00f3\u017cy.<\/p>","protected":false},"featured_media":2751,"template":"","meta":{"site-sidebar-layout":"default","site-content-layout":"","ast-site-content-layout":"default","site-content-style":"default","site-sidebar-style":"default","ast-global-header-display":"","ast-banner-title-visibility":"","ast-main-header-display":"","ast-hfb-above-header-display":"","ast-hfb-below-header-display":"","ast-hfb-mobile-header-display":"","site-post-title":"","ast-breadcrumbs-content":"","ast-featured-img":"","footer-sml-layout":"","ast-disable-related-posts":"","theme-transparent-header-meta":"default","adv-header-id-meta":"","stick-header-meta":"","header-above-stick-meta":"","header-main-stick-meta":"","header-below-stick-meta":"","astra-migrate-meta-layouts":"set","ast-page-background-enabled":"default","ast-page-background-meta":{"desktop":{"background-color":"var(--ast-global-color-4)","background-image":"","background-repeat":"repeat","background-position":"center center","background-size":"auto","background-attachment":"scroll","background-type":"","background-media":"","overlay-type":"","overlay-color":"","overlay-opacity":"","overlay-gradient":""},"tablet":{"background-color":"","background-image":"","background-repeat":"repeat","background-position":"center center","background-size":"auto","background-attachment":"scroll","background-type":"","background-media":"","overlay-type":"","overlay-color":"","overlay-opacity":"","overlay-gradient":""},"mobile":{"background-color":"","background-image":"","background-repeat":"repeat","background-position":"center center","background-size":"auto","background-attachment":"scroll","background-type":"","background-media":"","overlay-type":"","overlay-color":"","overlay-opacity":"","overlay-gradient":""}},"ast-content-background-meta":{"desktop":{"background-color":"var(--ast-global-color-5)","background-image":"","background-repeat":"repeat","background-position":"center center","background-size":"auto","background-attachment":"scroll","background-type":"","background-media":"","overlay-type":"","overlay-color":"","overlay-opacity":"","overlay-gradient":""},"tablet":{"background-color":"var(--ast-global-color-5)","background-image":"","background-repeat":"repeat","background-position":"center center","background-size":"auto","background-attachment":"scroll","background-type":"","background-media":"","overlay-type":"","overlay-color":"","overlay-opacity":"","overlay-gradient":""},"mobile":{"background-color":"var(--ast-global-color-5)","background-image":"","background-repeat":"repeat","background-position":"center center","background-size":"auto","background-attachment":"scroll","background-type":"","background-media":"","overlay-type":"","overlay-color":"","overlay-opacity":"","overlay-gradient":""}}},"product_brand":[60],"product_cat":[29],"product_tag":[],"class_list":{"0":"post-2749","1":"product","2":"type-product","3":"status-publish","4":"has-post-thumbnail","6":"product_brand-meskernel","7":"product_cat-laser-measurement-tool","8":"desktop-align-center","9":"tablet-align-left","10":"mobile-align-left","12":"first","13":"instock","14":"shipping-taxable","15":"product-type-simple"},"_links":{"self":[{"href":"https:\/\/meskernel.net\/pl\/wp-json\/wp\/v2\/product\/2749","targetHints":{"allow":["GET"]}}],"collection":[{"href":"https:\/\/meskernel.net\/pl\/wp-json\/wp\/v2\/product"}],"about":[{"href":"https:\/\/meskernel.net\/pl\/wp-json\/wp\/v2\/types\/product"}],"version-history":[{"count":0,"href":"https:\/\/meskernel.net\/pl\/wp-json\/wp\/v2\/product\/2749\/revisions"}],"wp:featuredmedia":[{"embeddable":true,"href":"https:\/\/meskernel.net\/pl\/wp-json\/wp\/v2\/media\/2751"}],"wp:attachment":[{"href":"https:\/\/meskernel.net\/pl\/wp-json\/wp\/v2\/media?parent=2749"}],"wp:term":[{"taxonomy":"product_brand","embeddable":true,"href":"https:\/\/meskernel.net\/pl\/wp-json\/wp\/v2\/product_brand?post=2749"},{"taxonomy":"product_cat","embeddable":true,"href":"https:\/\/meskernel.net\/pl\/wp-json\/wp\/v2\/product_cat?post=2749"},{"taxonomy":"product_tag","embeddable":true,"href":"https:\/\/meskernel.net\/pl\/wp-json\/wp\/v2\/product_tag?post=2749"}],"curies":[{"name":"wp","href":"https:\/\/api.w.org\/{rel}","templated":true}]}}