{"id":2824,"date":"2024-11-28T15:49:57","date_gmt":"2024-11-28T07:49:57","guid":{"rendered":"https:\/\/meskernel.net\/?post_type=product&#038;p=2824"},"modified":"2025-07-03T13:43:25","modified_gmt":"2025-07-03T05:43:25","slug":"czujniki-pomiaru-odleglosci","status":"publish","type":"product","link":"https:\/\/meskernel.net\/pl\/product\/distance-measuring-sensors\/","title":{"rendered":"IP67 Czujniki do pomiaru odleg\u0142o\u015bci LDK-P4 40m 10Hz"},"content":{"rendered":"<h3><strong> Precyzyjne czujniki do pomiaru odleg\u0142o\u015bci - dok\u0142adne, trwa\u0142e i konfigurowalne<\/strong><\/h3>\n<p>Nasze czujniki do pomiaru odleg\u0142o\u015bci zapewniaj\u0105 wyj\u0105tkow\u0105 wydajno\u015b\u0107 w szerokim zakresie zastosowa\u0144 przemys\u0142owych, naukowych i zewn\u0119trznych. Zbudowane z przemys\u0142ow\u0105 obudow\u0105 ochronn\u0105, wieloma interfejsami komunikacyjnymi i mo\u017cliwo\u015bciami pomiaru o wysokiej dok\u0142adno\u015bci, czujniki te zosta\u0142y zaprojektowane z my\u015bl\u0105 o p\u0142ynnej integracji i niezawodnym dzia\u0142aniu. Niezale\u017cnie od tego, czy potrzebujesz czujnik\u00f3w do robotyki, automatyki czy geodezji, nasze czujniki do pomiaru odleg\u0142o\u015bci oferuj\u0105 elastyczno\u015b\u0107, trwa\u0142o\u015b\u0107 i precyzj\u0119, kt\u00f3rych potrzebujesz. Ponadto oferujemy us\u0142ugi OEM i ODM, aby dostosowa\u0107 czujniki do konkretnych wymaga\u0144.<\/p>\n<h3>Kluczowe cechy naszych czujnik\u00f3w do pomiaru odleg\u0142o\u015bci<\/h3>\n<ul>\n<li><strong>Wytrzyma\u0142a przemys\u0142owa obudowa ochronna do trudnych warunk\u00f3w \u015brodowiskowych<\/strong><\/li>\n<\/ul>\n<p style=\"padding-left: 40px;\">Nasze czujniki odleg\u0142o\u015bci maj\u0105 solidn\u0105 metalow\u0105 obudow\u0119 ze stopu aluminium (rozmiar: LDK-P4 75,00 x 47,00 x 21,05 mm), zaprojektowan\u0105 tak, aby wytrzyma\u0107 nawet najtrudniejsze warunki. Bryzgoszczelna i py\u0142oszczelna obudowa zapewnia niezawodne dzia\u0142anie w trudnych warunkach, takich jak place budowy, fabryki i lokalizacje zewn\u0119trzne. Stopie\u0144 ochrony IP (zgodnie z norm\u0105 IEC 60529) gwarantuje, \u017ce czujniki te s\u0105 wysoce odporne na wnikanie wody i py\u0142u, zapewniaj\u0105c d\u0142ugotrwa\u0142\u0105 ochron\u0119 i optymaln\u0105 wydajno\u015b\u0107 w ka\u017cdych warunkach.<\/p>\n<ul>\n<li><strong>Szeroki zakres pomiarowy: 0,03 m do 60 m<\/strong><\/li>\n<\/ul>\n<p style=\"padding-left: 40px;\">Nasze czujniki do pomiaru odleg\u0142o\u015bci oferuj\u0105 elastyczny zakres pomiarowy od 0,03 m do 40 m lub od 0,03 m do 60 m, zapewniaj\u0105c dok\u0142adne odczyty odleg\u0142o\u015bci zar\u00f3wno w zastosowaniach kr\u00f3tkiego, jak i \u015bredniego zasi\u0119gu. Niezale\u017cnie od tego, czy \u015bledzisz obiekty, mierzysz odleg\u0142o\u015bci dla automatyzacji, czy badasz du\u017ce obszary, czujniki te zapewniaj\u0105 precyzyjne i sp\u00f3jne wyniki dla r\u00f3\u017cnych przypadk\u00f3w u\u017cycia.<\/p>\n<ul>\n<li><strong>Wysoka dok\u0142adno\u015b\u0107 pomiaru odleg\u0142o\u015bci<\/strong><\/li>\n<\/ul>\n<p style=\"padding-left: 40px;\">Czujnik pomiaru odleg\u0142o\u015bci zapewnia wysok\u0105 precyzj\u0119 pomiar\u00f3w z dok\u0142adno\u015bci\u0105 do <strong>\u00b1<\/strong>(3 mm + D \u00d7 (1\/10000)), gdzie <strong>D<\/strong> to zmierzona odleg\u0142o\u015b\u0107. Ten wyj\u0105tkowy poziom dok\u0142adno\u015bci sprawia, \u017ce czujniki te doskonale sprawdzaj\u0105 si\u0119 w robotyce, monitorowaniu pozycji i pomiarach, gdzie liczy si\u0119 ka\u017cdy milimetr. Mo\u017cliwo\u015b\u0107 polegania na dok\u0142adnych odczytach odleg\u0142o\u015bci ma kluczowe znaczenie w zastosowaniach wymagaj\u0105cych precyzyjnych pomiar\u00f3w.<\/p>\n<ul>\n<li><strong>Wiele interfejs\u00f3w komunikacyjnych: TTL, RS485, RS232<\/strong><\/li>\n<\/ul>\n<p style=\"padding-left: 40px;\">Nasze czujniki do pomiaru odleg\u0142o\u015bci obs\u0142uguj\u0105 r\u00f3\u017cne interfejsy komunikacyjne, w tym TTL, RS485 i RS232, zapewniaj\u0105c \u0142atw\u0105 integracj\u0119 z istniej\u0105cymi systemami. Elastyczno\u015b\u0107 ta pozwala na bezproblemowe po\u0142\u0105czenie czujnika z mikrokontrolerami, systemami PLC i innymi urz\u0105dzeniami automatyki przemys\u0142owej. Niezale\u017cnie od tego, czy integrujesz czujnik ze z\u0142o\u017conym systemem automatyki, czy z samodzielnym urz\u0105dzeniem, \u0142atwo jest dostosowa\u0107 nasz czujnik do swojej konfiguracji.<\/p>\n<ul>\n<li><strong>Szeroki zakres cz\u0119stotliwo\u015bci: 3Hz do 10Hz<\/strong><\/li>\n<\/ul>\n<p style=\"padding-left: 40px;\">Czujnik dzia\u0142a w zakresie cz\u0119stotliwo\u015bci od 3 Hz do 10 Hz, co czyni go idealnym do zastosowa\u0144 pomiarowych w czasie rzeczywistym. Dzi\u0119ki temu zakresowi czujnik odleg\u0142o\u015bci jest w stanie obs\u0142ugiwa\u0107 dynamiczne systemy i szybko poruszaj\u0105ce si\u0119 obiekty, dostarczaj\u0105c ci\u0105g\u0142ych i dok\u0142adnych danych do \u015bledzenia obiekt\u00f3w, pozycjonowania i mapowania odleg\u0142o\u015bci.<\/p>\n<h3>Dlaczego warto wybra\u0107 nasze czujniki do pomiaru odleg\u0142o\u015bci?<\/h3>\n<ul>\n<li><strong>Trwa\u0142a i niezawodna konstrukcja<\/strong>: Obudowa ze stopu aluminium i stopie\u0144 ochrony IP zapewniaj\u0105, \u017ce czujniki te mog\u0105 wytrzyma\u0107 ekstremalne warunki, w tym wilgo\u0107, kurz i uderzenia fizyczne. Dzi\u0119ki temu nadaj\u0105 si\u0119 do u\u017cytku na zewn\u0105trz i w przemy\u015ble.<\/li>\n<li><strong>Najwy\u017csza dok\u0142adno\u015b\u0107<\/strong>: Z <strong>\u00b1<\/strong>Dzi\u0119ki dok\u0142adno\u015bci (3 mm + D \u00d7 (1\/10000)) czujniki te zapewniaj\u0105 precyzyjne pomiary, gwarantuj\u0105c wiarygodne dane w zastosowaniach wymagaj\u0105cych wysokiej precyzji, takich jak robotyka, automatyka i geodezja.<\/li>\n<li><strong>Elastyczne opcje integracji<\/strong>: Interfejsy TTL, RS485 i RS232 zapewniaj\u0105 elastyczno\u015b\u0107 w integracji czujnik\u00f3w z r\u00f3\u017cnymi systemami, od mikrokontroler\u00f3w po platformy automatyki przemys\u0142owej.<\/li>\n<li><strong>Konfigurowalne rozwi\u0105zania<\/strong>: Jako producent \u015bwiadczymy us\u0142ugi OEM i ODM, aby dostosowa\u0107 parametry czujnika do konkretnych potrzeb, niezale\u017cnie od tego, czy wymagany jest inny zakres pomiarowy, protok\u00f3\u0142 komunikacyjny czy inne regulacje.<\/li>\n<li><strong>Op\u0142acalne ceny<\/strong>: Kupuj\u0105c bezpo\u015brednio z fabryki, mo\u017cna cieszy\u0107 si\u0119 konkurencyjnymi cenami bez po\u015bwi\u0119cania jako\u015bci, dzi\u0119ki czemu nasze czujniki s\u0105 przyst\u0119pnym cenowo rozwi\u0105zaniem zar\u00f3wno dla ma\u0142ych, jak i du\u017cych projekt\u00f3w.<\/li>\n<\/ul>\n<h3>Zastosowania naszych czujnik\u00f3w do pomiaru odleg\u0142o\u015bci<\/h3>\n<p>Nasze czujniki do pomiaru odleg\u0142o\u015bci s\u0105 wszechstronne i idealne dla r\u00f3\u017cnych bran\u017c, w tym<\/p>\n<ul>\n<li><strong>Automatyka przemys\u0142owa<\/strong>: Do dok\u0142adnego wykrywania obiekt\u00f3w, monitorowania pozycji i automatyzacji produkcji, linii monta\u017cowych i system\u00f3w magazynowych.<\/li>\n<li><strong>Robotyka i pojazdy autonomiczne<\/strong>: Niezb\u0119dny do nawigacji w czasie rzeczywistym, unikania przeszk\u00f3d i pomiaru odleg\u0142o\u015bci w systemach robotycznych i pojazdach autonomicznych.<\/li>\n<li><strong>Geodezja i mapowanie<\/strong>: Idealny do pomiar\u00f3w grunt\u00f3w, pomiar\u00f3w budowlanych i map topograficznych, gdzie precyzja ma kluczowe znaczenie.<\/li>\n<li><a href=\"https:\/\/meskernel.net\/pl\/aplikacja\/monitorowanie-srodowiska\/\"><strong>Monitorowanie \u015brodowiska<\/strong><\/a>: Nadaje si\u0119 do zastosowa\u0144 zewn\u0119trznych, takich jak mapowanie terenu, monitorowanie rolnictwa i gromadzenie danych \u015brodowiskowych.<\/li>\n<li><strong>Obs\u0142uga materia\u0142\u00f3w i logistyka<\/strong>: Idealny do \u015bledzenia obiekt\u00f3w w czasie rzeczywistym, zarz\u0105dzania zapasami i pozycjonowania w systemach logistycznych i magazynowych.<\/li>\n<\/ul>\n<h3>Dlaczego nasi klienci ufaj\u0105 naszym czujnikom do pomiaru odleg\u0142o\u015bci?<\/h3>\n<ul>\n<li><strong>Wysoka wytrzyma\u0142o\u015b\u0107<\/strong>: Po\u0142\u0105czenie obudowy ze stopu aluminium i stopnia ochrony IP zapewnia, \u017ce czujnik mo\u017ce wytrzyma\u0107 trudne warunki, oferuj\u0105c niezawodne dzia\u0142anie rok po roku.<\/li>\n<li><strong>Dok\u0142adno\u015b\u0107, na kt\u00f3rej mo\u017cna polega\u0107<\/strong>: Nasze czujniki odleg\u0142o\u015bci gwarantuj\u0105 precyzyjne pomiary, dostarczaj\u0105c dok\u0142adnych danych, kt\u00f3re spe\u0142niaj\u0105 najwy\u017csze standardy w zastosowaniach przemys\u0142owych i naukowych.<\/li>\n<li><strong>\u0141atwa integracja<\/strong>: Dzi\u0119ki wielu interfejsom komunikacyjnym, takim jak TTL, RS485 i RS232, nasze czujniki bez trudu integruj\u0105 si\u0119 z istniej\u0105cymi systemami, skracaj\u0105c czas i z\u0142o\u017cono\u015b\u0107 instalacji.<\/li>\n<li><strong>Dostosowane do Twoich potrzeb<\/strong>: Oferujemy us\u0142ugi OEM i ODM, aby dostosowa\u0107 czujniki w oparciu o konkretne potrzeby aplikacji, zapewniaj\u0105c, \u017ce czujnik spe\u0142ni dok\u0142adnie Twoje wymagania.<\/li>\n<li><strong>Ceny fabryczne<\/strong>: Jako producent oferujemy konkurencyjne ceny, pomagaj\u0105c zaoszcz\u0119dzi\u0107 koszty przy jednoczesnym uzyskaniu wysokiej jako\u015bci czujnik\u00f3w do swoich projekt\u00f3w.<\/li>\n<\/ul>\n<p><img fetchpriority=\"high\" decoding=\"async\" class=\"wp-image-3215 size-full\" title=\"Czujniki do pomiaru odleg\u0142o\u015bci\" src=\"https:\/\/meskernel.net\/wp-content\/uploads\/2024\/11\/USB-Laser-Sensor-2.jpg\" alt=\"Czujniki do pomiaru odleg\u0142o\u015bci\" width=\"1400\" height=\"300\" srcset=\"https:\/\/meskernel.net\/wp-content\/uploads\/2024\/11\/USB-Laser-Sensor-2.jpg 1400w, https:\/\/meskernel.net\/wp-content\/uploads\/2024\/11\/USB-Laser-Sensor-2-300x64.jpg 300w, https:\/\/meskernel.net\/wp-content\/uploads\/2024\/11\/USB-Laser-Sensor-2-1024x219.jpg 1024w, https:\/\/meskernel.net\/wp-content\/uploads\/2024\/11\/USB-Laser-Sensor-2-768x165.jpg 768w, https:\/\/meskernel.net\/wp-content\/uploads\/2024\/11\/USB-Laser-Sensor-2-400x86.jpg 400w\" sizes=\"(max-width: 1400px) 100vw, 1400px\" \/><\/p>\n<p>Nasze laserowe czujniki odleg\u0142o\u015bci zapewniaj\u0105 idealne po\u0142\u0105czenie trwa\u0142o\u015bci, precyzji i elastyczno\u015bci w szerokim zakresie zastosowa\u0144. Niezale\u017cnie od tego, czy potrzebujesz czujnik\u00f3w do automatyki przemys\u0142owej, robotyki czy geodezji, nasze produkty zapewniaj\u0105 niezawodne dzia\u0142anie nawet w najtrudniejszych warunkach. Dzi\u0119ki dost\u0119pnym us\u0142ugom dostosowywania OEM i ODM mo\u017cemy dostosowa\u0107 czujnik do konkretnych wymaga\u0144. Skontaktuj si\u0119 z nami ju\u017c dzi\u015b, aby dowiedzie\u0107 si\u0119, w jaki spos\u00f3b nasze czujniki do pomiaru odleg\u0142o\u015bci mog\u0105 pom\u00f3c usprawni\u0107 Twoje operacje dzi\u0119ki dok\u0142adno\u015bci, trwa\u0142o\u015bci i op\u0142acalno\u015bci.<\/p>","protected":false},"excerpt":{"rendered":"<p>Odkryj precyzyjne czujniki do pomiaru odleg\u0142o\u015bci przeznaczone do zastosowa\u0144 przemys\u0142owych, robotyki i zastosowa\u0144 zewn\u0119trznych. Oferuj\u0105c dok\u0142adne pomiary (\u00b13 mm + D \u00d7 1\/10000), wytrzyma\u0142\u0105 obudow\u0119 ochronn\u0105 o stopniu ochrony IP i elastyczne interfejsy TTL\/RS485\/RS232, czujniki te doskonale sprawdzaj\u0105 si\u0119 w trudnych warunkach. Dzi\u0119ki dost\u0119pnym opcjom personalizacji OEM i ODM mo\u017cna dostosowa\u0107 czujnik do w\u0142asnych potrzeb. Skorzystaj z bezpo\u015brednich cen fabrycznych i niezawodnej wydajno\u015bci w automatyce, geodezji i nie tylko.<\/p>","protected":false},"featured_media":2825,"template":"","meta":{"site-sidebar-layout":"default","site-content-layout":"","ast-site-content-layout":"default","site-content-style":"default","site-sidebar-style":"default","ast-global-header-display":"","ast-banner-title-visibility":"","ast-main-header-display":"","ast-hfb-above-header-display":"","ast-hfb-below-header-display":"","ast-hfb-mobile-header-display":"","site-post-title":"","ast-breadcrumbs-content":"","ast-featured-img":"","footer-sml-layout":"","ast-disable-related-posts":"","theme-transparent-header-meta":"default","adv-header-id-meta":"","stick-header-meta":"","header-above-stick-meta":"","header-main-stick-meta":"","header-below-stick-meta":"","astra-migrate-meta-layouts":"set","ast-page-background-enabled":"default","ast-page-background-meta":{"desktop":{"background-color":"var(--ast-global-color-4)","background-image":"","background-repeat":"repeat","background-position":"center center","background-size":"auto","background-attachment":"scroll","background-type":"","background-media":"","overlay-type":"","overlay-color":"","overlay-opacity":"","overlay-gradient":""},"tablet":{"background-color":"","background-image":"","background-repeat":"repeat","background-position":"center center","background-size":"auto","background-attachment":"scroll","background-type":"","background-media":"","overlay-type":"","overlay-color":"","overlay-opacity":"","overlay-gradient":""},"mobile":{"background-color":"","background-image":"","background-repeat":"repeat","background-position":"center center","background-size":"auto","background-attachment":"scroll","background-type":"","background-media":"","overlay-type":"","overlay-color":"","overlay-opacity":"","overlay-gradient":""}},"ast-content-background-meta":{"desktop":{"background-color":"var(--ast-global-color-5)","background-image":"","background-repeat":"repeat","background-position":"center center","background-size":"auto","background-attachment":"scroll","background-type":"","background-media":"","overlay-type":"","overlay-color":"","overlay-opacity":"","overlay-gradient":""},"tablet":{"background-color":"var(--ast-global-color-5)","background-image":"","background-repeat":"repeat","background-position":"center center","background-size":"auto","background-attachment":"scroll","background-type":"","background-media":"","overlay-type":"","overlay-color":"","overlay-opacity":"","overlay-gradient":""},"mobile":{"background-color":"var(--ast-global-color-5)","background-image":"","background-repeat":"repeat","background-position":"center center","background-size":"auto","background-attachment":"scroll","background-type":"","background-media":"","overlay-type":"","overlay-color":"","overlay-opacity":"","overlay-gradient":""}}},"product_brand":[60],"product_cat":[33],"product_tag":[],"class_list":{"0":"post-2824","1":"product","2":"type-product","3":"status-publish","4":"has-post-thumbnail","6":"product_brand-meskernel","7":"product_cat-industrial-laser-distance-sensors","8":"desktop-align-center","9":"tablet-align-left","10":"mobile-align-left","12":"first","13":"instock","14":"shipping-taxable","15":"product-type-simple"},"_links":{"self":[{"href":"https:\/\/meskernel.net\/pl\/wp-json\/wp\/v2\/product\/2824","targetHints":{"allow":["GET"]}}],"collection":[{"href":"https:\/\/meskernel.net\/pl\/wp-json\/wp\/v2\/product"}],"about":[{"href":"https:\/\/meskernel.net\/pl\/wp-json\/wp\/v2\/types\/product"}],"version-history":[{"count":0,"href":"https:\/\/meskernel.net\/pl\/wp-json\/wp\/v2\/product\/2824\/revisions"}],"wp:featuredmedia":[{"embeddable":true,"href":"https:\/\/meskernel.net\/pl\/wp-json\/wp\/v2\/media\/2825"}],"wp:attachment":[{"href":"https:\/\/meskernel.net\/pl\/wp-json\/wp\/v2\/media?parent=2824"}],"wp:term":[{"taxonomy":"product_brand","embeddable":true,"href":"https:\/\/meskernel.net\/pl\/wp-json\/wp\/v2\/product_brand?post=2824"},{"taxonomy":"product_cat","embeddable":true,"href":"https:\/\/meskernel.net\/pl\/wp-json\/wp\/v2\/product_cat?post=2824"},{"taxonomy":"product_tag","embeddable":true,"href":"https:\/\/meskernel.net\/pl\/wp-json\/wp\/v2\/product_tag?post=2824"}],"curies":[{"name":"wp","href":"https:\/\/api.w.org\/{rel}","templated":true}]}}