{"id":2829,"date":"2024-11-28T16:38:31","date_gmt":"2024-11-28T08:38:31","guid":{"rendered":"https:\/\/meskernel.net\/?post_type=product&#038;p=2829"},"modified":"2025-07-03T13:42:49","modified_gmt":"2025-07-03T05:42:49","slug":"czujnik-odleglosci-itof","status":"publish","type":"product","link":"https:\/\/meskernel.net\/pl\/product\/itof-distance-sensor\/","title":{"rendered":"Czujnik odleg\u0142o\u015bci ITOF 20m: Zwi\u0119kszenie precyzji i wydajno\u015bci dla Przemys\u0142u 4.0"},"content":{"rendered":"<h3>Czujniki odleg\u0142o\u015bci ITOF: Idealne rozwi\u0105zanie do precyzyjnych zastosowa\u0144 przemys\u0142owych<\/h3>\n<p>W dzisiejszym szybko zmieniaj\u0105cym si\u0119 krajobrazie przemys\u0142owym, w kt\u00f3rym automatyzacja, robotyka i Internet rzeczy (IoT) przekszta\u0142caj\u0105 operacje, precyzyjny i niezawodny pomiar odleg\u0142o\u015bci jest wa\u017cniejszy ni\u017c kiedykolwiek. Czujniki odleg\u0142o\u015bci ITOF (Indirect Time-of-Flight) oferuj\u0105 idealne rozwi\u0105zanie, \u0142\u0105cz\u0105c dok\u0142adno\u015b\u0107, szybko\u015b\u0107 i trwa\u0142o\u015b\u0107, aby sprosta\u0107 wymaganiom nowoczesnych bran\u017c. Niezale\u017cnie od tego, czy zajmujesz si\u0119 robotyk\u0105, logistyk\u0105, inteligentn\u0105 produkcj\u0105 czy zastosowaniami zewn\u0119trznymi, czujniki te p\u0142ynnie integruj\u0105 si\u0119 z operacjami, dostarczaj\u0105c sp\u00f3jne dane w czasie rzeczywistym - nawet w trudnych warunkach.<\/p>\n<p>W miar\u0119 jak bran\u017ce coraz cz\u0119\u015bciej stosuj\u0105 automatyzacj\u0119, technologie oparte na sztucznej inteligencji i IoT, czujniki odleg\u0142o\u015bci ITOF sta\u0142y si\u0119 niezb\u0119dnymi narz\u0119dziami do optymalizacji wydajno\u015bci, poprawy bezpiecze\u0144stwa i umo\u017cliwienia inteligentniejszych operacji. Przyjrzyjmy si\u0119 bli\u017cej kluczowym funkcjom, rzeczywistym zastosowaniom i temu, jak czujniki odleg\u0142o\u015bci ITOF zmieniaj\u0105 sektor przemys\u0142owy.<\/p>\n<h3>Kluczowe cechy czujnik\u00f3w odleg\u0142o\u015bci ITOF<\/h3>\n<ol>\n<li><strong>Wysoka dok\u0142adno\u015b\u0107 i szeroki zakres pomiarowy<\/strong> Czujniki odleg\u0142o\u015bci ITOF oferuj\u0105 imponuj\u0105c\u0105 dok\u0142adno\u015b\u0107 w szerokim zakresie pomiarowym, od zaledwie 0,03 metra do ponad 40 metr\u00f3w. Czujniki te osi\u0105gaj\u0105 wysok\u0105 precyzj\u0119, cz\u0119sto <em>\u00b1(3mm + D(1\/10000))<\/em>zapewniaj\u0105c, \u017ce nawet najmniejsze odchylenia s\u0105 wykrywane i uwzgl\u0119dniane. W bran\u017cach, w kt\u00f3rych nawet niewielki b\u0142\u0105d mo\u017ce powodowa\u0107 nieefektywno\u015b\u0107 lub zagro\u017cenie bezpiecze\u0144stwa, taka precyzja jest niezb\u0119dna. Niezale\u017cnie od tego, czy s\u0105 u\u017cywane do nawigacji zrobotyzowanej, zautomatyzowanej obs\u0142ugi materia\u0142\u00f3w czy skanowania 3D, czujniki ITOF zapewniaj\u0105 niezawodno\u015b\u0107 niezb\u0119dn\u0105 do dok\u0142adnego dzia\u0142ania. Dzi\u0119ki mo\u017cliwo\u015bci zapewnienia sta\u0142ej dok\u0142adno\u015bci na r\u00f3\u017cnych odleg\u0142o\u015bciach, czujniki te doskonale nadaj\u0105 si\u0119 do z\u0142o\u017conych system\u00f3w automatyki i platform po\u0142\u0105czonych z IoT, gdzie precyzyjne pomiary s\u0105 kluczem do utrzymania optymalnych operacji.<\/li>\n<li><strong>Szybkie zbieranie danych w czasie rzeczywistym (3-20 Hz)<\/strong> Jedn\u0105 z wyr\u00f3\u017cniaj\u0105cych si\u0119 cech czujnik\u00f3w odleg\u0142o\u015bci ITOF jest ich wysoka szybko\u015b\u0107 zbierania danych, kt\u00f3ra zazwyczaj wynosi od 3 do 20 Hz. Tak szybkie gromadzenie danych pozwala na uzyskiwanie informacji zwrotnych w czasie rzeczywistym, dzi\u0119ki czemu czujniki te idealnie nadaj\u0105 si\u0119 do zastosowa\u0144 w zrobotyzowanej automatyzacji proces\u00f3w (RPA), zarz\u0105dzaniu zapasami, kontroli jako\u015bci i zautomatyzowanych systemach kontroli. Zdolno\u015b\u0107 do szybkiego gromadzenia danych wspomaga szybsze podejmowanie decyzji, zwi\u0119kszaj\u0105c wydajno\u015b\u0107 i optymalizuj\u0105c przep\u0142ywy pracy. Poniewa\u017c bran\u017ce w coraz wi\u0119kszym stopniu polegaj\u0105 na danych w czasie rzeczywistym w celu nap\u0119dzania proces\u00f3w opartych na sztucznej inteligencji i inteligentnej produkcji, czujniki ITOF odgrywaj\u0105 kluczow\u0105 rol\u0119 w dostarczaniu szybkich, wysokiej jako\u015bci informacji wymaganych do p\u0142ynnego dzia\u0142ania system\u00f3w i dostosowywania si\u0119 do dynamicznych warunk\u00f3w.<\/li>\n<li><strong>Trwa\u0142a, wytrzyma\u0142a konstrukcja do pracy w trudnych warunkach<\/strong> \u015arodowiska przemys\u0142owe mog\u0105 by\u0107 trudne dla sprz\u0119tu. Czujniki odleg\u0142o\u015bci ITOF s\u0105 zbudowane z wytrzyma\u0142ych, trwa\u0142ych materia\u0142\u00f3w, takich jak stop aluminium, aby wytrzyma\u0107 wstrz\u0105sy, wibracje i ekstremalne temperatury. Niezale\u017cnie od tego, czy s\u0105 stosowane na placach budowy, w magazynach, czy w innych wymagaj\u0105cych warunkach zewn\u0119trznych, czujniki te nadal dzia\u0142aj\u0105 niezawodnie pod obci\u0105\u017ceniem fizycznym. W bran\u017cach zajmuj\u0105cych si\u0119 ci\u0105g\u0142ym nara\u017ceniem na trudne warunki - takich jak budownictwo, logistyka i operacje na zewn\u0105trz - czujniki ITOF oferuj\u0105 solidno\u015b\u0107 i trwa\u0142o\u015b\u0107 niezb\u0119dn\u0105 do nieprzerwanego gromadzenia danych o wysokiej wydajno\u015bci.<\/li>\n<li><strong>Stopie\u0144 ochrony IP zapewniaj\u0105cy odporno\u015b\u0107 na kurz i wod\u0119<\/strong> Czujniki odleg\u0142o\u015bci ITOF posiadaj\u0105 wysoki stopie\u0144 ochrony IP przed py\u0142em i wod\u0105, zgodnie z norm\u0105 IEC 60529. Dzi\u0119ki temu doskonale nadaj\u0105 si\u0119 do \u015brodowisk, w kt\u00f3rych wilgo\u0107, kurz lub zanieczyszczenia s\u0105 powszechne, takich jak rolnictwo, g\u00f3rnictwo i budownictwo. Niezale\u017cnie od tego, czy pracuj\u0105 na zalanych deszczem polach, czy w zakurzonych halach fabrycznych, czujniki te nadal dzia\u0142aj\u0105 niezawodnie, zapewniaj\u0105c, \u017ce krytyczne pomiary nie s\u0105 zak\u0142\u00f3cane przez czynniki \u015brodowiskowe. Dla bran\u017c wymagaj\u0105cych sprz\u0119tu, kt\u00f3ry mo\u017ce dzia\u0142a\u0107 niezawodnie w trudnych warunkach zewn\u0119trznych, czujniki ITOF zapewniaj\u0105 ochron\u0119 i trwa\u0142o\u015b\u0107 niezb\u0119dn\u0105 do zapewnienia ci\u0105g\u0142ej wydajno\u015bci.<\/li>\n<li><strong>Elastyczne interfejsy komunikacyjne u\u0142atwiaj\u0105ce integracj\u0119<\/strong> Czujniki odleg\u0142o\u015bci ITOF obs\u0142uguj\u0105 szeroki zakres interfejs\u00f3w komunikacyjnych, w tym TTL, RS485 i RS232. Ta elastyczno\u015b\u0107 zapewnia p\u0142ynn\u0105 integracj\u0119 z istniej\u0105cymi systemami, niezale\u017cnie od tego, czy s\u0105 to aplikacje zrobotyzowane, zautomatyzowane linie produkcyjne, czy platformy z obs\u0142ug\u0105 IoT. Dzi\u0119ki mo\u017cliwo\u015bci \u0142atwego \u0142\u0105czenia si\u0119 z r\u00f3\u017cnymi urz\u0105dzeniami i sieciami, czujniki te zapewniaj\u0105 p\u0142ynny przep\u0142yw danych, poprawiaj\u0105c wydajno\u015b\u0107 systemu i zmniejszaj\u0105c z\u0142o\u017cono\u015b\u0107 integracji. W coraz bardziej po\u0142\u0105czonym \u015bwiecie niezb\u0119dna jest mo\u017cliwo\u015b\u0107 integracji czujnik\u00f3w z r\u00f3\u017cnymi systemami. Czujniki ITOF zapewniaj\u0105 wszechstronno\u015b\u0107 niezb\u0119dn\u0105 do obs\u0142ugi szerokiej gamy zastosowa\u0144 przemys\u0142owych, od zautomatyzowanej produkcji po sieci teledetekcji.<\/li>\n<\/ol>\n<div class=\"ast-oembed-container\" style=\"height: 100%;\"><iframe title=\"Chengdu Meskernel Integrated Technology Co , Ltd\" width=\"500\" height=\"281\" src=\"https:\/\/www.youtube.com\/embed\/l3-XWIFqqic?feature=oembed\" frameborder=\"0\" allow=\"accelerometer; autoplay; clipboard-write; encrypted-media; gyroscope; picture-in-picture; web-share\" referrerpolicy=\"strict-origin-when-cross-origin\" allowfullscreen><\/iframe><\/div>\n<h3>Dlaczego warto wybra\u0107 czujniki odleg\u0142o\u015bci ITOF?<\/h3>\n<ol>\n<li><strong>Umo\u017cliwienie inteligentniejszej automatyzacji i integracji AI<\/strong> Rozw\u00f3j inteligentnych fabryk i automatyzacji opartej na sztucznej inteligencji sprawi\u0142, \u017ce dok\u0142adne dane w czasie rzeczywistym sta\u0142y si\u0119 niezb\u0119dne do skutecznego podejmowania decyzji. Czujniki odleg\u0142o\u015bci ITOF s\u0105 kluczowymi czynnikami umo\u017cliwiaj\u0105cymi integracj\u0119 AI, zapewniaj\u0105c wiarygodne pomiary wymagane do zasilania algorytm\u00f3w uczenia maszynowego, narz\u0119dzi konserwacji predykcyjnej i system\u00f3w AI. Oferuj\u0105c precyzyjne dane w czasie rzeczywistym, czujniki te pomagaj\u0105 skr\u00f3ci\u0107 przestoje, poprawi\u0107 wydajno\u015b\u0107 i wspiera\u0107 inteligentniejsz\u0105 automatyzacj\u0119. Poniewa\u017c bran\u017ce wykorzystuj\u0105 sztuczn\u0105 inteligencj\u0119 i uczenie maszynowe w celu optymalizacji przep\u0142yw\u00f3w pracy, czujniki odleg\u0142o\u015bci ITOF zapewniaj\u0105 dok\u0142adno\u015b\u0107 i szybko\u015b\u0107 potrzebn\u0105 do usprawnienia operacji i nap\u0119dzania innowacji.<\/li>\n<li><strong>Optymalizacja robotyki i system\u00f3w IoT<\/strong> Robotyka i technologie IoT przekszta\u0142caj\u0105 bran\u017ce takie jak logistyka, produkcja i rolnictwo, tworz\u0105c coraz wi\u0119ksze zapotrzebowanie na niezawodne, wydajne czujniki. Czujniki odleg\u0142o\u015bci ITOF s\u0105 idealne do zastosowa\u0144 takich jak zrobotyzowana nawigacja, wykrywanie obiekt\u00f3w i dynamiczne zarz\u0105dzanie zadaniami. Ich wysoka precyzja i kr\u00f3tki czas reakcji sprawiaj\u0105, \u017ce roboty mog\u0105 wykonywa\u0107 z\u0142o\u017cone zadania dok\u0142adnie i wydajnie, a ich kompatybilno\u015b\u0107 z systemami IoT u\u0142atwia integracj\u0119 z sieciami opartymi na chmurze w celu zdalnego monitorowania, analizy danych i ci\u0105g\u0142ej optymalizacji systemu. To sprawia, \u017ce czujniki ITOF s\u0105 niezb\u0119dnym elementem w rozwijaj\u0105cym si\u0119 \u015bwiecie inteligentnych, po\u0142\u0105czonych urz\u0105dze\u0144.<\/li>\n<li><strong>Zapewnienie bezpiecze\u0144stwa i precyzji w krytycznych zastosowaniach<\/strong> W bran\u017cach, w kt\u00f3rych bezpiecze\u0144stwo jest najwy\u017cszym priorytetem - takich jak pojazdy autonomiczne, robotyka i budownictwo - ka\u017cdy b\u0142\u0105d w pomiarze odleg\u0142o\u015bci mo\u017ce mie\u0107 powa\u017cne konsekwencje. Czujniki odleg\u0142o\u015bci ITOF zapewniaj\u0105 precyzj\u0119 i niezawodno\u015b\u0107 niezb\u0119dn\u0105 do zapewnienia bezpiecznego dzia\u0142ania tych system\u00f3w, zmniejszaj\u0105c ryzyko wypadk\u00f3w i kosztownych b\u0142\u0119d\u00f3w. W zastosowaniach, w kt\u00f3rych zar\u00f3wno bezpiecze\u0144stwo, jak i precyzja maj\u0105 krytyczne znaczenie, czujniki odleg\u0142o\u015bci ITOF daj\u0105 pewno\u015b\u0107, \u017ce systemy b\u0119d\u0105 dzia\u0142a\u0107 zgodnie z przeznaczeniem, zwi\u0119kszaj\u0105c bezpiecze\u0144stwo i produktywno\u015b\u0107 w wielu bran\u017cach.<\/li>\n<\/ol>\n<h3>Praktyczne zastosowania czujnik\u00f3w odleg\u0142o\u015bci ITOF<\/h3>\n<p>Czujniki odleg\u0142o\u015bci ITOF s\u0105 wszechstronne i mog\u0105 by\u0107 wykorzystywane w szerokiej gamie zastosowa\u0144 przemys\u0142owych, w tym:<\/p>\n<ul>\n<li><strong>Robotyka i automatyka:<\/strong> Czujniki ITOF s\u0105 idealne do nawigacji robot\u00f3w, unikania kolizji i wykrywania obiekt\u00f3w, zar\u00f3wno w pomieszczeniach, jak i na zewn\u0105trz. Dzi\u0119ki szybkiemu gromadzeniu danych i precyzji s\u0105 one integraln\u0105 cz\u0119\u015bci\u0105 system\u00f3w robotycznych opartych na sztucznej inteligencji.<\/li>\n<li><strong>Inteligentna produkcja:<\/strong> W zautomatyzowanych liniach produkcyjnych czujniki ITOF usprawniaj\u0105 monitorowanie w czasie rzeczywistym, kontrol\u0119 jako\u015bci i optymalizacj\u0119 systemu. Po zintegrowaniu z systemami wizyjnymi, czujniki te pomagaj\u0105 producentom poprawi\u0107 dok\u0142adno\u015b\u0107 procesu i skr\u00f3ci\u0107 czas przestoj\u00f3w.<\/li>\n<li><strong><a href=\"https:\/\/meskernel.net\/pl\/aplikacja\/logistics-warehousing\/\">Logistyka i magazynowanie<\/a>:<\/strong> Czujniki odleg\u0142o\u015bci ITOF s\u0105 kluczem do automatyzacji \u015bledzenia zapas\u00f3w, sortowania i obs\u0142ugi materia\u0142\u00f3w w magazynach. Pomagaj\u0105 zoptymalizowa\u0107 operacje magazynowe i usprawni\u0107 zarz\u0105dzanie \u0142a\u0144cuchem dostaw, zapewniaj\u0105c szybkie i niezawodne pomiary.<\/li>\n<li><strong>Budownictwo i geodezja:<\/strong> W zastosowaniach takich jak mapowanie terenu, pomiar odleg\u0142o\u015bci i monitorowanie bezpiecze\u0144stwa, czujniki ITOF zapewniaj\u0105 dok\u0142adne, wiarygodne dane nawet w najtrudniejszych warunkach.<\/li>\n<li><strong>Monitoring zewn\u0119trzny i \u015brodowiskowy:<\/strong> Czujniki ITOF doskonale sprawdzaj\u0105 si\u0119 w rolnictwie, stacjach pogodowych i badaniach \u015brodowiskowych, zapewniaj\u0105c solidne, niezawodne dzia\u0142anie nawet w trudnych warunkach zewn\u0119trznych.<\/li>\n<\/ul>\n<h3>Precyzyjne pomiary przysz\u0142o\u015bci<\/h3>\n<p>Czujniki odleg\u0142o\u015bci ITOF oferuj\u0105 bran\u017com precyzj\u0119, szybko\u015b\u0107 i trwa\u0142o\u015b\u0107 niezb\u0119dne do utrzymania konkurencyjno\u015bci w dzisiejszym szybko zmieniaj\u0105cym si\u0119 krajobrazie przemys\u0142owym. Dzi\u0119ki wysokiej dok\u0142adno\u015bci, szybkiemu gromadzeniu danych i solidnej niezawodno\u015bci czujniki te s\u0105 nieocenione w zastosowaniach od robotyki i inteligentnej produkcji po monitorowanie \u015brodowiska.<\/p>\n<p>W\u0142\u0105czaj\u0105c czujniki odleg\u0142o\u015bci ITOF do swoich operacji, mo\u017cesz zapewni\u0107, \u017ce Twoje systemy zapewniaj\u0105 wydajno\u015b\u0107, efektywno\u015b\u0107 i niezawodno\u015b\u0107 niezb\u0119dne do odniesienia sukcesu we wsp\u00f3\u0142czesnym \u015bwiecie przemys\u0142owym. Dzi\u0119ki swojej zdolno\u015bci do radzenia sobie z wyzwaniami bran\u017c jutra, czujniki odleg\u0142o\u015bci ITOF s\u0105 przysz\u0142o\u015bciowym rozwi\u0105zaniem dla firm, kt\u00f3re chc\u0105 pozosta\u0107 na czele w coraz bardziej zautomatyzowanym, po\u0142\u0105czonym \u015bwiecie.<\/p>","protected":false},"excerpt":{"rendered":"<p>Czujnik odleg\u0142o\u015bci ITOF oferuje wysok\u0105 precyzj\u0119, szybk\u0105 reakcj\u0119 i trwa\u0142o\u015b\u0107, dzi\u0119ki czemu idealnie nadaje si\u0119 do zastosowa\u0144 przemys\u0142owych w automatyce, robotyce, logistyce i inteligentnej produkcji. Dzi\u0119ki szerokiemu zakresowi pomiarowemu, gromadzeniu danych w czasie rzeczywistym i wytrzyma\u0142ej konstrukcji, czujnik ten zapewnia niezawodne dzia\u0142anie w trudnych warunkach, pomagaj\u0105c firmom optymalizowa\u0107 procesy, poprawia\u0107 wydajno\u015b\u0107 i zapewnia\u0107 bezpiecze\u0144stwo.<\/p>","protected":false},"featured_media":2833,"template":"","meta":{"site-sidebar-layout":"default","site-content-layout":"","ast-site-content-layout":"default","site-content-style":"default","site-sidebar-style":"default","ast-global-header-display":"","ast-banner-title-visibility":"","ast-main-header-display":"","ast-hfb-above-header-display":"","ast-hfb-below-header-display":"","ast-hfb-mobile-header-display":"","site-post-title":"","ast-breadcrumbs-content":"","ast-featured-img":"","footer-sml-layout":"","ast-disable-related-posts":"","theme-transparent-header-meta":"default","adv-header-id-meta":"","stick-header-meta":"","header-above-stick-meta":"","header-main-stick-meta":"","header-below-stick-meta":"","astra-migrate-meta-layouts":"set","ast-page-background-enabled":"default","ast-page-background-meta":{"desktop":{"background-color":"var(--ast-global-color-4)","background-image":"","background-repeat":"repeat","background-position":"center center","background-size":"auto","background-attachment":"scroll","background-type":"","background-media":"","overlay-type":"","overlay-color":"","overlay-opacity":"","overlay-gradient":""},"tablet":{"background-color":"","background-image":"","background-repeat":"repeat","background-position":"center center","background-size":"auto","background-attachment":"scroll","background-type":"","background-media":"","overlay-type":"","overlay-color":"","overlay-opacity":"","overlay-gradient":""},"mobile":{"background-color":"","background-image":"","background-repeat":"repeat","background-position":"center center","background-size":"auto","background-attachment":"scroll","background-type":"","background-media":"","overlay-type":"","overlay-color":"","overlay-opacity":"","overlay-gradient":""}},"ast-content-background-meta":{"desktop":{"background-color":"var(--ast-global-color-5)","background-image":"","background-repeat":"repeat","background-position":"center center","background-size":"auto","background-attachment":"scroll","background-type":"","background-media":"","overlay-type":"","overlay-color":"","overlay-opacity":"","overlay-gradient":""},"tablet":{"background-color":"var(--ast-global-color-5)","background-image":"","background-repeat":"repeat","background-position":"center center","background-size":"auto","background-attachment":"scroll","background-type":"","background-media":"","overlay-type":"","overlay-color":"","overlay-opacity":"","overlay-gradient":""},"mobile":{"background-color":"var(--ast-global-color-5)","background-image":"","background-repeat":"repeat","background-position":"center center","background-size":"auto","background-attachment":"scroll","background-type":"","background-media":"","overlay-type":"","overlay-color":"","overlay-opacity":"","overlay-gradient":""}}},"product_brand":[60],"product_cat":[33],"product_tag":[],"class_list":{"0":"post-2829","1":"product","2":"type-product","3":"status-publish","4":"has-post-thumbnail","6":"product_brand-meskernel","7":"product_cat-industrial-laser-distance-sensors","8":"desktop-align-center","9":"tablet-align-left","10":"mobile-align-left","12":"first","13":"instock","14":"shipping-taxable","15":"product-type-simple"},"_links":{"self":[{"href":"https:\/\/meskernel.net\/pl\/wp-json\/wp\/v2\/product\/2829","targetHints":{"allow":["GET"]}}],"collection":[{"href":"https:\/\/meskernel.net\/pl\/wp-json\/wp\/v2\/product"}],"about":[{"href":"https:\/\/meskernel.net\/pl\/wp-json\/wp\/v2\/types\/product"}],"version-history":[{"count":0,"href":"https:\/\/meskernel.net\/pl\/wp-json\/wp\/v2\/product\/2829\/revisions"}],"wp:featuredmedia":[{"embeddable":true,"href":"https:\/\/meskernel.net\/pl\/wp-json\/wp\/v2\/media\/2833"}],"wp:attachment":[{"href":"https:\/\/meskernel.net\/pl\/wp-json\/wp\/v2\/media?parent=2829"}],"wp:term":[{"taxonomy":"product_brand","embeddable":true,"href":"https:\/\/meskernel.net\/pl\/wp-json\/wp\/v2\/product_brand?post=2829"},{"taxonomy":"product_cat","embeddable":true,"href":"https:\/\/meskernel.net\/pl\/wp-json\/wp\/v2\/product_cat?post=2829"},{"taxonomy":"product_tag","embeddable":true,"href":"https:\/\/meskernel.net\/pl\/wp-json\/wp\/v2\/product_tag?post=2829"}],"curies":[{"name":"wp","href":"https:\/\/api.w.org\/{rel}","templated":true}]}}