{"id":3054,"date":"2024-12-10T14:33:39","date_gmt":"2024-12-10T06:33:39","guid":{"rendered":"https:\/\/meskernel.net\/?post_type=product&#038;p=3054"},"modified":"2025-12-29T11:02:32","modified_gmt":"2025-12-29T03:02:32","slug":"czujnik-zblizeniowy","status":"publish","type":"product","link":"https:\/\/meskernel.net\/pl\/product\/proximity-sensor\/","title":{"rendered":"Laserowy czujnik pomiaru zasi\u0119gu 2000 m TS1224 | Wodoodporny i wysokotemperaturowy czujnik OEM"},"content":{"rendered":"<p data-start=\"168\" data-end=\"259\"><strong data-start=\"168\" data-end=\"259\">Modu\u0142 laserowego czujnika pomiaru zasi\u0119gu TS1224: Rozwi\u0105zanie do precyzyjnych pomiar\u00f3w dalekiego zasi\u0119gu<\/strong><\/p>\n<p data-start=\"261\" data-end=\"898\">Modu\u0142 czujnika laserowego TS1224 zapewnia wydajne i precyzyjne rozwi\u0105zanie pomiarowe, \u0142\u0105cz\u0105c wysok\u0105 wydajno\u015b\u0107, niezawodno\u015b\u0107 i wszechstronno\u015b\u0107 w kompaktowej konstrukcji. Dzi\u0119ki zakresowi pomiarowemu od 5 metr\u00f3w do 2000 metr\u00f3w doskonale sprawdza si\u0119 w projektach wymagaj\u0105cych mo\u017cliwo\u015bci pomiaru na du\u017ce odleg\u0142o\u015bci. Pracuj\u0105c na cz\u0119stotliwo\u015bciach od 1 do 3 Hz, modu\u0142 ten jest odpowiedni dla r\u00f3\u017cnych bran\u017c, w tym budownictwa, geodezji, robotyki i bada\u0144 naukowych. Oparty na technologii lasera p\u00f3\u0142przewodnikowego 905nm, modu\u0142 posiada interfejs transmisji danych UART (protok\u00f3\u0142 TTL), co u\u0142atwia u\u017cytkownikom opracowywanie niestandardowych rozwi\u0105za\u0144.<\/p>\n<figure id=\"attachment_2986\" aria-describedby=\"caption-attachment-2986\" style=\"width: 1000px\" class=\"wp-caption aligncenter\"><img fetchpriority=\"high\" decoding=\"async\" class=\"wp-image-2986 size-full\" title=\"Laserowy modu\u0142 odleg\u0142o\u015bci UART TS1224 2000m\" src=\"https:\/\/meskernel.net\/wp-content\/uploads\/2024\/11\/UART-laser-distance-module-TS1224.jpg\" alt=\"Laserowy modu\u0142 odleg\u0142o\u015bci UART TS1224\" width=\"1000\" height=\"500\" srcset=\"https:\/\/meskernel.net\/wp-content\/uploads\/2024\/11\/UART-laser-distance-module-TS1224.jpg 1000w, https:\/\/meskernel.net\/wp-content\/uploads\/2024\/11\/UART-laser-distance-module-TS1224-300x150.jpg 300w, https:\/\/meskernel.net\/wp-content\/uploads\/2024\/11\/UART-laser-distance-module-TS1224-768x384.jpg 768w, https:\/\/meskernel.net\/wp-content\/uploads\/2024\/11\/UART-laser-distance-module-TS1224-400x200.jpg 400w\" sizes=\"(max-width: 1000px) 100vw, 1000px\" \/><figcaption id=\"caption-attachment-2986\" class=\"wp-caption-text\">Laserowy modu\u0142 odleg\u0142o\u015bci UART TS1224<\/figcaption><\/figure>\n<h3>Kluczowe cechy:<\/h3>\n<ul>\n<li data-start=\"919\" data-end=\"972\">Pomiary d\u0142ugoterminowe dla projekt\u00f3w na du\u017c\u0105 skal\u0119:<\/li>\n<\/ul>\n<p data-start=\"973\" data-end=\"1357\">\u00a0 \u00a0 \u00a0 \u00a0 \u00a0 \u00a0 Jedn\u0105 z kluczowych zalet TS1224 jest imponuj\u0105cy zasi\u0119g pomiarowy do 2000 metr\u00f3w. Dzi\u0119ki temu idealnie nadaje si\u0119 do zastosowa\u0144 na du\u017c\u0105 skal\u0119, takich jak pomiary grunt\u00f3w, projekty infrastrukturalne i monitorowanie \u015brodowiska. Niezale\u017cnie od tego, czy potrzebujesz mierzy\u0107 na rozleg\u0142ych obszarach, czy zbiera\u0107 dane z odleg\u0142ych lokalizacji, modu\u0142 ten gwarantuje niezawodne, wysokowydajne wyniki na du\u017cych odleg\u0142o\u015bciach.<\/p>\n<ul>\n<li data-start=\"1359\" data-end=\"1393\">Kompaktowa konstrukcja, oszcz\u0119dno\u015b\u0107 miejsca:<\/li>\n<\/ul>\n<p data-start=\"1394\" data-end=\"1771\">\u00a0 \u00a0 \u00a0 \u00a0 \u00a0 \u00a0 Pomimo swojej pot\u0119\u017cnej wydajno\u015bci, TS1224 ma ultra-kompaktow\u0105 obudow\u0119 (25,72\u00d724,60\u00d713,40 mm), dzi\u0119ki czemu jest mniejszy ni\u017c moneta. Ta kompaktowa konstrukcja jest idealna dla system\u00f3w wbudowanych i urz\u0105dze\u0144, w kt\u00f3rych przestrze\u0144 jest ograniczona. Modu\u0142 bezproblemowo integruje si\u0119 z robotyk\u0105, dronami lub przeno\u015bnymi urz\u0105dzeniami pomiarowymi, zapewniaj\u0105c wyj\u0105tkow\u0105 wydajno\u015b\u0107 bez zajmowania cennej przestrzeni.<\/p>\n<ul>\n<li data-start=\"1773\" data-end=\"1829\">Doskona\u0142y odbi\u00f3r sygna\u0142u dla wyra\u017aniejszych pomiar\u00f3w:<\/li>\n<\/ul>\n<p data-start=\"1830\" data-end=\"2206\">\u00a0 \u00a0 \u00a0 \u00a0 \u00a0 \u00a0 Wyposa\u017cony w szk\u0142o o wysokiej przepuszczalno\u015bci, TS1224 zapewnia doskona\u0142y odbi\u00f3r sygna\u0142u, zapewniaj\u0105c precyzyjne pomiary nawet na wi\u0119kszych odleg\u0142o\u015bciach. Ta cecha ma kluczowe znaczenie w \u015brodowiskach z potencjalnymi zak\u0142\u00f3ceniami sygna\u0142u lub przeszkodami, takimi jak warunki zewn\u0119trzne lub przemys\u0142owe. Mo\u017cesz liczy\u0107 na to, \u017ce modu\u0142 zapewni sp\u00f3jne, niezawodne pomiary w trudnych warunkach.<\/p>\n<ul>\n<li data-start=\"2208\" data-end=\"2256\">Wytrzyma\u0142a metalowa obudowa do pracy w trudnych warunkach:<\/li>\n<\/ul>\n<p data-start=\"2257\" data-end=\"2571\">\u00a0 \u00a0 \u00a0 \u00a0 \u00a0 \u00a0 TS1224 posiada solidn\u0105 metalow\u0105 obudow\u0119, kt\u00f3ra wytrzymuje trudne warunki \u015brodowiskowe. Wytrzyma\u0142a pow\u0142oka nie tylko zapewnia fizyczn\u0105 ochron\u0119, ale tak\u017ce zwi\u0119ksza trwa\u0142o\u015b\u0107 modu\u0142u. Niezale\u017cnie od tego, czy pracujesz w ekstremalnych temperaturach, zapylonych warunkach czy na zewn\u0105trz, wytrzyma\u0142a konstrukcja zapewnia sta\u0142\u0105 wydajno\u015b\u0107 w czasie.<\/p>\n<ul>\n<li data-start=\"2573\" data-end=\"2620\">\u0141atwa integracja z wieloma interfejsami:<\/li>\n<\/ul>\n<p data-start=\"2621\" data-end=\"2985\">\u00a0 \u00a0 \u00a0 \u00a0 \u00a0 \u00a0 TS1224 oferuje elastyczne opcje integracji, obs\u0142uguj\u0105c interfejsy TTL, RS485 i RS232. Ta kompatybilno\u015b\u0107 u\u0142atwia pod\u0142\u0105czanie do r\u00f3\u017cnych urz\u0105dze\u0144 i sterownik\u00f3w. Niezale\u017cnie od tego, czy integrujemy modu\u0142 z systemem opartym na mikrokontrolerze, konfiguracj\u0105 automatyki przemys\u0142owej czy niestandardowym projektem, TS1224 zapewnia p\u0142ynny i prosty proces integracji.<\/p>\n<figure id=\"attachment_2987\" aria-describedby=\"caption-attachment-2987\" style=\"width: 750px\" class=\"wp-caption aligncenter\"><img decoding=\"async\" class=\"wp-image-2987 size-full\" title=\"Laserowy modu\u0142 odleg\u0142o\u015bci 2000 m\" src=\"https:\/\/meskernel.net\/wp-content\/uploads\/2024\/11\/Laser-Distance-Module-2000m.jpg\" alt=\"Laserowy modu\u0142 odleg\u0142o\u015bci 2000 m\" width=\"750\" height=\"266\" srcset=\"https:\/\/meskernel.net\/wp-content\/uploads\/2024\/11\/Laser-Distance-Module-2000m.jpg 750w, https:\/\/meskernel.net\/wp-content\/uploads\/2024\/11\/Laser-Distance-Module-2000m-300x106.jpg 300w, https:\/\/meskernel.net\/wp-content\/uploads\/2024\/11\/Laser-Distance-Module-2000m-400x142.jpg 400w\" sizes=\"(max-width: 750px) 100vw, 750px\" \/><figcaption id=\"caption-attachment-2987\" class=\"wp-caption-text\">Modu\u0142 odleg\u0142o\u015bci laserowej Wiele interfejs\u00f3w<\/figcaption><\/figure>\n<h3>Wszechstronne zastosowania w r\u00f3\u017cnych bran\u017cach:<\/h3>\n<p>&nbsp;<\/p>\n<p data-start=\"3034\" data-end=\"3191\">Modu\u0142 laserowego czujnika pomiaru zasi\u0119gu TS1224 spe\u0142nia potrzeby profesjonalist\u00f3w z r\u00f3\u017cnych dziedzin dzi\u0119ki pomiarowi dalekiego zasi\u0119gu i wysokiej precyzji:<\/p>\n<ul data-start=\"3193\" data-end=\"4857\">\n<li data-start=\"3193\" data-end=\"3489\">\n<p data-start=\"3195\" data-end=\"3489\"><strong data-start=\"3195\" data-end=\"3225\">Budownictwo i in\u017cynieria<\/strong>: W budownictwie i in\u017cynierii tachimetr TS1224 jest nieoceniony przy pomiarach du\u017cych obszar\u00f3w l\u0105dowych, konstrukcji budowlanych i przeprowadzaniu bada\u0144 terenowych. Jego zdolno\u015b\u0107 do dok\u0142adnych pomiar\u00f3w na du\u017cych odleg\u0142o\u015bciach czyni go kluczowym narz\u0119dziem do planowania i realizacji du\u017cych projekt\u00f3w.<\/p>\n<\/li>\n<li data-start=\"3493\" data-end=\"3756\">\n<p data-start=\"3495\" data-end=\"3756\"><strong data-start=\"3495\" data-end=\"3508\">Pomiary<\/strong>: Geodeci skorzystaj\u0105 z niezawodno\u015bci i precyzji TS1224. Niezale\u017cnie od tego, czy chodzi o mapowanie du\u017cych obszar\u00f3w, obliczanie topografii czy wykonywanie pomiar\u00f3w geodezyjnych, modu\u0142 zapewnia dok\u0142adne pomiary odleg\u0142o\u015bci niezb\u0119dne do precyzyjnej oceny terenu.<a href=\"https:\/\/meskernel.net\/pl\/produkty\/\">powi\u0105zane produkty<\/a><\/p>\n<\/li>\n<li data-start=\"3758\" data-end=\"4012\">\n<p data-start=\"3760\" data-end=\"4012\"><strong data-start=\"3760\" data-end=\"3785\">Robotyka i automatyzacja<\/strong>: Kompaktowa konstrukcja i precyzyjne pomiary modelu TS1224 sprawiaj\u0105, \u017ce idealnie nadaje si\u0119 on do robotyki i system\u00f3w zautomatyzowanych. Pomaga w wykrywaniu przeszk\u00f3d, nawigacji i pozycjonowaniu, zapewniaj\u0105c p\u0142ynn\u0105 prac\u0119 w zautomatyzowanych \u015brodowiskach.<\/p>\n<\/li>\n<li data-start=\"4014\" data-end=\"4297\">\n<p data-start=\"4016\" data-end=\"4297\"><strong data-start=\"4016\" data-end=\"4044\">Monitorowanie \u015brodowiska<\/strong>: Do monitorowania \u015brodowiska w odleg\u0142ych lub trudno dost\u0119pnych obszarach, TS1224 oferuje mo\u017cliwo\u015bci dalekiego zasi\u0119gu i wysok\u0105 precyzj\u0119. Idealnie nadaje si\u0119 do le\u015bnictwa, \u015bledzenia dzikiej przyrody, bada\u0144 geologicznych i innych zastosowa\u0144, w kt\u00f3rych niezawodny pomiar ma kluczowe znaczenie.<\/p>\n<\/li>\n<li data-start=\"4299\" data-end=\"4508\">\n<p data-start=\"4301\" data-end=\"4508\"><strong data-start=\"4301\" data-end=\"4321\">Aplikacje UAV<\/strong>: TS1224 pomaga UAV w zadaniach takich jak pozycjonowanie, nawigacja, wykrywanie przeszk\u00f3d, unikanie i precyzyjne monitorowanie, dzi\u0119ki czemu jest cennym narz\u0119dziem do szerokiego zakresu zastosowa\u0144 dron\u00f3w.<\/p>\n<\/li>\n<li data-start=\"4510\" data-end=\"4656\">\n<p data-start=\"4512\" data-end=\"4656\"><strong data-start=\"4512\" data-end=\"4530\">Urz\u0105dzenia celownicze<\/strong>: TS1224 zwi\u0119ksza wydajno\u015b\u0107 system\u00f3w celowniczych dzi\u0119ki precyzyjnemu pomiarowi odleg\u0142o\u015bci, przyczyniaj\u0105c si\u0119 do dok\u0142adnego celowania.<\/p>\n<\/li>\n<li data-start=\"4658\" data-end=\"4857\">\n<p data-start=\"4660\" data-end=\"4857\"><strong data-start=\"4660\" data-end=\"4691\">Systemy monitorowania bezpiecze\u0144stwa<\/strong>: TS1224 usprawnia systemy bezpiecze\u0144stwa, zapewniaj\u0105c precyzyjne pomiary odleg\u0142o\u015bci w czasie rzeczywistym, dynamiczne monitorowanie i inteligentn\u0105 analiz\u0119 w celu lepszego nadzoru.<\/p>\n<\/li>\n<\/ul>\n<p>&nbsp;<\/p>\n<figure id=\"attachment_3056\" aria-describedby=\"caption-attachment-3056\" style=\"width: 1080px\" class=\"wp-caption aligncenter\"><img decoding=\"async\" class=\"wp-image-3056 size-full\" title=\"Czujnik zbli\u017ceniowy\" src=\"https:\/\/meskernel.net\/wp-content\/uploads\/2024\/12\/Proximity-Sensor-1.jpg\" alt=\"Czujnik zbli\u017ceniowy\" width=\"1080\" height=\"262\" srcset=\"https:\/\/meskernel.net\/wp-content\/uploads\/2024\/12\/Proximity-Sensor-1.jpg 1080w, https:\/\/meskernel.net\/wp-content\/uploads\/2024\/12\/Proximity-Sensor-1-300x73.jpg 300w, https:\/\/meskernel.net\/wp-content\/uploads\/2024\/12\/Proximity-Sensor-1-1024x248.jpg 1024w, https:\/\/meskernel.net\/wp-content\/uploads\/2024\/12\/Proximity-Sensor-1-768x186.jpg 768w, https:\/\/meskernel.net\/wp-content\/uploads\/2024\/12\/Proximity-Sensor-1-400x97.jpg 400w\" sizes=\"(max-width: 1080px) 100vw, 1080px\" \/><figcaption id=\"caption-attachment-3056\" class=\"wp-caption-text\">Czujnik zbli\u017ceniowy<\/figcaption><\/figure>\n<h3 data-start=\"4859\" data-end=\"4923\">Dlaczego warto wybra\u0107 modu\u0142 laserowego czujnika pomiaru zasi\u0119gu TS1224?<\/h3>\n<p data-start=\"4925\" data-end=\"5054\">Je\u015bli szukasz wysokowydajnego, niezawodnego i kompaktowego laserowego czujnika zasi\u0119gu, TS1224 jest idealnym rozwi\u0105zaniem. Oto dlaczego:<\/p>\n<ul data-start=\"5056\" data-end=\"5756\">\n<li data-start=\"5056\" data-end=\"5243\">\n<p data-start=\"5058\" data-end=\"5243\"><strong data-start=\"5058\" data-end=\"5093\">Niezawodny pomiar dalekiego zasi\u0119gu<\/strong>: TS1224 gwarantuje dok\u0142adne wyniki na odleg\u0142o\u015bciach od 5 do 2000 metr\u00f3w, oferuj\u0105c sta\u0142\u0105 wydajno\u015b\u0107 w r\u00f3\u017cnych \u015brodowiskach.<\/p>\n<\/li>\n<li data-start=\"5247\" data-end=\"5399\">\n<p data-start=\"5249\" data-end=\"5399\"><strong data-start=\"5249\" data-end=\"5272\">Konstrukcja oszcz\u0119dzaj\u0105ca miejsce<\/strong>: Jego ultra-kompaktowy rozmiar pozwala na \u0142atw\u0105 integracj\u0119 w ma\u0142ych przestrzeniach, dzi\u0119ki czemu idealnie nadaje si\u0119 do system\u00f3w wbudowanych i kompaktowych urz\u0105dze\u0144.<\/p>\n<\/li>\n<li data-start=\"5401\" data-end=\"5585\">\n<p data-start=\"5403\" data-end=\"5585\"><strong data-start=\"5403\" data-end=\"5433\">Doskona\u0142y odbi\u00f3r sygna\u0142u<\/strong>: Szk\u0142o o wysokiej przepuszczalno\u015bci gwarantuje, \u017ce modu\u0142 zapewnia dok\u0142adne pomiary nawet na du\u017cych odleg\u0142o\u015bciach, idealne do zastosowa\u0144 zewn\u0119trznych lub przemys\u0142owych.<\/p>\n<\/li>\n<li data-start=\"5587\" data-end=\"5756\">\n<p data-start=\"5589\" data-end=\"5756\"><strong data-start=\"5589\" data-end=\"5617\">Trwa\u0142a i d\u0142ugowieczna<\/strong>: Dzi\u0119ki wytrzyma\u0142ej metalowej obudowie model TS1224 jest trwa\u0142y i odporny na trudne warunki \u015brodowiskowe, zapewniaj\u0105c d\u0142ugotrwa\u0142\u0105 niezawodno\u015b\u0107.<\/p>\n<\/li>\n<\/ul>\n<p data-start=\"5758\" data-end=\"6133\">Niezale\u017cnie od tego, czy pracujesz w budownictwie, geodezji, robotyce, monitorowaniu \u015brodowiska, czy w jakiejkolwiek innej dziedzinie wymagaj\u0105cej pomiar\u00f3w dalekiego zasi\u0119gu, TS1224 <a href=\"https:\/\/www.globalsources.com\/chengdu-meskernel\/showroom_6002100157315.htm\" target=\"_blank\" rel=\"noopener\">Laserowy czujnik pomiaru zasi\u0119gu<\/a> Modu\u0142 zapewnia niezr\u00f3wnan\u0105 wydajno\u015b\u0107, trwa\u0142o\u015b\u0107 i \u0142atwo\u015b\u0107 integracji. Jego wszechstronno\u015b\u0107 sprawia, \u017ce jest to niezawodny wyb\u00f3r dla r\u00f3\u017cnych bran\u017c, zapewniaj\u0105cy precyzyjne i dok\u0142adne wyniki za ka\u017cdym razem.<\/p>","protected":false},"excerpt":{"rendered":"<p>Impulsowy laserowy czujnik pomiaru zasi\u0119gu oferuje precyzyjne pomiary odleg\u0142o\u015bci w zakresie od 5 do 2000 metr\u00f3w. <strong>\u00b1<\/strong>Dok\u0142adno\u015b\u0107 1 metra. Kompaktowy, a jednocze\u015bnie wydajny, charakteryzuje si\u0119 ultra-ma\u0142\u0105 konstrukcj\u0105, szk\u0142em o wysokiej przepuszczalno\u015bci zapewniaj\u0105cym doskona\u0142y odbi\u00f3r sygna\u0142u oraz wytrzyma\u0142\u0105 metalow\u0105 obudow\u0105 zapewniaj\u0105c\u0105 d\u0142ugotrwa\u0142\u0105 wydajno\u015b\u0107. Idealny do szeregu zastosowa\u0144, w tym w budownictwie, geodezji, robotyce i monitorowaniu \u015brodowiska, modu\u0142 ten mo\u017cna \u0142atwo zintegrowa\u0107 z interfejsami TTL, RS485 i RS232. Doskonale sprawdza si\u0119 w projektach wymagaj\u0105cych dok\u0142adnych, niezawodnych pomiar\u00f3w dalekiego zasi\u0119gu w trudnych warunkach.<\/p>","protected":false},"featured_media":3706,"template":"","meta":{"site-sidebar-layout":"default","site-content-layout":"","ast-site-content-layout":"default","site-content-style":"default","site-sidebar-style":"default","ast-global-header-display":"","ast-banner-title-visibility":"","ast-main-header-display":"","ast-hfb-above-header-display":"","ast-hfb-below-header-display":"","ast-hfb-mobile-header-display":"","site-post-title":"","ast-breadcrumbs-content":"","ast-featured-img":"","footer-sml-layout":"","ast-disable-related-posts":"","theme-transparent-header-meta":"default","adv-header-id-meta":"","stick-header-meta":"","header-above-stick-meta":"","header-main-stick-meta":"","header-below-stick-meta":"","astra-migrate-meta-layouts":"set","ast-page-background-enabled":"default","ast-page-background-meta":{"desktop":{"background-color":"var(--ast-global-color-4)","background-image":"","background-repeat":"repeat","background-position":"center center","background-size":"auto","background-attachment":"scroll","background-type":"","background-media":"","overlay-type":"","overlay-color":"","overlay-opacity":"","overlay-gradient":""},"tablet":{"background-color":"","background-image":"","background-repeat":"repeat","background-position":"center center","background-size":"auto","background-attachment":"scroll","background-type":"","background-media":"","overlay-type":"","overlay-color":"","overlay-opacity":"","overlay-gradient":""},"mobile":{"background-color":"","background-image":"","background-repeat":"repeat","background-position":"center center","background-size":"auto","background-attachment":"scroll","background-type":"","background-media":"","overlay-type":"","overlay-color":"","overlay-opacity":"","overlay-gradient":""}},"ast-content-background-meta":{"desktop":{"background-color":"var(--ast-global-color-5)","background-image":"","background-repeat":"repeat","background-position":"center center","background-size":"auto","background-attachment":"scroll","background-type":"","background-media":"","overlay-type":"","overlay-color":"","overlay-opacity":"","overlay-gradient":""},"tablet":{"background-color":"var(--ast-global-color-5)","background-image":"","background-repeat":"repeat","background-position":"center center","background-size":"auto","background-attachment":"scroll","background-type":"","background-media":"","overlay-type":"","overlay-color":"","overlay-opacity":"","overlay-gradient":""},"mobile":{"background-color":"var(--ast-global-color-5)","background-image":"","background-repeat":"repeat","background-position":"center center","background-size":"auto","background-attachment":"scroll","background-type":"","background-media":"","overlay-type":"","overlay-color":"","overlay-opacity":"","overlay-gradient":""}}},"product_brand":[60],"product_cat":[54],"product_tag":[56],"class_list":{"0":"post-3054","1":"product","2":"type-product","3":"status-publish","4":"has-post-thumbnail","6":"product_brand-meskernel","7":"product_cat-long-distance-laser-ranging-sensors","8":"product_tag-hot","9":"desktop-align-center","10":"tablet-align-left","11":"mobile-align-left","13":"first","14":"instock","15":"shipping-taxable","16":"product-type-simple"},"_links":{"self":[{"href":"https:\/\/meskernel.net\/pl\/wp-json\/wp\/v2\/product\/3054","targetHints":{"allow":["GET"]}}],"collection":[{"href":"https:\/\/meskernel.net\/pl\/wp-json\/wp\/v2\/product"}],"about":[{"href":"https:\/\/meskernel.net\/pl\/wp-json\/wp\/v2\/types\/product"}],"version-history":[{"count":0,"href":"https:\/\/meskernel.net\/pl\/wp-json\/wp\/v2\/product\/3054\/revisions"}],"wp:featuredmedia":[{"embeddable":true,"href":"https:\/\/meskernel.net\/pl\/wp-json\/wp\/v2\/media\/3706"}],"wp:attachment":[{"href":"https:\/\/meskernel.net\/pl\/wp-json\/wp\/v2\/media?parent=3054"}],"wp:term":[{"taxonomy":"product_brand","embeddable":true,"href":"https:\/\/meskernel.net\/pl\/wp-json\/wp\/v2\/product_brand?post=3054"},{"taxonomy":"product_cat","embeddable":true,"href":"https:\/\/meskernel.net\/pl\/wp-json\/wp\/v2\/product_cat?post=3054"},{"taxonomy":"product_tag","embeddable":true,"href":"https:\/\/meskernel.net\/pl\/wp-json\/wp\/v2\/product_tag?post=3054"}],"curies":[{"name":"wp","href":"https:\/\/api.w.org\/{rel}","templated":true}]}}