{"id":3070,"date":"2024-12-11T10:11:47","date_gmt":"2024-12-11T02:11:47","guid":{"rendered":"https:\/\/meskernel.net\/?post_type=product&#038;p=3070"},"modified":"2025-12-02T17:54:06","modified_gmt":"2025-12-02T09:54:06","slug":"czujnik-zasiegu","status":"publish","type":"product","link":"https:\/\/meskernel.net\/pl\/product\/range-sensor\/","title":{"rendered":"Czujnik o zasi\u0119gu 200 m z bezpiecznym zielonym laserem klasy 1"},"content":{"rendered":"<p>Laserowe czujniki zasi\u0119gu z wyj\u015bciem analogowym s\u0105 niezb\u0119dnymi komponentami w nowoczesnych zastosowaniach przemys\u0142owych, szczeg\u00f3lnie w dziedzinach wymagaj\u0105cych wysokiej precyzji, takich jak automatyka, robotyka i kontrola jako\u015bci. W miar\u0119 jak bran\u017ce wdra\u017caj\u0105 zaawansowane technologie, integracja czujnik\u00f3w laserowych z wyj\u015bciem analogowym zapewnia niezawodne rozwi\u0105zanie do ci\u0105g\u0142ych, dok\u0142adnych pomiar\u00f3w w czasie rzeczywistym. Nast\u0119pnie zbadamy zasady, zalety i zastosowania laserowych czujnik\u00f3w zasi\u0119gu i wyj\u015b\u0107 analogowych, podkre\u015blaj\u0105c, w jaki spos\u00f3b te technologie wsp\u00f3\u0142pracuj\u0105 ze sob\u0105, aby poprawi\u0107 dok\u0142adno\u015b\u0107 pomiaru i wydajno\u015b\u0107 systemu.<\/p>\n<p><img data-dominant-color=\"b8c0c9\" data-has-transparency=\"true\" style=\"--dominant-color: #b8c0c9;\" fetchpriority=\"high\" decoding=\"async\" class=\"wp-image-6378 size-full aligncenter has-transparency\" src=\"https:\/\/meskernel.net\/wp-content\/uploads\/2024\/12\/green-laser-beam-sensors.webp\" alt=\"czujniki zielonej wi\u0105zki laserowej\" width=\"945\" height=\"770\" srcset=\"https:\/\/meskernel.net\/wp-content\/uploads\/2024\/12\/green-laser-beam-sensors.webp 945w, https:\/\/meskernel.net\/wp-content\/uploads\/2024\/12\/green-laser-beam-sensors-300x244.webp 300w, https:\/\/meskernel.net\/wp-content\/uploads\/2024\/12\/green-laser-beam-sensors-768x626.webp 768w, https:\/\/meskernel.net\/wp-content\/uploads\/2024\/12\/green-laser-beam-sensors-15x12.webp 15w, https:\/\/meskernel.net\/wp-content\/uploads\/2024\/12\/green-laser-beam-sensors-400x326.webp 400w\" sizes=\"(max-width: 945px) 100vw, 945px\" \/><\/p>\n<h4>1. Jak dzia\u0142aj\u0105 laserowe czujniki odleg\u0142o\u015bci<\/h4>\n<p>Laserowe czujniki zasi\u0119gu mierz\u0105 odleg\u0142o\u015b\u0107 mi\u0119dzy czujnikiem a obiektem za pomoc\u0105 \u015bwiat\u0142a laserowego. Czujniki te zazwyczaj opieraj\u0105 si\u0119 na jednej z nast\u0119puj\u0105cych zasad:<\/p>\n<ol>\n<li><strong>Czas przelotu (TOF)<\/strong>: W tej metodzie impuls laserowy jest emitowany i odbijany od celu. Czujnik mierzy czas potrzebny impulsowi na dotarcie do obiektu i powr\u00f3t. Znaj\u0105c pr\u0119dko\u015b\u0107 \u015bwiat\u0142a, czujnik oblicza odleg\u0142o\u015b\u0107 na podstawie op\u00f3\u017anienia czasowego.<\/li>\n<li><strong>Przesuni\u0119cie fazowe<\/strong>: Czujnik emituje ci\u0105g\u0142\u0105 wi\u0105zk\u0119 laserow\u0105, a faza odbitego \u015bwiat\u0142a jest por\u00f3wnywana z faz\u0105 emitowan\u0105. R\u00f3\u017cnica faz jest nast\u0119pnie wykorzystywana do obliczenia odleg\u0142o\u015bci. Metoda ta zapewnia wysok\u0105 dok\u0142adno\u015b\u0107, szczeg\u00f3lnie w przypadku pomiar\u00f3w na wi\u0119ksze odleg\u0142o\u015bci.<\/li>\n<li><strong>Triangulacja<\/strong>: W triangulacji czujnik kieruje wi\u0105zk\u0119 lasera na obiekt, a detektor wra\u017cliwy na po\u0142o\u017cenie wykrywa odbite \u015bwiat\u0142o. Mierz\u0105c k\u0105t odbitego \u015bwiat\u0142a, czujnik oblicza odleg\u0142o\u015b\u0107 przy u\u017cyciu zasad trygonometrycznych.<\/li>\n<\/ol>\n<p>Niezale\u017cnie od zastosowanej metody, laserowe czujniki zasi\u0119gu zapewniaj\u0105 wyj\u0105tkow\u0105 precyzj\u0119, cz\u0119sto osi\u0105gaj\u0105c dok\u0142adno\u015b\u0107 na poziomie milimetra lub nawet mikrona.<\/p>\n<h4>2. Rola wyj\u015bcia analogowego<\/h4>\n<p>Wyj\u015bcie analogowe to metoda wykorzystywana przez czujniki do przesy\u0142ania danych pomiarowych jako ci\u0105g\u0142ego sygna\u0142u elektrycznego, zazwyczaj w postaci napi\u0119cia lub pr\u0105du. Sygna\u0142y analogowe oferuj\u0105 p\u0142ynne sprz\u0119\u017cenie zwrotne w czasie rzeczywistym, dzi\u0119ki czemu idealnie nadaj\u0105 si\u0119 do zastosowa\u0144 wymagaj\u0105cych ci\u0105g\u0142ego monitorowania lub sterowania.<\/p>\n<p>Typowe typy wyj\u015b\u0107 analogowych obejmuj\u0105:<\/p>\n<ul>\n<li><strong>Napi\u0119cie wyj\u015bciowe<\/strong>: U\u017cywane s\u0105 sygna\u0142y w zakresach takich jak 0-10 V, 0-5 V lub 1-5 V, przy czym zmierzona warto\u015b\u0107 bezpo\u015brednio odpowiada napi\u0119ciu wyj\u015bciowemu.<\/li>\n<li><strong>Bie\u017c\u0105ce wyj\u015bcie<\/strong>: P\u0119tla pr\u0105dowa 4-20 mA jest szeroko stosowanym sygna\u0142em analogowym, szczeg\u00f3lnie przydatnym do transmisji na du\u017ce odleg\u0142o\u015bci i zapewniaj\u0105cym lepsz\u0105 odporno\u015b\u0107 na zak\u0142\u00f3cenia elektryczne.<\/li>\n<\/ul>\n<p>Analogowe sygna\u0142y wyj\u015bciowe bezproblemowo integruj\u0105 si\u0119 z przemys\u0142owymi systemami sterowania, sterownikami PLC i systemami akwizycji danych, gdzie mog\u0105 by\u0107 przetwarzane i wykorzystywane do sterowania i monitorowania w czasie rzeczywistym.<\/p>\n<h4>3 Po\u0142\u0105czenie laserowego czujnika zasi\u0119gu z wyj\u015bciem analogowym<\/h4>\n<p>Gdy laserowe czujniki odleg\u0142o\u015bci i wyj\u015bcie analogowe wsp\u00f3\u0142pracuj\u0105 ze sob\u0105, tworz\u0105 pot\u0119\u017cne rozwi\u0105zanie do r\u00f3\u017cnych zastosowa\u0144. Oto kilka typowych przypadk\u00f3w u\u017cycia, w kt\u00f3rych ta kombinacja okazuje si\u0119 szczeg\u00f3lnie korzystna:<\/p>\n<ol>\n<li><strong>Automatyka przemys\u0142owa i robotyka<\/strong>: Laserowe czujniki zasi\u0119gu z wyj\u015bciem analogowym s\u0105 szeroko stosowane w robotyce, liniach monta\u017cowych i systemach transportu materia\u0142\u00f3w. Na przyk\u0142ad robot mo\u017ce u\u017cy\u0107 czujnika laserowego do pomiaru odleg\u0142o\u015bci do obiektu, a wyj\u015bcie analogowe wysy\u0142a te dane do systemu sterowania, umo\u017cliwiaj\u0105c precyzyjne sterowanie ruchem w zadaniach takich jak pobieranie obiekt\u00f3w lub monta\u017c.<\/li>\n<li><strong>Pomiar poziomu i po\u0142o\u017cenia<\/strong>: Laserowe czujniki zasi\u0119gu s\u0105 powszechnie stosowane do pomiaru poziomu cieczy w zbiornikach, silosach lub kontenerach. Czujnik wysy\u0142a ci\u0105g\u0142y sygna\u0142 analogowy reprezentuj\u0105cy odleg\u0142o\u015b\u0107 do powierzchni cieczy, umo\u017cliwiaj\u0105c systemowi monitorowanie poziomu cieczy i wyzwalanie dzia\u0142a\u0144 w czasie rzeczywistym, takich jak aktywacja alarm\u00f3w lub sterowanie pompami.<\/li>\n<li><strong>Precyzyjne pomiary i kontrola jako\u015bci<\/strong>: W produkcji czujniki laserowe mierz\u0105 wymiary komponent\u00f3w z du\u017c\u0105 precyzj\u0105, wykrywaj\u0105c r\u00f3\u017cnice w rozmiarze. Wyj\u015bcie analogowe zapewnia ci\u0105g\u0142\u0105 informacj\u0119 zwrotn\u0105 do systemu sterowania, umo\u017cliwiaj\u0105c automatyczne regulacje lub kontrole jako\u015bci.<\/li>\n<li><strong>Systemy parkingowe i monitorowanie ruchu<\/strong>: Czujniki laserowe s\u0105 r\u00f3wnie\u017c wykorzystywane w inteligentnych systemach parkingowych i monitorowaniu ruchu drogowego. Mierz\u0105c odleg\u0142o\u015b\u0107 mi\u0119dzy pojazdami lub przeszkodami i wysy\u0142aj\u0105c dane analogowe, systemy te mog\u0105 monitorowa\u0107 dost\u0119pno\u015b\u0107 miejsc parkingowych lub nat\u0119\u017cenie ruchu w czasie rzeczywistym.<\/li>\n<\/ol>\n<h3>4 Zalety laserowych czujnik\u00f3w odleg\u0142o\u015bci z wyj\u015bciem analogowym<\/h3>\n<ol>\n<li><strong>Wysoka dok\u0142adno\u015b\u0107 i stabilno\u015b\u0107<\/strong>: Laserowe czujniki zasi\u0119gu zapewniaj\u0105 niezwykle dok\u0142adne pomiary, cz\u0119sto z dok\u0142adno\u015bci\u0105 do milimetr\u00f3w, a nawet mikrometr\u00f3w. Czujniki te dzia\u0142aj\u0105 niezawodnie w r\u00f3\u017cnych \u015brodowiskach, w tym przy s\u0142abym o\u015bwietleniu, w wysokich temperaturach i trudnych warunkach przemys\u0142owych.<\/li>\n<li><strong>Pomiar bezdotykowy<\/strong>: Czujniki laserowe oferuj\u0105 pomiar bezkontaktowy, co oznacza, \u017ce czujnik nie wchodzi w fizyczn\u0105 interakcj\u0119 z mierzonym obiektem. Ta cecha minimalizuje zu\u017cycie zar\u00f3wno czujnika, jak i celu, dzi\u0119ki czemu idealnie nadaje si\u0119 do delikatnych lub niebezpiecznych materia\u0142\u00f3w.<\/li>\n<li><strong>Transmisja danych w czasie rzeczywistym<\/strong>: Wyj\u015bcie analogowe zapewnia ci\u0105g\u0142\u0105 transmisj\u0119 danych w czasie rzeczywistym, co doskonale sprawdza si\u0119 w aplikacjach wymagaj\u0105cych ci\u0105g\u0142ego monitorowania i natychmiastowej regulacji. Jest to szczeg\u00f3lnie przydatne w zautomatyzowanych procesach, w kt\u00f3rych system musi bezzw\u0142ocznie reagowa\u0107 na dane z czujnika.<\/li>\n<li><strong>Pomiar dalekiego zasi\u0119gu<\/strong>: Laserowe czujniki zasi\u0119gu mog\u0105 mierzy\u0107 na du\u017cych odleg\u0142o\u015bciach - czasami na kilka, a nawet kilkadziesi\u0105t metr\u00f3w. Ta zdolno\u015b\u0107 sprawia, \u017ce s\u0105 one idealne do zastosowa\u0144, kt\u00f3re wymagaj\u0105 pomiar\u00f3w na du\u017c\u0105 skal\u0119, takich jak produkcja na du\u017c\u0105 skal\u0119 lub z\u0142o\u017cone \u015brodowiska.<\/li>\n<li><strong>\u0141atwa integracja<\/strong>: Analogowe sygna\u0142y wyj\u015bciowe s\u0105 proste i kompatybilne z szerok\u0105 gam\u0105 sterownik\u00f3w przemys\u0142owych i system\u00f3w akwizycji danych. U\u0142atwia to ich integracj\u0119 z istniej\u0105cymi systemami bez konieczno\u015bci skomplikowanego programowania lub protoko\u0142\u00f3w komunikacyjnych.<\/li>\n<\/ol>\n<p><img decoding=\"async\" class=\"wp-image-3072 size-full aligncenter\" title=\"czujniki odleg\u0142o\u015bci z wyj\u015bciem analogowym\" src=\"https:\/\/meskernel.net\/wp-content\/uploads\/2024\/12\/distance-sensors-with-analog-output.jpg\" alt=\"czujniki odleg\u0142o\u015bci z wyj\u015bciem analogowym\" width=\"800\" height=\"800\" srcset=\"https:\/\/meskernel.net\/wp-content\/uploads\/2024\/12\/distance-sensors-with-analog-output.jpg 800w, https:\/\/meskernel.net\/wp-content\/uploads\/2024\/12\/distance-sensors-with-analog-output-300x300.jpg 300w, https:\/\/meskernel.net\/wp-content\/uploads\/2024\/12\/distance-sensors-with-analog-output-150x150.jpg 150w, https:\/\/meskernel.net\/wp-content\/uploads\/2024\/12\/distance-sensors-with-analog-output-768x768.jpg 768w, https:\/\/meskernel.net\/wp-content\/uploads\/2024\/12\/distance-sensors-with-analog-output-400x400.jpg 400w, https:\/\/meskernel.net\/wp-content\/uploads\/2024\/12\/distance-sensors-with-analog-output-100x100.jpg 100w\" sizes=\"(max-width: 800px) 100vw, 800px\" \/><\/p>\n<p>Czujnik zasi\u0119gu z wyj\u015bciem analogowym to pot\u0119\u017cne i wydajne rozwi\u0105zanie do wielu zastosowa\u0144 przemys\u0142owych. Czujniki laserowe zapewniaj\u0105 precyzyjne, bezdotykowe pomiary o wysokiej dok\u0142adno\u015bci, a wyj\u015bcie analogowe zapewnia ci\u0105g\u0142\u0105 transmisj\u0119 danych w czasie rzeczywistym. Razem technologie te umo\u017cliwiaj\u0105 wydajne monitorowanie, kontrol\u0119 i automatyzacj\u0119 w takich obszarach jak robotyka, automatyka przemys\u0142owa, pomiar poziomu cieczy i kontrola jako\u015bci.<\/p>\n<p>Wraz z dalszym rozwojem technologii, laserowe czujniki zasi\u0119gu stan\u0105 si\u0119 jeszcze bardziej dok\u0142adne i wszechstronne, podczas gdy wyj\u015bcie analogowe pozostanie niezawodn\u0105 i szeroko stosowan\u0105 metod\u0105 transmisji sygna\u0142u w warunkach przemys\u0142owych. Ta integracja b\u0119dzie nadal nap\u0119dza\u0107 innowacje i wydajno\u015b\u0107, prowadz\u0105c do inteligentniejszych, bardziej zautomatyzowanych system\u00f3w w r\u00f3\u017cnych bran\u017cach.<\/p>\n<h3>Dlaczego my<\/h3>\n<p>&nbsp;<\/p>\n<ul>\n<li><strong>Wysoka wytrzyma\u0142o\u015b\u0107<\/strong>: Po\u0142\u0105czenie obudowy ze stopu aluminium i stopnia ochrony IP zapewnia, \u017ce czujnik mo\u017ce wytrzyma\u0107 trudne warunki, oferuj\u0105c niezawodne dzia\u0142anie rok po roku.<\/li>\n<li><strong>Dok\u0142adno\u015b\u0107, na kt\u00f3rej mo\u017cna polega\u0107<\/strong>: Nasze czujniki odleg\u0142o\u015bci gwarantuj\u0105 precyzyjne pomiary, dostarczaj\u0105c dok\u0142adnych danych, kt\u00f3re spe\u0142niaj\u0105 najwy\u017csze standardy w zastosowaniach przemys\u0142owych i naukowych.<\/li>\n<li><strong>\u0141atwa integracja<\/strong>: Dzi\u0119ki wielu interfejsom komunikacyjnym, takim jak TTL, RS485 i RS232, nasze czujniki bez trudu integruj\u0105 si\u0119 z istniej\u0105cymi systemami, skracaj\u0105c czas i z\u0142o\u017cono\u015b\u0107 instalacji.<\/li>\n<li><strong>Dostosowane do Twoich potrzeb<\/strong>: Oferujemy us\u0142ugi OEM i ODM, aby dostosowa\u0107 czujniki w oparciu o konkretne potrzeby aplikacji, zapewniaj\u0105c, \u017ce czujnik spe\u0142ni dok\u0142adnie Twoje wymagania.<\/li>\n<li><strong>Ceny fabryczne<\/strong>: Jako producent oferujemy konkurencyjne ceny, pomagaj\u0105c zaoszcz\u0119dzi\u0107 koszty przy jednoczesnym zapewnieniu wysokiej jako\u015bci czujnik\u00f3w do projekt\u00f3w.<\/li>\n<\/ul>","protected":false},"excerpt":{"rendered":"<p>Laserowy czujnik zasi\u0119gu z wyj\u015bciem analogowym od Meskernel zapewnia niezr\u00f3wnan\u0105 precyzj\u0119, szybk\u0105 reakcj\u0119 i szeroki zakres pomiarowy, co czyni go idealnym wyborem do zastosowa\u0144 przemys\u0142owych, zewn\u0119trznych i specjalistycznych. Dzi\u0119ki ponad 20-letniemu do\u015bwiadczeniu Meskernel oferuje wysoce konfigurowalny czujnik z zaawansowan\u0105 technologi\u0105 zielonego lasera 520 nm, wszechstronnymi opcjami zasilania i solidnymi protoko\u0142ami komunikacyjnymi. Zaprojektowany do pracy w trudnych warunkach - w tym do pomiar\u00f3w podwodnych i pomiar\u00f3w cieczy - czujnik laserowy USB zapewnia niezawodne wyniki o wysokiej wydajno\u015bci. Wybierz Meskernel, aby uzyska\u0107 czujnik, kt\u00f3ry dok\u0142adnie spe\u0142nia Twoje potrzeby i prowadzi Twoje projekty do sukcesu.<\/p>","protected":false},"featured_media":3207,"template":"","meta":{"site-sidebar-layout":"right-sidebar","site-content-layout":"","ast-site-content-layout":"default","site-content-style":"default","site-sidebar-style":"default","ast-global-header-display":"","ast-banner-title-visibility":"","ast-main-header-display":"","ast-hfb-above-header-display":"","ast-hfb-below-header-display":"","ast-hfb-mobile-header-display":"","site-post-title":"","ast-breadcrumbs-content":"","ast-featured-img":"","footer-sml-layout":"","ast-disable-related-posts":"","theme-transparent-header-meta":"default","adv-header-id-meta":"","stick-header-meta":"","header-above-stick-meta":"","header-main-stick-meta":"","header-below-stick-meta":"","astra-migrate-meta-layouts":"set","ast-page-background-enabled":"default","ast-page-background-meta":{"desktop":{"background-color":"var(--ast-global-color-4)","background-image":"","background-repeat":"repeat","background-position":"center center","background-size":"auto","background-attachment":"scroll","background-type":"","background-media":"","overlay-type":"","overlay-color":"","overlay-opacity":"","overlay-gradient":""},"tablet":{"background-color":"","background-image":"","background-repeat":"repeat","background-position":"center center","background-size":"auto","background-attachment":"scroll","background-type":"","background-media":"","overlay-type":"","overlay-color":"","overlay-opacity":"","overlay-gradient":""},"mobile":{"background-color":"","background-image":"","background-repeat":"repeat","background-position":"center center","background-size":"auto","background-attachment":"scroll","background-type":"","background-media":"","overlay-type":"","overlay-color":"","overlay-opacity":"","overlay-gradient":""}},"ast-content-background-meta":{"desktop":{"background-color":"var(--ast-global-color-5)","background-image":"","background-repeat":"repeat","background-position":"center center","background-size":"auto","background-attachment":"scroll","background-type":"","background-media":"","overlay-type":"","overlay-color":"","overlay-opacity":"","overlay-gradient":""},"tablet":{"background-color":"var(--ast-global-color-5)","background-image":"","background-repeat":"repeat","background-position":"center center","background-size":"auto","background-attachment":"scroll","background-type":"","background-media":"","overlay-type":"","overlay-color":"","overlay-opacity":"","overlay-gradient":""},"mobile":{"background-color":"var(--ast-global-color-5)","background-image":"","background-repeat":"repeat","background-position":"center center","background-size":"auto","background-attachment":"scroll","background-type":"","background-media":"","overlay-type":"","overlay-color":"","overlay-opacity":"","overlay-gradient":""}}},"product_brand":[60],"product_cat":[52],"product_tag":[],"class_list":{"0":"post-3070","1":"product","2":"type-product","3":"status-publish","4":"has-post-thumbnail","6":"product_brand-meskernel","7":"product_cat-phase-distance-sensor","8":"desktop-align-center","9":"tablet-align-left","10":"mobile-align-left","12":"first","13":"instock","14":"shipping-taxable","15":"product-type-simple"},"_links":{"self":[{"href":"https:\/\/meskernel.net\/pl\/wp-json\/wp\/v2\/product\/3070","targetHints":{"allow":["GET"]}}],"collection":[{"href":"https:\/\/meskernel.net\/pl\/wp-json\/wp\/v2\/product"}],"about":[{"href":"https:\/\/meskernel.net\/pl\/wp-json\/wp\/v2\/types\/product"}],"version-history":[{"count":0,"href":"https:\/\/meskernel.net\/pl\/wp-json\/wp\/v2\/product\/3070\/revisions"}],"wp:featuredmedia":[{"embeddable":true,"href":"https:\/\/meskernel.net\/pl\/wp-json\/wp\/v2\/media\/3207"}],"wp:attachment":[{"href":"https:\/\/meskernel.net\/pl\/wp-json\/wp\/v2\/media?parent=3070"}],"wp:term":[{"taxonomy":"product_brand","embeddable":true,"href":"https:\/\/meskernel.net\/pl\/wp-json\/wp\/v2\/product_brand?post=3070"},{"taxonomy":"product_cat","embeddable":true,"href":"https:\/\/meskernel.net\/pl\/wp-json\/wp\/v2\/product_cat?post=3070"},{"taxonomy":"product_tag","embeddable":true,"href":"https:\/\/meskernel.net\/pl\/wp-json\/wp\/v2\/product_tag?post=3070"}],"curies":[{"name":"wp","href":"https:\/\/api.w.org\/{rel}","templated":true}]}}