{"id":3132,"date":"2024-12-19T10:14:20","date_gmt":"2024-12-19T02:14:20","guid":{"rendered":"https:\/\/meskernel.net\/?post_type=product&#038;p=3132"},"modified":"2025-07-28T11:26:19","modified_gmt":"2025-07-28T03:26:19","slug":"czujnik-poziomu-wody","status":"publish","type":"product","link":"https:\/\/meskernel.net\/pl\/product\/water-level-detector-sensor\/","title":{"rendered":"TS1224 Czujnik pomiaru odleg\u0142o\u015bci 2000m do precyzyjnych projekt\u00f3w zewn\u0119trznych"},"content":{"rendered":"<div class=\"text-title\">\n<div class=\"magic-3\">\n<h3 data-start=\"0\" data-end=\"77\"><strong data-start=\"4\" data-end=\"77\">Czujnik odleg\u0142o\u015bci TS1224 - 2000 m dla precyzyjnych projekt\u00f3w zewn\u0119trznych<\/strong><\/h3>\n<p data-start=\"79\" data-end=\"613\">Czujnik odleg\u0142o\u015bci TS1224 zosta\u0142 zaprojektowany z my\u015bl\u0105 o zapewnieniu wyj\u0105tkowej precyzji i wydajno\u015bci dalekiego zasi\u0119gu w \u015brodowiskach zewn\u0119trznych. Niezale\u017cnie od tego, czy pracujesz nad pomiarami geodezyjnymi, budowlanymi czy jakimkolwiek du\u017cym projektem, kt\u00f3ry wymaga dok\u0142adnych pomiar\u00f3w, TS1224 zapewnia wiarygodne dane za ka\u017cdym razem. Dzi\u0119ki zakresowi pomiarowemu 2000 metr\u00f3w czujnik ten zosta\u0142 zaprojektowany do pracy w trudnych warunkach zewn\u0119trznych, zapewniaj\u0105c dok\u0142adne odczyty odleg\u0142o\u015bci, kt\u00f3re mog\u0105 mie\u0107 kluczowe znaczenie dla powodzenia projektu.<\/p>\n<\/div>\n<\/div>\n<figure id=\"attachment_2986\" aria-describedby=\"caption-attachment-2986\" style=\"width: 1000px\" class=\"wp-caption aligncenter\"><img fetchpriority=\"high\" decoding=\"async\" class=\"wp-image-2986 size-full\" title=\"Laserowy modu\u0142 odleg\u0142o\u015bci UART TS1224 2000m\" src=\"https:\/\/meskernel.net\/wp-content\/uploads\/2024\/11\/UART-laser-distance-module-TS1224.jpg\" alt=\"Laserowy modu\u0142 odleg\u0142o\u015bci UART TS1224\" width=\"1000\" height=\"500\" srcset=\"https:\/\/meskernel.net\/wp-content\/uploads\/2024\/11\/UART-laser-distance-module-TS1224.jpg 1000w, https:\/\/meskernel.net\/wp-content\/uploads\/2024\/11\/UART-laser-distance-module-TS1224-300x150.jpg 300w, https:\/\/meskernel.net\/wp-content\/uploads\/2024\/11\/UART-laser-distance-module-TS1224-768x384.jpg 768w, https:\/\/meskernel.net\/wp-content\/uploads\/2024\/11\/UART-laser-distance-module-TS1224-400x200.jpg 400w\" sizes=\"(max-width: 1000px) 100vw, 1000px\" \/><figcaption id=\"caption-attachment-2986\" class=\"wp-caption-text\">Laserowy modu\u0142 odleg\u0142o\u015bci UART TS1224<\/figcaption><\/figure>\n<h3 data-start=\"620\" data-end=\"640\"><strong data-start=\"624\" data-end=\"640\">Kluczowe cechy<\/strong><\/h3>\n<ul>\n<li data-start=\"642\" data-end=\"683\"><strong data-start=\"647\" data-end=\"683\">Rozszerzony zakres pomiarowy 2000 m<\/strong><\/li>\n<\/ul>\n<p data-start=\"684\" data-end=\"973\">Dzi\u0119ki niezwyk\u0142emu zasi\u0119gowi do 2000 metr\u00f3w, TS1224 jest idealny do zastosowa\u0144 wymagaj\u0105cych pomiar\u00f3w na du\u017ce odleg\u0142o\u015bci. Niezale\u017cnie od tego, czy mapujesz du\u017ce obszary, prowadzisz badania \u015brodowiskowe, czy zarz\u0105dzasz rozleg\u0142ymi placami budowy, ten czujnik zapewnia niezr\u00f3wnany zasi\u0119g i precyzj\u0119.<\/p>\n<ul>\n<li data-start=\"975\" data-end=\"1021\"><strong data-start=\"980\" data-end=\"1021\">Ultrakompaktowa i oszcz\u0119dzaj\u0105ca miejsce konstrukcja<\/strong><\/li>\n<\/ul>\n<p data-start=\"1022\" data-end=\"1292\">Pomimo mo\u017cliwo\u015bci dalekiego zasi\u0119gu, TS1224 ma kompaktow\u0105 obudow\u0119 o maksymalnym boku mniejszym ni\u017c moneta. Pozwala to na \u0142atw\u0105 integracj\u0119 z ciasnymi przestrzeniami i kompaktowymi systemami, co czyni go idealnym wyborem, gdy rozmiar i oszcz\u0119dno\u015b\u0107 miejsca maj\u0105 kluczowe znaczenie.<\/p>\n<ul>\n<li data-start=\"1294\" data-end=\"1336\"><strong data-start=\"1299\" data-end=\"1336\">Wysokowydajny odbi\u00f3r sygna\u0142u<\/strong><\/li>\n<\/ul>\n<p data-start=\"1337\" data-end=\"1668\">Model TS1224 jest wyposa\u017cony w szk\u0142o o wysokiej przepuszczalno\u015bci, kt\u00f3re maksymalizuje odbi\u00f3r sygna\u0142u i zapewnia wyra\u017aniejsze, dok\u0142adniejsze pomiary na d\u0142ugich dystansach. Ta cecha sprawia, \u017ce idealnie nadaje si\u0119 do projekt\u00f3w zewn\u0119trznych, w kt\u00f3rych czynniki \u015brodowiskowe, takie jak pogoda, warunki o\u015bwietleniowe i ukszta\u0142towanie terenu, mog\u0105 w inny spos\u00f3b zak\u0142\u00f3ca\u0107 wydajno\u015b\u0107.<\/p>\n<ul>\n<li data-start=\"1670\" data-end=\"1721\"><strong data-start=\"1675\" data-end=\"1721\">Wytrzyma\u0142a metalowa obudowa do pracy w trudnych warunkach<\/strong><\/li>\n<\/ul>\n<p data-start=\"1722\" data-end=\"2021\">Zbudowany, aby wytrzyma\u0107 trudne warunki, TS1224 ma metalow\u0105 obudow\u0119, kt\u00f3ra zapewnia zwi\u0119kszon\u0105 trwa\u0142o\u015b\u0107. Niezale\u017cnie od tego, czy jest nara\u017cony na kurz, wilgo\u0107 czy ekstremalne temperatury, czujnik zapewnia sta\u0142\u0105 wydajno\u015b\u0107, zapewniaj\u0105c dok\u0142adno\u015b\u0107 pomiar\u00f3w bez wzgl\u0119du na \u015brodowisko.<\/p>\n<h3 data-start=\"3070\" data-end=\"3090\"><strong data-start=\"3074\" data-end=\"3090\">Zastosowania<\/strong><\/h3>\n<ul>\n<li data-start=\"3092\" data-end=\"3295\"><strong data-start=\"3094\" data-end=\"3117\">Geodezja i mapowanie<\/strong>: Idealny do bada\u0144 na du\u017c\u0105 skal\u0119, TS1224 mo\u017ce pokry\u0107 odleg\u0142o\u015bci do 2000 metr\u00f3w, zapewniaj\u0105c precyzyjne pomiary niezb\u0119dne do dok\u0142adnych map topograficznych i plan\u00f3w terenu.<\/li>\n<li data-start=\"3296\" data-end=\"3481\"><strong data-start=\"3298\" data-end=\"3314\">Budowa<\/strong>: W przypadku du\u017cych projekt\u00f3w budowlanych du\u017cy zasi\u0119g czujnika zapewnia wiarygodne odczyty odleg\u0142o\u015bci do pomiaru dzia\u0142ek, fundament\u00f3w i innych konstrukcji na rozleg\u0142ych obszarach.<\/li>\n<li data-start=\"3482\" data-end=\"3681\"><strong data-start=\"3484\" data-end=\"3512\">Monitorowanie \u015brodowiska<\/strong>: TS1224 doskonale nadaje si\u0119 do bada\u0144 \u015brodowiskowych, w kt\u00f3rych precyzyjne pomiary odleg\u0142o\u015bci mog\u0105 mie\u0107 kluczowe znaczenie dla monitorowania las\u00f3w, teren\u00f3w podmok\u0142ych i innych naturalnych krajobraz\u00f3w.<\/li>\n<li data-start=\"3682\" data-end=\"3897\"><strong data-start=\"3684\" data-end=\"3717\">Rolnictwo i zarz\u0105dzanie gruntami<\/strong>: Do zastosowa\u0144 w pomiarach i zarz\u0105dzaniu gruntami, czujnik ten jest idealny dla du\u017cych gospodarstw i odleg\u0142ych teren\u00f3w, oferuj\u0105c precyzyjne odczyty, kt\u00f3re mog\u0105 pom\u00f3c w podejmowaniu decyzji dotycz\u0105cych zagospodarowania terenu.<em style=\"font-size: 16px;\"><a href=\"https:\/\/meskernel.net\/pl\/modul-czujnika-wysokiej-czestotliwosci\/czujnik-odleglosci-fazowej\/\">powi\u0105zane produkty<\/a><\/em><\/li>\n<\/ul>\n<p>&nbsp;<\/p>\n<p><img decoding=\"async\" class=\"wp-image-3056 size-full aligncenter\" title=\"Czujnik zbli\u017ceniowy\" src=\"https:\/\/meskernel.net\/wp-content\/uploads\/2024\/12\/Proximity-Sensor-1.jpg\" alt=\"Czujnik zbli\u017ceniowy\" width=\"1080\" height=\"262\" srcset=\"https:\/\/meskernel.net\/wp-content\/uploads\/2024\/12\/Proximity-Sensor-1.jpg 1080w, https:\/\/meskernel.net\/wp-content\/uploads\/2024\/12\/Proximity-Sensor-1-300x73.jpg 300w, https:\/\/meskernel.net\/wp-content\/uploads\/2024\/12\/Proximity-Sensor-1-1024x248.jpg 1024w, https:\/\/meskernel.net\/wp-content\/uploads\/2024\/12\/Proximity-Sensor-1-768x186.jpg 768w, https:\/\/meskernel.net\/wp-content\/uploads\/2024\/12\/Proximity-Sensor-1-400x97.jpg 400w\" sizes=\"(max-width: 1080px) 100vw, 1080px\" \/><\/p>\n<h3 data-start=\"2028\" data-end=\"2084\"><strong data-start=\"2032\" data-end=\"2084\">Dlaczego warto wybra\u0107 czujnik odleg\u0142o\u015bci TS1224?<\/strong><\/h3>\n<p data-start=\"2086\" data-end=\"2126\"><strong data-start=\"2091\" data-end=\"2126\">Precyzja w krytycznych projektach<\/strong><\/p>\n<p data-start=\"2127\" data-end=\"2381\">W projektach zewn\u0119trznych, w kt\u00f3rych liczy si\u0119 ka\u017cdy pomiar, TS1224 zapewnia uzyskanie precyzyjnych danych na miar\u0119 potrzeb. Od plac\u00f3w budowy po monitorowanie \u015brodowiska, czujnik ten mo\u017ce obs\u0142ugiwa\u0107 operacje na du\u017c\u0105 skal\u0119 z wysok\u0105 dok\u0142adno\u015bci\u0105 na du\u017cych odleg\u0142o\u015bciach.<\/p>\n<p data-start=\"2383\" data-end=\"2421\"><strong data-start=\"2388\" data-end=\"2421\">Wszechstronno\u015b\u0107 w r\u00f3\u017cnych bran\u017cach<\/strong><\/p>\n<p data-start=\"2422\" data-end=\"2759\">Niezale\u017cnie od tego, czy zajmujesz si\u0119 pomiarami, geodezj\u0105, budownictwem czy rolnictwem, TS1224 <a href=\"https:\/\/www.globalsources.com\/chengdu-meskernel\/showroom_6002100157315.htm\" target=\"_blank\" rel=\"noopener\">czujnik<\/a> bezproblemowo dostosowuje si\u0119 do r\u00f3\u017cnych bran\u017c. Po\u0142\u0105czenie du\u017cego zasi\u0119gu, kompaktowych rozmiar\u00f3w i wysokiej dok\u0142adno\u015bci sprawia, \u017ce jest to niezb\u0119dne narz\u0119dzie do zada\u0144 pomiarowych na zewn\u0105trz, kt\u00f3re wymagaj\u0105 precyzji w r\u00f3\u017cnych warunkach.<\/p>\n<p data-start=\"2761\" data-end=\"2800\"><strong data-start=\"2766\" data-end=\"2800\">Szybka integracja i \u0142atwa konfiguracja<\/strong><\/p>\n<p data-start=\"2801\" data-end=\"3063\">Dzi\u0119ki przyjaznemu dla u\u017cytkownika interfejsowi i prostemu procesowi integracji, czujnik TS1224 zosta\u0142 zaprojektowany z my\u015bl\u0105 o \u0142atwym dopasowaniu do istniej\u0105cych system\u00f3w. Jest to idealne rozwi\u0105zanie dla in\u017cynier\u00f3w i kierownik\u00f3w projekt\u00f3w, kt\u00f3rzy potrzebuj\u0105 szybkiej konfiguracji bez skomplikowanej instalacji.<\/p>\n<p data-start=\"3924\" data-end=\"4509\">Czujnik odleg\u0142o\u015bci TS1224 to idealne rozwi\u0105zanie do pomiar\u00f3w na du\u017ce odleg\u0142o\u015bci z niezr\u00f3wnan\u0105 precyzj\u0105 w \u015brodowiskach zewn\u0119trznych. Jego zasi\u0119g 2000 metr\u00f3w, ultrakompaktowa konstrukcja i wytrzyma\u0142o\u015b\u0107 sprawiaj\u0105, \u017ce idealnie nadaje si\u0119 do wymagaj\u0105cych projekt\u00f3w zewn\u0119trznych, w kt\u00f3rych dok\u0142adno\u015b\u0107 i niezawodno\u015b\u0107 s\u0105 najwa\u017cniejsze. Niezale\u017cnie od tego, czy prowadzisz pomiary du\u017cych obszar\u00f3w, zarz\u0105dzasz projektami budowlanymi, czy prowadzisz monitoring \u015brodowiska, TS1224 zapewnia, \u017ce pomiary s\u0105 zawsze na miejscu, umo\u017cliwiaj\u0105c wydajn\u0105 i pewn\u0105 realizacj\u0119 projekt\u00f3w.<\/p>\n<p data-start=\"4511\" data-end=\"4611\">Aby uzyska\u0107 wi\u0119cej informacji lub zapyta\u0107 o integracj\u0119 TS1224 ze swoimi systemami, <a href=\"https:\/\/meskernel.net\/pl\/kontakt\/\">skontaktuj si\u0119 z nami ju\u017c dzi\u015b<\/a>!<\/p>","protected":false},"excerpt":{"rendered":"<p>Laserowy czujnik odleg\u0142o\u015bci TS1224 oferuje wyj\u0105tkow\u0105 precyzj\u0119 z zasi\u0119giem 2000 metr\u00f3w, dzi\u0119ki czemu idealnie nadaje si\u0119 do projekt\u00f3w zewn\u0119trznych, takich jak mapowanie, budownictwo i monitorowanie \u015brodowiska. Jego ultrakompaktowa konstrukcja, wysokowydajny odbi\u00f3r sygna\u0142u i wytrzyma\u0142a metalowa obudowa zapewniaj\u0105 niezawodne dzia\u0142anie w trudnych warunkach. \u0141atwy do zintegrowania z istniej\u0105cymi systemami, TS1224 jest idealny do pomiar\u00f3w na du\u017c\u0105 skal\u0119 o wysokiej dok\u0142adno\u015bci, zapewniaj\u0105c szybkie i dok\u0142adne dane dla r\u00f3\u017cnych bran\u017c.<\/p>","protected":false},"featured_media":3707,"template":"","meta":{"site-sidebar-layout":"default","site-content-layout":"","ast-site-content-layout":"default","site-content-style":"default","site-sidebar-style":"default","ast-global-header-display":"","ast-banner-title-visibility":"","ast-main-header-display":"","ast-hfb-above-header-display":"","ast-hfb-below-header-display":"","ast-hfb-mobile-header-display":"","site-post-title":"","ast-breadcrumbs-content":"","ast-featured-img":"","footer-sml-layout":"","ast-disable-related-posts":"","theme-transparent-header-meta":"default","adv-header-id-meta":"","stick-header-meta":"","header-above-stick-meta":"","header-main-stick-meta":"","header-below-stick-meta":"","astra-migrate-meta-layouts":"set","ast-page-background-enabled":"default","ast-page-background-meta":{"desktop":{"background-color":"var(--ast-global-color-4)","background-image":"","background-repeat":"repeat","background-position":"center center","background-size":"auto","background-attachment":"scroll","background-type":"","background-media":"","overlay-type":"","overlay-color":"","overlay-opacity":"","overlay-gradient":""},"tablet":{"background-color":"","background-image":"","background-repeat":"repeat","background-position":"center center","background-size":"auto","background-attachment":"scroll","background-type":"","background-media":"","overlay-type":"","overlay-color":"","overlay-opacity":"","overlay-gradient":""},"mobile":{"background-color":"","background-image":"","background-repeat":"repeat","background-position":"center center","background-size":"auto","background-attachment":"scroll","background-type":"","background-media":"","overlay-type":"","overlay-color":"","overlay-opacity":"","overlay-gradient":""}},"ast-content-background-meta":{"desktop":{"background-color":"var(--ast-global-color-5)","background-image":"","background-repeat":"repeat","background-position":"center center","background-size":"auto","background-attachment":"scroll","background-type":"","background-media":"","overlay-type":"","overlay-color":"","overlay-opacity":"","overlay-gradient":""},"tablet":{"background-color":"var(--ast-global-color-5)","background-image":"","background-repeat":"repeat","background-position":"center center","background-size":"auto","background-attachment":"scroll","background-type":"","background-media":"","overlay-type":"","overlay-color":"","overlay-opacity":"","overlay-gradient":""},"mobile":{"background-color":"var(--ast-global-color-5)","background-image":"","background-repeat":"repeat","background-position":"center center","background-size":"auto","background-attachment":"scroll","background-type":"","background-media":"","overlay-type":"","overlay-color":"","overlay-opacity":"","overlay-gradient":""}}},"product_brand":[60],"product_cat":[30],"product_tag":[],"class_list":{"0":"post-3132","1":"product","2":"type-product","3":"status-publish","4":"has-post-thumbnail","6":"product_brand-meskernel","7":"product_cat-pulse-ranging-sensor","8":"desktop-align-center","9":"tablet-align-left","10":"mobile-align-left","12":"first","13":"instock","14":"shipping-taxable","15":"product-type-simple"},"_links":{"self":[{"href":"https:\/\/meskernel.net\/pl\/wp-json\/wp\/v2\/product\/3132","targetHints":{"allow":["GET"]}}],"collection":[{"href":"https:\/\/meskernel.net\/pl\/wp-json\/wp\/v2\/product"}],"about":[{"href":"https:\/\/meskernel.net\/pl\/wp-json\/wp\/v2\/types\/product"}],"version-history":[{"count":0,"href":"https:\/\/meskernel.net\/pl\/wp-json\/wp\/v2\/product\/3132\/revisions"}],"wp:featuredmedia":[{"embeddable":true,"href":"https:\/\/meskernel.net\/pl\/wp-json\/wp\/v2\/media\/3707"}],"wp:attachment":[{"href":"https:\/\/meskernel.net\/pl\/wp-json\/wp\/v2\/media?parent=3132"}],"wp:term":[{"taxonomy":"product_brand","embeddable":true,"href":"https:\/\/meskernel.net\/pl\/wp-json\/wp\/v2\/product_brand?post=3132"},{"taxonomy":"product_cat","embeddable":true,"href":"https:\/\/meskernel.net\/pl\/wp-json\/wp\/v2\/product_cat?post=3132"},{"taxonomy":"product_tag","embeddable":true,"href":"https:\/\/meskernel.net\/pl\/wp-json\/wp\/v2\/product_tag?post=3132"}],"curies":[{"name":"wp","href":"https:\/\/api.w.org\/{rel}","templated":true}]}}